{"id":32859,"date":"2023-09-22T19:07:18","date_gmt":"2023-09-22T17:07:18","guid":{"rendered":"https:\/\/www.chocolate7.com\/shop\/uncategorized\/qantu-peru-bagua-goats-milk-reves-de-cachemire\/"},"modified":"2023-11-06T04:50:23","modified_gmt":"2023-11-06T03:50:23","slug":"qantu-peru-bagua-goats-milk-reves-de-cachemire","status":"publish","type":"product","link":"https:\/\/www.chocolate7.com\/en\/shop\/bar\/milk\/qantu-peru-bagua-goats-milk-reves-de-cachemire\/","title":{"rendered":"Qantu Peru Bagua goat&#8217;s milk &#8211; R\u00eaves de Cachemire"},"content":{"rendered":"<p style=\"text-align: left\">Goat&#8217;s milk bar &#8211; Made by Qantu<\/p>\n<p>Cette tablette met en vedette le c\u00f4t\u00e9 sophistiqu\u00e9 du lait de ch\u00e8vre. Tous ses ingr\u00e9dients prennent part \u00e0 un d\u00e9lectable ballet parfaitement \u00e9quilibr\u00e9; aucune des saveurs n\u2019empi\u00e8te sur l\u2019autre. Le lait de ch\u00e8vre canadien procure une \u00e9l\u00e9gance qui enveloppe magnifiquement les ar\u00f4mes du cacao, le tout dans une bouch\u00e9e \u00e0 peine sucr\u00e9e. Afin de vous caresser le palais, Elfi et Maxime ont concoct\u00e9 cette tablette \u00e0 partir de f\u00e8ves de cacao ancestrales de Bagua. Elle fera \u00e9videmment le bonheur des amateurs de lait et de fromage de ch\u00e8vre. On vous met au d\u00e9fi de ne pas la manger en entier d\u2019un seul coup\u2009!<\/p>\n<p>&nbsp;<\/p>\n<ul>\n<li>L\u2019\u0153il : brun clair soyeux.<\/li>\n<li>Le nez : caramel au lait de ch\u00e8vre d\u00e9licat, touche de prune.<\/li>\n<li>La bouche :Notes : l\u00e9g\u00e8rement fruit\u00e9 rappelant la poire, onctueux.Finale : floral.\n<p>Persistance : 15 minutes de bonheur apr\u00e8s chaque bouch\u00e9e.<\/li>\n<\/ul>\n","protected":false},"excerpt":{"rendered":"<p>Qantu, is a bean to bar chocolate maker from Canada. This fine chocolate bar is made with cocoa from Peru (Bagua). Qantu Peru Bagua goat&#8217;s milk &#8211; R\u00eaves de Cachemire 55% is a goat&#8217;s milk chocolate, with a sweet taste, with floral aromatic notes, pear, plum, goat&#8217;s cheese, caramel.<\/p>\n<p>&nbsp;<\/p>\n<p>&nbsp;<\/p>\n","protected":false},"featured_media":32790,"template":"","meta":[],"pwb-brand":[3456],"product_brand":[],"product_cat":[3251,3259],"product_tag":[],"giftcard-category":[],"class_list":{"0":"post-32859","1":"product","2":"type-product","3":"status-publish","4":"has-post-thumbnail","6":"pwb-brand-quantu","7":"product_cat-bar","8":"product_cat-milk","9":"pa_acidita-1-en","10":"pa_allergeni-contains-milk-may-contain-traces-of-nuts","11":"pa_amarezza-1-en","12":"pa_astringenza-1-en","13":"pa_cacao-50-59-en","14":"pa_carboidrati-284-g-en","15":"pa_carboidrati-zuccheri-208-g-en","16":"pa_codice-a-barre-627843812609-en","17":"pa_conservazione-conservare-in-luogo-fresco-e-asciutto-en","18":"pa_dolcezza-3-en","19":"pa_fibre-76-g-en","20":"pa_grassi-424-g-en","21":"pa_grassi-saturi-26-g-en","22":"pa_ingredienti-cocoa-beans-goats-milk-powder-cane-sugar-cocoa-butter","23":"pa_note-di-degustazione-floral-notes-pear-plum-goat-cheese-caramel","24":"pa_paese-delle-fave-di-cacao-peru-en","25":"pa_paese-produttore-canada-en","26":"pa_percentuale-di-cacao-55-en","27":"pa_proteine-116-g-en","28":"pa_regione-bagua-en","29":"pa_sale-736-mg-en","30":"pa_tipo-di-cioccolato-milk-chocolate","31":"pa_valore-energetico-572-kcal-en","33":"first","34":"instock","35":"taxable","36":"shipping-taxable","37":"purchasable","38":"product-type-simple"},"yoast_head":"<!-- This site is optimized with the Yoast SEO plugin v23.3 - https:\/\/yoast.com\/wordpress\/plugins\/seo\/ -->\n<title>Qantu Peru Bagua goat&#039;s milk - R\u00eaves de Cachemire - Chocolate7<\/title>\n<meta name=\"robots\" content=\"index, follow, max-snippet:-1, max-image-preview:large, max-video-preview:-1\" \/>\n<link rel=\"canonical\" href=\"https:\/\/www.chocolate7.com\/shop\/tavoletta\/latte\/qantu-peru-bagua-latte-di-capra-reves-de-cachemire\/\" \/>\n<meta property=\"og:locale\" content=\"en_US\" \/>\n<meta property=\"og:type\" content=\"article\" \/>\n<meta property=\"og:title\" content=\"Qantu Peru Bagua goat&#039;s milk - R\u00eaves de Cachemire - Chocolate7\" \/>\n<meta property=\"og:description\" content=\"Qantu, is a bean to bar chocolate maker from Canada. This fine chocolate bar is made with cocoa from Peru (Bagua). Qantu Peru Bagua goat&#039;s milk - R\u00eaves de Cachemire 55% is a goat&#039;s milk chocolate, with a sweet taste, with floral aromatic notes, pear, plum, goat&#039;s cheese, caramel.  &nbsp;  &nbsp;\" \/>\n<meta property=\"og:url\" content=\"https:\/\/www.chocolate7.com\/shop\/tavoletta\/latte\/qantu-peru-bagua-latte-di-capra-reves-de-cachemire\/\" \/>\n<meta property=\"og:site_name\" content=\"Chocolate7\" \/>\n<meta property=\"article:publisher\" content=\"https:\/\/www.facebook.com\/cremino.gianduia.1\" \/>\n<meta property=\"article:modified_time\" content=\"2023-11-06T03:50:23+00:00\" \/>\n<meta property=\"og:image\" content=\"https:\/\/www.chocolate7.com\/wp-content\/uploads\/2023\/09\/IMG_20230922_190232_519-scaled-e1695403452741.jpg\" \/>\n\t<meta property=\"og:image:width\" content=\"600\" \/>\n\t<meta property=\"og:image:height\" content=\"600\" \/>\n\t<meta property=\"og:image:type\" content=\"image\/jpeg\" \/>\n<meta name=\"twitter:card\" content=\"summary_large_image\" \/>\n<meta name=\"twitter:site\" content=\"@GianduiaCremino\" \/>\n<meta name=\"twitter:label1\" content=\"Est. reading time\" \/>\n\t<meta name=\"twitter:data1\" content=\"1 minute\" \/>\n<script type=\"application\/ld+json\" class=\"yoast-schema-graph\">{\"@context\":\"https:\/\/schema.org\",\"@graph\":[{\"@type\":\"WebPage\",\"@id\":\"https:\/\/www.chocolate7.com\/shop\/tavoletta\/latte\/qantu-peru-bagua-latte-di-capra-reves-de-cachemire\/\",\"url\":\"https:\/\/www.chocolate7.com\/shop\/tavoletta\/latte\/qantu-peru-bagua-latte-di-capra-reves-de-cachemire\/\",\"name\":\"Qantu Peru Bagua goat's milk - R\u00eaves de Cachemire - Chocolate7\",\"isPartOf\":{\"@id\":\"https:\/\/www.chocolate7.com\/#website\"},\"primaryImageOfPage\":{\"@id\":\"https:\/\/www.chocolate7.com\/shop\/tavoletta\/latte\/qantu-peru-bagua-latte-di-capra-reves-de-cachemire\/#primaryimage\"},\"image\":{\"@id\":\"https:\/\/www.chocolate7.com\/shop\/tavoletta\/latte\/qantu-peru-bagua-latte-di-capra-reves-de-cachemire\/#primaryimage\"},\"thumbnailUrl\":\"https:\/\/www.chocolate7.com\/wp-content\/uploads\/2023\/09\/IMG_20230922_190232_519-scaled-e1695403452741.jpg\",\"datePublished\":\"2023-09-22T17:07:18+00:00\",\"dateModified\":\"2023-11-06T03:50:23+00:00\",\"breadcrumb\":{\"@id\":\"https:\/\/www.chocolate7.com\/shop\/tavoletta\/latte\/qantu-peru-bagua-latte-di-capra-reves-de-cachemire\/#breadcrumb\"},\"inLanguage\":\"en-US\",\"potentialAction\":[{\"@type\":\"ReadAction\",\"target\":[\"https:\/\/www.chocolate7.com\/shop\/tavoletta\/latte\/qantu-peru-bagua-latte-di-capra-reves-de-cachemire\/\"]}]},{\"@type\":\"ImageObject\",\"inLanguage\":\"en-US\",\"@id\":\"https:\/\/www.chocolate7.com\/shop\/tavoletta\/latte\/qantu-peru-bagua-latte-di-capra-reves-de-cachemire\/#primaryimage\",\"url\":\"https:\/\/www.chocolate7.com\/wp-content\/uploads\/2023\/09\/IMG_20230922_190232_519-scaled-e1695403452741.jpg\",\"contentUrl\":\"https:\/\/www.chocolate7.com\/wp-content\/uploads\/2023\/09\/IMG_20230922_190232_519-scaled-e1695403452741.jpg\",\"width\":600,\"height\":600},{\"@type\":\"BreadcrumbList\",\"@id\":\"https:\/\/www.chocolate7.com\/shop\/tavoletta\/latte\/qantu-peru-bagua-latte-di-capra-reves-de-cachemire\/#breadcrumb\",\"itemListElement\":[{\"@type\":\"ListItem\",\"position\":1,\"name\":\"Home\",\"item\":\"https:\/\/www.chocolate7.com\/en\/\"},{\"@type\":\"ListItem\",\"position\":2,\"name\":\"Shop\",\"item\":\"https:\/\/www.chocolate7.com\/en\/store\/\"},{\"@type\":\"ListItem\",\"position\":3,\"name\":\"Qantu Peru Bagua goat&#8217;s milk &#8211; R\u00eaves de Cachemire\"}]},{\"@type\":\"WebSite\",\"@id\":\"https:\/\/www.chocolate7.com\/#website\",\"url\":\"https:\/\/www.chocolate7.com\/\",\"name\":\"Chocolate7\",\"description\":\"The fine &amp; luxury chocolate selection\",\"publisher\":{\"@id\":\"https:\/\/www.chocolate7.com\/#organization\"},\"potentialAction\":[{\"@type\":\"SearchAction\",\"target\":{\"@type\":\"EntryPoint\",\"urlTemplate\":\"https:\/\/www.chocolate7.com\/?s={search_term_string}\"},\"query-input\":\"required name=search_term_string\"}],\"inLanguage\":\"en-US\"},{\"@type\":\"Organization\",\"@id\":\"https:\/\/www.chocolate7.com\/#organization\",\"name\":\"Choc7 di Benedetto Giovanni\",\"url\":\"https:\/\/www.chocolate7.com\/\",\"logo\":{\"@type\":\"ImageObject\",\"inLanguage\":\"en-US\",\"@id\":\"https:\/\/www.chocolate7.com\/#\/schema\/logo\/image\/\",\"url\":\"https:\/\/www.chocolate7.com\/wp-content\/uploads\/2018\/10\/logo_chocolate.png\",\"contentUrl\":\"https:\/\/www.chocolate7.com\/wp-content\/uploads\/2018\/10\/logo_chocolate.png\",\"width\":200,\"height\":41,\"caption\":\"Choc7 di Benedetto Giovanni\"},\"image\":{\"@id\":\"https:\/\/www.chocolate7.com\/#\/schema\/logo\/image\/\"},\"sameAs\":[\"https:\/\/www.facebook.com\/cremino.gianduia.1\",\"https:\/\/x.com\/GianduiaCremino\",\"https:\/\/www.instagram.com\/creminogianduia\/\",\"https:\/\/www.pinterest.com.au\/creminogianduia\/\",\"https:\/\/www.youtube.com\/channel\/UCWFQlcc9EQnAsLkD8rBsgig\"]}]}<\/script>\n<!-- \/ Yoast SEO plugin. -->","yoast_head_json":{"title":"Qantu Peru Bagua goat's milk - R\u00eaves de Cachemire - Chocolate7","robots":{"index":"index","follow":"follow","max-snippet":"max-snippet:-1","max-image-preview":"max-image-preview:large","max-video-preview":"max-video-preview:-1"},"canonical":"https:\/\/www.chocolate7.com\/shop\/tavoletta\/latte\/qantu-peru-bagua-latte-di-capra-reves-de-cachemire\/","og_locale":"en_US","og_type":"article","og_title":"Qantu Peru Bagua goat's milk - R\u00eaves de Cachemire - Chocolate7","og_description":"Qantu, is a bean to bar chocolate maker from Canada. This fine chocolate bar is made with cocoa from Peru (Bagua). Qantu Peru Bagua goat's milk - R\u00eaves de Cachemire 55% is a goat's milk chocolate, with a sweet taste, with floral aromatic notes, pear, plum, goat's cheese, caramel.  &nbsp;  &nbsp;","og_url":"https:\/\/www.chocolate7.com\/shop\/tavoletta\/latte\/qantu-peru-bagua-latte-di-capra-reves-de-cachemire\/","og_site_name":"Chocolate7","article_publisher":"https:\/\/www.facebook.com\/cremino.gianduia.1","article_modified_time":"2023-11-06T03:50:23+00:00","og_image":[{"width":600,"height":600,"url":"https:\/\/www.chocolate7.com\/wp-content\/uploads\/2023\/09\/IMG_20230922_190232_519-scaled-e1695403452741.jpg","type":"image\/jpeg"}],"twitter_card":"summary_large_image","twitter_site":"@GianduiaCremino","twitter_misc":{"Est. reading time":"1 minute"},"schema":{"@context":"https:\/\/schema.org","@graph":[{"@type":"WebPage","@id":"https:\/\/www.chocolate7.com\/shop\/tavoletta\/latte\/qantu-peru-bagua-latte-di-capra-reves-de-cachemire\/","url":"https:\/\/www.chocolate7.com\/shop\/tavoletta\/latte\/qantu-peru-bagua-latte-di-capra-reves-de-cachemire\/","name":"Qantu Peru Bagua goat's milk - R\u00eaves de Cachemire - Chocolate7","isPartOf":{"@id":"https:\/\/www.chocolate7.com\/#website"},"primaryImageOfPage":{"@id":"https:\/\/www.chocolate7.com\/shop\/tavoletta\/latte\/qantu-peru-bagua-latte-di-capra-reves-de-cachemire\/#primaryimage"},"image":{"@id":"https:\/\/www.chocolate7.com\/shop\/tavoletta\/latte\/qantu-peru-bagua-latte-di-capra-reves-de-cachemire\/#primaryimage"},"thumbnailUrl":"https:\/\/www.chocolate7.com\/wp-content\/uploads\/2023\/09\/IMG_20230922_190232_519-scaled-e1695403452741.jpg","datePublished":"2023-09-22T17:07:18+00:00","dateModified":"2023-11-06T03:50:23+00:00","breadcrumb":{"@id":"https:\/\/www.chocolate7.com\/shop\/tavoletta\/latte\/qantu-peru-bagua-latte-di-capra-reves-de-cachemire\/#breadcrumb"},"inLanguage":"en-US","potentialAction":[{"@type":"ReadAction","target":["https:\/\/www.chocolate7.com\/shop\/tavoletta\/latte\/qantu-peru-bagua-latte-di-capra-reves-de-cachemire\/"]}]},{"@type":"ImageObject","inLanguage":"en-US","@id":"https:\/\/www.chocolate7.com\/shop\/tavoletta\/latte\/qantu-peru-bagua-latte-di-capra-reves-de-cachemire\/#primaryimage","url":"https:\/\/www.chocolate7.com\/wp-content\/uploads\/2023\/09\/IMG_20230922_190232_519-scaled-e1695403452741.jpg","contentUrl":"https:\/\/www.chocolate7.com\/wp-content\/uploads\/2023\/09\/IMG_20230922_190232_519-scaled-e1695403452741.jpg","width":600,"height":600},{"@type":"BreadcrumbList","@id":"https:\/\/www.chocolate7.com\/shop\/tavoletta\/latte\/qantu-peru-bagua-latte-di-capra-reves-de-cachemire\/#breadcrumb","itemListElement":[{"@type":"ListItem","position":1,"name":"Home","item":"https:\/\/www.chocolate7.com\/en\/"},{"@type":"ListItem","position":2,"name":"Shop","item":"https:\/\/www.chocolate7.com\/en\/store\/"},{"@type":"ListItem","position":3,"name":"Qantu Peru Bagua goat&#8217;s milk &#8211; R\u00eaves de Cachemire"}]},{"@type":"WebSite","@id":"https:\/\/www.chocolate7.com\/#website","url":"https:\/\/www.chocolate7.com\/","name":"Chocolate7","description":"The fine &amp; luxury chocolate selection","publisher":{"@id":"https:\/\/www.chocolate7.com\/#organization"},"potentialAction":[{"@type":"SearchAction","target":{"@type":"EntryPoint","urlTemplate":"https:\/\/www.chocolate7.com\/?s={search_term_string}"},"query-input":"required name=search_term_string"}],"inLanguage":"en-US"},{"@type":"Organization","@id":"https:\/\/www.chocolate7.com\/#organization","name":"Choc7 di Benedetto Giovanni","url":"https:\/\/www.chocolate7.com\/","logo":{"@type":"ImageObject","inLanguage":"en-US","@id":"https:\/\/www.chocolate7.com\/#\/schema\/logo\/image\/","url":"https:\/\/www.chocolate7.com\/wp-content\/uploads\/2018\/10\/logo_chocolate.png","contentUrl":"https:\/\/www.chocolate7.com\/wp-content\/uploads\/2018\/10\/logo_chocolate.png","width":200,"height":41,"caption":"Choc7 di Benedetto Giovanni"},"image":{"@id":"https:\/\/www.chocolate7.com\/#\/schema\/logo\/image\/"},"sameAs":["https:\/\/www.facebook.com\/cremino.gianduia.1","https:\/\/x.com\/GianduiaCremino","https:\/\/www.instagram.com\/creminogianduia\/","https:\/\/www.pinterest.com.au\/creminogianduia\/","https:\/\/www.youtube.com\/channel\/UCWFQlcc9EQnAsLkD8rBsgig"]}]}},"brands":[{"id":3456,"name":"Quantu","slug":"quantu"}],"_links":{"self":[{"href":"https:\/\/www.chocolate7.com\/en\/wp-json\/wp\/v2\/product\/32859","targetHints":{"allow":["GET"]}}],"collection":[{"href":"https:\/\/www.chocolate7.com\/en\/wp-json\/wp\/v2\/product"}],"about":[{"href":"https:\/\/www.chocolate7.com\/en\/wp-json\/wp\/v2\/types\/product"}],"wp:featuredmedia":[{"embeddable":true,"href":"https:\/\/www.chocolate7.com\/en\/wp-json\/wp\/v2\/media\/32790"}],"wp:attachment":[{"href":"https:\/\/www.chocolate7.com\/en\/wp-json\/wp\/v2\/media?parent=32859"}],"wp:term":[{"taxonomy":"pwb-brand","embeddable":true,"href":"https:\/\/www.chocolate7.com\/en\/wp-json\/wp\/v2\/pwb-brand?post=32859"},{"taxonomy":"product_brand","embeddable":true,"href":"https:\/\/www.chocolate7.com\/en\/wp-json\/wp\/v2\/product_brand?post=32859"},{"taxonomy":"product_cat","embeddable":true,"href":"https:\/\/www.chocolate7.com\/en\/wp-json\/wp\/v2\/product_cat?post=32859"},{"taxonomy":"product_tag","embeddable":true,"href":"https:\/\/www.chocolate7.com\/en\/wp-json\/wp\/v2\/product_tag?post=32859"},{"taxonomy":"giftcard-category","embeddable":true,"href":"https:\/\/www.chocolate7.com\/en\/wp-json\/wp\/v2\/giftcard-category?post=32859"}],"curies":[{"name":"wp","href":"https:\/\/api.w.org\/{rel}","templated":true}]}}