{"id":32917,"date":"2023-11-16T15:48:40","date_gmt":"2023-11-16T14:48:41","guid":{"rendered":"https:\/\/www.chocolate7.com\/?post_type=product&#038;p=32917"},"modified":"2023-11-24T19:52:32","modified_gmt":"2023-11-24T18:52:32","slug":"encuentro-dominican-republic-18-rochers-intenses","status":"publish","type":"product","link":"https:\/\/www.chocolate7.com\/en\/shop\/bar\/dark-chocolate-milk-chocolate-en\/encuentro-dominican-republic-18-rochers-intenses\/","title":{"rendered":"Encuentro Dominican Republic 18 rochers intenses"},"content":{"rendered":"<p style=\"text-align: left\">Dark Chocolate Rochers &#8211; Made by Encuentro<\/p>\n<p>Simplicit\u00e9, intensit\u00e9, go\u00fbt singulier.<\/p>\n<p>Nos rochers gourmands et g\u00e9n\u00e9reux sont r\u00e9alis\u00e9s avec 3 ingr\u00e9dients (noisettes du Pi\u00e9mont bio, f\u00e8ves de cacao bio et uniquement 15% de sucre de canne bio !) et une\u00a0pointe de sel.\u00a0Produits en toute petite s\u00e9rie, ils sont un concentr\u00e9 de\u00a0noisettes et de cacao !<\/p>\n<p>Les rochers sont souvent\u00a0associ\u00e9s \u00e0 une recette\u00a0&#8220;pralin\u00e9e&#8221;.\u00a0Si c&#8217;est tr\u00e8s courant en chocolaterie ce n&#8217;est pour autant pas la r\u00e8gle !<\/p>\n<p><strong>Nos rochers ne sont donc pas des pralin\u00e9s. Ils sont r\u00e9alis\u00e9s avec une autre approche, moins sucr\u00e9es, plus intense !<\/strong><\/p>\n<p>Une plumier contient 18<strong>\u00a0rochers<\/strong>. Chaque rocher p\u00e8se environ 17g. Ils sont donc g\u00e9n\u00e9reux.<\/p>\n<p>Poids net : 300g<\/p>\n<p>&nbsp;<\/p>\n","protected":false},"excerpt":{"rendered":"<p>Encuentro is a bean to bar chocolate maker from France. These fine chocolate rochers are made with cocoa from Dominican Republic (\u00d6ko Caribe), with a balanced taste with aromatic notes of honey, red fruits, plums, hazelnuts and biscuits. This box contains 6 rochers covered in dark chocolate and filled with hazelnut &amp; cocoa. Encuentro&#8217;s rochers intenses are made with only 4 ingredients (organic Piedmont hazelnuts, organic cocoa beans from\u00a0 Dominican Republic and only 15% organic cane sugar from Brazil!) and a pinch of salt. Produced in limited series, they are a concentrate of hazelnuts and cocoa; Encuentro&#8217;s rochers are not very sweet and very intense!<\/p>\n<p>&nbsp;<\/p>\n","protected":false},"featured_media":32919,"template":"","meta":[],"pwb-brand":[5613],"product_brand":[],"product_cat":[3256,3215,3240,6322],"product_tag":[],"giftcard-category":[],"class_list":{"0":"post-32917","1":"product","2":"type-product","3":"status-publish","4":"has-post-thumbnail","6":"pwb-brand-encuentro-en-2","7":"product_cat-dark-chocolate-milk-chocolate-en","8":"product_cat-gift-box","9":"product_cat-pralines-chocolates-bonbons-cremini-truffles","10":"product_cat-valentines-day","11":"pa_acidita-2-en","12":"pa_allergeni-contains-hazelnuts-may-contain-nuts-and-sesame","13":"pa_amarezza-1-en","14":"pa_astringenza-1-en","15":"pa_cacao-70-79-en","16":"pa_certificazioni-organic","17":"pa_conservazione-store-in-a-cool-and-dry-place-between-16-c-and-18-c","18":"pa_dolcezza-3-en","19":"pa_ingredienti-piedmont-hazelnuts-igp-50-cocoa-beans-from-the-dominican-republic-cane-sugar-15-salt","20":"pa_note-di-degustazione-honey-red-fruits-plum-hazelnut-biscuits","21":"pa_paese-delle-fave-di-cacao-dominican-republic","22":"pa_paese-produttore-france","23":"pa_percentuale-di-cacao-70-en","24":"pa_regione-oko-caribe-en-2","25":"pa_tipo-di-cioccolato-pralines-chocolates-bonbons-cremini-truffles","27":"first","28":"outofstock","29":"featured","30":"taxable","31":"shipping-taxable","32":"purchasable","33":"product-type-simple"},"yoast_head":"<!-- This site is optimized with the Yoast SEO plugin v23.3 - https:\/\/yoast.com\/wordpress\/plugins\/seo\/ -->\n<title>Encuentro Dominican Republic 18 rochers intenses - Chocolate7<\/title>\n<meta name=\"robots\" content=\"index, follow, max-snippet:-1, max-image-preview:large, max-video-preview:-1\" \/>\n<link rel=\"canonical\" href=\"https:\/\/www.chocolate7.com\/shop\/tavoletta\/fondente-inclusioni-ripieno-aromatizzato\/encuentro-repubblica-dominicana-18-rochers-intenses\/\" \/>\n<meta property=\"og:locale\" content=\"en_US\" \/>\n<meta property=\"og:type\" content=\"article\" \/>\n<meta property=\"og:title\" content=\"Encuentro Dominican Republic 18 rochers intenses - Chocolate7\" \/>\n<meta property=\"og:description\" content=\"Encuentro is a bean to bar chocolate maker from France. These fine chocolate rochers are made with cocoa from Dominican Republic (\u00d6ko Caribe), with a balanced taste with aromatic notes of honey, red fruits, plums, hazelnuts and biscuits. This box contains 6 rochers covered in dark chocolate and filled with hazelnut &amp; cocoa. Encuentro&#039;s rochers intenses are made with only 4 ingredients (organic Piedmont hazelnuts, organic cocoa beans from\u00a0 Dominican Republic and only 15% organic cane sugar from Brazil!) and a pinch of salt. Produced in limited series, they are a concentrate of hazelnuts and cocoa; Encuentro&#039;s rochers are not very sweet and very intense!  &nbsp;\" \/>\n<meta property=\"og:url\" content=\"https:\/\/www.chocolate7.com\/shop\/tavoletta\/fondente-inclusioni-ripieno-aromatizzato\/encuentro-repubblica-dominicana-18-rochers-intenses\/\" \/>\n<meta property=\"og:site_name\" content=\"Chocolate7\" \/>\n<meta property=\"article:publisher\" content=\"https:\/\/www.facebook.com\/cremino.gianduia.1\" \/>\n<meta property=\"article:modified_time\" content=\"2023-11-24T18:52:32+00:00\" \/>\n<meta property=\"og:image\" content=\"https:\/\/www.chocolate7.com\/wp-content\/uploads\/2023\/11\/IMG_20231116_154336_963-e1700146407223.jpg\" \/>\n\t<meta property=\"og:image:width\" content=\"600\" \/>\n\t<meta property=\"og:image:height\" content=\"600\" \/>\n\t<meta property=\"og:image:type\" content=\"image\/jpeg\" \/>\n<meta name=\"twitter:card\" content=\"summary_large_image\" \/>\n<meta name=\"twitter:site\" content=\"@GianduiaCremino\" \/>\n<meta name=\"twitter:label1\" content=\"Est. reading time\" \/>\n\t<meta name=\"twitter:data1\" content=\"1 minute\" \/>\n<script type=\"application\/ld+json\" class=\"yoast-schema-graph\">{\"@context\":\"https:\/\/schema.org\",\"@graph\":[{\"@type\":\"WebPage\",\"@id\":\"https:\/\/www.chocolate7.com\/shop\/tavoletta\/fondente-inclusioni-ripieno-aromatizzato\/encuentro-repubblica-dominicana-18-rochers-intenses\/\",\"url\":\"https:\/\/www.chocolate7.com\/shop\/tavoletta\/fondente-inclusioni-ripieno-aromatizzato\/encuentro-repubblica-dominicana-18-rochers-intenses\/\",\"name\":\"Encuentro Dominican Republic 18 rochers intenses - Chocolate7\",\"isPartOf\":{\"@id\":\"https:\/\/www.chocolate7.com\/#website\"},\"primaryImageOfPage\":{\"@id\":\"https:\/\/www.chocolate7.com\/shop\/tavoletta\/fondente-inclusioni-ripieno-aromatizzato\/encuentro-repubblica-dominicana-18-rochers-intenses\/#primaryimage\"},\"image\":{\"@id\":\"https:\/\/www.chocolate7.com\/shop\/tavoletta\/fondente-inclusioni-ripieno-aromatizzato\/encuentro-repubblica-dominicana-18-rochers-intenses\/#primaryimage\"},\"thumbnailUrl\":\"https:\/\/www.chocolate7.com\/wp-content\/uploads\/2023\/11\/IMG_20231116_154336_963-e1700146407223.jpg\",\"datePublished\":\"2023-11-16T14:48:41+00:00\",\"dateModified\":\"2023-11-24T18:52:32+00:00\",\"breadcrumb\":{\"@id\":\"https:\/\/www.chocolate7.com\/shop\/tavoletta\/fondente-inclusioni-ripieno-aromatizzato\/encuentro-repubblica-dominicana-18-rochers-intenses\/#breadcrumb\"},\"inLanguage\":\"en-US\",\"potentialAction\":[{\"@type\":\"ReadAction\",\"target\":[\"https:\/\/www.chocolate7.com\/shop\/tavoletta\/fondente-inclusioni-ripieno-aromatizzato\/encuentro-repubblica-dominicana-18-rochers-intenses\/\"]}]},{\"@type\":\"ImageObject\",\"inLanguage\":\"en-US\",\"@id\":\"https:\/\/www.chocolate7.com\/shop\/tavoletta\/fondente-inclusioni-ripieno-aromatizzato\/encuentro-repubblica-dominicana-18-rochers-intenses\/#primaryimage\",\"url\":\"https:\/\/www.chocolate7.com\/wp-content\/uploads\/2023\/11\/IMG_20231116_154336_963-e1700146407223.jpg\",\"contentUrl\":\"https:\/\/www.chocolate7.com\/wp-content\/uploads\/2023\/11\/IMG_20231116_154336_963-e1700146407223.jpg\",\"width\":600,\"height\":600},{\"@type\":\"BreadcrumbList\",\"@id\":\"https:\/\/www.chocolate7.com\/shop\/tavoletta\/fondente-inclusioni-ripieno-aromatizzato\/encuentro-repubblica-dominicana-18-rochers-intenses\/#breadcrumb\",\"itemListElement\":[{\"@type\":\"ListItem\",\"position\":1,\"name\":\"Home\",\"item\":\"https:\/\/www.chocolate7.com\/en\/\"},{\"@type\":\"ListItem\",\"position\":2,\"name\":\"Shop\",\"item\":\"https:\/\/www.chocolate7.com\/en\/store\/\"},{\"@type\":\"ListItem\",\"position\":3,\"name\":\"Encuentro Dominican Republic 18 rochers intenses\"}]},{\"@type\":\"WebSite\",\"@id\":\"https:\/\/www.chocolate7.com\/#website\",\"url\":\"https:\/\/www.chocolate7.com\/\",\"name\":\"Chocolate7\",\"description\":\"The fine &amp; luxury chocolate selection\",\"publisher\":{\"@id\":\"https:\/\/www.chocolate7.com\/#organization\"},\"potentialAction\":[{\"@type\":\"SearchAction\",\"target\":{\"@type\":\"EntryPoint\",\"urlTemplate\":\"https:\/\/www.chocolate7.com\/?s={search_term_string}\"},\"query-input\":\"required name=search_term_string\"}],\"inLanguage\":\"en-US\"},{\"@type\":\"Organization\",\"@id\":\"https:\/\/www.chocolate7.com\/#organization\",\"name\":\"Choc7 di Benedetto Giovanni\",\"url\":\"https:\/\/www.chocolate7.com\/\",\"logo\":{\"@type\":\"ImageObject\",\"inLanguage\":\"en-US\",\"@id\":\"https:\/\/www.chocolate7.com\/#\/schema\/logo\/image\/\",\"url\":\"https:\/\/www.chocolate7.com\/wp-content\/uploads\/2018\/10\/logo_chocolate.png\",\"contentUrl\":\"https:\/\/www.chocolate7.com\/wp-content\/uploads\/2018\/10\/logo_chocolate.png\",\"width\":200,\"height\":41,\"caption\":\"Choc7 di Benedetto Giovanni\"},\"image\":{\"@id\":\"https:\/\/www.chocolate7.com\/#\/schema\/logo\/image\/\"},\"sameAs\":[\"https:\/\/www.facebook.com\/cremino.gianduia.1\",\"https:\/\/x.com\/GianduiaCremino\",\"https:\/\/www.instagram.com\/creminogianduia\/\",\"https:\/\/www.pinterest.com.au\/creminogianduia\/\",\"https:\/\/www.youtube.com\/channel\/UCWFQlcc9EQnAsLkD8rBsgig\"]}]}<\/script>\n<!-- \/ Yoast SEO plugin. -->","yoast_head_json":{"title":"Encuentro Dominican Republic 18 rochers intenses - Chocolate7","robots":{"index":"index","follow":"follow","max-snippet":"max-snippet:-1","max-image-preview":"max-image-preview:large","max-video-preview":"max-video-preview:-1"},"canonical":"https:\/\/www.chocolate7.com\/shop\/tavoletta\/fondente-inclusioni-ripieno-aromatizzato\/encuentro-repubblica-dominicana-18-rochers-intenses\/","og_locale":"en_US","og_type":"article","og_title":"Encuentro Dominican Republic 18 rochers intenses - Chocolate7","og_description":"Encuentro is a bean to bar chocolate maker from France. These fine chocolate rochers are made with cocoa from Dominican Republic (\u00d6ko Caribe), with a balanced taste with aromatic notes of honey, red fruits, plums, hazelnuts and biscuits. This box contains 6 rochers covered in dark chocolate and filled with hazelnut &amp; cocoa. Encuentro's rochers intenses are made with only 4 ingredients (organic Piedmont hazelnuts, organic cocoa beans from\u00a0 Dominican Republic and only 15% organic cane sugar from Brazil!) and a pinch of salt. Produced in limited series, they are a concentrate of hazelnuts and cocoa; Encuentro's rochers are not very sweet and very intense!  &nbsp;","og_url":"https:\/\/www.chocolate7.com\/shop\/tavoletta\/fondente-inclusioni-ripieno-aromatizzato\/encuentro-repubblica-dominicana-18-rochers-intenses\/","og_site_name":"Chocolate7","article_publisher":"https:\/\/www.facebook.com\/cremino.gianduia.1","article_modified_time":"2023-11-24T18:52:32+00:00","og_image":[{"width":600,"height":600,"url":"https:\/\/www.chocolate7.com\/wp-content\/uploads\/2023\/11\/IMG_20231116_154336_963-e1700146407223.jpg","type":"image\/jpeg"}],"twitter_card":"summary_large_image","twitter_site":"@GianduiaCremino","twitter_misc":{"Est. reading time":"1 minute"},"schema":{"@context":"https:\/\/schema.org","@graph":[{"@type":"WebPage","@id":"https:\/\/www.chocolate7.com\/shop\/tavoletta\/fondente-inclusioni-ripieno-aromatizzato\/encuentro-repubblica-dominicana-18-rochers-intenses\/","url":"https:\/\/www.chocolate7.com\/shop\/tavoletta\/fondente-inclusioni-ripieno-aromatizzato\/encuentro-repubblica-dominicana-18-rochers-intenses\/","name":"Encuentro Dominican Republic 18 rochers intenses - Chocolate7","isPartOf":{"@id":"https:\/\/www.chocolate7.com\/#website"},"primaryImageOfPage":{"@id":"https:\/\/www.chocolate7.com\/shop\/tavoletta\/fondente-inclusioni-ripieno-aromatizzato\/encuentro-repubblica-dominicana-18-rochers-intenses\/#primaryimage"},"image":{"@id":"https:\/\/www.chocolate7.com\/shop\/tavoletta\/fondente-inclusioni-ripieno-aromatizzato\/encuentro-repubblica-dominicana-18-rochers-intenses\/#primaryimage"},"thumbnailUrl":"https:\/\/www.chocolate7.com\/wp-content\/uploads\/2023\/11\/IMG_20231116_154336_963-e1700146407223.jpg","datePublished":"2023-11-16T14:48:41+00:00","dateModified":"2023-11-24T18:52:32+00:00","breadcrumb":{"@id":"https:\/\/www.chocolate7.com\/shop\/tavoletta\/fondente-inclusioni-ripieno-aromatizzato\/encuentro-repubblica-dominicana-18-rochers-intenses\/#breadcrumb"},"inLanguage":"en-US","potentialAction":[{"@type":"ReadAction","target":["https:\/\/www.chocolate7.com\/shop\/tavoletta\/fondente-inclusioni-ripieno-aromatizzato\/encuentro-repubblica-dominicana-18-rochers-intenses\/"]}]},{"@type":"ImageObject","inLanguage":"en-US","@id":"https:\/\/www.chocolate7.com\/shop\/tavoletta\/fondente-inclusioni-ripieno-aromatizzato\/encuentro-repubblica-dominicana-18-rochers-intenses\/#primaryimage","url":"https:\/\/www.chocolate7.com\/wp-content\/uploads\/2023\/11\/IMG_20231116_154336_963-e1700146407223.jpg","contentUrl":"https:\/\/www.chocolate7.com\/wp-content\/uploads\/2023\/11\/IMG_20231116_154336_963-e1700146407223.jpg","width":600,"height":600},{"@type":"BreadcrumbList","@id":"https:\/\/www.chocolate7.com\/shop\/tavoletta\/fondente-inclusioni-ripieno-aromatizzato\/encuentro-repubblica-dominicana-18-rochers-intenses\/#breadcrumb","itemListElement":[{"@type":"ListItem","position":1,"name":"Home","item":"https:\/\/www.chocolate7.com\/en\/"},{"@type":"ListItem","position":2,"name":"Shop","item":"https:\/\/www.chocolate7.com\/en\/store\/"},{"@type":"ListItem","position":3,"name":"Encuentro Dominican Republic 18 rochers intenses"}]},{"@type":"WebSite","@id":"https:\/\/www.chocolate7.com\/#website","url":"https:\/\/www.chocolate7.com\/","name":"Chocolate7","description":"The fine &amp; luxury chocolate selection","publisher":{"@id":"https:\/\/www.chocolate7.com\/#organization"},"potentialAction":[{"@type":"SearchAction","target":{"@type":"EntryPoint","urlTemplate":"https:\/\/www.chocolate7.com\/?s={search_term_string}"},"query-input":"required name=search_term_string"}],"inLanguage":"en-US"},{"@type":"Organization","@id":"https:\/\/www.chocolate7.com\/#organization","name":"Choc7 di Benedetto Giovanni","url":"https:\/\/www.chocolate7.com\/","logo":{"@type":"ImageObject","inLanguage":"en-US","@id":"https:\/\/www.chocolate7.com\/#\/schema\/logo\/image\/","url":"https:\/\/www.chocolate7.com\/wp-content\/uploads\/2018\/10\/logo_chocolate.png","contentUrl":"https:\/\/www.chocolate7.com\/wp-content\/uploads\/2018\/10\/logo_chocolate.png","width":200,"height":41,"caption":"Choc7 di Benedetto Giovanni"},"image":{"@id":"https:\/\/www.chocolate7.com\/#\/schema\/logo\/image\/"},"sameAs":["https:\/\/www.facebook.com\/cremino.gianduia.1","https:\/\/x.com\/GianduiaCremino","https:\/\/www.instagram.com\/creminogianduia\/","https:\/\/www.pinterest.com.au\/creminogianduia\/","https:\/\/www.youtube.com\/channel\/UCWFQlcc9EQnAsLkD8rBsgig"]}]}},"brands":[{"id":5613,"name":"Encuentro","slug":"encuentro-en-2"}],"_links":{"self":[{"href":"https:\/\/www.chocolate7.com\/en\/wp-json\/wp\/v2\/product\/32917","targetHints":{"allow":["GET"]}}],"collection":[{"href":"https:\/\/www.chocolate7.com\/en\/wp-json\/wp\/v2\/product"}],"about":[{"href":"https:\/\/www.chocolate7.com\/en\/wp-json\/wp\/v2\/types\/product"}],"wp:featuredmedia":[{"embeddable":true,"href":"https:\/\/www.chocolate7.com\/en\/wp-json\/wp\/v2\/media\/32919"}],"wp:attachment":[{"href":"https:\/\/www.chocolate7.com\/en\/wp-json\/wp\/v2\/media?parent=32917"}],"wp:term":[{"taxonomy":"pwb-brand","embeddable":true,"href":"https:\/\/www.chocolate7.com\/en\/wp-json\/wp\/v2\/pwb-brand?post=32917"},{"taxonomy":"product_brand","embeddable":true,"href":"https:\/\/www.chocolate7.com\/en\/wp-json\/wp\/v2\/product_brand?post=32917"},{"taxonomy":"product_cat","embeddable":true,"href":"https:\/\/www.chocolate7.com\/en\/wp-json\/wp\/v2\/product_cat?post=32917"},{"taxonomy":"product_tag","embeddable":true,"href":"https:\/\/www.chocolate7.com\/en\/wp-json\/wp\/v2\/product_tag?post=32917"},{"taxonomy":"giftcard-category","embeddable":true,"href":"https:\/\/www.chocolate7.com\/en\/wp-json\/wp\/v2\/giftcard-category?post=32917"}],"curies":[{"name":"wp","href":"https:\/\/api.w.org\/{rel}","templated":true}]}}