{"id":32921,"date":"2023-11-16T16:09:23","date_gmt":"2023-11-16T15:09:23","guid":{"rendered":"https:\/\/www.chocolate7.com\/?post_type=product&#038;p=32921"},"modified":"2023-11-25T19:46:06","modified_gmt":"2023-11-25T18:46:06","slug":"encuentro-haiti-pisa-drinking-chocolate","status":"publish","type":"product","link":"https:\/\/www.chocolate7.com\/en\/shop\/drinking-chocolate\/encuentro-haiti-pisa-drinking-chocolate\/","title":{"rendered":"Encuentro Haiti PISA drinking chocolate"},"content":{"rendered":"<p style=\"text-align: left\">Drinking dark chocolate &#8211; Made by Encuentro<\/p>\n<p>Cette poudre, r\u00e9alis\u00e9e \u00e0 partir du m\u00eame chocolat que nos tablettes, vous permettra de d\u00e9guster un chocolat chaud d\u00e9licat pourvu d&#8217;une grande richesse ar\u00f4matique.<\/p>\n<p>Elle est r\u00e9alis\u00e9e \u00e0 partir de notre chocolat 70% R\u00e9publique Dominicaine ou 70 Ha\u00efti ou 70% Guatemala (en fonction de la production) ce qui lui conf\u00e8re rondeur et onctuosit\u00e9.\u00a0\u00a0Cette poudre a donc les m\u00eames qualit\u00e9s organoleptiques et la m\u00eame constitution que nos tablettes 70%.<\/p>\n<p><a href=\"https:\/\/www.chocolatencuentro.com\/blogs\/on-vous-guide\/poudre-de-cacao-poudre-de-chocolat-quelles-differences\">Pour en savoir plus\u00a0sur la diff\u00e9rence entre la poudre de chocolat et la poudre de cacao, vous pouvez lire notre article\u00a0ici.<\/a><\/p>\n<h3>Utilisation<\/h3>\n<p>Pour r\u00e9aliser un bon chocolat chaud, placez\u00a0 3 \u00e0 4\u00a0cuill\u00e8res \u00e0 caf\u00e9 de poudre (20g \u00e0 25g)\u00a0selon\u00a0votre go\u00fbt dans un lait \u00e0 90\u00b0 et remuer vigoureusement afin de bien faire fondre tout le chocolat.<\/p>\n<h3>Remarque<\/h3>\n<p>Il ne s&#8217;agit pas de &#8220;cacao en poudre&#8221; mais bien de &#8220;poudre de chocolat&#8221;, notre chocolat artisanal broy\u00e9 et r\u00e9duit en poudre. La classique poudre de cacao que vous connaissez est en effet\u00a0un produit obtenu gr\u00e2ce \u00e0 d&#8217;\u00e9normes presses qui, en pressant le chocolat et en le chauffant, s\u00e9pare le beurre de cacao de la poudre de cacao. Ces presses\u00a0ne sont\u00a0pas des machines artisanales !<\/p>\n","protected":false},"excerpt":{"rendered":"<p>Encuentro is a bean to bar chocolate maker from France. This elegant collector&#8217;s treasure chest contains the finest dark chocolate produced with cocoa from Haiti (PISA). Encuentro Haiti PISA drinking chocolate 70% is a dark chocolate with a balanced flavour, with floral, citrus and caramel aromatic notes, ideal for preparing a wonderful hot chocolate.<\/p>\n","protected":false},"featured_media":25206,"template":"","meta":[],"pwb-brand":[5613],"product_brand":[],"product_cat":[3211,3215,6089],"product_tag":[],"giftcard-category":[],"class_list":{"0":"post-32921","1":"product","2":"type-product","3":"status-publish","4":"has-post-thumbnail","6":"pwb-brand-encuentro-en-2","7":"product_cat-drinking-chocolate","8":"product_cat-gift-box","9":"product_cat-christmas","10":"pa_cacao-70-79-en","11":"pa_carboidrati-348-g-en","12":"pa_carboidrati-zuccheri-303-g-en","13":"pa_certificazioni-organic-certificate-from-fr-bio-10-extra-eu-agriculture","14":"pa_codice-a-barre-3770009530101-en","15":"pa_conservazione-store-in-a-cool-and-dry-place-between-16-c-and-18-c","16":"pa_fibre-134-g-en","17":"pa_grassi-371-g-en","18":"pa_grassi-saturi-235-g-en","19":"pa_ingredienti-organic-cocoa-beans-70-organic-cane-sugar","20":"pa_paese-delle-fave-di-cacao-haiti-en","21":"pa_paese-produttore-france","22":"pa_percentuale-di-cacao-70-en","23":"pa_proteine-83-g-en","24":"pa_regione-pisa-en","25":"pa_sale-0-g-en","26":"pa_tipo-di-cioccolato-drinking-chocolate","27":"pa_tipo-di-cioccolato-fondente-en","28":"pa_valore-energetico-2236-kj-532-en","30":"first","31":"outofstock","32":"featured","33":"taxable","34":"shipping-taxable","35":"purchasable","36":"product-type-simple"},"yoast_head":"<!-- This site is optimized with the Yoast SEO plugin v23.3 - https:\/\/yoast.com\/wordpress\/plugins\/seo\/ -->\n<title>Encuentro Haiti PISA drinking chocolate - Chocolate7<\/title>\n<meta name=\"robots\" content=\"index, follow, max-snippet:-1, max-image-preview:large, max-video-preview:-1\" \/>\n<link rel=\"canonical\" href=\"https:\/\/www.chocolate7.com\/en\/shop\/drinking-chocolate\/encuentro-haiti-pisa-drinking-chocolate\/\" \/>\n<meta property=\"og:locale\" content=\"en_US\" \/>\n<meta property=\"og:type\" content=\"article\" \/>\n<meta property=\"og:title\" content=\"Encuentro Haiti PISA drinking chocolate - Chocolate7\" \/>\n<meta property=\"og:description\" content=\"Encuentro is a bean to bar chocolate maker from France. This elegant collector&#039;s treasure chest contains the finest dark chocolate produced with cocoa from Haiti (PISA). Encuentro Haiti PISA drinking chocolate 70% is a dark chocolate with a balanced flavour, with floral, citrus and caramel aromatic notes, ideal for preparing a wonderful hot chocolate.\" \/>\n<meta property=\"og:url\" content=\"https:\/\/www.chocolate7.com\/en\/shop\/drinking-chocolate\/encuentro-haiti-pisa-drinking-chocolate\/\" \/>\n<meta property=\"og:site_name\" content=\"Chocolate7\" \/>\n<meta property=\"article:publisher\" content=\"https:\/\/www.facebook.com\/cremino.gianduia.1\" \/>\n<meta property=\"article:modified_time\" content=\"2023-11-25T18:46:06+00:00\" \/>\n<meta property=\"og:image\" content=\"https:\/\/www.chocolate7.com\/wp-content\/uploads\/2021\/12\/IMG_20211215_195358_850-e1639595234630.jpg\" \/>\n\t<meta property=\"og:image:width\" content=\"600\" \/>\n\t<meta property=\"og:image:height\" content=\"600\" \/>\n\t<meta property=\"og:image:type\" content=\"image\/jpeg\" \/>\n<meta name=\"twitter:card\" content=\"summary_large_image\" \/>\n<meta name=\"twitter:site\" content=\"@GianduiaCremino\" \/>\n<meta name=\"twitter:label1\" content=\"Est. reading time\" \/>\n\t<meta name=\"twitter:data1\" content=\"1 minute\" \/>\n<script type=\"application\/ld+json\" class=\"yoast-schema-graph\">{\"@context\":\"https:\/\/schema.org\",\"@graph\":[{\"@type\":\"WebPage\",\"@id\":\"https:\/\/www.chocolate7.com\/en\/shop\/drinking-chocolate\/encuentro-haiti-pisa-drinking-chocolate\/\",\"url\":\"https:\/\/www.chocolate7.com\/en\/shop\/drinking-chocolate\/encuentro-haiti-pisa-drinking-chocolate\/\",\"name\":\"Encuentro Haiti PISA drinking chocolate - Chocolate7\",\"isPartOf\":{\"@id\":\"https:\/\/www.chocolate7.com\/#website\"},\"primaryImageOfPage\":{\"@id\":\"https:\/\/www.chocolate7.com\/en\/shop\/drinking-chocolate\/encuentro-haiti-pisa-drinking-chocolate\/#primaryimage\"},\"image\":{\"@id\":\"https:\/\/www.chocolate7.com\/en\/shop\/drinking-chocolate\/encuentro-haiti-pisa-drinking-chocolate\/#primaryimage\"},\"thumbnailUrl\":\"https:\/\/www.chocolate7.com\/wp-content\/uploads\/2021\/12\/IMG_20211215_195358_850-e1639595234630.jpg\",\"datePublished\":\"2023-11-16T15:09:23+00:00\",\"dateModified\":\"2023-11-25T18:46:06+00:00\",\"breadcrumb\":{\"@id\":\"https:\/\/www.chocolate7.com\/en\/shop\/drinking-chocolate\/encuentro-haiti-pisa-drinking-chocolate\/#breadcrumb\"},\"inLanguage\":\"en-US\",\"potentialAction\":[{\"@type\":\"ReadAction\",\"target\":[\"https:\/\/www.chocolate7.com\/en\/shop\/drinking-chocolate\/encuentro-haiti-pisa-drinking-chocolate\/\"]}]},{\"@type\":\"ImageObject\",\"inLanguage\":\"en-US\",\"@id\":\"https:\/\/www.chocolate7.com\/en\/shop\/drinking-chocolate\/encuentro-haiti-pisa-drinking-chocolate\/#primaryimage\",\"url\":\"https:\/\/www.chocolate7.com\/wp-content\/uploads\/2021\/12\/IMG_20211215_195358_850-e1639595234630.jpg\",\"contentUrl\":\"https:\/\/www.chocolate7.com\/wp-content\/uploads\/2021\/12\/IMG_20211215_195358_850-e1639595234630.jpg\",\"width\":600,\"height\":600},{\"@type\":\"BreadcrumbList\",\"@id\":\"https:\/\/www.chocolate7.com\/en\/shop\/drinking-chocolate\/encuentro-haiti-pisa-drinking-chocolate\/#breadcrumb\",\"itemListElement\":[{\"@type\":\"ListItem\",\"position\":1,\"name\":\"Home\",\"item\":\"https:\/\/www.chocolate7.com\/en\/\"},{\"@type\":\"ListItem\",\"position\":2,\"name\":\"Shop\",\"item\":\"https:\/\/www.chocolate7.com\/en\/store\/\"},{\"@type\":\"ListItem\",\"position\":3,\"name\":\"Encuentro Haiti PISA drinking chocolate\"}]},{\"@type\":\"WebSite\",\"@id\":\"https:\/\/www.chocolate7.com\/#website\",\"url\":\"https:\/\/www.chocolate7.com\/\",\"name\":\"Chocolate7\",\"description\":\"The fine &amp; luxury chocolate selection\",\"publisher\":{\"@id\":\"https:\/\/www.chocolate7.com\/#organization\"},\"potentialAction\":[{\"@type\":\"SearchAction\",\"target\":{\"@type\":\"EntryPoint\",\"urlTemplate\":\"https:\/\/www.chocolate7.com\/?s={search_term_string}\"},\"query-input\":\"required name=search_term_string\"}],\"inLanguage\":\"en-US\"},{\"@type\":\"Organization\",\"@id\":\"https:\/\/www.chocolate7.com\/#organization\",\"name\":\"Choc7 di Benedetto Giovanni\",\"url\":\"https:\/\/www.chocolate7.com\/\",\"logo\":{\"@type\":\"ImageObject\",\"inLanguage\":\"en-US\",\"@id\":\"https:\/\/www.chocolate7.com\/#\/schema\/logo\/image\/\",\"url\":\"https:\/\/www.chocolate7.com\/wp-content\/uploads\/2018\/10\/logo_chocolate.png\",\"contentUrl\":\"https:\/\/www.chocolate7.com\/wp-content\/uploads\/2018\/10\/logo_chocolate.png\",\"width\":200,\"height\":41,\"caption\":\"Choc7 di Benedetto Giovanni\"},\"image\":{\"@id\":\"https:\/\/www.chocolate7.com\/#\/schema\/logo\/image\/\"},\"sameAs\":[\"https:\/\/www.facebook.com\/cremino.gianduia.1\",\"https:\/\/x.com\/GianduiaCremino\",\"https:\/\/www.instagram.com\/creminogianduia\/\",\"https:\/\/www.pinterest.com.au\/creminogianduia\/\",\"https:\/\/www.youtube.com\/channel\/UCWFQlcc9EQnAsLkD8rBsgig\"]}]}<\/script>\n<!-- \/ Yoast SEO plugin. -->","yoast_head_json":{"title":"Encuentro Haiti PISA drinking chocolate - Chocolate7","robots":{"index":"index","follow":"follow","max-snippet":"max-snippet:-1","max-image-preview":"max-image-preview:large","max-video-preview":"max-video-preview:-1"},"canonical":"https:\/\/www.chocolate7.com\/en\/shop\/drinking-chocolate\/encuentro-haiti-pisa-drinking-chocolate\/","og_locale":"en_US","og_type":"article","og_title":"Encuentro Haiti PISA drinking chocolate - Chocolate7","og_description":"Encuentro is a bean to bar chocolate maker from France. This elegant collector's treasure chest contains the finest dark chocolate produced with cocoa from Haiti (PISA). Encuentro Haiti PISA drinking chocolate 70% is a dark chocolate with a balanced flavour, with floral, citrus and caramel aromatic notes, ideal for preparing a wonderful hot chocolate.","og_url":"https:\/\/www.chocolate7.com\/en\/shop\/drinking-chocolate\/encuentro-haiti-pisa-drinking-chocolate\/","og_site_name":"Chocolate7","article_publisher":"https:\/\/www.facebook.com\/cremino.gianduia.1","article_modified_time":"2023-11-25T18:46:06+00:00","og_image":[{"width":600,"height":600,"url":"https:\/\/www.chocolate7.com\/wp-content\/uploads\/2021\/12\/IMG_20211215_195358_850-e1639595234630.jpg","type":"image\/jpeg"}],"twitter_card":"summary_large_image","twitter_site":"@GianduiaCremino","twitter_misc":{"Est. reading time":"1 minute"},"schema":{"@context":"https:\/\/schema.org","@graph":[{"@type":"WebPage","@id":"https:\/\/www.chocolate7.com\/en\/shop\/drinking-chocolate\/encuentro-haiti-pisa-drinking-chocolate\/","url":"https:\/\/www.chocolate7.com\/en\/shop\/drinking-chocolate\/encuentro-haiti-pisa-drinking-chocolate\/","name":"Encuentro Haiti PISA drinking chocolate - Chocolate7","isPartOf":{"@id":"https:\/\/www.chocolate7.com\/#website"},"primaryImageOfPage":{"@id":"https:\/\/www.chocolate7.com\/en\/shop\/drinking-chocolate\/encuentro-haiti-pisa-drinking-chocolate\/#primaryimage"},"image":{"@id":"https:\/\/www.chocolate7.com\/en\/shop\/drinking-chocolate\/encuentro-haiti-pisa-drinking-chocolate\/#primaryimage"},"thumbnailUrl":"https:\/\/www.chocolate7.com\/wp-content\/uploads\/2021\/12\/IMG_20211215_195358_850-e1639595234630.jpg","datePublished":"2023-11-16T15:09:23+00:00","dateModified":"2023-11-25T18:46:06+00:00","breadcrumb":{"@id":"https:\/\/www.chocolate7.com\/en\/shop\/drinking-chocolate\/encuentro-haiti-pisa-drinking-chocolate\/#breadcrumb"},"inLanguage":"en-US","potentialAction":[{"@type":"ReadAction","target":["https:\/\/www.chocolate7.com\/en\/shop\/drinking-chocolate\/encuentro-haiti-pisa-drinking-chocolate\/"]}]},{"@type":"ImageObject","inLanguage":"en-US","@id":"https:\/\/www.chocolate7.com\/en\/shop\/drinking-chocolate\/encuentro-haiti-pisa-drinking-chocolate\/#primaryimage","url":"https:\/\/www.chocolate7.com\/wp-content\/uploads\/2021\/12\/IMG_20211215_195358_850-e1639595234630.jpg","contentUrl":"https:\/\/www.chocolate7.com\/wp-content\/uploads\/2021\/12\/IMG_20211215_195358_850-e1639595234630.jpg","width":600,"height":600},{"@type":"BreadcrumbList","@id":"https:\/\/www.chocolate7.com\/en\/shop\/drinking-chocolate\/encuentro-haiti-pisa-drinking-chocolate\/#breadcrumb","itemListElement":[{"@type":"ListItem","position":1,"name":"Home","item":"https:\/\/www.chocolate7.com\/en\/"},{"@type":"ListItem","position":2,"name":"Shop","item":"https:\/\/www.chocolate7.com\/en\/store\/"},{"@type":"ListItem","position":3,"name":"Encuentro Haiti PISA drinking chocolate"}]},{"@type":"WebSite","@id":"https:\/\/www.chocolate7.com\/#website","url":"https:\/\/www.chocolate7.com\/","name":"Chocolate7","description":"The fine &amp; luxury chocolate selection","publisher":{"@id":"https:\/\/www.chocolate7.com\/#organization"},"potentialAction":[{"@type":"SearchAction","target":{"@type":"EntryPoint","urlTemplate":"https:\/\/www.chocolate7.com\/?s={search_term_string}"},"query-input":"required name=search_term_string"}],"inLanguage":"en-US"},{"@type":"Organization","@id":"https:\/\/www.chocolate7.com\/#organization","name":"Choc7 di Benedetto Giovanni","url":"https:\/\/www.chocolate7.com\/","logo":{"@type":"ImageObject","inLanguage":"en-US","@id":"https:\/\/www.chocolate7.com\/#\/schema\/logo\/image\/","url":"https:\/\/www.chocolate7.com\/wp-content\/uploads\/2018\/10\/logo_chocolate.png","contentUrl":"https:\/\/www.chocolate7.com\/wp-content\/uploads\/2018\/10\/logo_chocolate.png","width":200,"height":41,"caption":"Choc7 di Benedetto Giovanni"},"image":{"@id":"https:\/\/www.chocolate7.com\/#\/schema\/logo\/image\/"},"sameAs":["https:\/\/www.facebook.com\/cremino.gianduia.1","https:\/\/x.com\/GianduiaCremino","https:\/\/www.instagram.com\/creminogianduia\/","https:\/\/www.pinterest.com.au\/creminogianduia\/","https:\/\/www.youtube.com\/channel\/UCWFQlcc9EQnAsLkD8rBsgig"]}]}},"brands":[{"id":5613,"name":"Encuentro","slug":"encuentro-en-2"}],"_links":{"self":[{"href":"https:\/\/www.chocolate7.com\/en\/wp-json\/wp\/v2\/product\/32921","targetHints":{"allow":["GET"]}}],"collection":[{"href":"https:\/\/www.chocolate7.com\/en\/wp-json\/wp\/v2\/product"}],"about":[{"href":"https:\/\/www.chocolate7.com\/en\/wp-json\/wp\/v2\/types\/product"}],"wp:featuredmedia":[{"embeddable":true,"href":"https:\/\/www.chocolate7.com\/en\/wp-json\/wp\/v2\/media\/25206"}],"wp:attachment":[{"href":"https:\/\/www.chocolate7.com\/en\/wp-json\/wp\/v2\/media?parent=32921"}],"wp:term":[{"taxonomy":"pwb-brand","embeddable":true,"href":"https:\/\/www.chocolate7.com\/en\/wp-json\/wp\/v2\/pwb-brand?post=32921"},{"taxonomy":"product_brand","embeddable":true,"href":"https:\/\/www.chocolate7.com\/en\/wp-json\/wp\/v2\/product_brand?post=32921"},{"taxonomy":"product_cat","embeddable":true,"href":"https:\/\/www.chocolate7.com\/en\/wp-json\/wp\/v2\/product_cat?post=32921"},{"taxonomy":"product_tag","embeddable":true,"href":"https:\/\/www.chocolate7.com\/en\/wp-json\/wp\/v2\/product_tag?post=32921"},{"taxonomy":"giftcard-category","embeddable":true,"href":"https:\/\/www.chocolate7.com\/en\/wp-json\/wp\/v2\/giftcard-category?post=32921"}],"curies":[{"name":"wp","href":"https:\/\/api.w.org\/{rel}","templated":true}]}}