{"id":32982,"date":"2023-12-11T17:25:45","date_gmt":"2023-12-11T16:25:45","guid":{"rendered":"https:\/\/www.chocolate7.com\/?post_type=product&#038;p=32982"},"modified":"2026-04-12T22:49:51","modified_gmt":"2026-04-12T20:49:51","slug":"casa-cacao-milk-chocolate-with-black-chai-tea","status":"publish","type":"product","link":"https:\/\/www.chocolate7.com\/en\/shop\/bar\/flavoured-filled-inclusions-milk-chocolate-en\/casa-cacao-milk-chocolate-with-black-chai-tea\/","title":{"rendered":"Casa cacao milk chocolate with Black Chai tea"},"content":{"rendered":"<p style=\"text-align: left\">Milk chocolate bar with inclusions \/ filled \/ flavored &#8211; Made by Casa Cacao &#8211; EL CELLER DE CAN ROCA<\/p>\n<p>Chocolate con leche 50% con T\u00e9\u00a0negro Chai.<\/p>\n<p>Nuestra exquisita tableta de chocolate con leche, con un\u00a0intenso 50% de cacao, fusionando el dulce sabor l\u00e1ctico con irresistibles notas caramelizadas. Descubre la armon\u00eda de sabores con un toque intenso a cacao. D\u00e9jate llevar por la magia de nuestro exclusivo mix de t\u00e9 Chai, artesanalmente elaborado en nuestro obrador. Con una base de t\u00e9 negro de la India y una cautivadora mezcla de especias que incluye jengibre, clavo, pimienta de Jamaica, canela, cardamomo y an\u00eds estrellado. Cada bocado de nuestro chocolate os transportar\u00e1 a la calidez de recuerdos asociados a una taza de t\u00e9 Chai.<\/p>\n<p>En el obrador de Casa Cacao, seleccionamos el cacao a mano, lo tostamos muy delicadamente, lo descascarillamos, a\u00f1adimos az\u00facar, manteca de cacao de origen org\u00e1nico y\u00a0t\u00e9 verde con jazm\u00edn y, despu\u00e9s, lo conchamos un m\u00ednimo de 48 h.<\/p>\n<p>&nbsp;<\/p>\n<p>Xocolata 50% amb llet amb Te negre Chai.<\/p>\n<p>La nostra exquisida rajola de xocolata amb llet, amb un\u00a0intens 50% de cacau, fusionant el dol\u00e7 sabor l\u00e0ctic amb irresistibles notes caramel\u00b7litzades. Descobriu l&#8217;harmonia de sabors amb un toc intens a cacau. Deixa&#8217;t portar per la m\u00e0gia del nostre exclusiu mix de te Chai, artesanalment elaborat al nostre obrador. Amb una base de te negre de l&#8217;\u00cdndia i una captivadora barreja d&#8217;esp\u00e8cies que inclou gingebre, clau, pebre de Jamaica, canyella, cardamom i an\u00eds estrellat. Cada mossegada de la nostra xocolata us transportar\u00e0 a la calidesa de records associats a una tassa de te Chai.<\/p>\n<p>A l&#8217;obrador de Casa Cacao, seleccionem el cacau a m\u00e0, el torrem molt delicadament, l&#8217;espellofem, hi afegim sucre, mantega de cacau d&#8217;origen org\u00e0nic i te verd amb gessam\u00ed i, despr\u00e9s, el conxem un m\u00ednim de 48h.<\/p>\n","protected":false},"excerpt":{"rendered":"<p>Casa Cacao is a bean to bar chocolate maker from Spain. Casa Cacao Milk Chocolate with Black Tea Chai 50% is a pleasantly sweet milk chocolate, with aromatic notes of caramel, black tea, ginger, cloves, allspice, cinnamon, cardamom and star anise.<\/p>\n<p>&nbsp;<\/p>\n","protected":false},"featured_media":32984,"template":"","meta":[],"pwb-brand":[6760],"product_brand":[],"product_cat":[3251,3261],"product_tag":[],"giftcard-category":[],"class_list":{"0":"post-32982","1":"product","2":"type-product","3":"status-publish","4":"has-post-thumbnail","6":"pwb-brand-casa-cacao-el-celler-de-can-roca-en","7":"product_cat-bar","8":"product_cat-flavoured-filled-inclusions-milk-chocolate-en","9":"pa_acidita-1-en","10":"pa_allergeni-contains-milk-and-may-contain-traces-of-nuts","11":"pa_amarezza-0-en","12":"pa_astringenza-1-en","13":"pa_cacao-50-59-en","14":"pa_carboidrati-3768-g-en","15":"pa_carboidrati-zuccheri-3544-g-en","16":"pa_dolcezza-4-en","17":"pa_fibre-705-g-en","18":"pa_grassi-3744-g-en","19":"pa_grassi-saturi-2248-g-en","20":"pa_ingredienti-chai-black-tea-ground-ginger-ground-ginger-ground-cloves-hibiscus-pepper-ground-cinnamon-ground-cardamom-star-anise-powder","21":"pa_ingredienti-cocoa-beans-cane-sugar-skimmed-milk-powder-cocoa-butter","22":"pa_note-di-degustazione-caramel-black-tea-ginger-cloves-allspice-cinnamon-cardamom-and-star-anise","23":"pa_paese-produttore-spain","24":"pa_percentuale-di-cacao-50-en","25":"pa_proteine-1095-g-en","26":"pa_sale-022-g-en","27":"pa_tipo-di-cioccolato-flavoured-filled-inclusions-milk-chocolate-en","28":"pa_valore-energetico-228259-kj-54555-kcal-en","30":"first","31":"instock","32":"taxable","33":"shipping-taxable","34":"purchasable","35":"product-type-simple"},"yoast_head":"<!-- This site is optimized with the Yoast SEO plugin v23.3 - https:\/\/yoast.com\/wordpress\/plugins\/seo\/ -->\n<title>Casa cacao milk chocolate with Black Chai tea - Chocolate7<\/title>\n<meta name=\"robots\" content=\"index, follow, max-snippet:-1, max-image-preview:large, max-video-preview:-1\" \/>\n<link rel=\"canonical\" href=\"https:\/\/www.chocolate7.com\/shop\/tavoletta\/latte-inclusioni-ripieno-aromatizzato\/casa-cacao-cioccolato-al-latte-con-te-nero-chai\/\" \/>\n<meta property=\"og:locale\" content=\"en_US\" \/>\n<meta property=\"og:type\" content=\"article\" \/>\n<meta property=\"og:title\" content=\"Casa cacao milk chocolate with Black Chai tea - Chocolate7\" \/>\n<meta property=\"og:description\" content=\"Casa Cacao is a bean to bar chocolate maker from Spain. Casa Cacao Milk Chocolate with Black Tea Chai 50% is a pleasantly sweet milk chocolate, with aromatic notes of caramel, black tea, ginger, cloves, allspice, cinnamon, cardamom and star anise.  &nbsp;\" \/>\n<meta property=\"og:url\" content=\"https:\/\/www.chocolate7.com\/shop\/tavoletta\/latte-inclusioni-ripieno-aromatizzato\/casa-cacao-cioccolato-al-latte-con-te-nero-chai\/\" \/>\n<meta property=\"og:site_name\" content=\"Chocolate7\" \/>\n<meta property=\"article:publisher\" content=\"https:\/\/www.facebook.com\/cremino.gianduia.1\" \/>\n<meta property=\"article:modified_time\" content=\"2026-04-12T20:49:51+00:00\" \/>\n<meta property=\"og:image\" content=\"https:\/\/www.chocolate7.com\/wp-content\/uploads\/2023\/12\/IMG_20231211_171549_338-scaled-e1702313618325.jpg\" \/>\n\t<meta property=\"og:image:width\" content=\"600\" \/>\n\t<meta property=\"og:image:height\" content=\"600\" \/>\n\t<meta property=\"og:image:type\" content=\"image\/jpeg\" \/>\n<meta name=\"twitter:card\" content=\"summary_large_image\" \/>\n<meta name=\"twitter:site\" content=\"@GianduiaCremino\" \/>\n<meta name=\"twitter:label1\" content=\"Est. reading time\" \/>\n\t<meta name=\"twitter:data1\" content=\"2 minutes\" \/>\n<script type=\"application\/ld+json\" class=\"yoast-schema-graph\">{\"@context\":\"https:\/\/schema.org\",\"@graph\":[{\"@type\":\"WebPage\",\"@id\":\"https:\/\/www.chocolate7.com\/shop\/tavoletta\/latte-inclusioni-ripieno-aromatizzato\/casa-cacao-cioccolato-al-latte-con-te-nero-chai\/\",\"url\":\"https:\/\/www.chocolate7.com\/shop\/tavoletta\/latte-inclusioni-ripieno-aromatizzato\/casa-cacao-cioccolato-al-latte-con-te-nero-chai\/\",\"name\":\"Casa cacao milk chocolate with Black Chai tea - Chocolate7\",\"isPartOf\":{\"@id\":\"https:\/\/www.chocolate7.com\/#website\"},\"primaryImageOfPage\":{\"@id\":\"https:\/\/www.chocolate7.com\/shop\/tavoletta\/latte-inclusioni-ripieno-aromatizzato\/casa-cacao-cioccolato-al-latte-con-te-nero-chai\/#primaryimage\"},\"image\":{\"@id\":\"https:\/\/www.chocolate7.com\/shop\/tavoletta\/latte-inclusioni-ripieno-aromatizzato\/casa-cacao-cioccolato-al-latte-con-te-nero-chai\/#primaryimage\"},\"thumbnailUrl\":\"https:\/\/www.chocolate7.com\/wp-content\/uploads\/2023\/12\/IMG_20231211_171549_338-scaled-e1702313618325.jpg\",\"datePublished\":\"2023-12-11T16:25:45+00:00\",\"dateModified\":\"2026-04-12T20:49:51+00:00\",\"breadcrumb\":{\"@id\":\"https:\/\/www.chocolate7.com\/shop\/tavoletta\/latte-inclusioni-ripieno-aromatizzato\/casa-cacao-cioccolato-al-latte-con-te-nero-chai\/#breadcrumb\"},\"inLanguage\":\"en-US\",\"potentialAction\":[{\"@type\":\"ReadAction\",\"target\":[\"https:\/\/www.chocolate7.com\/shop\/tavoletta\/latte-inclusioni-ripieno-aromatizzato\/casa-cacao-cioccolato-al-latte-con-te-nero-chai\/\"]}]},{\"@type\":\"ImageObject\",\"inLanguage\":\"en-US\",\"@id\":\"https:\/\/www.chocolate7.com\/shop\/tavoletta\/latte-inclusioni-ripieno-aromatizzato\/casa-cacao-cioccolato-al-latte-con-te-nero-chai\/#primaryimage\",\"url\":\"https:\/\/www.chocolate7.com\/wp-content\/uploads\/2023\/12\/IMG_20231211_171549_338-scaled-e1702313618325.jpg\",\"contentUrl\":\"https:\/\/www.chocolate7.com\/wp-content\/uploads\/2023\/12\/IMG_20231211_171549_338-scaled-e1702313618325.jpg\",\"width\":600,\"height\":600},{\"@type\":\"BreadcrumbList\",\"@id\":\"https:\/\/www.chocolate7.com\/shop\/tavoletta\/latte-inclusioni-ripieno-aromatizzato\/casa-cacao-cioccolato-al-latte-con-te-nero-chai\/#breadcrumb\",\"itemListElement\":[{\"@type\":\"ListItem\",\"position\":1,\"name\":\"Home\",\"item\":\"https:\/\/www.chocolate7.com\/en\/\"},{\"@type\":\"ListItem\",\"position\":2,\"name\":\"Shop\",\"item\":\"https:\/\/www.chocolate7.com\/en\/store\/\"},{\"@type\":\"ListItem\",\"position\":3,\"name\":\"Casa cacao milk chocolate with Black Chai tea\"}]},{\"@type\":\"WebSite\",\"@id\":\"https:\/\/www.chocolate7.com\/#website\",\"url\":\"https:\/\/www.chocolate7.com\/\",\"name\":\"Chocolate7\",\"description\":\"The fine &amp; luxury chocolate selection\",\"publisher\":{\"@id\":\"https:\/\/www.chocolate7.com\/#organization\"},\"potentialAction\":[{\"@type\":\"SearchAction\",\"target\":{\"@type\":\"EntryPoint\",\"urlTemplate\":\"https:\/\/www.chocolate7.com\/?s={search_term_string}\"},\"query-input\":\"required name=search_term_string\"}],\"inLanguage\":\"en-US\"},{\"@type\":\"Organization\",\"@id\":\"https:\/\/www.chocolate7.com\/#organization\",\"name\":\"Choc7 di Benedetto Giovanni\",\"url\":\"https:\/\/www.chocolate7.com\/\",\"logo\":{\"@type\":\"ImageObject\",\"inLanguage\":\"en-US\",\"@id\":\"https:\/\/www.chocolate7.com\/#\/schema\/logo\/image\/\",\"url\":\"https:\/\/www.chocolate7.com\/wp-content\/uploads\/2018\/10\/logo_chocolate.png\",\"contentUrl\":\"https:\/\/www.chocolate7.com\/wp-content\/uploads\/2018\/10\/logo_chocolate.png\",\"width\":200,\"height\":41,\"caption\":\"Choc7 di Benedetto Giovanni\"},\"image\":{\"@id\":\"https:\/\/www.chocolate7.com\/#\/schema\/logo\/image\/\"},\"sameAs\":[\"https:\/\/www.facebook.com\/cremino.gianduia.1\",\"https:\/\/x.com\/GianduiaCremino\",\"https:\/\/www.instagram.com\/creminogianduia\/\",\"https:\/\/www.pinterest.com.au\/creminogianduia\/\",\"https:\/\/www.youtube.com\/channel\/UCWFQlcc9EQnAsLkD8rBsgig\"]}]}<\/script>\n<!-- \/ Yoast SEO plugin. -->","yoast_head_json":{"title":"Casa cacao milk chocolate with Black Chai tea - Chocolate7","robots":{"index":"index","follow":"follow","max-snippet":"max-snippet:-1","max-image-preview":"max-image-preview:large","max-video-preview":"max-video-preview:-1"},"canonical":"https:\/\/www.chocolate7.com\/shop\/tavoletta\/latte-inclusioni-ripieno-aromatizzato\/casa-cacao-cioccolato-al-latte-con-te-nero-chai\/","og_locale":"en_US","og_type":"article","og_title":"Casa cacao milk chocolate with Black Chai tea - Chocolate7","og_description":"Casa Cacao is a bean to bar chocolate maker from Spain. Casa Cacao Milk Chocolate with Black Tea Chai 50% is a pleasantly sweet milk chocolate, with aromatic notes of caramel, black tea, ginger, cloves, allspice, cinnamon, cardamom and star anise.  &nbsp;","og_url":"https:\/\/www.chocolate7.com\/shop\/tavoletta\/latte-inclusioni-ripieno-aromatizzato\/casa-cacao-cioccolato-al-latte-con-te-nero-chai\/","og_site_name":"Chocolate7","article_publisher":"https:\/\/www.facebook.com\/cremino.gianduia.1","article_modified_time":"2026-04-12T20:49:51+00:00","og_image":[{"width":600,"height":600,"url":"https:\/\/www.chocolate7.com\/wp-content\/uploads\/2023\/12\/IMG_20231211_171549_338-scaled-e1702313618325.jpg","type":"image\/jpeg"}],"twitter_card":"summary_large_image","twitter_site":"@GianduiaCremino","twitter_misc":{"Est. reading time":"2 minutes"},"schema":{"@context":"https:\/\/schema.org","@graph":[{"@type":"WebPage","@id":"https:\/\/www.chocolate7.com\/shop\/tavoletta\/latte-inclusioni-ripieno-aromatizzato\/casa-cacao-cioccolato-al-latte-con-te-nero-chai\/","url":"https:\/\/www.chocolate7.com\/shop\/tavoletta\/latte-inclusioni-ripieno-aromatizzato\/casa-cacao-cioccolato-al-latte-con-te-nero-chai\/","name":"Casa cacao milk chocolate with Black Chai tea - Chocolate7","isPartOf":{"@id":"https:\/\/www.chocolate7.com\/#website"},"primaryImageOfPage":{"@id":"https:\/\/www.chocolate7.com\/shop\/tavoletta\/latte-inclusioni-ripieno-aromatizzato\/casa-cacao-cioccolato-al-latte-con-te-nero-chai\/#primaryimage"},"image":{"@id":"https:\/\/www.chocolate7.com\/shop\/tavoletta\/latte-inclusioni-ripieno-aromatizzato\/casa-cacao-cioccolato-al-latte-con-te-nero-chai\/#primaryimage"},"thumbnailUrl":"https:\/\/www.chocolate7.com\/wp-content\/uploads\/2023\/12\/IMG_20231211_171549_338-scaled-e1702313618325.jpg","datePublished":"2023-12-11T16:25:45+00:00","dateModified":"2026-04-12T20:49:51+00:00","breadcrumb":{"@id":"https:\/\/www.chocolate7.com\/shop\/tavoletta\/latte-inclusioni-ripieno-aromatizzato\/casa-cacao-cioccolato-al-latte-con-te-nero-chai\/#breadcrumb"},"inLanguage":"en-US","potentialAction":[{"@type":"ReadAction","target":["https:\/\/www.chocolate7.com\/shop\/tavoletta\/latte-inclusioni-ripieno-aromatizzato\/casa-cacao-cioccolato-al-latte-con-te-nero-chai\/"]}]},{"@type":"ImageObject","inLanguage":"en-US","@id":"https:\/\/www.chocolate7.com\/shop\/tavoletta\/latte-inclusioni-ripieno-aromatizzato\/casa-cacao-cioccolato-al-latte-con-te-nero-chai\/#primaryimage","url":"https:\/\/www.chocolate7.com\/wp-content\/uploads\/2023\/12\/IMG_20231211_171549_338-scaled-e1702313618325.jpg","contentUrl":"https:\/\/www.chocolate7.com\/wp-content\/uploads\/2023\/12\/IMG_20231211_171549_338-scaled-e1702313618325.jpg","width":600,"height":600},{"@type":"BreadcrumbList","@id":"https:\/\/www.chocolate7.com\/shop\/tavoletta\/latte-inclusioni-ripieno-aromatizzato\/casa-cacao-cioccolato-al-latte-con-te-nero-chai\/#breadcrumb","itemListElement":[{"@type":"ListItem","position":1,"name":"Home","item":"https:\/\/www.chocolate7.com\/en\/"},{"@type":"ListItem","position":2,"name":"Shop","item":"https:\/\/www.chocolate7.com\/en\/store\/"},{"@type":"ListItem","position":3,"name":"Casa cacao milk chocolate with Black Chai tea"}]},{"@type":"WebSite","@id":"https:\/\/www.chocolate7.com\/#website","url":"https:\/\/www.chocolate7.com\/","name":"Chocolate7","description":"The fine &amp; luxury chocolate selection","publisher":{"@id":"https:\/\/www.chocolate7.com\/#organization"},"potentialAction":[{"@type":"SearchAction","target":{"@type":"EntryPoint","urlTemplate":"https:\/\/www.chocolate7.com\/?s={search_term_string}"},"query-input":"required name=search_term_string"}],"inLanguage":"en-US"},{"@type":"Organization","@id":"https:\/\/www.chocolate7.com\/#organization","name":"Choc7 di Benedetto Giovanni","url":"https:\/\/www.chocolate7.com\/","logo":{"@type":"ImageObject","inLanguage":"en-US","@id":"https:\/\/www.chocolate7.com\/#\/schema\/logo\/image\/","url":"https:\/\/www.chocolate7.com\/wp-content\/uploads\/2018\/10\/logo_chocolate.png","contentUrl":"https:\/\/www.chocolate7.com\/wp-content\/uploads\/2018\/10\/logo_chocolate.png","width":200,"height":41,"caption":"Choc7 di Benedetto Giovanni"},"image":{"@id":"https:\/\/www.chocolate7.com\/#\/schema\/logo\/image\/"},"sameAs":["https:\/\/www.facebook.com\/cremino.gianduia.1","https:\/\/x.com\/GianduiaCremino","https:\/\/www.instagram.com\/creminogianduia\/","https:\/\/www.pinterest.com.au\/creminogianduia\/","https:\/\/www.youtube.com\/channel\/UCWFQlcc9EQnAsLkD8rBsgig"]}]}},"brands":[{"id":6760,"name":"Casa Cacao - EL CELLER DE CAN ROCA","slug":"casa-cacao-el-celler-de-can-roca-en"}],"_links":{"self":[{"href":"https:\/\/www.chocolate7.com\/en\/wp-json\/wp\/v2\/product\/32982","targetHints":{"allow":["GET"]}}],"collection":[{"href":"https:\/\/www.chocolate7.com\/en\/wp-json\/wp\/v2\/product"}],"about":[{"href":"https:\/\/www.chocolate7.com\/en\/wp-json\/wp\/v2\/types\/product"}],"wp:featuredmedia":[{"embeddable":true,"href":"https:\/\/www.chocolate7.com\/en\/wp-json\/wp\/v2\/media\/32984"}],"wp:attachment":[{"href":"https:\/\/www.chocolate7.com\/en\/wp-json\/wp\/v2\/media?parent=32982"}],"wp:term":[{"taxonomy":"pwb-brand","embeddable":true,"href":"https:\/\/www.chocolate7.com\/en\/wp-json\/wp\/v2\/pwb-brand?post=32982"},{"taxonomy":"product_brand","embeddable":true,"href":"https:\/\/www.chocolate7.com\/en\/wp-json\/wp\/v2\/product_brand?post=32982"},{"taxonomy":"product_cat","embeddable":true,"href":"https:\/\/www.chocolate7.com\/en\/wp-json\/wp\/v2\/product_cat?post=32982"},{"taxonomy":"product_tag","embeddable":true,"href":"https:\/\/www.chocolate7.com\/en\/wp-json\/wp\/v2\/product_tag?post=32982"},{"taxonomy":"giftcard-category","embeddable":true,"href":"https:\/\/www.chocolate7.com\/en\/wp-json\/wp\/v2\/giftcard-category?post=32982"}],"curies":[{"name":"wp","href":"https:\/\/api.w.org\/{rel}","templated":true}]}}