{"id":33204,"date":"2024-01-19T14:30:00","date_gmt":"2024-01-19T13:30:01","guid":{"rendered":"https:\/\/www.chocolate7.com\/?post_type=product&#038;p=33204"},"modified":"2024-03-08T03:57:54","modified_gmt":"2024-03-08T02:57:54","slug":"baiani-chocolates-brazil-dark-chocolate-with-caipirinha-copia","status":"publish","type":"product","link":"https:\/\/www.chocolate7.com\/en\/shop\/bar\/dark-chocolate-en-2\/baiani-chocolates-brazil-dark-chocolate-with-caipirinha-copia\/","title":{"rendered":"Baian\u00ec chocolates Brazil Special blend"},"content":{"rendered":"<p style=\"text-align: left\">Dark chocolate bar\u00a0 &#8211; Made by Baian\u00ec chocolates<\/p>\n<div class=\"et_pb_toggle_content clearfix\">\n<div class=\"notas-sabor\">\n<p dir=\"ltr\">O chocolate Bean to Bar se diferencia do chocolate industrial principalmente pela lista de ingredientes. Nas barras intensas, n\u00f3s usamos APENAS cacau (nibs e manteiga) e a\u00e7\u00facar. Para isso, o cacau escolhido tem que ser muito bom, vindo do cultivo e processamento de p\u00f3s colheita modernos e mais elaborados.<\/p>\n<p dir=\"ltr\">Para confeccionarmos uma barra 88%, colocamos apenas 12% de a\u00e7\u00facar, o que requer um cacau de alta qualidade sensorial. Quando voc\u00ea tem uma barra de chocolate acima de 80%, a proposta \u00e9 sentir intensidade, um \u201cpunch\u201d de energia e os sabores inerentes ao cacau. Al\u00e9m disso, quanto mais intenso o chocolate, mais saud\u00e1vel ele \u00e9.<\/p>\n<p dir=\"ltr\">A inspira\u00e7\u00e3o para esta receita e porcentagem veio via a Borboleta 88 (Diaethria Clymena) que habita nossa regi\u00e3o e origem de cacau, o Vale Potumuju. Esta barra j\u00e1 arrebatou men\u00e7\u00e3o honrosa em premia\u00e7\u00e3o fora do Brasil.<\/p>\n<p>2 quadradinhos ao dia do nosso chocolate Tree to Bar\u00a0\u00e9 uma dose bem calibrada de felicidade e prazer!<\/p>\n<p>* Produto de origem 100% vegetal<\/p>\n<\/div>\n<\/div>\n","protected":false},"excerpt":{"rendered":"<p>Baian\u00ec chocolates is a bean to bar chocolate maker from Brazil. This fine chocolate bar is made with cocoa from Brazil (Bahia, Vale Potumuju). Baian\u00ec chocolates Brazil Special blend 88% is a balanced dark chocolate, with floral, lemon, herbaceous, ginger and tea aromatic notes<\/p>\n<p>&nbsp;<\/p>\n<p>&nbsp;<\/p>\n","protected":false},"featured_media":33206,"template":"","meta":[],"pwb-brand":[12303],"product_brand":[],"product_cat":[3251,3255],"product_tag":[],"giftcard-category":[],"class_list":{"0":"post-33204","1":"product","2":"type-product","3":"status-publish","4":"has-post-thumbnail","6":"pwb-brand-baiani-en","7":"product_cat-bar","8":"product_cat-dark-chocolate-en-2","9":"pa_acidita-2-en","10":"pa_allergeni-may-contain-traces-of-milk-and-nuts-en-4","11":"pa_amarezza-3-en","12":"pa_astringenza-1-en","13":"pa_cacao-80-89-en","14":"pa_carboidrati-13-g-en","15":"pa_carboidrati-zuccheri-13-g-en-2","16":"pa_codice-a-barre-7898657010427-en","17":"pa_dolcezza-1-en","18":"pa_fibre-20-g-en","19":"pa_grassi-53-g-en","20":"pa_grassi-saturi-27-g-en","21":"pa_ingredienti-single-origin-cocoa-beans-organic-cane-sugar-and-cocoa-butter","22":"pa_note-di-degustazione-floral-notes-lemon-herbaceous-ginger-tea","23":"pa_paese-delle-fave-di-cacao-brazil-en","24":"pa_paese-produttore-brazil","25":"pa_percentuale-di-cacao-88-en","26":"pa_proteine-13-g-en","27":"pa_regione-bahia-en","28":"pa_regione-vale-potumuju-en","29":"pa_sale-0-g-en","30":"pa_tipo-di-cioccolato-fondente-en","31":"pa_valore-energetico-567-kcal-en","33":"first","34":"instock","35":"taxable","36":"shipping-taxable","37":"purchasable","38":"product-type-simple"},"yoast_head":"<!-- This site is optimized with the Yoast SEO plugin v23.3 - https:\/\/yoast.com\/wordpress\/plugins\/seo\/ -->\n<title>Baian\u00ec chocolates Brazil Special blend - Chocolate7<\/title>\n<meta name=\"robots\" content=\"index, follow, max-snippet:-1, max-image-preview:large, max-video-preview:-1\" \/>\n<link rel=\"canonical\" href=\"https:\/\/www.chocolate7.com\/shop\/tavoletta\/fondente\/baiani-chocolates-brasile-special-blend\/\" \/>\n<meta property=\"og:locale\" content=\"en_US\" \/>\n<meta property=\"og:type\" content=\"article\" \/>\n<meta property=\"og:title\" content=\"Baian\u00ec chocolates Brazil Special blend - Chocolate7\" \/>\n<meta property=\"og:description\" content=\"Baian\u00ec chocolates is a bean to bar chocolate maker from Brazil. This fine chocolate bar is made with cocoa from Brazil (Bahia, Vale Potumuju). Baian\u00ec chocolates Brazil Special blend 88% is a balanced dark chocolate, with floral, lemon, herbaceous, ginger and tea aromatic notes  &nbsp;  &nbsp;\" \/>\n<meta property=\"og:url\" content=\"https:\/\/www.chocolate7.com\/shop\/tavoletta\/fondente\/baiani-chocolates-brasile-special-blend\/\" \/>\n<meta property=\"og:site_name\" content=\"Chocolate7\" \/>\n<meta property=\"article:publisher\" content=\"https:\/\/www.facebook.com\/cremino.gianduia.1\" \/>\n<meta property=\"article:modified_time\" content=\"2024-03-08T02:57:54+00:00\" \/>\n<meta property=\"og:image\" content=\"https:\/\/www.chocolate7.com\/wp-content\/uploads\/2024\/01\/Screenshot_20240119_142447_Instagram-e1705671861892.jpg\" \/>\n\t<meta property=\"og:image:width\" content=\"600\" \/>\n\t<meta property=\"og:image:height\" content=\"598\" \/>\n\t<meta property=\"og:image:type\" content=\"image\/jpeg\" \/>\n<meta name=\"twitter:card\" content=\"summary_large_image\" \/>\n<meta name=\"twitter:site\" content=\"@GianduiaCremino\" \/>\n<meta name=\"twitter:label1\" content=\"Est. reading time\" \/>\n\t<meta name=\"twitter:data1\" content=\"1 minute\" \/>\n<script type=\"application\/ld+json\" class=\"yoast-schema-graph\">{\"@context\":\"https:\/\/schema.org\",\"@graph\":[{\"@type\":\"WebPage\",\"@id\":\"https:\/\/www.chocolate7.com\/shop\/tavoletta\/fondente\/baiani-chocolates-brasile-special-blend\/\",\"url\":\"https:\/\/www.chocolate7.com\/shop\/tavoletta\/fondente\/baiani-chocolates-brasile-special-blend\/\",\"name\":\"Baian\u00ec chocolates Brazil Special blend - Chocolate7\",\"isPartOf\":{\"@id\":\"https:\/\/www.chocolate7.com\/#website\"},\"primaryImageOfPage\":{\"@id\":\"https:\/\/www.chocolate7.com\/shop\/tavoletta\/fondente\/baiani-chocolates-brasile-special-blend\/#primaryimage\"},\"image\":{\"@id\":\"https:\/\/www.chocolate7.com\/shop\/tavoletta\/fondente\/baiani-chocolates-brasile-special-blend\/#primaryimage\"},\"thumbnailUrl\":\"https:\/\/www.chocolate7.com\/wp-content\/uploads\/2024\/01\/Screenshot_20240119_142447_Instagram-e1705671861892.jpg\",\"datePublished\":\"2024-01-19T13:30:01+00:00\",\"dateModified\":\"2024-03-08T02:57:54+00:00\",\"breadcrumb\":{\"@id\":\"https:\/\/www.chocolate7.com\/shop\/tavoletta\/fondente\/baiani-chocolates-brasile-special-blend\/#breadcrumb\"},\"inLanguage\":\"en-US\",\"potentialAction\":[{\"@type\":\"ReadAction\",\"target\":[\"https:\/\/www.chocolate7.com\/shop\/tavoletta\/fondente\/baiani-chocolates-brasile-special-blend\/\"]}]},{\"@type\":\"ImageObject\",\"inLanguage\":\"en-US\",\"@id\":\"https:\/\/www.chocolate7.com\/shop\/tavoletta\/fondente\/baiani-chocolates-brasile-special-blend\/#primaryimage\",\"url\":\"https:\/\/www.chocolate7.com\/wp-content\/uploads\/2024\/01\/Screenshot_20240119_142447_Instagram-e1705671861892.jpg\",\"contentUrl\":\"https:\/\/www.chocolate7.com\/wp-content\/uploads\/2024\/01\/Screenshot_20240119_142447_Instagram-e1705671861892.jpg\",\"width\":600,\"height\":598},{\"@type\":\"BreadcrumbList\",\"@id\":\"https:\/\/www.chocolate7.com\/shop\/tavoletta\/fondente\/baiani-chocolates-brasile-special-blend\/#breadcrumb\",\"itemListElement\":[{\"@type\":\"ListItem\",\"position\":1,\"name\":\"Home\",\"item\":\"https:\/\/www.chocolate7.com\/en\/\"},{\"@type\":\"ListItem\",\"position\":2,\"name\":\"Shop\",\"item\":\"https:\/\/www.chocolate7.com\/en\/store\/\"},{\"@type\":\"ListItem\",\"position\":3,\"name\":\"Baian\u00ec chocolates Brazil Special blend\"}]},{\"@type\":\"WebSite\",\"@id\":\"https:\/\/www.chocolate7.com\/#website\",\"url\":\"https:\/\/www.chocolate7.com\/\",\"name\":\"Chocolate7\",\"description\":\"The fine &amp; luxury chocolate selection\",\"publisher\":{\"@id\":\"https:\/\/www.chocolate7.com\/#organization\"},\"potentialAction\":[{\"@type\":\"SearchAction\",\"target\":{\"@type\":\"EntryPoint\",\"urlTemplate\":\"https:\/\/www.chocolate7.com\/?s={search_term_string}\"},\"query-input\":\"required name=search_term_string\"}],\"inLanguage\":\"en-US\"},{\"@type\":\"Organization\",\"@id\":\"https:\/\/www.chocolate7.com\/#organization\",\"name\":\"Choc7 di Benedetto Giovanni\",\"url\":\"https:\/\/www.chocolate7.com\/\",\"logo\":{\"@type\":\"ImageObject\",\"inLanguage\":\"en-US\",\"@id\":\"https:\/\/www.chocolate7.com\/#\/schema\/logo\/image\/\",\"url\":\"https:\/\/www.chocolate7.com\/wp-content\/uploads\/2018\/10\/logo_chocolate.png\",\"contentUrl\":\"https:\/\/www.chocolate7.com\/wp-content\/uploads\/2018\/10\/logo_chocolate.png\",\"width\":200,\"height\":41,\"caption\":\"Choc7 di Benedetto Giovanni\"},\"image\":{\"@id\":\"https:\/\/www.chocolate7.com\/#\/schema\/logo\/image\/\"},\"sameAs\":[\"https:\/\/www.facebook.com\/cremino.gianduia.1\",\"https:\/\/x.com\/GianduiaCremino\",\"https:\/\/www.instagram.com\/creminogianduia\/\",\"https:\/\/www.pinterest.com.au\/creminogianduia\/\",\"https:\/\/www.youtube.com\/channel\/UCWFQlcc9EQnAsLkD8rBsgig\"]}]}<\/script>\n<!-- \/ Yoast SEO plugin. -->","yoast_head_json":{"title":"Baian\u00ec chocolates Brazil Special blend - Chocolate7","robots":{"index":"index","follow":"follow","max-snippet":"max-snippet:-1","max-image-preview":"max-image-preview:large","max-video-preview":"max-video-preview:-1"},"canonical":"https:\/\/www.chocolate7.com\/shop\/tavoletta\/fondente\/baiani-chocolates-brasile-special-blend\/","og_locale":"en_US","og_type":"article","og_title":"Baian\u00ec chocolates Brazil Special blend - Chocolate7","og_description":"Baian\u00ec chocolates is a bean to bar chocolate maker from Brazil. This fine chocolate bar is made with cocoa from Brazil (Bahia, Vale Potumuju). Baian\u00ec chocolates Brazil Special blend 88% is a balanced dark chocolate, with floral, lemon, herbaceous, ginger and tea aromatic notes  &nbsp;  &nbsp;","og_url":"https:\/\/www.chocolate7.com\/shop\/tavoletta\/fondente\/baiani-chocolates-brasile-special-blend\/","og_site_name":"Chocolate7","article_publisher":"https:\/\/www.facebook.com\/cremino.gianduia.1","article_modified_time":"2024-03-08T02:57:54+00:00","og_image":[{"width":600,"height":598,"url":"https:\/\/www.chocolate7.com\/wp-content\/uploads\/2024\/01\/Screenshot_20240119_142447_Instagram-e1705671861892.jpg","type":"image\/jpeg"}],"twitter_card":"summary_large_image","twitter_site":"@GianduiaCremino","twitter_misc":{"Est. reading time":"1 minute"},"schema":{"@context":"https:\/\/schema.org","@graph":[{"@type":"WebPage","@id":"https:\/\/www.chocolate7.com\/shop\/tavoletta\/fondente\/baiani-chocolates-brasile-special-blend\/","url":"https:\/\/www.chocolate7.com\/shop\/tavoletta\/fondente\/baiani-chocolates-brasile-special-blend\/","name":"Baian\u00ec chocolates Brazil Special blend - Chocolate7","isPartOf":{"@id":"https:\/\/www.chocolate7.com\/#website"},"primaryImageOfPage":{"@id":"https:\/\/www.chocolate7.com\/shop\/tavoletta\/fondente\/baiani-chocolates-brasile-special-blend\/#primaryimage"},"image":{"@id":"https:\/\/www.chocolate7.com\/shop\/tavoletta\/fondente\/baiani-chocolates-brasile-special-blend\/#primaryimage"},"thumbnailUrl":"https:\/\/www.chocolate7.com\/wp-content\/uploads\/2024\/01\/Screenshot_20240119_142447_Instagram-e1705671861892.jpg","datePublished":"2024-01-19T13:30:01+00:00","dateModified":"2024-03-08T02:57:54+00:00","breadcrumb":{"@id":"https:\/\/www.chocolate7.com\/shop\/tavoletta\/fondente\/baiani-chocolates-brasile-special-blend\/#breadcrumb"},"inLanguage":"en-US","potentialAction":[{"@type":"ReadAction","target":["https:\/\/www.chocolate7.com\/shop\/tavoletta\/fondente\/baiani-chocolates-brasile-special-blend\/"]}]},{"@type":"ImageObject","inLanguage":"en-US","@id":"https:\/\/www.chocolate7.com\/shop\/tavoletta\/fondente\/baiani-chocolates-brasile-special-blend\/#primaryimage","url":"https:\/\/www.chocolate7.com\/wp-content\/uploads\/2024\/01\/Screenshot_20240119_142447_Instagram-e1705671861892.jpg","contentUrl":"https:\/\/www.chocolate7.com\/wp-content\/uploads\/2024\/01\/Screenshot_20240119_142447_Instagram-e1705671861892.jpg","width":600,"height":598},{"@type":"BreadcrumbList","@id":"https:\/\/www.chocolate7.com\/shop\/tavoletta\/fondente\/baiani-chocolates-brasile-special-blend\/#breadcrumb","itemListElement":[{"@type":"ListItem","position":1,"name":"Home","item":"https:\/\/www.chocolate7.com\/en\/"},{"@type":"ListItem","position":2,"name":"Shop","item":"https:\/\/www.chocolate7.com\/en\/store\/"},{"@type":"ListItem","position":3,"name":"Baian\u00ec chocolates Brazil Special blend"}]},{"@type":"WebSite","@id":"https:\/\/www.chocolate7.com\/#website","url":"https:\/\/www.chocolate7.com\/","name":"Chocolate7","description":"The fine &amp; luxury chocolate selection","publisher":{"@id":"https:\/\/www.chocolate7.com\/#organization"},"potentialAction":[{"@type":"SearchAction","target":{"@type":"EntryPoint","urlTemplate":"https:\/\/www.chocolate7.com\/?s={search_term_string}"},"query-input":"required name=search_term_string"}],"inLanguage":"en-US"},{"@type":"Organization","@id":"https:\/\/www.chocolate7.com\/#organization","name":"Choc7 di Benedetto Giovanni","url":"https:\/\/www.chocolate7.com\/","logo":{"@type":"ImageObject","inLanguage":"en-US","@id":"https:\/\/www.chocolate7.com\/#\/schema\/logo\/image\/","url":"https:\/\/www.chocolate7.com\/wp-content\/uploads\/2018\/10\/logo_chocolate.png","contentUrl":"https:\/\/www.chocolate7.com\/wp-content\/uploads\/2018\/10\/logo_chocolate.png","width":200,"height":41,"caption":"Choc7 di Benedetto Giovanni"},"image":{"@id":"https:\/\/www.chocolate7.com\/#\/schema\/logo\/image\/"},"sameAs":["https:\/\/www.facebook.com\/cremino.gianduia.1","https:\/\/x.com\/GianduiaCremino","https:\/\/www.instagram.com\/creminogianduia\/","https:\/\/www.pinterest.com.au\/creminogianduia\/","https:\/\/www.youtube.com\/channel\/UCWFQlcc9EQnAsLkD8rBsgig"]}]}},"brands":[{"id":12303,"name":"Baian\u00ec","slug":"baiani-en"}],"_links":{"self":[{"href":"https:\/\/www.chocolate7.com\/en\/wp-json\/wp\/v2\/product\/33204","targetHints":{"allow":["GET"]}}],"collection":[{"href":"https:\/\/www.chocolate7.com\/en\/wp-json\/wp\/v2\/product"}],"about":[{"href":"https:\/\/www.chocolate7.com\/en\/wp-json\/wp\/v2\/types\/product"}],"wp:featuredmedia":[{"embeddable":true,"href":"https:\/\/www.chocolate7.com\/en\/wp-json\/wp\/v2\/media\/33206"}],"wp:attachment":[{"href":"https:\/\/www.chocolate7.com\/en\/wp-json\/wp\/v2\/media?parent=33204"}],"wp:term":[{"taxonomy":"pwb-brand","embeddable":true,"href":"https:\/\/www.chocolate7.com\/en\/wp-json\/wp\/v2\/pwb-brand?post=33204"},{"taxonomy":"product_brand","embeddable":true,"href":"https:\/\/www.chocolate7.com\/en\/wp-json\/wp\/v2\/product_brand?post=33204"},{"taxonomy":"product_cat","embeddable":true,"href":"https:\/\/www.chocolate7.com\/en\/wp-json\/wp\/v2\/product_cat?post=33204"},{"taxonomy":"product_tag","embeddable":true,"href":"https:\/\/www.chocolate7.com\/en\/wp-json\/wp\/v2\/product_tag?post=33204"},{"taxonomy":"giftcard-category","embeddable":true,"href":"https:\/\/www.chocolate7.com\/en\/wp-json\/wp\/v2\/giftcard-category?post=33204"}],"curies":[{"name":"wp","href":"https:\/\/api.w.org\/{rel}","templated":true}]}}