{"id":33208,"date":"2024-01-19T15:03:20","date_gmt":"2024-01-19T14:03:21","guid":{"rendered":"https:\/\/www.chocolate7.com\/?post_type=product&#038;p=33208"},"modified":"2024-11-24T22:25:31","modified_gmt":"2024-11-24T21:25:31","slug":"fjak-white-chocolate-pavlova-party-copia","status":"publish","type":"product","link":"https:\/\/www.chocolate7.com\/en\/shop\/bar\/flavoured-filled-inclusions-white-chocolate\/fjak-white-chocolate-pavlova-party-copia\/","title":{"rendered":"Fj\u00e5k white chocolate carrot cake"},"content":{"rendered":"<p style=\"text-align: left\">White chocolate bar filled \/ with inclusions \/ flavored &#8211; made by Fj\u00e5k<\/p>\n<p class=\"p1\">Our carrot cake bar is a creamy white chocolate with carrots and spices.<\/p>\n<p class=\"p1\">Initial notes of cinnamon, ginger and lemon open the curtains to the most authentic slice of carrot cake, revisited with spicy twists and citrusy turns.<\/p>\n","protected":false},"excerpt":{"rendered":"<p>Fj\u00e5k is a bean to bar chocolate maker from Norway. Fj\u00e5k white chocolate carrot cake is a sweet white chocolate, with aromatic notes of carrot, lemon zest, cinnamon, ginger.<\/p>\n<p>&nbsp;<\/p>\n<p>&nbsp;<\/p>\n","protected":false},"featured_media":33210,"template":"","meta":[],"pwb-brand":[5014],"product_brand":[],"product_cat":[3251,3254],"product_tag":[],"giftcard-category":[],"class_list":{"0":"post-33208","1":"product","2":"type-product","3":"status-publish","4":"has-post-thumbnail","6":"pwb-brand-fjak-en-2","7":"product_cat-bar","8":"product_cat-flavoured-filled-inclusions-white-chocolate","9":"pa_acidita-1-en","10":"pa_allergeni-may-contain-traces-of-nuts-gluten-milk","11":"pa_amarezza-0-en","12":"pa_astringenza-0-en","13":"pa_cacao-30-39-en","14":"pa_carboidrati-43-g-en","15":"pa_carboidrati-zuccheri-32-g-en","16":"pa_certificazioni-organic","17":"pa_codice-a-barre-7090053220473-en","18":"pa_conservazione-store-in-a-cool-and-dry-place-between-16-c-and-18-c","19":"pa_dolcezza-4-en","20":"pa_grassi-46-g-en","21":"pa_grassi-saturi-28-g-en","22":"pa_ingredienti-cocoa-butter-cane-sugar-milk-powder-carrot-cinnamon-ginger-lemon-zest-organic","23":"pa_note-di-degustazione-carrot-lemon-zest-cinnamon-ginger","24":"pa_paese-produttore-norway","25":"pa_percentuale-di-cacao-35-en","26":"pa_proteine-81-g-en","27":"pa_sale-0-g-en","28":"pa_tipo-di-cioccolato-flavoured-filled-inclusions-white-chocolate-bar","29":"pa_valore-energetico-544-kcal-en","31":"first","32":"outofstock","33":"taxable","34":"shipping-taxable","35":"purchasable","36":"product-type-simple"},"yoast_head":"<!-- This site is optimized with the Yoast SEO plugin v23.3 - https:\/\/yoast.com\/wordpress\/plugins\/seo\/ -->\n<title>Fj\u00e5k white chocolate carrot cake - Chocolate7<\/title>\n<meta name=\"robots\" content=\"index, follow, max-snippet:-1, max-image-preview:large, max-video-preview:-1\" \/>\n<link rel=\"canonical\" href=\"https:\/\/www.chocolate7.com\/shop\/tavoletta\/bianco-inclusioni-ripieno-aromatizzato\/fjak-cioccolato-bianco-torta-di-carote\/\" \/>\n<meta property=\"og:locale\" content=\"en_US\" \/>\n<meta property=\"og:type\" content=\"article\" \/>\n<meta property=\"og:title\" content=\"Fj\u00e5k white chocolate carrot cake - Chocolate7\" \/>\n<meta property=\"og:description\" content=\"Fj\u00e5k is a bean to bar chocolate maker from Norway. Fj\u00e5k white chocolate carrot cake is a sweet white chocolate, with aromatic notes of carrot, lemon zest, cinnamon, ginger.  &nbsp;  &nbsp;\" \/>\n<meta property=\"og:url\" content=\"https:\/\/www.chocolate7.com\/shop\/tavoletta\/bianco-inclusioni-ripieno-aromatizzato\/fjak-cioccolato-bianco-torta-di-carote\/\" \/>\n<meta property=\"og:site_name\" content=\"Chocolate7\" \/>\n<meta property=\"article:publisher\" content=\"https:\/\/www.facebook.com\/cremino.gianduia.1\" \/>\n<meta property=\"article:modified_time\" content=\"2024-11-24T21:25:31+00:00\" \/>\n<meta property=\"og:image\" content=\"https:\/\/www.chocolate7.com\/wp-content\/uploads\/2024\/01\/Screenshot_20240119_145904_Instagram-e1705674007733.jpg\" \/>\n\t<meta property=\"og:image:width\" content=\"600\" \/>\n\t<meta property=\"og:image:height\" content=\"599\" \/>\n\t<meta property=\"og:image:type\" content=\"image\/jpeg\" \/>\n<meta name=\"twitter:card\" content=\"summary_large_image\" \/>\n<meta name=\"twitter:site\" content=\"@GianduiaCremino\" \/>\n<script type=\"application\/ld+json\" class=\"yoast-schema-graph\">{\"@context\":\"https:\/\/schema.org\",\"@graph\":[{\"@type\":\"WebPage\",\"@id\":\"https:\/\/www.chocolate7.com\/shop\/tavoletta\/bianco-inclusioni-ripieno-aromatizzato\/fjak-cioccolato-bianco-torta-di-carote\/\",\"url\":\"https:\/\/www.chocolate7.com\/shop\/tavoletta\/bianco-inclusioni-ripieno-aromatizzato\/fjak-cioccolato-bianco-torta-di-carote\/\",\"name\":\"Fj\u00e5k white chocolate carrot cake - Chocolate7\",\"isPartOf\":{\"@id\":\"https:\/\/www.chocolate7.com\/#website\"},\"primaryImageOfPage\":{\"@id\":\"https:\/\/www.chocolate7.com\/shop\/tavoletta\/bianco-inclusioni-ripieno-aromatizzato\/fjak-cioccolato-bianco-torta-di-carote\/#primaryimage\"},\"image\":{\"@id\":\"https:\/\/www.chocolate7.com\/shop\/tavoletta\/bianco-inclusioni-ripieno-aromatizzato\/fjak-cioccolato-bianco-torta-di-carote\/#primaryimage\"},\"thumbnailUrl\":\"https:\/\/www.chocolate7.com\/wp-content\/uploads\/2024\/01\/Screenshot_20240119_145904_Instagram-e1705674007733.jpg\",\"datePublished\":\"2024-01-19T14:03:21+00:00\",\"dateModified\":\"2024-11-24T21:25:31+00:00\",\"breadcrumb\":{\"@id\":\"https:\/\/www.chocolate7.com\/shop\/tavoletta\/bianco-inclusioni-ripieno-aromatizzato\/fjak-cioccolato-bianco-torta-di-carote\/#breadcrumb\"},\"inLanguage\":\"en-US\",\"potentialAction\":[{\"@type\":\"ReadAction\",\"target\":[\"https:\/\/www.chocolate7.com\/shop\/tavoletta\/bianco-inclusioni-ripieno-aromatizzato\/fjak-cioccolato-bianco-torta-di-carote\/\"]}]},{\"@type\":\"ImageObject\",\"inLanguage\":\"en-US\",\"@id\":\"https:\/\/www.chocolate7.com\/shop\/tavoletta\/bianco-inclusioni-ripieno-aromatizzato\/fjak-cioccolato-bianco-torta-di-carote\/#primaryimage\",\"url\":\"https:\/\/www.chocolate7.com\/wp-content\/uploads\/2024\/01\/Screenshot_20240119_145904_Instagram-e1705674007733.jpg\",\"contentUrl\":\"https:\/\/www.chocolate7.com\/wp-content\/uploads\/2024\/01\/Screenshot_20240119_145904_Instagram-e1705674007733.jpg\",\"width\":600,\"height\":599},{\"@type\":\"BreadcrumbList\",\"@id\":\"https:\/\/www.chocolate7.com\/shop\/tavoletta\/bianco-inclusioni-ripieno-aromatizzato\/fjak-cioccolato-bianco-torta-di-carote\/#breadcrumb\",\"itemListElement\":[{\"@type\":\"ListItem\",\"position\":1,\"name\":\"Home\",\"item\":\"https:\/\/www.chocolate7.com\/en\/\"},{\"@type\":\"ListItem\",\"position\":2,\"name\":\"Shop\",\"item\":\"https:\/\/www.chocolate7.com\/en\/store\/\"},{\"@type\":\"ListItem\",\"position\":3,\"name\":\"Fj\u00e5k white chocolate carrot cake\"}]},{\"@type\":\"WebSite\",\"@id\":\"https:\/\/www.chocolate7.com\/#website\",\"url\":\"https:\/\/www.chocolate7.com\/\",\"name\":\"Chocolate7\",\"description\":\"The fine &amp; luxury chocolate selection\",\"publisher\":{\"@id\":\"https:\/\/www.chocolate7.com\/#organization\"},\"potentialAction\":[{\"@type\":\"SearchAction\",\"target\":{\"@type\":\"EntryPoint\",\"urlTemplate\":\"https:\/\/www.chocolate7.com\/?s={search_term_string}\"},\"query-input\":\"required name=search_term_string\"}],\"inLanguage\":\"en-US\"},{\"@type\":\"Organization\",\"@id\":\"https:\/\/www.chocolate7.com\/#organization\",\"name\":\"Choc7 di Benedetto Giovanni\",\"url\":\"https:\/\/www.chocolate7.com\/\",\"logo\":{\"@type\":\"ImageObject\",\"inLanguage\":\"en-US\",\"@id\":\"https:\/\/www.chocolate7.com\/#\/schema\/logo\/image\/\",\"url\":\"https:\/\/www.chocolate7.com\/wp-content\/uploads\/2018\/10\/logo_chocolate.png\",\"contentUrl\":\"https:\/\/www.chocolate7.com\/wp-content\/uploads\/2018\/10\/logo_chocolate.png\",\"width\":200,\"height\":41,\"caption\":\"Choc7 di Benedetto Giovanni\"},\"image\":{\"@id\":\"https:\/\/www.chocolate7.com\/#\/schema\/logo\/image\/\"},\"sameAs\":[\"https:\/\/www.facebook.com\/cremino.gianduia.1\",\"https:\/\/x.com\/GianduiaCremino\",\"https:\/\/www.instagram.com\/creminogianduia\/\",\"https:\/\/www.pinterest.com.au\/creminogianduia\/\",\"https:\/\/www.youtube.com\/channel\/UCWFQlcc9EQnAsLkD8rBsgig\"]}]}<\/script>\n<!-- \/ Yoast SEO plugin. -->","yoast_head_json":{"title":"Fj\u00e5k white chocolate carrot cake - Chocolate7","robots":{"index":"index","follow":"follow","max-snippet":"max-snippet:-1","max-image-preview":"max-image-preview:large","max-video-preview":"max-video-preview:-1"},"canonical":"https:\/\/www.chocolate7.com\/shop\/tavoletta\/bianco-inclusioni-ripieno-aromatizzato\/fjak-cioccolato-bianco-torta-di-carote\/","og_locale":"en_US","og_type":"article","og_title":"Fj\u00e5k white chocolate carrot cake - Chocolate7","og_description":"Fj\u00e5k is a bean to bar chocolate maker from Norway. Fj\u00e5k white chocolate carrot cake is a sweet white chocolate, with aromatic notes of carrot, lemon zest, cinnamon, ginger.  &nbsp;  &nbsp;","og_url":"https:\/\/www.chocolate7.com\/shop\/tavoletta\/bianco-inclusioni-ripieno-aromatizzato\/fjak-cioccolato-bianco-torta-di-carote\/","og_site_name":"Chocolate7","article_publisher":"https:\/\/www.facebook.com\/cremino.gianduia.1","article_modified_time":"2024-11-24T21:25:31+00:00","og_image":[{"width":600,"height":599,"url":"https:\/\/www.chocolate7.com\/wp-content\/uploads\/2024\/01\/Screenshot_20240119_145904_Instagram-e1705674007733.jpg","type":"image\/jpeg"}],"twitter_card":"summary_large_image","twitter_site":"@GianduiaCremino","schema":{"@context":"https:\/\/schema.org","@graph":[{"@type":"WebPage","@id":"https:\/\/www.chocolate7.com\/shop\/tavoletta\/bianco-inclusioni-ripieno-aromatizzato\/fjak-cioccolato-bianco-torta-di-carote\/","url":"https:\/\/www.chocolate7.com\/shop\/tavoletta\/bianco-inclusioni-ripieno-aromatizzato\/fjak-cioccolato-bianco-torta-di-carote\/","name":"Fj\u00e5k white chocolate carrot cake - Chocolate7","isPartOf":{"@id":"https:\/\/www.chocolate7.com\/#website"},"primaryImageOfPage":{"@id":"https:\/\/www.chocolate7.com\/shop\/tavoletta\/bianco-inclusioni-ripieno-aromatizzato\/fjak-cioccolato-bianco-torta-di-carote\/#primaryimage"},"image":{"@id":"https:\/\/www.chocolate7.com\/shop\/tavoletta\/bianco-inclusioni-ripieno-aromatizzato\/fjak-cioccolato-bianco-torta-di-carote\/#primaryimage"},"thumbnailUrl":"https:\/\/www.chocolate7.com\/wp-content\/uploads\/2024\/01\/Screenshot_20240119_145904_Instagram-e1705674007733.jpg","datePublished":"2024-01-19T14:03:21+00:00","dateModified":"2024-11-24T21:25:31+00:00","breadcrumb":{"@id":"https:\/\/www.chocolate7.com\/shop\/tavoletta\/bianco-inclusioni-ripieno-aromatizzato\/fjak-cioccolato-bianco-torta-di-carote\/#breadcrumb"},"inLanguage":"en-US","potentialAction":[{"@type":"ReadAction","target":["https:\/\/www.chocolate7.com\/shop\/tavoletta\/bianco-inclusioni-ripieno-aromatizzato\/fjak-cioccolato-bianco-torta-di-carote\/"]}]},{"@type":"ImageObject","inLanguage":"en-US","@id":"https:\/\/www.chocolate7.com\/shop\/tavoletta\/bianco-inclusioni-ripieno-aromatizzato\/fjak-cioccolato-bianco-torta-di-carote\/#primaryimage","url":"https:\/\/www.chocolate7.com\/wp-content\/uploads\/2024\/01\/Screenshot_20240119_145904_Instagram-e1705674007733.jpg","contentUrl":"https:\/\/www.chocolate7.com\/wp-content\/uploads\/2024\/01\/Screenshot_20240119_145904_Instagram-e1705674007733.jpg","width":600,"height":599},{"@type":"BreadcrumbList","@id":"https:\/\/www.chocolate7.com\/shop\/tavoletta\/bianco-inclusioni-ripieno-aromatizzato\/fjak-cioccolato-bianco-torta-di-carote\/#breadcrumb","itemListElement":[{"@type":"ListItem","position":1,"name":"Home","item":"https:\/\/www.chocolate7.com\/en\/"},{"@type":"ListItem","position":2,"name":"Shop","item":"https:\/\/www.chocolate7.com\/en\/store\/"},{"@type":"ListItem","position":3,"name":"Fj\u00e5k white chocolate carrot cake"}]},{"@type":"WebSite","@id":"https:\/\/www.chocolate7.com\/#website","url":"https:\/\/www.chocolate7.com\/","name":"Chocolate7","description":"The fine &amp; luxury chocolate selection","publisher":{"@id":"https:\/\/www.chocolate7.com\/#organization"},"potentialAction":[{"@type":"SearchAction","target":{"@type":"EntryPoint","urlTemplate":"https:\/\/www.chocolate7.com\/?s={search_term_string}"},"query-input":"required name=search_term_string"}],"inLanguage":"en-US"},{"@type":"Organization","@id":"https:\/\/www.chocolate7.com\/#organization","name":"Choc7 di Benedetto Giovanni","url":"https:\/\/www.chocolate7.com\/","logo":{"@type":"ImageObject","inLanguage":"en-US","@id":"https:\/\/www.chocolate7.com\/#\/schema\/logo\/image\/","url":"https:\/\/www.chocolate7.com\/wp-content\/uploads\/2018\/10\/logo_chocolate.png","contentUrl":"https:\/\/www.chocolate7.com\/wp-content\/uploads\/2018\/10\/logo_chocolate.png","width":200,"height":41,"caption":"Choc7 di Benedetto Giovanni"},"image":{"@id":"https:\/\/www.chocolate7.com\/#\/schema\/logo\/image\/"},"sameAs":["https:\/\/www.facebook.com\/cremino.gianduia.1","https:\/\/x.com\/GianduiaCremino","https:\/\/www.instagram.com\/creminogianduia\/","https:\/\/www.pinterest.com.au\/creminogianduia\/","https:\/\/www.youtube.com\/channel\/UCWFQlcc9EQnAsLkD8rBsgig"]}]}},"brands":[{"id":5014,"name":"FJ\u00c5K","slug":"fjak-en-2"}],"_links":{"self":[{"href":"https:\/\/www.chocolate7.com\/en\/wp-json\/wp\/v2\/product\/33208","targetHints":{"allow":["GET"]}}],"collection":[{"href":"https:\/\/www.chocolate7.com\/en\/wp-json\/wp\/v2\/product"}],"about":[{"href":"https:\/\/www.chocolate7.com\/en\/wp-json\/wp\/v2\/types\/product"}],"wp:featuredmedia":[{"embeddable":true,"href":"https:\/\/www.chocolate7.com\/en\/wp-json\/wp\/v2\/media\/33210"}],"wp:attachment":[{"href":"https:\/\/www.chocolate7.com\/en\/wp-json\/wp\/v2\/media?parent=33208"}],"wp:term":[{"taxonomy":"pwb-brand","embeddable":true,"href":"https:\/\/www.chocolate7.com\/en\/wp-json\/wp\/v2\/pwb-brand?post=33208"},{"taxonomy":"product_brand","embeddable":true,"href":"https:\/\/www.chocolate7.com\/en\/wp-json\/wp\/v2\/product_brand?post=33208"},{"taxonomy":"product_cat","embeddable":true,"href":"https:\/\/www.chocolate7.com\/en\/wp-json\/wp\/v2\/product_cat?post=33208"},{"taxonomy":"product_tag","embeddable":true,"href":"https:\/\/www.chocolate7.com\/en\/wp-json\/wp\/v2\/product_tag?post=33208"},{"taxonomy":"giftcard-category","embeddable":true,"href":"https:\/\/www.chocolate7.com\/en\/wp-json\/wp\/v2\/giftcard-category?post=33208"}],"curies":[{"name":"wp","href":"https:\/\/api.w.org\/{rel}","templated":true}]}}