{"id":33212,"date":"2024-01-19T15:38:17","date_gmt":"2024-01-19T14:38:17","guid":{"rendered":"https:\/\/www.chocolate7.com\/?post_type=product&#038;p=33212"},"modified":"2024-01-20T22:26:18","modified_gmt":"2024-01-20T21:26:18","slug":"feitoria-do-cacao-tanzania-sheeps-milk-chocolate-copia","status":"publish","type":"product","link":"https:\/\/www.chocolate7.com\/en\/shop\/bar\/milk\/feitoria-do-cacao-tanzania-sheeps-milk-chocolate-copia\/","title":{"rendered":"Feitoria do cacao Tanzania black sheep&#8217;s milk chocolate &#8211; SUGAR FREE"},"content":{"rendered":"<p style=\"text-align: left\">Sheep&#8217;s milk chocolate bar &#8211; Made by Feitoria do cacao<\/p>\n<p>Do casamento perfeito do Cacau da Tanz\u00e2nia e Leite de Ovelha, nasceu uma cria rebelde: OVELHA NEGRA.<\/p>\n<p>A ideia \u00e9 simples: Para maximizar o paladar bem complexo desta harmoniza\u00e7\u00e3o entre o cacau frutado da Tanz\u00e2nia e o leite gordo de ovelha, exclu\u00edmos a adi\u00e7\u00e3o de a\u00e7\u00facar nesta receita.<\/p>\n<p>\u00c9 um chocolate de leite mas, contendo j\u00e1 70% de cacau, o seu sabor \u00e9 bem intenso como negro. Por outro lado, aus\u00eancia de ado\u00e7ante, permite apreciar as nuances mais subtis.<\/p>\n<p>Com a ligeira do\u00e7ura natural proveniente do leite de ovelha, faz sentir p\u00e3o torrado, biscuit, caju, queijo amanteigado, numa textura densa e aveludada. O chocolate com corpo bem cheio, mas a acidez caracter\u00edstica do cacau da Tanz\u00e2nia, acrescenta leveza agrad\u00e1vel no fim.<\/p>\n<p>\u00c9 um chocolate de leite bem desviante e diferente, como uma ovelha negra no seu rebanho.<\/p>\n","protected":false},"excerpt":{"rendered":"<p>Feitoria do Cacao is a bean to bar chocolate maker from Portugal. This fine chocolate bar is made with cocoa from Tanzania (Kilombero Valley). Feitoria do cacao Tanzania black sheep&#8217;s milk chocolate &#8211; SUGAR FREE 70% is a black sheep&#8217;s milk chocolate, pleasantly bitter, with aromatic notes of cashews, mature pecorino cheese, cocoa biscuit, toasted bread<\/p>\n<p>&nbsp;<\/p>\n<p>&nbsp;<\/p>\n<p>&nbsp;<\/p>\n<h1><\/h1>\n","protected":false},"featured_media":33214,"template":"","meta":[],"pwb-brand":[4837],"product_brand":[],"product_cat":[3251,3259,3260],"product_tag":[],"giftcard-category":[],"class_list":{"0":"post-33212","1":"product","2":"type-product","3":"status-publish","4":"has-post-thumbnail","6":"pwb-brand-feitoria-do-cacao-en","7":"product_cat-bar","8":"product_cat-milk","9":"product_cat-dark-milk-chocolate-sugar-free","10":"pa_acidita-2-en","11":"pa_allergeni-contains-milk-may-contain-traces-of-nuts","12":"pa_amarezza-3-en","13":"pa_astringenza-0-en","14":"pa_cacao-70-79-en","15":"pa_carboidrati-154-g-en","16":"pa_carboidrati-zuccheri-56-g-en","17":"pa_codice-a-barre-5600266139190-en","18":"pa_conservazione-store-in-a-dry-cool-and-odorless-place","19":"pa_dolcezza-2-en","20":"pa_fibre-11-g-en","21":"pa_grassi-527-g-en","22":"pa_grassi-saturi-337-g-en","23":"pa_ingredienti-cocoa-beans-whole-sheeps-milk-powder-cocoa-butter","24":"pa_note-di-degustazione-cashews-mature-pecorino-cheese-cocoa-biscuit-toasted-bread","25":"pa_paese-produttore-portugal","26":"pa_percentuale-di-cacao-70-en","27":"pa_proteine-145-g-en","28":"pa_sale-03-g-en","29":"pa_tipo-di-cioccolato-sugar-free-milk-chocolate","30":"pa_valore-energetico-2545-kj-616-kcal-en","32":"first","33":"instock","34":"taxable","35":"shipping-taxable","36":"purchasable","37":"product-type-simple"},"yoast_head":"<!-- This site is optimized with the Yoast SEO plugin v23.3 - https:\/\/yoast.com\/wordpress\/plugins\/seo\/ -->\n<title>Feitoria do cacao Tanzania black sheep&#039;s milk chocolate - SUGAR FREE - Chocolate7<\/title>\n<meta name=\"robots\" content=\"index, follow, max-snippet:-1, max-image-preview:large, max-video-preview:-1\" \/>\n<link rel=\"canonical\" href=\"https:\/\/www.chocolate7.com\/shop\/tavoletta\/latte\/feitoria-do-cacao-tanzania-cioccolato-al-latte-di-pecora-nera-senza-zucchero\/\" \/>\n<meta property=\"og:locale\" content=\"en_US\" \/>\n<meta property=\"og:type\" content=\"article\" \/>\n<meta property=\"og:title\" content=\"Feitoria do cacao Tanzania black sheep&#039;s milk chocolate - SUGAR FREE - Chocolate7\" \/>\n<meta property=\"og:description\" content=\"Feitoria do Cacao is a bean to bar chocolate maker from Portugal. This fine chocolate bar is made with cocoa from Tanzania (Kilombero Valley). Feitoria do cacao Tanzania black sheep&#039;s milk chocolate - SUGAR FREE 70% is a black sheep&#039;s milk chocolate, pleasantly bitter, with aromatic notes of cashews, mature pecorino cheese, cocoa biscuit, toasted bread  &nbsp;  &nbsp;  &nbsp;\" \/>\n<meta property=\"og:url\" content=\"https:\/\/www.chocolate7.com\/shop\/tavoletta\/latte\/feitoria-do-cacao-tanzania-cioccolato-al-latte-di-pecora-nera-senza-zucchero\/\" \/>\n<meta property=\"og:site_name\" content=\"Chocolate7\" \/>\n<meta property=\"article:publisher\" content=\"https:\/\/www.facebook.com\/cremino.gianduia.1\" \/>\n<meta property=\"article:modified_time\" content=\"2024-01-20T21:26:18+00:00\" \/>\n<meta property=\"og:image\" content=\"https:\/\/www.chocolate7.com\/wp-content\/uploads\/2024\/01\/Screenshot_20240119_154549_Instagram-e1705676553437.jpg\" \/>\n\t<meta property=\"og:image:width\" content=\"600\" \/>\n\t<meta property=\"og:image:height\" content=\"602\" \/>\n\t<meta property=\"og:image:type\" content=\"image\/jpeg\" \/>\n<meta name=\"twitter:card\" content=\"summary_large_image\" \/>\n<meta name=\"twitter:site\" content=\"@GianduiaCremino\" \/>\n<meta name=\"twitter:label1\" content=\"Est. reading time\" \/>\n\t<meta name=\"twitter:data1\" content=\"1 minute\" \/>\n<script type=\"application\/ld+json\" class=\"yoast-schema-graph\">{\"@context\":\"https:\/\/schema.org\",\"@graph\":[{\"@type\":\"WebPage\",\"@id\":\"https:\/\/www.chocolate7.com\/shop\/tavoletta\/latte\/feitoria-do-cacao-tanzania-cioccolato-al-latte-di-pecora-nera-senza-zucchero\/\",\"url\":\"https:\/\/www.chocolate7.com\/shop\/tavoletta\/latte\/feitoria-do-cacao-tanzania-cioccolato-al-latte-di-pecora-nera-senza-zucchero\/\",\"name\":\"Feitoria do cacao Tanzania black sheep's milk chocolate - SUGAR FREE - Chocolate7\",\"isPartOf\":{\"@id\":\"https:\/\/www.chocolate7.com\/#website\"},\"primaryImageOfPage\":{\"@id\":\"https:\/\/www.chocolate7.com\/shop\/tavoletta\/latte\/feitoria-do-cacao-tanzania-cioccolato-al-latte-di-pecora-nera-senza-zucchero\/#primaryimage\"},\"image\":{\"@id\":\"https:\/\/www.chocolate7.com\/shop\/tavoletta\/latte\/feitoria-do-cacao-tanzania-cioccolato-al-latte-di-pecora-nera-senza-zucchero\/#primaryimage\"},\"thumbnailUrl\":\"https:\/\/www.chocolate7.com\/wp-content\/uploads\/2024\/01\/Screenshot_20240119_154549_Instagram-e1705676553437.jpg\",\"datePublished\":\"2024-01-19T14:38:17+00:00\",\"dateModified\":\"2024-01-20T21:26:18+00:00\",\"breadcrumb\":{\"@id\":\"https:\/\/www.chocolate7.com\/shop\/tavoletta\/latte\/feitoria-do-cacao-tanzania-cioccolato-al-latte-di-pecora-nera-senza-zucchero\/#breadcrumb\"},\"inLanguage\":\"en-US\",\"potentialAction\":[{\"@type\":\"ReadAction\",\"target\":[\"https:\/\/www.chocolate7.com\/shop\/tavoletta\/latte\/feitoria-do-cacao-tanzania-cioccolato-al-latte-di-pecora-nera-senza-zucchero\/\"]}]},{\"@type\":\"ImageObject\",\"inLanguage\":\"en-US\",\"@id\":\"https:\/\/www.chocolate7.com\/shop\/tavoletta\/latte\/feitoria-do-cacao-tanzania-cioccolato-al-latte-di-pecora-nera-senza-zucchero\/#primaryimage\",\"url\":\"https:\/\/www.chocolate7.com\/wp-content\/uploads\/2024\/01\/Screenshot_20240119_154549_Instagram-e1705676553437.jpg\",\"contentUrl\":\"https:\/\/www.chocolate7.com\/wp-content\/uploads\/2024\/01\/Screenshot_20240119_154549_Instagram-e1705676553437.jpg\",\"width\":600,\"height\":602},{\"@type\":\"BreadcrumbList\",\"@id\":\"https:\/\/www.chocolate7.com\/shop\/tavoletta\/latte\/feitoria-do-cacao-tanzania-cioccolato-al-latte-di-pecora-nera-senza-zucchero\/#breadcrumb\",\"itemListElement\":[{\"@type\":\"ListItem\",\"position\":1,\"name\":\"Home\",\"item\":\"https:\/\/www.chocolate7.com\/en\/\"},{\"@type\":\"ListItem\",\"position\":2,\"name\":\"Shop\",\"item\":\"https:\/\/www.chocolate7.com\/en\/store\/\"},{\"@type\":\"ListItem\",\"position\":3,\"name\":\"Feitoria do cacao Tanzania black sheep&#8217;s milk chocolate &#8211; SUGAR FREE\"}]},{\"@type\":\"WebSite\",\"@id\":\"https:\/\/www.chocolate7.com\/#website\",\"url\":\"https:\/\/www.chocolate7.com\/\",\"name\":\"Chocolate7\",\"description\":\"The fine &amp; luxury chocolate selection\",\"publisher\":{\"@id\":\"https:\/\/www.chocolate7.com\/#organization\"},\"potentialAction\":[{\"@type\":\"SearchAction\",\"target\":{\"@type\":\"EntryPoint\",\"urlTemplate\":\"https:\/\/www.chocolate7.com\/?s={search_term_string}\"},\"query-input\":\"required name=search_term_string\"}],\"inLanguage\":\"en-US\"},{\"@type\":\"Organization\",\"@id\":\"https:\/\/www.chocolate7.com\/#organization\",\"name\":\"Choc7 di Benedetto Giovanni\",\"url\":\"https:\/\/www.chocolate7.com\/\",\"logo\":{\"@type\":\"ImageObject\",\"inLanguage\":\"en-US\",\"@id\":\"https:\/\/www.chocolate7.com\/#\/schema\/logo\/image\/\",\"url\":\"https:\/\/www.chocolate7.com\/wp-content\/uploads\/2018\/10\/logo_chocolate.png\",\"contentUrl\":\"https:\/\/www.chocolate7.com\/wp-content\/uploads\/2018\/10\/logo_chocolate.png\",\"width\":200,\"height\":41,\"caption\":\"Choc7 di Benedetto Giovanni\"},\"image\":{\"@id\":\"https:\/\/www.chocolate7.com\/#\/schema\/logo\/image\/\"},\"sameAs\":[\"https:\/\/www.facebook.com\/cremino.gianduia.1\",\"https:\/\/x.com\/GianduiaCremino\",\"https:\/\/www.instagram.com\/creminogianduia\/\",\"https:\/\/www.pinterest.com.au\/creminogianduia\/\",\"https:\/\/www.youtube.com\/channel\/UCWFQlcc9EQnAsLkD8rBsgig\"]}]}<\/script>\n<!-- \/ Yoast SEO plugin. -->","yoast_head_json":{"title":"Feitoria do cacao Tanzania black sheep's milk chocolate - SUGAR FREE - Chocolate7","robots":{"index":"index","follow":"follow","max-snippet":"max-snippet:-1","max-image-preview":"max-image-preview:large","max-video-preview":"max-video-preview:-1"},"canonical":"https:\/\/www.chocolate7.com\/shop\/tavoletta\/latte\/feitoria-do-cacao-tanzania-cioccolato-al-latte-di-pecora-nera-senza-zucchero\/","og_locale":"en_US","og_type":"article","og_title":"Feitoria do cacao Tanzania black sheep's milk chocolate - SUGAR FREE - Chocolate7","og_description":"Feitoria do Cacao is a bean to bar chocolate maker from Portugal. This fine chocolate bar is made with cocoa from Tanzania (Kilombero Valley). Feitoria do cacao Tanzania black sheep's milk chocolate - SUGAR FREE 70% is a black sheep's milk chocolate, pleasantly bitter, with aromatic notes of cashews, mature pecorino cheese, cocoa biscuit, toasted bread  &nbsp;  &nbsp;  &nbsp;","og_url":"https:\/\/www.chocolate7.com\/shop\/tavoletta\/latte\/feitoria-do-cacao-tanzania-cioccolato-al-latte-di-pecora-nera-senza-zucchero\/","og_site_name":"Chocolate7","article_publisher":"https:\/\/www.facebook.com\/cremino.gianduia.1","article_modified_time":"2024-01-20T21:26:18+00:00","og_image":[{"width":600,"height":602,"url":"https:\/\/www.chocolate7.com\/wp-content\/uploads\/2024\/01\/Screenshot_20240119_154549_Instagram-e1705676553437.jpg","type":"image\/jpeg"}],"twitter_card":"summary_large_image","twitter_site":"@GianduiaCremino","twitter_misc":{"Est. reading time":"1 minute"},"schema":{"@context":"https:\/\/schema.org","@graph":[{"@type":"WebPage","@id":"https:\/\/www.chocolate7.com\/shop\/tavoletta\/latte\/feitoria-do-cacao-tanzania-cioccolato-al-latte-di-pecora-nera-senza-zucchero\/","url":"https:\/\/www.chocolate7.com\/shop\/tavoletta\/latte\/feitoria-do-cacao-tanzania-cioccolato-al-latte-di-pecora-nera-senza-zucchero\/","name":"Feitoria do cacao Tanzania black sheep's milk chocolate - SUGAR FREE - Chocolate7","isPartOf":{"@id":"https:\/\/www.chocolate7.com\/#website"},"primaryImageOfPage":{"@id":"https:\/\/www.chocolate7.com\/shop\/tavoletta\/latte\/feitoria-do-cacao-tanzania-cioccolato-al-latte-di-pecora-nera-senza-zucchero\/#primaryimage"},"image":{"@id":"https:\/\/www.chocolate7.com\/shop\/tavoletta\/latte\/feitoria-do-cacao-tanzania-cioccolato-al-latte-di-pecora-nera-senza-zucchero\/#primaryimage"},"thumbnailUrl":"https:\/\/www.chocolate7.com\/wp-content\/uploads\/2024\/01\/Screenshot_20240119_154549_Instagram-e1705676553437.jpg","datePublished":"2024-01-19T14:38:17+00:00","dateModified":"2024-01-20T21:26:18+00:00","breadcrumb":{"@id":"https:\/\/www.chocolate7.com\/shop\/tavoletta\/latte\/feitoria-do-cacao-tanzania-cioccolato-al-latte-di-pecora-nera-senza-zucchero\/#breadcrumb"},"inLanguage":"en-US","potentialAction":[{"@type":"ReadAction","target":["https:\/\/www.chocolate7.com\/shop\/tavoletta\/latte\/feitoria-do-cacao-tanzania-cioccolato-al-latte-di-pecora-nera-senza-zucchero\/"]}]},{"@type":"ImageObject","inLanguage":"en-US","@id":"https:\/\/www.chocolate7.com\/shop\/tavoletta\/latte\/feitoria-do-cacao-tanzania-cioccolato-al-latte-di-pecora-nera-senza-zucchero\/#primaryimage","url":"https:\/\/www.chocolate7.com\/wp-content\/uploads\/2024\/01\/Screenshot_20240119_154549_Instagram-e1705676553437.jpg","contentUrl":"https:\/\/www.chocolate7.com\/wp-content\/uploads\/2024\/01\/Screenshot_20240119_154549_Instagram-e1705676553437.jpg","width":600,"height":602},{"@type":"BreadcrumbList","@id":"https:\/\/www.chocolate7.com\/shop\/tavoletta\/latte\/feitoria-do-cacao-tanzania-cioccolato-al-latte-di-pecora-nera-senza-zucchero\/#breadcrumb","itemListElement":[{"@type":"ListItem","position":1,"name":"Home","item":"https:\/\/www.chocolate7.com\/en\/"},{"@type":"ListItem","position":2,"name":"Shop","item":"https:\/\/www.chocolate7.com\/en\/store\/"},{"@type":"ListItem","position":3,"name":"Feitoria do cacao Tanzania black sheep&#8217;s milk chocolate &#8211; SUGAR FREE"}]},{"@type":"WebSite","@id":"https:\/\/www.chocolate7.com\/#website","url":"https:\/\/www.chocolate7.com\/","name":"Chocolate7","description":"The fine &amp; luxury chocolate selection","publisher":{"@id":"https:\/\/www.chocolate7.com\/#organization"},"potentialAction":[{"@type":"SearchAction","target":{"@type":"EntryPoint","urlTemplate":"https:\/\/www.chocolate7.com\/?s={search_term_string}"},"query-input":"required name=search_term_string"}],"inLanguage":"en-US"},{"@type":"Organization","@id":"https:\/\/www.chocolate7.com\/#organization","name":"Choc7 di Benedetto Giovanni","url":"https:\/\/www.chocolate7.com\/","logo":{"@type":"ImageObject","inLanguage":"en-US","@id":"https:\/\/www.chocolate7.com\/#\/schema\/logo\/image\/","url":"https:\/\/www.chocolate7.com\/wp-content\/uploads\/2018\/10\/logo_chocolate.png","contentUrl":"https:\/\/www.chocolate7.com\/wp-content\/uploads\/2018\/10\/logo_chocolate.png","width":200,"height":41,"caption":"Choc7 di Benedetto Giovanni"},"image":{"@id":"https:\/\/www.chocolate7.com\/#\/schema\/logo\/image\/"},"sameAs":["https:\/\/www.facebook.com\/cremino.gianduia.1","https:\/\/x.com\/GianduiaCremino","https:\/\/www.instagram.com\/creminogianduia\/","https:\/\/www.pinterest.com.au\/creminogianduia\/","https:\/\/www.youtube.com\/channel\/UCWFQlcc9EQnAsLkD8rBsgig"]}]}},"brands":[{"id":4837,"name":"Feitoria do cacao","slug":"feitoria-do-cacao-en"}],"_links":{"self":[{"href":"https:\/\/www.chocolate7.com\/en\/wp-json\/wp\/v2\/product\/33212","targetHints":{"allow":["GET"]}}],"collection":[{"href":"https:\/\/www.chocolate7.com\/en\/wp-json\/wp\/v2\/product"}],"about":[{"href":"https:\/\/www.chocolate7.com\/en\/wp-json\/wp\/v2\/types\/product"}],"wp:featuredmedia":[{"embeddable":true,"href":"https:\/\/www.chocolate7.com\/en\/wp-json\/wp\/v2\/media\/33214"}],"wp:attachment":[{"href":"https:\/\/www.chocolate7.com\/en\/wp-json\/wp\/v2\/media?parent=33212"}],"wp:term":[{"taxonomy":"pwb-brand","embeddable":true,"href":"https:\/\/www.chocolate7.com\/en\/wp-json\/wp\/v2\/pwb-brand?post=33212"},{"taxonomy":"product_brand","embeddable":true,"href":"https:\/\/www.chocolate7.com\/en\/wp-json\/wp\/v2\/product_brand?post=33212"},{"taxonomy":"product_cat","embeddable":true,"href":"https:\/\/www.chocolate7.com\/en\/wp-json\/wp\/v2\/product_cat?post=33212"},{"taxonomy":"product_tag","embeddable":true,"href":"https:\/\/www.chocolate7.com\/en\/wp-json\/wp\/v2\/product_tag?post=33212"},{"taxonomy":"giftcard-category","embeddable":true,"href":"https:\/\/www.chocolate7.com\/en\/wp-json\/wp\/v2\/giftcard-category?post=33212"}],"curies":[{"name":"wp","href":"https:\/\/api.w.org\/{rel}","templated":true}]}}