{"id":33325,"date":"2024-02-09T19:20:36","date_gmt":"2024-02-09T18:20:37","guid":{"rendered":"https:\/\/www.chocolate7.com\/?post_type=product&#038;p=33325"},"modified":"2025-07-09T14:02:12","modified_gmt":"2025-07-09T12:02:12","slug":"encuentro-dominican-republic-copia","status":"publish","type":"product","link":"https:\/\/www.chocolate7.com\/en\/shop\/bar\/dark-chocolate-en-2\/encuentro-dominican-republic-copia\/","title":{"rendered":"Encuentro Dominican Republic Zorzal Blanco &#8211; Cacao Rare"},"content":{"rendered":"<p style=\"text-align: left\">Dark chocolate bar &#8211; Made by Encuentro<\/p>\n<div class=\"page\" title=\"Page 1\">\n<div class=\"section\">\n<div class=\"layoutArea\">\n<div class=\"column\">\n<p>EPICURE D&#8217;ARGENT 2023 !<\/p>\n<p>Le cacao Zorzal Blanco provient de rares cacaoyers a\u0300 fe\u0300ves blanches de\u0301couverts au c\u0153ur de la Reserva Zorzal en Re\u0301publique Dominicaine. Ve\u0301ritable sanctuaire de biodiversite\u0301, cette re\u0301serve porte le nom d\u2019un petit oiseau migrateur en voie d\u2019extinction, le Zorzal ou Grive de Bicknell, dont elle permet la pre\u0301servation.<\/p>\n<p>Cette se\u0301lection minutieuse, a\u0300 l&#8217;arbre, nous permet de be\u0301ne\u0301ficier d&#8217;un micro lot exceptionnel et singulier. Ces fe\u0300ves blanches donnent un chocolat 70% clair aux notes intenses de ce\u0301re\u0301ales &amp; d&#8217;amandes torre\u0301fie\u0301es, releve\u0301es de notes fruite\u0301es de prune et de raisin sec.<\/p>\n<p>Attention il ne s&#8217;agit pas de chocolat blanc \ud83d\ude09 Les f\u00e8ves blanches donneront un chocolat marron clair, d&#8217;une couleur proche d&#8217;un chocolat au lait, tout comme le chocolat de l&#8217;\u00eele\u00a0de La R\u00e9union. Vous pouvez voir la diff\u00e9rence de couleur sur la 4\u00e8me photo : \u00e0 gauche le chocolat 70% Zorzal Blanco et \u00e0 droite notre chocolat 70% R\u00e9publique Dominicaine.<\/p>\n<\/div>\n<\/div>\n<\/div>\n<\/div>\n<p><strong>Micro Lot :<\/strong>\u00a01 sac de 70kg<\/p>\n<p><strong>R\u00e9colte disponible :\u00a0<\/strong>2023 (nouvelle r\u00e9colte re\u00e7ue en octobre 2023)<\/p>\n","protected":false},"excerpt":{"rendered":"<p>Encuentro is a bean to bar chocolate maker from France. This fine chocolate bar is made with cocoa from Dominican Republic (Zorzal blanco). Encuentro Dominican Republic Zorzal Blanco &#8211; Cacao Rare 70% is a dark chocolate with a sweet taste, with aromatic notes of honey, plum, toasted hazelnut, toasted almond, raisins, cereals, bread crust.<\/p>\n<p>Zorzal Blanco cocoa comes from rare white bean cocoa trees discovered in the heart of the Zorzal Reserve in the Dominican Republic. A true sanctuary of biodiversity, this reserve bears the name of a small migratory bird in danger of extinction, the Zorzal or Bicknell&#8217;s Thrush, whose conservation it allows.<\/p>\n<p>To produce this bar, Encuentro used an exceptional and unique microlot (1 bag of 70 kg).<\/p>\n<p>Be careful, this is not milk chocolate. The white cocoa beans give the chocolate a light brown color very similar to milk chocolate.<\/p>\n<p>&nbsp;<\/p>\n<p>&nbsp;<\/p>\n","protected":false},"featured_media":33327,"template":"","meta":[],"pwb-brand":[5613],"product_brand":[],"product_cat":[3251,3255],"product_tag":[],"giftcard-category":[],"class_list":{"0":"post-33325","1":"product","2":"type-product","3":"status-publish","4":"has-post-thumbnail","6":"pwb-brand-encuentro-en-2","7":"product_cat-bar","8":"product_cat-dark-chocolate-en-2","9":"pa_acidita-1-en","10":"pa_allergeni-may-contain-traces-of-nuts-and-sesame","11":"pa_amarezza-2-en","12":"pa_astringenza-1-en","13":"pa_cacao-70-79-en","14":"pa_carboidrati-348-g-en","15":"pa_carboidrati-zuccheri-303-g-en","16":"pa_certificazioni-organic","17":"pa_certificazioni-organic-certificate-from-fr-bio-10-extra-eu-agriculture","18":"pa_codice-a-barre-3770009530729-en","19":"pa_conservazione-store-in-a-cool-and-dry-place-between-16-c-and-18-c","20":"pa_dolcezza-4-en","21":"pa_fibre-134-g-en","22":"pa_grassi-371-g-en","23":"pa_grassi-saturi-235-g-en","24":"pa_ingredienti-cocoa-beans-from-the-dominican-republic-brazilian-cane-sugar-ingredients-from-organic-farming","25":"pa_note-di-degustazione-honey-plum-toasted-hazelnut-toasted-almond-raisins-cereals-bread-crust","26":"pa_paese-delle-fave-di-cacao-dominican-republic","27":"pa_paese-produttore-france","28":"pa_percentuale-di-cacao-70-en","29":"pa_premi-epicure-dargent-2023-en","30":"pa_proteine-83-g-en","31":"pa_regione-zorzal-blanco-en","32":"pa_sale-0-g-en","33":"pa_tipo-di-cioccolato-fondente-en","34":"pa_valore-energetico-2236-kj-532-kcal-en","36":"first","37":"outofstock","38":"taxable","39":"shipping-taxable","40":"purchasable","41":"product-type-simple"},"yoast_head":"<!-- This site is optimized with the Yoast SEO plugin v23.3 - https:\/\/yoast.com\/wordpress\/plugins\/seo\/ -->\n<title>Encuentro Dominican Republic Zorzal Blanco - Cacao Rare - Chocolate7<\/title>\n<meta name=\"robots\" content=\"index, follow, max-snippet:-1, max-image-preview:large, max-video-preview:-1\" \/>\n<link rel=\"canonical\" href=\"https:\/\/www.chocolate7.com\/shop\/tavoletta\/fondente\/encuentro-repubblica-dominicana-zorzal-blanco-cacao-rare\/\" \/>\n<meta property=\"og:locale\" content=\"en_US\" \/>\n<meta property=\"og:type\" content=\"article\" \/>\n<meta property=\"og:title\" content=\"Encuentro Dominican Republic Zorzal Blanco - Cacao Rare - Chocolate7\" \/>\n<meta property=\"og:description\" content=\"Encuentro is a bean to bar chocolate maker from France. This fine chocolate bar is made with cocoa from Dominican Republic (Zorzal blanco). Encuentro Dominican Republic Zorzal Blanco - Cacao Rare 70% is a dark chocolate with a sweet taste, with aromatic notes of honey, plum, toasted hazelnut, toasted almond, raisins, cereals, bread crust.  Zorzal Blanco cocoa comes from rare white bean cocoa trees discovered in the heart of the Zorzal Reserve in the Dominican Republic. A true sanctuary of biodiversity, this reserve bears the name of a small migratory bird in danger of extinction, the Zorzal or Bicknell&#039;s Thrush, whose conservation it allows.  To produce this bar, Encuentro used an exceptional and unique microlot (1 bag of 70 kg).  Be careful, this is not milk chocolate. The white cocoa beans give the chocolate a light brown color very similar to milk chocolate.  &nbsp;  &nbsp;\" \/>\n<meta property=\"og:url\" content=\"https:\/\/www.chocolate7.com\/shop\/tavoletta\/fondente\/encuentro-repubblica-dominicana-zorzal-blanco-cacao-rare\/\" \/>\n<meta property=\"og:site_name\" content=\"Chocolate7\" \/>\n<meta property=\"article:publisher\" content=\"https:\/\/www.facebook.com\/cremino.gianduia.1\" \/>\n<meta property=\"article:modified_time\" content=\"2025-07-09T12:02:12+00:00\" \/>\n<meta property=\"og:image\" content=\"https:\/\/www.chocolate7.com\/wp-content\/uploads\/2024\/02\/Screenshot_20240209_155310_Instagram-e1707504206932.jpg\" \/>\n\t<meta property=\"og:image:width\" content=\"600\" \/>\n\t<meta property=\"og:image:height\" content=\"594\" \/>\n\t<meta property=\"og:image:type\" content=\"image\/jpeg\" \/>\n<meta name=\"twitter:card\" content=\"summary_large_image\" \/>\n<meta name=\"twitter:site\" content=\"@GianduiaCremino\" \/>\n<meta name=\"twitter:label1\" content=\"Est. reading time\" \/>\n\t<meta name=\"twitter:data1\" content=\"1 minute\" \/>\n<script type=\"application\/ld+json\" class=\"yoast-schema-graph\">{\"@context\":\"https:\/\/schema.org\",\"@graph\":[{\"@type\":\"WebPage\",\"@id\":\"https:\/\/www.chocolate7.com\/shop\/tavoletta\/fondente\/encuentro-repubblica-dominicana-zorzal-blanco-cacao-rare\/\",\"url\":\"https:\/\/www.chocolate7.com\/shop\/tavoletta\/fondente\/encuentro-repubblica-dominicana-zorzal-blanco-cacao-rare\/\",\"name\":\"Encuentro Dominican Republic Zorzal Blanco - Cacao Rare - Chocolate7\",\"isPartOf\":{\"@id\":\"https:\/\/www.chocolate7.com\/#website\"},\"primaryImageOfPage\":{\"@id\":\"https:\/\/www.chocolate7.com\/shop\/tavoletta\/fondente\/encuentro-repubblica-dominicana-zorzal-blanco-cacao-rare\/#primaryimage\"},\"image\":{\"@id\":\"https:\/\/www.chocolate7.com\/shop\/tavoletta\/fondente\/encuentro-repubblica-dominicana-zorzal-blanco-cacao-rare\/#primaryimage\"},\"thumbnailUrl\":\"https:\/\/www.chocolate7.com\/wp-content\/uploads\/2024\/02\/Screenshot_20240209_155310_Instagram-e1707504206932.jpg\",\"datePublished\":\"2024-02-09T18:20:37+00:00\",\"dateModified\":\"2025-07-09T12:02:12+00:00\",\"breadcrumb\":{\"@id\":\"https:\/\/www.chocolate7.com\/shop\/tavoletta\/fondente\/encuentro-repubblica-dominicana-zorzal-blanco-cacao-rare\/#breadcrumb\"},\"inLanguage\":\"en-US\",\"potentialAction\":[{\"@type\":\"ReadAction\",\"target\":[\"https:\/\/www.chocolate7.com\/shop\/tavoletta\/fondente\/encuentro-repubblica-dominicana-zorzal-blanco-cacao-rare\/\"]}]},{\"@type\":\"ImageObject\",\"inLanguage\":\"en-US\",\"@id\":\"https:\/\/www.chocolate7.com\/shop\/tavoletta\/fondente\/encuentro-repubblica-dominicana-zorzal-blanco-cacao-rare\/#primaryimage\",\"url\":\"https:\/\/www.chocolate7.com\/wp-content\/uploads\/2024\/02\/Screenshot_20240209_155310_Instagram-e1707504206932.jpg\",\"contentUrl\":\"https:\/\/www.chocolate7.com\/wp-content\/uploads\/2024\/02\/Screenshot_20240209_155310_Instagram-e1707504206932.jpg\",\"width\":600,\"height\":594},{\"@type\":\"BreadcrumbList\",\"@id\":\"https:\/\/www.chocolate7.com\/shop\/tavoletta\/fondente\/encuentro-repubblica-dominicana-zorzal-blanco-cacao-rare\/#breadcrumb\",\"itemListElement\":[{\"@type\":\"ListItem\",\"position\":1,\"name\":\"Home\",\"item\":\"https:\/\/www.chocolate7.com\/en\/\"},{\"@type\":\"ListItem\",\"position\":2,\"name\":\"Shop\",\"item\":\"https:\/\/www.chocolate7.com\/en\/store\/\"},{\"@type\":\"ListItem\",\"position\":3,\"name\":\"Encuentro Dominican Republic Zorzal Blanco &#8211; Cacao Rare\"}]},{\"@type\":\"WebSite\",\"@id\":\"https:\/\/www.chocolate7.com\/#website\",\"url\":\"https:\/\/www.chocolate7.com\/\",\"name\":\"Chocolate7\",\"description\":\"The fine &amp; luxury chocolate selection\",\"publisher\":{\"@id\":\"https:\/\/www.chocolate7.com\/#organization\"},\"potentialAction\":[{\"@type\":\"SearchAction\",\"target\":{\"@type\":\"EntryPoint\",\"urlTemplate\":\"https:\/\/www.chocolate7.com\/?s={search_term_string}\"},\"query-input\":\"required name=search_term_string\"}],\"inLanguage\":\"en-US\"},{\"@type\":\"Organization\",\"@id\":\"https:\/\/www.chocolate7.com\/#organization\",\"name\":\"Choc7 di Benedetto Giovanni\",\"url\":\"https:\/\/www.chocolate7.com\/\",\"logo\":{\"@type\":\"ImageObject\",\"inLanguage\":\"en-US\",\"@id\":\"https:\/\/www.chocolate7.com\/#\/schema\/logo\/image\/\",\"url\":\"https:\/\/www.chocolate7.com\/wp-content\/uploads\/2018\/10\/logo_chocolate.png\",\"contentUrl\":\"https:\/\/www.chocolate7.com\/wp-content\/uploads\/2018\/10\/logo_chocolate.png\",\"width\":200,\"height\":41,\"caption\":\"Choc7 di Benedetto Giovanni\"},\"image\":{\"@id\":\"https:\/\/www.chocolate7.com\/#\/schema\/logo\/image\/\"},\"sameAs\":[\"https:\/\/www.facebook.com\/cremino.gianduia.1\",\"https:\/\/x.com\/GianduiaCremino\",\"https:\/\/www.instagram.com\/creminogianduia\/\",\"https:\/\/www.pinterest.com.au\/creminogianduia\/\",\"https:\/\/www.youtube.com\/channel\/UCWFQlcc9EQnAsLkD8rBsgig\"]}]}<\/script>\n<!-- \/ Yoast SEO plugin. -->","yoast_head_json":{"title":"Encuentro Dominican Republic Zorzal Blanco - Cacao Rare - Chocolate7","robots":{"index":"index","follow":"follow","max-snippet":"max-snippet:-1","max-image-preview":"max-image-preview:large","max-video-preview":"max-video-preview:-1"},"canonical":"https:\/\/www.chocolate7.com\/shop\/tavoletta\/fondente\/encuentro-repubblica-dominicana-zorzal-blanco-cacao-rare\/","og_locale":"en_US","og_type":"article","og_title":"Encuentro Dominican Republic Zorzal Blanco - Cacao Rare - Chocolate7","og_description":"Encuentro is a bean to bar chocolate maker from France. This fine chocolate bar is made with cocoa from Dominican Republic (Zorzal blanco). Encuentro Dominican Republic Zorzal Blanco - Cacao Rare 70% is a dark chocolate with a sweet taste, with aromatic notes of honey, plum, toasted hazelnut, toasted almond, raisins, cereals, bread crust.  Zorzal Blanco cocoa comes from rare white bean cocoa trees discovered in the heart of the Zorzal Reserve in the Dominican Republic. A true sanctuary of biodiversity, this reserve bears the name of a small migratory bird in danger of extinction, the Zorzal or Bicknell's Thrush, whose conservation it allows.  To produce this bar, Encuentro used an exceptional and unique microlot (1 bag of 70 kg).  Be careful, this is not milk chocolate. The white cocoa beans give the chocolate a light brown color very similar to milk chocolate.  &nbsp;  &nbsp;","og_url":"https:\/\/www.chocolate7.com\/shop\/tavoletta\/fondente\/encuentro-repubblica-dominicana-zorzal-blanco-cacao-rare\/","og_site_name":"Chocolate7","article_publisher":"https:\/\/www.facebook.com\/cremino.gianduia.1","article_modified_time":"2025-07-09T12:02:12+00:00","og_image":[{"width":600,"height":594,"url":"https:\/\/www.chocolate7.com\/wp-content\/uploads\/2024\/02\/Screenshot_20240209_155310_Instagram-e1707504206932.jpg","type":"image\/jpeg"}],"twitter_card":"summary_large_image","twitter_site":"@GianduiaCremino","twitter_misc":{"Est. reading time":"1 minute"},"schema":{"@context":"https:\/\/schema.org","@graph":[{"@type":"WebPage","@id":"https:\/\/www.chocolate7.com\/shop\/tavoletta\/fondente\/encuentro-repubblica-dominicana-zorzal-blanco-cacao-rare\/","url":"https:\/\/www.chocolate7.com\/shop\/tavoletta\/fondente\/encuentro-repubblica-dominicana-zorzal-blanco-cacao-rare\/","name":"Encuentro Dominican Republic Zorzal Blanco - Cacao Rare - Chocolate7","isPartOf":{"@id":"https:\/\/www.chocolate7.com\/#website"},"primaryImageOfPage":{"@id":"https:\/\/www.chocolate7.com\/shop\/tavoletta\/fondente\/encuentro-repubblica-dominicana-zorzal-blanco-cacao-rare\/#primaryimage"},"image":{"@id":"https:\/\/www.chocolate7.com\/shop\/tavoletta\/fondente\/encuentro-repubblica-dominicana-zorzal-blanco-cacao-rare\/#primaryimage"},"thumbnailUrl":"https:\/\/www.chocolate7.com\/wp-content\/uploads\/2024\/02\/Screenshot_20240209_155310_Instagram-e1707504206932.jpg","datePublished":"2024-02-09T18:20:37+00:00","dateModified":"2025-07-09T12:02:12+00:00","breadcrumb":{"@id":"https:\/\/www.chocolate7.com\/shop\/tavoletta\/fondente\/encuentro-repubblica-dominicana-zorzal-blanco-cacao-rare\/#breadcrumb"},"inLanguage":"en-US","potentialAction":[{"@type":"ReadAction","target":["https:\/\/www.chocolate7.com\/shop\/tavoletta\/fondente\/encuentro-repubblica-dominicana-zorzal-blanco-cacao-rare\/"]}]},{"@type":"ImageObject","inLanguage":"en-US","@id":"https:\/\/www.chocolate7.com\/shop\/tavoletta\/fondente\/encuentro-repubblica-dominicana-zorzal-blanco-cacao-rare\/#primaryimage","url":"https:\/\/www.chocolate7.com\/wp-content\/uploads\/2024\/02\/Screenshot_20240209_155310_Instagram-e1707504206932.jpg","contentUrl":"https:\/\/www.chocolate7.com\/wp-content\/uploads\/2024\/02\/Screenshot_20240209_155310_Instagram-e1707504206932.jpg","width":600,"height":594},{"@type":"BreadcrumbList","@id":"https:\/\/www.chocolate7.com\/shop\/tavoletta\/fondente\/encuentro-repubblica-dominicana-zorzal-blanco-cacao-rare\/#breadcrumb","itemListElement":[{"@type":"ListItem","position":1,"name":"Home","item":"https:\/\/www.chocolate7.com\/en\/"},{"@type":"ListItem","position":2,"name":"Shop","item":"https:\/\/www.chocolate7.com\/en\/store\/"},{"@type":"ListItem","position":3,"name":"Encuentro Dominican Republic Zorzal Blanco &#8211; Cacao Rare"}]},{"@type":"WebSite","@id":"https:\/\/www.chocolate7.com\/#website","url":"https:\/\/www.chocolate7.com\/","name":"Chocolate7","description":"The fine &amp; luxury chocolate selection","publisher":{"@id":"https:\/\/www.chocolate7.com\/#organization"},"potentialAction":[{"@type":"SearchAction","target":{"@type":"EntryPoint","urlTemplate":"https:\/\/www.chocolate7.com\/?s={search_term_string}"},"query-input":"required name=search_term_string"}],"inLanguage":"en-US"},{"@type":"Organization","@id":"https:\/\/www.chocolate7.com\/#organization","name":"Choc7 di Benedetto Giovanni","url":"https:\/\/www.chocolate7.com\/","logo":{"@type":"ImageObject","inLanguage":"en-US","@id":"https:\/\/www.chocolate7.com\/#\/schema\/logo\/image\/","url":"https:\/\/www.chocolate7.com\/wp-content\/uploads\/2018\/10\/logo_chocolate.png","contentUrl":"https:\/\/www.chocolate7.com\/wp-content\/uploads\/2018\/10\/logo_chocolate.png","width":200,"height":41,"caption":"Choc7 di Benedetto Giovanni"},"image":{"@id":"https:\/\/www.chocolate7.com\/#\/schema\/logo\/image\/"},"sameAs":["https:\/\/www.facebook.com\/cremino.gianduia.1","https:\/\/x.com\/GianduiaCremino","https:\/\/www.instagram.com\/creminogianduia\/","https:\/\/www.pinterest.com.au\/creminogianduia\/","https:\/\/www.youtube.com\/channel\/UCWFQlcc9EQnAsLkD8rBsgig"]}]}},"brands":[{"id":5613,"name":"Encuentro","slug":"encuentro-en-2"}],"_links":{"self":[{"href":"https:\/\/www.chocolate7.com\/en\/wp-json\/wp\/v2\/product\/33325","targetHints":{"allow":["GET"]}}],"collection":[{"href":"https:\/\/www.chocolate7.com\/en\/wp-json\/wp\/v2\/product"}],"about":[{"href":"https:\/\/www.chocolate7.com\/en\/wp-json\/wp\/v2\/types\/product"}],"wp:featuredmedia":[{"embeddable":true,"href":"https:\/\/www.chocolate7.com\/en\/wp-json\/wp\/v2\/media\/33327"}],"wp:attachment":[{"href":"https:\/\/www.chocolate7.com\/en\/wp-json\/wp\/v2\/media?parent=33325"}],"wp:term":[{"taxonomy":"pwb-brand","embeddable":true,"href":"https:\/\/www.chocolate7.com\/en\/wp-json\/wp\/v2\/pwb-brand?post=33325"},{"taxonomy":"product_brand","embeddable":true,"href":"https:\/\/www.chocolate7.com\/en\/wp-json\/wp\/v2\/product_brand?post=33325"},{"taxonomy":"product_cat","embeddable":true,"href":"https:\/\/www.chocolate7.com\/en\/wp-json\/wp\/v2\/product_cat?post=33325"},{"taxonomy":"product_tag","embeddable":true,"href":"https:\/\/www.chocolate7.com\/en\/wp-json\/wp\/v2\/product_tag?post=33325"},{"taxonomy":"giftcard-category","embeddable":true,"href":"https:\/\/www.chocolate7.com\/en\/wp-json\/wp\/v2\/giftcard-category?post=33325"}],"curies":[{"name":"wp","href":"https:\/\/api.w.org\/{rel}","templated":true}]}}