{"id":33360,"date":"2024-02-14T15:19:52","date_gmt":"2024-02-14T14:19:54","guid":{"rendered":"https:\/\/www.chocolate7.com\/?post_type=product&#038;p=33360"},"modified":"2024-02-14T15:39:32","modified_gmt":"2024-02-14T14:39:32","slug":"cacao-experience-nicaragua-waslala-milk-chocolate-with-honey-pollen-copia","status":"publish","type":"product","link":"https:\/\/www.chocolate7.com\/en\/shop\/bar\/dark-chocolate-milk-chocolate-en\/cacao-experience-nicaragua-waslala-milk-chocolate-with-honey-pollen-copia\/","title":{"rendered":"Cacao Experience Nicaragua Waslala dark chocolate with honey &amp; pollen"},"content":{"rendered":"<p style=\"text-align: left\">Dark chocolate with inclusions \/ filled \/ flavored &#8211; Made by Cacao Experience<\/p>\n<p style=\"text-align: left\">Le\u00a0<strong>chocolat miel &amp; pollen<\/strong>, est une exp\u00e9rience gustative hors du commun. Lorsque le chocolat noir fond en bouche, il lib\u00e8re toute la complexit\u00e9 des ar\u00f4mes du\u00a0<strong>cacao Nicaraguayen<\/strong>. Le\u00a0<strong>miel de fleurs<\/strong>, utilis\u00e9 dans notre chocolat au miel, vient adoucir cette exp\u00e9rience en d\u00e9voilant des nuances florales qui viennent caresser le palais. Cependant, cette tablette ne se contente pas de charmer les papilles, les inclusions de\u00a0<strong>pollen<\/strong>\u00a0offrent une texture l\u00e9g\u00e8rement croquante ainsi qu&#8217;un visuel attrayant.<\/p>\n","protected":false},"excerpt":{"rendered":"<p>Cacao Experience is a bean to bar chocolate maker from France. This fine chocolate bar is made with cocoa from Nicaragua (Waslala). Cacao Experience Nicaragua Waslala dark chocolate with honey &amp; pollen 72% is a dark chocolate with fine honey (Au Palais des Abeilles), sweet, with aromatic notes of honey, fresh grapes, raisins, fresh butter, cream, vanilla, cocoa biscuit , pepper, wood<\/p>\n<p>&nbsp;<\/p>\n<p>&nbsp;<\/p>\n<p>&nbsp;<\/p>\n","protected":false},"featured_media":33362,"template":"","meta":[],"pwb-brand":[9254],"product_brand":[],"product_cat":[3251,3256],"product_tag":[],"giftcard-category":[],"class_list":{"0":"post-33360","1":"product","2":"type-product","3":"status-publish","4":"has-post-thumbnail","6":"pwb-brand-cacao-experience-en","7":"product_cat-bar","8":"product_cat-dark-chocolate-milk-chocolate-en","9":"pa_acidita-1-en","10":"pa_allergeni-may-contain-traces-of-gluten-milk-and-nuts-en","11":"pa_amarezza-1-en","12":"pa_astringenza-0-en","13":"pa_cacao-70-79-en","14":"pa_conservazione-store-in-a-cool-and-dry-place-between-16-c-and-18-c","15":"pa_dolcezza-3-en","16":"pa_ingredienti-cocoa-beans-nicaragua-sugar-cocoa-butter-flower-honey-pollen","17":"pa_note-di-degustazione-honey-quince-jam-raisins-hazelnut-cream-caramel-vanilla","18":"pa_paese-delle-fave-di-cacao-nicaragua-en","19":"pa_paese-produttore-france","20":"pa_percentuale-di-cacao-72-en","21":"pa_regione-waslala-en","22":"pa_tipo-di-cioccolato-flavoured-filled-inclusions-dark-chocolate-bar","23":"pa_varieta-delle-fave-cacaonica-coop-en","25":"first","26":"outofstock","27":"taxable","28":"shipping-taxable","29":"purchasable","30":"product-type-simple"},"yoast_head":"<!-- This site is optimized with the Yoast SEO plugin v23.3 - https:\/\/yoast.com\/wordpress\/plugins\/seo\/ -->\n<title>Cacao Experience Nicaragua Waslala dark chocolate with honey &amp; pollen - Chocolate7<\/title>\n<meta name=\"robots\" content=\"index, follow, max-snippet:-1, max-image-preview:large, max-video-preview:-1\" \/>\n<link rel=\"canonical\" href=\"https:\/\/www.chocolate7.com\/en\/shop\/bar\/dark-chocolate-milk-chocolate-en\/cacao-experience-nicaragua-waslala-milk-chocolate-with-honey-pollen-copia\/\" \/>\n<meta property=\"og:locale\" content=\"en_US\" \/>\n<meta property=\"og:type\" content=\"article\" \/>\n<meta property=\"og:title\" content=\"Cacao Experience Nicaragua Waslala dark chocolate with honey &amp; pollen - Chocolate7\" \/>\n<meta property=\"og:description\" content=\"Cacao Experience is a bean to bar chocolate maker from France. This fine chocolate bar is made with cocoa from Nicaragua (Waslala). Cacao Experience Nicaragua Waslala dark chocolate with honey &amp; pollen 72% is a dark chocolate with fine honey (Au Palais des Abeilles), sweet, with aromatic notes of honey, fresh grapes, raisins, fresh butter, cream, vanilla, cocoa biscuit , pepper, wood  &nbsp;  &nbsp;  &nbsp;\" \/>\n<meta property=\"og:url\" content=\"https:\/\/www.chocolate7.com\/en\/shop\/bar\/dark-chocolate-milk-chocolate-en\/cacao-experience-nicaragua-waslala-milk-chocolate-with-honey-pollen-copia\/\" \/>\n<meta property=\"og:site_name\" content=\"Chocolate7\" \/>\n<meta property=\"article:publisher\" content=\"https:\/\/www.facebook.com\/cremino.gianduia.1\" \/>\n<meta property=\"article:modified_time\" content=\"2024-02-14T14:39:32+00:00\" \/>\n<meta property=\"og:image\" content=\"https:\/\/www.chocolate7.com\/wp-content\/uploads\/2024\/02\/Screenshot_20240214_152322_Instagram-e1707921127780.jpg\" \/>\n\t<meta property=\"og:image:width\" content=\"1080\" \/>\n\t<meta property=\"og:image:height\" content=\"1074\" \/>\n\t<meta property=\"og:image:type\" content=\"image\/jpeg\" \/>\n<meta name=\"twitter:card\" content=\"summary_large_image\" \/>\n<meta name=\"twitter:site\" content=\"@GianduiaCremino\" \/>\n<script type=\"application\/ld+json\" class=\"yoast-schema-graph\">{\"@context\":\"https:\/\/schema.org\",\"@graph\":[{\"@type\":\"WebPage\",\"@id\":\"https:\/\/www.chocolate7.com\/en\/shop\/bar\/dark-chocolate-milk-chocolate-en\/cacao-experience-nicaragua-waslala-milk-chocolate-with-honey-pollen-copia\/\",\"url\":\"https:\/\/www.chocolate7.com\/en\/shop\/bar\/dark-chocolate-milk-chocolate-en\/cacao-experience-nicaragua-waslala-milk-chocolate-with-honey-pollen-copia\/\",\"name\":\"Cacao Experience Nicaragua Waslala dark chocolate with honey &amp; pollen - Chocolate7\",\"isPartOf\":{\"@id\":\"https:\/\/www.chocolate7.com\/#website\"},\"primaryImageOfPage\":{\"@id\":\"https:\/\/www.chocolate7.com\/en\/shop\/bar\/dark-chocolate-milk-chocolate-en\/cacao-experience-nicaragua-waslala-milk-chocolate-with-honey-pollen-copia\/#primaryimage\"},\"image\":{\"@id\":\"https:\/\/www.chocolate7.com\/en\/shop\/bar\/dark-chocolate-milk-chocolate-en\/cacao-experience-nicaragua-waslala-milk-chocolate-with-honey-pollen-copia\/#primaryimage\"},\"thumbnailUrl\":\"https:\/\/www.chocolate7.com\/wp-content\/uploads\/2024\/02\/Screenshot_20240214_152322_Instagram-e1707921127780.jpg\",\"datePublished\":\"2024-02-14T14:19:54+00:00\",\"dateModified\":\"2024-02-14T14:39:32+00:00\",\"breadcrumb\":{\"@id\":\"https:\/\/www.chocolate7.com\/en\/shop\/bar\/dark-chocolate-milk-chocolate-en\/cacao-experience-nicaragua-waslala-milk-chocolate-with-honey-pollen-copia\/#breadcrumb\"},\"inLanguage\":\"en-US\",\"potentialAction\":[{\"@type\":\"ReadAction\",\"target\":[\"https:\/\/www.chocolate7.com\/en\/shop\/bar\/dark-chocolate-milk-chocolate-en\/cacao-experience-nicaragua-waslala-milk-chocolate-with-honey-pollen-copia\/\"]}]},{\"@type\":\"ImageObject\",\"inLanguage\":\"en-US\",\"@id\":\"https:\/\/www.chocolate7.com\/en\/shop\/bar\/dark-chocolate-milk-chocolate-en\/cacao-experience-nicaragua-waslala-milk-chocolate-with-honey-pollen-copia\/#primaryimage\",\"url\":\"https:\/\/www.chocolate7.com\/wp-content\/uploads\/2024\/02\/Screenshot_20240214_152322_Instagram-e1707921127780.jpg\",\"contentUrl\":\"https:\/\/www.chocolate7.com\/wp-content\/uploads\/2024\/02\/Screenshot_20240214_152322_Instagram-e1707921127780.jpg\",\"width\":600,\"height\":597},{\"@type\":\"BreadcrumbList\",\"@id\":\"https:\/\/www.chocolate7.com\/en\/shop\/bar\/dark-chocolate-milk-chocolate-en\/cacao-experience-nicaragua-waslala-milk-chocolate-with-honey-pollen-copia\/#breadcrumb\",\"itemListElement\":[{\"@type\":\"ListItem\",\"position\":1,\"name\":\"Home\",\"item\":\"https:\/\/www.chocolate7.com\/en\/\"},{\"@type\":\"ListItem\",\"position\":2,\"name\":\"Shop\",\"item\":\"https:\/\/www.chocolate7.com\/en\/store\/\"},{\"@type\":\"ListItem\",\"position\":3,\"name\":\"Cacao Experience Nicaragua Waslala dark chocolate with honey &amp; pollen\"}]},{\"@type\":\"WebSite\",\"@id\":\"https:\/\/www.chocolate7.com\/#website\",\"url\":\"https:\/\/www.chocolate7.com\/\",\"name\":\"Chocolate7\",\"description\":\"The fine &amp; luxury chocolate selection\",\"publisher\":{\"@id\":\"https:\/\/www.chocolate7.com\/#organization\"},\"potentialAction\":[{\"@type\":\"SearchAction\",\"target\":{\"@type\":\"EntryPoint\",\"urlTemplate\":\"https:\/\/www.chocolate7.com\/?s={search_term_string}\"},\"query-input\":\"required name=search_term_string\"}],\"inLanguage\":\"en-US\"},{\"@type\":\"Organization\",\"@id\":\"https:\/\/www.chocolate7.com\/#organization\",\"name\":\"Choc7 di Benedetto Giovanni\",\"url\":\"https:\/\/www.chocolate7.com\/\",\"logo\":{\"@type\":\"ImageObject\",\"inLanguage\":\"en-US\",\"@id\":\"https:\/\/www.chocolate7.com\/#\/schema\/logo\/image\/\",\"url\":\"https:\/\/www.chocolate7.com\/wp-content\/uploads\/2018\/10\/logo_chocolate.png\",\"contentUrl\":\"https:\/\/www.chocolate7.com\/wp-content\/uploads\/2018\/10\/logo_chocolate.png\",\"width\":200,\"height\":41,\"caption\":\"Choc7 di Benedetto Giovanni\"},\"image\":{\"@id\":\"https:\/\/www.chocolate7.com\/#\/schema\/logo\/image\/\"},\"sameAs\":[\"https:\/\/www.facebook.com\/cremino.gianduia.1\",\"https:\/\/x.com\/GianduiaCremino\",\"https:\/\/www.instagram.com\/creminogianduia\/\",\"https:\/\/www.pinterest.com.au\/creminogianduia\/\",\"https:\/\/www.youtube.com\/channel\/UCWFQlcc9EQnAsLkD8rBsgig\"]}]}<\/script>\n<!-- \/ Yoast SEO plugin. -->","yoast_head_json":{"title":"Cacao Experience Nicaragua Waslala dark chocolate with honey &amp; pollen - Chocolate7","robots":{"index":"index","follow":"follow","max-snippet":"max-snippet:-1","max-image-preview":"max-image-preview:large","max-video-preview":"max-video-preview:-1"},"canonical":"https:\/\/www.chocolate7.com\/en\/shop\/bar\/dark-chocolate-milk-chocolate-en\/cacao-experience-nicaragua-waslala-milk-chocolate-with-honey-pollen-copia\/","og_locale":"en_US","og_type":"article","og_title":"Cacao Experience Nicaragua Waslala dark chocolate with honey &amp; pollen - Chocolate7","og_description":"Cacao Experience is a bean to bar chocolate maker from France. This fine chocolate bar is made with cocoa from Nicaragua (Waslala). Cacao Experience Nicaragua Waslala dark chocolate with honey &amp; pollen 72% is a dark chocolate with fine honey (Au Palais des Abeilles), sweet, with aromatic notes of honey, fresh grapes, raisins, fresh butter, cream, vanilla, cocoa biscuit , pepper, wood  &nbsp;  &nbsp;  &nbsp;","og_url":"https:\/\/www.chocolate7.com\/en\/shop\/bar\/dark-chocolate-milk-chocolate-en\/cacao-experience-nicaragua-waslala-milk-chocolate-with-honey-pollen-copia\/","og_site_name":"Chocolate7","article_publisher":"https:\/\/www.facebook.com\/cremino.gianduia.1","article_modified_time":"2024-02-14T14:39:32+00:00","og_image":[{"width":1080,"height":1074,"url":"https:\/\/www.chocolate7.com\/wp-content\/uploads\/2024\/02\/Screenshot_20240214_152322_Instagram-e1707921127780.jpg","type":"image\/jpeg"}],"twitter_card":"summary_large_image","twitter_site":"@GianduiaCremino","schema":{"@context":"https:\/\/schema.org","@graph":[{"@type":"WebPage","@id":"https:\/\/www.chocolate7.com\/en\/shop\/bar\/dark-chocolate-milk-chocolate-en\/cacao-experience-nicaragua-waslala-milk-chocolate-with-honey-pollen-copia\/","url":"https:\/\/www.chocolate7.com\/en\/shop\/bar\/dark-chocolate-milk-chocolate-en\/cacao-experience-nicaragua-waslala-milk-chocolate-with-honey-pollen-copia\/","name":"Cacao Experience Nicaragua Waslala dark chocolate with honey &amp; pollen - Chocolate7","isPartOf":{"@id":"https:\/\/www.chocolate7.com\/#website"},"primaryImageOfPage":{"@id":"https:\/\/www.chocolate7.com\/en\/shop\/bar\/dark-chocolate-milk-chocolate-en\/cacao-experience-nicaragua-waslala-milk-chocolate-with-honey-pollen-copia\/#primaryimage"},"image":{"@id":"https:\/\/www.chocolate7.com\/en\/shop\/bar\/dark-chocolate-milk-chocolate-en\/cacao-experience-nicaragua-waslala-milk-chocolate-with-honey-pollen-copia\/#primaryimage"},"thumbnailUrl":"https:\/\/www.chocolate7.com\/wp-content\/uploads\/2024\/02\/Screenshot_20240214_152322_Instagram-e1707921127780.jpg","datePublished":"2024-02-14T14:19:54+00:00","dateModified":"2024-02-14T14:39:32+00:00","breadcrumb":{"@id":"https:\/\/www.chocolate7.com\/en\/shop\/bar\/dark-chocolate-milk-chocolate-en\/cacao-experience-nicaragua-waslala-milk-chocolate-with-honey-pollen-copia\/#breadcrumb"},"inLanguage":"en-US","potentialAction":[{"@type":"ReadAction","target":["https:\/\/www.chocolate7.com\/en\/shop\/bar\/dark-chocolate-milk-chocolate-en\/cacao-experience-nicaragua-waslala-milk-chocolate-with-honey-pollen-copia\/"]}]},{"@type":"ImageObject","inLanguage":"en-US","@id":"https:\/\/www.chocolate7.com\/en\/shop\/bar\/dark-chocolate-milk-chocolate-en\/cacao-experience-nicaragua-waslala-milk-chocolate-with-honey-pollen-copia\/#primaryimage","url":"https:\/\/www.chocolate7.com\/wp-content\/uploads\/2024\/02\/Screenshot_20240214_152322_Instagram-e1707921127780.jpg","contentUrl":"https:\/\/www.chocolate7.com\/wp-content\/uploads\/2024\/02\/Screenshot_20240214_152322_Instagram-e1707921127780.jpg","width":600,"height":597},{"@type":"BreadcrumbList","@id":"https:\/\/www.chocolate7.com\/en\/shop\/bar\/dark-chocolate-milk-chocolate-en\/cacao-experience-nicaragua-waslala-milk-chocolate-with-honey-pollen-copia\/#breadcrumb","itemListElement":[{"@type":"ListItem","position":1,"name":"Home","item":"https:\/\/www.chocolate7.com\/en\/"},{"@type":"ListItem","position":2,"name":"Shop","item":"https:\/\/www.chocolate7.com\/en\/store\/"},{"@type":"ListItem","position":3,"name":"Cacao Experience Nicaragua Waslala dark chocolate with honey &amp; pollen"}]},{"@type":"WebSite","@id":"https:\/\/www.chocolate7.com\/#website","url":"https:\/\/www.chocolate7.com\/","name":"Chocolate7","description":"The fine &amp; luxury chocolate selection","publisher":{"@id":"https:\/\/www.chocolate7.com\/#organization"},"potentialAction":[{"@type":"SearchAction","target":{"@type":"EntryPoint","urlTemplate":"https:\/\/www.chocolate7.com\/?s={search_term_string}"},"query-input":"required name=search_term_string"}],"inLanguage":"en-US"},{"@type":"Organization","@id":"https:\/\/www.chocolate7.com\/#organization","name":"Choc7 di Benedetto Giovanni","url":"https:\/\/www.chocolate7.com\/","logo":{"@type":"ImageObject","inLanguage":"en-US","@id":"https:\/\/www.chocolate7.com\/#\/schema\/logo\/image\/","url":"https:\/\/www.chocolate7.com\/wp-content\/uploads\/2018\/10\/logo_chocolate.png","contentUrl":"https:\/\/www.chocolate7.com\/wp-content\/uploads\/2018\/10\/logo_chocolate.png","width":200,"height":41,"caption":"Choc7 di Benedetto Giovanni"},"image":{"@id":"https:\/\/www.chocolate7.com\/#\/schema\/logo\/image\/"},"sameAs":["https:\/\/www.facebook.com\/cremino.gianduia.1","https:\/\/x.com\/GianduiaCremino","https:\/\/www.instagram.com\/creminogianduia\/","https:\/\/www.pinterest.com.au\/creminogianduia\/","https:\/\/www.youtube.com\/channel\/UCWFQlcc9EQnAsLkD8rBsgig"]}]}},"brands":[{"id":9254,"name":"Cacao Experience","slug":"cacao-experience-en"}],"_links":{"self":[{"href":"https:\/\/www.chocolate7.com\/en\/wp-json\/wp\/v2\/product\/33360","targetHints":{"allow":["GET"]}}],"collection":[{"href":"https:\/\/www.chocolate7.com\/en\/wp-json\/wp\/v2\/product"}],"about":[{"href":"https:\/\/www.chocolate7.com\/en\/wp-json\/wp\/v2\/types\/product"}],"wp:featuredmedia":[{"embeddable":true,"href":"https:\/\/www.chocolate7.com\/en\/wp-json\/wp\/v2\/media\/33362"}],"wp:attachment":[{"href":"https:\/\/www.chocolate7.com\/en\/wp-json\/wp\/v2\/media?parent=33360"}],"wp:term":[{"taxonomy":"pwb-brand","embeddable":true,"href":"https:\/\/www.chocolate7.com\/en\/wp-json\/wp\/v2\/pwb-brand?post=33360"},{"taxonomy":"product_brand","embeddable":true,"href":"https:\/\/www.chocolate7.com\/en\/wp-json\/wp\/v2\/product_brand?post=33360"},{"taxonomy":"product_cat","embeddable":true,"href":"https:\/\/www.chocolate7.com\/en\/wp-json\/wp\/v2\/product_cat?post=33360"},{"taxonomy":"product_tag","embeddable":true,"href":"https:\/\/www.chocolate7.com\/en\/wp-json\/wp\/v2\/product_tag?post=33360"},{"taxonomy":"giftcard-category","embeddable":true,"href":"https:\/\/www.chocolate7.com\/en\/wp-json\/wp\/v2\/giftcard-category?post=33360"}],"curies":[{"name":"wp","href":"https:\/\/api.w.org\/{rel}","templated":true}]}}