{"id":33368,"date":"2024-02-15T18:51:15","date_gmt":"2024-02-15T17:51:16","guid":{"rendered":"https:\/\/www.chocolate7.com\/?post_type=product&#038;p=33368"},"modified":"2024-05-13T17:13:33","modified_gmt":"2024-05-13T15:13:33","slug":"chocolate-tree-rum-pineapple-coconut-copia","status":"publish","type":"product","link":"https:\/\/www.chocolate7.com\/en\/shop\/bar\/dark-chocolate-milk-chocolate-en\/chocolate-tree-rum-pineapple-coconut-copia\/","title":{"rendered":"Barre clandestine Belize dark chocolate with rum cocoa nibs"},"content":{"rendered":"<p style=\"text-align: left\">Dark chocolate bar with inclusions \/ filled \/ flavored &#8211; Made by Barre clandestine<\/p>\n<p>Pays m\u00e9connu d\u2019Am\u00e9rique centrale, le B\u00e9lize poss\u00e8de une for\u00eat tropicale dont sont issus deux produits d\u2019exception : le cacao Maya Mountain et le Rhum Copalli blanc associ\u00e9s dans une tablette de chocolat au gout et \u00e0 la texture unique.<\/p>\n<p>Des \u00e9clats de f\u00e8ves de cacao Maya Mountain, infus\u00e9s au Rhum Copalli blanc, apportent croquant et puissance aromatique \u00e0 notre chocolat grand cru aux notes de miel et d\u2019ananas.<\/p>\n","protected":false},"excerpt":{"rendered":"<p>Barre clandestine, is a bean to bar chocolate maker from France. This fine chocolate bar is made with cocoa from Belize (Maya Mountain). Barre clandestine Belize dark chocolate with rum cocoa nibs 75% is a sweet dark chocolate, (with cocoa nibs infused in Copalli white rum), with floral aromatic notes, honey, pineapple, coffee and rum<\/p>\n","protected":false},"featured_media":33370,"template":"","meta":[],"pwb-brand":[12727],"product_brand":[],"product_cat":[3251,3256],"product_tag":[],"giftcard-category":[],"class_list":{"0":"post-33368","1":"product","2":"type-product","3":"status-publish","4":"has-post-thumbnail","6":"pwb-brand-barre-clandestine-en","7":"product_cat-bar","8":"product_cat-dark-chocolate-milk-chocolate-en","9":"pa_acidita-1-en","10":"pa_allergeni-may-contain-traces-of-nuts-milk-gluten","11":"pa_amarezza-1-en","12":"pa_astringenza-0-en","13":"pa_cacao-70-79-en","14":"pa_carboidrati-30-g-en","15":"pa_carboidrati-zuccheri-26-g-en","16":"pa_certificazioni-fr-bio-15-agriculture-non-ue-en","17":"pa_codice-a-barre-3760372540258-en","18":"pa_conservazione-store-in-a-cool-and-dry-place-between-16-c-and-18-c","19":"pa_dolcezza-4-en","20":"pa_grassi-39-g-en","21":"pa_grassi-saturi-26-g-en","22":"pa_ingredienti-organic-cocoa-beans-73-organic-cane-sugar-27-cocoa-nibs-infused-with-rum","23":"pa_note-di-degustazione-pineapple-coconut-rum","24":"pa_paese-delle-fave-di-cacao-belize-en","25":"pa_paese-produttore-france","26":"pa_percentuale-di-cacao-73-en","27":"pa_proteine-7-g-en","28":"pa_sale-0-g-en","29":"pa_tipo-di-cioccolato-flavoured-filled-inclusions-dark-chocolate-en","30":"pa_valore-energetico-2371-kj-570-kcal-en","31":"pa_varieta-delle-fave-maya-mountain-en","33":"first","34":"outofstock","35":"taxable","36":"shipping-taxable","37":"purchasable","38":"product-type-simple"},"yoast_head":"<!-- This site is optimized with the Yoast SEO plugin v23.3 - https:\/\/yoast.com\/wordpress\/plugins\/seo\/ -->\n<title>Barre clandestine Belize dark chocolate with rum cocoa nibs - Chocolate7<\/title>\n<meta name=\"robots\" content=\"index, follow, max-snippet:-1, max-image-preview:large, max-video-preview:-1\" \/>\n<link rel=\"canonical\" href=\"https:\/\/www.chocolate7.com\/en\/shop\/bar\/dark-chocolate-milk-chocolate-en\/chocolate-tree-rum-pineapple-coconut-copia\/\" \/>\n<meta property=\"og:locale\" content=\"en_US\" \/>\n<meta property=\"og:type\" content=\"article\" \/>\n<meta property=\"og:title\" content=\"Barre clandestine Belize dark chocolate with rum cocoa nibs - Chocolate7\" \/>\n<meta property=\"og:description\" content=\"Barre clandestine, is a bean to bar chocolate maker from France. This fine chocolate bar is made with cocoa from Belize (Maya Mountain). Barre clandestine Belize dark chocolate with rum cocoa nibs 75% is a sweet dark chocolate, (with cocoa nibs infused in Copalli white rum), with floral aromatic notes, honey, pineapple, coffee and rum\" \/>\n<meta property=\"og:url\" content=\"https:\/\/www.chocolate7.com\/en\/shop\/bar\/dark-chocolate-milk-chocolate-en\/chocolate-tree-rum-pineapple-coconut-copia\/\" \/>\n<meta property=\"og:site_name\" content=\"Chocolate7\" \/>\n<meta property=\"article:publisher\" content=\"https:\/\/www.facebook.com\/cremino.gianduia.1\" \/>\n<meta property=\"article:modified_time\" content=\"2024-05-13T15:13:33+00:00\" \/>\n<meta property=\"og:image\" content=\"https:\/\/www.chocolate7.com\/wp-content\/uploads\/2024\/02\/Screenshot_20240215_183103_Instagram-e1708021159161.jpg\" \/>\n\t<meta property=\"og:image:width\" content=\"1080\" \/>\n\t<meta property=\"og:image:height\" content=\"1088\" \/>\n\t<meta property=\"og:image:type\" content=\"image\/jpeg\" \/>\n<meta name=\"twitter:card\" content=\"summary_large_image\" \/>\n<meta name=\"twitter:site\" content=\"@GianduiaCremino\" \/>\n<script type=\"application\/ld+json\" class=\"yoast-schema-graph\">{\"@context\":\"https:\/\/schema.org\",\"@graph\":[{\"@type\":\"WebPage\",\"@id\":\"https:\/\/www.chocolate7.com\/en\/shop\/bar\/dark-chocolate-milk-chocolate-en\/chocolate-tree-rum-pineapple-coconut-copia\/\",\"url\":\"https:\/\/www.chocolate7.com\/en\/shop\/bar\/dark-chocolate-milk-chocolate-en\/chocolate-tree-rum-pineapple-coconut-copia\/\",\"name\":\"Barre clandestine Belize dark chocolate with rum cocoa nibs - Chocolate7\",\"isPartOf\":{\"@id\":\"https:\/\/www.chocolate7.com\/#website\"},\"primaryImageOfPage\":{\"@id\":\"https:\/\/www.chocolate7.com\/en\/shop\/bar\/dark-chocolate-milk-chocolate-en\/chocolate-tree-rum-pineapple-coconut-copia\/#primaryimage\"},\"image\":{\"@id\":\"https:\/\/www.chocolate7.com\/en\/shop\/bar\/dark-chocolate-milk-chocolate-en\/chocolate-tree-rum-pineapple-coconut-copia\/#primaryimage\"},\"thumbnailUrl\":\"https:\/\/www.chocolate7.com\/wp-content\/uploads\/2024\/02\/Screenshot_20240215_183103_Instagram-e1708021159161.jpg\",\"datePublished\":\"2024-02-15T17:51:16+00:00\",\"dateModified\":\"2024-05-13T15:13:33+00:00\",\"breadcrumb\":{\"@id\":\"https:\/\/www.chocolate7.com\/en\/shop\/bar\/dark-chocolate-milk-chocolate-en\/chocolate-tree-rum-pineapple-coconut-copia\/#breadcrumb\"},\"inLanguage\":\"en-US\",\"potentialAction\":[{\"@type\":\"ReadAction\",\"target\":[\"https:\/\/www.chocolate7.com\/en\/shop\/bar\/dark-chocolate-milk-chocolate-en\/chocolate-tree-rum-pineapple-coconut-copia\/\"]}]},{\"@type\":\"ImageObject\",\"inLanguage\":\"en-US\",\"@id\":\"https:\/\/www.chocolate7.com\/en\/shop\/bar\/dark-chocolate-milk-chocolate-en\/chocolate-tree-rum-pineapple-coconut-copia\/#primaryimage\",\"url\":\"https:\/\/www.chocolate7.com\/wp-content\/uploads\/2024\/02\/Screenshot_20240215_183103_Instagram-e1708021159161.jpg\",\"contentUrl\":\"https:\/\/www.chocolate7.com\/wp-content\/uploads\/2024\/02\/Screenshot_20240215_183103_Instagram-e1708021159161.jpg\",\"width\":600,\"height\":604},{\"@type\":\"BreadcrumbList\",\"@id\":\"https:\/\/www.chocolate7.com\/en\/shop\/bar\/dark-chocolate-milk-chocolate-en\/chocolate-tree-rum-pineapple-coconut-copia\/#breadcrumb\",\"itemListElement\":[{\"@type\":\"ListItem\",\"position\":1,\"name\":\"Home\",\"item\":\"https:\/\/www.chocolate7.com\/en\/\"},{\"@type\":\"ListItem\",\"position\":2,\"name\":\"Shop\",\"item\":\"https:\/\/www.chocolate7.com\/en\/store\/\"},{\"@type\":\"ListItem\",\"position\":3,\"name\":\"Barre clandestine Belize dark chocolate with rum cocoa nibs\"}]},{\"@type\":\"WebSite\",\"@id\":\"https:\/\/www.chocolate7.com\/#website\",\"url\":\"https:\/\/www.chocolate7.com\/\",\"name\":\"Chocolate7\",\"description\":\"The fine &amp; luxury chocolate selection\",\"publisher\":{\"@id\":\"https:\/\/www.chocolate7.com\/#organization\"},\"potentialAction\":[{\"@type\":\"SearchAction\",\"target\":{\"@type\":\"EntryPoint\",\"urlTemplate\":\"https:\/\/www.chocolate7.com\/?s={search_term_string}\"},\"query-input\":\"required name=search_term_string\"}],\"inLanguage\":\"en-US\"},{\"@type\":\"Organization\",\"@id\":\"https:\/\/www.chocolate7.com\/#organization\",\"name\":\"Choc7 di Benedetto Giovanni\",\"url\":\"https:\/\/www.chocolate7.com\/\",\"logo\":{\"@type\":\"ImageObject\",\"inLanguage\":\"en-US\",\"@id\":\"https:\/\/www.chocolate7.com\/#\/schema\/logo\/image\/\",\"url\":\"https:\/\/www.chocolate7.com\/wp-content\/uploads\/2018\/10\/logo_chocolate.png\",\"contentUrl\":\"https:\/\/www.chocolate7.com\/wp-content\/uploads\/2018\/10\/logo_chocolate.png\",\"width\":200,\"height\":41,\"caption\":\"Choc7 di Benedetto Giovanni\"},\"image\":{\"@id\":\"https:\/\/www.chocolate7.com\/#\/schema\/logo\/image\/\"},\"sameAs\":[\"https:\/\/www.facebook.com\/cremino.gianduia.1\",\"https:\/\/x.com\/GianduiaCremino\",\"https:\/\/www.instagram.com\/creminogianduia\/\",\"https:\/\/www.pinterest.com.au\/creminogianduia\/\",\"https:\/\/www.youtube.com\/channel\/UCWFQlcc9EQnAsLkD8rBsgig\"]}]}<\/script>\n<!-- \/ Yoast SEO plugin. -->","yoast_head_json":{"title":"Barre clandestine Belize dark chocolate with rum cocoa nibs - Chocolate7","robots":{"index":"index","follow":"follow","max-snippet":"max-snippet:-1","max-image-preview":"max-image-preview:large","max-video-preview":"max-video-preview:-1"},"canonical":"https:\/\/www.chocolate7.com\/en\/shop\/bar\/dark-chocolate-milk-chocolate-en\/chocolate-tree-rum-pineapple-coconut-copia\/","og_locale":"en_US","og_type":"article","og_title":"Barre clandestine Belize dark chocolate with rum cocoa nibs - Chocolate7","og_description":"Barre clandestine, is a bean to bar chocolate maker from France. This fine chocolate bar is made with cocoa from Belize (Maya Mountain). Barre clandestine Belize dark chocolate with rum cocoa nibs 75% is a sweet dark chocolate, (with cocoa nibs infused in Copalli white rum), with floral aromatic notes, honey, pineapple, coffee and rum","og_url":"https:\/\/www.chocolate7.com\/en\/shop\/bar\/dark-chocolate-milk-chocolate-en\/chocolate-tree-rum-pineapple-coconut-copia\/","og_site_name":"Chocolate7","article_publisher":"https:\/\/www.facebook.com\/cremino.gianduia.1","article_modified_time":"2024-05-13T15:13:33+00:00","og_image":[{"width":1080,"height":1088,"url":"https:\/\/www.chocolate7.com\/wp-content\/uploads\/2024\/02\/Screenshot_20240215_183103_Instagram-e1708021159161.jpg","type":"image\/jpeg"}],"twitter_card":"summary_large_image","twitter_site":"@GianduiaCremino","schema":{"@context":"https:\/\/schema.org","@graph":[{"@type":"WebPage","@id":"https:\/\/www.chocolate7.com\/en\/shop\/bar\/dark-chocolate-milk-chocolate-en\/chocolate-tree-rum-pineapple-coconut-copia\/","url":"https:\/\/www.chocolate7.com\/en\/shop\/bar\/dark-chocolate-milk-chocolate-en\/chocolate-tree-rum-pineapple-coconut-copia\/","name":"Barre clandestine Belize dark chocolate with rum cocoa nibs - Chocolate7","isPartOf":{"@id":"https:\/\/www.chocolate7.com\/#website"},"primaryImageOfPage":{"@id":"https:\/\/www.chocolate7.com\/en\/shop\/bar\/dark-chocolate-milk-chocolate-en\/chocolate-tree-rum-pineapple-coconut-copia\/#primaryimage"},"image":{"@id":"https:\/\/www.chocolate7.com\/en\/shop\/bar\/dark-chocolate-milk-chocolate-en\/chocolate-tree-rum-pineapple-coconut-copia\/#primaryimage"},"thumbnailUrl":"https:\/\/www.chocolate7.com\/wp-content\/uploads\/2024\/02\/Screenshot_20240215_183103_Instagram-e1708021159161.jpg","datePublished":"2024-02-15T17:51:16+00:00","dateModified":"2024-05-13T15:13:33+00:00","breadcrumb":{"@id":"https:\/\/www.chocolate7.com\/en\/shop\/bar\/dark-chocolate-milk-chocolate-en\/chocolate-tree-rum-pineapple-coconut-copia\/#breadcrumb"},"inLanguage":"en-US","potentialAction":[{"@type":"ReadAction","target":["https:\/\/www.chocolate7.com\/en\/shop\/bar\/dark-chocolate-milk-chocolate-en\/chocolate-tree-rum-pineapple-coconut-copia\/"]}]},{"@type":"ImageObject","inLanguage":"en-US","@id":"https:\/\/www.chocolate7.com\/en\/shop\/bar\/dark-chocolate-milk-chocolate-en\/chocolate-tree-rum-pineapple-coconut-copia\/#primaryimage","url":"https:\/\/www.chocolate7.com\/wp-content\/uploads\/2024\/02\/Screenshot_20240215_183103_Instagram-e1708021159161.jpg","contentUrl":"https:\/\/www.chocolate7.com\/wp-content\/uploads\/2024\/02\/Screenshot_20240215_183103_Instagram-e1708021159161.jpg","width":600,"height":604},{"@type":"BreadcrumbList","@id":"https:\/\/www.chocolate7.com\/en\/shop\/bar\/dark-chocolate-milk-chocolate-en\/chocolate-tree-rum-pineapple-coconut-copia\/#breadcrumb","itemListElement":[{"@type":"ListItem","position":1,"name":"Home","item":"https:\/\/www.chocolate7.com\/en\/"},{"@type":"ListItem","position":2,"name":"Shop","item":"https:\/\/www.chocolate7.com\/en\/store\/"},{"@type":"ListItem","position":3,"name":"Barre clandestine Belize dark chocolate with rum cocoa nibs"}]},{"@type":"WebSite","@id":"https:\/\/www.chocolate7.com\/#website","url":"https:\/\/www.chocolate7.com\/","name":"Chocolate7","description":"The fine &amp; luxury chocolate selection","publisher":{"@id":"https:\/\/www.chocolate7.com\/#organization"},"potentialAction":[{"@type":"SearchAction","target":{"@type":"EntryPoint","urlTemplate":"https:\/\/www.chocolate7.com\/?s={search_term_string}"},"query-input":"required name=search_term_string"}],"inLanguage":"en-US"},{"@type":"Organization","@id":"https:\/\/www.chocolate7.com\/#organization","name":"Choc7 di Benedetto Giovanni","url":"https:\/\/www.chocolate7.com\/","logo":{"@type":"ImageObject","inLanguage":"en-US","@id":"https:\/\/www.chocolate7.com\/#\/schema\/logo\/image\/","url":"https:\/\/www.chocolate7.com\/wp-content\/uploads\/2018\/10\/logo_chocolate.png","contentUrl":"https:\/\/www.chocolate7.com\/wp-content\/uploads\/2018\/10\/logo_chocolate.png","width":200,"height":41,"caption":"Choc7 di Benedetto Giovanni"},"image":{"@id":"https:\/\/www.chocolate7.com\/#\/schema\/logo\/image\/"},"sameAs":["https:\/\/www.facebook.com\/cremino.gianduia.1","https:\/\/x.com\/GianduiaCremino","https:\/\/www.instagram.com\/creminogianduia\/","https:\/\/www.pinterest.com.au\/creminogianduia\/","https:\/\/www.youtube.com\/channel\/UCWFQlcc9EQnAsLkD8rBsgig"]}]}},"brands":[{"id":12727,"name":"Barre clandestine","slug":"barre-clandestine-en"}],"_links":{"self":[{"href":"https:\/\/www.chocolate7.com\/en\/wp-json\/wp\/v2\/product\/33368","targetHints":{"allow":["GET"]}}],"collection":[{"href":"https:\/\/www.chocolate7.com\/en\/wp-json\/wp\/v2\/product"}],"about":[{"href":"https:\/\/www.chocolate7.com\/en\/wp-json\/wp\/v2\/types\/product"}],"wp:featuredmedia":[{"embeddable":true,"href":"https:\/\/www.chocolate7.com\/en\/wp-json\/wp\/v2\/media\/33370"}],"wp:attachment":[{"href":"https:\/\/www.chocolate7.com\/en\/wp-json\/wp\/v2\/media?parent=33368"}],"wp:term":[{"taxonomy":"pwb-brand","embeddable":true,"href":"https:\/\/www.chocolate7.com\/en\/wp-json\/wp\/v2\/pwb-brand?post=33368"},{"taxonomy":"product_brand","embeddable":true,"href":"https:\/\/www.chocolate7.com\/en\/wp-json\/wp\/v2\/product_brand?post=33368"},{"taxonomy":"product_cat","embeddable":true,"href":"https:\/\/www.chocolate7.com\/en\/wp-json\/wp\/v2\/product_cat?post=33368"},{"taxonomy":"product_tag","embeddable":true,"href":"https:\/\/www.chocolate7.com\/en\/wp-json\/wp\/v2\/product_tag?post=33368"},{"taxonomy":"giftcard-category","embeddable":true,"href":"https:\/\/www.chocolate7.com\/en\/wp-json\/wp\/v2\/giftcard-category?post=33368"}],"curies":[{"name":"wp","href":"https:\/\/api.w.org\/{rel}","templated":true}]}}