{"id":33374,"date":"2024-02-16T19:14:30","date_gmt":"2024-02-16T18:14:31","guid":{"rendered":"https:\/\/www.chocolate7.com\/?post_type=product&#038;p=33374"},"modified":"2024-02-16T19:41:17","modified_gmt":"2024-02-16T18:41:17","slug":"zoto-ecuador-yunga-copia","status":"publish","type":"product","link":"https:\/\/www.chocolate7.com\/en\/shop\/bar\/dark-chocolate-en-2\/zoto-ecuador-yunga-copia\/","title":{"rendered":"COMTE Ecuador Manabi"},"content":{"rendered":"<p style=\"text-align: left\">Dark chocolate bar &#8211; Made by COMTE<\/p>\n<p class=\"\">Pierre-Yves Comte a choisi ce cacao cultiv\u00e9 par la famille Cornejo Zambrano dans le village de Barraganete, canton de Pichincha, province de Manabi. Il s&#8217;agit d&#8217;une production agricole familiale diversifi\u00e9e qui comprend diff\u00e9rentes esp\u00e8ces d&#8217;arbres fruitiers (arbre \u00e0 pain, oranger, citronnier, caf\u00e9ier). Ce cacao est issu des vari\u00e9t\u00e9s Nacional et Trinitarion. L\u2019\u00e2ge moyen des arbres est de 80 ans, ce qui est tr\u00e8s vieux pour un cacaoyer !<\/p>\n<p>&nbsp;<\/p>\n","protected":false},"excerpt":{"rendered":"<p>COMTE is a bean to bar chocolate maker from France. This fine chocolate bar is made with cocoa from Ecuador (Manabi). COMTE Ecuador Manabi 76% is a pleasantly acidic dark chocolate, with aromatic notes of gardenia, pink grapefruit, raspberry, blackberry, blueberry, herbaceous, tea, ginger<\/p>\n<p>&nbsp;<\/p>\n","protected":false},"featured_media":33376,"template":"","meta":[],"pwb-brand":[12738],"product_brand":[],"product_cat":[3251,3255],"product_tag":[],"giftcard-category":[],"class_list":{"0":"post-33374","1":"product","2":"type-product","3":"status-publish","4":"has-post-thumbnail","6":"pwb-brand-comte-en","7":"product_cat-bar","8":"product_cat-dark-chocolate-en-2","9":"pa_acidita-4-en","10":"pa_amarezza-2-en","11":"pa_astringenza-1-en","12":"pa_cacao-70-79-en","13":"pa_carboidrati-30-g-en","14":"pa_carboidrati-zuccheri-25-g-en","15":"pa_codice-a-barre-3760113280283-en","16":"pa_conservazione-ideal-storage-temperature-17c","17":"pa_dolcezza-3-en","18":"pa_grassi-44-g-en","19":"pa_grassi-saturi-28-g-en","20":"pa_ingredienti-cocoa-beans-organic-cane-sugar","21":"pa_note-di-degustazione-gardenia-pink-grapefruit-raspberry-blackberry-blueberry-herbaceous-tea-ginger","22":"pa_paese-delle-fave-di-cacao-ecuador-en","23":"pa_paese-produttore-france","24":"pa_percentuale-di-cacao-76-en","25":"pa_proteine-9-g-en","26":"pa_regione-manabi-en","27":"pa_tipo-di-cioccolato-fondente-en","28":"pa_valore-energetico-552-kcal-2307-kj-en","30":"first","31":"instock","32":"taxable","33":"shipping-taxable","34":"purchasable","35":"product-type-simple"},"yoast_head":"<!-- This site is optimized with the Yoast SEO plugin v23.3 - https:\/\/yoast.com\/wordpress\/plugins\/seo\/ -->\n<title>COMTE Ecuador Manabi - Chocolate7<\/title>\n<meta name=\"robots\" content=\"index, follow, max-snippet:-1, max-image-preview:large, max-video-preview:-1\" \/>\n<link rel=\"canonical\" href=\"https:\/\/www.chocolate7.com\/shop\/tavoletta\/fondente\/comte-ecuador-manabi\/\" \/>\n<meta property=\"og:locale\" content=\"en_US\" \/>\n<meta property=\"og:type\" content=\"article\" \/>\n<meta property=\"og:title\" content=\"COMTE Ecuador Manabi - Chocolate7\" \/>\n<meta property=\"og:description\" content=\"COMTE is a bean to bar chocolate maker from France. This fine chocolate bar is made with cocoa from Ecuador (Manabi). COMTE Ecuador Manabi 76% is a pleasantly acidic dark chocolate, with aromatic notes of gardenia, pink grapefruit, raspberry, blackberry, blueberry, herbaceous, tea, ginger  &nbsp;\" \/>\n<meta property=\"og:url\" content=\"https:\/\/www.chocolate7.com\/shop\/tavoletta\/fondente\/comte-ecuador-manabi\/\" \/>\n<meta property=\"og:site_name\" content=\"Chocolate7\" \/>\n<meta property=\"article:publisher\" content=\"https:\/\/www.facebook.com\/cremino.gianduia.1\" \/>\n<meta property=\"article:modified_time\" content=\"2024-02-16T18:41:17+00:00\" \/>\n<meta property=\"og:image\" content=\"https:\/\/www.chocolate7.com\/wp-content\/uploads\/2024\/02\/Screenshot_20240216_185746_Instagram-e1708108236245.jpg\" \/>\n\t<meta property=\"og:image:width\" content=\"600\" \/>\n\t<meta property=\"og:image:height\" content=\"603\" \/>\n\t<meta property=\"og:image:type\" content=\"image\/jpeg\" \/>\n<meta name=\"twitter:card\" content=\"summary_large_image\" \/>\n<meta name=\"twitter:site\" content=\"@GianduiaCremino\" \/>\n<script type=\"application\/ld+json\" class=\"yoast-schema-graph\">{\"@context\":\"https:\/\/schema.org\",\"@graph\":[{\"@type\":\"WebPage\",\"@id\":\"https:\/\/www.chocolate7.com\/shop\/tavoletta\/fondente\/comte-ecuador-manabi\/\",\"url\":\"https:\/\/www.chocolate7.com\/shop\/tavoletta\/fondente\/comte-ecuador-manabi\/\",\"name\":\"COMTE Ecuador Manabi - Chocolate7\",\"isPartOf\":{\"@id\":\"https:\/\/www.chocolate7.com\/#website\"},\"primaryImageOfPage\":{\"@id\":\"https:\/\/www.chocolate7.com\/shop\/tavoletta\/fondente\/comte-ecuador-manabi\/#primaryimage\"},\"image\":{\"@id\":\"https:\/\/www.chocolate7.com\/shop\/tavoletta\/fondente\/comte-ecuador-manabi\/#primaryimage\"},\"thumbnailUrl\":\"https:\/\/www.chocolate7.com\/wp-content\/uploads\/2024\/02\/Screenshot_20240216_185746_Instagram-e1708108236245.jpg\",\"datePublished\":\"2024-02-16T18:14:31+00:00\",\"dateModified\":\"2024-02-16T18:41:17+00:00\",\"breadcrumb\":{\"@id\":\"https:\/\/www.chocolate7.com\/shop\/tavoletta\/fondente\/comte-ecuador-manabi\/#breadcrumb\"},\"inLanguage\":\"en-US\",\"potentialAction\":[{\"@type\":\"ReadAction\",\"target\":[\"https:\/\/www.chocolate7.com\/shop\/tavoletta\/fondente\/comte-ecuador-manabi\/\"]}]},{\"@type\":\"ImageObject\",\"inLanguage\":\"en-US\",\"@id\":\"https:\/\/www.chocolate7.com\/shop\/tavoletta\/fondente\/comte-ecuador-manabi\/#primaryimage\",\"url\":\"https:\/\/www.chocolate7.com\/wp-content\/uploads\/2024\/02\/Screenshot_20240216_185746_Instagram-e1708108236245.jpg\",\"contentUrl\":\"https:\/\/www.chocolate7.com\/wp-content\/uploads\/2024\/02\/Screenshot_20240216_185746_Instagram-e1708108236245.jpg\",\"width\":600,\"height\":603},{\"@type\":\"BreadcrumbList\",\"@id\":\"https:\/\/www.chocolate7.com\/shop\/tavoletta\/fondente\/comte-ecuador-manabi\/#breadcrumb\",\"itemListElement\":[{\"@type\":\"ListItem\",\"position\":1,\"name\":\"Home\",\"item\":\"https:\/\/www.chocolate7.com\/en\/\"},{\"@type\":\"ListItem\",\"position\":2,\"name\":\"Shop\",\"item\":\"https:\/\/www.chocolate7.com\/en\/store\/\"},{\"@type\":\"ListItem\",\"position\":3,\"name\":\"COMTE Ecuador Manabi\"}]},{\"@type\":\"WebSite\",\"@id\":\"https:\/\/www.chocolate7.com\/#website\",\"url\":\"https:\/\/www.chocolate7.com\/\",\"name\":\"Chocolate7\",\"description\":\"The fine &amp; luxury chocolate selection\",\"publisher\":{\"@id\":\"https:\/\/www.chocolate7.com\/#organization\"},\"potentialAction\":[{\"@type\":\"SearchAction\",\"target\":{\"@type\":\"EntryPoint\",\"urlTemplate\":\"https:\/\/www.chocolate7.com\/?s={search_term_string}\"},\"query-input\":\"required name=search_term_string\"}],\"inLanguage\":\"en-US\"},{\"@type\":\"Organization\",\"@id\":\"https:\/\/www.chocolate7.com\/#organization\",\"name\":\"Choc7 di Benedetto Giovanni\",\"url\":\"https:\/\/www.chocolate7.com\/\",\"logo\":{\"@type\":\"ImageObject\",\"inLanguage\":\"en-US\",\"@id\":\"https:\/\/www.chocolate7.com\/#\/schema\/logo\/image\/\",\"url\":\"https:\/\/www.chocolate7.com\/wp-content\/uploads\/2018\/10\/logo_chocolate.png\",\"contentUrl\":\"https:\/\/www.chocolate7.com\/wp-content\/uploads\/2018\/10\/logo_chocolate.png\",\"width\":200,\"height\":41,\"caption\":\"Choc7 di Benedetto Giovanni\"},\"image\":{\"@id\":\"https:\/\/www.chocolate7.com\/#\/schema\/logo\/image\/\"},\"sameAs\":[\"https:\/\/www.facebook.com\/cremino.gianduia.1\",\"https:\/\/x.com\/GianduiaCremino\",\"https:\/\/www.instagram.com\/creminogianduia\/\",\"https:\/\/www.pinterest.com.au\/creminogianduia\/\",\"https:\/\/www.youtube.com\/channel\/UCWFQlcc9EQnAsLkD8rBsgig\"]}]}<\/script>\n<!-- \/ Yoast SEO plugin. -->","yoast_head_json":{"title":"COMTE Ecuador Manabi - Chocolate7","robots":{"index":"index","follow":"follow","max-snippet":"max-snippet:-1","max-image-preview":"max-image-preview:large","max-video-preview":"max-video-preview:-1"},"canonical":"https:\/\/www.chocolate7.com\/shop\/tavoletta\/fondente\/comte-ecuador-manabi\/","og_locale":"en_US","og_type":"article","og_title":"COMTE Ecuador Manabi - Chocolate7","og_description":"COMTE is a bean to bar chocolate maker from France. This fine chocolate bar is made with cocoa from Ecuador (Manabi). COMTE Ecuador Manabi 76% is a pleasantly acidic dark chocolate, with aromatic notes of gardenia, pink grapefruit, raspberry, blackberry, blueberry, herbaceous, tea, ginger  &nbsp;","og_url":"https:\/\/www.chocolate7.com\/shop\/tavoletta\/fondente\/comte-ecuador-manabi\/","og_site_name":"Chocolate7","article_publisher":"https:\/\/www.facebook.com\/cremino.gianduia.1","article_modified_time":"2024-02-16T18:41:17+00:00","og_image":[{"width":600,"height":603,"url":"https:\/\/www.chocolate7.com\/wp-content\/uploads\/2024\/02\/Screenshot_20240216_185746_Instagram-e1708108236245.jpg","type":"image\/jpeg"}],"twitter_card":"summary_large_image","twitter_site":"@GianduiaCremino","schema":{"@context":"https:\/\/schema.org","@graph":[{"@type":"WebPage","@id":"https:\/\/www.chocolate7.com\/shop\/tavoletta\/fondente\/comte-ecuador-manabi\/","url":"https:\/\/www.chocolate7.com\/shop\/tavoletta\/fondente\/comte-ecuador-manabi\/","name":"COMTE Ecuador Manabi - Chocolate7","isPartOf":{"@id":"https:\/\/www.chocolate7.com\/#website"},"primaryImageOfPage":{"@id":"https:\/\/www.chocolate7.com\/shop\/tavoletta\/fondente\/comte-ecuador-manabi\/#primaryimage"},"image":{"@id":"https:\/\/www.chocolate7.com\/shop\/tavoletta\/fondente\/comte-ecuador-manabi\/#primaryimage"},"thumbnailUrl":"https:\/\/www.chocolate7.com\/wp-content\/uploads\/2024\/02\/Screenshot_20240216_185746_Instagram-e1708108236245.jpg","datePublished":"2024-02-16T18:14:31+00:00","dateModified":"2024-02-16T18:41:17+00:00","breadcrumb":{"@id":"https:\/\/www.chocolate7.com\/shop\/tavoletta\/fondente\/comte-ecuador-manabi\/#breadcrumb"},"inLanguage":"en-US","potentialAction":[{"@type":"ReadAction","target":["https:\/\/www.chocolate7.com\/shop\/tavoletta\/fondente\/comte-ecuador-manabi\/"]}]},{"@type":"ImageObject","inLanguage":"en-US","@id":"https:\/\/www.chocolate7.com\/shop\/tavoletta\/fondente\/comte-ecuador-manabi\/#primaryimage","url":"https:\/\/www.chocolate7.com\/wp-content\/uploads\/2024\/02\/Screenshot_20240216_185746_Instagram-e1708108236245.jpg","contentUrl":"https:\/\/www.chocolate7.com\/wp-content\/uploads\/2024\/02\/Screenshot_20240216_185746_Instagram-e1708108236245.jpg","width":600,"height":603},{"@type":"BreadcrumbList","@id":"https:\/\/www.chocolate7.com\/shop\/tavoletta\/fondente\/comte-ecuador-manabi\/#breadcrumb","itemListElement":[{"@type":"ListItem","position":1,"name":"Home","item":"https:\/\/www.chocolate7.com\/en\/"},{"@type":"ListItem","position":2,"name":"Shop","item":"https:\/\/www.chocolate7.com\/en\/store\/"},{"@type":"ListItem","position":3,"name":"COMTE Ecuador Manabi"}]},{"@type":"WebSite","@id":"https:\/\/www.chocolate7.com\/#website","url":"https:\/\/www.chocolate7.com\/","name":"Chocolate7","description":"The fine &amp; luxury chocolate selection","publisher":{"@id":"https:\/\/www.chocolate7.com\/#organization"},"potentialAction":[{"@type":"SearchAction","target":{"@type":"EntryPoint","urlTemplate":"https:\/\/www.chocolate7.com\/?s={search_term_string}"},"query-input":"required name=search_term_string"}],"inLanguage":"en-US"},{"@type":"Organization","@id":"https:\/\/www.chocolate7.com\/#organization","name":"Choc7 di Benedetto Giovanni","url":"https:\/\/www.chocolate7.com\/","logo":{"@type":"ImageObject","inLanguage":"en-US","@id":"https:\/\/www.chocolate7.com\/#\/schema\/logo\/image\/","url":"https:\/\/www.chocolate7.com\/wp-content\/uploads\/2018\/10\/logo_chocolate.png","contentUrl":"https:\/\/www.chocolate7.com\/wp-content\/uploads\/2018\/10\/logo_chocolate.png","width":200,"height":41,"caption":"Choc7 di Benedetto Giovanni"},"image":{"@id":"https:\/\/www.chocolate7.com\/#\/schema\/logo\/image\/"},"sameAs":["https:\/\/www.facebook.com\/cremino.gianduia.1","https:\/\/x.com\/GianduiaCremino","https:\/\/www.instagram.com\/creminogianduia\/","https:\/\/www.pinterest.com.au\/creminogianduia\/","https:\/\/www.youtube.com\/channel\/UCWFQlcc9EQnAsLkD8rBsgig"]}]}},"brands":[{"id":12738,"name":"COMTE","slug":"comte-en"}],"_links":{"self":[{"href":"https:\/\/www.chocolate7.com\/en\/wp-json\/wp\/v2\/product\/33374","targetHints":{"allow":["GET"]}}],"collection":[{"href":"https:\/\/www.chocolate7.com\/en\/wp-json\/wp\/v2\/product"}],"about":[{"href":"https:\/\/www.chocolate7.com\/en\/wp-json\/wp\/v2\/types\/product"}],"wp:featuredmedia":[{"embeddable":true,"href":"https:\/\/www.chocolate7.com\/en\/wp-json\/wp\/v2\/media\/33376"}],"wp:attachment":[{"href":"https:\/\/www.chocolate7.com\/en\/wp-json\/wp\/v2\/media?parent=33374"}],"wp:term":[{"taxonomy":"pwb-brand","embeddable":true,"href":"https:\/\/www.chocolate7.com\/en\/wp-json\/wp\/v2\/pwb-brand?post=33374"},{"taxonomy":"product_brand","embeddable":true,"href":"https:\/\/www.chocolate7.com\/en\/wp-json\/wp\/v2\/product_brand?post=33374"},{"taxonomy":"product_cat","embeddable":true,"href":"https:\/\/www.chocolate7.com\/en\/wp-json\/wp\/v2\/product_cat?post=33374"},{"taxonomy":"product_tag","embeddable":true,"href":"https:\/\/www.chocolate7.com\/en\/wp-json\/wp\/v2\/product_tag?post=33374"},{"taxonomy":"giftcard-category","embeddable":true,"href":"https:\/\/www.chocolate7.com\/en\/wp-json\/wp\/v2\/giftcard-category?post=33374"}],"curies":[{"name":"wp","href":"https:\/\/api.w.org\/{rel}","templated":true}]}}