{"id":33388,"date":"2024-02-19T17:27:10","date_gmt":"2024-02-19T16:27:11","guid":{"rendered":"https:\/\/www.chocolate7.com\/?post_type=product&#038;p=33388"},"modified":"2024-02-19T18:27:33","modified_gmt":"2024-02-19T17:27:33","slug":"barre-clandestine-belize-dark-chocolate-with-rum-cocoa-nibs-copia","status":"publish","type":"product","link":"https:\/\/www.chocolate7.com\/en\/shop\/bar\/milk\/barre-clandestine-belize-dark-chocolate-with-rum-cocoa-nibs-copia\/","title":{"rendered":"Barre clandestine Peru Morropon caramelized milk chocolate"},"content":{"rendered":"<p style=\"text-align: left\">Milk chocolate bar &#8211; Made by clandestine bars<\/p>\n<h4><strong><em>Profil aromatique : notes de fruits exotiques et de caramel<\/em><\/strong><\/h4>\n<p>Hors des sentiers battus, ce &#8220;noir lact\u00e9&#8221; est inclassable : \u00e0 mi-chemin entre un chocolat noir et un chocolat au lait. Dans notre manufacture, les f\u00e8ves sont torr\u00e9fi\u00e9es \u00e0 chaleur douce, broy\u00e9es lentement \u00e0 la meule de pierre et matur\u00e9es plusieurs semaines. Une touche de lait caram\u00e9lis\u00e9 apporte rondeur et gourmandise \u00e0 cette f\u00e8ve d\u2019exception du terroir de Morrop\u00f3n, au P\u00e9rou.<\/p>\n<h5>European Chocolate Awards 2023<br \/>\n*** M\u00e9daille d\u2019Or Organic ***<br \/>\n*** M\u00e9daille d&#8217;argent ***<\/h5>\n","protected":false},"excerpt":{"rendered":"<p>Barre clandestine, is a bean to bar chocolate maker from France. This fine chocolate bar is made with cocoa from Peru (Morropon). Barre Clandestine Peru Morropon caramelized milk chocolate 62% is a sweet milk chocolate, with aromatic notes of honey, lime, tropical fruit, hazelnut, balsamic, caramel<\/p>\n","protected":false},"featured_media":33390,"template":"","meta":[],"pwb-brand":[12727],"product_brand":[],"product_cat":[3251,3259],"product_tag":[],"giftcard-category":[],"class_list":{"0":"post-33388","1":"product","2":"type-product","3":"status-publish","4":"has-post-thumbnail","6":"pwb-brand-barre-clandestine-en","7":"product_cat-bar","8":"product_cat-milk","9":"pa_acidita-1-en","10":"pa_allergeni-contains-milk-may-contain-traces-of-nuts-gluten","11":"pa_amarezza-0-en","12":"pa_astringenza-0-en","13":"pa_cacao-60-69-en","14":"pa_carboidrati-33-g-en","15":"pa_carboidrati-zuccheri-30-g-en","16":"pa_certificazioni-fr-bio-15-agriculture-non-ue-en","17":"pa_codice-a-barre-3760372540104-en","18":"pa_conservazione-store-in-a-cool-and-dry-place-between-16-c-and-18-c","19":"pa_dolcezza-3-en","20":"pa_grassi-41-g-en","21":"pa_grassi-saturi-27-g-en","22":"pa_ingredienti-organic-cocoa-beans-48-organic-cane-sugar-24-5-organic-cocoa-butter-14-organic-cows-milk-powder-13-5","23":"pa_note-di-degustazione-honey-lime-tropical-fruit-hazelnut-balsamic-caramel","24":"pa_paese-delle-fave-di-cacao-peru-en","25":"pa_paese-produttore-france","26":"pa_percentuale-di-cacao-62-en","27":"pa_proteine-10-g-en","28":"pa_sale-014-g-en","29":"pa_tipo-di-cioccolato-milk-chocolate","30":"pa_valore-energetico-2441-kj-586-kcal-en","31":"pa_varieta-delle-fave-morropon-en","33":"first","34":"outofstock","35":"taxable","36":"shipping-taxable","37":"purchasable","38":"product-type-simple"},"yoast_head":"<!-- This site is optimized with the Yoast SEO plugin v23.3 - https:\/\/yoast.com\/wordpress\/plugins\/seo\/ -->\n<title>Barre clandestine Peru Morropon caramelized milk chocolate - Chocolate7<\/title>\n<meta name=\"robots\" content=\"index, follow, max-snippet:-1, max-image-preview:large, max-video-preview:-1\" \/>\n<link rel=\"canonical\" href=\"https:\/\/www.chocolate7.com\/en\/shop\/bar\/milk\/barre-clandestine-belize-dark-chocolate-with-rum-cocoa-nibs-copia\/\" \/>\n<meta property=\"og:locale\" content=\"en_US\" \/>\n<meta property=\"og:type\" content=\"article\" \/>\n<meta property=\"og:title\" content=\"Barre clandestine Peru Morropon caramelized milk chocolate - Chocolate7\" \/>\n<meta property=\"og:description\" content=\"Barre clandestine, is a bean to bar chocolate maker from France. This fine chocolate bar is made with cocoa from Peru (Morropon). Barre Clandestine Peru Morropon caramelized milk chocolate 62% is a sweet milk chocolate, with aromatic notes of honey, lime, tropical fruit, hazelnut, balsamic, caramel\" \/>\n<meta property=\"og:url\" content=\"https:\/\/www.chocolate7.com\/en\/shop\/bar\/milk\/barre-clandestine-belize-dark-chocolate-with-rum-cocoa-nibs-copia\/\" \/>\n<meta property=\"og:site_name\" content=\"Chocolate7\" \/>\n<meta property=\"article:publisher\" content=\"https:\/\/www.facebook.com\/cremino.gianduia.1\" \/>\n<meta property=\"article:modified_time\" content=\"2024-02-19T17:27:33+00:00\" \/>\n<meta property=\"og:image\" content=\"https:\/\/www.chocolate7.com\/wp-content\/uploads\/2024\/02\/Screenshot_20240217_163325_Instagram-e1708363343346.jpg\" \/>\n\t<meta property=\"og:image:width\" content=\"1080\" \/>\n\t<meta property=\"og:image:height\" content=\"1088\" \/>\n\t<meta property=\"og:image:type\" content=\"image\/jpeg\" \/>\n<meta name=\"twitter:card\" content=\"summary_large_image\" \/>\n<meta name=\"twitter:site\" content=\"@GianduiaCremino\" \/>\n<script type=\"application\/ld+json\" class=\"yoast-schema-graph\">{\"@context\":\"https:\/\/schema.org\",\"@graph\":[{\"@type\":\"WebPage\",\"@id\":\"https:\/\/www.chocolate7.com\/en\/shop\/bar\/milk\/barre-clandestine-belize-dark-chocolate-with-rum-cocoa-nibs-copia\/\",\"url\":\"https:\/\/www.chocolate7.com\/en\/shop\/bar\/milk\/barre-clandestine-belize-dark-chocolate-with-rum-cocoa-nibs-copia\/\",\"name\":\"Barre clandestine Peru Morropon caramelized milk chocolate - Chocolate7\",\"isPartOf\":{\"@id\":\"https:\/\/www.chocolate7.com\/#website\"},\"primaryImageOfPage\":{\"@id\":\"https:\/\/www.chocolate7.com\/en\/shop\/bar\/milk\/barre-clandestine-belize-dark-chocolate-with-rum-cocoa-nibs-copia\/#primaryimage\"},\"image\":{\"@id\":\"https:\/\/www.chocolate7.com\/en\/shop\/bar\/milk\/barre-clandestine-belize-dark-chocolate-with-rum-cocoa-nibs-copia\/#primaryimage\"},\"thumbnailUrl\":\"https:\/\/www.chocolate7.com\/wp-content\/uploads\/2024\/02\/Screenshot_20240217_163325_Instagram-e1708363343346.jpg\",\"datePublished\":\"2024-02-19T16:27:11+00:00\",\"dateModified\":\"2024-02-19T17:27:33+00:00\",\"breadcrumb\":{\"@id\":\"https:\/\/www.chocolate7.com\/en\/shop\/bar\/milk\/barre-clandestine-belize-dark-chocolate-with-rum-cocoa-nibs-copia\/#breadcrumb\"},\"inLanguage\":\"en-US\",\"potentialAction\":[{\"@type\":\"ReadAction\",\"target\":[\"https:\/\/www.chocolate7.com\/en\/shop\/bar\/milk\/barre-clandestine-belize-dark-chocolate-with-rum-cocoa-nibs-copia\/\"]}]},{\"@type\":\"ImageObject\",\"inLanguage\":\"en-US\",\"@id\":\"https:\/\/www.chocolate7.com\/en\/shop\/bar\/milk\/barre-clandestine-belize-dark-chocolate-with-rum-cocoa-nibs-copia\/#primaryimage\",\"url\":\"https:\/\/www.chocolate7.com\/wp-content\/uploads\/2024\/02\/Screenshot_20240217_163325_Instagram-e1708363343346.jpg\",\"contentUrl\":\"https:\/\/www.chocolate7.com\/wp-content\/uploads\/2024\/02\/Screenshot_20240217_163325_Instagram-e1708363343346.jpg\",\"width\":600,\"height\":604},{\"@type\":\"BreadcrumbList\",\"@id\":\"https:\/\/www.chocolate7.com\/en\/shop\/bar\/milk\/barre-clandestine-belize-dark-chocolate-with-rum-cocoa-nibs-copia\/#breadcrumb\",\"itemListElement\":[{\"@type\":\"ListItem\",\"position\":1,\"name\":\"Home\",\"item\":\"https:\/\/www.chocolate7.com\/en\/\"},{\"@type\":\"ListItem\",\"position\":2,\"name\":\"Shop\",\"item\":\"https:\/\/www.chocolate7.com\/en\/store\/\"},{\"@type\":\"ListItem\",\"position\":3,\"name\":\"Barre clandestine Peru Morropon caramelized milk chocolate\"}]},{\"@type\":\"WebSite\",\"@id\":\"https:\/\/www.chocolate7.com\/#website\",\"url\":\"https:\/\/www.chocolate7.com\/\",\"name\":\"Chocolate7\",\"description\":\"The fine &amp; luxury chocolate selection\",\"publisher\":{\"@id\":\"https:\/\/www.chocolate7.com\/#organization\"},\"potentialAction\":[{\"@type\":\"SearchAction\",\"target\":{\"@type\":\"EntryPoint\",\"urlTemplate\":\"https:\/\/www.chocolate7.com\/?s={search_term_string}\"},\"query-input\":\"required name=search_term_string\"}],\"inLanguage\":\"en-US\"},{\"@type\":\"Organization\",\"@id\":\"https:\/\/www.chocolate7.com\/#organization\",\"name\":\"Choc7 di Benedetto Giovanni\",\"url\":\"https:\/\/www.chocolate7.com\/\",\"logo\":{\"@type\":\"ImageObject\",\"inLanguage\":\"en-US\",\"@id\":\"https:\/\/www.chocolate7.com\/#\/schema\/logo\/image\/\",\"url\":\"https:\/\/www.chocolate7.com\/wp-content\/uploads\/2018\/10\/logo_chocolate.png\",\"contentUrl\":\"https:\/\/www.chocolate7.com\/wp-content\/uploads\/2018\/10\/logo_chocolate.png\",\"width\":200,\"height\":41,\"caption\":\"Choc7 di Benedetto Giovanni\"},\"image\":{\"@id\":\"https:\/\/www.chocolate7.com\/#\/schema\/logo\/image\/\"},\"sameAs\":[\"https:\/\/www.facebook.com\/cremino.gianduia.1\",\"https:\/\/x.com\/GianduiaCremino\",\"https:\/\/www.instagram.com\/creminogianduia\/\",\"https:\/\/www.pinterest.com.au\/creminogianduia\/\",\"https:\/\/www.youtube.com\/channel\/UCWFQlcc9EQnAsLkD8rBsgig\"]}]}<\/script>\n<!-- \/ Yoast SEO plugin. -->","yoast_head_json":{"title":"Barre clandestine Peru Morropon caramelized milk chocolate - Chocolate7","robots":{"index":"index","follow":"follow","max-snippet":"max-snippet:-1","max-image-preview":"max-image-preview:large","max-video-preview":"max-video-preview:-1"},"canonical":"https:\/\/www.chocolate7.com\/en\/shop\/bar\/milk\/barre-clandestine-belize-dark-chocolate-with-rum-cocoa-nibs-copia\/","og_locale":"en_US","og_type":"article","og_title":"Barre clandestine Peru Morropon caramelized milk chocolate - Chocolate7","og_description":"Barre clandestine, is a bean to bar chocolate maker from France. This fine chocolate bar is made with cocoa from Peru (Morropon). Barre Clandestine Peru Morropon caramelized milk chocolate 62% is a sweet milk chocolate, with aromatic notes of honey, lime, tropical fruit, hazelnut, balsamic, caramel","og_url":"https:\/\/www.chocolate7.com\/en\/shop\/bar\/milk\/barre-clandestine-belize-dark-chocolate-with-rum-cocoa-nibs-copia\/","og_site_name":"Chocolate7","article_publisher":"https:\/\/www.facebook.com\/cremino.gianduia.1","article_modified_time":"2024-02-19T17:27:33+00:00","og_image":[{"width":1080,"height":1088,"url":"https:\/\/www.chocolate7.com\/wp-content\/uploads\/2024\/02\/Screenshot_20240217_163325_Instagram-e1708363343346.jpg","type":"image\/jpeg"}],"twitter_card":"summary_large_image","twitter_site":"@GianduiaCremino","schema":{"@context":"https:\/\/schema.org","@graph":[{"@type":"WebPage","@id":"https:\/\/www.chocolate7.com\/en\/shop\/bar\/milk\/barre-clandestine-belize-dark-chocolate-with-rum-cocoa-nibs-copia\/","url":"https:\/\/www.chocolate7.com\/en\/shop\/bar\/milk\/barre-clandestine-belize-dark-chocolate-with-rum-cocoa-nibs-copia\/","name":"Barre clandestine Peru Morropon caramelized milk chocolate - Chocolate7","isPartOf":{"@id":"https:\/\/www.chocolate7.com\/#website"},"primaryImageOfPage":{"@id":"https:\/\/www.chocolate7.com\/en\/shop\/bar\/milk\/barre-clandestine-belize-dark-chocolate-with-rum-cocoa-nibs-copia\/#primaryimage"},"image":{"@id":"https:\/\/www.chocolate7.com\/en\/shop\/bar\/milk\/barre-clandestine-belize-dark-chocolate-with-rum-cocoa-nibs-copia\/#primaryimage"},"thumbnailUrl":"https:\/\/www.chocolate7.com\/wp-content\/uploads\/2024\/02\/Screenshot_20240217_163325_Instagram-e1708363343346.jpg","datePublished":"2024-02-19T16:27:11+00:00","dateModified":"2024-02-19T17:27:33+00:00","breadcrumb":{"@id":"https:\/\/www.chocolate7.com\/en\/shop\/bar\/milk\/barre-clandestine-belize-dark-chocolate-with-rum-cocoa-nibs-copia\/#breadcrumb"},"inLanguage":"en-US","potentialAction":[{"@type":"ReadAction","target":["https:\/\/www.chocolate7.com\/en\/shop\/bar\/milk\/barre-clandestine-belize-dark-chocolate-with-rum-cocoa-nibs-copia\/"]}]},{"@type":"ImageObject","inLanguage":"en-US","@id":"https:\/\/www.chocolate7.com\/en\/shop\/bar\/milk\/barre-clandestine-belize-dark-chocolate-with-rum-cocoa-nibs-copia\/#primaryimage","url":"https:\/\/www.chocolate7.com\/wp-content\/uploads\/2024\/02\/Screenshot_20240217_163325_Instagram-e1708363343346.jpg","contentUrl":"https:\/\/www.chocolate7.com\/wp-content\/uploads\/2024\/02\/Screenshot_20240217_163325_Instagram-e1708363343346.jpg","width":600,"height":604},{"@type":"BreadcrumbList","@id":"https:\/\/www.chocolate7.com\/en\/shop\/bar\/milk\/barre-clandestine-belize-dark-chocolate-with-rum-cocoa-nibs-copia\/#breadcrumb","itemListElement":[{"@type":"ListItem","position":1,"name":"Home","item":"https:\/\/www.chocolate7.com\/en\/"},{"@type":"ListItem","position":2,"name":"Shop","item":"https:\/\/www.chocolate7.com\/en\/store\/"},{"@type":"ListItem","position":3,"name":"Barre clandestine Peru Morropon caramelized milk chocolate"}]},{"@type":"WebSite","@id":"https:\/\/www.chocolate7.com\/#website","url":"https:\/\/www.chocolate7.com\/","name":"Chocolate7","description":"The fine &amp; luxury chocolate selection","publisher":{"@id":"https:\/\/www.chocolate7.com\/#organization"},"potentialAction":[{"@type":"SearchAction","target":{"@type":"EntryPoint","urlTemplate":"https:\/\/www.chocolate7.com\/?s={search_term_string}"},"query-input":"required name=search_term_string"}],"inLanguage":"en-US"},{"@type":"Organization","@id":"https:\/\/www.chocolate7.com\/#organization","name":"Choc7 di Benedetto Giovanni","url":"https:\/\/www.chocolate7.com\/","logo":{"@type":"ImageObject","inLanguage":"en-US","@id":"https:\/\/www.chocolate7.com\/#\/schema\/logo\/image\/","url":"https:\/\/www.chocolate7.com\/wp-content\/uploads\/2018\/10\/logo_chocolate.png","contentUrl":"https:\/\/www.chocolate7.com\/wp-content\/uploads\/2018\/10\/logo_chocolate.png","width":200,"height":41,"caption":"Choc7 di Benedetto Giovanni"},"image":{"@id":"https:\/\/www.chocolate7.com\/#\/schema\/logo\/image\/"},"sameAs":["https:\/\/www.facebook.com\/cremino.gianduia.1","https:\/\/x.com\/GianduiaCremino","https:\/\/www.instagram.com\/creminogianduia\/","https:\/\/www.pinterest.com.au\/creminogianduia\/","https:\/\/www.youtube.com\/channel\/UCWFQlcc9EQnAsLkD8rBsgig"]}]}},"brands":[{"id":12727,"name":"Barre clandestine","slug":"barre-clandestine-en"}],"_links":{"self":[{"href":"https:\/\/www.chocolate7.com\/en\/wp-json\/wp\/v2\/product\/33388","targetHints":{"allow":["GET"]}}],"collection":[{"href":"https:\/\/www.chocolate7.com\/en\/wp-json\/wp\/v2\/product"}],"about":[{"href":"https:\/\/www.chocolate7.com\/en\/wp-json\/wp\/v2\/types\/product"}],"wp:featuredmedia":[{"embeddable":true,"href":"https:\/\/www.chocolate7.com\/en\/wp-json\/wp\/v2\/media\/33390"}],"wp:attachment":[{"href":"https:\/\/www.chocolate7.com\/en\/wp-json\/wp\/v2\/media?parent=33388"}],"wp:term":[{"taxonomy":"pwb-brand","embeddable":true,"href":"https:\/\/www.chocolate7.com\/en\/wp-json\/wp\/v2\/pwb-brand?post=33388"},{"taxonomy":"product_brand","embeddable":true,"href":"https:\/\/www.chocolate7.com\/en\/wp-json\/wp\/v2\/product_brand?post=33388"},{"taxonomy":"product_cat","embeddable":true,"href":"https:\/\/www.chocolate7.com\/en\/wp-json\/wp\/v2\/product_cat?post=33388"},{"taxonomy":"product_tag","embeddable":true,"href":"https:\/\/www.chocolate7.com\/en\/wp-json\/wp\/v2\/product_tag?post=33388"},{"taxonomy":"giftcard-category","embeddable":true,"href":"https:\/\/www.chocolate7.com\/en\/wp-json\/wp\/v2\/giftcard-category?post=33388"}],"curies":[{"name":"wp","href":"https:\/\/api.w.org\/{rel}","templated":true}]}}