{"id":33494,"date":"2024-03-09T19:40:41","date_gmt":"2024-03-09T18:40:42","guid":{"rendered":"https:\/\/www.chocolate7.com\/?post_type=product&#038;p=33494"},"modified":"2024-03-09T19:58:33","modified_gmt":"2024-03-09T18:58:33","slug":"lady-merveilles-ecuador-milk-chocolate-filled-with-almond-and-hazelnut-praline-copia","status":"publish","type":"product","link":"https:\/\/www.chocolate7.com\/en\/shop\/bar\/dark-chocolate-en-2\/lady-merveilles-ecuador-milk-chocolate-filled-with-almond-and-hazelnut-praline-copia\/","title":{"rendered":"Lady Merveilles India Idukki"},"content":{"rendered":"<p style=\"text-align: left\">Dark chocolate bar &#8211; Made by Lady Merveilles<\/p>\n<p>INDE \u2013 IDUKKI<\/p>\n<p>Profil aromatique : cacao, fruit sec (amande), fruits rouges (cassis, groseille) , l\u00e9g\u00e8re acidit\u00e9, et en fin de bouche v\u00e9g\u00e9tal, bois\u00e9, r\u00e9glisse, caf\u00e9, lact\u00e9.<\/p>\n<p>Nos tablettes sont toutes emball\u00e9es dans un sachet biod\u00e9gradable et compostable dans un compost m\u00e9nager. La cartonnette qui la prot\u00e8ge a \u00e9t\u00e9 imprim\u00e9 en Bretagne avec des encres v\u00e9g\u00e9tales!<\/p>\n<p>Dans le sud de l&#8217;Inde, les vertes collines de la r\u00e9gion d&#8217;Idukki, c\u00e9l\u00e8bre pour ses \u00e9pices parfum\u00e9es, offrent d&#8217;excellentes conditions pour la culture du cacao. L&#8217;abondance des pr\u00e9cipitations et du soleil donne des f\u00e8ves de cacao avec un ar\u00f4me chocolat\u00e9, une texture lisse et cr\u00e9meuse.<\/p>\n<p>&nbsp;<\/p>\n<p>R\u00e9gion : district d&#8217;Idukki, \u00e9tat du Kerala au sud-ouest de l&#8217;Inde<\/p>\n<p>Organisation \/ Ferme : Entreprise sociale<br \/>\nVari\u00e9t\u00e9 : Hybrides Trinitario et Forestero, type Mankuva promu<\/p>\n<p>Fermentation : Fermentation centrale, 5 jours dans des caisses en bois en cascade \u00e0 partir de bois de Wild Jack<br \/>\nS\u00e9chage : S\u00e9ch\u00e9 au soleil sur tables sous abri ouvert<\/p>\n<p>Cha\u00eene d&#8217;approvisionnement 100% tra\u00e7able jusqu&#8217;au niveau de la ferme. Les f\u00e8ves de cacao sont achet\u00e9s directement aupr\u00e8s des agriculteurs et transform\u00e9s dans une installation centrale de post-r\u00e9colte, o\u00f9 ils sont emball\u00e9s et mis dans des conteneurs.<\/p>\n<p>&nbsp;<\/p>\n<p>113 agriculteurs b\u00e9n\u00e9ficient de prix avantageux pour leur cacao, de paiements hebdomadaires et de formations. La philosophie est de construire des relations engag\u00e9es. La post-r\u00e9colte est un processus g\u00e9r\u00e9 uniquement par les femmes.<\/p>\n<p>&nbsp;<\/p>\n<p>La culture du cacao en agroforesterie contribue \u00e0 pr\u00e9server les for\u00eats tropicales et la biodiversit\u00e9. Aucun pesticide et seuls des engrais organiques sont utilis\u00e9s.<\/p>\n","protected":false},"excerpt":{"rendered":"<p>Lady Merveilles is a bean to bar chocolate maker from France. This fine chocolate bar is made with cocoa from India (idukki). Lady Merveilles India Idukki 75% is a balanced dark chocolate, with aromatic notes of cedar, currant, almond, coffee, liquorice, wood<\/p>\n<p>&nbsp;<\/p>\n<p>&nbsp;<\/p>\n<p>&nbsp;<\/p>\n","protected":false},"featured_media":33496,"template":"","meta":[],"pwb-brand":[12873],"product_brand":[],"product_cat":[3251,3255],"product_tag":[],"giftcard-category":[],"class_list":{"0":"post-33494","1":"product","2":"type-product","3":"status-publish","4":"has-post-thumbnail","6":"pwb-brand-lady-merveilles-en","7":"product_cat-bar","8":"product_cat-dark-chocolate-en-2","9":"pa_acidita-3-en","10":"pa_allergeni-may-contain-traces-of-nuts-milk-peanuts-sesame","11":"pa_amarezza-2-en","12":"pa_astringenza-1-en","13":"pa_cacao-70-79-en","14":"pa_carboidrati-25-g-en","15":"pa_carboidrati-zuccheri-25-g-en","16":"pa_certificazioni-fr-bio-01-agricolture-non-ue-en","17":"pa_codice-a-barre-3770013837883-en","18":"pa_dolcezza-2-en","19":"pa_grassi-32-g-en","20":"pa_grassi-saturi-19-g-en","21":"pa_ingredienti-cocoa-beans-blond-cane-sugar1-ingredient-from-organic-farming-1-fair-trade-ingredient","22":"pa_note-di-degustazione-cedar-currant-almond-coffee-licorice-wood","23":"pa_paese-produttore-france","24":"pa_percentuale-di-cacao-75-en","25":"pa_proteine-33-g-en","26":"pa_sale-01-g-en","27":"pa_tipo-di-cioccolato-fondente-en","28":"pa_valore-energetico-488-kcal-2018-kj-en","30":"first","31":"outofstock","32":"taxable","33":"shipping-taxable","34":"purchasable","35":"product-type-simple"},"yoast_head":"<!-- This site is optimized with the Yoast SEO plugin v23.3 - https:\/\/yoast.com\/wordpress\/plugins\/seo\/ -->\n<title>Lady Merveilles India Idukki - Chocolate7<\/title>\n<meta name=\"robots\" content=\"index, follow, max-snippet:-1, max-image-preview:large, max-video-preview:-1\" \/>\n<link rel=\"canonical\" href=\"https:\/\/www.chocolate7.com\/en\/shop\/bar\/dark-chocolate-en-2\/lady-merveilles-ecuador-milk-chocolate-filled-with-almond-and-hazelnut-praline-copia\/\" \/>\n<meta property=\"og:locale\" content=\"en_US\" \/>\n<meta property=\"og:type\" content=\"article\" \/>\n<meta property=\"og:title\" content=\"Lady Merveilles India Idukki - Chocolate7\" \/>\n<meta property=\"og:description\" content=\"Lady Merveilles is a bean to bar chocolate maker from France. This fine chocolate bar is made with cocoa from India (idukki). Lady Merveilles India Idukki 75% is a balanced dark chocolate, with aromatic notes of cedar, currant, almond, coffee, liquorice, wood  &nbsp;  &nbsp;  &nbsp;\" \/>\n<meta property=\"og:url\" content=\"https:\/\/www.chocolate7.com\/en\/shop\/bar\/dark-chocolate-en-2\/lady-merveilles-ecuador-milk-chocolate-filled-with-almond-and-hazelnut-praline-copia\/\" \/>\n<meta property=\"og:site_name\" content=\"Chocolate7\" \/>\n<meta property=\"article:publisher\" content=\"https:\/\/www.facebook.com\/cremino.gianduia.1\" \/>\n<meta property=\"article:modified_time\" content=\"2024-03-09T18:58:33+00:00\" \/>\n<meta property=\"og:image\" content=\"https:\/\/www.chocolate7.com\/wp-content\/uploads\/2024\/03\/Screenshot_20240309_193707_Instagram-e1710010484545.jpg\" \/>\n\t<meta property=\"og:image:width\" content=\"1080\" \/>\n\t<meta property=\"og:image:height\" content=\"1071\" \/>\n\t<meta property=\"og:image:type\" content=\"image\/jpeg\" \/>\n<meta name=\"twitter:card\" content=\"summary_large_image\" \/>\n<meta name=\"twitter:site\" content=\"@GianduiaCremino\" \/>\n<meta name=\"twitter:label1\" content=\"Est. reading time\" \/>\n\t<meta name=\"twitter:data1\" content=\"1 minute\" \/>\n<script type=\"application\/ld+json\" class=\"yoast-schema-graph\">{\"@context\":\"https:\/\/schema.org\",\"@graph\":[{\"@type\":\"WebPage\",\"@id\":\"https:\/\/www.chocolate7.com\/en\/shop\/bar\/dark-chocolate-en-2\/lady-merveilles-ecuador-milk-chocolate-filled-with-almond-and-hazelnut-praline-copia\/\",\"url\":\"https:\/\/www.chocolate7.com\/en\/shop\/bar\/dark-chocolate-en-2\/lady-merveilles-ecuador-milk-chocolate-filled-with-almond-and-hazelnut-praline-copia\/\",\"name\":\"Lady Merveilles India Idukki - Chocolate7\",\"isPartOf\":{\"@id\":\"https:\/\/www.chocolate7.com\/#website\"},\"primaryImageOfPage\":{\"@id\":\"https:\/\/www.chocolate7.com\/en\/shop\/bar\/dark-chocolate-en-2\/lady-merveilles-ecuador-milk-chocolate-filled-with-almond-and-hazelnut-praline-copia\/#primaryimage\"},\"image\":{\"@id\":\"https:\/\/www.chocolate7.com\/en\/shop\/bar\/dark-chocolate-en-2\/lady-merveilles-ecuador-milk-chocolate-filled-with-almond-and-hazelnut-praline-copia\/#primaryimage\"},\"thumbnailUrl\":\"https:\/\/www.chocolate7.com\/wp-content\/uploads\/2024\/03\/Screenshot_20240309_193707_Instagram-e1710010484545.jpg\",\"datePublished\":\"2024-03-09T18:40:42+00:00\",\"dateModified\":\"2024-03-09T18:58:33+00:00\",\"breadcrumb\":{\"@id\":\"https:\/\/www.chocolate7.com\/en\/shop\/bar\/dark-chocolate-en-2\/lady-merveilles-ecuador-milk-chocolate-filled-with-almond-and-hazelnut-praline-copia\/#breadcrumb\"},\"inLanguage\":\"en-US\",\"potentialAction\":[{\"@type\":\"ReadAction\",\"target\":[\"https:\/\/www.chocolate7.com\/en\/shop\/bar\/dark-chocolate-en-2\/lady-merveilles-ecuador-milk-chocolate-filled-with-almond-and-hazelnut-praline-copia\/\"]}]},{\"@type\":\"ImageObject\",\"inLanguage\":\"en-US\",\"@id\":\"https:\/\/www.chocolate7.com\/en\/shop\/bar\/dark-chocolate-en-2\/lady-merveilles-ecuador-milk-chocolate-filled-with-almond-and-hazelnut-praline-copia\/#primaryimage\",\"url\":\"https:\/\/www.chocolate7.com\/wp-content\/uploads\/2024\/03\/Screenshot_20240309_193707_Instagram-e1710010484545.jpg\",\"contentUrl\":\"https:\/\/www.chocolate7.com\/wp-content\/uploads\/2024\/03\/Screenshot_20240309_193707_Instagram-e1710010484545.jpg\",\"width\":600,\"height\":595},{\"@type\":\"BreadcrumbList\",\"@id\":\"https:\/\/www.chocolate7.com\/en\/shop\/bar\/dark-chocolate-en-2\/lady-merveilles-ecuador-milk-chocolate-filled-with-almond-and-hazelnut-praline-copia\/#breadcrumb\",\"itemListElement\":[{\"@type\":\"ListItem\",\"position\":1,\"name\":\"Home\",\"item\":\"https:\/\/www.chocolate7.com\/en\/\"},{\"@type\":\"ListItem\",\"position\":2,\"name\":\"Shop\",\"item\":\"https:\/\/www.chocolate7.com\/en\/store\/\"},{\"@type\":\"ListItem\",\"position\":3,\"name\":\"Lady Merveilles India Idukki\"}]},{\"@type\":\"WebSite\",\"@id\":\"https:\/\/www.chocolate7.com\/#website\",\"url\":\"https:\/\/www.chocolate7.com\/\",\"name\":\"Chocolate7\",\"description\":\"The fine &amp; luxury chocolate selection\",\"publisher\":{\"@id\":\"https:\/\/www.chocolate7.com\/#organization\"},\"potentialAction\":[{\"@type\":\"SearchAction\",\"target\":{\"@type\":\"EntryPoint\",\"urlTemplate\":\"https:\/\/www.chocolate7.com\/?s={search_term_string}\"},\"query-input\":\"required name=search_term_string\"}],\"inLanguage\":\"en-US\"},{\"@type\":\"Organization\",\"@id\":\"https:\/\/www.chocolate7.com\/#organization\",\"name\":\"Choc7 di Benedetto Giovanni\",\"url\":\"https:\/\/www.chocolate7.com\/\",\"logo\":{\"@type\":\"ImageObject\",\"inLanguage\":\"en-US\",\"@id\":\"https:\/\/www.chocolate7.com\/#\/schema\/logo\/image\/\",\"url\":\"https:\/\/www.chocolate7.com\/wp-content\/uploads\/2018\/10\/logo_chocolate.png\",\"contentUrl\":\"https:\/\/www.chocolate7.com\/wp-content\/uploads\/2018\/10\/logo_chocolate.png\",\"width\":200,\"height\":41,\"caption\":\"Choc7 di Benedetto Giovanni\"},\"image\":{\"@id\":\"https:\/\/www.chocolate7.com\/#\/schema\/logo\/image\/\"},\"sameAs\":[\"https:\/\/www.facebook.com\/cremino.gianduia.1\",\"https:\/\/x.com\/GianduiaCremino\",\"https:\/\/www.instagram.com\/creminogianduia\/\",\"https:\/\/www.pinterest.com.au\/creminogianduia\/\",\"https:\/\/www.youtube.com\/channel\/UCWFQlcc9EQnAsLkD8rBsgig\"]}]}<\/script>\n<!-- \/ Yoast SEO plugin. -->","yoast_head_json":{"title":"Lady Merveilles India Idukki - Chocolate7","robots":{"index":"index","follow":"follow","max-snippet":"max-snippet:-1","max-image-preview":"max-image-preview:large","max-video-preview":"max-video-preview:-1"},"canonical":"https:\/\/www.chocolate7.com\/en\/shop\/bar\/dark-chocolate-en-2\/lady-merveilles-ecuador-milk-chocolate-filled-with-almond-and-hazelnut-praline-copia\/","og_locale":"en_US","og_type":"article","og_title":"Lady Merveilles India Idukki - Chocolate7","og_description":"Lady Merveilles is a bean to bar chocolate maker from France. This fine chocolate bar is made with cocoa from India (idukki). Lady Merveilles India Idukki 75% is a balanced dark chocolate, with aromatic notes of cedar, currant, almond, coffee, liquorice, wood  &nbsp;  &nbsp;  &nbsp;","og_url":"https:\/\/www.chocolate7.com\/en\/shop\/bar\/dark-chocolate-en-2\/lady-merveilles-ecuador-milk-chocolate-filled-with-almond-and-hazelnut-praline-copia\/","og_site_name":"Chocolate7","article_publisher":"https:\/\/www.facebook.com\/cremino.gianduia.1","article_modified_time":"2024-03-09T18:58:33+00:00","og_image":[{"width":1080,"height":1071,"url":"https:\/\/www.chocolate7.com\/wp-content\/uploads\/2024\/03\/Screenshot_20240309_193707_Instagram-e1710010484545.jpg","type":"image\/jpeg"}],"twitter_card":"summary_large_image","twitter_site":"@GianduiaCremino","twitter_misc":{"Est. reading time":"1 minute"},"schema":{"@context":"https:\/\/schema.org","@graph":[{"@type":"WebPage","@id":"https:\/\/www.chocolate7.com\/en\/shop\/bar\/dark-chocolate-en-2\/lady-merveilles-ecuador-milk-chocolate-filled-with-almond-and-hazelnut-praline-copia\/","url":"https:\/\/www.chocolate7.com\/en\/shop\/bar\/dark-chocolate-en-2\/lady-merveilles-ecuador-milk-chocolate-filled-with-almond-and-hazelnut-praline-copia\/","name":"Lady Merveilles India Idukki - Chocolate7","isPartOf":{"@id":"https:\/\/www.chocolate7.com\/#website"},"primaryImageOfPage":{"@id":"https:\/\/www.chocolate7.com\/en\/shop\/bar\/dark-chocolate-en-2\/lady-merveilles-ecuador-milk-chocolate-filled-with-almond-and-hazelnut-praline-copia\/#primaryimage"},"image":{"@id":"https:\/\/www.chocolate7.com\/en\/shop\/bar\/dark-chocolate-en-2\/lady-merveilles-ecuador-milk-chocolate-filled-with-almond-and-hazelnut-praline-copia\/#primaryimage"},"thumbnailUrl":"https:\/\/www.chocolate7.com\/wp-content\/uploads\/2024\/03\/Screenshot_20240309_193707_Instagram-e1710010484545.jpg","datePublished":"2024-03-09T18:40:42+00:00","dateModified":"2024-03-09T18:58:33+00:00","breadcrumb":{"@id":"https:\/\/www.chocolate7.com\/en\/shop\/bar\/dark-chocolate-en-2\/lady-merveilles-ecuador-milk-chocolate-filled-with-almond-and-hazelnut-praline-copia\/#breadcrumb"},"inLanguage":"en-US","potentialAction":[{"@type":"ReadAction","target":["https:\/\/www.chocolate7.com\/en\/shop\/bar\/dark-chocolate-en-2\/lady-merveilles-ecuador-milk-chocolate-filled-with-almond-and-hazelnut-praline-copia\/"]}]},{"@type":"ImageObject","inLanguage":"en-US","@id":"https:\/\/www.chocolate7.com\/en\/shop\/bar\/dark-chocolate-en-2\/lady-merveilles-ecuador-milk-chocolate-filled-with-almond-and-hazelnut-praline-copia\/#primaryimage","url":"https:\/\/www.chocolate7.com\/wp-content\/uploads\/2024\/03\/Screenshot_20240309_193707_Instagram-e1710010484545.jpg","contentUrl":"https:\/\/www.chocolate7.com\/wp-content\/uploads\/2024\/03\/Screenshot_20240309_193707_Instagram-e1710010484545.jpg","width":600,"height":595},{"@type":"BreadcrumbList","@id":"https:\/\/www.chocolate7.com\/en\/shop\/bar\/dark-chocolate-en-2\/lady-merveilles-ecuador-milk-chocolate-filled-with-almond-and-hazelnut-praline-copia\/#breadcrumb","itemListElement":[{"@type":"ListItem","position":1,"name":"Home","item":"https:\/\/www.chocolate7.com\/en\/"},{"@type":"ListItem","position":2,"name":"Shop","item":"https:\/\/www.chocolate7.com\/en\/store\/"},{"@type":"ListItem","position":3,"name":"Lady Merveilles India Idukki"}]},{"@type":"WebSite","@id":"https:\/\/www.chocolate7.com\/#website","url":"https:\/\/www.chocolate7.com\/","name":"Chocolate7","description":"The fine &amp; luxury chocolate selection","publisher":{"@id":"https:\/\/www.chocolate7.com\/#organization"},"potentialAction":[{"@type":"SearchAction","target":{"@type":"EntryPoint","urlTemplate":"https:\/\/www.chocolate7.com\/?s={search_term_string}"},"query-input":"required name=search_term_string"}],"inLanguage":"en-US"},{"@type":"Organization","@id":"https:\/\/www.chocolate7.com\/#organization","name":"Choc7 di Benedetto Giovanni","url":"https:\/\/www.chocolate7.com\/","logo":{"@type":"ImageObject","inLanguage":"en-US","@id":"https:\/\/www.chocolate7.com\/#\/schema\/logo\/image\/","url":"https:\/\/www.chocolate7.com\/wp-content\/uploads\/2018\/10\/logo_chocolate.png","contentUrl":"https:\/\/www.chocolate7.com\/wp-content\/uploads\/2018\/10\/logo_chocolate.png","width":200,"height":41,"caption":"Choc7 di Benedetto Giovanni"},"image":{"@id":"https:\/\/www.chocolate7.com\/#\/schema\/logo\/image\/"},"sameAs":["https:\/\/www.facebook.com\/cremino.gianduia.1","https:\/\/x.com\/GianduiaCremino","https:\/\/www.instagram.com\/creminogianduia\/","https:\/\/www.pinterest.com.au\/creminogianduia\/","https:\/\/www.youtube.com\/channel\/UCWFQlcc9EQnAsLkD8rBsgig"]}]}},"brands":[{"id":12873,"name":"Lady Merveilles","slug":"lady-merveilles-en"}],"_links":{"self":[{"href":"https:\/\/www.chocolate7.com\/en\/wp-json\/wp\/v2\/product\/33494","targetHints":{"allow":["GET"]}}],"collection":[{"href":"https:\/\/www.chocolate7.com\/en\/wp-json\/wp\/v2\/product"}],"about":[{"href":"https:\/\/www.chocolate7.com\/en\/wp-json\/wp\/v2\/types\/product"}],"wp:featuredmedia":[{"embeddable":true,"href":"https:\/\/www.chocolate7.com\/en\/wp-json\/wp\/v2\/media\/33496"}],"wp:attachment":[{"href":"https:\/\/www.chocolate7.com\/en\/wp-json\/wp\/v2\/media?parent=33494"}],"wp:term":[{"taxonomy":"pwb-brand","embeddable":true,"href":"https:\/\/www.chocolate7.com\/en\/wp-json\/wp\/v2\/pwb-brand?post=33494"},{"taxonomy":"product_brand","embeddable":true,"href":"https:\/\/www.chocolate7.com\/en\/wp-json\/wp\/v2\/product_brand?post=33494"},{"taxonomy":"product_cat","embeddable":true,"href":"https:\/\/www.chocolate7.com\/en\/wp-json\/wp\/v2\/product_cat?post=33494"},{"taxonomy":"product_tag","embeddable":true,"href":"https:\/\/www.chocolate7.com\/en\/wp-json\/wp\/v2\/product_tag?post=33494"},{"taxonomy":"giftcard-category","embeddable":true,"href":"https:\/\/www.chocolate7.com\/en\/wp-json\/wp\/v2\/giftcard-category?post=33494"}],"curies":[{"name":"wp","href":"https:\/\/api.w.org\/{rel}","templated":true}]}}