{"id":33501,"date":"2024-03-11T19:46:30","date_gmt":"2024-03-11T18:46:31","guid":{"rendered":"https:\/\/www.chocolate7.com\/?post_type=product&#038;p=33501"},"modified":"2024-03-11T20:09:03","modified_gmt":"2024-03-11T19:09:03","slug":"encuentro-peru-crispy-dark-chocolate-rabbit-with-hazelnuts-caramelized-cocoa-copia","status":"publish","type":"product","link":"https:\/\/www.chocolate7.com\/en\/shop\/bar\/dark-chocolate-milk-chocolate-en\/encuentro-peru-crispy-dark-chocolate-rabbit-with-hazelnuts-caramelized-cocoa-copia\/","title":{"rendered":"Encuentro Dominican Republic Bunny Ma\u00f1ana\u00a9"},"content":{"rendered":"<p style=\"text-align: left\">Dark chocolate bunny with inclusions \/ filled \/ flavored &#8211; Made by Encuentro<\/p>\n<p>Un nouveau lapin gourmand pour P\u00e2ques !<br \/>\nPour r\u00e9aliser ce Lapin de P\u00e2ques, nous avons utilis\u00e9 notre chocolat 70% R\u00e9publique Dominicaine. Il ne pr\u00e9sente pas d&#8217;amertume. Nous l&#8217;avons ensuite garnit d&#8217;une couche de Ma\u00f1ana et de d\u00e9licieux \u00e9clats de noisettes du Pi\u00e9mont caram\u00e9lis\u00e9s.<\/p>\n<p>Pas de plastique chez Encuentro. Notre lapin est emball\u00e9 dans une belle bo\u00eete 100% recyclable qui s&#8217;ouvre en fleur !<\/p>\n<p><em>\u00c0 consommer de pr\u00e9f\u00e9rence dans les 3 mois suivant l&#8217;achat.<\/em><\/p>\n<p><em><strong>Informations Produits :<\/strong><\/em><\/p>\n<p><em>Dimensions du lapin : 15 cm x 6cm x 6cm<\/em><\/p>\n<p><em>Dimensions de la boite : 18cm x 7cm x 7cm<\/em><\/p>\n<p><em>Poids net : 140g<\/em><\/p>\n","protected":false},"excerpt":{"rendered":"<p>Encuentro is a bean to bar chocolate maker from France. This fine chocolate bunny is made with cocoa from Dominican Republic. A new gourmet bunny for Easter! Encuentro Dominican Republic Bunny Ma\u00f1ana\u00a9 70% is made using Encuentro&#8217;s Dominican Republic chocolate 70%. A dark chocolate characterized by the absence of bitterness. This dark chocolate bunny is garnished with a layer of Ma\u00f1ana (Encuentro&#8217;s spread which is the base of the iconic rochers intense) and delicious pieces of caramelized Piedmont hazelnuts.<\/p>\n<p>&nbsp;<\/p>\n<p>&nbsp;<\/p>\n<p>&nbsp;<\/p>\n","protected":false},"featured_media":33512,"template":"","meta":[],"pwb-brand":[5613],"product_brand":[],"product_cat":[3251,3256,3215],"product_tag":[],"giftcard-category":[],"class_list":{"0":"post-33501","1":"product","2":"type-product","3":"status-publish","4":"has-post-thumbnail","6":"pwb-brand-encuentro-en-2","7":"product_cat-bar","8":"product_cat-dark-chocolate-milk-chocolate-en","9":"product_cat-gift-box","10":"pa_acidita-2-en","11":"pa_allergeni-contains-hazelnuts-may-contain-nuts-and-sesame","12":"pa_amarezza-1-en","13":"pa_astringenza-1-en","14":"pa_cacao-70-79-en","15":"pa_certificazioni-organic","16":"pa_conservazione-store-in-a-cool-and-dry-place-between-16-c-and-18-c","17":"pa_dolcezza-3-en","18":"pa_ingredienti-organic-cocoa-beans-organic-cane-sugar-organic-piedmont-hazelnuts-organic-cocoa-nibs-organic-cane-sugar","19":"pa_note-di-degustazione-cherry-raspberry-cranberry-red-currant-hazelnut-cocoa-caramel","20":"pa_paese-delle-fave-di-cacao-peru-en","21":"pa_paese-produttore-france","22":"pa_percentuale-di-cacao-70-en","23":"pa_regione-chuncho-urusayhua-en","24":"pa_tipo-di-cioccolato-flavoured-filled-inclusions-dark-chocolate","26":"first","27":"outofstock","28":"featured","29":"taxable","30":"shipping-taxable","31":"purchasable","32":"product-type-simple"},"yoast_head":"<!-- This site is optimized with the Yoast SEO plugin v23.3 - https:\/\/yoast.com\/wordpress\/plugins\/seo\/ -->\n<title>Encuentro Dominican Republic Bunny Ma\u00f1ana\u00a9 - Chocolate7<\/title>\n<meta name=\"robots\" content=\"index, follow, max-snippet:-1, max-image-preview:large, max-video-preview:-1\" \/>\n<link rel=\"canonical\" href=\"https:\/\/www.chocolate7.com\/en\/shop\/bar\/dark-chocolate-milk-chocolate-en\/encuentro-peru-crispy-dark-chocolate-rabbit-with-hazelnuts-caramelized-cocoa-copia\/\" \/>\n<meta property=\"og:locale\" content=\"en_US\" \/>\n<meta property=\"og:type\" content=\"article\" \/>\n<meta property=\"og:title\" content=\"Encuentro Dominican Republic Bunny Ma\u00f1ana\u00a9 - Chocolate7\" \/>\n<meta property=\"og:description\" content=\"Encuentro is a bean to bar chocolate maker from France. This fine chocolate bunny is made with cocoa from Dominican Republic. A new gourmet bunny for Easter! Encuentro Dominican Republic Bunny Ma\u00f1ana\u00a9 70% is made using Encuentro&#039;s Dominican Republic chocolate 70%. A dark chocolate characterized by the absence of bitterness. This dark chocolate bunny is garnished with a layer of Ma\u00f1ana (Encuentro&#039;s spread which is the base of the iconic rochers intense) and delicious pieces of caramelized Piedmont hazelnuts.  &nbsp;  &nbsp;  &nbsp;\" \/>\n<meta property=\"og:url\" content=\"https:\/\/www.chocolate7.com\/en\/shop\/bar\/dark-chocolate-milk-chocolate-en\/encuentro-peru-crispy-dark-chocolate-rabbit-with-hazelnuts-caramelized-cocoa-copia\/\" \/>\n<meta property=\"og:site_name\" content=\"Chocolate7\" \/>\n<meta property=\"article:publisher\" content=\"https:\/\/www.facebook.com\/cremino.gianduia.1\" \/>\n<meta property=\"article:modified_time\" content=\"2024-03-11T19:09:03+00:00\" \/>\n<meta property=\"og:image\" content=\"https:\/\/www.chocolate7.com\/wp-content\/uploads\/2023\/03\/Screenshot_20230314_165841_Instagram-e1678812649297.jpg\" \/>\n\t<meta property=\"og:image:width\" content=\"1080\" \/>\n\t<meta property=\"og:image:height\" content=\"1079\" \/>\n\t<meta property=\"og:image:type\" content=\"image\/jpeg\" \/>\n<meta name=\"twitter:card\" content=\"summary_large_image\" \/>\n<meta name=\"twitter:site\" content=\"@GianduiaCremino\" \/>\n<meta name=\"twitter:label1\" content=\"Est. reading time\" \/>\n\t<meta name=\"twitter:data1\" content=\"1 minute\" \/>\n<script type=\"application\/ld+json\" class=\"yoast-schema-graph\">{\"@context\":\"https:\/\/schema.org\",\"@graph\":[{\"@type\":\"WebPage\",\"@id\":\"https:\/\/www.chocolate7.com\/en\/shop\/bar\/dark-chocolate-milk-chocolate-en\/encuentro-peru-crispy-dark-chocolate-rabbit-with-hazelnuts-caramelized-cocoa-copia\/\",\"url\":\"https:\/\/www.chocolate7.com\/en\/shop\/bar\/dark-chocolate-milk-chocolate-en\/encuentro-peru-crispy-dark-chocolate-rabbit-with-hazelnuts-caramelized-cocoa-copia\/\",\"name\":\"Encuentro Dominican Republic Bunny Ma\u00f1ana\u00a9 - Chocolate7\",\"isPartOf\":{\"@id\":\"https:\/\/www.chocolate7.com\/#website\"},\"primaryImageOfPage\":{\"@id\":\"https:\/\/www.chocolate7.com\/en\/shop\/bar\/dark-chocolate-milk-chocolate-en\/encuentro-peru-crispy-dark-chocolate-rabbit-with-hazelnuts-caramelized-cocoa-copia\/#primaryimage\"},\"image\":{\"@id\":\"https:\/\/www.chocolate7.com\/en\/shop\/bar\/dark-chocolate-milk-chocolate-en\/encuentro-peru-crispy-dark-chocolate-rabbit-with-hazelnuts-caramelized-cocoa-copia\/#primaryimage\"},\"thumbnailUrl\":\"https:\/\/www.chocolate7.com\/wp-content\/uploads\/2024\/03\/Screenshot_20240313_162100_Instagram-e1710343429922.jpg\",\"datePublished\":\"2024-03-11T18:46:31+00:00\",\"dateModified\":\"2024-03-11T19:09:03+00:00\",\"breadcrumb\":{\"@id\":\"https:\/\/www.chocolate7.com\/en\/shop\/bar\/dark-chocolate-milk-chocolate-en\/encuentro-peru-crispy-dark-chocolate-rabbit-with-hazelnuts-caramelized-cocoa-copia\/#breadcrumb\"},\"inLanguage\":\"en-US\",\"potentialAction\":[{\"@type\":\"ReadAction\",\"target\":[\"https:\/\/www.chocolate7.com\/en\/shop\/bar\/dark-chocolate-milk-chocolate-en\/encuentro-peru-crispy-dark-chocolate-rabbit-with-hazelnuts-caramelized-cocoa-copia\/\"]}]},{\"@type\":\"ImageObject\",\"inLanguage\":\"en-US\",\"@id\":\"https:\/\/www.chocolate7.com\/en\/shop\/bar\/dark-chocolate-milk-chocolate-en\/encuentro-peru-crispy-dark-chocolate-rabbit-with-hazelnuts-caramelized-cocoa-copia\/#primaryimage\",\"url\":\"https:\/\/www.chocolate7.com\/wp-content\/uploads\/2024\/03\/Screenshot_20240313_162100_Instagram-e1710343429922.jpg\",\"contentUrl\":\"https:\/\/www.chocolate7.com\/wp-content\/uploads\/2024\/03\/Screenshot_20240313_162100_Instagram-e1710343429922.jpg\",\"width\":600,\"height\":599},{\"@type\":\"BreadcrumbList\",\"@id\":\"https:\/\/www.chocolate7.com\/en\/shop\/bar\/dark-chocolate-milk-chocolate-en\/encuentro-peru-crispy-dark-chocolate-rabbit-with-hazelnuts-caramelized-cocoa-copia\/#breadcrumb\",\"itemListElement\":[{\"@type\":\"ListItem\",\"position\":1,\"name\":\"Home\",\"item\":\"https:\/\/www.chocolate7.com\/en\/\"},{\"@type\":\"ListItem\",\"position\":2,\"name\":\"Shop\",\"item\":\"https:\/\/www.chocolate7.com\/en\/store\/\"},{\"@type\":\"ListItem\",\"position\":3,\"name\":\"Encuentro Dominican Republic Bunny Ma\u00f1ana\u00a9\"}]},{\"@type\":\"WebSite\",\"@id\":\"https:\/\/www.chocolate7.com\/#website\",\"url\":\"https:\/\/www.chocolate7.com\/\",\"name\":\"Chocolate7\",\"description\":\"The fine &amp; luxury chocolate selection\",\"publisher\":{\"@id\":\"https:\/\/www.chocolate7.com\/#organization\"},\"potentialAction\":[{\"@type\":\"SearchAction\",\"target\":{\"@type\":\"EntryPoint\",\"urlTemplate\":\"https:\/\/www.chocolate7.com\/?s={search_term_string}\"},\"query-input\":\"required name=search_term_string\"}],\"inLanguage\":\"en-US\"},{\"@type\":\"Organization\",\"@id\":\"https:\/\/www.chocolate7.com\/#organization\",\"name\":\"Choc7 di Benedetto Giovanni\",\"url\":\"https:\/\/www.chocolate7.com\/\",\"logo\":{\"@type\":\"ImageObject\",\"inLanguage\":\"en-US\",\"@id\":\"https:\/\/www.chocolate7.com\/#\/schema\/logo\/image\/\",\"url\":\"https:\/\/www.chocolate7.com\/wp-content\/uploads\/2018\/10\/logo_chocolate.png\",\"contentUrl\":\"https:\/\/www.chocolate7.com\/wp-content\/uploads\/2018\/10\/logo_chocolate.png\",\"width\":200,\"height\":41,\"caption\":\"Choc7 di Benedetto Giovanni\"},\"image\":{\"@id\":\"https:\/\/www.chocolate7.com\/#\/schema\/logo\/image\/\"},\"sameAs\":[\"https:\/\/www.facebook.com\/cremino.gianduia.1\",\"https:\/\/x.com\/GianduiaCremino\",\"https:\/\/www.instagram.com\/creminogianduia\/\",\"https:\/\/www.pinterest.com.au\/creminogianduia\/\",\"https:\/\/www.youtube.com\/channel\/UCWFQlcc9EQnAsLkD8rBsgig\"]}]}<\/script>\n<!-- \/ Yoast SEO plugin. -->","yoast_head_json":{"title":"Encuentro Dominican Republic Bunny Ma\u00f1ana\u00a9 - Chocolate7","robots":{"index":"index","follow":"follow","max-snippet":"max-snippet:-1","max-image-preview":"max-image-preview:large","max-video-preview":"max-video-preview:-1"},"canonical":"https:\/\/www.chocolate7.com\/en\/shop\/bar\/dark-chocolate-milk-chocolate-en\/encuentro-peru-crispy-dark-chocolate-rabbit-with-hazelnuts-caramelized-cocoa-copia\/","og_locale":"en_US","og_type":"article","og_title":"Encuentro Dominican Republic Bunny Ma\u00f1ana\u00a9 - Chocolate7","og_description":"Encuentro is a bean to bar chocolate maker from France. This fine chocolate bunny is made with cocoa from Dominican Republic. A new gourmet bunny for Easter! Encuentro Dominican Republic Bunny Ma\u00f1ana\u00a9 70% is made using Encuentro's Dominican Republic chocolate 70%. A dark chocolate characterized by the absence of bitterness. This dark chocolate bunny is garnished with a layer of Ma\u00f1ana (Encuentro's spread which is the base of the iconic rochers intense) and delicious pieces of caramelized Piedmont hazelnuts.  &nbsp;  &nbsp;  &nbsp;","og_url":"https:\/\/www.chocolate7.com\/en\/shop\/bar\/dark-chocolate-milk-chocolate-en\/encuentro-peru-crispy-dark-chocolate-rabbit-with-hazelnuts-caramelized-cocoa-copia\/","og_site_name":"Chocolate7","article_publisher":"https:\/\/www.facebook.com\/cremino.gianduia.1","article_modified_time":"2024-03-11T19:09:03+00:00","og_image":[{"width":1080,"height":1079,"url":"https:\/\/www.chocolate7.com\/wp-content\/uploads\/2023\/03\/Screenshot_20230314_165841_Instagram-e1678812649297.jpg","type":"image\/jpeg"}],"twitter_card":"summary_large_image","twitter_site":"@GianduiaCremino","twitter_misc":{"Est. reading time":"1 minute"},"schema":{"@context":"https:\/\/schema.org","@graph":[{"@type":"WebPage","@id":"https:\/\/www.chocolate7.com\/en\/shop\/bar\/dark-chocolate-milk-chocolate-en\/encuentro-peru-crispy-dark-chocolate-rabbit-with-hazelnuts-caramelized-cocoa-copia\/","url":"https:\/\/www.chocolate7.com\/en\/shop\/bar\/dark-chocolate-milk-chocolate-en\/encuentro-peru-crispy-dark-chocolate-rabbit-with-hazelnuts-caramelized-cocoa-copia\/","name":"Encuentro Dominican Republic Bunny Ma\u00f1ana\u00a9 - Chocolate7","isPartOf":{"@id":"https:\/\/www.chocolate7.com\/#website"},"primaryImageOfPage":{"@id":"https:\/\/www.chocolate7.com\/en\/shop\/bar\/dark-chocolate-milk-chocolate-en\/encuentro-peru-crispy-dark-chocolate-rabbit-with-hazelnuts-caramelized-cocoa-copia\/#primaryimage"},"image":{"@id":"https:\/\/www.chocolate7.com\/en\/shop\/bar\/dark-chocolate-milk-chocolate-en\/encuentro-peru-crispy-dark-chocolate-rabbit-with-hazelnuts-caramelized-cocoa-copia\/#primaryimage"},"thumbnailUrl":"https:\/\/www.chocolate7.com\/wp-content\/uploads\/2024\/03\/Screenshot_20240313_162100_Instagram-e1710343429922.jpg","datePublished":"2024-03-11T18:46:31+00:00","dateModified":"2024-03-11T19:09:03+00:00","breadcrumb":{"@id":"https:\/\/www.chocolate7.com\/en\/shop\/bar\/dark-chocolate-milk-chocolate-en\/encuentro-peru-crispy-dark-chocolate-rabbit-with-hazelnuts-caramelized-cocoa-copia\/#breadcrumb"},"inLanguage":"en-US","potentialAction":[{"@type":"ReadAction","target":["https:\/\/www.chocolate7.com\/en\/shop\/bar\/dark-chocolate-milk-chocolate-en\/encuentro-peru-crispy-dark-chocolate-rabbit-with-hazelnuts-caramelized-cocoa-copia\/"]}]},{"@type":"ImageObject","inLanguage":"en-US","@id":"https:\/\/www.chocolate7.com\/en\/shop\/bar\/dark-chocolate-milk-chocolate-en\/encuentro-peru-crispy-dark-chocolate-rabbit-with-hazelnuts-caramelized-cocoa-copia\/#primaryimage","url":"https:\/\/www.chocolate7.com\/wp-content\/uploads\/2024\/03\/Screenshot_20240313_162100_Instagram-e1710343429922.jpg","contentUrl":"https:\/\/www.chocolate7.com\/wp-content\/uploads\/2024\/03\/Screenshot_20240313_162100_Instagram-e1710343429922.jpg","width":600,"height":599},{"@type":"BreadcrumbList","@id":"https:\/\/www.chocolate7.com\/en\/shop\/bar\/dark-chocolate-milk-chocolate-en\/encuentro-peru-crispy-dark-chocolate-rabbit-with-hazelnuts-caramelized-cocoa-copia\/#breadcrumb","itemListElement":[{"@type":"ListItem","position":1,"name":"Home","item":"https:\/\/www.chocolate7.com\/en\/"},{"@type":"ListItem","position":2,"name":"Shop","item":"https:\/\/www.chocolate7.com\/en\/store\/"},{"@type":"ListItem","position":3,"name":"Encuentro Dominican Republic Bunny Ma\u00f1ana\u00a9"}]},{"@type":"WebSite","@id":"https:\/\/www.chocolate7.com\/#website","url":"https:\/\/www.chocolate7.com\/","name":"Chocolate7","description":"The fine &amp; luxury chocolate selection","publisher":{"@id":"https:\/\/www.chocolate7.com\/#organization"},"potentialAction":[{"@type":"SearchAction","target":{"@type":"EntryPoint","urlTemplate":"https:\/\/www.chocolate7.com\/?s={search_term_string}"},"query-input":"required name=search_term_string"}],"inLanguage":"en-US"},{"@type":"Organization","@id":"https:\/\/www.chocolate7.com\/#organization","name":"Choc7 di Benedetto Giovanni","url":"https:\/\/www.chocolate7.com\/","logo":{"@type":"ImageObject","inLanguage":"en-US","@id":"https:\/\/www.chocolate7.com\/#\/schema\/logo\/image\/","url":"https:\/\/www.chocolate7.com\/wp-content\/uploads\/2018\/10\/logo_chocolate.png","contentUrl":"https:\/\/www.chocolate7.com\/wp-content\/uploads\/2018\/10\/logo_chocolate.png","width":200,"height":41,"caption":"Choc7 di Benedetto Giovanni"},"image":{"@id":"https:\/\/www.chocolate7.com\/#\/schema\/logo\/image\/"},"sameAs":["https:\/\/www.facebook.com\/cremino.gianduia.1","https:\/\/x.com\/GianduiaCremino","https:\/\/www.instagram.com\/creminogianduia\/","https:\/\/www.pinterest.com.au\/creminogianduia\/","https:\/\/www.youtube.com\/channel\/UCWFQlcc9EQnAsLkD8rBsgig"]}]}},"brands":[{"id":5613,"name":"Encuentro","slug":"encuentro-en-2"}],"_links":{"self":[{"href":"https:\/\/www.chocolate7.com\/en\/wp-json\/wp\/v2\/product\/33501","targetHints":{"allow":["GET"]}}],"collection":[{"href":"https:\/\/www.chocolate7.com\/en\/wp-json\/wp\/v2\/product"}],"about":[{"href":"https:\/\/www.chocolate7.com\/en\/wp-json\/wp\/v2\/types\/product"}],"wp:featuredmedia":[{"embeddable":true,"href":"https:\/\/www.chocolate7.com\/en\/wp-json\/wp\/v2\/media\/33512"}],"wp:attachment":[{"href":"https:\/\/www.chocolate7.com\/en\/wp-json\/wp\/v2\/media?parent=33501"}],"wp:term":[{"taxonomy":"pwb-brand","embeddable":true,"href":"https:\/\/www.chocolate7.com\/en\/wp-json\/wp\/v2\/pwb-brand?post=33501"},{"taxonomy":"product_brand","embeddable":true,"href":"https:\/\/www.chocolate7.com\/en\/wp-json\/wp\/v2\/product_brand?post=33501"},{"taxonomy":"product_cat","embeddable":true,"href":"https:\/\/www.chocolate7.com\/en\/wp-json\/wp\/v2\/product_cat?post=33501"},{"taxonomy":"product_tag","embeddable":true,"href":"https:\/\/www.chocolate7.com\/en\/wp-json\/wp\/v2\/product_tag?post=33501"},{"taxonomy":"giftcard-category","embeddable":true,"href":"https:\/\/www.chocolate7.com\/en\/wp-json\/wp\/v2\/giftcard-category?post=33501"}],"curies":[{"name":"wp","href":"https:\/\/api.w.org\/{rel}","templated":true}]}}