{"id":33616,"date":"2024-04-19T17:41:24","date_gmt":"2024-04-19T15:41:24","guid":{"rendered":"https:\/\/www.chocolate7.com\/?post_type=product&#038;p=33616"},"modified":"2024-04-19T18:04:38","modified_gmt":"2024-04-19T16:04:38","slug":"beau-cacao-malaysia-asajaya-copia","status":"publish","type":"product","link":"https:\/\/www.chocolate7.com\/en\/shop\/bar\/dark-chocolate-en-2\/beau-cacao-malaysia-asajaya-copia\/","title":{"rendered":"Beau cacao Guatemala Cahab\u00f2n"},"content":{"rendered":"<p style=\"text-align: left\">Dark chocolate bar &#8211; Made by Beau cacao<\/p>\n<h3 class=\"preSlide slideIn\">100% BIO<\/h3>\n<p class=\"preFade fadeIn\">La tablette Cahabon est fabriqu\u00e9 \u00e0 partir de f\u00e8ves de cacao cultiv\u00e9es par l&#8217;association Adioesmac \u00e0 Cahabon au Guatemala. Dans les Hautes-Alpes, elles sont torr\u00e9fi\u00e9es pour que s&#8217;\u00e9panouissent toutes leurs nuances, avant d&#8217;\u00eatre transform\u00e9es en \u00e9l\u00e9gantes tablettes de chocolat. Go\u00fbtez au changement !<\/p>\n<h4 class=\"preFade fadeIn\"><strong>NOTES DE D\u00c9GUSTATION<\/strong><\/h4>\n<p class=\"preFade fadeIn\">Un brownie au chocolat intense ! Riche et bois\u00e9, avec des notes de noix de cajou et de biscuit, ainsi qu&#8217;un soup\u00e7on d&#8217;amandes grill\u00e9es en fin de bouche.<\/p>\n<h4 class=\"preFade fadeIn\">EN QU\u00caTE DES MEILLEURS PRODUCTEURS<\/h4>\n<p class=\"preFade fadeIn\">Nous achetons notre cacao \u00e0 Uncommon Cacao, une entreprise certifi\u00e9e B-Corp. Cacao cultiv\u00e9 par 24 membres de l&#8217;association Adioesmac.<\/p>\n","protected":false},"excerpt":{"rendered":"<p>Beau cocoa is a bean to bar chocolate maker from France. This fine chocolate bar is made with cocoa from Guatemala (Cahab\u00f2n). Beau cocoa Guatemala Cahab\u00f2n 78% is a pleasantly bitter dark chocolate, with aromatic notes of cedar, cashews, toasted almonds, brownie.<\/p>\n","protected":false},"featured_media":33618,"template":"","meta":[],"pwb-brand":[7790],"product_brand":[],"product_cat":[3251,3255],"product_tag":[],"giftcard-category":[],"class_list":{"0":"post-33616","1":"product","2":"type-product","3":"status-publish","4":"has-post-thumbnail","6":"pwb-brand-beau-cacao-en-2","7":"product_cat-bar","8":"product_cat-dark-chocolate-en-2","9":"pa_acidita-3-en","10":"pa_allergeni-may-contain-traces-of-peanuts-and-nuts-gluten-soy-free-dairy-free","11":"pa_amarezza-4-en","12":"pa_astringenza-2-en","13":"pa_cacao-70-79-en","14":"pa_dolcezza-2-en","15":"pa_ingredienti-organic-cocoa-beans-organic-cane-sugar","16":"pa_note-di-degustazione-cedar-cashews-roasted-almonds-brownie","17":"pa_paese-delle-fave-di-cacao-guatemala-en","18":"pa_paese-produttore-france","19":"pa_percentuale-di-cacao-78-en","20":"pa_regione-cahabon-en-2","21":"pa_tipo-di-cioccolato-fondente-en","23":"first","24":"outofstock","25":"taxable","26":"shipping-taxable","27":"purchasable","28":"product-type-simple"},"yoast_head":"<!-- This site is optimized with the Yoast SEO plugin v23.3 - https:\/\/yoast.com\/wordpress\/plugins\/seo\/ -->\n<title>Beau cacao Guatemala Cahab\u00f2n - Chocolate7<\/title>\n<meta name=\"robots\" content=\"index, follow, max-snippet:-1, max-image-preview:large, max-video-preview:-1\" \/>\n<link rel=\"canonical\" href=\"https:\/\/www.chocolate7.com\/en\/shop\/bar\/dark-chocolate-en-2\/beau-cacao-malaysia-asajaya-copia\/\" \/>\n<meta property=\"og:locale\" content=\"en_US\" \/>\n<meta property=\"og:type\" content=\"article\" \/>\n<meta property=\"og:title\" content=\"Beau cacao Guatemala Cahab\u00f2n - Chocolate7\" \/>\n<meta property=\"og:description\" content=\"Beau cocoa is a bean to bar chocolate maker from France. This fine chocolate bar is made with cocoa from Guatemala (Cahab\u00f2n). Beau cocoa Guatemala Cahab\u00f2n 78% is a pleasantly bitter dark chocolate, with aromatic notes of cedar, cashews, toasted almonds, brownie.\" \/>\n<meta property=\"og:url\" content=\"https:\/\/www.chocolate7.com\/en\/shop\/bar\/dark-chocolate-en-2\/beau-cacao-malaysia-asajaya-copia\/\" \/>\n<meta property=\"og:site_name\" content=\"Chocolate7\" \/>\n<meta property=\"article:publisher\" content=\"https:\/\/www.facebook.com\/cremino.gianduia.1\" \/>\n<meta property=\"article:modified_time\" content=\"2024-04-19T16:04:38+00:00\" \/>\n<meta property=\"og:image\" content=\"https:\/\/www.chocolate7.com\/wp-content\/uploads\/2024\/04\/Screenshot_20240419_173251_Instagram-e1713542466545.jpg\" \/>\n\t<meta property=\"og:image:width\" content=\"1080\" \/>\n\t<meta property=\"og:image:height\" content=\"1079\" \/>\n\t<meta property=\"og:image:type\" content=\"image\/jpeg\" \/>\n<meta name=\"twitter:card\" content=\"summary_large_image\" \/>\n<meta name=\"twitter:site\" content=\"@GianduiaCremino\" \/>\n<meta name=\"twitter:label1\" content=\"Est. reading time\" \/>\n\t<meta name=\"twitter:data1\" content=\"1 minute\" \/>\n<script type=\"application\/ld+json\" class=\"yoast-schema-graph\">{\"@context\":\"https:\/\/schema.org\",\"@graph\":[{\"@type\":\"WebPage\",\"@id\":\"https:\/\/www.chocolate7.com\/en\/shop\/bar\/dark-chocolate-en-2\/beau-cacao-malaysia-asajaya-copia\/\",\"url\":\"https:\/\/www.chocolate7.com\/en\/shop\/bar\/dark-chocolate-en-2\/beau-cacao-malaysia-asajaya-copia\/\",\"name\":\"Beau cacao Guatemala Cahab\u00f2n - Chocolate7\",\"isPartOf\":{\"@id\":\"https:\/\/www.chocolate7.com\/#website\"},\"primaryImageOfPage\":{\"@id\":\"https:\/\/www.chocolate7.com\/en\/shop\/bar\/dark-chocolate-en-2\/beau-cacao-malaysia-asajaya-copia\/#primaryimage\"},\"image\":{\"@id\":\"https:\/\/www.chocolate7.com\/en\/shop\/bar\/dark-chocolate-en-2\/beau-cacao-malaysia-asajaya-copia\/#primaryimage\"},\"thumbnailUrl\":\"https:\/\/www.chocolate7.com\/wp-content\/uploads\/2024\/04\/Screenshot_20240419_173251_Instagram-e1713542466545.jpg\",\"datePublished\":\"2024-04-19T15:41:24+00:00\",\"dateModified\":\"2024-04-19T16:04:38+00:00\",\"breadcrumb\":{\"@id\":\"https:\/\/www.chocolate7.com\/en\/shop\/bar\/dark-chocolate-en-2\/beau-cacao-malaysia-asajaya-copia\/#breadcrumb\"},\"inLanguage\":\"en-US\",\"potentialAction\":[{\"@type\":\"ReadAction\",\"target\":[\"https:\/\/www.chocolate7.com\/en\/shop\/bar\/dark-chocolate-en-2\/beau-cacao-malaysia-asajaya-copia\/\"]}]},{\"@type\":\"ImageObject\",\"inLanguage\":\"en-US\",\"@id\":\"https:\/\/www.chocolate7.com\/en\/shop\/bar\/dark-chocolate-en-2\/beau-cacao-malaysia-asajaya-copia\/#primaryimage\",\"url\":\"https:\/\/www.chocolate7.com\/wp-content\/uploads\/2024\/04\/Screenshot_20240419_173251_Instagram-e1713542466545.jpg\",\"contentUrl\":\"https:\/\/www.chocolate7.com\/wp-content\/uploads\/2024\/04\/Screenshot_20240419_173251_Instagram-e1713542466545.jpg\",\"width\":600,\"height\":599},{\"@type\":\"BreadcrumbList\",\"@id\":\"https:\/\/www.chocolate7.com\/en\/shop\/bar\/dark-chocolate-en-2\/beau-cacao-malaysia-asajaya-copia\/#breadcrumb\",\"itemListElement\":[{\"@type\":\"ListItem\",\"position\":1,\"name\":\"Home\",\"item\":\"https:\/\/www.chocolate7.com\/en\/\"},{\"@type\":\"ListItem\",\"position\":2,\"name\":\"Shop\",\"item\":\"https:\/\/www.chocolate7.com\/en\/store\/\"},{\"@type\":\"ListItem\",\"position\":3,\"name\":\"Beau cacao Guatemala Cahab\u00f2n\"}]},{\"@type\":\"WebSite\",\"@id\":\"https:\/\/www.chocolate7.com\/#website\",\"url\":\"https:\/\/www.chocolate7.com\/\",\"name\":\"Chocolate7\",\"description\":\"The fine &amp; luxury chocolate selection\",\"publisher\":{\"@id\":\"https:\/\/www.chocolate7.com\/#organization\"},\"potentialAction\":[{\"@type\":\"SearchAction\",\"target\":{\"@type\":\"EntryPoint\",\"urlTemplate\":\"https:\/\/www.chocolate7.com\/?s={search_term_string}\"},\"query-input\":\"required name=search_term_string\"}],\"inLanguage\":\"en-US\"},{\"@type\":\"Organization\",\"@id\":\"https:\/\/www.chocolate7.com\/#organization\",\"name\":\"Choc7 di Benedetto Giovanni\",\"url\":\"https:\/\/www.chocolate7.com\/\",\"logo\":{\"@type\":\"ImageObject\",\"inLanguage\":\"en-US\",\"@id\":\"https:\/\/www.chocolate7.com\/#\/schema\/logo\/image\/\",\"url\":\"https:\/\/www.chocolate7.com\/wp-content\/uploads\/2018\/10\/logo_chocolate.png\",\"contentUrl\":\"https:\/\/www.chocolate7.com\/wp-content\/uploads\/2018\/10\/logo_chocolate.png\",\"width\":200,\"height\":41,\"caption\":\"Choc7 di Benedetto Giovanni\"},\"image\":{\"@id\":\"https:\/\/www.chocolate7.com\/#\/schema\/logo\/image\/\"},\"sameAs\":[\"https:\/\/www.facebook.com\/cremino.gianduia.1\",\"https:\/\/x.com\/GianduiaCremino\",\"https:\/\/www.instagram.com\/creminogianduia\/\",\"https:\/\/www.pinterest.com.au\/creminogianduia\/\",\"https:\/\/www.youtube.com\/channel\/UCWFQlcc9EQnAsLkD8rBsgig\"]}]}<\/script>\n<!-- \/ Yoast SEO plugin. -->","yoast_head_json":{"title":"Beau cacao Guatemala Cahab\u00f2n - Chocolate7","robots":{"index":"index","follow":"follow","max-snippet":"max-snippet:-1","max-image-preview":"max-image-preview:large","max-video-preview":"max-video-preview:-1"},"canonical":"https:\/\/www.chocolate7.com\/en\/shop\/bar\/dark-chocolate-en-2\/beau-cacao-malaysia-asajaya-copia\/","og_locale":"en_US","og_type":"article","og_title":"Beau cacao Guatemala Cahab\u00f2n - Chocolate7","og_description":"Beau cocoa is a bean to bar chocolate maker from France. This fine chocolate bar is made with cocoa from Guatemala (Cahab\u00f2n). Beau cocoa Guatemala Cahab\u00f2n 78% is a pleasantly bitter dark chocolate, with aromatic notes of cedar, cashews, toasted almonds, brownie.","og_url":"https:\/\/www.chocolate7.com\/en\/shop\/bar\/dark-chocolate-en-2\/beau-cacao-malaysia-asajaya-copia\/","og_site_name":"Chocolate7","article_publisher":"https:\/\/www.facebook.com\/cremino.gianduia.1","article_modified_time":"2024-04-19T16:04:38+00:00","og_image":[{"width":1080,"height":1079,"url":"https:\/\/www.chocolate7.com\/wp-content\/uploads\/2024\/04\/Screenshot_20240419_173251_Instagram-e1713542466545.jpg","type":"image\/jpeg"}],"twitter_card":"summary_large_image","twitter_site":"@GianduiaCremino","twitter_misc":{"Est. reading time":"1 minute"},"schema":{"@context":"https:\/\/schema.org","@graph":[{"@type":"WebPage","@id":"https:\/\/www.chocolate7.com\/en\/shop\/bar\/dark-chocolate-en-2\/beau-cacao-malaysia-asajaya-copia\/","url":"https:\/\/www.chocolate7.com\/en\/shop\/bar\/dark-chocolate-en-2\/beau-cacao-malaysia-asajaya-copia\/","name":"Beau cacao Guatemala Cahab\u00f2n - Chocolate7","isPartOf":{"@id":"https:\/\/www.chocolate7.com\/#website"},"primaryImageOfPage":{"@id":"https:\/\/www.chocolate7.com\/en\/shop\/bar\/dark-chocolate-en-2\/beau-cacao-malaysia-asajaya-copia\/#primaryimage"},"image":{"@id":"https:\/\/www.chocolate7.com\/en\/shop\/bar\/dark-chocolate-en-2\/beau-cacao-malaysia-asajaya-copia\/#primaryimage"},"thumbnailUrl":"https:\/\/www.chocolate7.com\/wp-content\/uploads\/2024\/04\/Screenshot_20240419_173251_Instagram-e1713542466545.jpg","datePublished":"2024-04-19T15:41:24+00:00","dateModified":"2024-04-19T16:04:38+00:00","breadcrumb":{"@id":"https:\/\/www.chocolate7.com\/en\/shop\/bar\/dark-chocolate-en-2\/beau-cacao-malaysia-asajaya-copia\/#breadcrumb"},"inLanguage":"en-US","potentialAction":[{"@type":"ReadAction","target":["https:\/\/www.chocolate7.com\/en\/shop\/bar\/dark-chocolate-en-2\/beau-cacao-malaysia-asajaya-copia\/"]}]},{"@type":"ImageObject","inLanguage":"en-US","@id":"https:\/\/www.chocolate7.com\/en\/shop\/bar\/dark-chocolate-en-2\/beau-cacao-malaysia-asajaya-copia\/#primaryimage","url":"https:\/\/www.chocolate7.com\/wp-content\/uploads\/2024\/04\/Screenshot_20240419_173251_Instagram-e1713542466545.jpg","contentUrl":"https:\/\/www.chocolate7.com\/wp-content\/uploads\/2024\/04\/Screenshot_20240419_173251_Instagram-e1713542466545.jpg","width":600,"height":599},{"@type":"BreadcrumbList","@id":"https:\/\/www.chocolate7.com\/en\/shop\/bar\/dark-chocolate-en-2\/beau-cacao-malaysia-asajaya-copia\/#breadcrumb","itemListElement":[{"@type":"ListItem","position":1,"name":"Home","item":"https:\/\/www.chocolate7.com\/en\/"},{"@type":"ListItem","position":2,"name":"Shop","item":"https:\/\/www.chocolate7.com\/en\/store\/"},{"@type":"ListItem","position":3,"name":"Beau cacao Guatemala Cahab\u00f2n"}]},{"@type":"WebSite","@id":"https:\/\/www.chocolate7.com\/#website","url":"https:\/\/www.chocolate7.com\/","name":"Chocolate7","description":"The fine &amp; luxury chocolate selection","publisher":{"@id":"https:\/\/www.chocolate7.com\/#organization"},"potentialAction":[{"@type":"SearchAction","target":{"@type":"EntryPoint","urlTemplate":"https:\/\/www.chocolate7.com\/?s={search_term_string}"},"query-input":"required name=search_term_string"}],"inLanguage":"en-US"},{"@type":"Organization","@id":"https:\/\/www.chocolate7.com\/#organization","name":"Choc7 di Benedetto Giovanni","url":"https:\/\/www.chocolate7.com\/","logo":{"@type":"ImageObject","inLanguage":"en-US","@id":"https:\/\/www.chocolate7.com\/#\/schema\/logo\/image\/","url":"https:\/\/www.chocolate7.com\/wp-content\/uploads\/2018\/10\/logo_chocolate.png","contentUrl":"https:\/\/www.chocolate7.com\/wp-content\/uploads\/2018\/10\/logo_chocolate.png","width":200,"height":41,"caption":"Choc7 di Benedetto Giovanni"},"image":{"@id":"https:\/\/www.chocolate7.com\/#\/schema\/logo\/image\/"},"sameAs":["https:\/\/www.facebook.com\/cremino.gianduia.1","https:\/\/x.com\/GianduiaCremino","https:\/\/www.instagram.com\/creminogianduia\/","https:\/\/www.pinterest.com.au\/creminogianduia\/","https:\/\/www.youtube.com\/channel\/UCWFQlcc9EQnAsLkD8rBsgig"]}]}},"brands":[{"id":7790,"name":"Beau cacao","slug":"beau-cacao-en-2"}],"_links":{"self":[{"href":"https:\/\/www.chocolate7.com\/en\/wp-json\/wp\/v2\/product\/33616","targetHints":{"allow":["GET"]}}],"collection":[{"href":"https:\/\/www.chocolate7.com\/en\/wp-json\/wp\/v2\/product"}],"about":[{"href":"https:\/\/www.chocolate7.com\/en\/wp-json\/wp\/v2\/types\/product"}],"wp:featuredmedia":[{"embeddable":true,"href":"https:\/\/www.chocolate7.com\/en\/wp-json\/wp\/v2\/media\/33618"}],"wp:attachment":[{"href":"https:\/\/www.chocolate7.com\/en\/wp-json\/wp\/v2\/media?parent=33616"}],"wp:term":[{"taxonomy":"pwb-brand","embeddable":true,"href":"https:\/\/www.chocolate7.com\/en\/wp-json\/wp\/v2\/pwb-brand?post=33616"},{"taxonomy":"product_brand","embeddable":true,"href":"https:\/\/www.chocolate7.com\/en\/wp-json\/wp\/v2\/product_brand?post=33616"},{"taxonomy":"product_cat","embeddable":true,"href":"https:\/\/www.chocolate7.com\/en\/wp-json\/wp\/v2\/product_cat?post=33616"},{"taxonomy":"product_tag","embeddable":true,"href":"https:\/\/www.chocolate7.com\/en\/wp-json\/wp\/v2\/product_tag?post=33616"},{"taxonomy":"giftcard-category","embeddable":true,"href":"https:\/\/www.chocolate7.com\/en\/wp-json\/wp\/v2\/giftcard-category?post=33616"}],"curies":[{"name":"wp","href":"https:\/\/api.w.org\/{rel}","templated":true}]}}