{"id":33660,"date":"2024-04-29T19:07:24","date_gmt":"2024-04-29T17:07:24","guid":{"rendered":"https:\/\/www.chocolate7.com\/?post_type=product&#038;p=33660"},"modified":"2024-04-29T19:44:32","modified_gmt":"2024-04-29T17:44:32","slug":"morin-peru-piura-milk-copia","status":"publish","type":"product","link":"https:\/\/www.chocolate7.com\/en\/shop\/bar\/milk\/morin-peru-piura-milk-copia\/","title":{"rendered":"Racine Carr\u00e9e Peru Chuno milk"},"content":{"rendered":"<p style=\"text-align: left\">Milk chocolate bar &#8211; Made by Racine Carr\u00e9e<\/p>\n<h2 class=\"bubble-element Text baTaNaVaH0\">Moins sucr\u00e9e que la version noire, cette tablette Dark Milk est tr\u00e8s int\u00e9ressante. D\u2019une longueur en bouche impressionnante, les notes de lait d\u00e9voilent des saveurs de noisettes et de raisins de Corinthe sur la fin de bouche.<\/h2>\n","protected":false},"excerpt":{"rendered":"<p>Racine Carr\u00e9e is a bean to bar chocolate maker from France. This fine chocolate bar is made with cocoa from Peru (Chuno). Racine Carr\u00e9e Peru Chuno latte 60% is a milk chocolate with a balanced flavour, with aromatic notes of pineapple, passion fruit, currant, yellow plum, hazelnut, bread crust, vanilla, nougat.<\/p>\n<h2 class=\"bubble-element Text baTaNaVaH0\"><\/h2>\n<h2 class=\"bubble-element Text baTaNaVaH0\"><\/h2>\n<p>&nbsp;<\/p>\n","protected":false},"featured_media":33666,"template":"","meta":[],"pwb-brand":[13182],"product_brand":[],"product_cat":[3251,3259],"product_tag":[],"giftcard-category":[],"class_list":{"0":"post-33660","1":"product","2":"type-product","3":"status-publish","4":"has-post-thumbnail","6":"pwb-brand-racine-carree-en","7":"product_cat-bar","8":"product_cat-milk","9":"pa_acidita-2-en","10":"pa_allergeni-contains-milk-may-contain-traces-of-nuts-en","11":"pa_amarezza-1-en","12":"pa_astringenza-0-en","13":"pa_cacao-60-69-en","14":"pa_carboidrati-3837-g-en","15":"pa_carboidrati-zuccheri-3261-g-en","16":"pa_dolcezza-3-en","17":"pa_fibre-408-g-en","18":"pa_grassi-5240-g-en","19":"pa_grassi-saturi-3176-g-en","20":"pa_ingredienti-cocoa-beans-sugar-milk-powder-cocoa-butter","21":"pa_note-di-degustazione-pineapple-passion-fruit-currant-yellow-plum-hazelnut-bread-crust-vanilla-nougat","22":"pa_paese-delle-fave-di-cacao-peru-en","23":"pa_paese-produttore-france","24":"pa_percentuale-di-cacao-60-en","25":"pa_proteine-604-g-en","26":"pa_regione-chuno-en","27":"pa_sale-004-g-en","28":"pa_tipo-di-cioccolato-milk-chocolate","29":"pa_valore-energetico-63948-kcal-267508-kj-en","31":"first","32":"outofstock","33":"taxable","34":"shipping-taxable","35":"purchasable","36":"product-type-simple"},"yoast_head":"<!-- This site is optimized with the Yoast SEO plugin v23.3 - https:\/\/yoast.com\/wordpress\/plugins\/seo\/ -->\n<title>Racine Carr\u00e9e Peru Chuno milk - Chocolate7<\/title>\n<meta name=\"robots\" content=\"index, follow, max-snippet:-1, max-image-preview:large, max-video-preview:-1\" \/>\n<link rel=\"canonical\" href=\"https:\/\/www.chocolate7.com\/en\/shop\/bar\/milk\/morin-peru-piura-milk-copia\/\" \/>\n<meta property=\"og:locale\" content=\"en_US\" \/>\n<meta property=\"og:type\" content=\"article\" \/>\n<meta property=\"og:title\" content=\"Racine Carr\u00e9e Peru Chuno milk - Chocolate7\" \/>\n<meta property=\"og:description\" content=\"Racine Carr\u00e9e is a bean to bar chocolate maker from France. This fine chocolate bar is made with cocoa from Peru (Chuno). Racine Carr\u00e9e Peru Chuno latte 60% is a milk chocolate with a balanced flavour, with aromatic notes of pineapple, passion fruit, currant, yellow plum, hazelnut, bread crust, vanilla, nougat.   &nbsp;\" \/>\n<meta property=\"og:url\" content=\"https:\/\/www.chocolate7.com\/en\/shop\/bar\/milk\/morin-peru-piura-milk-copia\/\" \/>\n<meta property=\"og:site_name\" content=\"Chocolate7\" \/>\n<meta property=\"article:publisher\" content=\"https:\/\/www.facebook.com\/cremino.gianduia.1\" \/>\n<meta property=\"article:modified_time\" content=\"2024-04-29T17:44:32+00:00\" \/>\n<meta property=\"og:image\" content=\"https:\/\/www.chocolate7.com\/wp-content\/uploads\/2024\/04\/Screenshot_20240429_184814_Instagram-e1714412147718.jpg\" \/>\n\t<meta property=\"og:image:width\" content=\"1080\" \/>\n\t<meta property=\"og:image:height\" content=\"1079\" \/>\n\t<meta property=\"og:image:type\" content=\"image\/jpeg\" \/>\n<meta name=\"twitter:card\" content=\"summary_large_image\" \/>\n<meta name=\"twitter:site\" content=\"@GianduiaCremino\" \/>\n<script type=\"application\/ld+json\" class=\"yoast-schema-graph\">{\"@context\":\"https:\/\/schema.org\",\"@graph\":[{\"@type\":\"WebPage\",\"@id\":\"https:\/\/www.chocolate7.com\/en\/shop\/bar\/milk\/morin-peru-piura-milk-copia\/\",\"url\":\"https:\/\/www.chocolate7.com\/en\/shop\/bar\/milk\/morin-peru-piura-milk-copia\/\",\"name\":\"Racine Carr\u00e9e Peru Chuno milk - Chocolate7\",\"isPartOf\":{\"@id\":\"https:\/\/www.chocolate7.com\/#website\"},\"primaryImageOfPage\":{\"@id\":\"https:\/\/www.chocolate7.com\/en\/shop\/bar\/milk\/morin-peru-piura-milk-copia\/#primaryimage\"},\"image\":{\"@id\":\"https:\/\/www.chocolate7.com\/en\/shop\/bar\/milk\/morin-peru-piura-milk-copia\/#primaryimage\"},\"thumbnailUrl\":\"https:\/\/www.chocolate7.com\/wp-content\/uploads\/2024\/04\/Screenshot_20240429_184814_Instagram-e1714412147718.jpg\",\"datePublished\":\"2024-04-29T17:07:24+00:00\",\"dateModified\":\"2024-04-29T17:44:32+00:00\",\"breadcrumb\":{\"@id\":\"https:\/\/www.chocolate7.com\/en\/shop\/bar\/milk\/morin-peru-piura-milk-copia\/#breadcrumb\"},\"inLanguage\":\"en-US\",\"potentialAction\":[{\"@type\":\"ReadAction\",\"target\":[\"https:\/\/www.chocolate7.com\/en\/shop\/bar\/milk\/morin-peru-piura-milk-copia\/\"]}]},{\"@type\":\"ImageObject\",\"inLanguage\":\"en-US\",\"@id\":\"https:\/\/www.chocolate7.com\/en\/shop\/bar\/milk\/morin-peru-piura-milk-copia\/#primaryimage\",\"url\":\"https:\/\/www.chocolate7.com\/wp-content\/uploads\/2024\/04\/Screenshot_20240429_184814_Instagram-e1714412147718.jpg\",\"contentUrl\":\"https:\/\/www.chocolate7.com\/wp-content\/uploads\/2024\/04\/Screenshot_20240429_184814_Instagram-e1714412147718.jpg\",\"width\":600,\"height\":599},{\"@type\":\"BreadcrumbList\",\"@id\":\"https:\/\/www.chocolate7.com\/en\/shop\/bar\/milk\/morin-peru-piura-milk-copia\/#breadcrumb\",\"itemListElement\":[{\"@type\":\"ListItem\",\"position\":1,\"name\":\"Home\",\"item\":\"https:\/\/www.chocolate7.com\/en\/\"},{\"@type\":\"ListItem\",\"position\":2,\"name\":\"Shop\",\"item\":\"https:\/\/www.chocolate7.com\/en\/store\/\"},{\"@type\":\"ListItem\",\"position\":3,\"name\":\"Racine Carr\u00e9e Peru Chuno milk\"}]},{\"@type\":\"WebSite\",\"@id\":\"https:\/\/www.chocolate7.com\/#website\",\"url\":\"https:\/\/www.chocolate7.com\/\",\"name\":\"Chocolate7\",\"description\":\"The fine &amp; luxury chocolate selection\",\"publisher\":{\"@id\":\"https:\/\/www.chocolate7.com\/#organization\"},\"potentialAction\":[{\"@type\":\"SearchAction\",\"target\":{\"@type\":\"EntryPoint\",\"urlTemplate\":\"https:\/\/www.chocolate7.com\/?s={search_term_string}\"},\"query-input\":\"required name=search_term_string\"}],\"inLanguage\":\"en-US\"},{\"@type\":\"Organization\",\"@id\":\"https:\/\/www.chocolate7.com\/#organization\",\"name\":\"Choc7 di Benedetto Giovanni\",\"url\":\"https:\/\/www.chocolate7.com\/\",\"logo\":{\"@type\":\"ImageObject\",\"inLanguage\":\"en-US\",\"@id\":\"https:\/\/www.chocolate7.com\/#\/schema\/logo\/image\/\",\"url\":\"https:\/\/www.chocolate7.com\/wp-content\/uploads\/2018\/10\/logo_chocolate.png\",\"contentUrl\":\"https:\/\/www.chocolate7.com\/wp-content\/uploads\/2018\/10\/logo_chocolate.png\",\"width\":200,\"height\":41,\"caption\":\"Choc7 di Benedetto Giovanni\"},\"image\":{\"@id\":\"https:\/\/www.chocolate7.com\/#\/schema\/logo\/image\/\"},\"sameAs\":[\"https:\/\/www.facebook.com\/cremino.gianduia.1\",\"https:\/\/x.com\/GianduiaCremino\",\"https:\/\/www.instagram.com\/creminogianduia\/\",\"https:\/\/www.pinterest.com.au\/creminogianduia\/\",\"https:\/\/www.youtube.com\/channel\/UCWFQlcc9EQnAsLkD8rBsgig\"]}]}<\/script>\n<!-- \/ Yoast SEO plugin. -->","yoast_head_json":{"title":"Racine Carr\u00e9e Peru Chuno milk - Chocolate7","robots":{"index":"index","follow":"follow","max-snippet":"max-snippet:-1","max-image-preview":"max-image-preview:large","max-video-preview":"max-video-preview:-1"},"canonical":"https:\/\/www.chocolate7.com\/en\/shop\/bar\/milk\/morin-peru-piura-milk-copia\/","og_locale":"en_US","og_type":"article","og_title":"Racine Carr\u00e9e Peru Chuno milk - Chocolate7","og_description":"Racine Carr\u00e9e is a bean to bar chocolate maker from France. This fine chocolate bar is made with cocoa from Peru (Chuno). Racine Carr\u00e9e Peru Chuno latte 60% is a milk chocolate with a balanced flavour, with aromatic notes of pineapple, passion fruit, currant, yellow plum, hazelnut, bread crust, vanilla, nougat.   &nbsp;","og_url":"https:\/\/www.chocolate7.com\/en\/shop\/bar\/milk\/morin-peru-piura-milk-copia\/","og_site_name":"Chocolate7","article_publisher":"https:\/\/www.facebook.com\/cremino.gianduia.1","article_modified_time":"2024-04-29T17:44:32+00:00","og_image":[{"width":1080,"height":1079,"url":"https:\/\/www.chocolate7.com\/wp-content\/uploads\/2024\/04\/Screenshot_20240429_184814_Instagram-e1714412147718.jpg","type":"image\/jpeg"}],"twitter_card":"summary_large_image","twitter_site":"@GianduiaCremino","schema":{"@context":"https:\/\/schema.org","@graph":[{"@type":"WebPage","@id":"https:\/\/www.chocolate7.com\/en\/shop\/bar\/milk\/morin-peru-piura-milk-copia\/","url":"https:\/\/www.chocolate7.com\/en\/shop\/bar\/milk\/morin-peru-piura-milk-copia\/","name":"Racine Carr\u00e9e Peru Chuno milk - Chocolate7","isPartOf":{"@id":"https:\/\/www.chocolate7.com\/#website"},"primaryImageOfPage":{"@id":"https:\/\/www.chocolate7.com\/en\/shop\/bar\/milk\/morin-peru-piura-milk-copia\/#primaryimage"},"image":{"@id":"https:\/\/www.chocolate7.com\/en\/shop\/bar\/milk\/morin-peru-piura-milk-copia\/#primaryimage"},"thumbnailUrl":"https:\/\/www.chocolate7.com\/wp-content\/uploads\/2024\/04\/Screenshot_20240429_184814_Instagram-e1714412147718.jpg","datePublished":"2024-04-29T17:07:24+00:00","dateModified":"2024-04-29T17:44:32+00:00","breadcrumb":{"@id":"https:\/\/www.chocolate7.com\/en\/shop\/bar\/milk\/morin-peru-piura-milk-copia\/#breadcrumb"},"inLanguage":"en-US","potentialAction":[{"@type":"ReadAction","target":["https:\/\/www.chocolate7.com\/en\/shop\/bar\/milk\/morin-peru-piura-milk-copia\/"]}]},{"@type":"ImageObject","inLanguage":"en-US","@id":"https:\/\/www.chocolate7.com\/en\/shop\/bar\/milk\/morin-peru-piura-milk-copia\/#primaryimage","url":"https:\/\/www.chocolate7.com\/wp-content\/uploads\/2024\/04\/Screenshot_20240429_184814_Instagram-e1714412147718.jpg","contentUrl":"https:\/\/www.chocolate7.com\/wp-content\/uploads\/2024\/04\/Screenshot_20240429_184814_Instagram-e1714412147718.jpg","width":600,"height":599},{"@type":"BreadcrumbList","@id":"https:\/\/www.chocolate7.com\/en\/shop\/bar\/milk\/morin-peru-piura-milk-copia\/#breadcrumb","itemListElement":[{"@type":"ListItem","position":1,"name":"Home","item":"https:\/\/www.chocolate7.com\/en\/"},{"@type":"ListItem","position":2,"name":"Shop","item":"https:\/\/www.chocolate7.com\/en\/store\/"},{"@type":"ListItem","position":3,"name":"Racine Carr\u00e9e Peru Chuno milk"}]},{"@type":"WebSite","@id":"https:\/\/www.chocolate7.com\/#website","url":"https:\/\/www.chocolate7.com\/","name":"Chocolate7","description":"The fine &amp; luxury chocolate selection","publisher":{"@id":"https:\/\/www.chocolate7.com\/#organization"},"potentialAction":[{"@type":"SearchAction","target":{"@type":"EntryPoint","urlTemplate":"https:\/\/www.chocolate7.com\/?s={search_term_string}"},"query-input":"required name=search_term_string"}],"inLanguage":"en-US"},{"@type":"Organization","@id":"https:\/\/www.chocolate7.com\/#organization","name":"Choc7 di Benedetto Giovanni","url":"https:\/\/www.chocolate7.com\/","logo":{"@type":"ImageObject","inLanguage":"en-US","@id":"https:\/\/www.chocolate7.com\/#\/schema\/logo\/image\/","url":"https:\/\/www.chocolate7.com\/wp-content\/uploads\/2018\/10\/logo_chocolate.png","contentUrl":"https:\/\/www.chocolate7.com\/wp-content\/uploads\/2018\/10\/logo_chocolate.png","width":200,"height":41,"caption":"Choc7 di Benedetto Giovanni"},"image":{"@id":"https:\/\/www.chocolate7.com\/#\/schema\/logo\/image\/"},"sameAs":["https:\/\/www.facebook.com\/cremino.gianduia.1","https:\/\/x.com\/GianduiaCremino","https:\/\/www.instagram.com\/creminogianduia\/","https:\/\/www.pinterest.com.au\/creminogianduia\/","https:\/\/www.youtube.com\/channel\/UCWFQlcc9EQnAsLkD8rBsgig"]}]}},"brands":[{"id":13182,"name":"Racine Carr\u00e9e","slug":"racine-carree-en"}],"_links":{"self":[{"href":"https:\/\/www.chocolate7.com\/en\/wp-json\/wp\/v2\/product\/33660","targetHints":{"allow":["GET"]}}],"collection":[{"href":"https:\/\/www.chocolate7.com\/en\/wp-json\/wp\/v2\/product"}],"about":[{"href":"https:\/\/www.chocolate7.com\/en\/wp-json\/wp\/v2\/types\/product"}],"wp:featuredmedia":[{"embeddable":true,"href":"https:\/\/www.chocolate7.com\/en\/wp-json\/wp\/v2\/media\/33666"}],"wp:attachment":[{"href":"https:\/\/www.chocolate7.com\/en\/wp-json\/wp\/v2\/media?parent=33660"}],"wp:term":[{"taxonomy":"pwb-brand","embeddable":true,"href":"https:\/\/www.chocolate7.com\/en\/wp-json\/wp\/v2\/pwb-brand?post=33660"},{"taxonomy":"product_brand","embeddable":true,"href":"https:\/\/www.chocolate7.com\/en\/wp-json\/wp\/v2\/product_brand?post=33660"},{"taxonomy":"product_cat","embeddable":true,"href":"https:\/\/www.chocolate7.com\/en\/wp-json\/wp\/v2\/product_cat?post=33660"},{"taxonomy":"product_tag","embeddable":true,"href":"https:\/\/www.chocolate7.com\/en\/wp-json\/wp\/v2\/product_tag?post=33660"},{"taxonomy":"giftcard-category","embeddable":true,"href":"https:\/\/www.chocolate7.com\/en\/wp-json\/wp\/v2\/giftcard-category?post=33660"}],"curies":[{"name":"wp","href":"https:\/\/api.w.org\/{rel}","templated":true}]}}