{"id":33673,"date":"2024-04-30T13:26:11","date_gmt":"2024-04-30T11:26:11","guid":{"rendered":"https:\/\/www.chocolate7.com\/?post_type=product&#038;p=33673"},"modified":"2024-08-20T23:32:10","modified_gmt":"2024-08-20T21:32:10","slug":"comte-brazil-camboa-copia","status":"publish","type":"product","link":"https:\/\/www.chocolate7.com\/en\/shop\/bar\/dark-chocolate-en-2\/comte-brazil-camboa-copia\/","title":{"rendered":"COMTE Venezuela Chuao &#8211; LIMITED EDITION"},"content":{"rendered":"<p style=\"text-align: left\">Dark chocolate bar &#8211; Made by COMTE<\/p>\n<p class=\"\">En bouche, c&#8217;est une v\u00e9ritable explosion de saveurs : notes acidul\u00e9es, fruit\u00e9es et r\u00e9gliss\u00e9es ! Ces f\u00e8ves de Cacao de la vari\u00e9t\u00e9 Criollo sont produites par la communaut\u00e9 de Chuao. Seules 2833 tablettes de ce chocolat sont disponibles\u00a0\u00e0 la vente, chaque tablette est num\u00e9rot\u00e9e. F\u00e8ve de Cacao 70% et Sucre Bio et \u00e9quitable du Br\u00e9sil 30%.\u00a0Sans ajout de beurre de Cacao ni mati\u00e8res grasses.<\/p>\n<p>&nbsp;<\/p>\n","protected":false},"excerpt":{"rendered":"<p>COMTE is a bean to bar chocolate maker from France. This fine chocolate bar is made with cocoa from Venezuela (Chuao). COMTE Venezuela Chuao &#8211; LIMITED EDITION 70% is a balanced dark chocolate, with aromatic notes of orange, cherry, raspberry, plum, butter, liquorice.<\/p>\n<p>These cocoa beans of the Criollo variety are produced by the Chuao community. Only 2833 bars of this chocolate are available for sale.<\/p>\n<p>&nbsp;<\/p>\n<p>&nbsp;<\/p>\n","protected":false},"featured_media":33675,"template":"","meta":[],"pwb-brand":[12738],"product_brand":[],"product_cat":[3251,3255],"product_tag":[],"giftcard-category":[],"class_list":{"0":"post-33673","1":"product","2":"type-product","3":"status-publish","4":"has-post-thumbnail","6":"pwb-brand-comte-en","7":"product_cat-bar","8":"product_cat-dark-chocolate-en-2","9":"pa_acidita-4-en","10":"pa_amarezza-2-en","11":"pa_astringenza-1-en","12":"pa_cacao-70-79-en","13":"pa_carboidrati-348-g-en","14":"pa_carboidrati-zuccheri-303-g-en","15":"pa_codice-a-barre-3760113280092-en","16":"pa_conservazione-ideal-storage-temperature-17c","17":"pa_dolcezza-4-en","18":"pa_grassi-371-g-en","19":"pa_grassi-saturi-235-g-en","20":"pa_ingredienti-cocoa-beans-organic-cane-sugar","21":"pa_note-di-degustazione-orange-cherry-raspberry-plum-butter-liquorice","22":"pa_paese-produttore-france","23":"pa_percentuale-di-cacao-70-en","24":"pa_proteine-83-g-en","25":"pa_regione-chuao-en","26":"pa_tipo-di-cioccolato-fondente-en","27":"pa_valore-energetico-506-kcal-2116-kj-en","29":"first","30":"outofstock","31":"taxable","32":"shipping-taxable","33":"purchasable","34":"product-type-simple"},"yoast_head":"<!-- This site is optimized with the Yoast SEO plugin v23.3 - https:\/\/yoast.com\/wordpress\/plugins\/seo\/ -->\n<title>COMTE Venezuela Chuao - LIMITED EDITION - Chocolate7<\/title>\n<meta name=\"robots\" content=\"index, follow, max-snippet:-1, max-image-preview:large, max-video-preview:-1\" \/>\n<link rel=\"canonical\" href=\"https:\/\/www.chocolate7.com\/en\/shop\/bar\/dark-chocolate-en-2\/comte-brazil-camboa-copia\/\" \/>\n<meta property=\"og:locale\" content=\"en_US\" \/>\n<meta property=\"og:type\" content=\"article\" \/>\n<meta property=\"og:title\" content=\"COMTE Venezuela Chuao - LIMITED EDITION - Chocolate7\" \/>\n<meta property=\"og:description\" content=\"COMTE is a bean to bar chocolate maker from France. This fine chocolate bar is made with cocoa from Venezuela (Chuao). COMTE Venezuela Chuao - LIMITED EDITION 70% is a balanced dark chocolate, with aromatic notes of orange, cherry, raspberry, plum, butter, liquorice.  These cocoa beans of the Criollo variety are produced by the Chuao community. Only 2833 bars of this chocolate are available for sale.  &nbsp;  &nbsp;\" \/>\n<meta property=\"og:url\" content=\"https:\/\/www.chocolate7.com\/en\/shop\/bar\/dark-chocolate-en-2\/comte-brazil-camboa-copia\/\" \/>\n<meta property=\"og:site_name\" content=\"Chocolate7\" \/>\n<meta property=\"article:publisher\" content=\"https:\/\/www.facebook.com\/cremino.gianduia.1\" \/>\n<meta property=\"article:modified_time\" content=\"2024-08-20T21:32:10+00:00\" \/>\n<meta property=\"og:image\" content=\"https:\/\/www.chocolate7.com\/wp-content\/uploads\/2024\/04\/Screenshot_20240430_130848_Instagram-e1714478510896.jpg\" \/>\n\t<meta property=\"og:image:width\" content=\"1080\" \/>\n\t<meta property=\"og:image:height\" content=\"1079\" \/>\n\t<meta property=\"og:image:type\" content=\"image\/jpeg\" \/>\n<meta name=\"twitter:card\" content=\"summary_large_image\" \/>\n<meta name=\"twitter:site\" content=\"@GianduiaCremino\" \/>\n<script type=\"application\/ld+json\" class=\"yoast-schema-graph\">{\"@context\":\"https:\/\/schema.org\",\"@graph\":[{\"@type\":\"WebPage\",\"@id\":\"https:\/\/www.chocolate7.com\/en\/shop\/bar\/dark-chocolate-en-2\/comte-brazil-camboa-copia\/\",\"url\":\"https:\/\/www.chocolate7.com\/en\/shop\/bar\/dark-chocolate-en-2\/comte-brazil-camboa-copia\/\",\"name\":\"COMTE Venezuela Chuao - LIMITED EDITION - Chocolate7\",\"isPartOf\":{\"@id\":\"https:\/\/www.chocolate7.com\/#website\"},\"primaryImageOfPage\":{\"@id\":\"https:\/\/www.chocolate7.com\/en\/shop\/bar\/dark-chocolate-en-2\/comte-brazil-camboa-copia\/#primaryimage\"},\"image\":{\"@id\":\"https:\/\/www.chocolate7.com\/en\/shop\/bar\/dark-chocolate-en-2\/comte-brazil-camboa-copia\/#primaryimage\"},\"thumbnailUrl\":\"https:\/\/www.chocolate7.com\/wp-content\/uploads\/2024\/04\/Screenshot_20240430_130848_Instagram-e1714478510896.jpg\",\"datePublished\":\"2024-04-30T11:26:11+00:00\",\"dateModified\":\"2024-08-20T21:32:10+00:00\",\"breadcrumb\":{\"@id\":\"https:\/\/www.chocolate7.com\/en\/shop\/bar\/dark-chocolate-en-2\/comte-brazil-camboa-copia\/#breadcrumb\"},\"inLanguage\":\"en-US\",\"potentialAction\":[{\"@type\":\"ReadAction\",\"target\":[\"https:\/\/www.chocolate7.com\/en\/shop\/bar\/dark-chocolate-en-2\/comte-brazil-camboa-copia\/\"]}]},{\"@type\":\"ImageObject\",\"inLanguage\":\"en-US\",\"@id\":\"https:\/\/www.chocolate7.com\/en\/shop\/bar\/dark-chocolate-en-2\/comte-brazil-camboa-copia\/#primaryimage\",\"url\":\"https:\/\/www.chocolate7.com\/wp-content\/uploads\/2024\/04\/Screenshot_20240430_130848_Instagram-e1714478510896.jpg\",\"contentUrl\":\"https:\/\/www.chocolate7.com\/wp-content\/uploads\/2024\/04\/Screenshot_20240430_130848_Instagram-e1714478510896.jpg\",\"width\":600,\"height\":599},{\"@type\":\"BreadcrumbList\",\"@id\":\"https:\/\/www.chocolate7.com\/en\/shop\/bar\/dark-chocolate-en-2\/comte-brazil-camboa-copia\/#breadcrumb\",\"itemListElement\":[{\"@type\":\"ListItem\",\"position\":1,\"name\":\"Home\",\"item\":\"https:\/\/www.chocolate7.com\/en\/\"},{\"@type\":\"ListItem\",\"position\":2,\"name\":\"Shop\",\"item\":\"https:\/\/www.chocolate7.com\/en\/store\/\"},{\"@type\":\"ListItem\",\"position\":3,\"name\":\"COMTE Venezuela Chuao &#8211; LIMITED EDITION\"}]},{\"@type\":\"WebSite\",\"@id\":\"https:\/\/www.chocolate7.com\/#website\",\"url\":\"https:\/\/www.chocolate7.com\/\",\"name\":\"Chocolate7\",\"description\":\"The fine &amp; luxury chocolate selection\",\"publisher\":{\"@id\":\"https:\/\/www.chocolate7.com\/#organization\"},\"potentialAction\":[{\"@type\":\"SearchAction\",\"target\":{\"@type\":\"EntryPoint\",\"urlTemplate\":\"https:\/\/www.chocolate7.com\/?s={search_term_string}\"},\"query-input\":\"required name=search_term_string\"}],\"inLanguage\":\"en-US\"},{\"@type\":\"Organization\",\"@id\":\"https:\/\/www.chocolate7.com\/#organization\",\"name\":\"Choc7 di Benedetto Giovanni\",\"url\":\"https:\/\/www.chocolate7.com\/\",\"logo\":{\"@type\":\"ImageObject\",\"inLanguage\":\"en-US\",\"@id\":\"https:\/\/www.chocolate7.com\/#\/schema\/logo\/image\/\",\"url\":\"https:\/\/www.chocolate7.com\/wp-content\/uploads\/2018\/10\/logo_chocolate.png\",\"contentUrl\":\"https:\/\/www.chocolate7.com\/wp-content\/uploads\/2018\/10\/logo_chocolate.png\",\"width\":200,\"height\":41,\"caption\":\"Choc7 di Benedetto Giovanni\"},\"image\":{\"@id\":\"https:\/\/www.chocolate7.com\/#\/schema\/logo\/image\/\"},\"sameAs\":[\"https:\/\/www.facebook.com\/cremino.gianduia.1\",\"https:\/\/x.com\/GianduiaCremino\",\"https:\/\/www.instagram.com\/creminogianduia\/\",\"https:\/\/www.pinterest.com.au\/creminogianduia\/\",\"https:\/\/www.youtube.com\/channel\/UCWFQlcc9EQnAsLkD8rBsgig\"]}]}<\/script>\n<!-- \/ Yoast SEO plugin. -->","yoast_head_json":{"title":"COMTE Venezuela Chuao - LIMITED EDITION - Chocolate7","robots":{"index":"index","follow":"follow","max-snippet":"max-snippet:-1","max-image-preview":"max-image-preview:large","max-video-preview":"max-video-preview:-1"},"canonical":"https:\/\/www.chocolate7.com\/en\/shop\/bar\/dark-chocolate-en-2\/comte-brazil-camboa-copia\/","og_locale":"en_US","og_type":"article","og_title":"COMTE Venezuela Chuao - LIMITED EDITION - Chocolate7","og_description":"COMTE is a bean to bar chocolate maker from France. This fine chocolate bar is made with cocoa from Venezuela (Chuao). COMTE Venezuela Chuao - LIMITED EDITION 70% is a balanced dark chocolate, with aromatic notes of orange, cherry, raspberry, plum, butter, liquorice.  These cocoa beans of the Criollo variety are produced by the Chuao community. Only 2833 bars of this chocolate are available for sale.  &nbsp;  &nbsp;","og_url":"https:\/\/www.chocolate7.com\/en\/shop\/bar\/dark-chocolate-en-2\/comte-brazil-camboa-copia\/","og_site_name":"Chocolate7","article_publisher":"https:\/\/www.facebook.com\/cremino.gianduia.1","article_modified_time":"2024-08-20T21:32:10+00:00","og_image":[{"width":1080,"height":1079,"url":"https:\/\/www.chocolate7.com\/wp-content\/uploads\/2024\/04\/Screenshot_20240430_130848_Instagram-e1714478510896.jpg","type":"image\/jpeg"}],"twitter_card":"summary_large_image","twitter_site":"@GianduiaCremino","schema":{"@context":"https:\/\/schema.org","@graph":[{"@type":"WebPage","@id":"https:\/\/www.chocolate7.com\/en\/shop\/bar\/dark-chocolate-en-2\/comte-brazil-camboa-copia\/","url":"https:\/\/www.chocolate7.com\/en\/shop\/bar\/dark-chocolate-en-2\/comte-brazil-camboa-copia\/","name":"COMTE Venezuela Chuao - LIMITED EDITION - Chocolate7","isPartOf":{"@id":"https:\/\/www.chocolate7.com\/#website"},"primaryImageOfPage":{"@id":"https:\/\/www.chocolate7.com\/en\/shop\/bar\/dark-chocolate-en-2\/comte-brazil-camboa-copia\/#primaryimage"},"image":{"@id":"https:\/\/www.chocolate7.com\/en\/shop\/bar\/dark-chocolate-en-2\/comte-brazil-camboa-copia\/#primaryimage"},"thumbnailUrl":"https:\/\/www.chocolate7.com\/wp-content\/uploads\/2024\/04\/Screenshot_20240430_130848_Instagram-e1714478510896.jpg","datePublished":"2024-04-30T11:26:11+00:00","dateModified":"2024-08-20T21:32:10+00:00","breadcrumb":{"@id":"https:\/\/www.chocolate7.com\/en\/shop\/bar\/dark-chocolate-en-2\/comte-brazil-camboa-copia\/#breadcrumb"},"inLanguage":"en-US","potentialAction":[{"@type":"ReadAction","target":["https:\/\/www.chocolate7.com\/en\/shop\/bar\/dark-chocolate-en-2\/comte-brazil-camboa-copia\/"]}]},{"@type":"ImageObject","inLanguage":"en-US","@id":"https:\/\/www.chocolate7.com\/en\/shop\/bar\/dark-chocolate-en-2\/comte-brazil-camboa-copia\/#primaryimage","url":"https:\/\/www.chocolate7.com\/wp-content\/uploads\/2024\/04\/Screenshot_20240430_130848_Instagram-e1714478510896.jpg","contentUrl":"https:\/\/www.chocolate7.com\/wp-content\/uploads\/2024\/04\/Screenshot_20240430_130848_Instagram-e1714478510896.jpg","width":600,"height":599},{"@type":"BreadcrumbList","@id":"https:\/\/www.chocolate7.com\/en\/shop\/bar\/dark-chocolate-en-2\/comte-brazil-camboa-copia\/#breadcrumb","itemListElement":[{"@type":"ListItem","position":1,"name":"Home","item":"https:\/\/www.chocolate7.com\/en\/"},{"@type":"ListItem","position":2,"name":"Shop","item":"https:\/\/www.chocolate7.com\/en\/store\/"},{"@type":"ListItem","position":3,"name":"COMTE Venezuela Chuao &#8211; LIMITED EDITION"}]},{"@type":"WebSite","@id":"https:\/\/www.chocolate7.com\/#website","url":"https:\/\/www.chocolate7.com\/","name":"Chocolate7","description":"The fine &amp; luxury chocolate selection","publisher":{"@id":"https:\/\/www.chocolate7.com\/#organization"},"potentialAction":[{"@type":"SearchAction","target":{"@type":"EntryPoint","urlTemplate":"https:\/\/www.chocolate7.com\/?s={search_term_string}"},"query-input":"required name=search_term_string"}],"inLanguage":"en-US"},{"@type":"Organization","@id":"https:\/\/www.chocolate7.com\/#organization","name":"Choc7 di Benedetto Giovanni","url":"https:\/\/www.chocolate7.com\/","logo":{"@type":"ImageObject","inLanguage":"en-US","@id":"https:\/\/www.chocolate7.com\/#\/schema\/logo\/image\/","url":"https:\/\/www.chocolate7.com\/wp-content\/uploads\/2018\/10\/logo_chocolate.png","contentUrl":"https:\/\/www.chocolate7.com\/wp-content\/uploads\/2018\/10\/logo_chocolate.png","width":200,"height":41,"caption":"Choc7 di Benedetto Giovanni"},"image":{"@id":"https:\/\/www.chocolate7.com\/#\/schema\/logo\/image\/"},"sameAs":["https:\/\/www.facebook.com\/cremino.gianduia.1","https:\/\/x.com\/GianduiaCremino","https:\/\/www.instagram.com\/creminogianduia\/","https:\/\/www.pinterest.com.au\/creminogianduia\/","https:\/\/www.youtube.com\/channel\/UCWFQlcc9EQnAsLkD8rBsgig"]}]}},"brands":[{"id":12738,"name":"COMTE","slug":"comte-en"}],"_links":{"self":[{"href":"https:\/\/www.chocolate7.com\/en\/wp-json\/wp\/v2\/product\/33673","targetHints":{"allow":["GET"]}}],"collection":[{"href":"https:\/\/www.chocolate7.com\/en\/wp-json\/wp\/v2\/product"}],"about":[{"href":"https:\/\/www.chocolate7.com\/en\/wp-json\/wp\/v2\/types\/product"}],"wp:featuredmedia":[{"embeddable":true,"href":"https:\/\/www.chocolate7.com\/en\/wp-json\/wp\/v2\/media\/33675"}],"wp:attachment":[{"href":"https:\/\/www.chocolate7.com\/en\/wp-json\/wp\/v2\/media?parent=33673"}],"wp:term":[{"taxonomy":"pwb-brand","embeddable":true,"href":"https:\/\/www.chocolate7.com\/en\/wp-json\/wp\/v2\/pwb-brand?post=33673"},{"taxonomy":"product_brand","embeddable":true,"href":"https:\/\/www.chocolate7.com\/en\/wp-json\/wp\/v2\/product_brand?post=33673"},{"taxonomy":"product_cat","embeddable":true,"href":"https:\/\/www.chocolate7.com\/en\/wp-json\/wp\/v2\/product_cat?post=33673"},{"taxonomy":"product_tag","embeddable":true,"href":"https:\/\/www.chocolate7.com\/en\/wp-json\/wp\/v2\/product_tag?post=33673"},{"taxonomy":"giftcard-category","embeddable":true,"href":"https:\/\/www.chocolate7.com\/en\/wp-json\/wp\/v2\/giftcard-category?post=33673"}],"curies":[{"name":"wp","href":"https:\/\/api.w.org\/{rel}","templated":true}]}}