{"id":33686,"date":"2024-05-01T15:57:01","date_gmt":"2024-05-01T13:57:02","guid":{"rendered":"https:\/\/www.chocolate7.com\/?post_type=product&#038;p=33686"},"modified":"2024-05-24T16:17:43","modified_gmt":"2024-05-24T14:17:43","slug":"racine-carree-peru-puru-puru-copia","status":"publish","type":"product","link":"https:\/\/www.chocolate7.com\/en\/shop\/bar\/dark-chocolate-en-2\/racine-carree-peru-puru-puru-copia\/","title":{"rendered":"Racine Carr\u00e9e Peru San Jos\u00e8 de Sisa"},"content":{"rendered":"<p style=\"text-align: left\">Dark chocolate bar &#8211; Made by Racine Carr\u00e9e<\/p>\n<h2 class=\"bubble-element Text baTaNaVaH0\">Le chocolat noir San Jos\u00e9 de Sisa 72 % du P\u00e9rou, pr\u00e9sente une belle acidit\u00e9, avec des notes intenses de fruits de la passion, de griottes. La douceur de la poire vient contrebalancer cette acidit\u00e9 pour offrir un ensemble rond et harmonieux.<\/h2>\n","protected":false},"excerpt":{"rendered":"<p>Racine Carr\u00e9e is a bean to bar chocolate maker from France. This fine chocolate bar is Made with cocoa from Peru (San Jos\u00e8 de Sisa). Racine Carr\u00e9e Peru San Jos\u00e8 de Sisa 72% is a dark chocolate with a pleasantly acidic taste, with aromatic notes of blackcurrant, passion fruit, pear, morello cherry, hazelnut, pecan nuts, maraschino liqueur.<\/p>\n<h2 class=\"bubble-element Text baTaNaVaH0\"><\/h2>\n<h2 class=\"bubble-element Text baTaNaVaH0\"><\/h2>\n<p>&nbsp;<\/p>\n","protected":false},"featured_media":33688,"template":"","meta":[],"pwb-brand":[13182],"product_brand":[],"product_cat":[3251,3255],"product_tag":[],"giftcard-category":[],"class_list":{"0":"post-33686","1":"product","2":"type-product","3":"status-publish","4":"has-post-thumbnail","6":"pwb-brand-racine-carree-en","7":"product_cat-bar","8":"product_cat-dark-chocolate-en-2","9":"pa_acidita-4-en","10":"pa_allergeni-traces-of-nuts-traces-of-lactose","11":"pa_amarezza-2-en","12":"pa_astringenza-1-en","13":"pa_cacao-70-79-en","14":"pa_carboidrati-4144-g-en","15":"pa_carboidrati-zuccheri-3327-g-en","16":"pa_dolcezza-3-en","17":"pa_fibre-1132-g-en","18":"pa_grassi-3497-g-en","19":"pa_grassi-saturi-2077-g-en","20":"pa_ingredienti-cocoa-beans-sugar","21":"pa_note-di-degustazione-blackcurrant-passion-fruit-pear-morello-cherry-hazelnut-pecan-maraschino-liqueur","22":"pa_paese-delle-fave-di-cacao-peru-en","23":"pa_paese-produttore-france","24":"pa_percentuale-di-cacao-72-en","25":"pa_proteine-918-g-en","26":"pa_regione-san-jose-de-sisa-en","27":"pa_sale-0-g-en","28":"pa_tipo-di-cioccolato-fondente-en","29":"pa_valore-energetico-53574-kcal-221872-kj-en","31":"first","32":"instock","33":"taxable","34":"shipping-taxable","35":"purchasable","36":"product-type-simple"},"yoast_head":"<!-- This site is optimized with the Yoast SEO plugin v23.3 - https:\/\/yoast.com\/wordpress\/plugins\/seo\/ -->\n<title>Racine Carr\u00e9e Peru San Jos\u00e8 de Sisa - Chocolate7<\/title>\n<meta name=\"robots\" content=\"index, follow, max-snippet:-1, max-image-preview:large, max-video-preview:-1\" \/>\n<link rel=\"canonical\" href=\"https:\/\/www.chocolate7.com\/shop\/tavoletta\/fondente\/racine-carree-peru-san-jose-de-sisa\/\" \/>\n<meta property=\"og:locale\" content=\"en_US\" \/>\n<meta property=\"og:type\" content=\"article\" \/>\n<meta property=\"og:title\" content=\"Racine Carr\u00e9e Peru San Jos\u00e8 de Sisa - Chocolate7\" \/>\n<meta property=\"og:description\" content=\"Racine Carr\u00e9e is a bean to bar chocolate maker from France. This fine chocolate bar is Made with cocoa from Peru (San Jos\u00e8 de Sisa). Racine Carr\u00e9e Peru San Jos\u00e8 de Sisa 72% is a dark chocolate with a pleasantly acidic taste, with aromatic notes of blackcurrant, passion fruit, pear, morello cherry, hazelnut, pecan nuts, maraschino liqueur.   &nbsp;\" \/>\n<meta property=\"og:url\" content=\"https:\/\/www.chocolate7.com\/shop\/tavoletta\/fondente\/racine-carree-peru-san-jose-de-sisa\/\" \/>\n<meta property=\"og:site_name\" content=\"Chocolate7\" \/>\n<meta property=\"article:publisher\" content=\"https:\/\/www.facebook.com\/cremino.gianduia.1\" \/>\n<meta property=\"article:modified_time\" content=\"2024-05-24T14:17:43+00:00\" \/>\n<meta property=\"og:image\" content=\"https:\/\/www.chocolate7.com\/wp-content\/uploads\/2024\/05\/Screenshot_20240501_163435_Instagram-e1714574205772.jpg\" \/>\n\t<meta property=\"og:image:width\" content=\"600\" \/>\n\t<meta property=\"og:image:height\" content=\"599\" \/>\n\t<meta property=\"og:image:type\" content=\"image\/jpeg\" \/>\n<meta name=\"twitter:card\" content=\"summary_large_image\" \/>\n<meta name=\"twitter:site\" content=\"@GianduiaCremino\" \/>\n<script type=\"application\/ld+json\" class=\"yoast-schema-graph\">{\"@context\":\"https:\/\/schema.org\",\"@graph\":[{\"@type\":\"WebPage\",\"@id\":\"https:\/\/www.chocolate7.com\/shop\/tavoletta\/fondente\/racine-carree-peru-san-jose-de-sisa\/\",\"url\":\"https:\/\/www.chocolate7.com\/shop\/tavoletta\/fondente\/racine-carree-peru-san-jose-de-sisa\/\",\"name\":\"Racine Carr\u00e9e Peru San Jos\u00e8 de Sisa - Chocolate7\",\"isPartOf\":{\"@id\":\"https:\/\/www.chocolate7.com\/#website\"},\"primaryImageOfPage\":{\"@id\":\"https:\/\/www.chocolate7.com\/shop\/tavoletta\/fondente\/racine-carree-peru-san-jose-de-sisa\/#primaryimage\"},\"image\":{\"@id\":\"https:\/\/www.chocolate7.com\/shop\/tavoletta\/fondente\/racine-carree-peru-san-jose-de-sisa\/#primaryimage\"},\"thumbnailUrl\":\"https:\/\/www.chocolate7.com\/wp-content\/uploads\/2024\/05\/Screenshot_20240501_163435_Instagram-e1714574205772.jpg\",\"datePublished\":\"2024-05-01T13:57:02+00:00\",\"dateModified\":\"2024-05-24T14:17:43+00:00\",\"breadcrumb\":{\"@id\":\"https:\/\/www.chocolate7.com\/shop\/tavoletta\/fondente\/racine-carree-peru-san-jose-de-sisa\/#breadcrumb\"},\"inLanguage\":\"en-US\",\"potentialAction\":[{\"@type\":\"ReadAction\",\"target\":[\"https:\/\/www.chocolate7.com\/shop\/tavoletta\/fondente\/racine-carree-peru-san-jose-de-sisa\/\"]}]},{\"@type\":\"ImageObject\",\"inLanguage\":\"en-US\",\"@id\":\"https:\/\/www.chocolate7.com\/shop\/tavoletta\/fondente\/racine-carree-peru-san-jose-de-sisa\/#primaryimage\",\"url\":\"https:\/\/www.chocolate7.com\/wp-content\/uploads\/2024\/05\/Screenshot_20240501_163435_Instagram-e1714574205772.jpg\",\"contentUrl\":\"https:\/\/www.chocolate7.com\/wp-content\/uploads\/2024\/05\/Screenshot_20240501_163435_Instagram-e1714574205772.jpg\",\"width\":600,\"height\":599},{\"@type\":\"BreadcrumbList\",\"@id\":\"https:\/\/www.chocolate7.com\/shop\/tavoletta\/fondente\/racine-carree-peru-san-jose-de-sisa\/#breadcrumb\",\"itemListElement\":[{\"@type\":\"ListItem\",\"position\":1,\"name\":\"Home\",\"item\":\"https:\/\/www.chocolate7.com\/en\/\"},{\"@type\":\"ListItem\",\"position\":2,\"name\":\"Shop\",\"item\":\"https:\/\/www.chocolate7.com\/en\/store\/\"},{\"@type\":\"ListItem\",\"position\":3,\"name\":\"Racine Carr\u00e9e Peru San Jos\u00e8 de Sisa\"}]},{\"@type\":\"WebSite\",\"@id\":\"https:\/\/www.chocolate7.com\/#website\",\"url\":\"https:\/\/www.chocolate7.com\/\",\"name\":\"Chocolate7\",\"description\":\"The fine &amp; luxury chocolate selection\",\"publisher\":{\"@id\":\"https:\/\/www.chocolate7.com\/#organization\"},\"potentialAction\":[{\"@type\":\"SearchAction\",\"target\":{\"@type\":\"EntryPoint\",\"urlTemplate\":\"https:\/\/www.chocolate7.com\/?s={search_term_string}\"},\"query-input\":\"required name=search_term_string\"}],\"inLanguage\":\"en-US\"},{\"@type\":\"Organization\",\"@id\":\"https:\/\/www.chocolate7.com\/#organization\",\"name\":\"Choc7 di Benedetto Giovanni\",\"url\":\"https:\/\/www.chocolate7.com\/\",\"logo\":{\"@type\":\"ImageObject\",\"inLanguage\":\"en-US\",\"@id\":\"https:\/\/www.chocolate7.com\/#\/schema\/logo\/image\/\",\"url\":\"https:\/\/www.chocolate7.com\/wp-content\/uploads\/2018\/10\/logo_chocolate.png\",\"contentUrl\":\"https:\/\/www.chocolate7.com\/wp-content\/uploads\/2018\/10\/logo_chocolate.png\",\"width\":200,\"height\":41,\"caption\":\"Choc7 di Benedetto Giovanni\"},\"image\":{\"@id\":\"https:\/\/www.chocolate7.com\/#\/schema\/logo\/image\/\"},\"sameAs\":[\"https:\/\/www.facebook.com\/cremino.gianduia.1\",\"https:\/\/x.com\/GianduiaCremino\",\"https:\/\/www.instagram.com\/creminogianduia\/\",\"https:\/\/www.pinterest.com.au\/creminogianduia\/\",\"https:\/\/www.youtube.com\/channel\/UCWFQlcc9EQnAsLkD8rBsgig\"]}]}<\/script>\n<!-- \/ Yoast SEO plugin. -->","yoast_head_json":{"title":"Racine Carr\u00e9e Peru San Jos\u00e8 de Sisa - Chocolate7","robots":{"index":"index","follow":"follow","max-snippet":"max-snippet:-1","max-image-preview":"max-image-preview:large","max-video-preview":"max-video-preview:-1"},"canonical":"https:\/\/www.chocolate7.com\/shop\/tavoletta\/fondente\/racine-carree-peru-san-jose-de-sisa\/","og_locale":"en_US","og_type":"article","og_title":"Racine Carr\u00e9e Peru San Jos\u00e8 de Sisa - Chocolate7","og_description":"Racine Carr\u00e9e is a bean to bar chocolate maker from France. This fine chocolate bar is Made with cocoa from Peru (San Jos\u00e8 de Sisa). Racine Carr\u00e9e Peru San Jos\u00e8 de Sisa 72% is a dark chocolate with a pleasantly acidic taste, with aromatic notes of blackcurrant, passion fruit, pear, morello cherry, hazelnut, pecan nuts, maraschino liqueur.   &nbsp;","og_url":"https:\/\/www.chocolate7.com\/shop\/tavoletta\/fondente\/racine-carree-peru-san-jose-de-sisa\/","og_site_name":"Chocolate7","article_publisher":"https:\/\/www.facebook.com\/cremino.gianduia.1","article_modified_time":"2024-05-24T14:17:43+00:00","og_image":[{"width":600,"height":599,"url":"https:\/\/www.chocolate7.com\/wp-content\/uploads\/2024\/05\/Screenshot_20240501_163435_Instagram-e1714574205772.jpg","type":"image\/jpeg"}],"twitter_card":"summary_large_image","twitter_site":"@GianduiaCremino","schema":{"@context":"https:\/\/schema.org","@graph":[{"@type":"WebPage","@id":"https:\/\/www.chocolate7.com\/shop\/tavoletta\/fondente\/racine-carree-peru-san-jose-de-sisa\/","url":"https:\/\/www.chocolate7.com\/shop\/tavoletta\/fondente\/racine-carree-peru-san-jose-de-sisa\/","name":"Racine Carr\u00e9e Peru San Jos\u00e8 de Sisa - Chocolate7","isPartOf":{"@id":"https:\/\/www.chocolate7.com\/#website"},"primaryImageOfPage":{"@id":"https:\/\/www.chocolate7.com\/shop\/tavoletta\/fondente\/racine-carree-peru-san-jose-de-sisa\/#primaryimage"},"image":{"@id":"https:\/\/www.chocolate7.com\/shop\/tavoletta\/fondente\/racine-carree-peru-san-jose-de-sisa\/#primaryimage"},"thumbnailUrl":"https:\/\/www.chocolate7.com\/wp-content\/uploads\/2024\/05\/Screenshot_20240501_163435_Instagram-e1714574205772.jpg","datePublished":"2024-05-01T13:57:02+00:00","dateModified":"2024-05-24T14:17:43+00:00","breadcrumb":{"@id":"https:\/\/www.chocolate7.com\/shop\/tavoletta\/fondente\/racine-carree-peru-san-jose-de-sisa\/#breadcrumb"},"inLanguage":"en-US","potentialAction":[{"@type":"ReadAction","target":["https:\/\/www.chocolate7.com\/shop\/tavoletta\/fondente\/racine-carree-peru-san-jose-de-sisa\/"]}]},{"@type":"ImageObject","inLanguage":"en-US","@id":"https:\/\/www.chocolate7.com\/shop\/tavoletta\/fondente\/racine-carree-peru-san-jose-de-sisa\/#primaryimage","url":"https:\/\/www.chocolate7.com\/wp-content\/uploads\/2024\/05\/Screenshot_20240501_163435_Instagram-e1714574205772.jpg","contentUrl":"https:\/\/www.chocolate7.com\/wp-content\/uploads\/2024\/05\/Screenshot_20240501_163435_Instagram-e1714574205772.jpg","width":600,"height":599},{"@type":"BreadcrumbList","@id":"https:\/\/www.chocolate7.com\/shop\/tavoletta\/fondente\/racine-carree-peru-san-jose-de-sisa\/#breadcrumb","itemListElement":[{"@type":"ListItem","position":1,"name":"Home","item":"https:\/\/www.chocolate7.com\/en\/"},{"@type":"ListItem","position":2,"name":"Shop","item":"https:\/\/www.chocolate7.com\/en\/store\/"},{"@type":"ListItem","position":3,"name":"Racine Carr\u00e9e Peru San Jos\u00e8 de Sisa"}]},{"@type":"WebSite","@id":"https:\/\/www.chocolate7.com\/#website","url":"https:\/\/www.chocolate7.com\/","name":"Chocolate7","description":"The fine &amp; luxury chocolate selection","publisher":{"@id":"https:\/\/www.chocolate7.com\/#organization"},"potentialAction":[{"@type":"SearchAction","target":{"@type":"EntryPoint","urlTemplate":"https:\/\/www.chocolate7.com\/?s={search_term_string}"},"query-input":"required name=search_term_string"}],"inLanguage":"en-US"},{"@type":"Organization","@id":"https:\/\/www.chocolate7.com\/#organization","name":"Choc7 di Benedetto Giovanni","url":"https:\/\/www.chocolate7.com\/","logo":{"@type":"ImageObject","inLanguage":"en-US","@id":"https:\/\/www.chocolate7.com\/#\/schema\/logo\/image\/","url":"https:\/\/www.chocolate7.com\/wp-content\/uploads\/2018\/10\/logo_chocolate.png","contentUrl":"https:\/\/www.chocolate7.com\/wp-content\/uploads\/2018\/10\/logo_chocolate.png","width":200,"height":41,"caption":"Choc7 di Benedetto Giovanni"},"image":{"@id":"https:\/\/www.chocolate7.com\/#\/schema\/logo\/image\/"},"sameAs":["https:\/\/www.facebook.com\/cremino.gianduia.1","https:\/\/x.com\/GianduiaCremino","https:\/\/www.instagram.com\/creminogianduia\/","https:\/\/www.pinterest.com.au\/creminogianduia\/","https:\/\/www.youtube.com\/channel\/UCWFQlcc9EQnAsLkD8rBsgig"]}]}},"brands":[{"id":13182,"name":"Racine Carr\u00e9e","slug":"racine-carree-en"}],"_links":{"self":[{"href":"https:\/\/www.chocolate7.com\/en\/wp-json\/wp\/v2\/product\/33686","targetHints":{"allow":["GET"]}}],"collection":[{"href":"https:\/\/www.chocolate7.com\/en\/wp-json\/wp\/v2\/product"}],"about":[{"href":"https:\/\/www.chocolate7.com\/en\/wp-json\/wp\/v2\/types\/product"}],"wp:featuredmedia":[{"embeddable":true,"href":"https:\/\/www.chocolate7.com\/en\/wp-json\/wp\/v2\/media\/33688"}],"wp:attachment":[{"href":"https:\/\/www.chocolate7.com\/en\/wp-json\/wp\/v2\/media?parent=33686"}],"wp:term":[{"taxonomy":"pwb-brand","embeddable":true,"href":"https:\/\/www.chocolate7.com\/en\/wp-json\/wp\/v2\/pwb-brand?post=33686"},{"taxonomy":"product_brand","embeddable":true,"href":"https:\/\/www.chocolate7.com\/en\/wp-json\/wp\/v2\/product_brand?post=33686"},{"taxonomy":"product_cat","embeddable":true,"href":"https:\/\/www.chocolate7.com\/en\/wp-json\/wp\/v2\/product_cat?post=33686"},{"taxonomy":"product_tag","embeddable":true,"href":"https:\/\/www.chocolate7.com\/en\/wp-json\/wp\/v2\/product_tag?post=33686"},{"taxonomy":"giftcard-category","embeddable":true,"href":"https:\/\/www.chocolate7.com\/en\/wp-json\/wp\/v2\/giftcard-category?post=33686"}],"curies":[{"name":"wp","href":"https:\/\/api.w.org\/{rel}","templated":true}]}}