{"id":33692,"date":"2024-05-01T17:35:33","date_gmt":"2024-05-01T15:35:34","guid":{"rendered":"https:\/\/www.chocolate7.com\/?post_type=product&#038;p=33692"},"modified":"2024-05-01T18:01:37","modified_gmt":"2024-05-01T16:01:37","slug":"racine-carree-peru-san-jose-de-sisa-copia","status":"publish","type":"product","link":"https:\/\/www.chocolate7.com\/en\/shop\/bar\/dark-chocolate-en-2\/racine-carree-peru-san-jose-de-sisa-copia\/","title":{"rendered":"Racine Carr\u00e9e Peru Alto Huayabamba"},"content":{"rendered":"<p style=\"text-align: left\">Dark chocolate bar &#8211; Made by Racine Carr\u00e9e<\/p>\n<h2 class=\"bubble-element Text baTaNaVaH0\">Chocolat Alto Huayabamba 67% du P\u00e9rou est unique au monde. La g\u00e9n\u00e9tique CYP-99 offre un panel aromatique complexe de noix de coco, jasmin, l\u00e9g\u00e8rement lact\u00e9. Une merveille !<\/h2>\n","protected":false},"excerpt":{"rendered":"<p>Racine Carr\u00e9e is a bean to bar chocolate maker from France. This fine chocolate bar is made with cocoa from Peru (Alto Huayabamba). Racine Carr\u00e9e Per\u00f9 Alto Huayabamba 67% is a dark chocolate with a pleasantly sweet taste, with aromatic notes of jasmine, honey, coconut, apricot jam, milk cream, gingerbread.<\/p>\n<h2 class=\"bubble-element Text baTaNaVaH0\"><\/h2>\n<h2 class=\"bubble-element Text baTaNaVaH0\"><\/h2>\n<p>&nbsp;<\/p>\n","protected":false},"featured_media":33694,"template":"","meta":[],"pwb-brand":[13182],"product_brand":[],"product_cat":[3251,3255],"product_tag":[],"giftcard-category":[],"class_list":{"0":"post-33692","1":"product","2":"type-product","3":"status-publish","4":"has-post-thumbnail","6":"pwb-brand-racine-carree-en","7":"product_cat-bar","8":"product_cat-dark-chocolate-en-2","9":"pa_acidita-2-en","10":"pa_allergeni-traces-of-nuts-traces-of-lactose","11":"pa_amarezza-1-en","12":"pa_astringenza-0-en","13":"pa_cacao-60-69-en","14":"pa_carboidrati-4144-g-en","15":"pa_carboidrati-zuccheri-3327-g-en","16":"pa_dolcezza-4-en","17":"pa_fibre-1132-g-en","18":"pa_grassi-3497-g-en","19":"pa_grassi-saturi-2077-g-en","20":"pa_ingredienti-cocoa-beans-sugar","21":"pa_note-di-degustazione-jasmine-honey-coconut-apricot-jam-milk-cream-gingerbread","22":"pa_paese-delle-fave-di-cacao-peru-en","23":"pa_paese-produttore-france","24":"pa_percentuale-di-cacao-67-en","25":"pa_proteine-918-g-en","26":"pa_regione-alto-huayabamba-en","27":"pa_sale-0-g-en","28":"pa_tipo-di-cioccolato-fondente-en","29":"pa_valore-energetico-53574-kcal-221872-kj-en","31":"first","32":"instock","33":"taxable","34":"shipping-taxable","35":"purchasable","36":"product-type-simple"},"yoast_head":"<!-- This site is optimized with the Yoast SEO plugin v23.3 - https:\/\/yoast.com\/wordpress\/plugins\/seo\/ -->\n<title>Racine Carr\u00e9e Peru Alto Huayabamba - Chocolate7<\/title>\n<meta name=\"robots\" content=\"index, follow, max-snippet:-1, max-image-preview:large, max-video-preview:-1\" \/>\n<link rel=\"canonical\" href=\"https:\/\/www.chocolate7.com\/shop\/tavoletta\/fondente\/racine-carree-peru-alto-huayabamba\/\" \/>\n<meta property=\"og:locale\" content=\"en_US\" \/>\n<meta property=\"og:type\" content=\"article\" \/>\n<meta property=\"og:title\" content=\"Racine Carr\u00e9e Peru Alto Huayabamba - Chocolate7\" \/>\n<meta property=\"og:description\" content=\"Racine Carr\u00e9e is a bean to bar chocolate maker from France. This fine chocolate bar is made with cocoa from Peru (Alto Huayabamba). Racine Carr\u00e9e Per\u00f9 Alto Huayabamba 67% is a dark chocolate with a pleasantly sweet taste, with aromatic notes of jasmine, honey, coconut, apricot jam, milk cream, gingerbread.   &nbsp;\" \/>\n<meta property=\"og:url\" content=\"https:\/\/www.chocolate7.com\/shop\/tavoletta\/fondente\/racine-carree-peru-alto-huayabamba\/\" \/>\n<meta property=\"og:site_name\" content=\"Chocolate7\" \/>\n<meta property=\"article:publisher\" content=\"https:\/\/www.facebook.com\/cremino.gianduia.1\" \/>\n<meta property=\"article:modified_time\" content=\"2024-05-01T16:01:37+00:00\" \/>\n<meta property=\"og:image\" content=\"https:\/\/www.chocolate7.com\/wp-content\/uploads\/2024\/05\/Screenshot_20240501_171053_Instagram-e1714579049419.jpg\" \/>\n\t<meta property=\"og:image:width\" content=\"600\" \/>\n\t<meta property=\"og:image:height\" content=\"599\" \/>\n\t<meta property=\"og:image:type\" content=\"image\/jpeg\" \/>\n<meta name=\"twitter:card\" content=\"summary_large_image\" \/>\n<meta name=\"twitter:site\" content=\"@GianduiaCremino\" \/>\n<script type=\"application\/ld+json\" class=\"yoast-schema-graph\">{\"@context\":\"https:\/\/schema.org\",\"@graph\":[{\"@type\":\"WebPage\",\"@id\":\"https:\/\/www.chocolate7.com\/shop\/tavoletta\/fondente\/racine-carree-peru-alto-huayabamba\/\",\"url\":\"https:\/\/www.chocolate7.com\/shop\/tavoletta\/fondente\/racine-carree-peru-alto-huayabamba\/\",\"name\":\"Racine Carr\u00e9e Peru Alto Huayabamba - Chocolate7\",\"isPartOf\":{\"@id\":\"https:\/\/www.chocolate7.com\/#website\"},\"primaryImageOfPage\":{\"@id\":\"https:\/\/www.chocolate7.com\/shop\/tavoletta\/fondente\/racine-carree-peru-alto-huayabamba\/#primaryimage\"},\"image\":{\"@id\":\"https:\/\/www.chocolate7.com\/shop\/tavoletta\/fondente\/racine-carree-peru-alto-huayabamba\/#primaryimage\"},\"thumbnailUrl\":\"https:\/\/www.chocolate7.com\/wp-content\/uploads\/2024\/05\/Screenshot_20240501_171053_Instagram-e1714579049419.jpg\",\"datePublished\":\"2024-05-01T15:35:34+00:00\",\"dateModified\":\"2024-05-01T16:01:37+00:00\",\"breadcrumb\":{\"@id\":\"https:\/\/www.chocolate7.com\/shop\/tavoletta\/fondente\/racine-carree-peru-alto-huayabamba\/#breadcrumb\"},\"inLanguage\":\"en-US\",\"potentialAction\":[{\"@type\":\"ReadAction\",\"target\":[\"https:\/\/www.chocolate7.com\/shop\/tavoletta\/fondente\/racine-carree-peru-alto-huayabamba\/\"]}]},{\"@type\":\"ImageObject\",\"inLanguage\":\"en-US\",\"@id\":\"https:\/\/www.chocolate7.com\/shop\/tavoletta\/fondente\/racine-carree-peru-alto-huayabamba\/#primaryimage\",\"url\":\"https:\/\/www.chocolate7.com\/wp-content\/uploads\/2024\/05\/Screenshot_20240501_171053_Instagram-e1714579049419.jpg\",\"contentUrl\":\"https:\/\/www.chocolate7.com\/wp-content\/uploads\/2024\/05\/Screenshot_20240501_171053_Instagram-e1714579049419.jpg\",\"width\":600,\"height\":599},{\"@type\":\"BreadcrumbList\",\"@id\":\"https:\/\/www.chocolate7.com\/shop\/tavoletta\/fondente\/racine-carree-peru-alto-huayabamba\/#breadcrumb\",\"itemListElement\":[{\"@type\":\"ListItem\",\"position\":1,\"name\":\"Home\",\"item\":\"https:\/\/www.chocolate7.com\/en\/\"},{\"@type\":\"ListItem\",\"position\":2,\"name\":\"Shop\",\"item\":\"https:\/\/www.chocolate7.com\/en\/store\/\"},{\"@type\":\"ListItem\",\"position\":3,\"name\":\"Racine Carr\u00e9e Peru Alto Huayabamba\"}]},{\"@type\":\"WebSite\",\"@id\":\"https:\/\/www.chocolate7.com\/#website\",\"url\":\"https:\/\/www.chocolate7.com\/\",\"name\":\"Chocolate7\",\"description\":\"The fine &amp; luxury chocolate selection\",\"publisher\":{\"@id\":\"https:\/\/www.chocolate7.com\/#organization\"},\"potentialAction\":[{\"@type\":\"SearchAction\",\"target\":{\"@type\":\"EntryPoint\",\"urlTemplate\":\"https:\/\/www.chocolate7.com\/?s={search_term_string}\"},\"query-input\":\"required name=search_term_string\"}],\"inLanguage\":\"en-US\"},{\"@type\":\"Organization\",\"@id\":\"https:\/\/www.chocolate7.com\/#organization\",\"name\":\"Choc7 di Benedetto Giovanni\",\"url\":\"https:\/\/www.chocolate7.com\/\",\"logo\":{\"@type\":\"ImageObject\",\"inLanguage\":\"en-US\",\"@id\":\"https:\/\/www.chocolate7.com\/#\/schema\/logo\/image\/\",\"url\":\"https:\/\/www.chocolate7.com\/wp-content\/uploads\/2018\/10\/logo_chocolate.png\",\"contentUrl\":\"https:\/\/www.chocolate7.com\/wp-content\/uploads\/2018\/10\/logo_chocolate.png\",\"width\":200,\"height\":41,\"caption\":\"Choc7 di Benedetto Giovanni\"},\"image\":{\"@id\":\"https:\/\/www.chocolate7.com\/#\/schema\/logo\/image\/\"},\"sameAs\":[\"https:\/\/www.facebook.com\/cremino.gianduia.1\",\"https:\/\/x.com\/GianduiaCremino\",\"https:\/\/www.instagram.com\/creminogianduia\/\",\"https:\/\/www.pinterest.com.au\/creminogianduia\/\",\"https:\/\/www.youtube.com\/channel\/UCWFQlcc9EQnAsLkD8rBsgig\"]}]}<\/script>\n<!-- \/ Yoast SEO plugin. -->","yoast_head_json":{"title":"Racine Carr\u00e9e Peru Alto Huayabamba - Chocolate7","robots":{"index":"index","follow":"follow","max-snippet":"max-snippet:-1","max-image-preview":"max-image-preview:large","max-video-preview":"max-video-preview:-1"},"canonical":"https:\/\/www.chocolate7.com\/shop\/tavoletta\/fondente\/racine-carree-peru-alto-huayabamba\/","og_locale":"en_US","og_type":"article","og_title":"Racine Carr\u00e9e Peru Alto Huayabamba - Chocolate7","og_description":"Racine Carr\u00e9e is a bean to bar chocolate maker from France. This fine chocolate bar is made with cocoa from Peru (Alto Huayabamba). Racine Carr\u00e9e Per\u00f9 Alto Huayabamba 67% is a dark chocolate with a pleasantly sweet taste, with aromatic notes of jasmine, honey, coconut, apricot jam, milk cream, gingerbread.   &nbsp;","og_url":"https:\/\/www.chocolate7.com\/shop\/tavoletta\/fondente\/racine-carree-peru-alto-huayabamba\/","og_site_name":"Chocolate7","article_publisher":"https:\/\/www.facebook.com\/cremino.gianduia.1","article_modified_time":"2024-05-01T16:01:37+00:00","og_image":[{"width":600,"height":599,"url":"https:\/\/www.chocolate7.com\/wp-content\/uploads\/2024\/05\/Screenshot_20240501_171053_Instagram-e1714579049419.jpg","type":"image\/jpeg"}],"twitter_card":"summary_large_image","twitter_site":"@GianduiaCremino","schema":{"@context":"https:\/\/schema.org","@graph":[{"@type":"WebPage","@id":"https:\/\/www.chocolate7.com\/shop\/tavoletta\/fondente\/racine-carree-peru-alto-huayabamba\/","url":"https:\/\/www.chocolate7.com\/shop\/tavoletta\/fondente\/racine-carree-peru-alto-huayabamba\/","name":"Racine Carr\u00e9e Peru Alto Huayabamba - Chocolate7","isPartOf":{"@id":"https:\/\/www.chocolate7.com\/#website"},"primaryImageOfPage":{"@id":"https:\/\/www.chocolate7.com\/shop\/tavoletta\/fondente\/racine-carree-peru-alto-huayabamba\/#primaryimage"},"image":{"@id":"https:\/\/www.chocolate7.com\/shop\/tavoletta\/fondente\/racine-carree-peru-alto-huayabamba\/#primaryimage"},"thumbnailUrl":"https:\/\/www.chocolate7.com\/wp-content\/uploads\/2024\/05\/Screenshot_20240501_171053_Instagram-e1714579049419.jpg","datePublished":"2024-05-01T15:35:34+00:00","dateModified":"2024-05-01T16:01:37+00:00","breadcrumb":{"@id":"https:\/\/www.chocolate7.com\/shop\/tavoletta\/fondente\/racine-carree-peru-alto-huayabamba\/#breadcrumb"},"inLanguage":"en-US","potentialAction":[{"@type":"ReadAction","target":["https:\/\/www.chocolate7.com\/shop\/tavoletta\/fondente\/racine-carree-peru-alto-huayabamba\/"]}]},{"@type":"ImageObject","inLanguage":"en-US","@id":"https:\/\/www.chocolate7.com\/shop\/tavoletta\/fondente\/racine-carree-peru-alto-huayabamba\/#primaryimage","url":"https:\/\/www.chocolate7.com\/wp-content\/uploads\/2024\/05\/Screenshot_20240501_171053_Instagram-e1714579049419.jpg","contentUrl":"https:\/\/www.chocolate7.com\/wp-content\/uploads\/2024\/05\/Screenshot_20240501_171053_Instagram-e1714579049419.jpg","width":600,"height":599},{"@type":"BreadcrumbList","@id":"https:\/\/www.chocolate7.com\/shop\/tavoletta\/fondente\/racine-carree-peru-alto-huayabamba\/#breadcrumb","itemListElement":[{"@type":"ListItem","position":1,"name":"Home","item":"https:\/\/www.chocolate7.com\/en\/"},{"@type":"ListItem","position":2,"name":"Shop","item":"https:\/\/www.chocolate7.com\/en\/store\/"},{"@type":"ListItem","position":3,"name":"Racine Carr\u00e9e Peru Alto Huayabamba"}]},{"@type":"WebSite","@id":"https:\/\/www.chocolate7.com\/#website","url":"https:\/\/www.chocolate7.com\/","name":"Chocolate7","description":"The fine &amp; luxury chocolate selection","publisher":{"@id":"https:\/\/www.chocolate7.com\/#organization"},"potentialAction":[{"@type":"SearchAction","target":{"@type":"EntryPoint","urlTemplate":"https:\/\/www.chocolate7.com\/?s={search_term_string}"},"query-input":"required name=search_term_string"}],"inLanguage":"en-US"},{"@type":"Organization","@id":"https:\/\/www.chocolate7.com\/#organization","name":"Choc7 di Benedetto Giovanni","url":"https:\/\/www.chocolate7.com\/","logo":{"@type":"ImageObject","inLanguage":"en-US","@id":"https:\/\/www.chocolate7.com\/#\/schema\/logo\/image\/","url":"https:\/\/www.chocolate7.com\/wp-content\/uploads\/2018\/10\/logo_chocolate.png","contentUrl":"https:\/\/www.chocolate7.com\/wp-content\/uploads\/2018\/10\/logo_chocolate.png","width":200,"height":41,"caption":"Choc7 di Benedetto Giovanni"},"image":{"@id":"https:\/\/www.chocolate7.com\/#\/schema\/logo\/image\/"},"sameAs":["https:\/\/www.facebook.com\/cremino.gianduia.1","https:\/\/x.com\/GianduiaCremino","https:\/\/www.instagram.com\/creminogianduia\/","https:\/\/www.pinterest.com.au\/creminogianduia\/","https:\/\/www.youtube.com\/channel\/UCWFQlcc9EQnAsLkD8rBsgig"]}]}},"brands":[{"id":13182,"name":"Racine Carr\u00e9e","slug":"racine-carree-en"}],"_links":{"self":[{"href":"https:\/\/www.chocolate7.com\/en\/wp-json\/wp\/v2\/product\/33692","targetHints":{"allow":["GET"]}}],"collection":[{"href":"https:\/\/www.chocolate7.com\/en\/wp-json\/wp\/v2\/product"}],"about":[{"href":"https:\/\/www.chocolate7.com\/en\/wp-json\/wp\/v2\/types\/product"}],"wp:featuredmedia":[{"embeddable":true,"href":"https:\/\/www.chocolate7.com\/en\/wp-json\/wp\/v2\/media\/33694"}],"wp:attachment":[{"href":"https:\/\/www.chocolate7.com\/en\/wp-json\/wp\/v2\/media?parent=33692"}],"wp:term":[{"taxonomy":"pwb-brand","embeddable":true,"href":"https:\/\/www.chocolate7.com\/en\/wp-json\/wp\/v2\/pwb-brand?post=33692"},{"taxonomy":"product_brand","embeddable":true,"href":"https:\/\/www.chocolate7.com\/en\/wp-json\/wp\/v2\/product_brand?post=33692"},{"taxonomy":"product_cat","embeddable":true,"href":"https:\/\/www.chocolate7.com\/en\/wp-json\/wp\/v2\/product_cat?post=33692"},{"taxonomy":"product_tag","embeddable":true,"href":"https:\/\/www.chocolate7.com\/en\/wp-json\/wp\/v2\/product_tag?post=33692"},{"taxonomy":"giftcard-category","embeddable":true,"href":"https:\/\/www.chocolate7.com\/en\/wp-json\/wp\/v2\/giftcard-category?post=33692"}],"curies":[{"name":"wp","href":"https:\/\/api.w.org\/{rel}","templated":true}]}}