{"id":33720,"date":"2024-05-24T15:16:37","date_gmt":"2024-05-24T13:16:37","guid":{"rendered":"https:\/\/www.chocolate7.com\/?post_type=product&#038;p=33720"},"modified":"2024-08-01T10:31:20","modified_gmt":"2024-08-01T08:31:20","slug":"kankel-peru-quillabamba-cocoa-beans-covered-in-dark-chocolate-copy","status":"publish","type":"product","link":"https:\/\/www.chocolate7.com\/en\/shop\/gift-box\/kankel-peru-quillabamba-cocoa-beans-covered-in-dark-chocolate-copy\/","title":{"rendered":"COMTE Ecuador Hacienda Eleonor caramelized cocoa beans"},"content":{"rendered":"<p style=\"text-align: left\">Caramelized cocoa beans &#8211; Made by COMTE<\/p>\n<p style=\"text-align: left\">F\u00e8ves de cacao torr\u00e9fies et caram\u00e9lis\u00e9es en chaudron de cuivre conditionn\u00e9es en sachet de 80g. Hautement addictif.<\/p>\n","protected":false},"excerpt":{"rendered":"<p>COMTE, is a bean to bar chocolate maker from France. This bag contains delicious cocoa beans from Ecuador (Hacienda Eleonor) roasted and caramelized in a copper cauldron, with floral aromatic notes, blood orange, blueberries, caramel, cardamom, tea.<\/p>\n<p>&nbsp;<\/p>\n<p>&nbsp;<\/p>\n<p>&nbsp;<\/p>\n","protected":false},"featured_media":33724,"template":"","meta":[],"pwb-brand":[12738],"product_brand":[],"product_cat":[3230,3215,3240],"product_tag":[],"giftcard-category":[],"class_list":{"0":"post-33720","1":"product","2":"type-product","3":"status-publish","4":"has-post-thumbnail","6":"pwb-brand-comte-en","7":"product_cat-cacao-beans","8":"product_cat-gift-box","9":"product_cat-pralines-chocolates-bonbons-cremini-truffles","10":"product_shipping_class-1-en","11":"pa_acidita-1-en","12":"pa_amarezza-2-en","13":"pa_astringenza-0-en","14":"pa_carboidrati-592-g-en","15":"pa_carboidrati-zuccheri-40-g-en","16":"pa_codice-a-barre-3760113280252-en","17":"pa_conservazione-ideal-storage-temperature-17c","18":"pa_dolcezza-4-en","19":"pa_grassi-282-g-en","20":"pa_grassi-saturi-192-g-en","21":"pa_ingredienti-cocoa-beans-organic-cane-sugar","22":"pa_note-di-degustazione-floral-notes-blood-orange-blueberries-caramel-cardamom-tea","23":"pa_paese-delle-fave-di-cacao-ecuador-en","24":"pa_paese-produttore-france","25":"pa_proteine-84-g-en","26":"pa_regione-hacienda-eleonor-en","27":"pa_tipo-di-cioccolato-cocoa-beans","28":"pa_valore-energetico-491-kcal-2051-kj-en","30":"first","31":"outofstock","32":"taxable","33":"shipping-taxable","34":"purchasable","35":"product-type-simple"},"yoast_head":"<!-- This site is optimized with the Yoast SEO plugin v23.3 - https:\/\/yoast.com\/wordpress\/plugins\/seo\/ -->\n<title>COMTE Ecuador Hacienda Eleonor caramelized cocoa beans - Chocolate7<\/title>\n<meta name=\"robots\" content=\"index, follow, max-snippet:-1, max-image-preview:large, max-video-preview:-1\" \/>\n<link rel=\"canonical\" href=\"https:\/\/www.chocolate7.com\/shop\/confezioni-regalo\/comte-ecuador-hacienda-eleonor-fave-di-cacao-caramellate\/\" \/>\n<meta property=\"og:locale\" content=\"en_US\" \/>\n<meta property=\"og:type\" content=\"article\" \/>\n<meta property=\"og:title\" content=\"COMTE Ecuador Hacienda Eleonor caramelized cocoa beans - Chocolate7\" \/>\n<meta property=\"og:description\" content=\"COMTE, is a bean to bar chocolate maker from France. This bag contains delicious cocoa beans from Ecuador (Hacienda Eleonor) roasted and caramelized in a copper cauldron, with floral aromatic notes, blood orange, blueberries, caramel, cardamom, tea.  &nbsp;  &nbsp;  &nbsp;\" \/>\n<meta property=\"og:url\" content=\"https:\/\/www.chocolate7.com\/shop\/confezioni-regalo\/comte-ecuador-hacienda-eleonor-fave-di-cacao-caramellate\/\" \/>\n<meta property=\"og:site_name\" content=\"Chocolate7\" \/>\n<meta property=\"article:publisher\" content=\"https:\/\/www.facebook.com\/cremino.gianduia.1\" \/>\n<meta property=\"article:modified_time\" content=\"2024-08-01T08:31:20+00:00\" \/>\n<meta property=\"og:image\" content=\"https:\/\/www.chocolate7.com\/wp-content\/uploads\/2024\/05\/Screenshot_20240524_160850_Instagram-e1716560162197.jpg\" \/>\n\t<meta property=\"og:image:width\" content=\"600\" \/>\n\t<meta property=\"og:image:height\" content=\"599\" \/>\n\t<meta property=\"og:image:type\" content=\"image\/jpeg\" \/>\n<meta name=\"twitter:card\" content=\"summary_large_image\" \/>\n<meta name=\"twitter:site\" content=\"@GianduiaCremino\" \/>\n<script type=\"application\/ld+json\" class=\"yoast-schema-graph\">{\"@context\":\"https:\/\/schema.org\",\"@graph\":[{\"@type\":\"WebPage\",\"@id\":\"https:\/\/www.chocolate7.com\/shop\/confezioni-regalo\/comte-ecuador-hacienda-eleonor-fave-di-cacao-caramellate\/\",\"url\":\"https:\/\/www.chocolate7.com\/shop\/confezioni-regalo\/comte-ecuador-hacienda-eleonor-fave-di-cacao-caramellate\/\",\"name\":\"COMTE Ecuador Hacienda Eleonor caramelized cocoa beans - Chocolate7\",\"isPartOf\":{\"@id\":\"https:\/\/www.chocolate7.com\/#website\"},\"primaryImageOfPage\":{\"@id\":\"https:\/\/www.chocolate7.com\/shop\/confezioni-regalo\/comte-ecuador-hacienda-eleonor-fave-di-cacao-caramellate\/#primaryimage\"},\"image\":{\"@id\":\"https:\/\/www.chocolate7.com\/shop\/confezioni-regalo\/comte-ecuador-hacienda-eleonor-fave-di-cacao-caramellate\/#primaryimage\"},\"thumbnailUrl\":\"https:\/\/www.chocolate7.com\/wp-content\/uploads\/2024\/05\/Screenshot_20240524_160850_Instagram-e1716560162197.jpg\",\"datePublished\":\"2024-05-24T13:16:37+00:00\",\"dateModified\":\"2024-08-01T08:31:20+00:00\",\"breadcrumb\":{\"@id\":\"https:\/\/www.chocolate7.com\/shop\/confezioni-regalo\/comte-ecuador-hacienda-eleonor-fave-di-cacao-caramellate\/#breadcrumb\"},\"inLanguage\":\"en-US\",\"potentialAction\":[{\"@type\":\"ReadAction\",\"target\":[\"https:\/\/www.chocolate7.com\/shop\/confezioni-regalo\/comte-ecuador-hacienda-eleonor-fave-di-cacao-caramellate\/\"]}]},{\"@type\":\"ImageObject\",\"inLanguage\":\"en-US\",\"@id\":\"https:\/\/www.chocolate7.com\/shop\/confezioni-regalo\/comte-ecuador-hacienda-eleonor-fave-di-cacao-caramellate\/#primaryimage\",\"url\":\"https:\/\/www.chocolate7.com\/wp-content\/uploads\/2024\/05\/Screenshot_20240524_160850_Instagram-e1716560162197.jpg\",\"contentUrl\":\"https:\/\/www.chocolate7.com\/wp-content\/uploads\/2024\/05\/Screenshot_20240524_160850_Instagram-e1716560162197.jpg\",\"width\":600,\"height\":599},{\"@type\":\"BreadcrumbList\",\"@id\":\"https:\/\/www.chocolate7.com\/shop\/confezioni-regalo\/comte-ecuador-hacienda-eleonor-fave-di-cacao-caramellate\/#breadcrumb\",\"itemListElement\":[{\"@type\":\"ListItem\",\"position\":1,\"name\":\"Home\",\"item\":\"https:\/\/www.chocolate7.com\/en\/\"},{\"@type\":\"ListItem\",\"position\":2,\"name\":\"Shop\",\"item\":\"https:\/\/www.chocolate7.com\/en\/store\/\"},{\"@type\":\"ListItem\",\"position\":3,\"name\":\"COMTE Ecuador Hacienda Eleonor caramelized cocoa beans\"}]},{\"@type\":\"WebSite\",\"@id\":\"https:\/\/www.chocolate7.com\/#website\",\"url\":\"https:\/\/www.chocolate7.com\/\",\"name\":\"Chocolate7\",\"description\":\"The fine &amp; luxury chocolate selection\",\"publisher\":{\"@id\":\"https:\/\/www.chocolate7.com\/#organization\"},\"potentialAction\":[{\"@type\":\"SearchAction\",\"target\":{\"@type\":\"EntryPoint\",\"urlTemplate\":\"https:\/\/www.chocolate7.com\/?s={search_term_string}\"},\"query-input\":\"required name=search_term_string\"}],\"inLanguage\":\"en-US\"},{\"@type\":\"Organization\",\"@id\":\"https:\/\/www.chocolate7.com\/#organization\",\"name\":\"Choc7 di Benedetto Giovanni\",\"url\":\"https:\/\/www.chocolate7.com\/\",\"logo\":{\"@type\":\"ImageObject\",\"inLanguage\":\"en-US\",\"@id\":\"https:\/\/www.chocolate7.com\/#\/schema\/logo\/image\/\",\"url\":\"https:\/\/www.chocolate7.com\/wp-content\/uploads\/2018\/10\/logo_chocolate.png\",\"contentUrl\":\"https:\/\/www.chocolate7.com\/wp-content\/uploads\/2018\/10\/logo_chocolate.png\",\"width\":200,\"height\":41,\"caption\":\"Choc7 di Benedetto Giovanni\"},\"image\":{\"@id\":\"https:\/\/www.chocolate7.com\/#\/schema\/logo\/image\/\"},\"sameAs\":[\"https:\/\/www.facebook.com\/cremino.gianduia.1\",\"https:\/\/x.com\/GianduiaCremino\",\"https:\/\/www.instagram.com\/creminogianduia\/\",\"https:\/\/www.pinterest.com.au\/creminogianduia\/\",\"https:\/\/www.youtube.com\/channel\/UCWFQlcc9EQnAsLkD8rBsgig\"]}]}<\/script>\n<!-- \/ Yoast SEO plugin. -->","yoast_head_json":{"title":"COMTE Ecuador Hacienda Eleonor caramelized cocoa beans - Chocolate7","robots":{"index":"index","follow":"follow","max-snippet":"max-snippet:-1","max-image-preview":"max-image-preview:large","max-video-preview":"max-video-preview:-1"},"canonical":"https:\/\/www.chocolate7.com\/shop\/confezioni-regalo\/comte-ecuador-hacienda-eleonor-fave-di-cacao-caramellate\/","og_locale":"en_US","og_type":"article","og_title":"COMTE Ecuador Hacienda Eleonor caramelized cocoa beans - Chocolate7","og_description":"COMTE, is a bean to bar chocolate maker from France. This bag contains delicious cocoa beans from Ecuador (Hacienda Eleonor) roasted and caramelized in a copper cauldron, with floral aromatic notes, blood orange, blueberries, caramel, cardamom, tea.  &nbsp;  &nbsp;  &nbsp;","og_url":"https:\/\/www.chocolate7.com\/shop\/confezioni-regalo\/comte-ecuador-hacienda-eleonor-fave-di-cacao-caramellate\/","og_site_name":"Chocolate7","article_publisher":"https:\/\/www.facebook.com\/cremino.gianduia.1","article_modified_time":"2024-08-01T08:31:20+00:00","og_image":[{"width":600,"height":599,"url":"https:\/\/www.chocolate7.com\/wp-content\/uploads\/2024\/05\/Screenshot_20240524_160850_Instagram-e1716560162197.jpg","type":"image\/jpeg"}],"twitter_card":"summary_large_image","twitter_site":"@GianduiaCremino","schema":{"@context":"https:\/\/schema.org","@graph":[{"@type":"WebPage","@id":"https:\/\/www.chocolate7.com\/shop\/confezioni-regalo\/comte-ecuador-hacienda-eleonor-fave-di-cacao-caramellate\/","url":"https:\/\/www.chocolate7.com\/shop\/confezioni-regalo\/comte-ecuador-hacienda-eleonor-fave-di-cacao-caramellate\/","name":"COMTE Ecuador Hacienda Eleonor caramelized cocoa beans - Chocolate7","isPartOf":{"@id":"https:\/\/www.chocolate7.com\/#website"},"primaryImageOfPage":{"@id":"https:\/\/www.chocolate7.com\/shop\/confezioni-regalo\/comte-ecuador-hacienda-eleonor-fave-di-cacao-caramellate\/#primaryimage"},"image":{"@id":"https:\/\/www.chocolate7.com\/shop\/confezioni-regalo\/comte-ecuador-hacienda-eleonor-fave-di-cacao-caramellate\/#primaryimage"},"thumbnailUrl":"https:\/\/www.chocolate7.com\/wp-content\/uploads\/2024\/05\/Screenshot_20240524_160850_Instagram-e1716560162197.jpg","datePublished":"2024-05-24T13:16:37+00:00","dateModified":"2024-08-01T08:31:20+00:00","breadcrumb":{"@id":"https:\/\/www.chocolate7.com\/shop\/confezioni-regalo\/comte-ecuador-hacienda-eleonor-fave-di-cacao-caramellate\/#breadcrumb"},"inLanguage":"en-US","potentialAction":[{"@type":"ReadAction","target":["https:\/\/www.chocolate7.com\/shop\/confezioni-regalo\/comte-ecuador-hacienda-eleonor-fave-di-cacao-caramellate\/"]}]},{"@type":"ImageObject","inLanguage":"en-US","@id":"https:\/\/www.chocolate7.com\/shop\/confezioni-regalo\/comte-ecuador-hacienda-eleonor-fave-di-cacao-caramellate\/#primaryimage","url":"https:\/\/www.chocolate7.com\/wp-content\/uploads\/2024\/05\/Screenshot_20240524_160850_Instagram-e1716560162197.jpg","contentUrl":"https:\/\/www.chocolate7.com\/wp-content\/uploads\/2024\/05\/Screenshot_20240524_160850_Instagram-e1716560162197.jpg","width":600,"height":599},{"@type":"BreadcrumbList","@id":"https:\/\/www.chocolate7.com\/shop\/confezioni-regalo\/comte-ecuador-hacienda-eleonor-fave-di-cacao-caramellate\/#breadcrumb","itemListElement":[{"@type":"ListItem","position":1,"name":"Home","item":"https:\/\/www.chocolate7.com\/en\/"},{"@type":"ListItem","position":2,"name":"Shop","item":"https:\/\/www.chocolate7.com\/en\/store\/"},{"@type":"ListItem","position":3,"name":"COMTE Ecuador Hacienda Eleonor caramelized cocoa beans"}]},{"@type":"WebSite","@id":"https:\/\/www.chocolate7.com\/#website","url":"https:\/\/www.chocolate7.com\/","name":"Chocolate7","description":"The fine &amp; luxury chocolate selection","publisher":{"@id":"https:\/\/www.chocolate7.com\/#organization"},"potentialAction":[{"@type":"SearchAction","target":{"@type":"EntryPoint","urlTemplate":"https:\/\/www.chocolate7.com\/?s={search_term_string}"},"query-input":"required name=search_term_string"}],"inLanguage":"en-US"},{"@type":"Organization","@id":"https:\/\/www.chocolate7.com\/#organization","name":"Choc7 di Benedetto Giovanni","url":"https:\/\/www.chocolate7.com\/","logo":{"@type":"ImageObject","inLanguage":"en-US","@id":"https:\/\/www.chocolate7.com\/#\/schema\/logo\/image\/","url":"https:\/\/www.chocolate7.com\/wp-content\/uploads\/2018\/10\/logo_chocolate.png","contentUrl":"https:\/\/www.chocolate7.com\/wp-content\/uploads\/2018\/10\/logo_chocolate.png","width":200,"height":41,"caption":"Choc7 di Benedetto Giovanni"},"image":{"@id":"https:\/\/www.chocolate7.com\/#\/schema\/logo\/image\/"},"sameAs":["https:\/\/www.facebook.com\/cremino.gianduia.1","https:\/\/x.com\/GianduiaCremino","https:\/\/www.instagram.com\/creminogianduia\/","https:\/\/www.pinterest.com.au\/creminogianduia\/","https:\/\/www.youtube.com\/channel\/UCWFQlcc9EQnAsLkD8rBsgig"]}]}},"brands":[{"id":12738,"name":"COMTE","slug":"comte-en"}],"_links":{"self":[{"href":"https:\/\/www.chocolate7.com\/en\/wp-json\/wp\/v2\/product\/33720","targetHints":{"allow":["GET"]}}],"collection":[{"href":"https:\/\/www.chocolate7.com\/en\/wp-json\/wp\/v2\/product"}],"about":[{"href":"https:\/\/www.chocolate7.com\/en\/wp-json\/wp\/v2\/types\/product"}],"wp:featuredmedia":[{"embeddable":true,"href":"https:\/\/www.chocolate7.com\/en\/wp-json\/wp\/v2\/media\/33724"}],"wp:attachment":[{"href":"https:\/\/www.chocolate7.com\/en\/wp-json\/wp\/v2\/media?parent=33720"}],"wp:term":[{"taxonomy":"pwb-brand","embeddable":true,"href":"https:\/\/www.chocolate7.com\/en\/wp-json\/wp\/v2\/pwb-brand?post=33720"},{"taxonomy":"product_brand","embeddable":true,"href":"https:\/\/www.chocolate7.com\/en\/wp-json\/wp\/v2\/product_brand?post=33720"},{"taxonomy":"product_cat","embeddable":true,"href":"https:\/\/www.chocolate7.com\/en\/wp-json\/wp\/v2\/product_cat?post=33720"},{"taxonomy":"product_tag","embeddable":true,"href":"https:\/\/www.chocolate7.com\/en\/wp-json\/wp\/v2\/product_tag?post=33720"},{"taxonomy":"giftcard-category","embeddable":true,"href":"https:\/\/www.chocolate7.com\/en\/wp-json\/wp\/v2\/giftcard-category?post=33720"}],"curies":[{"name":"wp","href":"https:\/\/api.w.org\/{rel}","templated":true}]}}