{"id":33727,"date":"2024-05-24T16:30:17","date_gmt":"2024-05-24T14:30:18","guid":{"rendered":"https:\/\/www.chocolate7.com\/?post_type=product&#038;p=33727"},"modified":"2024-05-24T17:22:41","modified_gmt":"2024-05-24T15:22:41","slug":"qantu-peru-piura-milk-oh-la-vache-copy","status":"publish","type":"product","link":"https:\/\/www.chocolate7.com\/en\/shop\/bar\/flavoured-filled-inclusions-white-chocolate\/qantu-peru-piura-milk-oh-la-vache-copy\/","title":{"rendered":"Qantu Peru sea buckthorn white chocolate"},"content":{"rendered":"<p style=\"text-align: left\">Flavored white chocolate bar \/ with inclusions \/ filled &#8211; Made by Qantu<\/p>\n<p>Avec sa couleur orange \u00e9clatante, ce chocolat blanc \u00e0 l\u2019argousier du Qu\u00e9bec allumera tous vos sens!\u00a0 Sa touche acidul\u00e9e vous donnera des frissons de bonheur et ses saveurs ressemblant au fruit de la passion combleront les palais les plus raffin\u00e9s.\u00a0 \u00cates-vous pr\u00eats \u00e0 l\u2018essayer?<\/p>\n<p>Origine du beurre de cacao: Pangoa, Jun\u00edn, P\u00e9rou<\/p>\n<p>D\u00e9gustation: Fruit de la passion, mangue<\/p>\n","protected":false},"excerpt":{"rendered":"<p>Qantu, is a bean to bar chocolate maker from Canada. This fine chocolate bar is made with cocoa from Peru (Pangoa, Junin). Qantu Peru sea buckthorn white chocolate 38% is a white chocolate with a pleasantly acidic taste, with aromatic notes of honey, mango, passion fruit, sea buckthorn, cream.<\/p>\n<p>&nbsp;<\/p>\n<p>.<\/p>\n","protected":false},"featured_media":33729,"template":"","meta":[],"pwb-brand":[3456],"product_brand":[],"product_cat":[3251,3254],"product_tag":[],"giftcard-category":[],"class_list":{"0":"post-33727","1":"product","2":"type-product","3":"status-publish","4":"has-post-thumbnail","6":"pwb-brand-quantu","7":"product_cat-bar","8":"product_cat-flavoured-filled-inclusions-white-chocolate","9":"pa_acidita-5-en","10":"pa_allergeni-contains-milk-may-contain-traces-of-nuts","11":"pa_amarezza-0-en","12":"pa_astringenza-0-en","13":"pa_cacao-30-39-en","14":"pa_carboidrati-48-g-en","15":"pa_carboidrati-zuccheri-40-g-en","16":"pa_codice-a-barre-628011743206-en","17":"pa_conservazione-conservare-in-luogo-fresco-e-asciutto-en","18":"pa_dolcezza-4-en","19":"pa_fibre-8-g-en","20":"pa_grassi-40-g-en","21":"pa_grassi-saturi-24-g-en","22":"pa_ingredienti-organic-cocoa-butter-organic-cane-sugar-organic-dehydrated-sea-buckthorn-pulp-whole-milk-powder","23":"pa_note-di-degustazione-honey-mango-passion-fruit-sea-buckthorn-cream","24":"pa_paese-delle-fave-di-cacao-peru-en","25":"pa_paese-produttore-canada-en","26":"pa_percentuale-di-cacao-38-en","27":"pa_premi-academy-of-chocolate-silver-2023-en","28":"pa_proteine-48-g-en","29":"pa_regione-junin-en","30":"pa_sale-006-g-en","31":"pa_tipo-di-cioccolato-flavoured-filled-inclusions-white-chocolate-bar","32":"pa_valore-energetico-588-kcal-en","34":"first","35":"outofstock","36":"featured","37":"taxable","38":"shipping-taxable","39":"purchasable","40":"product-type-simple"},"yoast_head":"<!-- This site is optimized with the Yoast SEO plugin v23.3 - https:\/\/yoast.com\/wordpress\/plugins\/seo\/ -->\n<title>Qantu Peru sea buckthorn white chocolate - Chocolate7<\/title>\n<meta name=\"robots\" content=\"index, follow, max-snippet:-1, max-image-preview:large, max-video-preview:-1\" \/>\n<link rel=\"canonical\" href=\"https:\/\/www.chocolate7.com\/en\/shop\/bar\/flavoured-filled-inclusions-white-chocolate\/qantu-peru-piura-milk-oh-la-vache-copy\/\" \/>\n<meta property=\"og:locale\" content=\"en_US\" \/>\n<meta property=\"og:type\" content=\"article\" \/>\n<meta property=\"og:title\" content=\"Qantu Peru sea buckthorn white chocolate - Chocolate7\" \/>\n<meta property=\"og:description\" content=\"Qantu, is a bean to bar chocolate maker from Canada. This fine chocolate bar is made with cocoa from Peru (Pangoa, Junin). Qantu Peru sea buckthorn white chocolate 38% is a white chocolate with a pleasantly acidic taste, with aromatic notes of honey, mango, passion fruit, sea buckthorn, cream.  &nbsp;  .\" \/>\n<meta property=\"og:url\" content=\"https:\/\/www.chocolate7.com\/en\/shop\/bar\/flavoured-filled-inclusions-white-chocolate\/qantu-peru-piura-milk-oh-la-vache-copy\/\" \/>\n<meta property=\"og:site_name\" content=\"Chocolate7\" \/>\n<meta property=\"article:publisher\" content=\"https:\/\/www.facebook.com\/cremino.gianduia.1\" \/>\n<meta property=\"article:modified_time\" content=\"2024-05-24T15:22:41+00:00\" \/>\n<meta property=\"og:image\" content=\"https:\/\/www.chocolate7.com\/wp-content\/uploads\/2024\/05\/Screenshot_20240524_165458_Instagram-e1716563075493.jpg\" \/>\n\t<meta property=\"og:image:width\" content=\"1080\" \/>\n\t<meta property=\"og:image:height\" content=\"1079\" \/>\n\t<meta property=\"og:image:type\" content=\"image\/jpeg\" \/>\n<meta name=\"twitter:card\" content=\"summary_large_image\" \/>\n<meta name=\"twitter:site\" content=\"@GianduiaCremino\" \/>\n<script type=\"application\/ld+json\" class=\"yoast-schema-graph\">{\"@context\":\"https:\/\/schema.org\",\"@graph\":[{\"@type\":\"WebPage\",\"@id\":\"https:\/\/www.chocolate7.com\/en\/shop\/bar\/flavoured-filled-inclusions-white-chocolate\/qantu-peru-piura-milk-oh-la-vache-copy\/\",\"url\":\"https:\/\/www.chocolate7.com\/en\/shop\/bar\/flavoured-filled-inclusions-white-chocolate\/qantu-peru-piura-milk-oh-la-vache-copy\/\",\"name\":\"Qantu Peru sea buckthorn white chocolate - Chocolate7\",\"isPartOf\":{\"@id\":\"https:\/\/www.chocolate7.com\/#website\"},\"primaryImageOfPage\":{\"@id\":\"https:\/\/www.chocolate7.com\/en\/shop\/bar\/flavoured-filled-inclusions-white-chocolate\/qantu-peru-piura-milk-oh-la-vache-copy\/#primaryimage\"},\"image\":{\"@id\":\"https:\/\/www.chocolate7.com\/en\/shop\/bar\/flavoured-filled-inclusions-white-chocolate\/qantu-peru-piura-milk-oh-la-vache-copy\/#primaryimage\"},\"thumbnailUrl\":\"https:\/\/www.chocolate7.com\/wp-content\/uploads\/2024\/05\/Screenshot_20240524_165458_Instagram-e1716563075493.jpg\",\"datePublished\":\"2024-05-24T14:30:18+00:00\",\"dateModified\":\"2024-05-24T15:22:41+00:00\",\"breadcrumb\":{\"@id\":\"https:\/\/www.chocolate7.com\/en\/shop\/bar\/flavoured-filled-inclusions-white-chocolate\/qantu-peru-piura-milk-oh-la-vache-copy\/#breadcrumb\"},\"inLanguage\":\"en-US\",\"potentialAction\":[{\"@type\":\"ReadAction\",\"target\":[\"https:\/\/www.chocolate7.com\/en\/shop\/bar\/flavoured-filled-inclusions-white-chocolate\/qantu-peru-piura-milk-oh-la-vache-copy\/\"]}]},{\"@type\":\"ImageObject\",\"inLanguage\":\"en-US\",\"@id\":\"https:\/\/www.chocolate7.com\/en\/shop\/bar\/flavoured-filled-inclusions-white-chocolate\/qantu-peru-piura-milk-oh-la-vache-copy\/#primaryimage\",\"url\":\"https:\/\/www.chocolate7.com\/wp-content\/uploads\/2024\/05\/Screenshot_20240524_165458_Instagram-e1716563075493.jpg\",\"contentUrl\":\"https:\/\/www.chocolate7.com\/wp-content\/uploads\/2024\/05\/Screenshot_20240524_165458_Instagram-e1716563075493.jpg\",\"width\":600,\"height\":599},{\"@type\":\"BreadcrumbList\",\"@id\":\"https:\/\/www.chocolate7.com\/en\/shop\/bar\/flavoured-filled-inclusions-white-chocolate\/qantu-peru-piura-milk-oh-la-vache-copy\/#breadcrumb\",\"itemListElement\":[{\"@type\":\"ListItem\",\"position\":1,\"name\":\"Home\",\"item\":\"https:\/\/www.chocolate7.com\/en\/\"},{\"@type\":\"ListItem\",\"position\":2,\"name\":\"Shop\",\"item\":\"https:\/\/www.chocolate7.com\/en\/store\/\"},{\"@type\":\"ListItem\",\"position\":3,\"name\":\"Qantu Peru sea buckthorn white chocolate\"}]},{\"@type\":\"WebSite\",\"@id\":\"https:\/\/www.chocolate7.com\/#website\",\"url\":\"https:\/\/www.chocolate7.com\/\",\"name\":\"Chocolate7\",\"description\":\"The fine &amp; luxury chocolate selection\",\"publisher\":{\"@id\":\"https:\/\/www.chocolate7.com\/#organization\"},\"potentialAction\":[{\"@type\":\"SearchAction\",\"target\":{\"@type\":\"EntryPoint\",\"urlTemplate\":\"https:\/\/www.chocolate7.com\/?s={search_term_string}\"},\"query-input\":\"required name=search_term_string\"}],\"inLanguage\":\"en-US\"},{\"@type\":\"Organization\",\"@id\":\"https:\/\/www.chocolate7.com\/#organization\",\"name\":\"Choc7 di Benedetto Giovanni\",\"url\":\"https:\/\/www.chocolate7.com\/\",\"logo\":{\"@type\":\"ImageObject\",\"inLanguage\":\"en-US\",\"@id\":\"https:\/\/www.chocolate7.com\/#\/schema\/logo\/image\/\",\"url\":\"https:\/\/www.chocolate7.com\/wp-content\/uploads\/2018\/10\/logo_chocolate.png\",\"contentUrl\":\"https:\/\/www.chocolate7.com\/wp-content\/uploads\/2018\/10\/logo_chocolate.png\",\"width\":200,\"height\":41,\"caption\":\"Choc7 di Benedetto Giovanni\"},\"image\":{\"@id\":\"https:\/\/www.chocolate7.com\/#\/schema\/logo\/image\/\"},\"sameAs\":[\"https:\/\/www.facebook.com\/cremino.gianduia.1\",\"https:\/\/x.com\/GianduiaCremino\",\"https:\/\/www.instagram.com\/creminogianduia\/\",\"https:\/\/www.pinterest.com.au\/creminogianduia\/\",\"https:\/\/www.youtube.com\/channel\/UCWFQlcc9EQnAsLkD8rBsgig\"]}]}<\/script>\n<!-- \/ Yoast SEO plugin. -->","yoast_head_json":{"title":"Qantu Peru sea buckthorn white chocolate - Chocolate7","robots":{"index":"index","follow":"follow","max-snippet":"max-snippet:-1","max-image-preview":"max-image-preview:large","max-video-preview":"max-video-preview:-1"},"canonical":"https:\/\/www.chocolate7.com\/en\/shop\/bar\/flavoured-filled-inclusions-white-chocolate\/qantu-peru-piura-milk-oh-la-vache-copy\/","og_locale":"en_US","og_type":"article","og_title":"Qantu Peru sea buckthorn white chocolate - Chocolate7","og_description":"Qantu, is a bean to bar chocolate maker from Canada. This fine chocolate bar is made with cocoa from Peru (Pangoa, Junin). Qantu Peru sea buckthorn white chocolate 38% is a white chocolate with a pleasantly acidic taste, with aromatic notes of honey, mango, passion fruit, sea buckthorn, cream.  &nbsp;  .","og_url":"https:\/\/www.chocolate7.com\/en\/shop\/bar\/flavoured-filled-inclusions-white-chocolate\/qantu-peru-piura-milk-oh-la-vache-copy\/","og_site_name":"Chocolate7","article_publisher":"https:\/\/www.facebook.com\/cremino.gianduia.1","article_modified_time":"2024-05-24T15:22:41+00:00","og_image":[{"width":1080,"height":1079,"url":"https:\/\/www.chocolate7.com\/wp-content\/uploads\/2024\/05\/Screenshot_20240524_165458_Instagram-e1716563075493.jpg","type":"image\/jpeg"}],"twitter_card":"summary_large_image","twitter_site":"@GianduiaCremino","schema":{"@context":"https:\/\/schema.org","@graph":[{"@type":"WebPage","@id":"https:\/\/www.chocolate7.com\/en\/shop\/bar\/flavoured-filled-inclusions-white-chocolate\/qantu-peru-piura-milk-oh-la-vache-copy\/","url":"https:\/\/www.chocolate7.com\/en\/shop\/bar\/flavoured-filled-inclusions-white-chocolate\/qantu-peru-piura-milk-oh-la-vache-copy\/","name":"Qantu Peru sea buckthorn white chocolate - Chocolate7","isPartOf":{"@id":"https:\/\/www.chocolate7.com\/#website"},"primaryImageOfPage":{"@id":"https:\/\/www.chocolate7.com\/en\/shop\/bar\/flavoured-filled-inclusions-white-chocolate\/qantu-peru-piura-milk-oh-la-vache-copy\/#primaryimage"},"image":{"@id":"https:\/\/www.chocolate7.com\/en\/shop\/bar\/flavoured-filled-inclusions-white-chocolate\/qantu-peru-piura-milk-oh-la-vache-copy\/#primaryimage"},"thumbnailUrl":"https:\/\/www.chocolate7.com\/wp-content\/uploads\/2024\/05\/Screenshot_20240524_165458_Instagram-e1716563075493.jpg","datePublished":"2024-05-24T14:30:18+00:00","dateModified":"2024-05-24T15:22:41+00:00","breadcrumb":{"@id":"https:\/\/www.chocolate7.com\/en\/shop\/bar\/flavoured-filled-inclusions-white-chocolate\/qantu-peru-piura-milk-oh-la-vache-copy\/#breadcrumb"},"inLanguage":"en-US","potentialAction":[{"@type":"ReadAction","target":["https:\/\/www.chocolate7.com\/en\/shop\/bar\/flavoured-filled-inclusions-white-chocolate\/qantu-peru-piura-milk-oh-la-vache-copy\/"]}]},{"@type":"ImageObject","inLanguage":"en-US","@id":"https:\/\/www.chocolate7.com\/en\/shop\/bar\/flavoured-filled-inclusions-white-chocolate\/qantu-peru-piura-milk-oh-la-vache-copy\/#primaryimage","url":"https:\/\/www.chocolate7.com\/wp-content\/uploads\/2024\/05\/Screenshot_20240524_165458_Instagram-e1716563075493.jpg","contentUrl":"https:\/\/www.chocolate7.com\/wp-content\/uploads\/2024\/05\/Screenshot_20240524_165458_Instagram-e1716563075493.jpg","width":600,"height":599},{"@type":"BreadcrumbList","@id":"https:\/\/www.chocolate7.com\/en\/shop\/bar\/flavoured-filled-inclusions-white-chocolate\/qantu-peru-piura-milk-oh-la-vache-copy\/#breadcrumb","itemListElement":[{"@type":"ListItem","position":1,"name":"Home","item":"https:\/\/www.chocolate7.com\/en\/"},{"@type":"ListItem","position":2,"name":"Shop","item":"https:\/\/www.chocolate7.com\/en\/store\/"},{"@type":"ListItem","position":3,"name":"Qantu Peru sea buckthorn white chocolate"}]},{"@type":"WebSite","@id":"https:\/\/www.chocolate7.com\/#website","url":"https:\/\/www.chocolate7.com\/","name":"Chocolate7","description":"The fine &amp; luxury chocolate selection","publisher":{"@id":"https:\/\/www.chocolate7.com\/#organization"},"potentialAction":[{"@type":"SearchAction","target":{"@type":"EntryPoint","urlTemplate":"https:\/\/www.chocolate7.com\/?s={search_term_string}"},"query-input":"required name=search_term_string"}],"inLanguage":"en-US"},{"@type":"Organization","@id":"https:\/\/www.chocolate7.com\/#organization","name":"Choc7 di Benedetto Giovanni","url":"https:\/\/www.chocolate7.com\/","logo":{"@type":"ImageObject","inLanguage":"en-US","@id":"https:\/\/www.chocolate7.com\/#\/schema\/logo\/image\/","url":"https:\/\/www.chocolate7.com\/wp-content\/uploads\/2018\/10\/logo_chocolate.png","contentUrl":"https:\/\/www.chocolate7.com\/wp-content\/uploads\/2018\/10\/logo_chocolate.png","width":200,"height":41,"caption":"Choc7 di Benedetto Giovanni"},"image":{"@id":"https:\/\/www.chocolate7.com\/#\/schema\/logo\/image\/"},"sameAs":["https:\/\/www.facebook.com\/cremino.gianduia.1","https:\/\/x.com\/GianduiaCremino","https:\/\/www.instagram.com\/creminogianduia\/","https:\/\/www.pinterest.com.au\/creminogianduia\/","https:\/\/www.youtube.com\/channel\/UCWFQlcc9EQnAsLkD8rBsgig"]}]}},"brands":[{"id":3456,"name":"Quantu","slug":"quantu"}],"_links":{"self":[{"href":"https:\/\/www.chocolate7.com\/en\/wp-json\/wp\/v2\/product\/33727","targetHints":{"allow":["GET"]}}],"collection":[{"href":"https:\/\/www.chocolate7.com\/en\/wp-json\/wp\/v2\/product"}],"about":[{"href":"https:\/\/www.chocolate7.com\/en\/wp-json\/wp\/v2\/types\/product"}],"wp:featuredmedia":[{"embeddable":true,"href":"https:\/\/www.chocolate7.com\/en\/wp-json\/wp\/v2\/media\/33729"}],"wp:attachment":[{"href":"https:\/\/www.chocolate7.com\/en\/wp-json\/wp\/v2\/media?parent=33727"}],"wp:term":[{"taxonomy":"pwb-brand","embeddable":true,"href":"https:\/\/www.chocolate7.com\/en\/wp-json\/wp\/v2\/pwb-brand?post=33727"},{"taxonomy":"product_brand","embeddable":true,"href":"https:\/\/www.chocolate7.com\/en\/wp-json\/wp\/v2\/product_brand?post=33727"},{"taxonomy":"product_cat","embeddable":true,"href":"https:\/\/www.chocolate7.com\/en\/wp-json\/wp\/v2\/product_cat?post=33727"},{"taxonomy":"product_tag","embeddable":true,"href":"https:\/\/www.chocolate7.com\/en\/wp-json\/wp\/v2\/product_tag?post=33727"},{"taxonomy":"giftcard-category","embeddable":true,"href":"https:\/\/www.chocolate7.com\/en\/wp-json\/wp\/v2\/giftcard-category?post=33727"}],"curies":[{"name":"wp","href":"https:\/\/api.w.org\/{rel}","templated":true}]}}