{"id":33936,"date":"2024-10-11T13:44:54","date_gmt":"2024-10-11T11:44:55","guid":{"rendered":"https:\/\/www.chocolate7.com\/?post_type=product&#038;p=33936"},"modified":"2024-10-11T14:24:07","modified_gmt":"2024-10-11T12:24:07","slug":"racine-carree-peru-alto-miro-milk-copia","status":"publish","type":"product","link":"https:\/\/www.chocolate7.com\/en\/shop\/bar\/vegan-milk\/racine-carree-peru-alto-miro-milk-copia\/","title":{"rendered":"Racine Carr\u00e9e Peru Alto Miro vegan milk"},"content":{"rendered":"<p style=\"text-align: left\">Vegan milk chocolate bar &#8211; Made by Racine Carr\u00e9e<\/p>\n<h2 class=\"bubble-element Text baTaNaVaH0\">Le majambo broy\u00e9 remplace le lait et apporte \u00e0 cette tablette une note tr\u00e8s v\u00e9g\u00e9tale. Doux et aux saveurs d\u2019amandes fra\u00eeches, ce chocolat est une exp\u00e9rience \u00e0 d\u00e9couvrir.<\/h2>\n<p>Le majambo, de son nom scientifique \u201ctheobroma bicolor\u201d est un cousin du cacao. Rare, il est \u00e9galement appel\u00e9 fruit du jaguar, et produit des cabosses qui contiennent des f\u00e8ves.<\/p>\n<p>Broy\u00e9es, puis en poudre, elles sont une excellente alternative au lait classique et apportent de la douceur au chocolat.<\/p>\n","protected":false},"excerpt":{"rendered":"<p>Racine Carr\u00e9e is a bean to bar chocolate maker from France. This fine chocolate bar is made with cocoa from Peru (Alto Miro). Racine Carr\u00e9e Peru Alto Miro vegan milk 60% is a vegan milk chocolate (majambo) with a pleasantly sweet taste, with aromatic notes of almond, vanilla, caramel.<\/p>\n<p>Majambo, with its scientific name \u201ctheobroma bicolor\u201d is a cousin of cocoa. Rare, it is also called jaguar fruit and produces pods that contain beans. Crushed and then reduced to powder, they are an excellent alternative to classic milk and add sweetness to chocolate. The crushed majambo gives this bar a very vegetal note. Soft and with a fresh almond flavor, this chocolate is an experience to discover.<\/p>\n<h2 class=\"bubble-element Text baTaNaVaH0\"><\/h2>\n<p>&nbsp;<\/p>\n<p>&nbsp;<\/p>\n<h2 class=\"bubble-element Text baTaNaVaH0\"><\/h2>\n<h2 class=\"bubble-element Text baTaNaVaH0\"><\/h2>\n<p>&nbsp;<\/p>\n","protected":false},"featured_media":33938,"template":"","meta":[],"pwb-brand":[13182],"product_brand":[],"product_cat":[3251,7565],"product_tag":[],"giftcard-category":[],"class_list":{"0":"post-33936","1":"product","2":"type-product","3":"status-publish","4":"has-post-thumbnail","6":"pwb-brand-racine-carree-en","7":"product_cat-bar","8":"product_cat-vegan-milk","9":"pa_acidita-0-en","10":"pa_allergeni-may-contain-traces-of-nuts-and-milk-en-2","11":"pa_amarezza-2-en","12":"pa_astringenza-1-en","13":"pa_cacao-60-69-en","14":"pa_carboidrati-2882-g-en","15":"pa_carboidrati-zuccheri-2020-g-en","16":"pa_dolcezza-3-en","17":"pa_fibre-1105-g-en","18":"pa_grassi-463-g-en","19":"pa_grassi-saturi-215-g-en","20":"pa_ingredienti-cocoa-beans-majambo-sugar-cocoa-butter","21":"pa_note-di-degustazione-almond-vanilla-caramel","22":"pa_paese-delle-fave-di-cacao-peru-en","23":"pa_paese-produttore-france","24":"pa_percentuale-di-cacao-60-en","25":"pa_proteine-1025-g-en","26":"pa_regione-alto-miro-en","27":"pa_sale-004-g-en","28":"pa_tipo-di-cioccolato-vegan-milk","29":"pa_valore-energetico-59210-kcal-245344-kj-en","31":"first","32":"outofstock","33":"taxable","34":"shipping-taxable","35":"purchasable","36":"product-type-simple"},"yoast_head":"<!-- This site is optimized with the Yoast SEO plugin v23.3 - https:\/\/yoast.com\/wordpress\/plugins\/seo\/ -->\n<title>Racine Carr\u00e9e Peru Alto Miro vegan milk - Chocolate7<\/title>\n<meta name=\"robots\" content=\"index, follow, max-snippet:-1, max-image-preview:large, max-video-preview:-1\" \/>\n<link rel=\"canonical\" href=\"https:\/\/www.chocolate7.com\/en\/shop\/bar\/vegan-milk\/racine-carree-peru-alto-miro-milk-copia\/\" \/>\n<meta property=\"og:locale\" content=\"en_US\" \/>\n<meta property=\"og:type\" content=\"article\" \/>\n<meta property=\"og:title\" content=\"Racine Carr\u00e9e Peru Alto Miro vegan milk - Chocolate7\" \/>\n<meta property=\"og:description\" content=\"Racine Carr\u00e9e is a bean to bar chocolate maker from France. This fine chocolate bar is made with cocoa from Peru (Alto Miro). Racine Carr\u00e9e Peru Alto Miro vegan milk 60% is a vegan milk chocolate (majambo) with a pleasantly sweet taste, with aromatic notes of almond, vanilla, caramel.  Majambo, with its scientific name \u201ctheobroma bicolor\u201d is a cousin of cocoa. Rare, it is also called jaguar fruit and produces pods that contain beans. Crushed and then reduced to powder, they are an excellent alternative to classic milk and add sweetness to chocolate. The crushed majambo gives this bar a very vegetal note. Soft and with a fresh almond flavor, this chocolate is an experience to discover.  &nbsp;  &nbsp;   &nbsp;\" \/>\n<meta property=\"og:url\" content=\"https:\/\/www.chocolate7.com\/en\/shop\/bar\/vegan-milk\/racine-carree-peru-alto-miro-milk-copia\/\" \/>\n<meta property=\"og:site_name\" content=\"Chocolate7\" \/>\n<meta property=\"article:publisher\" content=\"https:\/\/www.facebook.com\/cremino.gianduia.1\" \/>\n<meta property=\"article:modified_time\" content=\"2024-10-11T12:24:07+00:00\" \/>\n<meta property=\"og:image\" content=\"https:\/\/www.chocolate7.com\/wp-content\/uploads\/2024\/10\/Screenshot_20241011_132722_Instagram-e1728648652920.jpg\" \/>\n\t<meta property=\"og:image:width\" content=\"1080\" \/>\n\t<meta property=\"og:image:height\" content=\"1037\" \/>\n\t<meta property=\"og:image:type\" content=\"image\/jpeg\" \/>\n<meta name=\"twitter:card\" content=\"summary_large_image\" \/>\n<meta name=\"twitter:site\" content=\"@GianduiaCremino\" \/>\n<script type=\"application\/ld+json\" class=\"yoast-schema-graph\">{\"@context\":\"https:\/\/schema.org\",\"@graph\":[{\"@type\":\"WebPage\",\"@id\":\"https:\/\/www.chocolate7.com\/en\/shop\/bar\/vegan-milk\/racine-carree-peru-alto-miro-milk-copia\/\",\"url\":\"https:\/\/www.chocolate7.com\/en\/shop\/bar\/vegan-milk\/racine-carree-peru-alto-miro-milk-copia\/\",\"name\":\"Racine Carr\u00e9e Peru Alto Miro vegan milk - Chocolate7\",\"isPartOf\":{\"@id\":\"https:\/\/www.chocolate7.com\/#website\"},\"primaryImageOfPage\":{\"@id\":\"https:\/\/www.chocolate7.com\/en\/shop\/bar\/vegan-milk\/racine-carree-peru-alto-miro-milk-copia\/#primaryimage\"},\"image\":{\"@id\":\"https:\/\/www.chocolate7.com\/en\/shop\/bar\/vegan-milk\/racine-carree-peru-alto-miro-milk-copia\/#primaryimage\"},\"thumbnailUrl\":\"https:\/\/www.chocolate7.com\/wp-content\/uploads\/2024\/10\/Screenshot_20241011_132722_Instagram-e1728648652920.jpg\",\"datePublished\":\"2024-10-11T11:44:55+00:00\",\"dateModified\":\"2024-10-11T12:24:07+00:00\",\"breadcrumb\":{\"@id\":\"https:\/\/www.chocolate7.com\/en\/shop\/bar\/vegan-milk\/racine-carree-peru-alto-miro-milk-copia\/#breadcrumb\"},\"inLanguage\":\"en-US\",\"potentialAction\":[{\"@type\":\"ReadAction\",\"target\":[\"https:\/\/www.chocolate7.com\/en\/shop\/bar\/vegan-milk\/racine-carree-peru-alto-miro-milk-copia\/\"]}]},{\"@type\":\"ImageObject\",\"inLanguage\":\"en-US\",\"@id\":\"https:\/\/www.chocolate7.com\/en\/shop\/bar\/vegan-milk\/racine-carree-peru-alto-miro-milk-copia\/#primaryimage\",\"url\":\"https:\/\/www.chocolate7.com\/wp-content\/uploads\/2024\/10\/Screenshot_20241011_132722_Instagram-e1728648652920.jpg\",\"contentUrl\":\"https:\/\/www.chocolate7.com\/wp-content\/uploads\/2024\/10\/Screenshot_20241011_132722_Instagram-e1728648652920.jpg\",\"width\":600,\"height\":576},{\"@type\":\"BreadcrumbList\",\"@id\":\"https:\/\/www.chocolate7.com\/en\/shop\/bar\/vegan-milk\/racine-carree-peru-alto-miro-milk-copia\/#breadcrumb\",\"itemListElement\":[{\"@type\":\"ListItem\",\"position\":1,\"name\":\"Home\",\"item\":\"https:\/\/www.chocolate7.com\/en\/\"},{\"@type\":\"ListItem\",\"position\":2,\"name\":\"Shop\",\"item\":\"https:\/\/www.chocolate7.com\/en\/store\/\"},{\"@type\":\"ListItem\",\"position\":3,\"name\":\"Racine Carr\u00e9e Peru Alto Miro vegan milk\"}]},{\"@type\":\"WebSite\",\"@id\":\"https:\/\/www.chocolate7.com\/#website\",\"url\":\"https:\/\/www.chocolate7.com\/\",\"name\":\"Chocolate7\",\"description\":\"The fine &amp; luxury chocolate selection\",\"publisher\":{\"@id\":\"https:\/\/www.chocolate7.com\/#organization\"},\"potentialAction\":[{\"@type\":\"SearchAction\",\"target\":{\"@type\":\"EntryPoint\",\"urlTemplate\":\"https:\/\/www.chocolate7.com\/?s={search_term_string}\"},\"query-input\":\"required name=search_term_string\"}],\"inLanguage\":\"en-US\"},{\"@type\":\"Organization\",\"@id\":\"https:\/\/www.chocolate7.com\/#organization\",\"name\":\"Choc7 di Benedetto Giovanni\",\"url\":\"https:\/\/www.chocolate7.com\/\",\"logo\":{\"@type\":\"ImageObject\",\"inLanguage\":\"en-US\",\"@id\":\"https:\/\/www.chocolate7.com\/#\/schema\/logo\/image\/\",\"url\":\"https:\/\/www.chocolate7.com\/wp-content\/uploads\/2018\/10\/logo_chocolate.png\",\"contentUrl\":\"https:\/\/www.chocolate7.com\/wp-content\/uploads\/2018\/10\/logo_chocolate.png\",\"width\":200,\"height\":41,\"caption\":\"Choc7 di Benedetto Giovanni\"},\"image\":{\"@id\":\"https:\/\/www.chocolate7.com\/#\/schema\/logo\/image\/\"},\"sameAs\":[\"https:\/\/www.facebook.com\/cremino.gianduia.1\",\"https:\/\/x.com\/GianduiaCremino\",\"https:\/\/www.instagram.com\/creminogianduia\/\",\"https:\/\/www.pinterest.com.au\/creminogianduia\/\",\"https:\/\/www.youtube.com\/channel\/UCWFQlcc9EQnAsLkD8rBsgig\"]}]}<\/script>\n<!-- \/ Yoast SEO plugin. -->","yoast_head_json":{"title":"Racine Carr\u00e9e Peru Alto Miro vegan milk - Chocolate7","robots":{"index":"index","follow":"follow","max-snippet":"max-snippet:-1","max-image-preview":"max-image-preview:large","max-video-preview":"max-video-preview:-1"},"canonical":"https:\/\/www.chocolate7.com\/en\/shop\/bar\/vegan-milk\/racine-carree-peru-alto-miro-milk-copia\/","og_locale":"en_US","og_type":"article","og_title":"Racine Carr\u00e9e Peru Alto Miro vegan milk - Chocolate7","og_description":"Racine Carr\u00e9e is a bean to bar chocolate maker from France. This fine chocolate bar is made with cocoa from Peru (Alto Miro). Racine Carr\u00e9e Peru Alto Miro vegan milk 60% is a vegan milk chocolate (majambo) with a pleasantly sweet taste, with aromatic notes of almond, vanilla, caramel.  Majambo, with its scientific name \u201ctheobroma bicolor\u201d is a cousin of cocoa. Rare, it is also called jaguar fruit and produces pods that contain beans. Crushed and then reduced to powder, they are an excellent alternative to classic milk and add sweetness to chocolate. The crushed majambo gives this bar a very vegetal note. Soft and with a fresh almond flavor, this chocolate is an experience to discover.  &nbsp;  &nbsp;   &nbsp;","og_url":"https:\/\/www.chocolate7.com\/en\/shop\/bar\/vegan-milk\/racine-carree-peru-alto-miro-milk-copia\/","og_site_name":"Chocolate7","article_publisher":"https:\/\/www.facebook.com\/cremino.gianduia.1","article_modified_time":"2024-10-11T12:24:07+00:00","og_image":[{"width":1080,"height":1037,"url":"https:\/\/www.chocolate7.com\/wp-content\/uploads\/2024\/10\/Screenshot_20241011_132722_Instagram-e1728648652920.jpg","type":"image\/jpeg"}],"twitter_card":"summary_large_image","twitter_site":"@GianduiaCremino","schema":{"@context":"https:\/\/schema.org","@graph":[{"@type":"WebPage","@id":"https:\/\/www.chocolate7.com\/en\/shop\/bar\/vegan-milk\/racine-carree-peru-alto-miro-milk-copia\/","url":"https:\/\/www.chocolate7.com\/en\/shop\/bar\/vegan-milk\/racine-carree-peru-alto-miro-milk-copia\/","name":"Racine Carr\u00e9e Peru Alto Miro vegan milk - Chocolate7","isPartOf":{"@id":"https:\/\/www.chocolate7.com\/#website"},"primaryImageOfPage":{"@id":"https:\/\/www.chocolate7.com\/en\/shop\/bar\/vegan-milk\/racine-carree-peru-alto-miro-milk-copia\/#primaryimage"},"image":{"@id":"https:\/\/www.chocolate7.com\/en\/shop\/bar\/vegan-milk\/racine-carree-peru-alto-miro-milk-copia\/#primaryimage"},"thumbnailUrl":"https:\/\/www.chocolate7.com\/wp-content\/uploads\/2024\/10\/Screenshot_20241011_132722_Instagram-e1728648652920.jpg","datePublished":"2024-10-11T11:44:55+00:00","dateModified":"2024-10-11T12:24:07+00:00","breadcrumb":{"@id":"https:\/\/www.chocolate7.com\/en\/shop\/bar\/vegan-milk\/racine-carree-peru-alto-miro-milk-copia\/#breadcrumb"},"inLanguage":"en-US","potentialAction":[{"@type":"ReadAction","target":["https:\/\/www.chocolate7.com\/en\/shop\/bar\/vegan-milk\/racine-carree-peru-alto-miro-milk-copia\/"]}]},{"@type":"ImageObject","inLanguage":"en-US","@id":"https:\/\/www.chocolate7.com\/en\/shop\/bar\/vegan-milk\/racine-carree-peru-alto-miro-milk-copia\/#primaryimage","url":"https:\/\/www.chocolate7.com\/wp-content\/uploads\/2024\/10\/Screenshot_20241011_132722_Instagram-e1728648652920.jpg","contentUrl":"https:\/\/www.chocolate7.com\/wp-content\/uploads\/2024\/10\/Screenshot_20241011_132722_Instagram-e1728648652920.jpg","width":600,"height":576},{"@type":"BreadcrumbList","@id":"https:\/\/www.chocolate7.com\/en\/shop\/bar\/vegan-milk\/racine-carree-peru-alto-miro-milk-copia\/#breadcrumb","itemListElement":[{"@type":"ListItem","position":1,"name":"Home","item":"https:\/\/www.chocolate7.com\/en\/"},{"@type":"ListItem","position":2,"name":"Shop","item":"https:\/\/www.chocolate7.com\/en\/store\/"},{"@type":"ListItem","position":3,"name":"Racine Carr\u00e9e Peru Alto Miro vegan milk"}]},{"@type":"WebSite","@id":"https:\/\/www.chocolate7.com\/#website","url":"https:\/\/www.chocolate7.com\/","name":"Chocolate7","description":"The fine &amp; luxury chocolate selection","publisher":{"@id":"https:\/\/www.chocolate7.com\/#organization"},"potentialAction":[{"@type":"SearchAction","target":{"@type":"EntryPoint","urlTemplate":"https:\/\/www.chocolate7.com\/?s={search_term_string}"},"query-input":"required name=search_term_string"}],"inLanguage":"en-US"},{"@type":"Organization","@id":"https:\/\/www.chocolate7.com\/#organization","name":"Choc7 di Benedetto Giovanni","url":"https:\/\/www.chocolate7.com\/","logo":{"@type":"ImageObject","inLanguage":"en-US","@id":"https:\/\/www.chocolate7.com\/#\/schema\/logo\/image\/","url":"https:\/\/www.chocolate7.com\/wp-content\/uploads\/2018\/10\/logo_chocolate.png","contentUrl":"https:\/\/www.chocolate7.com\/wp-content\/uploads\/2018\/10\/logo_chocolate.png","width":200,"height":41,"caption":"Choc7 di Benedetto Giovanni"},"image":{"@id":"https:\/\/www.chocolate7.com\/#\/schema\/logo\/image\/"},"sameAs":["https:\/\/www.facebook.com\/cremino.gianduia.1","https:\/\/x.com\/GianduiaCremino","https:\/\/www.instagram.com\/creminogianduia\/","https:\/\/www.pinterest.com.au\/creminogianduia\/","https:\/\/www.youtube.com\/channel\/UCWFQlcc9EQnAsLkD8rBsgig"]}]}},"brands":[{"id":13182,"name":"Racine Carr\u00e9e","slug":"racine-carree-en"}],"_links":{"self":[{"href":"https:\/\/www.chocolate7.com\/en\/wp-json\/wp\/v2\/product\/33936","targetHints":{"allow":["GET"]}}],"collection":[{"href":"https:\/\/www.chocolate7.com\/en\/wp-json\/wp\/v2\/product"}],"about":[{"href":"https:\/\/www.chocolate7.com\/en\/wp-json\/wp\/v2\/types\/product"}],"wp:featuredmedia":[{"embeddable":true,"href":"https:\/\/www.chocolate7.com\/en\/wp-json\/wp\/v2\/media\/33938"}],"wp:attachment":[{"href":"https:\/\/www.chocolate7.com\/en\/wp-json\/wp\/v2\/media?parent=33936"}],"wp:term":[{"taxonomy":"pwb-brand","embeddable":true,"href":"https:\/\/www.chocolate7.com\/en\/wp-json\/wp\/v2\/pwb-brand?post=33936"},{"taxonomy":"product_brand","embeddable":true,"href":"https:\/\/www.chocolate7.com\/en\/wp-json\/wp\/v2\/product_brand?post=33936"},{"taxonomy":"product_cat","embeddable":true,"href":"https:\/\/www.chocolate7.com\/en\/wp-json\/wp\/v2\/product_cat?post=33936"},{"taxonomy":"product_tag","embeddable":true,"href":"https:\/\/www.chocolate7.com\/en\/wp-json\/wp\/v2\/product_tag?post=33936"},{"taxonomy":"giftcard-category","embeddable":true,"href":"https:\/\/www.chocolate7.com\/en\/wp-json\/wp\/v2\/giftcard-category?post=33936"}],"curies":[{"name":"wp","href":"https:\/\/api.w.org\/{rel}","templated":true}]}}