{"id":34013,"date":"2024-10-31T19:17:29","date_gmt":"2024-10-31T18:17:29","guid":{"rendered":"https:\/\/www.chocolate7.com\/?post_type=product&#038;p=34013"},"modified":"2024-11-01T12:07:37","modified_gmt":"2024-11-01T11:07:37","slug":"luisa-abram-brazil-rio-acara-copia","status":"publish","type":"product","link":"https:\/\/www.chocolate7.com\/en\/shop\/bar\/dark-chocolate-en-2\/luisa-abram-brazil-rio-acara-copia\/","title":{"rendered":"Luisa Abram Brazil Rio Acar\u00e0"},"content":{"rendered":"<p style=\"text-align: left\">Dark chocolate bar &#8211; Made by Luisa Abram<\/p>\n<p>Na Bacia Hidrogr\u00e1fica do Baixo Amazonas, o cacau comprado de v\u00e1rias fam\u00edlia \u00e0s margens dos Rios Acar\u00e1 e Arauaia, \u00e9 fermentado por mulheres de duas dessas fam\u00edlias, no processo mais artesanal dentre os que integram o portif\u00f3lio da Luisa Abram Chocolates. Nessa regi\u00e3o, a extra\u00e7\u00e3o do a\u00e7ai representa a principal atividade, seguida pela do cacau, que tem crescido bastante. Esse cacau pertence \u00e0 fam\u00edlia dos amelonados, e possui alta pureza gen\u00e9tica. Nessa \u00e1rea, h\u00e1 grande ocorr\u00eancia de cupua\u00e7u e tamb\u00e9m podemos encontrar a rara baunilha amaz\u00f4nica selvagem.<\/p>\n<p>A embalagem vem com duas barras de 40g cada embaladas separadamente, totalizando 80g de chocolate. Assim voc\u00ea n\u00e3o precisa abrir seu chocolate todo de uma vez e pode consumir ele com a qualidade 100% em outro momento!<\/p>\n","protected":false},"excerpt":{"rendered":"<p>Luisa Abram is a bean to bar chocolate maker from Brazil. This fine chocolate bar is made with cocoa from Brazil (Rio Acar\u00e0). Luisa Abram Brazil Rio Acar\u00e0 81% is a dark chocolate with a balanced taste, with floral aromatic notes of pineapple, toasted macadamia, chestnuts, savory, fresh cheese, caramel, cloves.<\/p>\n<p>&nbsp;<\/p>\n","protected":false},"featured_media":34015,"template":"","meta":[],"pwb-brand":[3402],"product_brand":[],"product_cat":[3251,3255],"product_tag":[],"giftcard-category":[],"class_list":{"0":"post-34013","1":"product","2":"type-product","3":"status-publish","4":"has-post-thumbnail","6":"pwb-brand-luisa-abram-en","7":"product_cat-bar","8":"product_cat-dark-chocolate-en-2","9":"pa_acidita-3-en","10":"pa_allergeni-may-contain-traces-of-milk-and-nuts-gluten-free-en","11":"pa_amarezza-4-en","12":"pa_astringenza-1-en","13":"pa_cacao-80-89-en","14":"pa_carboidrati-24-g-en","15":"pa_carboidrati-zuccheri-19-g-en-2","16":"pa_codice-a-barre-7898960562026-en","17":"pa_conservazione-after-opening-consume-within-7-days-store-the-chocolate-between-18-c-and-20-c-away-from-the-sun-sources-of-heat-and-humidity","18":"pa_dolcezza-3-en","19":"pa_fibre-0-g-en","20":"pa_grassi-45-g-en","21":"pa_grassi-saturi-28-g-en","22":"pa_ingredienti-cocoa-mass-organic-cane-sugar-and-cocoa-butter","23":"pa_note-di-degustazione-floral-notes-pineapple-toasted-macadamia-chestnuts-savory-fresh-cheese-caramel-cloves","24":"pa_paese-delle-fave-di-cacao-brazil-en","25":"pa_paese-produttore-brazil","26":"pa_percentuale-di-cacao-81-en","27":"pa_premi-academy-of-chocolate-bronze-winner-2021-en","28":"pa_proteine-11-g-en","29":"pa_regione-rio-acara-en","30":"pa_sale-375-mg-en","31":"pa_tipo-di-cioccolato-fondente-en","32":"pa_valore-energetico-544-kcal-2277-kj-en","34":"first","35":"instock","36":"taxable","37":"shipping-taxable","38":"purchasable","39":"product-type-simple"},"yoast_head":"<!-- This site is optimized with the Yoast SEO plugin v23.3 - https:\/\/yoast.com\/wordpress\/plugins\/seo\/ -->\n<title>Luisa Abram Brazil Rio Acar\u00e0 - Chocolate7<\/title>\n<meta name=\"robots\" content=\"index, follow, max-snippet:-1, max-image-preview:large, max-video-preview:-1\" \/>\n<link rel=\"canonical\" href=\"https:\/\/www.chocolate7.com\/shop\/tavoletta\/fondente\/luisa-abram-brasile-rio-acara-2\/\" \/>\n<meta property=\"og:locale\" content=\"en_US\" \/>\n<meta property=\"og:type\" content=\"article\" \/>\n<meta property=\"og:title\" content=\"Luisa Abram Brazil Rio Acar\u00e0 - Chocolate7\" \/>\n<meta property=\"og:description\" content=\"Luisa Abram is a bean to bar chocolate maker from Brazil. This fine chocolate bar is made with cocoa from Brazil (Rio Acar\u00e0). Luisa Abram Brazil Rio Acar\u00e0 81% is a dark chocolate with a balanced taste, with floral aromatic notes of pineapple, toasted macadamia, chestnuts, savory, fresh cheese, caramel, cloves.  &nbsp;\" \/>\n<meta property=\"og:url\" content=\"https:\/\/www.chocolate7.com\/shop\/tavoletta\/fondente\/luisa-abram-brasile-rio-acara-2\/\" \/>\n<meta property=\"og:site_name\" content=\"Chocolate7\" \/>\n<meta property=\"article:publisher\" content=\"https:\/\/www.facebook.com\/cremino.gianduia.1\" \/>\n<meta property=\"article:modified_time\" content=\"2024-11-01T11:07:37+00:00\" \/>\n<meta property=\"og:image\" content=\"https:\/\/www.chocolate7.com\/wp-content\/uploads\/2024\/10\/Screenshot_20241031_191057_Instagram-e1730401660139.jpg\" \/>\n\t<meta property=\"og:image:width\" content=\"600\" \/>\n\t<meta property=\"og:image:height\" content=\"599\" \/>\n\t<meta property=\"og:image:type\" content=\"image\/jpeg\" \/>\n<meta name=\"twitter:card\" content=\"summary_large_image\" \/>\n<meta name=\"twitter:site\" content=\"@GianduiaCremino\" \/>\n<meta name=\"twitter:label1\" content=\"Est. reading time\" \/>\n\t<meta name=\"twitter:data1\" content=\"1 minute\" \/>\n<script type=\"application\/ld+json\" class=\"yoast-schema-graph\">{\"@context\":\"https:\/\/schema.org\",\"@graph\":[{\"@type\":\"WebPage\",\"@id\":\"https:\/\/www.chocolate7.com\/shop\/tavoletta\/fondente\/luisa-abram-brasile-rio-acara-2\/\",\"url\":\"https:\/\/www.chocolate7.com\/shop\/tavoletta\/fondente\/luisa-abram-brasile-rio-acara-2\/\",\"name\":\"Luisa Abram Brazil Rio Acar\u00e0 - Chocolate7\",\"isPartOf\":{\"@id\":\"https:\/\/www.chocolate7.com\/#website\"},\"primaryImageOfPage\":{\"@id\":\"https:\/\/www.chocolate7.com\/shop\/tavoletta\/fondente\/luisa-abram-brasile-rio-acara-2\/#primaryimage\"},\"image\":{\"@id\":\"https:\/\/www.chocolate7.com\/shop\/tavoletta\/fondente\/luisa-abram-brasile-rio-acara-2\/#primaryimage\"},\"thumbnailUrl\":\"https:\/\/www.chocolate7.com\/wp-content\/uploads\/2024\/10\/Screenshot_20241031_191057_Instagram-e1730401660139.jpg\",\"datePublished\":\"2024-10-31T18:17:29+00:00\",\"dateModified\":\"2024-11-01T11:07:37+00:00\",\"breadcrumb\":{\"@id\":\"https:\/\/www.chocolate7.com\/shop\/tavoletta\/fondente\/luisa-abram-brasile-rio-acara-2\/#breadcrumb\"},\"inLanguage\":\"en-US\",\"potentialAction\":[{\"@type\":\"ReadAction\",\"target\":[\"https:\/\/www.chocolate7.com\/shop\/tavoletta\/fondente\/luisa-abram-brasile-rio-acara-2\/\"]}]},{\"@type\":\"ImageObject\",\"inLanguage\":\"en-US\",\"@id\":\"https:\/\/www.chocolate7.com\/shop\/tavoletta\/fondente\/luisa-abram-brasile-rio-acara-2\/#primaryimage\",\"url\":\"https:\/\/www.chocolate7.com\/wp-content\/uploads\/2024\/10\/Screenshot_20241031_191057_Instagram-e1730401660139.jpg\",\"contentUrl\":\"https:\/\/www.chocolate7.com\/wp-content\/uploads\/2024\/10\/Screenshot_20241031_191057_Instagram-e1730401660139.jpg\",\"width\":600,\"height\":599},{\"@type\":\"BreadcrumbList\",\"@id\":\"https:\/\/www.chocolate7.com\/shop\/tavoletta\/fondente\/luisa-abram-brasile-rio-acara-2\/#breadcrumb\",\"itemListElement\":[{\"@type\":\"ListItem\",\"position\":1,\"name\":\"Home\",\"item\":\"https:\/\/www.chocolate7.com\/en\/\"},{\"@type\":\"ListItem\",\"position\":2,\"name\":\"Shop\",\"item\":\"https:\/\/www.chocolate7.com\/en\/store\/\"},{\"@type\":\"ListItem\",\"position\":3,\"name\":\"Luisa Abram Brazil Rio Acar\u00e0\"}]},{\"@type\":\"WebSite\",\"@id\":\"https:\/\/www.chocolate7.com\/#website\",\"url\":\"https:\/\/www.chocolate7.com\/\",\"name\":\"Chocolate7\",\"description\":\"The fine &amp; luxury chocolate selection\",\"publisher\":{\"@id\":\"https:\/\/www.chocolate7.com\/#organization\"},\"potentialAction\":[{\"@type\":\"SearchAction\",\"target\":{\"@type\":\"EntryPoint\",\"urlTemplate\":\"https:\/\/www.chocolate7.com\/?s={search_term_string}\"},\"query-input\":\"required name=search_term_string\"}],\"inLanguage\":\"en-US\"},{\"@type\":\"Organization\",\"@id\":\"https:\/\/www.chocolate7.com\/#organization\",\"name\":\"Choc7 di Benedetto Giovanni\",\"url\":\"https:\/\/www.chocolate7.com\/\",\"logo\":{\"@type\":\"ImageObject\",\"inLanguage\":\"en-US\",\"@id\":\"https:\/\/www.chocolate7.com\/#\/schema\/logo\/image\/\",\"url\":\"https:\/\/www.chocolate7.com\/wp-content\/uploads\/2018\/10\/logo_chocolate.png\",\"contentUrl\":\"https:\/\/www.chocolate7.com\/wp-content\/uploads\/2018\/10\/logo_chocolate.png\",\"width\":200,\"height\":41,\"caption\":\"Choc7 di Benedetto Giovanni\"},\"image\":{\"@id\":\"https:\/\/www.chocolate7.com\/#\/schema\/logo\/image\/\"},\"sameAs\":[\"https:\/\/www.facebook.com\/cremino.gianduia.1\",\"https:\/\/x.com\/GianduiaCremino\",\"https:\/\/www.instagram.com\/creminogianduia\/\",\"https:\/\/www.pinterest.com.au\/creminogianduia\/\",\"https:\/\/www.youtube.com\/channel\/UCWFQlcc9EQnAsLkD8rBsgig\"]}]}<\/script>\n<!-- \/ Yoast SEO plugin. -->","yoast_head_json":{"title":"Luisa Abram Brazil Rio Acar\u00e0 - Chocolate7","robots":{"index":"index","follow":"follow","max-snippet":"max-snippet:-1","max-image-preview":"max-image-preview:large","max-video-preview":"max-video-preview:-1"},"canonical":"https:\/\/www.chocolate7.com\/shop\/tavoletta\/fondente\/luisa-abram-brasile-rio-acara-2\/","og_locale":"en_US","og_type":"article","og_title":"Luisa Abram Brazil Rio Acar\u00e0 - Chocolate7","og_description":"Luisa Abram is a bean to bar chocolate maker from Brazil. This fine chocolate bar is made with cocoa from Brazil (Rio Acar\u00e0). Luisa Abram Brazil Rio Acar\u00e0 81% is a dark chocolate with a balanced taste, with floral aromatic notes of pineapple, toasted macadamia, chestnuts, savory, fresh cheese, caramel, cloves.  &nbsp;","og_url":"https:\/\/www.chocolate7.com\/shop\/tavoletta\/fondente\/luisa-abram-brasile-rio-acara-2\/","og_site_name":"Chocolate7","article_publisher":"https:\/\/www.facebook.com\/cremino.gianduia.1","article_modified_time":"2024-11-01T11:07:37+00:00","og_image":[{"width":600,"height":599,"url":"https:\/\/www.chocolate7.com\/wp-content\/uploads\/2024\/10\/Screenshot_20241031_191057_Instagram-e1730401660139.jpg","type":"image\/jpeg"}],"twitter_card":"summary_large_image","twitter_site":"@GianduiaCremino","twitter_misc":{"Est. reading time":"1 minute"},"schema":{"@context":"https:\/\/schema.org","@graph":[{"@type":"WebPage","@id":"https:\/\/www.chocolate7.com\/shop\/tavoletta\/fondente\/luisa-abram-brasile-rio-acara-2\/","url":"https:\/\/www.chocolate7.com\/shop\/tavoletta\/fondente\/luisa-abram-brasile-rio-acara-2\/","name":"Luisa Abram Brazil Rio Acar\u00e0 - Chocolate7","isPartOf":{"@id":"https:\/\/www.chocolate7.com\/#website"},"primaryImageOfPage":{"@id":"https:\/\/www.chocolate7.com\/shop\/tavoletta\/fondente\/luisa-abram-brasile-rio-acara-2\/#primaryimage"},"image":{"@id":"https:\/\/www.chocolate7.com\/shop\/tavoletta\/fondente\/luisa-abram-brasile-rio-acara-2\/#primaryimage"},"thumbnailUrl":"https:\/\/www.chocolate7.com\/wp-content\/uploads\/2024\/10\/Screenshot_20241031_191057_Instagram-e1730401660139.jpg","datePublished":"2024-10-31T18:17:29+00:00","dateModified":"2024-11-01T11:07:37+00:00","breadcrumb":{"@id":"https:\/\/www.chocolate7.com\/shop\/tavoletta\/fondente\/luisa-abram-brasile-rio-acara-2\/#breadcrumb"},"inLanguage":"en-US","potentialAction":[{"@type":"ReadAction","target":["https:\/\/www.chocolate7.com\/shop\/tavoletta\/fondente\/luisa-abram-brasile-rio-acara-2\/"]}]},{"@type":"ImageObject","inLanguage":"en-US","@id":"https:\/\/www.chocolate7.com\/shop\/tavoletta\/fondente\/luisa-abram-brasile-rio-acara-2\/#primaryimage","url":"https:\/\/www.chocolate7.com\/wp-content\/uploads\/2024\/10\/Screenshot_20241031_191057_Instagram-e1730401660139.jpg","contentUrl":"https:\/\/www.chocolate7.com\/wp-content\/uploads\/2024\/10\/Screenshot_20241031_191057_Instagram-e1730401660139.jpg","width":600,"height":599},{"@type":"BreadcrumbList","@id":"https:\/\/www.chocolate7.com\/shop\/tavoletta\/fondente\/luisa-abram-brasile-rio-acara-2\/#breadcrumb","itemListElement":[{"@type":"ListItem","position":1,"name":"Home","item":"https:\/\/www.chocolate7.com\/en\/"},{"@type":"ListItem","position":2,"name":"Shop","item":"https:\/\/www.chocolate7.com\/en\/store\/"},{"@type":"ListItem","position":3,"name":"Luisa Abram Brazil Rio Acar\u00e0"}]},{"@type":"WebSite","@id":"https:\/\/www.chocolate7.com\/#website","url":"https:\/\/www.chocolate7.com\/","name":"Chocolate7","description":"The fine &amp; luxury chocolate selection","publisher":{"@id":"https:\/\/www.chocolate7.com\/#organization"},"potentialAction":[{"@type":"SearchAction","target":{"@type":"EntryPoint","urlTemplate":"https:\/\/www.chocolate7.com\/?s={search_term_string}"},"query-input":"required name=search_term_string"}],"inLanguage":"en-US"},{"@type":"Organization","@id":"https:\/\/www.chocolate7.com\/#organization","name":"Choc7 di Benedetto Giovanni","url":"https:\/\/www.chocolate7.com\/","logo":{"@type":"ImageObject","inLanguage":"en-US","@id":"https:\/\/www.chocolate7.com\/#\/schema\/logo\/image\/","url":"https:\/\/www.chocolate7.com\/wp-content\/uploads\/2018\/10\/logo_chocolate.png","contentUrl":"https:\/\/www.chocolate7.com\/wp-content\/uploads\/2018\/10\/logo_chocolate.png","width":200,"height":41,"caption":"Choc7 di Benedetto Giovanni"},"image":{"@id":"https:\/\/www.chocolate7.com\/#\/schema\/logo\/image\/"},"sameAs":["https:\/\/www.facebook.com\/cremino.gianduia.1","https:\/\/x.com\/GianduiaCremino","https:\/\/www.instagram.com\/creminogianduia\/","https:\/\/www.pinterest.com.au\/creminogianduia\/","https:\/\/www.youtube.com\/channel\/UCWFQlcc9EQnAsLkD8rBsgig"]}]}},"brands":[{"id":3402,"name":"Luisa Abram","slug":"luisa-abram-en"}],"_links":{"self":[{"href":"https:\/\/www.chocolate7.com\/en\/wp-json\/wp\/v2\/product\/34013","targetHints":{"allow":["GET"]}}],"collection":[{"href":"https:\/\/www.chocolate7.com\/en\/wp-json\/wp\/v2\/product"}],"about":[{"href":"https:\/\/www.chocolate7.com\/en\/wp-json\/wp\/v2\/types\/product"}],"wp:featuredmedia":[{"embeddable":true,"href":"https:\/\/www.chocolate7.com\/en\/wp-json\/wp\/v2\/media\/34015"}],"wp:attachment":[{"href":"https:\/\/www.chocolate7.com\/en\/wp-json\/wp\/v2\/media?parent=34013"}],"wp:term":[{"taxonomy":"pwb-brand","embeddable":true,"href":"https:\/\/www.chocolate7.com\/en\/wp-json\/wp\/v2\/pwb-brand?post=34013"},{"taxonomy":"product_brand","embeddable":true,"href":"https:\/\/www.chocolate7.com\/en\/wp-json\/wp\/v2\/product_brand?post=34013"},{"taxonomy":"product_cat","embeddable":true,"href":"https:\/\/www.chocolate7.com\/en\/wp-json\/wp\/v2\/product_cat?post=34013"},{"taxonomy":"product_tag","embeddable":true,"href":"https:\/\/www.chocolate7.com\/en\/wp-json\/wp\/v2\/product_tag?post=34013"},{"taxonomy":"giftcard-category","embeddable":true,"href":"https:\/\/www.chocolate7.com\/en\/wp-json\/wp\/v2\/giftcard-category?post=34013"}],"curies":[{"name":"wp","href":"https:\/\/api.w.org\/{rel}","templated":true}]}}