{"id":34023,"date":"2024-11-02T12:08:35","date_gmt":"2024-11-02T11:08:36","guid":{"rendered":"https:\/\/www.chocolate7.com\/?post_type=product&#038;p=34023"},"modified":"2024-11-02T12:28:09","modified_gmt":"2024-11-02T11:28:09","slug":"luisa-abram-brazil-rio-purus-copia","status":"publish","type":"product","link":"https:\/\/www.chocolate7.com\/en\/shop\/bar\/dark-chocolate-en-2\/luisa-abram-brazil-rio-purus-copia\/","title":{"rendered":"Luisa Abram Brazil Rio Purus"},"content":{"rendered":"<p style=\"text-align: left\">Dark chocolate bar &#8211; Made by Luisa Abram<\/p>\n<p>O cacau utilizado nesse chocolate \u00e9 a principal fonte de receita da Cooperar, uma cooperativa fundada em 2007 de quase 200 extrativistas distribu\u00eddos em 51 comunidades ao longo de 800 km do Rio Purus, da qual fazem parte caboclos, ribeirinhos e ind\u00edgenas. Eles extraem da Floresta Amaz\u00f4nica, al\u00e9m do cacau, a banana, o feij\u00e3o e o milho. A diversifica\u00e7\u00e3o do uso dos produtos florestais representa uma alternativa para ampliar as fontes de renda dessa popula\u00e7\u00e3o, ao mesmo tempo em que refor\u00e7a a import\u00e2ncia da manuten\u00e7\u00e3o da Floresta em p\u00e9. Al\u00e9m do extrativismo, eles vivem da pesca e da agricultura de subsist\u00eancia.<\/p>\n<p>A embalagem vem com\u00a0duas\u00a0barras de 40g cada embaladas separadamente, totalizando 80g de chocolate.\u00a0Assim voc\u00ea n\u00e3o precisa abrir seu chocolate todo de uma vez e pode consumir ele com a qualidade 100% em outro momento!<\/p>\n<p>Esta barra de chocolate Luisa Abram possui\u00a070% cacau de origem selvagem da Amaz\u00f4nia Brasileira e pesa 80g.<\/p>\n<p class=\"p1\"><strong>Origem\u00a0<\/strong><\/p>\n<p class=\"p1\">Rio Purus<\/p>\n<p class=\"p1\"><strong>Intensidade<\/strong><\/p>\n<p class=\"p1\">Cacau 70%<\/p>\n<p class=\"p1\"><strong>Apresenta\u00e7\u00e3o\u00a0<\/strong><\/p>\n<p class=\"p1\">Barra<\/p>\n<p class=\"p1\"><strong>Al\u00e9rgenos<\/strong><\/p>\n<p class=\"p1\">\u00d7 Sem gl\u00faten<\/p>\n<p class=\"p1\">\u00d7 Sem leite<\/p>\n<p class=\"p1\">\u00d7 Com tra\u00e7os de leite e nuts<\/p>\n<p class=\"p1\">\u00d7 Vegano<\/p>\n<p class=\"p1\"><strong>Ingredientes\u00a0<\/strong><\/p>\n<p class=\"p1\">\u00d7 A\u00e7\u00facar org\u00e2nico<\/p>\n<p class=\"p1\">x Cacau selvagem<\/p>\n<p class=\"p1\">\u00d7 Manteiga de cacau<\/p>\n<p class=\"p1\"><strong>Notas de Sabor Bullets<\/strong><\/p>\n<p class=\"p1\">\u00d7 Azeitona<\/p>\n<p class=\"p1\">\u00d7 Banana passa<\/p>\n<p class=\"p1\">\u00d7 Cardamomo<\/p>\n<p class=\"p1\">\u00d7 Castanha portuguesa<\/p>\n<p class=\"p1\">\u00d7 Fudge<\/p>\n<p class=\"p1\">\u00d7 Melaco<\/p>\n<p class=\"p1\"><strong>Notas de sabor<\/strong><\/p>\n<p class=\"p1\">Este chocolate tem notas amadeiradas, de castanha portuguesa, de mela\u00e7o de cana, de especiarias (alca\u00e7uz e cardamomo) e de azeitonas verdes. Tem textura cremosa, que harmoniza bem com notas de doces melados. \u00c9 intenso, quase um fude queimado com toque floral. Uma barra complexa e interessante.<\/p>\n","protected":false},"excerpt":{"rendered":"<p>Luisa Abram is a bean to bar chocolate maker from Brazil. This fine chocolate bar is made with cocoa from Brazil (Rio Purus). Luisa Abram Brazil Rio Purus 70% is a dark chocolate with a pleasantly sweet taste, with aromatic notes of honey, banana, grapes, chestnut, dates, green olives, molasses, caramel, bourbon, licorice, cardamom, wood.<\/p>\n","protected":false},"featured_media":34025,"template":"","meta":[],"pwb-brand":[3402],"product_brand":[],"product_cat":[3251,3255],"product_tag":[],"giftcard-category":[],"class_list":{"0":"post-34023","1":"product","2":"type-product","3":"status-publish","4":"has-post-thumbnail","6":"pwb-brand-luisa-abram-en","7":"product_cat-bar","8":"product_cat-dark-chocolate-en-2","9":"pa_acidita-2-en","10":"pa_allergeni-may-contain-traces-of-milk-and-nuts-gluten-free","11":"pa_amarezza-1-en","12":"pa_astringenza-1-en","13":"pa_cacao-70-79-en","14":"pa_carboidrati-34-g-en","15":"pa_carboidrati-zuccheri-30-g-en","16":"pa_codice-a-barre-7898994554813-en","17":"pa_conservazione-once-opened-consume-within-7-days-store-the-chocolate-between-18-c-and-20-c-away-from-the-sun-sources-of-heat-and-humidity","18":"pa_dolcezza-4-en","19":"pa_fibre-0-g-en","20":"pa_grassi-40-g-en","21":"pa_grassi-saturi-25-g-en","22":"pa_ingredienti-cocoa-mass-organic-cane-sugar-and-cocoa-butter","23":"pa_note-di-degustazione-honey-banana-grapes-chestnut-dates-green-olives-molasses-caramel-bourbon-licorice-cardamom-wood","24":"pa_paese-delle-fave-di-cacao-brazil-en","25":"pa_paese-produttore-brazil","26":"pa_percentuale-di-cacao-70-en","27":"pa_proteine-88-g-en","28":"pa_regione-rio-purus-en","29":"pa_sale-325-mg-en","30":"pa_tipo-di-cioccolato-fondente-en","31":"pa_valore-energetico-537-kcal-2248-kj-en","33":"first","34":"instock","35":"taxable","36":"shipping-taxable","37":"purchasable","38":"product-type-simple"},"yoast_head":"<!-- This site is optimized with the Yoast SEO plugin v23.3 - https:\/\/yoast.com\/wordpress\/plugins\/seo\/ -->\n<title>Luisa Abram Brazil Rio Purus - Chocolate7<\/title>\n<meta name=\"robots\" content=\"index, follow, max-snippet:-1, max-image-preview:large, max-video-preview:-1\" \/>\n<link rel=\"canonical\" href=\"https:\/\/www.chocolate7.com\/shop\/tavoletta\/fondente\/luisa-abram-brasile-rio-purus-2\/\" \/>\n<meta property=\"og:locale\" content=\"en_US\" \/>\n<meta property=\"og:type\" content=\"article\" \/>\n<meta property=\"og:title\" content=\"Luisa Abram Brazil Rio Purus - Chocolate7\" \/>\n<meta property=\"og:description\" content=\"Luisa Abram is a bean to bar chocolate maker from Brazil. This fine chocolate bar is made with cocoa from Brazil (Rio Purus). Luisa Abram Brazil Rio Purus 70% is a dark chocolate with a pleasantly sweet taste, with aromatic notes of honey, banana, grapes, chestnut, dates, green olives, molasses, caramel, bourbon, licorice, cardamom, wood.\" \/>\n<meta property=\"og:url\" content=\"https:\/\/www.chocolate7.com\/shop\/tavoletta\/fondente\/luisa-abram-brasile-rio-purus-2\/\" \/>\n<meta property=\"og:site_name\" content=\"Chocolate7\" \/>\n<meta property=\"article:publisher\" content=\"https:\/\/www.facebook.com\/cremino.gianduia.1\" \/>\n<meta property=\"article:modified_time\" content=\"2024-11-02T11:28:09+00:00\" \/>\n<meta property=\"og:image\" content=\"https:\/\/www.chocolate7.com\/wp-content\/uploads\/2024\/11\/Screenshot_20241102_114441_Instagram-e1730546725356.jpg\" \/>\n\t<meta property=\"og:image:width\" content=\"600\" \/>\n\t<meta property=\"og:image:height\" content=\"599\" \/>\n\t<meta property=\"og:image:type\" content=\"image\/jpeg\" \/>\n<meta name=\"twitter:card\" content=\"summary_large_image\" \/>\n<meta name=\"twitter:site\" content=\"@GianduiaCremino\" \/>\n<meta name=\"twitter:label1\" content=\"Est. reading time\" \/>\n\t<meta name=\"twitter:data1\" content=\"1 minute\" \/>\n<script type=\"application\/ld+json\" class=\"yoast-schema-graph\">{\"@context\":\"https:\/\/schema.org\",\"@graph\":[{\"@type\":\"WebPage\",\"@id\":\"https:\/\/www.chocolate7.com\/shop\/tavoletta\/fondente\/luisa-abram-brasile-rio-purus-2\/\",\"url\":\"https:\/\/www.chocolate7.com\/shop\/tavoletta\/fondente\/luisa-abram-brasile-rio-purus-2\/\",\"name\":\"Luisa Abram Brazil Rio Purus - Chocolate7\",\"isPartOf\":{\"@id\":\"https:\/\/www.chocolate7.com\/#website\"},\"primaryImageOfPage\":{\"@id\":\"https:\/\/www.chocolate7.com\/shop\/tavoletta\/fondente\/luisa-abram-brasile-rio-purus-2\/#primaryimage\"},\"image\":{\"@id\":\"https:\/\/www.chocolate7.com\/shop\/tavoletta\/fondente\/luisa-abram-brasile-rio-purus-2\/#primaryimage\"},\"thumbnailUrl\":\"https:\/\/www.chocolate7.com\/wp-content\/uploads\/2024\/11\/Screenshot_20241102_114441_Instagram-e1730546725356.jpg\",\"datePublished\":\"2024-11-02T11:08:36+00:00\",\"dateModified\":\"2024-11-02T11:28:09+00:00\",\"breadcrumb\":{\"@id\":\"https:\/\/www.chocolate7.com\/shop\/tavoletta\/fondente\/luisa-abram-brasile-rio-purus-2\/#breadcrumb\"},\"inLanguage\":\"en-US\",\"potentialAction\":[{\"@type\":\"ReadAction\",\"target\":[\"https:\/\/www.chocolate7.com\/shop\/tavoletta\/fondente\/luisa-abram-brasile-rio-purus-2\/\"]}]},{\"@type\":\"ImageObject\",\"inLanguage\":\"en-US\",\"@id\":\"https:\/\/www.chocolate7.com\/shop\/tavoletta\/fondente\/luisa-abram-brasile-rio-purus-2\/#primaryimage\",\"url\":\"https:\/\/www.chocolate7.com\/wp-content\/uploads\/2024\/11\/Screenshot_20241102_114441_Instagram-e1730546725356.jpg\",\"contentUrl\":\"https:\/\/www.chocolate7.com\/wp-content\/uploads\/2024\/11\/Screenshot_20241102_114441_Instagram-e1730546725356.jpg\",\"width\":600,\"height\":599},{\"@type\":\"BreadcrumbList\",\"@id\":\"https:\/\/www.chocolate7.com\/shop\/tavoletta\/fondente\/luisa-abram-brasile-rio-purus-2\/#breadcrumb\",\"itemListElement\":[{\"@type\":\"ListItem\",\"position\":1,\"name\":\"Home\",\"item\":\"https:\/\/www.chocolate7.com\/en\/\"},{\"@type\":\"ListItem\",\"position\":2,\"name\":\"Shop\",\"item\":\"https:\/\/www.chocolate7.com\/en\/store\/\"},{\"@type\":\"ListItem\",\"position\":3,\"name\":\"Luisa Abram Brazil Rio Purus\"}]},{\"@type\":\"WebSite\",\"@id\":\"https:\/\/www.chocolate7.com\/#website\",\"url\":\"https:\/\/www.chocolate7.com\/\",\"name\":\"Chocolate7\",\"description\":\"The fine &amp; luxury chocolate selection\",\"publisher\":{\"@id\":\"https:\/\/www.chocolate7.com\/#organization\"},\"potentialAction\":[{\"@type\":\"SearchAction\",\"target\":{\"@type\":\"EntryPoint\",\"urlTemplate\":\"https:\/\/www.chocolate7.com\/?s={search_term_string}\"},\"query-input\":\"required name=search_term_string\"}],\"inLanguage\":\"en-US\"},{\"@type\":\"Organization\",\"@id\":\"https:\/\/www.chocolate7.com\/#organization\",\"name\":\"Choc7 di Benedetto Giovanni\",\"url\":\"https:\/\/www.chocolate7.com\/\",\"logo\":{\"@type\":\"ImageObject\",\"inLanguage\":\"en-US\",\"@id\":\"https:\/\/www.chocolate7.com\/#\/schema\/logo\/image\/\",\"url\":\"https:\/\/www.chocolate7.com\/wp-content\/uploads\/2018\/10\/logo_chocolate.png\",\"contentUrl\":\"https:\/\/www.chocolate7.com\/wp-content\/uploads\/2018\/10\/logo_chocolate.png\",\"width\":200,\"height\":41,\"caption\":\"Choc7 di Benedetto Giovanni\"},\"image\":{\"@id\":\"https:\/\/www.chocolate7.com\/#\/schema\/logo\/image\/\"},\"sameAs\":[\"https:\/\/www.facebook.com\/cremino.gianduia.1\",\"https:\/\/x.com\/GianduiaCremino\",\"https:\/\/www.instagram.com\/creminogianduia\/\",\"https:\/\/www.pinterest.com.au\/creminogianduia\/\",\"https:\/\/www.youtube.com\/channel\/UCWFQlcc9EQnAsLkD8rBsgig\"]}]}<\/script>\n<!-- \/ Yoast SEO plugin. -->","yoast_head_json":{"title":"Luisa Abram Brazil Rio Purus - Chocolate7","robots":{"index":"index","follow":"follow","max-snippet":"max-snippet:-1","max-image-preview":"max-image-preview:large","max-video-preview":"max-video-preview:-1"},"canonical":"https:\/\/www.chocolate7.com\/shop\/tavoletta\/fondente\/luisa-abram-brasile-rio-purus-2\/","og_locale":"en_US","og_type":"article","og_title":"Luisa Abram Brazil Rio Purus - Chocolate7","og_description":"Luisa Abram is a bean to bar chocolate maker from Brazil. This fine chocolate bar is made with cocoa from Brazil (Rio Purus). Luisa Abram Brazil Rio Purus 70% is a dark chocolate with a pleasantly sweet taste, with aromatic notes of honey, banana, grapes, chestnut, dates, green olives, molasses, caramel, bourbon, licorice, cardamom, wood.","og_url":"https:\/\/www.chocolate7.com\/shop\/tavoletta\/fondente\/luisa-abram-brasile-rio-purus-2\/","og_site_name":"Chocolate7","article_publisher":"https:\/\/www.facebook.com\/cremino.gianduia.1","article_modified_time":"2024-11-02T11:28:09+00:00","og_image":[{"width":600,"height":599,"url":"https:\/\/www.chocolate7.com\/wp-content\/uploads\/2024\/11\/Screenshot_20241102_114441_Instagram-e1730546725356.jpg","type":"image\/jpeg"}],"twitter_card":"summary_large_image","twitter_site":"@GianduiaCremino","twitter_misc":{"Est. reading time":"1 minute"},"schema":{"@context":"https:\/\/schema.org","@graph":[{"@type":"WebPage","@id":"https:\/\/www.chocolate7.com\/shop\/tavoletta\/fondente\/luisa-abram-brasile-rio-purus-2\/","url":"https:\/\/www.chocolate7.com\/shop\/tavoletta\/fondente\/luisa-abram-brasile-rio-purus-2\/","name":"Luisa Abram Brazil Rio Purus - Chocolate7","isPartOf":{"@id":"https:\/\/www.chocolate7.com\/#website"},"primaryImageOfPage":{"@id":"https:\/\/www.chocolate7.com\/shop\/tavoletta\/fondente\/luisa-abram-brasile-rio-purus-2\/#primaryimage"},"image":{"@id":"https:\/\/www.chocolate7.com\/shop\/tavoletta\/fondente\/luisa-abram-brasile-rio-purus-2\/#primaryimage"},"thumbnailUrl":"https:\/\/www.chocolate7.com\/wp-content\/uploads\/2024\/11\/Screenshot_20241102_114441_Instagram-e1730546725356.jpg","datePublished":"2024-11-02T11:08:36+00:00","dateModified":"2024-11-02T11:28:09+00:00","breadcrumb":{"@id":"https:\/\/www.chocolate7.com\/shop\/tavoletta\/fondente\/luisa-abram-brasile-rio-purus-2\/#breadcrumb"},"inLanguage":"en-US","potentialAction":[{"@type":"ReadAction","target":["https:\/\/www.chocolate7.com\/shop\/tavoletta\/fondente\/luisa-abram-brasile-rio-purus-2\/"]}]},{"@type":"ImageObject","inLanguage":"en-US","@id":"https:\/\/www.chocolate7.com\/shop\/tavoletta\/fondente\/luisa-abram-brasile-rio-purus-2\/#primaryimage","url":"https:\/\/www.chocolate7.com\/wp-content\/uploads\/2024\/11\/Screenshot_20241102_114441_Instagram-e1730546725356.jpg","contentUrl":"https:\/\/www.chocolate7.com\/wp-content\/uploads\/2024\/11\/Screenshot_20241102_114441_Instagram-e1730546725356.jpg","width":600,"height":599},{"@type":"BreadcrumbList","@id":"https:\/\/www.chocolate7.com\/shop\/tavoletta\/fondente\/luisa-abram-brasile-rio-purus-2\/#breadcrumb","itemListElement":[{"@type":"ListItem","position":1,"name":"Home","item":"https:\/\/www.chocolate7.com\/en\/"},{"@type":"ListItem","position":2,"name":"Shop","item":"https:\/\/www.chocolate7.com\/en\/store\/"},{"@type":"ListItem","position":3,"name":"Luisa Abram Brazil Rio Purus"}]},{"@type":"WebSite","@id":"https:\/\/www.chocolate7.com\/#website","url":"https:\/\/www.chocolate7.com\/","name":"Chocolate7","description":"The fine &amp; luxury chocolate selection","publisher":{"@id":"https:\/\/www.chocolate7.com\/#organization"},"potentialAction":[{"@type":"SearchAction","target":{"@type":"EntryPoint","urlTemplate":"https:\/\/www.chocolate7.com\/?s={search_term_string}"},"query-input":"required name=search_term_string"}],"inLanguage":"en-US"},{"@type":"Organization","@id":"https:\/\/www.chocolate7.com\/#organization","name":"Choc7 di Benedetto Giovanni","url":"https:\/\/www.chocolate7.com\/","logo":{"@type":"ImageObject","inLanguage":"en-US","@id":"https:\/\/www.chocolate7.com\/#\/schema\/logo\/image\/","url":"https:\/\/www.chocolate7.com\/wp-content\/uploads\/2018\/10\/logo_chocolate.png","contentUrl":"https:\/\/www.chocolate7.com\/wp-content\/uploads\/2018\/10\/logo_chocolate.png","width":200,"height":41,"caption":"Choc7 di Benedetto Giovanni"},"image":{"@id":"https:\/\/www.chocolate7.com\/#\/schema\/logo\/image\/"},"sameAs":["https:\/\/www.facebook.com\/cremino.gianduia.1","https:\/\/x.com\/GianduiaCremino","https:\/\/www.instagram.com\/creminogianduia\/","https:\/\/www.pinterest.com.au\/creminogianduia\/","https:\/\/www.youtube.com\/channel\/UCWFQlcc9EQnAsLkD8rBsgig"]}]}},"brands":[{"id":3402,"name":"Luisa Abram","slug":"luisa-abram-en"}],"_links":{"self":[{"href":"https:\/\/www.chocolate7.com\/en\/wp-json\/wp\/v2\/product\/34023","targetHints":{"allow":["GET"]}}],"collection":[{"href":"https:\/\/www.chocolate7.com\/en\/wp-json\/wp\/v2\/product"}],"about":[{"href":"https:\/\/www.chocolate7.com\/en\/wp-json\/wp\/v2\/types\/product"}],"wp:featuredmedia":[{"embeddable":true,"href":"https:\/\/www.chocolate7.com\/en\/wp-json\/wp\/v2\/media\/34025"}],"wp:attachment":[{"href":"https:\/\/www.chocolate7.com\/en\/wp-json\/wp\/v2\/media?parent=34023"}],"wp:term":[{"taxonomy":"pwb-brand","embeddable":true,"href":"https:\/\/www.chocolate7.com\/en\/wp-json\/wp\/v2\/pwb-brand?post=34023"},{"taxonomy":"product_brand","embeddable":true,"href":"https:\/\/www.chocolate7.com\/en\/wp-json\/wp\/v2\/product_brand?post=34023"},{"taxonomy":"product_cat","embeddable":true,"href":"https:\/\/www.chocolate7.com\/en\/wp-json\/wp\/v2\/product_cat?post=34023"},{"taxonomy":"product_tag","embeddable":true,"href":"https:\/\/www.chocolate7.com\/en\/wp-json\/wp\/v2\/product_tag?post=34023"},{"taxonomy":"giftcard-category","embeddable":true,"href":"https:\/\/www.chocolate7.com\/en\/wp-json\/wp\/v2\/giftcard-category?post=34023"}],"curies":[{"name":"wp","href":"https:\/\/api.w.org\/{rel}","templated":true}]}}