{"id":34027,"date":"2024-11-02T13:05:40","date_gmt":"2024-11-02T12:05:40","guid":{"rendered":"https:\/\/www.chocolate7.com\/?post_type=product&#038;p=34027"},"modified":"2024-11-02T13:34:33","modified_gmt":"2024-11-02T12:34:33","slug":"luisa-abram-brazil-rio-tocantins-copia","status":"publish","type":"product","link":"https:\/\/www.chocolate7.com\/en\/shop\/bar\/dark-chocolate-milk-chocolate-en\/luisa-abram-brazil-rio-tocantins-copia\/","title":{"rendered":"Luisa Abram Brazil Rio Tocantins with cupua\u00e7u"},"content":{"rendered":"<p style=\"text-align: left\">Dark chocolate bar with inclusions \/ filled \/ flavoured &#8211; Made by Luisa Abram<\/p>\n<p>O cupua\u00e7u, assim como o cacau, \u00e9 uma esp\u00e9cie de Theobroma, podendo ser encontrado em abund\u00e2ncia na Floresta Amaz\u00f4nica. O perfume doce de seu fruto maduro se espalha pela mata atraindo muitos animais e insetos.<br \/>\nEsta \u00e9 uma das nossas barras mais vendidas.<br \/>\nO chocolate utilizado nesta barra \u00e9 de origem no Rio Tocantins, Par\u00e1.<\/p>\n<p>A embalagem vem com\u00a0duas\u00a0barras de 40g cada embaladas separadamente, totalizando 80g de chocolate.\u00a0Assim voc\u00ea n\u00e3o precisa abrir seu chocolate todo de uma vez e pode consumir ele com a qualidade 100% em outro momento!<\/p>\n<p>Esse chocolate 70% de origem no Rio Tocantins ganha vida com a acidez do cupua\u00e7u cristalizado. As notas de laranja e lim\u00e3o do cacau s\u00e3o sutilmente complementadas pelos peda\u00e7os de cupua\u00e7u como se fossem feitos um para o outro. De dar \u00e1gua na boca e suave, este barra \u00e9 simplesmente necess\u00e1ria.<\/p>\n<p><strong>Algumas caracter\u00edsticas do nosso produto:<\/strong><\/p>\n<p>Origem: Rio Tocantins<br \/>\nIntensidade: Cacau 70%<br \/>\nApresenta\u00e7\u00e3o: Barra<br \/>\nInclus\u00f5es: Cupua\u00e7u<\/p>\n<p><strong>Al\u00e9rgenos presentes no produto:<\/strong><\/p>\n<p>Sem gl\u00faten<br \/>\nSem Leite<br \/>\nVegano<br \/>\nCom tra\u00e7os de leite e nuts<\/p>\n<p><strong>Ingredientes:<\/strong><\/p>\n<p class=\"p1\">A\u00e7\u00facar org\u00e2nico | Cacau selvagem | Cupua\u00e7u | Manteiga de cacau<\/p>\n<p><strong>Notas de sabor:<\/strong><\/p>\n<p>Caramelo | Doce azedo | Laranja | Lim\u00e3o | Mel<\/p>\n","protected":false},"excerpt":{"rendered":"<p>Luisa Abram is a bean to bar chocolate maker from Brazil. This fine chocolate bar is made with cocoa from Brazil (Rio Tocantins). Luisa Abram Brazil Rio Tocantins with cupua\u00e7u 70% is a pleasantly acidic and sweet dark chocolate, with aromatic notes of honey, orange, lemon, mandarin, passion fruit, pear, cupua\u00e7u, raisins, grappa, cider, caramel.<\/p>\n<p>Cupua\u00e7u, like cocoa, is a species of Theobroma and is found in abundance in the Amazon rainforest. The sweet scent of its ripe fruits spreads throughout the forest, attracting numerous animals and insects.<\/p>\n<p>&nbsp;<\/p>\n","protected":false},"featured_media":34029,"template":"","meta":[],"pwb-brand":[3402],"product_brand":[],"product_cat":[3251,3256],"product_tag":[],"giftcard-category":[],"class_list":{"0":"post-34027","1":"product","2":"type-product","3":"status-publish","4":"has-post-thumbnail","6":"pwb-brand-luisa-abram-en","7":"product_cat-bar","8":"product_cat-dark-chocolate-milk-chocolate-en","9":"pa_acidita-4-en","10":"pa_allergeni-may-contain-traces-of-milk-and-nuts-gluten-free","11":"pa_amarezza-0-en","12":"pa_astringenza-0-en","13":"pa_cacao-70-79-en","14":"pa_carboidrati-36-g-en","15":"pa_codice-a-barre-7898960562187-en","16":"pa_conservazione-after-opening-consume-within-7-days-keep-the-chocolate-between-18c-and-20c-away-from-sunlight-heat-and-humidity","17":"pa_dolcezza-3-en","18":"pa_fibre-03-g-en","19":"pa_grassi-37-g-en","20":"pa_grassi-saturi-23-g-en","21":"pa_ingredienti-cocoa-beans-cane-sugar-cocoa-butter-and-cupuacu","22":"pa_note-di-degustazione-honey-orange-lemon-mandarin-passion-fruit-pear-cupuacu-raisins-grappa-cider-caramel","23":"pa_paese-delle-fave-di-cacao-brazil-en","24":"pa_paese-produttore-brazil","25":"pa_percentuale-di-cacao-70-en","26":"pa_proteine-82-g-en","27":"pa_regione-rio-tocantins-en","28":"pa_sale-355-mg-en","29":"pa_tipo-di-cioccolato-flavoured-filled-inclusions-dark-chocolate","30":"pa_valore-energetico-512-kcal-2143-kj-en","32":"first","33":"outofstock","34":"taxable","35":"shipping-taxable","36":"purchasable","37":"product-type-simple"},"yoast_head":"<!-- This site is optimized with the Yoast SEO plugin v23.3 - https:\/\/yoast.com\/wordpress\/plugins\/seo\/ -->\n<title>Luisa Abram Brazil Rio Tocantins with cupua\u00e7u - Chocolate7<\/title>\n<meta name=\"robots\" content=\"index, follow, max-snippet:-1, max-image-preview:large, max-video-preview:-1\" \/>\n<link rel=\"canonical\" href=\"https:\/\/www.chocolate7.com\/shop\/tavoletta\/fondente-inclusioni-ripieno-aromatizzato\/luisa-abram-brasile-rio-tocantins-con-cupuacu\/\" \/>\n<meta property=\"og:locale\" content=\"en_US\" \/>\n<meta property=\"og:type\" content=\"article\" \/>\n<meta property=\"og:title\" content=\"Luisa Abram Brazil Rio Tocantins with cupua\u00e7u - Chocolate7\" \/>\n<meta property=\"og:description\" content=\"Luisa Abram is a bean to bar chocolate maker from Brazil. This fine chocolate bar is made with cocoa from Brazil (Rio Tocantins). Luisa Abram Brazil Rio Tocantins with cupua\u00e7u 70% is a pleasantly acidic and sweet dark chocolate, with aromatic notes of honey, orange, lemon, mandarin, passion fruit, pear, cupua\u00e7u, raisins, grappa, cider, caramel.  Cupua\u00e7u, like cocoa, is a species of Theobroma and is found in abundance in the Amazon rainforest. The sweet scent of its ripe fruits spreads throughout the forest, attracting numerous animals and insects.  &nbsp;\" \/>\n<meta property=\"og:url\" content=\"https:\/\/www.chocolate7.com\/shop\/tavoletta\/fondente-inclusioni-ripieno-aromatizzato\/luisa-abram-brasile-rio-tocantins-con-cupuacu\/\" \/>\n<meta property=\"og:site_name\" content=\"Chocolate7\" \/>\n<meta property=\"article:publisher\" content=\"https:\/\/www.facebook.com\/cremino.gianduia.1\" \/>\n<meta property=\"article:modified_time\" content=\"2024-11-02T12:34:33+00:00\" \/>\n<meta property=\"og:image\" content=\"https:\/\/www.chocolate7.com\/wp-content\/uploads\/2024\/11\/Screenshot_20241102_125852_Instagram-e1730550497405.jpg\" \/>\n\t<meta property=\"og:image:width\" content=\"600\" \/>\n\t<meta property=\"og:image:height\" content=\"599\" \/>\n\t<meta property=\"og:image:type\" content=\"image\/jpeg\" \/>\n<meta name=\"twitter:card\" content=\"summary_large_image\" \/>\n<meta name=\"twitter:site\" content=\"@GianduiaCremino\" \/>\n<meta name=\"twitter:label1\" content=\"Est. reading time\" \/>\n\t<meta name=\"twitter:data1\" content=\"1 minute\" \/>\n<script type=\"application\/ld+json\" class=\"yoast-schema-graph\">{\"@context\":\"https:\/\/schema.org\",\"@graph\":[{\"@type\":\"WebPage\",\"@id\":\"https:\/\/www.chocolate7.com\/shop\/tavoletta\/fondente-inclusioni-ripieno-aromatizzato\/luisa-abram-brasile-rio-tocantins-con-cupuacu\/\",\"url\":\"https:\/\/www.chocolate7.com\/shop\/tavoletta\/fondente-inclusioni-ripieno-aromatizzato\/luisa-abram-brasile-rio-tocantins-con-cupuacu\/\",\"name\":\"Luisa Abram Brazil Rio Tocantins with cupua\u00e7u - Chocolate7\",\"isPartOf\":{\"@id\":\"https:\/\/www.chocolate7.com\/#website\"},\"primaryImageOfPage\":{\"@id\":\"https:\/\/www.chocolate7.com\/shop\/tavoletta\/fondente-inclusioni-ripieno-aromatizzato\/luisa-abram-brasile-rio-tocantins-con-cupuacu\/#primaryimage\"},\"image\":{\"@id\":\"https:\/\/www.chocolate7.com\/shop\/tavoletta\/fondente-inclusioni-ripieno-aromatizzato\/luisa-abram-brasile-rio-tocantins-con-cupuacu\/#primaryimage\"},\"thumbnailUrl\":\"https:\/\/www.chocolate7.com\/wp-content\/uploads\/2024\/11\/Screenshot_20241102_125852_Instagram-e1730550497405.jpg\",\"datePublished\":\"2024-11-02T12:05:40+00:00\",\"dateModified\":\"2024-11-02T12:34:33+00:00\",\"breadcrumb\":{\"@id\":\"https:\/\/www.chocolate7.com\/shop\/tavoletta\/fondente-inclusioni-ripieno-aromatizzato\/luisa-abram-brasile-rio-tocantins-con-cupuacu\/#breadcrumb\"},\"inLanguage\":\"en-US\",\"potentialAction\":[{\"@type\":\"ReadAction\",\"target\":[\"https:\/\/www.chocolate7.com\/shop\/tavoletta\/fondente-inclusioni-ripieno-aromatizzato\/luisa-abram-brasile-rio-tocantins-con-cupuacu\/\"]}]},{\"@type\":\"ImageObject\",\"inLanguage\":\"en-US\",\"@id\":\"https:\/\/www.chocolate7.com\/shop\/tavoletta\/fondente-inclusioni-ripieno-aromatizzato\/luisa-abram-brasile-rio-tocantins-con-cupuacu\/#primaryimage\",\"url\":\"https:\/\/www.chocolate7.com\/wp-content\/uploads\/2024\/11\/Screenshot_20241102_125852_Instagram-e1730550497405.jpg\",\"contentUrl\":\"https:\/\/www.chocolate7.com\/wp-content\/uploads\/2024\/11\/Screenshot_20241102_125852_Instagram-e1730550497405.jpg\",\"width\":600,\"height\":599},{\"@type\":\"BreadcrumbList\",\"@id\":\"https:\/\/www.chocolate7.com\/shop\/tavoletta\/fondente-inclusioni-ripieno-aromatizzato\/luisa-abram-brasile-rio-tocantins-con-cupuacu\/#breadcrumb\",\"itemListElement\":[{\"@type\":\"ListItem\",\"position\":1,\"name\":\"Home\",\"item\":\"https:\/\/www.chocolate7.com\/en\/\"},{\"@type\":\"ListItem\",\"position\":2,\"name\":\"Shop\",\"item\":\"https:\/\/www.chocolate7.com\/en\/store\/\"},{\"@type\":\"ListItem\",\"position\":3,\"name\":\"Luisa Abram Brazil Rio Tocantins with cupua\u00e7u\"}]},{\"@type\":\"WebSite\",\"@id\":\"https:\/\/www.chocolate7.com\/#website\",\"url\":\"https:\/\/www.chocolate7.com\/\",\"name\":\"Chocolate7\",\"description\":\"The fine &amp; luxury chocolate selection\",\"publisher\":{\"@id\":\"https:\/\/www.chocolate7.com\/#organization\"},\"potentialAction\":[{\"@type\":\"SearchAction\",\"target\":{\"@type\":\"EntryPoint\",\"urlTemplate\":\"https:\/\/www.chocolate7.com\/?s={search_term_string}\"},\"query-input\":\"required name=search_term_string\"}],\"inLanguage\":\"en-US\"},{\"@type\":\"Organization\",\"@id\":\"https:\/\/www.chocolate7.com\/#organization\",\"name\":\"Choc7 di Benedetto Giovanni\",\"url\":\"https:\/\/www.chocolate7.com\/\",\"logo\":{\"@type\":\"ImageObject\",\"inLanguage\":\"en-US\",\"@id\":\"https:\/\/www.chocolate7.com\/#\/schema\/logo\/image\/\",\"url\":\"https:\/\/www.chocolate7.com\/wp-content\/uploads\/2018\/10\/logo_chocolate.png\",\"contentUrl\":\"https:\/\/www.chocolate7.com\/wp-content\/uploads\/2018\/10\/logo_chocolate.png\",\"width\":200,\"height\":41,\"caption\":\"Choc7 di Benedetto Giovanni\"},\"image\":{\"@id\":\"https:\/\/www.chocolate7.com\/#\/schema\/logo\/image\/\"},\"sameAs\":[\"https:\/\/www.facebook.com\/cremino.gianduia.1\",\"https:\/\/x.com\/GianduiaCremino\",\"https:\/\/www.instagram.com\/creminogianduia\/\",\"https:\/\/www.pinterest.com.au\/creminogianduia\/\",\"https:\/\/www.youtube.com\/channel\/UCWFQlcc9EQnAsLkD8rBsgig\"]}]}<\/script>\n<!-- \/ Yoast SEO plugin. -->","yoast_head_json":{"title":"Luisa Abram Brazil Rio Tocantins with cupua\u00e7u - Chocolate7","robots":{"index":"index","follow":"follow","max-snippet":"max-snippet:-1","max-image-preview":"max-image-preview:large","max-video-preview":"max-video-preview:-1"},"canonical":"https:\/\/www.chocolate7.com\/shop\/tavoletta\/fondente-inclusioni-ripieno-aromatizzato\/luisa-abram-brasile-rio-tocantins-con-cupuacu\/","og_locale":"en_US","og_type":"article","og_title":"Luisa Abram Brazil Rio Tocantins with cupua\u00e7u - Chocolate7","og_description":"Luisa Abram is a bean to bar chocolate maker from Brazil. This fine chocolate bar is made with cocoa from Brazil (Rio Tocantins). Luisa Abram Brazil Rio Tocantins with cupua\u00e7u 70% is a pleasantly acidic and sweet dark chocolate, with aromatic notes of honey, orange, lemon, mandarin, passion fruit, pear, cupua\u00e7u, raisins, grappa, cider, caramel.  Cupua\u00e7u, like cocoa, is a species of Theobroma and is found in abundance in the Amazon rainforest. The sweet scent of its ripe fruits spreads throughout the forest, attracting numerous animals and insects.  &nbsp;","og_url":"https:\/\/www.chocolate7.com\/shop\/tavoletta\/fondente-inclusioni-ripieno-aromatizzato\/luisa-abram-brasile-rio-tocantins-con-cupuacu\/","og_site_name":"Chocolate7","article_publisher":"https:\/\/www.facebook.com\/cremino.gianduia.1","article_modified_time":"2024-11-02T12:34:33+00:00","og_image":[{"width":600,"height":599,"url":"https:\/\/www.chocolate7.com\/wp-content\/uploads\/2024\/11\/Screenshot_20241102_125852_Instagram-e1730550497405.jpg","type":"image\/jpeg"}],"twitter_card":"summary_large_image","twitter_site":"@GianduiaCremino","twitter_misc":{"Est. reading time":"1 minute"},"schema":{"@context":"https:\/\/schema.org","@graph":[{"@type":"WebPage","@id":"https:\/\/www.chocolate7.com\/shop\/tavoletta\/fondente-inclusioni-ripieno-aromatizzato\/luisa-abram-brasile-rio-tocantins-con-cupuacu\/","url":"https:\/\/www.chocolate7.com\/shop\/tavoletta\/fondente-inclusioni-ripieno-aromatizzato\/luisa-abram-brasile-rio-tocantins-con-cupuacu\/","name":"Luisa Abram Brazil Rio Tocantins with cupua\u00e7u - Chocolate7","isPartOf":{"@id":"https:\/\/www.chocolate7.com\/#website"},"primaryImageOfPage":{"@id":"https:\/\/www.chocolate7.com\/shop\/tavoletta\/fondente-inclusioni-ripieno-aromatizzato\/luisa-abram-brasile-rio-tocantins-con-cupuacu\/#primaryimage"},"image":{"@id":"https:\/\/www.chocolate7.com\/shop\/tavoletta\/fondente-inclusioni-ripieno-aromatizzato\/luisa-abram-brasile-rio-tocantins-con-cupuacu\/#primaryimage"},"thumbnailUrl":"https:\/\/www.chocolate7.com\/wp-content\/uploads\/2024\/11\/Screenshot_20241102_125852_Instagram-e1730550497405.jpg","datePublished":"2024-11-02T12:05:40+00:00","dateModified":"2024-11-02T12:34:33+00:00","breadcrumb":{"@id":"https:\/\/www.chocolate7.com\/shop\/tavoletta\/fondente-inclusioni-ripieno-aromatizzato\/luisa-abram-brasile-rio-tocantins-con-cupuacu\/#breadcrumb"},"inLanguage":"en-US","potentialAction":[{"@type":"ReadAction","target":["https:\/\/www.chocolate7.com\/shop\/tavoletta\/fondente-inclusioni-ripieno-aromatizzato\/luisa-abram-brasile-rio-tocantins-con-cupuacu\/"]}]},{"@type":"ImageObject","inLanguage":"en-US","@id":"https:\/\/www.chocolate7.com\/shop\/tavoletta\/fondente-inclusioni-ripieno-aromatizzato\/luisa-abram-brasile-rio-tocantins-con-cupuacu\/#primaryimage","url":"https:\/\/www.chocolate7.com\/wp-content\/uploads\/2024\/11\/Screenshot_20241102_125852_Instagram-e1730550497405.jpg","contentUrl":"https:\/\/www.chocolate7.com\/wp-content\/uploads\/2024\/11\/Screenshot_20241102_125852_Instagram-e1730550497405.jpg","width":600,"height":599},{"@type":"BreadcrumbList","@id":"https:\/\/www.chocolate7.com\/shop\/tavoletta\/fondente-inclusioni-ripieno-aromatizzato\/luisa-abram-brasile-rio-tocantins-con-cupuacu\/#breadcrumb","itemListElement":[{"@type":"ListItem","position":1,"name":"Home","item":"https:\/\/www.chocolate7.com\/en\/"},{"@type":"ListItem","position":2,"name":"Shop","item":"https:\/\/www.chocolate7.com\/en\/store\/"},{"@type":"ListItem","position":3,"name":"Luisa Abram Brazil Rio Tocantins with cupua\u00e7u"}]},{"@type":"WebSite","@id":"https:\/\/www.chocolate7.com\/#website","url":"https:\/\/www.chocolate7.com\/","name":"Chocolate7","description":"The fine &amp; luxury chocolate selection","publisher":{"@id":"https:\/\/www.chocolate7.com\/#organization"},"potentialAction":[{"@type":"SearchAction","target":{"@type":"EntryPoint","urlTemplate":"https:\/\/www.chocolate7.com\/?s={search_term_string}"},"query-input":"required name=search_term_string"}],"inLanguage":"en-US"},{"@type":"Organization","@id":"https:\/\/www.chocolate7.com\/#organization","name":"Choc7 di Benedetto Giovanni","url":"https:\/\/www.chocolate7.com\/","logo":{"@type":"ImageObject","inLanguage":"en-US","@id":"https:\/\/www.chocolate7.com\/#\/schema\/logo\/image\/","url":"https:\/\/www.chocolate7.com\/wp-content\/uploads\/2018\/10\/logo_chocolate.png","contentUrl":"https:\/\/www.chocolate7.com\/wp-content\/uploads\/2018\/10\/logo_chocolate.png","width":200,"height":41,"caption":"Choc7 di Benedetto Giovanni"},"image":{"@id":"https:\/\/www.chocolate7.com\/#\/schema\/logo\/image\/"},"sameAs":["https:\/\/www.facebook.com\/cremino.gianduia.1","https:\/\/x.com\/GianduiaCremino","https:\/\/www.instagram.com\/creminogianduia\/","https:\/\/www.pinterest.com.au\/creminogianduia\/","https:\/\/www.youtube.com\/channel\/UCWFQlcc9EQnAsLkD8rBsgig"]}]}},"brands":[{"id":3402,"name":"Luisa Abram","slug":"luisa-abram-en"}],"_links":{"self":[{"href":"https:\/\/www.chocolate7.com\/en\/wp-json\/wp\/v2\/product\/34027","targetHints":{"allow":["GET"]}}],"collection":[{"href":"https:\/\/www.chocolate7.com\/en\/wp-json\/wp\/v2\/product"}],"about":[{"href":"https:\/\/www.chocolate7.com\/en\/wp-json\/wp\/v2\/types\/product"}],"wp:featuredmedia":[{"embeddable":true,"href":"https:\/\/www.chocolate7.com\/en\/wp-json\/wp\/v2\/media\/34029"}],"wp:attachment":[{"href":"https:\/\/www.chocolate7.com\/en\/wp-json\/wp\/v2\/media?parent=34027"}],"wp:term":[{"taxonomy":"pwb-brand","embeddable":true,"href":"https:\/\/www.chocolate7.com\/en\/wp-json\/wp\/v2\/pwb-brand?post=34027"},{"taxonomy":"product_brand","embeddable":true,"href":"https:\/\/www.chocolate7.com\/en\/wp-json\/wp\/v2\/product_brand?post=34027"},{"taxonomy":"product_cat","embeddable":true,"href":"https:\/\/www.chocolate7.com\/en\/wp-json\/wp\/v2\/product_cat?post=34027"},{"taxonomy":"product_tag","embeddable":true,"href":"https:\/\/www.chocolate7.com\/en\/wp-json\/wp\/v2\/product_tag?post=34027"},{"taxonomy":"giftcard-category","embeddable":true,"href":"https:\/\/www.chocolate7.com\/en\/wp-json\/wp\/v2\/giftcard-category?post=34027"}],"curies":[{"name":"wp","href":"https:\/\/api.w.org\/{rel}","templated":true}]}}