{"id":34099,"date":"2024-11-19T19:55:19","date_gmt":"2024-11-19T18:55:19","guid":{"rendered":"https:\/\/www.chocolate7.com\/?post_type=product&#038;p=34099"},"modified":"2024-11-19T20:09:46","modified_gmt":"2024-11-19T19:09:46","slug":"feliu-chocolate-messico-chiapas-soconusco-copia","status":"publish","type":"product","link":"https:\/\/www.chocolate7.com\/en\/shop\/bar\/dark-chocolate-en-2\/feliu-chocolate-messico-chiapas-soconusco-copia\/","title":{"rendered":"Feliu chocolate Mexico Chiapas Finca la Rioja"},"content":{"rendered":"<p style=\"text-align: left\">Dark chocolate bar &#8211; Made by Feliu chocolate<\/p>\n<p>Este chocolate est\u00e1 hecho con cacao criollo mexicano, de interior blanco, que le da un color ocre claro al chocolate. Es un tipo de cacao escaso, de textura muy cremosa y poco amargo, avellanado y suave.<\/p>\n<p>La\u00a0variedad criolla se desarroll\u00f3 en cultivos mexicanos durante siglos, seleccionada por agricultores de todas las culturas. Hoy en d\u00eda quedan pocos \u00e1rboles y muy dispersos: la finca La Rioja, en Chiapas, conserva un peque\u00f1o huerto monovarietal, del que\u00a0hacemos este chocolate.<\/p>\n","protected":false},"excerpt":{"rendered":"<p>Feliu chocolate is a bean to bar chocolate maker from Mexico. This fine chocolate bar is made with cocoa from Mexico (Chiapas, Finca la Rioja). Feliu chocolate Mexico Chiapas Finca la Rioja 73% is a chocolate with a pleasantly sweet and acidic taste, with aromatic notes of honey, grapefruit, walnut, pistachio, ginger.<\/p>\n<p>&nbsp;<\/p>\n","protected":false},"featured_media":34101,"template":"","meta":[],"pwb-brand":[12261],"product_brand":[],"product_cat":[3251,3255],"product_tag":[],"giftcard-category":[],"class_list":{"0":"post-34099","1":"product","2":"type-product","3":"status-publish","4":"has-post-thumbnail","6":"pwb-brand-feliu-chocolate-en","7":"product_cat-bar","8":"product_cat-dark-chocolate-en-2","9":"pa_acidita-3-en","10":"pa_allergeni-may-contain-traces-of-nuts-and-milk","11":"pa_amarezza-1-en","12":"pa_astringenza-0-en","13":"pa_cacao-70-79-en","14":"pa_carboidrati-51-g-en","15":"pa_carboidrati-zuccheri-30-g-en","16":"pa_codice-a-barre-7500464366801-en","17":"pa_dolcezza-5-en","18":"pa_grassi-40-g-en","19":"pa_grassi-saturi-25-g-en","20":"pa_ingredienti-cocoa-beans-sugar-and-cocoa-butter","21":"pa_note-di-degustazione-honey-grapefruit-walnut-pistachio-ginger","22":"pa_paese-delle-fave-di-cacao-mexico","23":"pa_paese-produttore-mexico","24":"pa_percentuale-di-cacao-73-en","25":"pa_proteine-8-g-en","26":"pa_regione-chiapas-en","27":"pa_sale-08-mg-en","28":"pa_tipo-di-cioccolato-fondente-en","29":"pa_valore-energetico-571-kcal-2389-kj-en","30":"pa_varieta-delle-fave-finca-la-rioja-en","32":"first","33":"outofstock","34":"taxable","35":"shipping-taxable","36":"purchasable","37":"product-type-simple"},"yoast_head":"<!-- This site is optimized with the Yoast SEO plugin v23.3 - https:\/\/yoast.com\/wordpress\/plugins\/seo\/ -->\n<title>Feliu chocolate Mexico Chiapas Finca la Rioja - Chocolate7<\/title>\n<meta name=\"robots\" content=\"index, follow, max-snippet:-1, max-image-preview:large, max-video-preview:-1\" \/>\n<link rel=\"canonical\" href=\"https:\/\/www.chocolate7.com\/shop\/tavoletta\/fondente\/feliu-chocolate-messico-chiapas-finca-la-rioja\/\" \/>\n<meta property=\"og:locale\" content=\"en_US\" \/>\n<meta property=\"og:type\" content=\"article\" \/>\n<meta property=\"og:title\" content=\"Feliu chocolate Mexico Chiapas Finca la Rioja - Chocolate7\" \/>\n<meta property=\"og:description\" content=\"Feliu chocolate is a bean to bar chocolate maker from Mexico. This fine chocolate bar is made with cocoa from Mexico (Chiapas, Finca la Rioja). Feliu chocolate Mexico Chiapas Finca la Rioja 73% is a chocolate with a pleasantly sweet and acidic taste, with aromatic notes of honey, grapefruit, walnut, pistachio, ginger.  &nbsp;\" \/>\n<meta property=\"og:url\" content=\"https:\/\/www.chocolate7.com\/shop\/tavoletta\/fondente\/feliu-chocolate-messico-chiapas-finca-la-rioja\/\" \/>\n<meta property=\"og:site_name\" content=\"Chocolate7\" \/>\n<meta property=\"article:publisher\" content=\"https:\/\/www.facebook.com\/cremino.gianduia.1\" \/>\n<meta property=\"article:modified_time\" content=\"2024-11-19T19:09:46+00:00\" \/>\n<meta property=\"og:image\" content=\"https:\/\/www.chocolate7.com\/wp-content\/uploads\/2024\/11\/Screenshot_20241119_194416_Instagram-e1732043216879.jpg\" \/>\n\t<meta property=\"og:image:width\" content=\"600\" \/>\n\t<meta property=\"og:image:height\" content=\"596\" \/>\n\t<meta property=\"og:image:type\" content=\"image\/jpeg\" \/>\n<meta name=\"twitter:card\" content=\"summary_large_image\" \/>\n<meta name=\"twitter:site\" content=\"@GianduiaCremino\" \/>\n<script type=\"application\/ld+json\" class=\"yoast-schema-graph\">{\"@context\":\"https:\/\/schema.org\",\"@graph\":[{\"@type\":\"WebPage\",\"@id\":\"https:\/\/www.chocolate7.com\/shop\/tavoletta\/fondente\/feliu-chocolate-messico-chiapas-finca-la-rioja\/\",\"url\":\"https:\/\/www.chocolate7.com\/shop\/tavoletta\/fondente\/feliu-chocolate-messico-chiapas-finca-la-rioja\/\",\"name\":\"Feliu chocolate Mexico Chiapas Finca la Rioja - Chocolate7\",\"isPartOf\":{\"@id\":\"https:\/\/www.chocolate7.com\/#website\"},\"primaryImageOfPage\":{\"@id\":\"https:\/\/www.chocolate7.com\/shop\/tavoletta\/fondente\/feliu-chocolate-messico-chiapas-finca-la-rioja\/#primaryimage\"},\"image\":{\"@id\":\"https:\/\/www.chocolate7.com\/shop\/tavoletta\/fondente\/feliu-chocolate-messico-chiapas-finca-la-rioja\/#primaryimage\"},\"thumbnailUrl\":\"https:\/\/www.chocolate7.com\/wp-content\/uploads\/2024\/11\/Screenshot_20241119_194416_Instagram-e1732043216879.jpg\",\"datePublished\":\"2024-11-19T18:55:19+00:00\",\"dateModified\":\"2024-11-19T19:09:46+00:00\",\"breadcrumb\":{\"@id\":\"https:\/\/www.chocolate7.com\/shop\/tavoletta\/fondente\/feliu-chocolate-messico-chiapas-finca-la-rioja\/#breadcrumb\"},\"inLanguage\":\"en-US\",\"potentialAction\":[{\"@type\":\"ReadAction\",\"target\":[\"https:\/\/www.chocolate7.com\/shop\/tavoletta\/fondente\/feliu-chocolate-messico-chiapas-finca-la-rioja\/\"]}]},{\"@type\":\"ImageObject\",\"inLanguage\":\"en-US\",\"@id\":\"https:\/\/www.chocolate7.com\/shop\/tavoletta\/fondente\/feliu-chocolate-messico-chiapas-finca-la-rioja\/#primaryimage\",\"url\":\"https:\/\/www.chocolate7.com\/wp-content\/uploads\/2024\/11\/Screenshot_20241119_194416_Instagram-e1732043216879.jpg\",\"contentUrl\":\"https:\/\/www.chocolate7.com\/wp-content\/uploads\/2024\/11\/Screenshot_20241119_194416_Instagram-e1732043216879.jpg\",\"width\":600,\"height\":596},{\"@type\":\"BreadcrumbList\",\"@id\":\"https:\/\/www.chocolate7.com\/shop\/tavoletta\/fondente\/feliu-chocolate-messico-chiapas-finca-la-rioja\/#breadcrumb\",\"itemListElement\":[{\"@type\":\"ListItem\",\"position\":1,\"name\":\"Home\",\"item\":\"https:\/\/www.chocolate7.com\/en\/\"},{\"@type\":\"ListItem\",\"position\":2,\"name\":\"Shop\",\"item\":\"https:\/\/www.chocolate7.com\/en\/store\/\"},{\"@type\":\"ListItem\",\"position\":3,\"name\":\"Feliu chocolate Mexico Chiapas Finca la Rioja\"}]},{\"@type\":\"WebSite\",\"@id\":\"https:\/\/www.chocolate7.com\/#website\",\"url\":\"https:\/\/www.chocolate7.com\/\",\"name\":\"Chocolate7\",\"description\":\"The fine &amp; luxury chocolate selection\",\"publisher\":{\"@id\":\"https:\/\/www.chocolate7.com\/#organization\"},\"potentialAction\":[{\"@type\":\"SearchAction\",\"target\":{\"@type\":\"EntryPoint\",\"urlTemplate\":\"https:\/\/www.chocolate7.com\/?s={search_term_string}\"},\"query-input\":\"required name=search_term_string\"}],\"inLanguage\":\"en-US\"},{\"@type\":\"Organization\",\"@id\":\"https:\/\/www.chocolate7.com\/#organization\",\"name\":\"Choc7 di Benedetto Giovanni\",\"url\":\"https:\/\/www.chocolate7.com\/\",\"logo\":{\"@type\":\"ImageObject\",\"inLanguage\":\"en-US\",\"@id\":\"https:\/\/www.chocolate7.com\/#\/schema\/logo\/image\/\",\"url\":\"https:\/\/www.chocolate7.com\/wp-content\/uploads\/2018\/10\/logo_chocolate.png\",\"contentUrl\":\"https:\/\/www.chocolate7.com\/wp-content\/uploads\/2018\/10\/logo_chocolate.png\",\"width\":200,\"height\":41,\"caption\":\"Choc7 di Benedetto Giovanni\"},\"image\":{\"@id\":\"https:\/\/www.chocolate7.com\/#\/schema\/logo\/image\/\"},\"sameAs\":[\"https:\/\/www.facebook.com\/cremino.gianduia.1\",\"https:\/\/x.com\/GianduiaCremino\",\"https:\/\/www.instagram.com\/creminogianduia\/\",\"https:\/\/www.pinterest.com.au\/creminogianduia\/\",\"https:\/\/www.youtube.com\/channel\/UCWFQlcc9EQnAsLkD8rBsgig\"]}]}<\/script>\n<!-- \/ Yoast SEO plugin. -->","yoast_head_json":{"title":"Feliu chocolate Mexico Chiapas Finca la Rioja - Chocolate7","robots":{"index":"index","follow":"follow","max-snippet":"max-snippet:-1","max-image-preview":"max-image-preview:large","max-video-preview":"max-video-preview:-1"},"canonical":"https:\/\/www.chocolate7.com\/shop\/tavoletta\/fondente\/feliu-chocolate-messico-chiapas-finca-la-rioja\/","og_locale":"en_US","og_type":"article","og_title":"Feliu chocolate Mexico Chiapas Finca la Rioja - Chocolate7","og_description":"Feliu chocolate is a bean to bar chocolate maker from Mexico. This fine chocolate bar is made with cocoa from Mexico (Chiapas, Finca la Rioja). Feliu chocolate Mexico Chiapas Finca la Rioja 73% is a chocolate with a pleasantly sweet and acidic taste, with aromatic notes of honey, grapefruit, walnut, pistachio, ginger.  &nbsp;","og_url":"https:\/\/www.chocolate7.com\/shop\/tavoletta\/fondente\/feliu-chocolate-messico-chiapas-finca-la-rioja\/","og_site_name":"Chocolate7","article_publisher":"https:\/\/www.facebook.com\/cremino.gianduia.1","article_modified_time":"2024-11-19T19:09:46+00:00","og_image":[{"width":600,"height":596,"url":"https:\/\/www.chocolate7.com\/wp-content\/uploads\/2024\/11\/Screenshot_20241119_194416_Instagram-e1732043216879.jpg","type":"image\/jpeg"}],"twitter_card":"summary_large_image","twitter_site":"@GianduiaCremino","schema":{"@context":"https:\/\/schema.org","@graph":[{"@type":"WebPage","@id":"https:\/\/www.chocolate7.com\/shop\/tavoletta\/fondente\/feliu-chocolate-messico-chiapas-finca-la-rioja\/","url":"https:\/\/www.chocolate7.com\/shop\/tavoletta\/fondente\/feliu-chocolate-messico-chiapas-finca-la-rioja\/","name":"Feliu chocolate Mexico Chiapas Finca la Rioja - Chocolate7","isPartOf":{"@id":"https:\/\/www.chocolate7.com\/#website"},"primaryImageOfPage":{"@id":"https:\/\/www.chocolate7.com\/shop\/tavoletta\/fondente\/feliu-chocolate-messico-chiapas-finca-la-rioja\/#primaryimage"},"image":{"@id":"https:\/\/www.chocolate7.com\/shop\/tavoletta\/fondente\/feliu-chocolate-messico-chiapas-finca-la-rioja\/#primaryimage"},"thumbnailUrl":"https:\/\/www.chocolate7.com\/wp-content\/uploads\/2024\/11\/Screenshot_20241119_194416_Instagram-e1732043216879.jpg","datePublished":"2024-11-19T18:55:19+00:00","dateModified":"2024-11-19T19:09:46+00:00","breadcrumb":{"@id":"https:\/\/www.chocolate7.com\/shop\/tavoletta\/fondente\/feliu-chocolate-messico-chiapas-finca-la-rioja\/#breadcrumb"},"inLanguage":"en-US","potentialAction":[{"@type":"ReadAction","target":["https:\/\/www.chocolate7.com\/shop\/tavoletta\/fondente\/feliu-chocolate-messico-chiapas-finca-la-rioja\/"]}]},{"@type":"ImageObject","inLanguage":"en-US","@id":"https:\/\/www.chocolate7.com\/shop\/tavoletta\/fondente\/feliu-chocolate-messico-chiapas-finca-la-rioja\/#primaryimage","url":"https:\/\/www.chocolate7.com\/wp-content\/uploads\/2024\/11\/Screenshot_20241119_194416_Instagram-e1732043216879.jpg","contentUrl":"https:\/\/www.chocolate7.com\/wp-content\/uploads\/2024\/11\/Screenshot_20241119_194416_Instagram-e1732043216879.jpg","width":600,"height":596},{"@type":"BreadcrumbList","@id":"https:\/\/www.chocolate7.com\/shop\/tavoletta\/fondente\/feliu-chocolate-messico-chiapas-finca-la-rioja\/#breadcrumb","itemListElement":[{"@type":"ListItem","position":1,"name":"Home","item":"https:\/\/www.chocolate7.com\/en\/"},{"@type":"ListItem","position":2,"name":"Shop","item":"https:\/\/www.chocolate7.com\/en\/store\/"},{"@type":"ListItem","position":3,"name":"Feliu chocolate Mexico Chiapas Finca la Rioja"}]},{"@type":"WebSite","@id":"https:\/\/www.chocolate7.com\/#website","url":"https:\/\/www.chocolate7.com\/","name":"Chocolate7","description":"The fine &amp; luxury chocolate selection","publisher":{"@id":"https:\/\/www.chocolate7.com\/#organization"},"potentialAction":[{"@type":"SearchAction","target":{"@type":"EntryPoint","urlTemplate":"https:\/\/www.chocolate7.com\/?s={search_term_string}"},"query-input":"required name=search_term_string"}],"inLanguage":"en-US"},{"@type":"Organization","@id":"https:\/\/www.chocolate7.com\/#organization","name":"Choc7 di Benedetto Giovanni","url":"https:\/\/www.chocolate7.com\/","logo":{"@type":"ImageObject","inLanguage":"en-US","@id":"https:\/\/www.chocolate7.com\/#\/schema\/logo\/image\/","url":"https:\/\/www.chocolate7.com\/wp-content\/uploads\/2018\/10\/logo_chocolate.png","contentUrl":"https:\/\/www.chocolate7.com\/wp-content\/uploads\/2018\/10\/logo_chocolate.png","width":200,"height":41,"caption":"Choc7 di Benedetto Giovanni"},"image":{"@id":"https:\/\/www.chocolate7.com\/#\/schema\/logo\/image\/"},"sameAs":["https:\/\/www.facebook.com\/cremino.gianduia.1","https:\/\/x.com\/GianduiaCremino","https:\/\/www.instagram.com\/creminogianduia\/","https:\/\/www.pinterest.com.au\/creminogianduia\/","https:\/\/www.youtube.com\/channel\/UCWFQlcc9EQnAsLkD8rBsgig"]}]}},"brands":[{"id":12261,"name":"Feliu chocolate","slug":"feliu-chocolate-en"}],"_links":{"self":[{"href":"https:\/\/www.chocolate7.com\/en\/wp-json\/wp\/v2\/product\/34099","targetHints":{"allow":["GET"]}}],"collection":[{"href":"https:\/\/www.chocolate7.com\/en\/wp-json\/wp\/v2\/product"}],"about":[{"href":"https:\/\/www.chocolate7.com\/en\/wp-json\/wp\/v2\/types\/product"}],"wp:featuredmedia":[{"embeddable":true,"href":"https:\/\/www.chocolate7.com\/en\/wp-json\/wp\/v2\/media\/34101"}],"wp:attachment":[{"href":"https:\/\/www.chocolate7.com\/en\/wp-json\/wp\/v2\/media?parent=34099"}],"wp:term":[{"taxonomy":"pwb-brand","embeddable":true,"href":"https:\/\/www.chocolate7.com\/en\/wp-json\/wp\/v2\/pwb-brand?post=34099"},{"taxonomy":"product_brand","embeddable":true,"href":"https:\/\/www.chocolate7.com\/en\/wp-json\/wp\/v2\/product_brand?post=34099"},{"taxonomy":"product_cat","embeddable":true,"href":"https:\/\/www.chocolate7.com\/en\/wp-json\/wp\/v2\/product_cat?post=34099"},{"taxonomy":"product_tag","embeddable":true,"href":"https:\/\/www.chocolate7.com\/en\/wp-json\/wp\/v2\/product_tag?post=34099"},{"taxonomy":"giftcard-category","embeddable":true,"href":"https:\/\/www.chocolate7.com\/en\/wp-json\/wp\/v2\/giftcard-category?post=34099"}],"curies":[{"name":"wp","href":"https:\/\/api.w.org\/{rel}","templated":true}]}}