{"id":34110,"date":"2024-11-21T19:46:40","date_gmt":"2024-11-21T18:46:40","guid":{"rendered":"https:\/\/www.chocolate7.com\/?post_type=product&#038;p=34110"},"modified":"2024-11-21T20:00:53","modified_gmt":"2024-11-21T19:00:53","slug":"fjak-tanzania-limited-edition-copia","status":"publish","type":"product","link":"https:\/\/www.chocolate7.com\/en\/shop\/bar\/dark-chocolate-en-2\/fjak-tanzania-limited-edition-copia\/","title":{"rendered":"FJ\u00c5K Colombia Tumaco LIMITED EDITION"},"content":{"rendered":"<p style=\"text-align: left\">Dark chocolate bar &#8211; Made by FJ\u00c5K<\/p>\n<p class=\"p1\">Round dark chocolate with notes of chocolate ganache, almond &amp; apple.<\/p>\n<p class=\"p1\">The Tumaco region has a vibrant mix of local cacao genetics, where producer associations are actively working to understand and propagate the unique genetics found throughout the forests around their communities. The beans used in this bar originate from four associations: Afromuvaras, Asprocat, Cortepaz and Corpoteva. Perfectly blended for flavour by Cacao Hunters in Colombia. Limited to 900 bars.<\/p>\n","protected":false},"excerpt":{"rendered":"<p>FJ\u00c5K is a bean to bar chocolate maker from Norway. This fine chocolate bar is made with cocoa from Colombia (Tumaco). FJ\u00c5K Colombia Tumaco LIMITED EDITION 70% is a dark chocolate with a sweet taste, with floral aromatic notes of lychee, apple, almond, pear jam, ganache, fresh bread, cloves, sesame.<\/p>\n<p>&nbsp;<\/p>\n","protected":false},"featured_media":34112,"template":"","meta":[],"pwb-brand":[5014],"product_brand":[],"product_cat":[3251,3255],"product_tag":[],"giftcard-category":[],"class_list":{"0":"post-34110","1":"product","2":"type-product","3":"status-publish","4":"has-post-thumbnail","6":"pwb-brand-fjak-en-2","7":"product_cat-bar","8":"product_cat-dark-chocolate-en-2","9":"pa_acidita-3-en","10":"pa_allergeni-vegan","11":"pa_allergeni-may-contain-traces-of-nuts-milk-gluten","12":"pa_amarezza-2-en","13":"pa_astringenza-0-en","14":"pa_cacao-70-79-en","15":"pa_carboidrati-32-g-en","16":"pa_carboidrati-zuccheri-28-g-en","17":"pa_codice-a-barre-7090053220893-en","18":"pa_conservazione-store-in-a-cool-and-dry-place-between-16-c-and-18-c","19":"pa_dolcezza-4-en","20":"pa_grassi-47-g-en","21":"pa_grassi-saturi-29-g-en","22":"pa_ingredienti-cocoa-beans-organic-cane-sugar-organic-cocoa-butter","23":"pa_note-di-degustazione-floral-notes-lychee-apple-almond-pear-jam-ganache-fresh-bread-cloves-sesame","24":"pa_paese-delle-fave-di-cacao-colombia-en","25":"pa_paese-produttore-norway","26":"pa_percentuale-di-cacao-70-en","27":"pa_proteine-71-g-en","28":"pa_regione-tumaco-en","29":"pa_sale-0-g-en","30":"pa_tipo-di-cioccolato-fondente-en","31":"pa_valore-energetico-559-kcal-en","33":"first","34":"instock","35":"taxable","36":"shipping-taxable","37":"purchasable","38":"product-type-simple"},"yoast_head":"<!-- This site is optimized with the Yoast SEO plugin v23.3 - https:\/\/yoast.com\/wordpress\/plugins\/seo\/ -->\n<title>FJ\u00c5K Colombia Tumaco LIMITED EDITION - Chocolate7<\/title>\n<meta name=\"robots\" content=\"index, follow, max-snippet:-1, max-image-preview:large, max-video-preview:-1\" \/>\n<link rel=\"canonical\" href=\"https:\/\/www.chocolate7.com\/shop\/tavoletta\/fondente\/fjak-colombia-tumaco-limited-edition\/\" \/>\n<meta property=\"og:locale\" content=\"en_US\" \/>\n<meta property=\"og:type\" content=\"article\" \/>\n<meta property=\"og:title\" content=\"FJ\u00c5K Colombia Tumaco LIMITED EDITION - Chocolate7\" \/>\n<meta property=\"og:description\" content=\"FJ\u00c5K is a bean to bar chocolate maker from Norway. This fine chocolate bar is made with cocoa from Colombia (Tumaco). FJ\u00c5K Colombia Tumaco LIMITED EDITION 70% is a dark chocolate with a sweet taste, with floral aromatic notes of lychee, apple, almond, pear jam, ganache, fresh bread, cloves, sesame.  &nbsp;\" \/>\n<meta property=\"og:url\" content=\"https:\/\/www.chocolate7.com\/shop\/tavoletta\/fondente\/fjak-colombia-tumaco-limited-edition\/\" \/>\n<meta property=\"og:site_name\" content=\"Chocolate7\" \/>\n<meta property=\"article:publisher\" content=\"https:\/\/www.facebook.com\/cremino.gianduia.1\" \/>\n<meta property=\"article:modified_time\" content=\"2024-11-21T19:00:53+00:00\" \/>\n<meta property=\"og:image\" content=\"https:\/\/www.chocolate7.com\/wp-content\/uploads\/2024\/11\/Screenshot_20241121_192641_Instagram-e1732215524395.jpg\" \/>\n\t<meta property=\"og:image:width\" content=\"600\" \/>\n\t<meta property=\"og:image:height\" content=\"596\" \/>\n\t<meta property=\"og:image:type\" content=\"image\/jpeg\" \/>\n<meta name=\"twitter:card\" content=\"summary_large_image\" \/>\n<meta name=\"twitter:site\" content=\"@GianduiaCremino\" \/>\n<script type=\"application\/ld+json\" class=\"yoast-schema-graph\">{\"@context\":\"https:\/\/schema.org\",\"@graph\":[{\"@type\":\"WebPage\",\"@id\":\"https:\/\/www.chocolate7.com\/shop\/tavoletta\/fondente\/fjak-colombia-tumaco-limited-edition\/\",\"url\":\"https:\/\/www.chocolate7.com\/shop\/tavoletta\/fondente\/fjak-colombia-tumaco-limited-edition\/\",\"name\":\"FJ\u00c5K Colombia Tumaco LIMITED EDITION - Chocolate7\",\"isPartOf\":{\"@id\":\"https:\/\/www.chocolate7.com\/#website\"},\"primaryImageOfPage\":{\"@id\":\"https:\/\/www.chocolate7.com\/shop\/tavoletta\/fondente\/fjak-colombia-tumaco-limited-edition\/#primaryimage\"},\"image\":{\"@id\":\"https:\/\/www.chocolate7.com\/shop\/tavoletta\/fondente\/fjak-colombia-tumaco-limited-edition\/#primaryimage\"},\"thumbnailUrl\":\"https:\/\/www.chocolate7.com\/wp-content\/uploads\/2024\/11\/Screenshot_20241121_192641_Instagram-e1732215524395.jpg\",\"datePublished\":\"2024-11-21T18:46:40+00:00\",\"dateModified\":\"2024-11-21T19:00:53+00:00\",\"breadcrumb\":{\"@id\":\"https:\/\/www.chocolate7.com\/shop\/tavoletta\/fondente\/fjak-colombia-tumaco-limited-edition\/#breadcrumb\"},\"inLanguage\":\"en-US\",\"potentialAction\":[{\"@type\":\"ReadAction\",\"target\":[\"https:\/\/www.chocolate7.com\/shop\/tavoletta\/fondente\/fjak-colombia-tumaco-limited-edition\/\"]}]},{\"@type\":\"ImageObject\",\"inLanguage\":\"en-US\",\"@id\":\"https:\/\/www.chocolate7.com\/shop\/tavoletta\/fondente\/fjak-colombia-tumaco-limited-edition\/#primaryimage\",\"url\":\"https:\/\/www.chocolate7.com\/wp-content\/uploads\/2024\/11\/Screenshot_20241121_192641_Instagram-e1732215524395.jpg\",\"contentUrl\":\"https:\/\/www.chocolate7.com\/wp-content\/uploads\/2024\/11\/Screenshot_20241121_192641_Instagram-e1732215524395.jpg\",\"width\":600,\"height\":596},{\"@type\":\"BreadcrumbList\",\"@id\":\"https:\/\/www.chocolate7.com\/shop\/tavoletta\/fondente\/fjak-colombia-tumaco-limited-edition\/#breadcrumb\",\"itemListElement\":[{\"@type\":\"ListItem\",\"position\":1,\"name\":\"Home\",\"item\":\"https:\/\/www.chocolate7.com\/en\/\"},{\"@type\":\"ListItem\",\"position\":2,\"name\":\"Shop\",\"item\":\"https:\/\/www.chocolate7.com\/en\/store\/\"},{\"@type\":\"ListItem\",\"position\":3,\"name\":\"FJ\u00c5K Colombia Tumaco LIMITED EDITION\"}]},{\"@type\":\"WebSite\",\"@id\":\"https:\/\/www.chocolate7.com\/#website\",\"url\":\"https:\/\/www.chocolate7.com\/\",\"name\":\"Chocolate7\",\"description\":\"The fine &amp; luxury chocolate selection\",\"publisher\":{\"@id\":\"https:\/\/www.chocolate7.com\/#organization\"},\"potentialAction\":[{\"@type\":\"SearchAction\",\"target\":{\"@type\":\"EntryPoint\",\"urlTemplate\":\"https:\/\/www.chocolate7.com\/?s={search_term_string}\"},\"query-input\":\"required name=search_term_string\"}],\"inLanguage\":\"en-US\"},{\"@type\":\"Organization\",\"@id\":\"https:\/\/www.chocolate7.com\/#organization\",\"name\":\"Choc7 di Benedetto Giovanni\",\"url\":\"https:\/\/www.chocolate7.com\/\",\"logo\":{\"@type\":\"ImageObject\",\"inLanguage\":\"en-US\",\"@id\":\"https:\/\/www.chocolate7.com\/#\/schema\/logo\/image\/\",\"url\":\"https:\/\/www.chocolate7.com\/wp-content\/uploads\/2018\/10\/logo_chocolate.png\",\"contentUrl\":\"https:\/\/www.chocolate7.com\/wp-content\/uploads\/2018\/10\/logo_chocolate.png\",\"width\":200,\"height\":41,\"caption\":\"Choc7 di Benedetto Giovanni\"},\"image\":{\"@id\":\"https:\/\/www.chocolate7.com\/#\/schema\/logo\/image\/\"},\"sameAs\":[\"https:\/\/www.facebook.com\/cremino.gianduia.1\",\"https:\/\/x.com\/GianduiaCremino\",\"https:\/\/www.instagram.com\/creminogianduia\/\",\"https:\/\/www.pinterest.com.au\/creminogianduia\/\",\"https:\/\/www.youtube.com\/channel\/UCWFQlcc9EQnAsLkD8rBsgig\"]}]}<\/script>\n<!-- \/ Yoast SEO plugin. -->","yoast_head_json":{"title":"FJ\u00c5K Colombia Tumaco LIMITED EDITION - Chocolate7","robots":{"index":"index","follow":"follow","max-snippet":"max-snippet:-1","max-image-preview":"max-image-preview:large","max-video-preview":"max-video-preview:-1"},"canonical":"https:\/\/www.chocolate7.com\/shop\/tavoletta\/fondente\/fjak-colombia-tumaco-limited-edition\/","og_locale":"en_US","og_type":"article","og_title":"FJ\u00c5K Colombia Tumaco LIMITED EDITION - Chocolate7","og_description":"FJ\u00c5K is a bean to bar chocolate maker from Norway. This fine chocolate bar is made with cocoa from Colombia (Tumaco). FJ\u00c5K Colombia Tumaco LIMITED EDITION 70% is a dark chocolate with a sweet taste, with floral aromatic notes of lychee, apple, almond, pear jam, ganache, fresh bread, cloves, sesame.  &nbsp;","og_url":"https:\/\/www.chocolate7.com\/shop\/tavoletta\/fondente\/fjak-colombia-tumaco-limited-edition\/","og_site_name":"Chocolate7","article_publisher":"https:\/\/www.facebook.com\/cremino.gianduia.1","article_modified_time":"2024-11-21T19:00:53+00:00","og_image":[{"width":600,"height":596,"url":"https:\/\/www.chocolate7.com\/wp-content\/uploads\/2024\/11\/Screenshot_20241121_192641_Instagram-e1732215524395.jpg","type":"image\/jpeg"}],"twitter_card":"summary_large_image","twitter_site":"@GianduiaCremino","schema":{"@context":"https:\/\/schema.org","@graph":[{"@type":"WebPage","@id":"https:\/\/www.chocolate7.com\/shop\/tavoletta\/fondente\/fjak-colombia-tumaco-limited-edition\/","url":"https:\/\/www.chocolate7.com\/shop\/tavoletta\/fondente\/fjak-colombia-tumaco-limited-edition\/","name":"FJ\u00c5K Colombia Tumaco LIMITED EDITION - Chocolate7","isPartOf":{"@id":"https:\/\/www.chocolate7.com\/#website"},"primaryImageOfPage":{"@id":"https:\/\/www.chocolate7.com\/shop\/tavoletta\/fondente\/fjak-colombia-tumaco-limited-edition\/#primaryimage"},"image":{"@id":"https:\/\/www.chocolate7.com\/shop\/tavoletta\/fondente\/fjak-colombia-tumaco-limited-edition\/#primaryimage"},"thumbnailUrl":"https:\/\/www.chocolate7.com\/wp-content\/uploads\/2024\/11\/Screenshot_20241121_192641_Instagram-e1732215524395.jpg","datePublished":"2024-11-21T18:46:40+00:00","dateModified":"2024-11-21T19:00:53+00:00","breadcrumb":{"@id":"https:\/\/www.chocolate7.com\/shop\/tavoletta\/fondente\/fjak-colombia-tumaco-limited-edition\/#breadcrumb"},"inLanguage":"en-US","potentialAction":[{"@type":"ReadAction","target":["https:\/\/www.chocolate7.com\/shop\/tavoletta\/fondente\/fjak-colombia-tumaco-limited-edition\/"]}]},{"@type":"ImageObject","inLanguage":"en-US","@id":"https:\/\/www.chocolate7.com\/shop\/tavoletta\/fondente\/fjak-colombia-tumaco-limited-edition\/#primaryimage","url":"https:\/\/www.chocolate7.com\/wp-content\/uploads\/2024\/11\/Screenshot_20241121_192641_Instagram-e1732215524395.jpg","contentUrl":"https:\/\/www.chocolate7.com\/wp-content\/uploads\/2024\/11\/Screenshot_20241121_192641_Instagram-e1732215524395.jpg","width":600,"height":596},{"@type":"BreadcrumbList","@id":"https:\/\/www.chocolate7.com\/shop\/tavoletta\/fondente\/fjak-colombia-tumaco-limited-edition\/#breadcrumb","itemListElement":[{"@type":"ListItem","position":1,"name":"Home","item":"https:\/\/www.chocolate7.com\/en\/"},{"@type":"ListItem","position":2,"name":"Shop","item":"https:\/\/www.chocolate7.com\/en\/store\/"},{"@type":"ListItem","position":3,"name":"FJ\u00c5K Colombia Tumaco LIMITED EDITION"}]},{"@type":"WebSite","@id":"https:\/\/www.chocolate7.com\/#website","url":"https:\/\/www.chocolate7.com\/","name":"Chocolate7","description":"The fine &amp; luxury chocolate selection","publisher":{"@id":"https:\/\/www.chocolate7.com\/#organization"},"potentialAction":[{"@type":"SearchAction","target":{"@type":"EntryPoint","urlTemplate":"https:\/\/www.chocolate7.com\/?s={search_term_string}"},"query-input":"required name=search_term_string"}],"inLanguage":"en-US"},{"@type":"Organization","@id":"https:\/\/www.chocolate7.com\/#organization","name":"Choc7 di Benedetto Giovanni","url":"https:\/\/www.chocolate7.com\/","logo":{"@type":"ImageObject","inLanguage":"en-US","@id":"https:\/\/www.chocolate7.com\/#\/schema\/logo\/image\/","url":"https:\/\/www.chocolate7.com\/wp-content\/uploads\/2018\/10\/logo_chocolate.png","contentUrl":"https:\/\/www.chocolate7.com\/wp-content\/uploads\/2018\/10\/logo_chocolate.png","width":200,"height":41,"caption":"Choc7 di Benedetto Giovanni"},"image":{"@id":"https:\/\/www.chocolate7.com\/#\/schema\/logo\/image\/"},"sameAs":["https:\/\/www.facebook.com\/cremino.gianduia.1","https:\/\/x.com\/GianduiaCremino","https:\/\/www.instagram.com\/creminogianduia\/","https:\/\/www.pinterest.com.au\/creminogianduia\/","https:\/\/www.youtube.com\/channel\/UCWFQlcc9EQnAsLkD8rBsgig"]}]}},"brands":[{"id":5014,"name":"FJ\u00c5K","slug":"fjak-en-2"}],"_links":{"self":[{"href":"https:\/\/www.chocolate7.com\/en\/wp-json\/wp\/v2\/product\/34110","targetHints":{"allow":["GET"]}}],"collection":[{"href":"https:\/\/www.chocolate7.com\/en\/wp-json\/wp\/v2\/product"}],"about":[{"href":"https:\/\/www.chocolate7.com\/en\/wp-json\/wp\/v2\/types\/product"}],"wp:featuredmedia":[{"embeddable":true,"href":"https:\/\/www.chocolate7.com\/en\/wp-json\/wp\/v2\/media\/34112"}],"wp:attachment":[{"href":"https:\/\/www.chocolate7.com\/en\/wp-json\/wp\/v2\/media?parent=34110"}],"wp:term":[{"taxonomy":"pwb-brand","embeddable":true,"href":"https:\/\/www.chocolate7.com\/en\/wp-json\/wp\/v2\/pwb-brand?post=34110"},{"taxonomy":"product_brand","embeddable":true,"href":"https:\/\/www.chocolate7.com\/en\/wp-json\/wp\/v2\/product_brand?post=34110"},{"taxonomy":"product_cat","embeddable":true,"href":"https:\/\/www.chocolate7.com\/en\/wp-json\/wp\/v2\/product_cat?post=34110"},{"taxonomy":"product_tag","embeddable":true,"href":"https:\/\/www.chocolate7.com\/en\/wp-json\/wp\/v2\/product_tag?post=34110"},{"taxonomy":"giftcard-category","embeddable":true,"href":"https:\/\/www.chocolate7.com\/en\/wp-json\/wp\/v2\/giftcard-category?post=34110"}],"curies":[{"name":"wp","href":"https:\/\/api.w.org\/{rel}","templated":true}]}}