{"id":34119,"date":"2024-11-22T17:41:38","date_gmt":"2024-11-22T16:41:38","guid":{"rendered":"https:\/\/www.chocolate7.com\/?post_type=product&#038;p=34119"},"modified":"2025-03-11T00:53:07","modified_gmt":"2025-03-10T23:53:07","slug":"ajala-dominican-republic-oko-caribe-copia","status":"publish","type":"product","link":"https:\/\/www.chocolate7.com\/en\/shop\/bar\/dark-chocolate-en-2\/ajala-dominican-republic-oko-caribe-copia\/","title":{"rendered":"Ajala Ecuador Hacienda Limon"},"content":{"rendered":"<p style=\"text-align: left\">Dark chocolate bar &#8211; Made by Ajala<\/p>\n<p><b>Jedine\u010dnou a neopakovatelnou chu\u0165 single origin \u010dokol\u00e1d zaru\u010duj\u00ed kakaov\u00e9 boby, kter\u00e9 poch\u00e1z\u00ed z jedin\u00e9ho regionu nebo farmy.<\/b>\u00a0Ka\u017ed\u00e1 single origin tabulka tak\u00a0<b>odr\u00e1\u017e\u00ed<\/b>\u00a0<b>unik\u00e1tn\u00ed charakter m\u00edsta p\u016fvodu bob\u016f\u00a0<\/b>dan\u00fd nejen geografickou polohou, ale tak\u00e9 slo\u017een\u00edm p\u016fdy, intenzitou slune\u010dn\u00edch paprsk\u016f, nebo rozmanitost\u00ed okoln\u00ed vegetace.\u00a0Abychom nechali co nejv\u00edce vyniknout<b>\u00a0p\u0159irozen\u00e9 t\u00f3ny<\/b>\u00a0jednotliv\u00fdch kakaov\u00fdch bob\u016f, p\u0159id\u00e1v\u00e1me k nim<b>\u00a0pouze jednu dal\u0161\u00ed surovinu<\/b>\u00a0&#8211;\u00a0<b>su\u0161enou t\u0159tinovou \u0161\u0165\u00e1vu, neboli panelu<\/b>.<\/p>\n<p>Tato \u010dokol\u00e1da je vyroben\u00e1 z kakaov\u00fdch bob\u016f vz\u00e1cn\u00e9 odr\u016fdy Nacional p\u011bstovan\u00e9 p\u0159\u00edmo v srdci Ekv\u00e1doru. Kvalitn\u00ed p\u0159\u00edstup v r\u00e1mci p\u011bstov\u00e1n\u00ed kakaa, pe\u010dlivou fermentaci a su\u0161en\u00ed tam zaji\u0161\u0165uje farma Hacienda Limon. Kakaov\u00e9 boby Nacional pat\u0159\u00ed mezi nejvyhled\u00e1van\u011bj\u0161\u00ed na sv\u011bt\u011b, maj\u00ed neobvykl\u00e9 kv\u011btinov\u00e9 aroma a v\u00fdjime\u010dn\u011b pestr\u00fd chu\u0165ov\u00fd profil.<\/p>\n","protected":false},"excerpt":{"rendered":"<p>Ajala is a bean to bar chocolate maker from Czech Republic. This fine chocolate bar is made with cocoa from Ecuador (Hacienda Limon). Ajala Ecuador Hacienda Limon 70% is a dark chocolate with a pleasantly sweet taste, with aromatic notes of flowers, honey, berries, toasted almond, vanilla, cocoa biscuit, tea.<\/p>\n<p>&nbsp;<\/p>\n","protected":false},"featured_media":34121,"template":"","meta":[],"pwb-brand":[3285],"product_brand":[],"product_cat":[3251,3255],"product_tag":[],"giftcard-category":[],"class_list":{"0":"post-34119","1":"product","2":"type-product","3":"status-publish","4":"has-post-thumbnail","6":"pwb-brand-ajala-en","7":"product_cat-bar","8":"product_cat-dark-chocolate-en-2","9":"pa_acidita-1-en","10":"pa_allergeni-may-contain-traces-of-nuts-en","11":"pa_amarezza-1-en","12":"pa_astringenza-0-en","13":"pa_cacao-70-79-en","14":"pa_carboidrati-459-g-en","15":"pa_carboidrati-zuccheri-335-g-en","16":"pa_codice-a-barre-8594184560266-en","17":"pa_conservazione-store-at-room-temperature","18":"pa_dolcezza-4-en","19":"pa_grassi-411-g-en","20":"pa_grassi-saturi-2561-g-en","21":"pa_ingredienti-organic-cocoa-beans-organic-dried-cane-juice","22":"pa_note-di-degustazione-floral-notes-honey-berries-toasted-almond-vanilla-cocoa-biscuit-tea","23":"pa_paese-delle-fave-di-cacao-ecuador-en","24":"pa_paese-produttore-czech-republic","25":"pa_percentuale-di-cacao-70-en","26":"pa_proteine-86-g-en","27":"pa_sale-0079-g-en","28":"pa_tipo-di-cioccolato-fondente-en","29":"pa_valore-energetico-2461-kj-588-kcal-en","31":"first","32":"instock","33":"taxable","34":"shipping-taxable","35":"purchasable","36":"product-type-simple"},"yoast_head":"<!-- This site is optimized with the Yoast SEO plugin v23.3 - https:\/\/yoast.com\/wordpress\/plugins\/seo\/ -->\n<title>Ajala Ecuador Hacienda Limon - Chocolate7<\/title>\n<meta name=\"robots\" content=\"index, follow, max-snippet:-1, max-image-preview:large, max-video-preview:-1\" \/>\n<link rel=\"canonical\" href=\"https:\/\/www.chocolate7.com\/shop\/tavoletta\/fondente\/ajala-ecuador-hacienda-limon-2\/\" \/>\n<meta property=\"og:locale\" content=\"en_US\" \/>\n<meta property=\"og:type\" content=\"article\" \/>\n<meta property=\"og:title\" content=\"Ajala Ecuador Hacienda Limon - Chocolate7\" \/>\n<meta property=\"og:description\" content=\"Ajala is a bean to bar chocolate maker from Czech Republic. This fine chocolate bar is made with cocoa from Ecuador (Hacienda Limon). Ajala Ecuador Hacienda Limon 70% is a dark chocolate with a pleasantly sweet taste, with aromatic notes of flowers, honey, berries, toasted almond, vanilla, cocoa biscuit, tea.  &nbsp;\" \/>\n<meta property=\"og:url\" content=\"https:\/\/www.chocolate7.com\/shop\/tavoletta\/fondente\/ajala-ecuador-hacienda-limon-2\/\" \/>\n<meta property=\"og:site_name\" content=\"Chocolate7\" \/>\n<meta property=\"article:publisher\" content=\"https:\/\/www.facebook.com\/cremino.gianduia.1\" \/>\n<meta property=\"article:modified_time\" content=\"2025-03-10T23:53:07+00:00\" \/>\n<meta property=\"og:image\" content=\"https:\/\/www.chocolate7.com\/wp-content\/uploads\/2024\/11\/Screenshot_20241122_180209_Instagram-e1732295042380.jpg\" \/>\n\t<meta property=\"og:image:width\" content=\"600\" \/>\n\t<meta property=\"og:image:height\" content=\"597\" \/>\n\t<meta property=\"og:image:type\" content=\"image\/jpeg\" \/>\n<meta name=\"twitter:card\" content=\"summary_large_image\" \/>\n<meta name=\"twitter:site\" content=\"@GianduiaCremino\" \/>\n<meta name=\"twitter:label1\" content=\"Est. reading time\" \/>\n\t<meta name=\"twitter:data1\" content=\"1 minute\" \/>\n<script type=\"application\/ld+json\" class=\"yoast-schema-graph\">{\"@context\":\"https:\/\/schema.org\",\"@graph\":[{\"@type\":\"WebPage\",\"@id\":\"https:\/\/www.chocolate7.com\/shop\/tavoletta\/fondente\/ajala-ecuador-hacienda-limon-2\/\",\"url\":\"https:\/\/www.chocolate7.com\/shop\/tavoletta\/fondente\/ajala-ecuador-hacienda-limon-2\/\",\"name\":\"Ajala Ecuador Hacienda Limon - Chocolate7\",\"isPartOf\":{\"@id\":\"https:\/\/www.chocolate7.com\/#website\"},\"primaryImageOfPage\":{\"@id\":\"https:\/\/www.chocolate7.com\/shop\/tavoletta\/fondente\/ajala-ecuador-hacienda-limon-2\/#primaryimage\"},\"image\":{\"@id\":\"https:\/\/www.chocolate7.com\/shop\/tavoletta\/fondente\/ajala-ecuador-hacienda-limon-2\/#primaryimage\"},\"thumbnailUrl\":\"https:\/\/www.chocolate7.com\/wp-content\/uploads\/2024\/11\/Screenshot_20241122_180209_Instagram-e1732295042380.jpg\",\"datePublished\":\"2024-11-22T16:41:38+00:00\",\"dateModified\":\"2025-03-10T23:53:07+00:00\",\"breadcrumb\":{\"@id\":\"https:\/\/www.chocolate7.com\/shop\/tavoletta\/fondente\/ajala-ecuador-hacienda-limon-2\/#breadcrumb\"},\"inLanguage\":\"en-US\",\"potentialAction\":[{\"@type\":\"ReadAction\",\"target\":[\"https:\/\/www.chocolate7.com\/shop\/tavoletta\/fondente\/ajala-ecuador-hacienda-limon-2\/\"]}]},{\"@type\":\"ImageObject\",\"inLanguage\":\"en-US\",\"@id\":\"https:\/\/www.chocolate7.com\/shop\/tavoletta\/fondente\/ajala-ecuador-hacienda-limon-2\/#primaryimage\",\"url\":\"https:\/\/www.chocolate7.com\/wp-content\/uploads\/2024\/11\/Screenshot_20241122_180209_Instagram-e1732295042380.jpg\",\"contentUrl\":\"https:\/\/www.chocolate7.com\/wp-content\/uploads\/2024\/11\/Screenshot_20241122_180209_Instagram-e1732295042380.jpg\",\"width\":600,\"height\":597},{\"@type\":\"BreadcrumbList\",\"@id\":\"https:\/\/www.chocolate7.com\/shop\/tavoletta\/fondente\/ajala-ecuador-hacienda-limon-2\/#breadcrumb\",\"itemListElement\":[{\"@type\":\"ListItem\",\"position\":1,\"name\":\"Home\",\"item\":\"https:\/\/www.chocolate7.com\/en\/\"},{\"@type\":\"ListItem\",\"position\":2,\"name\":\"Shop\",\"item\":\"https:\/\/www.chocolate7.com\/en\/store\/\"},{\"@type\":\"ListItem\",\"position\":3,\"name\":\"Ajala Ecuador Hacienda Limon\"}]},{\"@type\":\"WebSite\",\"@id\":\"https:\/\/www.chocolate7.com\/#website\",\"url\":\"https:\/\/www.chocolate7.com\/\",\"name\":\"Chocolate7\",\"description\":\"The fine &amp; luxury chocolate selection\",\"publisher\":{\"@id\":\"https:\/\/www.chocolate7.com\/#organization\"},\"potentialAction\":[{\"@type\":\"SearchAction\",\"target\":{\"@type\":\"EntryPoint\",\"urlTemplate\":\"https:\/\/www.chocolate7.com\/?s={search_term_string}\"},\"query-input\":\"required name=search_term_string\"}],\"inLanguage\":\"en-US\"},{\"@type\":\"Organization\",\"@id\":\"https:\/\/www.chocolate7.com\/#organization\",\"name\":\"Choc7 di Benedetto Giovanni\",\"url\":\"https:\/\/www.chocolate7.com\/\",\"logo\":{\"@type\":\"ImageObject\",\"inLanguage\":\"en-US\",\"@id\":\"https:\/\/www.chocolate7.com\/#\/schema\/logo\/image\/\",\"url\":\"https:\/\/www.chocolate7.com\/wp-content\/uploads\/2018\/10\/logo_chocolate.png\",\"contentUrl\":\"https:\/\/www.chocolate7.com\/wp-content\/uploads\/2018\/10\/logo_chocolate.png\",\"width\":200,\"height\":41,\"caption\":\"Choc7 di Benedetto Giovanni\"},\"image\":{\"@id\":\"https:\/\/www.chocolate7.com\/#\/schema\/logo\/image\/\"},\"sameAs\":[\"https:\/\/www.facebook.com\/cremino.gianduia.1\",\"https:\/\/x.com\/GianduiaCremino\",\"https:\/\/www.instagram.com\/creminogianduia\/\",\"https:\/\/www.pinterest.com.au\/creminogianduia\/\",\"https:\/\/www.youtube.com\/channel\/UCWFQlcc9EQnAsLkD8rBsgig\"]}]}<\/script>\n<!-- \/ Yoast SEO plugin. -->","yoast_head_json":{"title":"Ajala Ecuador Hacienda Limon - Chocolate7","robots":{"index":"index","follow":"follow","max-snippet":"max-snippet:-1","max-image-preview":"max-image-preview:large","max-video-preview":"max-video-preview:-1"},"canonical":"https:\/\/www.chocolate7.com\/shop\/tavoletta\/fondente\/ajala-ecuador-hacienda-limon-2\/","og_locale":"en_US","og_type":"article","og_title":"Ajala Ecuador Hacienda Limon - Chocolate7","og_description":"Ajala is a bean to bar chocolate maker from Czech Republic. This fine chocolate bar is made with cocoa from Ecuador (Hacienda Limon). Ajala Ecuador Hacienda Limon 70% is a dark chocolate with a pleasantly sweet taste, with aromatic notes of flowers, honey, berries, toasted almond, vanilla, cocoa biscuit, tea.  &nbsp;","og_url":"https:\/\/www.chocolate7.com\/shop\/tavoletta\/fondente\/ajala-ecuador-hacienda-limon-2\/","og_site_name":"Chocolate7","article_publisher":"https:\/\/www.facebook.com\/cremino.gianduia.1","article_modified_time":"2025-03-10T23:53:07+00:00","og_image":[{"width":600,"height":597,"url":"https:\/\/www.chocolate7.com\/wp-content\/uploads\/2024\/11\/Screenshot_20241122_180209_Instagram-e1732295042380.jpg","type":"image\/jpeg"}],"twitter_card":"summary_large_image","twitter_site":"@GianduiaCremino","twitter_misc":{"Est. reading time":"1 minute"},"schema":{"@context":"https:\/\/schema.org","@graph":[{"@type":"WebPage","@id":"https:\/\/www.chocolate7.com\/shop\/tavoletta\/fondente\/ajala-ecuador-hacienda-limon-2\/","url":"https:\/\/www.chocolate7.com\/shop\/tavoletta\/fondente\/ajala-ecuador-hacienda-limon-2\/","name":"Ajala Ecuador Hacienda Limon - Chocolate7","isPartOf":{"@id":"https:\/\/www.chocolate7.com\/#website"},"primaryImageOfPage":{"@id":"https:\/\/www.chocolate7.com\/shop\/tavoletta\/fondente\/ajala-ecuador-hacienda-limon-2\/#primaryimage"},"image":{"@id":"https:\/\/www.chocolate7.com\/shop\/tavoletta\/fondente\/ajala-ecuador-hacienda-limon-2\/#primaryimage"},"thumbnailUrl":"https:\/\/www.chocolate7.com\/wp-content\/uploads\/2024\/11\/Screenshot_20241122_180209_Instagram-e1732295042380.jpg","datePublished":"2024-11-22T16:41:38+00:00","dateModified":"2025-03-10T23:53:07+00:00","breadcrumb":{"@id":"https:\/\/www.chocolate7.com\/shop\/tavoletta\/fondente\/ajala-ecuador-hacienda-limon-2\/#breadcrumb"},"inLanguage":"en-US","potentialAction":[{"@type":"ReadAction","target":["https:\/\/www.chocolate7.com\/shop\/tavoletta\/fondente\/ajala-ecuador-hacienda-limon-2\/"]}]},{"@type":"ImageObject","inLanguage":"en-US","@id":"https:\/\/www.chocolate7.com\/shop\/tavoletta\/fondente\/ajala-ecuador-hacienda-limon-2\/#primaryimage","url":"https:\/\/www.chocolate7.com\/wp-content\/uploads\/2024\/11\/Screenshot_20241122_180209_Instagram-e1732295042380.jpg","contentUrl":"https:\/\/www.chocolate7.com\/wp-content\/uploads\/2024\/11\/Screenshot_20241122_180209_Instagram-e1732295042380.jpg","width":600,"height":597},{"@type":"BreadcrumbList","@id":"https:\/\/www.chocolate7.com\/shop\/tavoletta\/fondente\/ajala-ecuador-hacienda-limon-2\/#breadcrumb","itemListElement":[{"@type":"ListItem","position":1,"name":"Home","item":"https:\/\/www.chocolate7.com\/en\/"},{"@type":"ListItem","position":2,"name":"Shop","item":"https:\/\/www.chocolate7.com\/en\/store\/"},{"@type":"ListItem","position":3,"name":"Ajala Ecuador Hacienda Limon"}]},{"@type":"WebSite","@id":"https:\/\/www.chocolate7.com\/#website","url":"https:\/\/www.chocolate7.com\/","name":"Chocolate7","description":"The fine &amp; luxury chocolate selection","publisher":{"@id":"https:\/\/www.chocolate7.com\/#organization"},"potentialAction":[{"@type":"SearchAction","target":{"@type":"EntryPoint","urlTemplate":"https:\/\/www.chocolate7.com\/?s={search_term_string}"},"query-input":"required name=search_term_string"}],"inLanguage":"en-US"},{"@type":"Organization","@id":"https:\/\/www.chocolate7.com\/#organization","name":"Choc7 di Benedetto Giovanni","url":"https:\/\/www.chocolate7.com\/","logo":{"@type":"ImageObject","inLanguage":"en-US","@id":"https:\/\/www.chocolate7.com\/#\/schema\/logo\/image\/","url":"https:\/\/www.chocolate7.com\/wp-content\/uploads\/2018\/10\/logo_chocolate.png","contentUrl":"https:\/\/www.chocolate7.com\/wp-content\/uploads\/2018\/10\/logo_chocolate.png","width":200,"height":41,"caption":"Choc7 di Benedetto Giovanni"},"image":{"@id":"https:\/\/www.chocolate7.com\/#\/schema\/logo\/image\/"},"sameAs":["https:\/\/www.facebook.com\/cremino.gianduia.1","https:\/\/x.com\/GianduiaCremino","https:\/\/www.instagram.com\/creminogianduia\/","https:\/\/www.pinterest.com.au\/creminogianduia\/","https:\/\/www.youtube.com\/channel\/UCWFQlcc9EQnAsLkD8rBsgig"]}]}},"brands":[{"id":3285,"name":"Ajala","slug":"ajala-en"}],"_links":{"self":[{"href":"https:\/\/www.chocolate7.com\/en\/wp-json\/wp\/v2\/product\/34119","targetHints":{"allow":["GET"]}}],"collection":[{"href":"https:\/\/www.chocolate7.com\/en\/wp-json\/wp\/v2\/product"}],"about":[{"href":"https:\/\/www.chocolate7.com\/en\/wp-json\/wp\/v2\/types\/product"}],"wp:featuredmedia":[{"embeddable":true,"href":"https:\/\/www.chocolate7.com\/en\/wp-json\/wp\/v2\/media\/34121"}],"wp:attachment":[{"href":"https:\/\/www.chocolate7.com\/en\/wp-json\/wp\/v2\/media?parent=34119"}],"wp:term":[{"taxonomy":"pwb-brand","embeddable":true,"href":"https:\/\/www.chocolate7.com\/en\/wp-json\/wp\/v2\/pwb-brand?post=34119"},{"taxonomy":"product_brand","embeddable":true,"href":"https:\/\/www.chocolate7.com\/en\/wp-json\/wp\/v2\/product_brand?post=34119"},{"taxonomy":"product_cat","embeddable":true,"href":"https:\/\/www.chocolate7.com\/en\/wp-json\/wp\/v2\/product_cat?post=34119"},{"taxonomy":"product_tag","embeddable":true,"href":"https:\/\/www.chocolate7.com\/en\/wp-json\/wp\/v2\/product_tag?post=34119"},{"taxonomy":"giftcard-category","embeddable":true,"href":"https:\/\/www.chocolate7.com\/en\/wp-json\/wp\/v2\/giftcard-category?post=34119"}],"curies":[{"name":"wp","href":"https:\/\/api.w.org\/{rel}","templated":true}]}}