{"id":34123,"date":"2024-11-22T18:52:23","date_gmt":"2024-11-22T17:52:23","guid":{"rendered":"https:\/\/www.chocolate7.com\/?post_type=product&#038;p=34123"},"modified":"2024-11-22T20:02:49","modified_gmt":"2024-11-22T19:02:49","slug":"orfeve-peru-san-ignacio-copia","status":"publish","type":"product","link":"https:\/\/www.chocolate7.com\/en\/shop\/bar\/dark-chocolate-en-2\/orfeve-peru-san-ignacio-copia\/","title":{"rendered":"Orf\u00e8ve Peru Quillabamba"},"content":{"rendered":"<p style=\"text-align: left\">Dark chocolate bar &#8211; Made by Orf\u00e8ve<\/p>\n<p style=\"text-align: left\">Ce\u00a0<em>Cru de Terroir<\/em>\u00a0d\u00e9licieusement cr\u00e9meux offre des ar\u00f4mes de noisettes, de fruits noirs et d\u2019\u00e9pices.<\/p>\n<div class=\"large-10 col pb-0 mb-0\">\n<div class=\"panel entry-content\">\n<p>La petite ville de Quillabamba est situ\u00e9e sur les contreforts des Andes, au Sud du P\u00e9rou, \u00e0 quelques kilom\u00e8tres seulement du c\u00e9l\u00e8bre Machu Picchu.<\/p>\n<p>Pos\u00e9e au bord du fleuve Urubamba, aux confins de la vall\u00e9e sacr\u00e9e des incas, elle rec\u00e8le dans ses for\u00eats une vari\u00e9t\u00e9 indig\u00e8ne rarissime de cacao : le Chuncho.<\/p>\n<p>Cultiv\u00e9 par une centaine de familles dans le strict respect de l\u2019agriculture biologique et de l\u2019agroforesterie, \u00e0 une altitude moyenne de 1200 m\u00e8tres, ce cacao pr\u00e9cieux se pr\u00e9sente sous forme de toute petites f\u00e8ves aux ar\u00f4mes d\u00e9licats et concentr\u00e9s.<\/p>\n<p>R\u00e9colt\u00e9 entre janvier et avril, il b\u00e9n\u00e9ficie d\u2019une fermentation douce en caisses de bois et d\u2019un s\u00e9chage naturel au soleil sous la supervision d\u2019experts agronomes p\u00e9ruviens.<\/p>\n<\/div>\n<\/div>\n","protected":false},"excerpt":{"rendered":"<p>Orf\u00e8ve, is a bean to bar chocolate maker from Switzerland. This fine chocolate bar is made with cocoa from Peru (Quillabamba, Chuncho). Orf\u00e8ve Peru Quillabamba 70% is a dark chocolate with a sweet taste, with aromatic notes of honey, blackberry, blueberries, hazelnut, cinnamon, nutmeg.<\/p>\n<p>&nbsp;<\/p>\n","protected":false},"featured_media":34125,"template":"","meta":[],"pwb-brand":[10564],"product_brand":[],"product_cat":[3251,3255],"product_tag":[],"giftcard-category":[],"class_list":{"0":"post-34123","1":"product","2":"type-product","3":"status-publish","4":"has-post-thumbnail","6":"pwb-brand-orfeve-en","7":"product_cat-bar","8":"product_cat-dark-chocolate-en-2","9":"pa_acidita-2-en","10":"pa_allergeni-vegan-soy-free-gluten-free-dairy-free-egg-free-and-nut-free","11":"pa_amarezza-1-en","12":"pa_astringenza-0-en","13":"pa_cacao-70-79-en","14":"pa_carboidrati-33-g-en","15":"pa_carboidrati-zuccheri-29-g-en","16":"pa_codice-a-barre-7640180640127-en","17":"pa_conservazione-store-in-a-cool-place-between-16c-and-20c","18":"pa_dolcezza-5-en","19":"pa_fibre-9-g-en","20":"pa_grassi-41-g-en","21":"pa_grassi-saturi-26-g-en","22":"pa_ingredienti-cocoa-beans-raw-cane-sugar-cocoa-butter-whole-cane-sugar","23":"pa_note-di-degustazione-honey-blackberry-blueberries-hazelnut-cinnamon-nutmeg","24":"pa_paese-delle-fave-di-cacao-peru-en","25":"pa_paese-produttore-switzerland","26":"pa_percentuale-di-cacao-70-en","27":"pa_proteine-9-g-en","28":"pa_regione-quillabamba-en","29":"pa_sale-01-g-en","30":"pa_tipo-di-cioccolato-fondente-en","31":"pa_valore-energetico-2383-kj-576-kcal-en","33":"first","34":"instock","35":"taxable","36":"shipping-taxable","37":"purchasable","38":"product-type-simple"},"yoast_head":"<!-- This site is optimized with the Yoast SEO plugin v23.3 - https:\/\/yoast.com\/wordpress\/plugins\/seo\/ -->\n<title>Orf\u00e8ve Peru Quillabamba - Chocolate7<\/title>\n<meta name=\"robots\" content=\"index, follow, max-snippet:-1, max-image-preview:large, max-video-preview:-1\" \/>\n<link rel=\"canonical\" href=\"https:\/\/www.chocolate7.com\/shop\/tavoletta\/fondente\/orfeve-peru-quillabamba\/\" \/>\n<meta property=\"og:locale\" content=\"en_US\" \/>\n<meta property=\"og:type\" content=\"article\" \/>\n<meta property=\"og:title\" content=\"Orf\u00e8ve Peru Quillabamba - Chocolate7\" \/>\n<meta property=\"og:description\" content=\"Orf\u00e8ve, is a bean to bar chocolate maker from Switzerland. This fine chocolate bar is made with cocoa from Peru (Quillabamba, Chuncho). Orf\u00e8ve Peru Quillabamba 70% is a dark chocolate with a sweet taste, with aromatic notes of honey, blackberry, blueberries, hazelnut, cinnamon, nutmeg.  &nbsp;\" \/>\n<meta property=\"og:url\" content=\"https:\/\/www.chocolate7.com\/shop\/tavoletta\/fondente\/orfeve-peru-quillabamba\/\" \/>\n<meta property=\"og:site_name\" content=\"Chocolate7\" \/>\n<meta property=\"article:publisher\" content=\"https:\/\/www.facebook.com\/cremino.gianduia.1\" \/>\n<meta property=\"article:modified_time\" content=\"2024-11-22T19:02:49+00:00\" \/>\n<meta property=\"og:image\" content=\"https:\/\/www.chocolate7.com\/wp-content\/uploads\/2024\/11\/Screenshot_20241122_184415_Instagram-e1732301447296.jpg\" \/>\n\t<meta property=\"og:image:width\" content=\"600\" \/>\n\t<meta property=\"og:image:height\" content=\"592\" \/>\n\t<meta property=\"og:image:type\" content=\"image\/jpeg\" \/>\n<meta name=\"twitter:card\" content=\"summary_large_image\" \/>\n<meta name=\"twitter:site\" content=\"@GianduiaCremino\" \/>\n<meta name=\"twitter:label1\" content=\"Est. reading time\" \/>\n\t<meta name=\"twitter:data1\" content=\"1 minute\" \/>\n<script type=\"application\/ld+json\" class=\"yoast-schema-graph\">{\"@context\":\"https:\/\/schema.org\",\"@graph\":[{\"@type\":\"WebPage\",\"@id\":\"https:\/\/www.chocolate7.com\/shop\/tavoletta\/fondente\/orfeve-peru-quillabamba\/\",\"url\":\"https:\/\/www.chocolate7.com\/shop\/tavoletta\/fondente\/orfeve-peru-quillabamba\/\",\"name\":\"Orf\u00e8ve Peru Quillabamba - Chocolate7\",\"isPartOf\":{\"@id\":\"https:\/\/www.chocolate7.com\/#website\"},\"primaryImageOfPage\":{\"@id\":\"https:\/\/www.chocolate7.com\/shop\/tavoletta\/fondente\/orfeve-peru-quillabamba\/#primaryimage\"},\"image\":{\"@id\":\"https:\/\/www.chocolate7.com\/shop\/tavoletta\/fondente\/orfeve-peru-quillabamba\/#primaryimage\"},\"thumbnailUrl\":\"https:\/\/www.chocolate7.com\/wp-content\/uploads\/2024\/11\/Screenshot_20241122_184415_Instagram-e1732301447296.jpg\",\"datePublished\":\"2024-11-22T17:52:23+00:00\",\"dateModified\":\"2024-11-22T19:02:49+00:00\",\"breadcrumb\":{\"@id\":\"https:\/\/www.chocolate7.com\/shop\/tavoletta\/fondente\/orfeve-peru-quillabamba\/#breadcrumb\"},\"inLanguage\":\"en-US\",\"potentialAction\":[{\"@type\":\"ReadAction\",\"target\":[\"https:\/\/www.chocolate7.com\/shop\/tavoletta\/fondente\/orfeve-peru-quillabamba\/\"]}]},{\"@type\":\"ImageObject\",\"inLanguage\":\"en-US\",\"@id\":\"https:\/\/www.chocolate7.com\/shop\/tavoletta\/fondente\/orfeve-peru-quillabamba\/#primaryimage\",\"url\":\"https:\/\/www.chocolate7.com\/wp-content\/uploads\/2024\/11\/Screenshot_20241122_184415_Instagram-e1732301447296.jpg\",\"contentUrl\":\"https:\/\/www.chocolate7.com\/wp-content\/uploads\/2024\/11\/Screenshot_20241122_184415_Instagram-e1732301447296.jpg\",\"width\":600,\"height\":592},{\"@type\":\"BreadcrumbList\",\"@id\":\"https:\/\/www.chocolate7.com\/shop\/tavoletta\/fondente\/orfeve-peru-quillabamba\/#breadcrumb\",\"itemListElement\":[{\"@type\":\"ListItem\",\"position\":1,\"name\":\"Home\",\"item\":\"https:\/\/www.chocolate7.com\/en\/\"},{\"@type\":\"ListItem\",\"position\":2,\"name\":\"Shop\",\"item\":\"https:\/\/www.chocolate7.com\/en\/store\/\"},{\"@type\":\"ListItem\",\"position\":3,\"name\":\"Orf\u00e8ve Peru Quillabamba\"}]},{\"@type\":\"WebSite\",\"@id\":\"https:\/\/www.chocolate7.com\/#website\",\"url\":\"https:\/\/www.chocolate7.com\/\",\"name\":\"Chocolate7\",\"description\":\"The fine &amp; luxury chocolate selection\",\"publisher\":{\"@id\":\"https:\/\/www.chocolate7.com\/#organization\"},\"potentialAction\":[{\"@type\":\"SearchAction\",\"target\":{\"@type\":\"EntryPoint\",\"urlTemplate\":\"https:\/\/www.chocolate7.com\/?s={search_term_string}\"},\"query-input\":\"required name=search_term_string\"}],\"inLanguage\":\"en-US\"},{\"@type\":\"Organization\",\"@id\":\"https:\/\/www.chocolate7.com\/#organization\",\"name\":\"Choc7 di Benedetto Giovanni\",\"url\":\"https:\/\/www.chocolate7.com\/\",\"logo\":{\"@type\":\"ImageObject\",\"inLanguage\":\"en-US\",\"@id\":\"https:\/\/www.chocolate7.com\/#\/schema\/logo\/image\/\",\"url\":\"https:\/\/www.chocolate7.com\/wp-content\/uploads\/2018\/10\/logo_chocolate.png\",\"contentUrl\":\"https:\/\/www.chocolate7.com\/wp-content\/uploads\/2018\/10\/logo_chocolate.png\",\"width\":200,\"height\":41,\"caption\":\"Choc7 di Benedetto Giovanni\"},\"image\":{\"@id\":\"https:\/\/www.chocolate7.com\/#\/schema\/logo\/image\/\"},\"sameAs\":[\"https:\/\/www.facebook.com\/cremino.gianduia.1\",\"https:\/\/x.com\/GianduiaCremino\",\"https:\/\/www.instagram.com\/creminogianduia\/\",\"https:\/\/www.pinterest.com.au\/creminogianduia\/\",\"https:\/\/www.youtube.com\/channel\/UCWFQlcc9EQnAsLkD8rBsgig\"]}]}<\/script>\n<!-- \/ Yoast SEO plugin. -->","yoast_head_json":{"title":"Orf\u00e8ve Peru Quillabamba - Chocolate7","robots":{"index":"index","follow":"follow","max-snippet":"max-snippet:-1","max-image-preview":"max-image-preview:large","max-video-preview":"max-video-preview:-1"},"canonical":"https:\/\/www.chocolate7.com\/shop\/tavoletta\/fondente\/orfeve-peru-quillabamba\/","og_locale":"en_US","og_type":"article","og_title":"Orf\u00e8ve Peru Quillabamba - Chocolate7","og_description":"Orf\u00e8ve, is a bean to bar chocolate maker from Switzerland. This fine chocolate bar is made with cocoa from Peru (Quillabamba, Chuncho). Orf\u00e8ve Peru Quillabamba 70% is a dark chocolate with a sweet taste, with aromatic notes of honey, blackberry, blueberries, hazelnut, cinnamon, nutmeg.  &nbsp;","og_url":"https:\/\/www.chocolate7.com\/shop\/tavoletta\/fondente\/orfeve-peru-quillabamba\/","og_site_name":"Chocolate7","article_publisher":"https:\/\/www.facebook.com\/cremino.gianduia.1","article_modified_time":"2024-11-22T19:02:49+00:00","og_image":[{"width":600,"height":592,"url":"https:\/\/www.chocolate7.com\/wp-content\/uploads\/2024\/11\/Screenshot_20241122_184415_Instagram-e1732301447296.jpg","type":"image\/jpeg"}],"twitter_card":"summary_large_image","twitter_site":"@GianduiaCremino","twitter_misc":{"Est. reading time":"1 minute"},"schema":{"@context":"https:\/\/schema.org","@graph":[{"@type":"WebPage","@id":"https:\/\/www.chocolate7.com\/shop\/tavoletta\/fondente\/orfeve-peru-quillabamba\/","url":"https:\/\/www.chocolate7.com\/shop\/tavoletta\/fondente\/orfeve-peru-quillabamba\/","name":"Orf\u00e8ve Peru Quillabamba - Chocolate7","isPartOf":{"@id":"https:\/\/www.chocolate7.com\/#website"},"primaryImageOfPage":{"@id":"https:\/\/www.chocolate7.com\/shop\/tavoletta\/fondente\/orfeve-peru-quillabamba\/#primaryimage"},"image":{"@id":"https:\/\/www.chocolate7.com\/shop\/tavoletta\/fondente\/orfeve-peru-quillabamba\/#primaryimage"},"thumbnailUrl":"https:\/\/www.chocolate7.com\/wp-content\/uploads\/2024\/11\/Screenshot_20241122_184415_Instagram-e1732301447296.jpg","datePublished":"2024-11-22T17:52:23+00:00","dateModified":"2024-11-22T19:02:49+00:00","breadcrumb":{"@id":"https:\/\/www.chocolate7.com\/shop\/tavoletta\/fondente\/orfeve-peru-quillabamba\/#breadcrumb"},"inLanguage":"en-US","potentialAction":[{"@type":"ReadAction","target":["https:\/\/www.chocolate7.com\/shop\/tavoletta\/fondente\/orfeve-peru-quillabamba\/"]}]},{"@type":"ImageObject","inLanguage":"en-US","@id":"https:\/\/www.chocolate7.com\/shop\/tavoletta\/fondente\/orfeve-peru-quillabamba\/#primaryimage","url":"https:\/\/www.chocolate7.com\/wp-content\/uploads\/2024\/11\/Screenshot_20241122_184415_Instagram-e1732301447296.jpg","contentUrl":"https:\/\/www.chocolate7.com\/wp-content\/uploads\/2024\/11\/Screenshot_20241122_184415_Instagram-e1732301447296.jpg","width":600,"height":592},{"@type":"BreadcrumbList","@id":"https:\/\/www.chocolate7.com\/shop\/tavoletta\/fondente\/orfeve-peru-quillabamba\/#breadcrumb","itemListElement":[{"@type":"ListItem","position":1,"name":"Home","item":"https:\/\/www.chocolate7.com\/en\/"},{"@type":"ListItem","position":2,"name":"Shop","item":"https:\/\/www.chocolate7.com\/en\/store\/"},{"@type":"ListItem","position":3,"name":"Orf\u00e8ve Peru Quillabamba"}]},{"@type":"WebSite","@id":"https:\/\/www.chocolate7.com\/#website","url":"https:\/\/www.chocolate7.com\/","name":"Chocolate7","description":"The fine &amp; luxury chocolate selection","publisher":{"@id":"https:\/\/www.chocolate7.com\/#organization"},"potentialAction":[{"@type":"SearchAction","target":{"@type":"EntryPoint","urlTemplate":"https:\/\/www.chocolate7.com\/?s={search_term_string}"},"query-input":"required name=search_term_string"}],"inLanguage":"en-US"},{"@type":"Organization","@id":"https:\/\/www.chocolate7.com\/#organization","name":"Choc7 di Benedetto Giovanni","url":"https:\/\/www.chocolate7.com\/","logo":{"@type":"ImageObject","inLanguage":"en-US","@id":"https:\/\/www.chocolate7.com\/#\/schema\/logo\/image\/","url":"https:\/\/www.chocolate7.com\/wp-content\/uploads\/2018\/10\/logo_chocolate.png","contentUrl":"https:\/\/www.chocolate7.com\/wp-content\/uploads\/2018\/10\/logo_chocolate.png","width":200,"height":41,"caption":"Choc7 di Benedetto Giovanni"},"image":{"@id":"https:\/\/www.chocolate7.com\/#\/schema\/logo\/image\/"},"sameAs":["https:\/\/www.facebook.com\/cremino.gianduia.1","https:\/\/x.com\/GianduiaCremino","https:\/\/www.instagram.com\/creminogianduia\/","https:\/\/www.pinterest.com.au\/creminogianduia\/","https:\/\/www.youtube.com\/channel\/UCWFQlcc9EQnAsLkD8rBsgig"]}]}},"brands":[{"id":10564,"name":"Orf\u00e8ve","slug":"orfeve-en"}],"_links":{"self":[{"href":"https:\/\/www.chocolate7.com\/en\/wp-json\/wp\/v2\/product\/34123","targetHints":{"allow":["GET"]}}],"collection":[{"href":"https:\/\/www.chocolate7.com\/en\/wp-json\/wp\/v2\/product"}],"about":[{"href":"https:\/\/www.chocolate7.com\/en\/wp-json\/wp\/v2\/types\/product"}],"wp:featuredmedia":[{"embeddable":true,"href":"https:\/\/www.chocolate7.com\/en\/wp-json\/wp\/v2\/media\/34125"}],"wp:attachment":[{"href":"https:\/\/www.chocolate7.com\/en\/wp-json\/wp\/v2\/media?parent=34123"}],"wp:term":[{"taxonomy":"pwb-brand","embeddable":true,"href":"https:\/\/www.chocolate7.com\/en\/wp-json\/wp\/v2\/pwb-brand?post=34123"},{"taxonomy":"product_brand","embeddable":true,"href":"https:\/\/www.chocolate7.com\/en\/wp-json\/wp\/v2\/product_brand?post=34123"},{"taxonomy":"product_cat","embeddable":true,"href":"https:\/\/www.chocolate7.com\/en\/wp-json\/wp\/v2\/product_cat?post=34123"},{"taxonomy":"product_tag","embeddable":true,"href":"https:\/\/www.chocolate7.com\/en\/wp-json\/wp\/v2\/product_tag?post=34123"},{"taxonomy":"giftcard-category","embeddable":true,"href":"https:\/\/www.chocolate7.com\/en\/wp-json\/wp\/v2\/giftcard-category?post=34123"}],"curies":[{"name":"wp","href":"https:\/\/api.w.org\/{rel}","templated":true}]}}