{"id":34160,"date":"2024-12-03T17:23:08","date_gmt":"2024-12-03T16:23:08","guid":{"rendered":"https:\/\/www.chocolate7.com\/?post_type=product&#038;p=34160"},"modified":"2025-10-25T16:39:38","modified_gmt":"2025-10-25T14:39:38","slug":"encuentro-peru-chuncho-urusayhua-con-soba-cha-copia","status":"publish","type":"product","link":"https:\/\/www.chocolate7.com\/en\/shop\/bar\/dark-chocolate-milk-chocolate-en\/encuentro-peru-chuncho-urusayhua-con-soba-cha-copia\/","title":{"rendered":"Encuentro Peru Dominican Republic dark chocolate filled with pistachio spread"},"content":{"rendered":"<p style=\"text-align: left\">Dark chocolate bar filled \/ flavoured \/ with inclusions &#8211; Made by Encuentro<\/p>\n<div class=\"product__block__text\">\n<p><strong>Pour les amoureux de la pistache !<\/strong><\/p>\n<p>Origine du cacao : P\u00e9rou<\/p>\n<\/div>\n<div class=\"product__block__text\">\n<p>Type de chocolat : Fruit\u00e9 &amp; Acidul\u00e9<\/p>\n<\/div>\n<div class=\"product__block__text\">\n<p><span class=\"metafield-multi_line_text_field\">Notes de d\u00e9gustation : Notes gourmandes de pistache intense<\/span><\/p>\n<\/div>\n<div class=\"product__block__description rte body-size-4\">\n<div class=\"tabs-wrapper\">\n<div class=\"product-accordion\" data-accordion-group=\"\">\n<div class=\"accordion__wrapper\">\n<div id=\"description_MGmDhj-1\" class=\"accordion__body no-js-accordion\" data-accordion-body=\"\">\n<p><span class=\"metafield-multi_line_text_field\">Des pistaches d\u2019Iran bio d\u2019une vari\u00e9t\u00e9 rare aux saveurs exceptionnelles : c\u2019est l&#8217;ingr\u00e9dient principal de cette tablette fourr\u00e9e, intense et surtout tr\u00e8s peu sucr\u00e9e ! Le fourrage pistache est ici sublim\u00e9 par un enrobage avec notre chocolat 70% P\u00e9rou fruit\u00e9 et l\u00e9g\u00e8rement acidul\u00e9. Ces pistaches sont r\u00e9colt\u00e9es par des petits producteurs sur les plateaux de Khorasan-e Razavi depuis plus de 8000 ans.<\/span><\/p>\n<p>Le berceau de la culture des pistachiers se situe en Iran. Nous avons choisi la pistache d&#8217;Iran sourc\u00e9e par \u00c9pices Shira, entreprise engag\u00e9e pour une agriculture respectueuse de la biodiversit\u00e9 et une juste r\u00e9mun\u00e9ration des producteurs locaux. Cultiv\u00e9es en agriculture biologique, ces pistaches d&#8217;une seule vari\u00e9t\u00e9 (fandoghi) sont minutieusement r\u00e9colt\u00e9es et tri\u00e9es par les producteurs pour ne garder que les plus belles. Des pistaches d&#8217;Iran d&#8217;une qualit\u00e9 exceptionnelle : on ne vous propose que le meilleur.<\/p>\n<p>Cette tablette fourr\u00e9e tr\u00e8s gourmande est peu sucr\u00e9e, fid\u00e8le \u00e0 notre approche singuli\u00e8re : beaucoup de pistaches pour prioriser un go\u00fbt intense !<\/p>\n<\/div>\n<\/div>\n<\/div>\n<\/div>\n<\/div>\n","protected":false},"excerpt":{"rendered":"<p>Encuentro is a bean to bar chocolate maker from France. This fine chocolate bar is made with cocoa from Peru (Chuncho Urusayhua) and the Dominican Republic. Encuentro Peru Dominican Republic dark chocolate filled with pistachio cream 44% is a dark chocolate, made with cocoa from Peru (Chuncho), filled with pistachio spread and cocoa from Dominican Republic, with a pleasantly sweet taste with aromatic notes of berries and pistachio.<\/p>\n<p>A light natural white veil may appear due to the high pistachio content, low sugar and absence of additives. It does not alter the quality or taste in any way!<\/p>\n<p>&nbsp;<\/p>\n<p>&nbsp;<\/p>\n","protected":false},"featured_media":34164,"template":"","meta":[],"pwb-brand":[5613],"product_brand":[],"product_cat":[3251,3256],"product_tag":[],"giftcard-category":[],"class_list":{"0":"post-34160","1":"product","2":"type-product","3":"status-publish","4":"has-post-thumbnail","6":"pwb-brand-encuentro-en-2","7":"product_cat-bar","8":"product_cat-dark-chocolate-milk-chocolate-en","9":"pa_acidita-2-en","10":"pa_allergeni-contains-pistachios","11":"pa_amarezza-1-en","12":"pa_astringenza-1-en","13":"pa_cacao-40-49-en","14":"pa_carboidrati-307-g-en","15":"pa_carboidrati-zuccheri-254-g-en","16":"pa_certificazioni-organic","17":"pa_codice-a-barre-3770009530941-en","18":"pa_conservazione-store-in-a-cool-and-dry-place-between-16-c-and-18-c","19":"pa_dolcezza-3-en","20":"pa_fibre-119-g-en","21":"pa_grassi-44-g-en","22":"pa_grassi-saturi-178-g-en","23":"pa_ingredienti-coating-chocolate-cocoa-beans-from-peru-70-cane-sugar-from-brazil-ingredients-from-organic-farming","24":"pa_ingredienti-filling-pistachios-from-iran-80-cane-sugar-from-brazil-15-cocoa-beans-from-dominican-republic-salt-0-1","25":"pa_note-di-degustazione-berries-and-pistachio","26":"pa_paese-delle-fave-di-cacao-dominican-republic","27":"pa_paese-delle-fave-di-cacao-peru-en","28":"pa_paese-produttore-france","29":"pa_percentuale-di-cacao-44-en","30":"pa_proteine-111-g-en","31":"pa_regione-chuncho-urusayhua-en","32":"pa_sale-01-g-en","33":"pa_tipo-di-cioccolato-flavoured-filled-inclusions-dark-chocolate-bar","34":"pa_valore-energetico-2457-kj-588-kcal-en","36":"first","37":"instock","38":"featured","39":"taxable","40":"shipping-taxable","41":"purchasable","42":"product-type-simple"},"yoast_head":"<!-- This site is optimized with the Yoast SEO plugin v23.3 - https:\/\/yoast.com\/wordpress\/plugins\/seo\/ -->\n<title>Encuentro Peru Dominican Republic dark chocolate filled with pistachio spread - Chocolate7<\/title>\n<meta name=\"robots\" content=\"index, follow, max-snippet:-1, max-image-preview:large, max-video-preview:-1\" \/>\n<link rel=\"canonical\" href=\"https:\/\/www.chocolate7.com\/shop\/tavoletta\/fondente-inclusioni-ripieno-aromatizzato\/encuentro-peru-repubblica-dominicana-cioccolato-fondente-ripieno-di-crema-al-pistacchio\/\" \/>\n<meta property=\"og:locale\" content=\"en_US\" \/>\n<meta property=\"og:type\" content=\"article\" \/>\n<meta property=\"og:title\" content=\"Encuentro Peru Dominican Republic dark chocolate filled with pistachio spread - Chocolate7\" \/>\n<meta property=\"og:description\" content=\"Encuentro is a bean to bar chocolate maker from France. This fine chocolate bar is made with cocoa from Peru (Chuncho Urusayhua) and the Dominican Republic. Encuentro Peru Dominican Republic dark chocolate filled with pistachio cream 44% is a dark chocolate, made with cocoa from Peru (Chuncho), filled with pistachio spread and cocoa from Dominican Republic, with a pleasantly sweet taste with aromatic notes of berries and pistachio.  A light natural white veil may appear due to the high pistachio content, low sugar and absence of additives. It does not alter the quality or taste in any way!  &nbsp;  &nbsp;\" \/>\n<meta property=\"og:url\" content=\"https:\/\/www.chocolate7.com\/shop\/tavoletta\/fondente-inclusioni-ripieno-aromatizzato\/encuentro-peru-repubblica-dominicana-cioccolato-fondente-ripieno-di-crema-al-pistacchio\/\" \/>\n<meta property=\"og:site_name\" content=\"Chocolate7\" \/>\n<meta property=\"article:publisher\" content=\"https:\/\/www.facebook.com\/cremino.gianduia.1\" \/>\n<meta property=\"article:modified_time\" content=\"2025-10-25T14:39:38+00:00\" \/>\n<meta property=\"og:image\" content=\"https:\/\/www.chocolate7.com\/wp-content\/uploads\/2024\/12\/Screenshot_20241129_190837_Instagram-e1733244593505.jpg\" \/>\n\t<meta property=\"og:image:width\" content=\"600\" \/>\n\t<meta property=\"og:image:height\" content=\"594\" \/>\n\t<meta property=\"og:image:type\" content=\"image\/jpeg\" \/>\n<meta name=\"twitter:card\" content=\"summary_large_image\" \/>\n<meta name=\"twitter:site\" content=\"@GianduiaCremino\" \/>\n<meta name=\"twitter:label1\" content=\"Est. reading time\" \/>\n\t<meta name=\"twitter:data1\" content=\"1 minute\" \/>\n<script type=\"application\/ld+json\" class=\"yoast-schema-graph\">{\"@context\":\"https:\/\/schema.org\",\"@graph\":[{\"@type\":\"WebPage\",\"@id\":\"https:\/\/www.chocolate7.com\/shop\/tavoletta\/fondente-inclusioni-ripieno-aromatizzato\/encuentro-peru-repubblica-dominicana-cioccolato-fondente-ripieno-di-crema-al-pistacchio\/\",\"url\":\"https:\/\/www.chocolate7.com\/shop\/tavoletta\/fondente-inclusioni-ripieno-aromatizzato\/encuentro-peru-repubblica-dominicana-cioccolato-fondente-ripieno-di-crema-al-pistacchio\/\",\"name\":\"Encuentro Peru Dominican Republic dark chocolate filled with pistachio spread - Chocolate7\",\"isPartOf\":{\"@id\":\"https:\/\/www.chocolate7.com\/#website\"},\"primaryImageOfPage\":{\"@id\":\"https:\/\/www.chocolate7.com\/shop\/tavoletta\/fondente-inclusioni-ripieno-aromatizzato\/encuentro-peru-repubblica-dominicana-cioccolato-fondente-ripieno-di-crema-al-pistacchio\/#primaryimage\"},\"image\":{\"@id\":\"https:\/\/www.chocolate7.com\/shop\/tavoletta\/fondente-inclusioni-ripieno-aromatizzato\/encuentro-peru-repubblica-dominicana-cioccolato-fondente-ripieno-di-crema-al-pistacchio\/#primaryimage\"},\"thumbnailUrl\":\"https:\/\/www.chocolate7.com\/wp-content\/uploads\/2024\/12\/Screenshot_20241129_190837_Instagram-e1733244593505.jpg\",\"datePublished\":\"2024-12-03T16:23:08+00:00\",\"dateModified\":\"2025-10-25T14:39:38+00:00\",\"breadcrumb\":{\"@id\":\"https:\/\/www.chocolate7.com\/shop\/tavoletta\/fondente-inclusioni-ripieno-aromatizzato\/encuentro-peru-repubblica-dominicana-cioccolato-fondente-ripieno-di-crema-al-pistacchio\/#breadcrumb\"},\"inLanguage\":\"en-US\",\"potentialAction\":[{\"@type\":\"ReadAction\",\"target\":[\"https:\/\/www.chocolate7.com\/shop\/tavoletta\/fondente-inclusioni-ripieno-aromatizzato\/encuentro-peru-repubblica-dominicana-cioccolato-fondente-ripieno-di-crema-al-pistacchio\/\"]}]},{\"@type\":\"ImageObject\",\"inLanguage\":\"en-US\",\"@id\":\"https:\/\/www.chocolate7.com\/shop\/tavoletta\/fondente-inclusioni-ripieno-aromatizzato\/encuentro-peru-repubblica-dominicana-cioccolato-fondente-ripieno-di-crema-al-pistacchio\/#primaryimage\",\"url\":\"https:\/\/www.chocolate7.com\/wp-content\/uploads\/2024\/12\/Screenshot_20241129_190837_Instagram-e1733244593505.jpg\",\"contentUrl\":\"https:\/\/www.chocolate7.com\/wp-content\/uploads\/2024\/12\/Screenshot_20241129_190837_Instagram-e1733244593505.jpg\",\"width\":600,\"height\":594},{\"@type\":\"BreadcrumbList\",\"@id\":\"https:\/\/www.chocolate7.com\/shop\/tavoletta\/fondente-inclusioni-ripieno-aromatizzato\/encuentro-peru-repubblica-dominicana-cioccolato-fondente-ripieno-di-crema-al-pistacchio\/#breadcrumb\",\"itemListElement\":[{\"@type\":\"ListItem\",\"position\":1,\"name\":\"Home\",\"item\":\"https:\/\/www.chocolate7.com\/en\/\"},{\"@type\":\"ListItem\",\"position\":2,\"name\":\"Shop\",\"item\":\"https:\/\/www.chocolate7.com\/en\/store\/\"},{\"@type\":\"ListItem\",\"position\":3,\"name\":\"Encuentro Peru Dominican Republic dark chocolate filled with pistachio spread\"}]},{\"@type\":\"WebSite\",\"@id\":\"https:\/\/www.chocolate7.com\/#website\",\"url\":\"https:\/\/www.chocolate7.com\/\",\"name\":\"Chocolate7\",\"description\":\"The fine &amp; luxury chocolate selection\",\"publisher\":{\"@id\":\"https:\/\/www.chocolate7.com\/#organization\"},\"potentialAction\":[{\"@type\":\"SearchAction\",\"target\":{\"@type\":\"EntryPoint\",\"urlTemplate\":\"https:\/\/www.chocolate7.com\/?s={search_term_string}\"},\"query-input\":\"required name=search_term_string\"}],\"inLanguage\":\"en-US\"},{\"@type\":\"Organization\",\"@id\":\"https:\/\/www.chocolate7.com\/#organization\",\"name\":\"Choc7 di Benedetto Giovanni\",\"url\":\"https:\/\/www.chocolate7.com\/\",\"logo\":{\"@type\":\"ImageObject\",\"inLanguage\":\"en-US\",\"@id\":\"https:\/\/www.chocolate7.com\/#\/schema\/logo\/image\/\",\"url\":\"https:\/\/www.chocolate7.com\/wp-content\/uploads\/2018\/10\/logo_chocolate.png\",\"contentUrl\":\"https:\/\/www.chocolate7.com\/wp-content\/uploads\/2018\/10\/logo_chocolate.png\",\"width\":200,\"height\":41,\"caption\":\"Choc7 di Benedetto Giovanni\"},\"image\":{\"@id\":\"https:\/\/www.chocolate7.com\/#\/schema\/logo\/image\/\"},\"sameAs\":[\"https:\/\/www.facebook.com\/cremino.gianduia.1\",\"https:\/\/x.com\/GianduiaCremino\",\"https:\/\/www.instagram.com\/creminogianduia\/\",\"https:\/\/www.pinterest.com.au\/creminogianduia\/\",\"https:\/\/www.youtube.com\/channel\/UCWFQlcc9EQnAsLkD8rBsgig\"]}]}<\/script>\n<!-- \/ Yoast SEO plugin. -->","yoast_head_json":{"title":"Encuentro Peru Dominican Republic dark chocolate filled with pistachio spread - Chocolate7","robots":{"index":"index","follow":"follow","max-snippet":"max-snippet:-1","max-image-preview":"max-image-preview:large","max-video-preview":"max-video-preview:-1"},"canonical":"https:\/\/www.chocolate7.com\/shop\/tavoletta\/fondente-inclusioni-ripieno-aromatizzato\/encuentro-peru-repubblica-dominicana-cioccolato-fondente-ripieno-di-crema-al-pistacchio\/","og_locale":"en_US","og_type":"article","og_title":"Encuentro Peru Dominican Republic dark chocolate filled with pistachio spread - Chocolate7","og_description":"Encuentro is a bean to bar chocolate maker from France. This fine chocolate bar is made with cocoa from Peru (Chuncho Urusayhua) and the Dominican Republic. Encuentro Peru Dominican Republic dark chocolate filled with pistachio cream 44% is a dark chocolate, made with cocoa from Peru (Chuncho), filled with pistachio spread and cocoa from Dominican Republic, with a pleasantly sweet taste with aromatic notes of berries and pistachio.  A light natural white veil may appear due to the high pistachio content, low sugar and absence of additives. It does not alter the quality or taste in any way!  &nbsp;  &nbsp;","og_url":"https:\/\/www.chocolate7.com\/shop\/tavoletta\/fondente-inclusioni-ripieno-aromatizzato\/encuentro-peru-repubblica-dominicana-cioccolato-fondente-ripieno-di-crema-al-pistacchio\/","og_site_name":"Chocolate7","article_publisher":"https:\/\/www.facebook.com\/cremino.gianduia.1","article_modified_time":"2025-10-25T14:39:38+00:00","og_image":[{"width":600,"height":594,"url":"https:\/\/www.chocolate7.com\/wp-content\/uploads\/2024\/12\/Screenshot_20241129_190837_Instagram-e1733244593505.jpg","type":"image\/jpeg"}],"twitter_card":"summary_large_image","twitter_site":"@GianduiaCremino","twitter_misc":{"Est. reading time":"1 minute"},"schema":{"@context":"https:\/\/schema.org","@graph":[{"@type":"WebPage","@id":"https:\/\/www.chocolate7.com\/shop\/tavoletta\/fondente-inclusioni-ripieno-aromatizzato\/encuentro-peru-repubblica-dominicana-cioccolato-fondente-ripieno-di-crema-al-pistacchio\/","url":"https:\/\/www.chocolate7.com\/shop\/tavoletta\/fondente-inclusioni-ripieno-aromatizzato\/encuentro-peru-repubblica-dominicana-cioccolato-fondente-ripieno-di-crema-al-pistacchio\/","name":"Encuentro Peru Dominican Republic dark chocolate filled with pistachio spread - Chocolate7","isPartOf":{"@id":"https:\/\/www.chocolate7.com\/#website"},"primaryImageOfPage":{"@id":"https:\/\/www.chocolate7.com\/shop\/tavoletta\/fondente-inclusioni-ripieno-aromatizzato\/encuentro-peru-repubblica-dominicana-cioccolato-fondente-ripieno-di-crema-al-pistacchio\/#primaryimage"},"image":{"@id":"https:\/\/www.chocolate7.com\/shop\/tavoletta\/fondente-inclusioni-ripieno-aromatizzato\/encuentro-peru-repubblica-dominicana-cioccolato-fondente-ripieno-di-crema-al-pistacchio\/#primaryimage"},"thumbnailUrl":"https:\/\/www.chocolate7.com\/wp-content\/uploads\/2024\/12\/Screenshot_20241129_190837_Instagram-e1733244593505.jpg","datePublished":"2024-12-03T16:23:08+00:00","dateModified":"2025-10-25T14:39:38+00:00","breadcrumb":{"@id":"https:\/\/www.chocolate7.com\/shop\/tavoletta\/fondente-inclusioni-ripieno-aromatizzato\/encuentro-peru-repubblica-dominicana-cioccolato-fondente-ripieno-di-crema-al-pistacchio\/#breadcrumb"},"inLanguage":"en-US","potentialAction":[{"@type":"ReadAction","target":["https:\/\/www.chocolate7.com\/shop\/tavoletta\/fondente-inclusioni-ripieno-aromatizzato\/encuentro-peru-repubblica-dominicana-cioccolato-fondente-ripieno-di-crema-al-pistacchio\/"]}]},{"@type":"ImageObject","inLanguage":"en-US","@id":"https:\/\/www.chocolate7.com\/shop\/tavoletta\/fondente-inclusioni-ripieno-aromatizzato\/encuentro-peru-repubblica-dominicana-cioccolato-fondente-ripieno-di-crema-al-pistacchio\/#primaryimage","url":"https:\/\/www.chocolate7.com\/wp-content\/uploads\/2024\/12\/Screenshot_20241129_190837_Instagram-e1733244593505.jpg","contentUrl":"https:\/\/www.chocolate7.com\/wp-content\/uploads\/2024\/12\/Screenshot_20241129_190837_Instagram-e1733244593505.jpg","width":600,"height":594},{"@type":"BreadcrumbList","@id":"https:\/\/www.chocolate7.com\/shop\/tavoletta\/fondente-inclusioni-ripieno-aromatizzato\/encuentro-peru-repubblica-dominicana-cioccolato-fondente-ripieno-di-crema-al-pistacchio\/#breadcrumb","itemListElement":[{"@type":"ListItem","position":1,"name":"Home","item":"https:\/\/www.chocolate7.com\/en\/"},{"@type":"ListItem","position":2,"name":"Shop","item":"https:\/\/www.chocolate7.com\/en\/store\/"},{"@type":"ListItem","position":3,"name":"Encuentro Peru Dominican Republic dark chocolate filled with pistachio spread"}]},{"@type":"WebSite","@id":"https:\/\/www.chocolate7.com\/#website","url":"https:\/\/www.chocolate7.com\/","name":"Chocolate7","description":"The fine &amp; luxury chocolate selection","publisher":{"@id":"https:\/\/www.chocolate7.com\/#organization"},"potentialAction":[{"@type":"SearchAction","target":{"@type":"EntryPoint","urlTemplate":"https:\/\/www.chocolate7.com\/?s={search_term_string}"},"query-input":"required name=search_term_string"}],"inLanguage":"en-US"},{"@type":"Organization","@id":"https:\/\/www.chocolate7.com\/#organization","name":"Choc7 di Benedetto Giovanni","url":"https:\/\/www.chocolate7.com\/","logo":{"@type":"ImageObject","inLanguage":"en-US","@id":"https:\/\/www.chocolate7.com\/#\/schema\/logo\/image\/","url":"https:\/\/www.chocolate7.com\/wp-content\/uploads\/2018\/10\/logo_chocolate.png","contentUrl":"https:\/\/www.chocolate7.com\/wp-content\/uploads\/2018\/10\/logo_chocolate.png","width":200,"height":41,"caption":"Choc7 di Benedetto Giovanni"},"image":{"@id":"https:\/\/www.chocolate7.com\/#\/schema\/logo\/image\/"},"sameAs":["https:\/\/www.facebook.com\/cremino.gianduia.1","https:\/\/x.com\/GianduiaCremino","https:\/\/www.instagram.com\/creminogianduia\/","https:\/\/www.pinterest.com.au\/creminogianduia\/","https:\/\/www.youtube.com\/channel\/UCWFQlcc9EQnAsLkD8rBsgig"]}]}},"brands":[{"id":5613,"name":"Encuentro","slug":"encuentro-en-2"}],"_links":{"self":[{"href":"https:\/\/www.chocolate7.com\/en\/wp-json\/wp\/v2\/product\/34160","targetHints":{"allow":["GET"]}}],"collection":[{"href":"https:\/\/www.chocolate7.com\/en\/wp-json\/wp\/v2\/product"}],"about":[{"href":"https:\/\/www.chocolate7.com\/en\/wp-json\/wp\/v2\/types\/product"}],"wp:featuredmedia":[{"embeddable":true,"href":"https:\/\/www.chocolate7.com\/en\/wp-json\/wp\/v2\/media\/34164"}],"wp:attachment":[{"href":"https:\/\/www.chocolate7.com\/en\/wp-json\/wp\/v2\/media?parent=34160"}],"wp:term":[{"taxonomy":"pwb-brand","embeddable":true,"href":"https:\/\/www.chocolate7.com\/en\/wp-json\/wp\/v2\/pwb-brand?post=34160"},{"taxonomy":"product_brand","embeddable":true,"href":"https:\/\/www.chocolate7.com\/en\/wp-json\/wp\/v2\/product_brand?post=34160"},{"taxonomy":"product_cat","embeddable":true,"href":"https:\/\/www.chocolate7.com\/en\/wp-json\/wp\/v2\/product_cat?post=34160"},{"taxonomy":"product_tag","embeddable":true,"href":"https:\/\/www.chocolate7.com\/en\/wp-json\/wp\/v2\/product_tag?post=34160"},{"taxonomy":"giftcard-category","embeddable":true,"href":"https:\/\/www.chocolate7.com\/en\/wp-json\/wp\/v2\/giftcard-category?post=34160"}],"curies":[{"name":"wp","href":"https:\/\/api.w.org\/{rel}","templated":true}]}}