{"id":34166,"date":"2024-12-03T18:26:05","date_gmt":"2024-12-03T17:26:06","guid":{"rendered":"https:\/\/www.chocolate7.com\/?post_type=product&#038;p=34166"},"modified":"2025-01-16T18:56:55","modified_gmt":"2025-01-16T17:56:55","slug":"feitoria-do-cacao-dominican-republic-zorzal-copia","status":"publish","type":"product","link":"https:\/\/www.chocolate7.com\/en\/shop\/bakery\/feitoria-do-cacao-dominican-republic-zorzal-copia\/","title":{"rendered":"Feitoria do cacao Dominican Republic Cocoa powder"},"content":{"rendered":"<p style=\"text-align: left\">Cocoa Powder &#8211; Made by Feitoria do cacao<\/p>\n<p>\u201cCacau Magro em P\u00f3 Natural\u201d, fornecido por um dos nossos produtores de excelente cacau da Rep\u00fablica Dominicana.<br \/>\nEste Cacau em P\u00f3 \u00e9 processado de forma natural, n\u00e3o alcalinizado como o do processo industrial, de forma a preservar-se o sabor, os aromas e todos os componentes antioxidantes do cacau.<br \/>\nPode aplicar-se nas suas receitas de doces, bolos ou bebidas, para o paladar aut\u00eantico que o cacau fino proporciona.<\/p>\n","protected":false},"excerpt":{"rendered":"<p>Feitoria do cacao is a bean to bar chocolate maker from Portugal. This bag contains 250 grams of cocoa powder obtained from aromatic cocoa beans from Dominican Republic. Feitoria do cacao Dominican Republic Cocoa powder is processed naturally, (not alkalized), in order to preserve the flavor, aromas (berries and nuts) and all the antioxidant components of cocoa.<br \/>\nIt can be used in your recipes to prepare desserts, cakes or drinks.<\/p>\n<p>&nbsp;<\/p>\n<p>&nbsp;<\/p>\n","protected":false},"featured_media":34168,"template":"","meta":[],"pwb-brand":[4837],"product_brand":[],"product_cat":[6088,6270],"product_tag":[],"giftcard-category":[],"class_list":{"0":"post-34166","1":"product","2":"type-product","3":"status-publish","4":"has-post-thumbnail","6":"pwb-brand-feitoria-do-cacao-en","7":"product_cat-bakery","8":"product_cat-cacao-powder-en","9":"pa_cacao-100-en","10":"pa_carboidrati-141-g-en","11":"pa_carboidrati-zuccheri-0-g-en","12":"pa_codice-a-barre-5600266139138-en","13":"pa_conservazione-store-in-a-dry-cool-and-odorless-place","14":"pa_fibre-46-g-en","15":"pa_grassi-saturi-65-g-en","16":"pa_ingredienti-100-cocoa-powder-dominican-republic-minimum-cocoa-butter-10","17":"pa_note-di-degustazione-nuts-berries","18":"pa_paese-delle-fave-di-cacao-dominican-republic","19":"pa_paese-produttore-portugal","20":"pa_percentuale-di-cacao-100-en","21":"pa_proteine-249-g-en","22":"pa_sale-03-g-en","23":"pa_tipo-di-cioccolato-cacao-powder","24":"pa_valore-energetico-1449-kj-346-kcal-en","26":"first","27":"instock","28":"taxable","29":"shipping-taxable","30":"purchasable","31":"product-type-simple"},"yoast_head":"<!-- This site is optimized with the Yoast SEO plugin v23.3 - https:\/\/yoast.com\/wordpress\/plugins\/seo\/ -->\n<title>Feitoria do cacao Dominican Republic Cocoa powder - Chocolate7<\/title>\n<meta name=\"robots\" content=\"index, follow, max-snippet:-1, max-image-preview:large, max-video-preview:-1\" \/>\n<link rel=\"canonical\" href=\"https:\/\/www.chocolate7.com\/shop\/colombe\/feitoria-do-cacao-repubblica-dominicana-cacao-in-polvere\/\" \/>\n<meta property=\"og:locale\" content=\"en_US\" \/>\n<meta property=\"og:type\" content=\"article\" \/>\n<meta property=\"og:title\" content=\"Feitoria do cacao Dominican Republic Cocoa powder - Chocolate7\" \/>\n<meta property=\"og:description\" content=\"Feitoria do cacao is a bean to bar chocolate maker from Portugal. This bag contains 250 grams of cocoa powder obtained from aromatic cocoa beans from Dominican Republic. Feitoria do cacao Dominican Republic Cocoa powder is processed naturally, (not alkalized), in order to preserve the flavor, aromas (berries and nuts) and all the antioxidant components of cocoa. It can be used in your recipes to prepare desserts, cakes or drinks.  &nbsp;  &nbsp;\" \/>\n<meta property=\"og:url\" content=\"https:\/\/www.chocolate7.com\/shop\/colombe\/feitoria-do-cacao-repubblica-dominicana-cacao-in-polvere\/\" \/>\n<meta property=\"og:site_name\" content=\"Chocolate7\" \/>\n<meta property=\"article:publisher\" content=\"https:\/\/www.facebook.com\/cremino.gianduia.1\" \/>\n<meta property=\"article:modified_time\" content=\"2025-01-16T17:56:55+00:00\" \/>\n<meta property=\"og:image\" content=\"https:\/\/www.chocolate7.com\/wp-content\/uploads\/2024\/12\/Screenshot_20241203_181810_Instagram-e1733248064141.jpg\" \/>\n\t<meta property=\"og:image:width\" content=\"600\" \/>\n\t<meta property=\"og:image:height\" content=\"598\" \/>\n\t<meta property=\"og:image:type\" content=\"image\/jpeg\" \/>\n<meta name=\"twitter:card\" content=\"summary_large_image\" \/>\n<meta name=\"twitter:site\" content=\"@GianduiaCremino\" \/>\n<script type=\"application\/ld+json\" class=\"yoast-schema-graph\">{\"@context\":\"https:\/\/schema.org\",\"@graph\":[{\"@type\":\"WebPage\",\"@id\":\"https:\/\/www.chocolate7.com\/shop\/colombe\/feitoria-do-cacao-repubblica-dominicana-cacao-in-polvere\/\",\"url\":\"https:\/\/www.chocolate7.com\/shop\/colombe\/feitoria-do-cacao-repubblica-dominicana-cacao-in-polvere\/\",\"name\":\"Feitoria do cacao Dominican Republic Cocoa powder - Chocolate7\",\"isPartOf\":{\"@id\":\"https:\/\/www.chocolate7.com\/#website\"},\"primaryImageOfPage\":{\"@id\":\"https:\/\/www.chocolate7.com\/shop\/colombe\/feitoria-do-cacao-repubblica-dominicana-cacao-in-polvere\/#primaryimage\"},\"image\":{\"@id\":\"https:\/\/www.chocolate7.com\/shop\/colombe\/feitoria-do-cacao-repubblica-dominicana-cacao-in-polvere\/#primaryimage\"},\"thumbnailUrl\":\"https:\/\/www.chocolate7.com\/wp-content\/uploads\/2024\/12\/Screenshot_20241203_181810_Instagram-e1733248064141.jpg\",\"datePublished\":\"2024-12-03T17:26:06+00:00\",\"dateModified\":\"2025-01-16T17:56:55+00:00\",\"breadcrumb\":{\"@id\":\"https:\/\/www.chocolate7.com\/shop\/colombe\/feitoria-do-cacao-repubblica-dominicana-cacao-in-polvere\/#breadcrumb\"},\"inLanguage\":\"en-US\",\"potentialAction\":[{\"@type\":\"ReadAction\",\"target\":[\"https:\/\/www.chocolate7.com\/shop\/colombe\/feitoria-do-cacao-repubblica-dominicana-cacao-in-polvere\/\"]}]},{\"@type\":\"ImageObject\",\"inLanguage\":\"en-US\",\"@id\":\"https:\/\/www.chocolate7.com\/shop\/colombe\/feitoria-do-cacao-repubblica-dominicana-cacao-in-polvere\/#primaryimage\",\"url\":\"https:\/\/www.chocolate7.com\/wp-content\/uploads\/2024\/12\/Screenshot_20241203_181810_Instagram-e1733248064141.jpg\",\"contentUrl\":\"https:\/\/www.chocolate7.com\/wp-content\/uploads\/2024\/12\/Screenshot_20241203_181810_Instagram-e1733248064141.jpg\",\"width\":600,\"height\":598},{\"@type\":\"BreadcrumbList\",\"@id\":\"https:\/\/www.chocolate7.com\/shop\/colombe\/feitoria-do-cacao-repubblica-dominicana-cacao-in-polvere\/#breadcrumb\",\"itemListElement\":[{\"@type\":\"ListItem\",\"position\":1,\"name\":\"Home\",\"item\":\"https:\/\/www.chocolate7.com\/en\/\"},{\"@type\":\"ListItem\",\"position\":2,\"name\":\"Shop\",\"item\":\"https:\/\/www.chocolate7.com\/en\/store\/\"},{\"@type\":\"ListItem\",\"position\":3,\"name\":\"Feitoria do cacao Dominican Republic Cocoa powder\"}]},{\"@type\":\"WebSite\",\"@id\":\"https:\/\/www.chocolate7.com\/#website\",\"url\":\"https:\/\/www.chocolate7.com\/\",\"name\":\"Chocolate7\",\"description\":\"The fine &amp; luxury chocolate selection\",\"publisher\":{\"@id\":\"https:\/\/www.chocolate7.com\/#organization\"},\"potentialAction\":[{\"@type\":\"SearchAction\",\"target\":{\"@type\":\"EntryPoint\",\"urlTemplate\":\"https:\/\/www.chocolate7.com\/?s={search_term_string}\"},\"query-input\":\"required name=search_term_string\"}],\"inLanguage\":\"en-US\"},{\"@type\":\"Organization\",\"@id\":\"https:\/\/www.chocolate7.com\/#organization\",\"name\":\"Choc7 di Benedetto Giovanni\",\"url\":\"https:\/\/www.chocolate7.com\/\",\"logo\":{\"@type\":\"ImageObject\",\"inLanguage\":\"en-US\",\"@id\":\"https:\/\/www.chocolate7.com\/#\/schema\/logo\/image\/\",\"url\":\"https:\/\/www.chocolate7.com\/wp-content\/uploads\/2018\/10\/logo_chocolate.png\",\"contentUrl\":\"https:\/\/www.chocolate7.com\/wp-content\/uploads\/2018\/10\/logo_chocolate.png\",\"width\":200,\"height\":41,\"caption\":\"Choc7 di Benedetto Giovanni\"},\"image\":{\"@id\":\"https:\/\/www.chocolate7.com\/#\/schema\/logo\/image\/\"},\"sameAs\":[\"https:\/\/www.facebook.com\/cremino.gianduia.1\",\"https:\/\/x.com\/GianduiaCremino\",\"https:\/\/www.instagram.com\/creminogianduia\/\",\"https:\/\/www.pinterest.com.au\/creminogianduia\/\",\"https:\/\/www.youtube.com\/channel\/UCWFQlcc9EQnAsLkD8rBsgig\"]}]}<\/script>\n<!-- \/ Yoast SEO plugin. -->","yoast_head_json":{"title":"Feitoria do cacao Dominican Republic Cocoa powder - Chocolate7","robots":{"index":"index","follow":"follow","max-snippet":"max-snippet:-1","max-image-preview":"max-image-preview:large","max-video-preview":"max-video-preview:-1"},"canonical":"https:\/\/www.chocolate7.com\/shop\/colombe\/feitoria-do-cacao-repubblica-dominicana-cacao-in-polvere\/","og_locale":"en_US","og_type":"article","og_title":"Feitoria do cacao Dominican Republic Cocoa powder - Chocolate7","og_description":"Feitoria do cacao is a bean to bar chocolate maker from Portugal. This bag contains 250 grams of cocoa powder obtained from aromatic cocoa beans from Dominican Republic. Feitoria do cacao Dominican Republic Cocoa powder is processed naturally, (not alkalized), in order to preserve the flavor, aromas (berries and nuts) and all the antioxidant components of cocoa. It can be used in your recipes to prepare desserts, cakes or drinks.  &nbsp;  &nbsp;","og_url":"https:\/\/www.chocolate7.com\/shop\/colombe\/feitoria-do-cacao-repubblica-dominicana-cacao-in-polvere\/","og_site_name":"Chocolate7","article_publisher":"https:\/\/www.facebook.com\/cremino.gianduia.1","article_modified_time":"2025-01-16T17:56:55+00:00","og_image":[{"width":600,"height":598,"url":"https:\/\/www.chocolate7.com\/wp-content\/uploads\/2024\/12\/Screenshot_20241203_181810_Instagram-e1733248064141.jpg","type":"image\/jpeg"}],"twitter_card":"summary_large_image","twitter_site":"@GianduiaCremino","schema":{"@context":"https:\/\/schema.org","@graph":[{"@type":"WebPage","@id":"https:\/\/www.chocolate7.com\/shop\/colombe\/feitoria-do-cacao-repubblica-dominicana-cacao-in-polvere\/","url":"https:\/\/www.chocolate7.com\/shop\/colombe\/feitoria-do-cacao-repubblica-dominicana-cacao-in-polvere\/","name":"Feitoria do cacao Dominican Republic Cocoa powder - Chocolate7","isPartOf":{"@id":"https:\/\/www.chocolate7.com\/#website"},"primaryImageOfPage":{"@id":"https:\/\/www.chocolate7.com\/shop\/colombe\/feitoria-do-cacao-repubblica-dominicana-cacao-in-polvere\/#primaryimage"},"image":{"@id":"https:\/\/www.chocolate7.com\/shop\/colombe\/feitoria-do-cacao-repubblica-dominicana-cacao-in-polvere\/#primaryimage"},"thumbnailUrl":"https:\/\/www.chocolate7.com\/wp-content\/uploads\/2024\/12\/Screenshot_20241203_181810_Instagram-e1733248064141.jpg","datePublished":"2024-12-03T17:26:06+00:00","dateModified":"2025-01-16T17:56:55+00:00","breadcrumb":{"@id":"https:\/\/www.chocolate7.com\/shop\/colombe\/feitoria-do-cacao-repubblica-dominicana-cacao-in-polvere\/#breadcrumb"},"inLanguage":"en-US","potentialAction":[{"@type":"ReadAction","target":["https:\/\/www.chocolate7.com\/shop\/colombe\/feitoria-do-cacao-repubblica-dominicana-cacao-in-polvere\/"]}]},{"@type":"ImageObject","inLanguage":"en-US","@id":"https:\/\/www.chocolate7.com\/shop\/colombe\/feitoria-do-cacao-repubblica-dominicana-cacao-in-polvere\/#primaryimage","url":"https:\/\/www.chocolate7.com\/wp-content\/uploads\/2024\/12\/Screenshot_20241203_181810_Instagram-e1733248064141.jpg","contentUrl":"https:\/\/www.chocolate7.com\/wp-content\/uploads\/2024\/12\/Screenshot_20241203_181810_Instagram-e1733248064141.jpg","width":600,"height":598},{"@type":"BreadcrumbList","@id":"https:\/\/www.chocolate7.com\/shop\/colombe\/feitoria-do-cacao-repubblica-dominicana-cacao-in-polvere\/#breadcrumb","itemListElement":[{"@type":"ListItem","position":1,"name":"Home","item":"https:\/\/www.chocolate7.com\/en\/"},{"@type":"ListItem","position":2,"name":"Shop","item":"https:\/\/www.chocolate7.com\/en\/store\/"},{"@type":"ListItem","position":3,"name":"Feitoria do cacao Dominican Republic Cocoa powder"}]},{"@type":"WebSite","@id":"https:\/\/www.chocolate7.com\/#website","url":"https:\/\/www.chocolate7.com\/","name":"Chocolate7","description":"The fine &amp; luxury chocolate selection","publisher":{"@id":"https:\/\/www.chocolate7.com\/#organization"},"potentialAction":[{"@type":"SearchAction","target":{"@type":"EntryPoint","urlTemplate":"https:\/\/www.chocolate7.com\/?s={search_term_string}"},"query-input":"required name=search_term_string"}],"inLanguage":"en-US"},{"@type":"Organization","@id":"https:\/\/www.chocolate7.com\/#organization","name":"Choc7 di Benedetto Giovanni","url":"https:\/\/www.chocolate7.com\/","logo":{"@type":"ImageObject","inLanguage":"en-US","@id":"https:\/\/www.chocolate7.com\/#\/schema\/logo\/image\/","url":"https:\/\/www.chocolate7.com\/wp-content\/uploads\/2018\/10\/logo_chocolate.png","contentUrl":"https:\/\/www.chocolate7.com\/wp-content\/uploads\/2018\/10\/logo_chocolate.png","width":200,"height":41,"caption":"Choc7 di Benedetto Giovanni"},"image":{"@id":"https:\/\/www.chocolate7.com\/#\/schema\/logo\/image\/"},"sameAs":["https:\/\/www.facebook.com\/cremino.gianduia.1","https:\/\/x.com\/GianduiaCremino","https:\/\/www.instagram.com\/creminogianduia\/","https:\/\/www.pinterest.com.au\/creminogianduia\/","https:\/\/www.youtube.com\/channel\/UCWFQlcc9EQnAsLkD8rBsgig"]}]}},"brands":[{"id":4837,"name":"Feitoria do cacao","slug":"feitoria-do-cacao-en"}],"_links":{"self":[{"href":"https:\/\/www.chocolate7.com\/en\/wp-json\/wp\/v2\/product\/34166","targetHints":{"allow":["GET"]}}],"collection":[{"href":"https:\/\/www.chocolate7.com\/en\/wp-json\/wp\/v2\/product"}],"about":[{"href":"https:\/\/www.chocolate7.com\/en\/wp-json\/wp\/v2\/types\/product"}],"wp:featuredmedia":[{"embeddable":true,"href":"https:\/\/www.chocolate7.com\/en\/wp-json\/wp\/v2\/media\/34168"}],"wp:attachment":[{"href":"https:\/\/www.chocolate7.com\/en\/wp-json\/wp\/v2\/media?parent=34166"}],"wp:term":[{"taxonomy":"pwb-brand","embeddable":true,"href":"https:\/\/www.chocolate7.com\/en\/wp-json\/wp\/v2\/pwb-brand?post=34166"},{"taxonomy":"product_brand","embeddable":true,"href":"https:\/\/www.chocolate7.com\/en\/wp-json\/wp\/v2\/product_brand?post=34166"},{"taxonomy":"product_cat","embeddable":true,"href":"https:\/\/www.chocolate7.com\/en\/wp-json\/wp\/v2\/product_cat?post=34166"},{"taxonomy":"product_tag","embeddable":true,"href":"https:\/\/www.chocolate7.com\/en\/wp-json\/wp\/v2\/product_tag?post=34166"},{"taxonomy":"giftcard-category","embeddable":true,"href":"https:\/\/www.chocolate7.com\/en\/wp-json\/wp\/v2\/giftcard-category?post=34166"}],"curies":[{"name":"wp","href":"https:\/\/api.w.org\/{rel}","templated":true}]}}