{"id":34177,"date":"2024-12-04T19:19:27","date_gmt":"2024-12-04T18:19:28","guid":{"rendered":"https:\/\/www.chocolate7.com\/?post_type=product&#038;p=34177"},"modified":"2024-12-04T19:58:39","modified_gmt":"2024-12-04T18:58:39","slug":"encuentro-peru-dominican-republic-dark-chocolate-filled-with-pistachio-spread-copia","status":"publish","type":"product","link":"https:\/\/www.chocolate7.com\/en\/shop\/bar\/dark-chocolate-milk-chocolate-en\/encuentro-peru-dominican-republic-dark-chocolate-filled-with-pistachio-spread-copia\/","title":{"rendered":"Encuentro Dominican Republic Dark Chocolate Filled with Hazelnut spread"},"content":{"rendered":"<p style=\"text-align: left\">Dark chocolate bar filled \/ flavoured \/ with inclusions &#8211; Made by Encuentro<\/p>\n<div class=\"product__block__text\">\n<p><strong>La gourmandise \u00e0 l&#8217;\u00e9tat pur !<\/strong><\/p>\n<div class=\"product__block__text\">\n<p>Origine du cacao : R\u00e9publique dominicaine<\/p>\n<\/div>\n<div class=\"product__block__text\">\n<p>Type de chocolat : Doux &amp; \u00c9l\u00e9gant<\/p>\n<\/div>\n<div class=\"product__block__text\">\n<p><span class=\"metafield-multi_line_text_field\">Notes de d\u00e9gustation : Notes gourmandes de noisette intense<\/span><\/p>\n<\/div>\n<p>Une abondance de Noisettes du Pi\u00e9mont bio, une touche de cacao, et surtout tr\u00e8s peu de sucre, le tout enrob\u00e9 par la douceur de notre chocolat 70% R\u00e9p. Dominicaine : voici la recette de cette tablette fourr\u00e9e au go\u00fbt inimitable. Cultiv\u00e9e au nord de l\u2019Italie, la noisette du Pi\u00e9mont est r\u00e9put\u00e9e comme \u00e9tant parmi les meilleures au monde.<\/p>\n<p>Les noisettes du Pi\u00e9mont sont reconnues comme parmi les meilleures noisettes au monde. Nous avons s\u00e9lectionn\u00e9 celles de la famille Benvenuto. R\u00e9colt\u00e9es au c\u0153ur de la r\u00e9gion du Pi\u00e9mont au nord de l&#8217;Italie, leurs noisettes bio de grande qualit\u00e9 gustative forment un mariage parfait avec notre chocolat !<\/p>\n<p>Cette tablette fourr\u00e9e tr\u00e8s gourmande est peu sucr\u00e9e, fid\u00e8le \u00e0 notre approche singuli\u00e8re : beaucoup de noisettes pour prioriser un go\u00fbt intense !<\/p>\n<\/div>\n","protected":false},"excerpt":{"rendered":"<p>Encuentro is a bean to bar chocolate maker from France. This fine chocolate bar is made with cocoa from Dominican Republic. Encuentro Dominican Republic dark chocolate filled with hazelnut spread 60% is a dark chocolate, produced with cocoa from Dominican Republic, filled with Piedmont hazelnut spread and cocoa from Dominican Republic, with a pleasantly sweet taste with aromatic notes of berries, hazelnuts and roasted coffee.<\/p>\n<p>A light natural white veil may appear due to the high hazelnut content, low sugar and absence of additives. It does not alter its quality or taste in any way!<\/p>\n<p>&nbsp;<\/p>\n<p>&nbsp;<\/p>\n<p>&nbsp;<\/p>\n","protected":false},"featured_media":34181,"template":"","meta":[],"pwb-brand":[5613],"product_brand":[],"product_cat":[3251,3256],"product_tag":[],"giftcard-category":[],"class_list":{"0":"post-34177","1":"product","2":"type-product","3":"status-publish","4":"has-post-thumbnail","6":"pwb-brand-encuentro-en-2","7":"product_cat-bar","8":"product_cat-dark-chocolate-milk-chocolate-en","9":"pa_acidita-2-en","10":"pa_allergeni-contains-hazelnuts","11":"pa_amarezza-4-en","12":"pa_astringenza-1-en","13":"pa_cacao-60-69-en","14":"pa_carboidrati-289-g-en","15":"pa_carboidrati-zuccheri-25-g-en","16":"pa_certificazioni-organic","17":"pa_codice-a-barre-3770009530767-en","18":"pa_conservazione-store-in-a-cool-and-dry-place-between-16-c-and-18-c","19":"pa_dolcezza-2-en","20":"pa_fibre-129-g-en","21":"pa_grassi-424-g-en","22":"pa_grassi-saturi-193-g-en","23":"pa_ingredienti-covering-chocolate-70-rep-dom-cocoa-beans-from-the-dominican-republic-70-cane-sugar-from-brazil-ingredients-from-organic-farming","24":"pa_ingredienti-filling-piedmont-pgi-hazelnuts-55-dominican-republic-cocoa-beans-30-brazilian-cane-sugar-15-salt-0-1","25":"pa_note-di-degustazione-berries-hazelnuts-roasted-coffee","26":"pa_paese-delle-fave-di-cacao-dominican-republic","27":"pa_paese-produttore-france","28":"pa_percentuale-di-cacao-60-en","29":"pa_proteine-101-g-en","30":"pa_sale-01-g-en","31":"pa_tipo-di-cioccolato-flavoured-filled-inclusions-dark-chocolate-bar","32":"pa_valore-energetico-2358-kj-564-kcal-en","34":"first","35":"instock","36":"taxable","37":"shipping-taxable","38":"purchasable","39":"product-type-simple"},"yoast_head":"<!-- This site is optimized with the Yoast SEO plugin v23.3 - https:\/\/yoast.com\/wordpress\/plugins\/seo\/ -->\n<title>Encuentro Dominican Republic Dark Chocolate Filled with Hazelnut spread - Chocolate7<\/title>\n<meta name=\"robots\" content=\"index, follow, max-snippet:-1, max-image-preview:large, max-video-preview:-1\" \/>\n<link rel=\"canonical\" href=\"https:\/\/www.chocolate7.com\/shop\/tavoletta\/fondente-inclusioni-ripieno-aromatizzato\/encuentro-repubblica-dominicana-cioccolato-fondente-ripieno-di-crema-alle-nocciole\/\" \/>\n<meta property=\"og:locale\" content=\"en_US\" \/>\n<meta property=\"og:type\" content=\"article\" \/>\n<meta property=\"og:title\" content=\"Encuentro Dominican Republic Dark Chocolate Filled with Hazelnut spread - Chocolate7\" \/>\n<meta property=\"og:description\" content=\"Encuentro is a bean to bar chocolate maker from France. This fine chocolate bar is made with cocoa from Dominican Republic. Encuentro Dominican Republic dark chocolate filled with hazelnut spread 60% is a dark chocolate, produced with cocoa from Dominican Republic, filled with Piedmont hazelnut spread and cocoa from Dominican Republic, with a pleasantly sweet taste with aromatic notes of berries, hazelnuts and roasted coffee.  A light natural white veil may appear due to the high hazelnut content, low sugar and absence of additives. It does not alter its quality or taste in any way!  &nbsp;  &nbsp;  &nbsp;\" \/>\n<meta property=\"og:url\" content=\"https:\/\/www.chocolate7.com\/shop\/tavoletta\/fondente-inclusioni-ripieno-aromatizzato\/encuentro-repubblica-dominicana-cioccolato-fondente-ripieno-di-crema-alle-nocciole\/\" \/>\n<meta property=\"og:site_name\" content=\"Chocolate7\" \/>\n<meta property=\"article:publisher\" content=\"https:\/\/www.facebook.com\/cremino.gianduia.1\" \/>\n<meta property=\"article:modified_time\" content=\"2024-12-04T18:58:39+00:00\" \/>\n<meta property=\"og:image\" content=\"https:\/\/www.chocolate7.com\/wp-content\/uploads\/2024\/12\/Screenshot_20241204_182259_Instagram-e1733337511914.jpg\" \/>\n\t<meta property=\"og:image:width\" content=\"600\" \/>\n\t<meta property=\"og:image:height\" content=\"594\" \/>\n\t<meta property=\"og:image:type\" content=\"image\/jpeg\" \/>\n<meta name=\"twitter:card\" content=\"summary_large_image\" \/>\n<meta name=\"twitter:site\" content=\"@GianduiaCremino\" \/>\n<meta name=\"twitter:label1\" content=\"Est. reading time\" \/>\n\t<meta name=\"twitter:data1\" content=\"1 minute\" \/>\n<script type=\"application\/ld+json\" class=\"yoast-schema-graph\">{\"@context\":\"https:\/\/schema.org\",\"@graph\":[{\"@type\":\"WebPage\",\"@id\":\"https:\/\/www.chocolate7.com\/shop\/tavoletta\/fondente-inclusioni-ripieno-aromatizzato\/encuentro-repubblica-dominicana-cioccolato-fondente-ripieno-di-crema-alle-nocciole\/\",\"url\":\"https:\/\/www.chocolate7.com\/shop\/tavoletta\/fondente-inclusioni-ripieno-aromatizzato\/encuentro-repubblica-dominicana-cioccolato-fondente-ripieno-di-crema-alle-nocciole\/\",\"name\":\"Encuentro Dominican Republic Dark Chocolate Filled with Hazelnut spread - Chocolate7\",\"isPartOf\":{\"@id\":\"https:\/\/www.chocolate7.com\/#website\"},\"primaryImageOfPage\":{\"@id\":\"https:\/\/www.chocolate7.com\/shop\/tavoletta\/fondente-inclusioni-ripieno-aromatizzato\/encuentro-repubblica-dominicana-cioccolato-fondente-ripieno-di-crema-alle-nocciole\/#primaryimage\"},\"image\":{\"@id\":\"https:\/\/www.chocolate7.com\/shop\/tavoletta\/fondente-inclusioni-ripieno-aromatizzato\/encuentro-repubblica-dominicana-cioccolato-fondente-ripieno-di-crema-alle-nocciole\/#primaryimage\"},\"thumbnailUrl\":\"https:\/\/www.chocolate7.com\/wp-content\/uploads\/2024\/12\/Screenshot_20241204_182259_Instagram-e1733337511914.jpg\",\"datePublished\":\"2024-12-04T18:19:28+00:00\",\"dateModified\":\"2024-12-04T18:58:39+00:00\",\"breadcrumb\":{\"@id\":\"https:\/\/www.chocolate7.com\/shop\/tavoletta\/fondente-inclusioni-ripieno-aromatizzato\/encuentro-repubblica-dominicana-cioccolato-fondente-ripieno-di-crema-alle-nocciole\/#breadcrumb\"},\"inLanguage\":\"en-US\",\"potentialAction\":[{\"@type\":\"ReadAction\",\"target\":[\"https:\/\/www.chocolate7.com\/shop\/tavoletta\/fondente-inclusioni-ripieno-aromatizzato\/encuentro-repubblica-dominicana-cioccolato-fondente-ripieno-di-crema-alle-nocciole\/\"]}]},{\"@type\":\"ImageObject\",\"inLanguage\":\"en-US\",\"@id\":\"https:\/\/www.chocolate7.com\/shop\/tavoletta\/fondente-inclusioni-ripieno-aromatizzato\/encuentro-repubblica-dominicana-cioccolato-fondente-ripieno-di-crema-alle-nocciole\/#primaryimage\",\"url\":\"https:\/\/www.chocolate7.com\/wp-content\/uploads\/2024\/12\/Screenshot_20241204_182259_Instagram-e1733337511914.jpg\",\"contentUrl\":\"https:\/\/www.chocolate7.com\/wp-content\/uploads\/2024\/12\/Screenshot_20241204_182259_Instagram-e1733337511914.jpg\",\"width\":600,\"height\":594},{\"@type\":\"BreadcrumbList\",\"@id\":\"https:\/\/www.chocolate7.com\/shop\/tavoletta\/fondente-inclusioni-ripieno-aromatizzato\/encuentro-repubblica-dominicana-cioccolato-fondente-ripieno-di-crema-alle-nocciole\/#breadcrumb\",\"itemListElement\":[{\"@type\":\"ListItem\",\"position\":1,\"name\":\"Home\",\"item\":\"https:\/\/www.chocolate7.com\/en\/\"},{\"@type\":\"ListItem\",\"position\":2,\"name\":\"Shop\",\"item\":\"https:\/\/www.chocolate7.com\/en\/store\/\"},{\"@type\":\"ListItem\",\"position\":3,\"name\":\"Encuentro Dominican Republic Dark Chocolate Filled with Hazelnut spread\"}]},{\"@type\":\"WebSite\",\"@id\":\"https:\/\/www.chocolate7.com\/#website\",\"url\":\"https:\/\/www.chocolate7.com\/\",\"name\":\"Chocolate7\",\"description\":\"The fine &amp; luxury chocolate selection\",\"publisher\":{\"@id\":\"https:\/\/www.chocolate7.com\/#organization\"},\"potentialAction\":[{\"@type\":\"SearchAction\",\"target\":{\"@type\":\"EntryPoint\",\"urlTemplate\":\"https:\/\/www.chocolate7.com\/?s={search_term_string}\"},\"query-input\":\"required name=search_term_string\"}],\"inLanguage\":\"en-US\"},{\"@type\":\"Organization\",\"@id\":\"https:\/\/www.chocolate7.com\/#organization\",\"name\":\"Choc7 di Benedetto Giovanni\",\"url\":\"https:\/\/www.chocolate7.com\/\",\"logo\":{\"@type\":\"ImageObject\",\"inLanguage\":\"en-US\",\"@id\":\"https:\/\/www.chocolate7.com\/#\/schema\/logo\/image\/\",\"url\":\"https:\/\/www.chocolate7.com\/wp-content\/uploads\/2018\/10\/logo_chocolate.png\",\"contentUrl\":\"https:\/\/www.chocolate7.com\/wp-content\/uploads\/2018\/10\/logo_chocolate.png\",\"width\":200,\"height\":41,\"caption\":\"Choc7 di Benedetto Giovanni\"},\"image\":{\"@id\":\"https:\/\/www.chocolate7.com\/#\/schema\/logo\/image\/\"},\"sameAs\":[\"https:\/\/www.facebook.com\/cremino.gianduia.1\",\"https:\/\/x.com\/GianduiaCremino\",\"https:\/\/www.instagram.com\/creminogianduia\/\",\"https:\/\/www.pinterest.com.au\/creminogianduia\/\",\"https:\/\/www.youtube.com\/channel\/UCWFQlcc9EQnAsLkD8rBsgig\"]}]}<\/script>\n<!-- \/ Yoast SEO plugin. -->","yoast_head_json":{"title":"Encuentro Dominican Republic Dark Chocolate Filled with Hazelnut spread - Chocolate7","robots":{"index":"index","follow":"follow","max-snippet":"max-snippet:-1","max-image-preview":"max-image-preview:large","max-video-preview":"max-video-preview:-1"},"canonical":"https:\/\/www.chocolate7.com\/shop\/tavoletta\/fondente-inclusioni-ripieno-aromatizzato\/encuentro-repubblica-dominicana-cioccolato-fondente-ripieno-di-crema-alle-nocciole\/","og_locale":"en_US","og_type":"article","og_title":"Encuentro Dominican Republic Dark Chocolate Filled with Hazelnut spread - Chocolate7","og_description":"Encuentro is a bean to bar chocolate maker from France. This fine chocolate bar is made with cocoa from Dominican Republic. Encuentro Dominican Republic dark chocolate filled with hazelnut spread 60% is a dark chocolate, produced with cocoa from Dominican Republic, filled with Piedmont hazelnut spread and cocoa from Dominican Republic, with a pleasantly sweet taste with aromatic notes of berries, hazelnuts and roasted coffee.  A light natural white veil may appear due to the high hazelnut content, low sugar and absence of additives. It does not alter its quality or taste in any way!  &nbsp;  &nbsp;  &nbsp;","og_url":"https:\/\/www.chocolate7.com\/shop\/tavoletta\/fondente-inclusioni-ripieno-aromatizzato\/encuentro-repubblica-dominicana-cioccolato-fondente-ripieno-di-crema-alle-nocciole\/","og_site_name":"Chocolate7","article_publisher":"https:\/\/www.facebook.com\/cremino.gianduia.1","article_modified_time":"2024-12-04T18:58:39+00:00","og_image":[{"width":600,"height":594,"url":"https:\/\/www.chocolate7.com\/wp-content\/uploads\/2024\/12\/Screenshot_20241204_182259_Instagram-e1733337511914.jpg","type":"image\/jpeg"}],"twitter_card":"summary_large_image","twitter_site":"@GianduiaCremino","twitter_misc":{"Est. reading time":"1 minute"},"schema":{"@context":"https:\/\/schema.org","@graph":[{"@type":"WebPage","@id":"https:\/\/www.chocolate7.com\/shop\/tavoletta\/fondente-inclusioni-ripieno-aromatizzato\/encuentro-repubblica-dominicana-cioccolato-fondente-ripieno-di-crema-alle-nocciole\/","url":"https:\/\/www.chocolate7.com\/shop\/tavoletta\/fondente-inclusioni-ripieno-aromatizzato\/encuentro-repubblica-dominicana-cioccolato-fondente-ripieno-di-crema-alle-nocciole\/","name":"Encuentro Dominican Republic Dark Chocolate Filled with Hazelnut spread - Chocolate7","isPartOf":{"@id":"https:\/\/www.chocolate7.com\/#website"},"primaryImageOfPage":{"@id":"https:\/\/www.chocolate7.com\/shop\/tavoletta\/fondente-inclusioni-ripieno-aromatizzato\/encuentro-repubblica-dominicana-cioccolato-fondente-ripieno-di-crema-alle-nocciole\/#primaryimage"},"image":{"@id":"https:\/\/www.chocolate7.com\/shop\/tavoletta\/fondente-inclusioni-ripieno-aromatizzato\/encuentro-repubblica-dominicana-cioccolato-fondente-ripieno-di-crema-alle-nocciole\/#primaryimage"},"thumbnailUrl":"https:\/\/www.chocolate7.com\/wp-content\/uploads\/2024\/12\/Screenshot_20241204_182259_Instagram-e1733337511914.jpg","datePublished":"2024-12-04T18:19:28+00:00","dateModified":"2024-12-04T18:58:39+00:00","breadcrumb":{"@id":"https:\/\/www.chocolate7.com\/shop\/tavoletta\/fondente-inclusioni-ripieno-aromatizzato\/encuentro-repubblica-dominicana-cioccolato-fondente-ripieno-di-crema-alle-nocciole\/#breadcrumb"},"inLanguage":"en-US","potentialAction":[{"@type":"ReadAction","target":["https:\/\/www.chocolate7.com\/shop\/tavoletta\/fondente-inclusioni-ripieno-aromatizzato\/encuentro-repubblica-dominicana-cioccolato-fondente-ripieno-di-crema-alle-nocciole\/"]}]},{"@type":"ImageObject","inLanguage":"en-US","@id":"https:\/\/www.chocolate7.com\/shop\/tavoletta\/fondente-inclusioni-ripieno-aromatizzato\/encuentro-repubblica-dominicana-cioccolato-fondente-ripieno-di-crema-alle-nocciole\/#primaryimage","url":"https:\/\/www.chocolate7.com\/wp-content\/uploads\/2024\/12\/Screenshot_20241204_182259_Instagram-e1733337511914.jpg","contentUrl":"https:\/\/www.chocolate7.com\/wp-content\/uploads\/2024\/12\/Screenshot_20241204_182259_Instagram-e1733337511914.jpg","width":600,"height":594},{"@type":"BreadcrumbList","@id":"https:\/\/www.chocolate7.com\/shop\/tavoletta\/fondente-inclusioni-ripieno-aromatizzato\/encuentro-repubblica-dominicana-cioccolato-fondente-ripieno-di-crema-alle-nocciole\/#breadcrumb","itemListElement":[{"@type":"ListItem","position":1,"name":"Home","item":"https:\/\/www.chocolate7.com\/en\/"},{"@type":"ListItem","position":2,"name":"Shop","item":"https:\/\/www.chocolate7.com\/en\/store\/"},{"@type":"ListItem","position":3,"name":"Encuentro Dominican Republic Dark Chocolate Filled with Hazelnut spread"}]},{"@type":"WebSite","@id":"https:\/\/www.chocolate7.com\/#website","url":"https:\/\/www.chocolate7.com\/","name":"Chocolate7","description":"The fine &amp; luxury chocolate selection","publisher":{"@id":"https:\/\/www.chocolate7.com\/#organization"},"potentialAction":[{"@type":"SearchAction","target":{"@type":"EntryPoint","urlTemplate":"https:\/\/www.chocolate7.com\/?s={search_term_string}"},"query-input":"required name=search_term_string"}],"inLanguage":"en-US"},{"@type":"Organization","@id":"https:\/\/www.chocolate7.com\/#organization","name":"Choc7 di Benedetto Giovanni","url":"https:\/\/www.chocolate7.com\/","logo":{"@type":"ImageObject","inLanguage":"en-US","@id":"https:\/\/www.chocolate7.com\/#\/schema\/logo\/image\/","url":"https:\/\/www.chocolate7.com\/wp-content\/uploads\/2018\/10\/logo_chocolate.png","contentUrl":"https:\/\/www.chocolate7.com\/wp-content\/uploads\/2018\/10\/logo_chocolate.png","width":200,"height":41,"caption":"Choc7 di Benedetto Giovanni"},"image":{"@id":"https:\/\/www.chocolate7.com\/#\/schema\/logo\/image\/"},"sameAs":["https:\/\/www.facebook.com\/cremino.gianduia.1","https:\/\/x.com\/GianduiaCremino","https:\/\/www.instagram.com\/creminogianduia\/","https:\/\/www.pinterest.com.au\/creminogianduia\/","https:\/\/www.youtube.com\/channel\/UCWFQlcc9EQnAsLkD8rBsgig"]}]}},"brands":[{"id":5613,"name":"Encuentro","slug":"encuentro-en-2"}],"_links":{"self":[{"href":"https:\/\/www.chocolate7.com\/en\/wp-json\/wp\/v2\/product\/34177","targetHints":{"allow":["GET"]}}],"collection":[{"href":"https:\/\/www.chocolate7.com\/en\/wp-json\/wp\/v2\/product"}],"about":[{"href":"https:\/\/www.chocolate7.com\/en\/wp-json\/wp\/v2\/types\/product"}],"wp:featuredmedia":[{"embeddable":true,"href":"https:\/\/www.chocolate7.com\/en\/wp-json\/wp\/v2\/media\/34181"}],"wp:attachment":[{"href":"https:\/\/www.chocolate7.com\/en\/wp-json\/wp\/v2\/media?parent=34177"}],"wp:term":[{"taxonomy":"pwb-brand","embeddable":true,"href":"https:\/\/www.chocolate7.com\/en\/wp-json\/wp\/v2\/pwb-brand?post=34177"},{"taxonomy":"product_brand","embeddable":true,"href":"https:\/\/www.chocolate7.com\/en\/wp-json\/wp\/v2\/product_brand?post=34177"},{"taxonomy":"product_cat","embeddable":true,"href":"https:\/\/www.chocolate7.com\/en\/wp-json\/wp\/v2\/product_cat?post=34177"},{"taxonomy":"product_tag","embeddable":true,"href":"https:\/\/www.chocolate7.com\/en\/wp-json\/wp\/v2\/product_tag?post=34177"},{"taxonomy":"giftcard-category","embeddable":true,"href":"https:\/\/www.chocolate7.com\/en\/wp-json\/wp\/v2\/giftcard-category?post=34177"}],"curies":[{"name":"wp","href":"https:\/\/api.w.org\/{rel}","templated":true}]}}