{"id":34518,"date":"2025-02-14T17:00:52","date_gmt":"2025-02-14T16:00:52","guid":{"rendered":"https:\/\/www.chocolate7.com\/?post_type=product&#038;p=34518"},"modified":"2025-04-22T10:47:45","modified_gmt":"2025-04-22T08:47:45","slug":"encuentro-brazil-jorge-takahashi-cacao-rare-copia","status":"publish","type":"product","link":"https:\/\/www.chocolate7.com\/en\/shop\/bar\/dark-chocolate-en-2\/encuentro-brazil-jorge-takahashi-cacao-rare-copia\/","title":{"rendered":"Encuentro Vietnam B\u00e0 R\u1ecba-V\u0169ng T\u00e0u dark chocolate 70%"},"content":{"rendered":"<p style=\"text-align: left\">Dark chocolate bar &#8211; Made by Encuentro<\/p>\n<div class=\"page\" title=\"Page 1\">\n<div class=\"section\">\n<div class=\"layoutArea\">\n<div class=\"column\">\n<div class=\"product__block__text\">\n<div class=\"product__block__text\">\n<p>Origine du cacao : Vietnam<\/p>\n<\/div>\n<div class=\"product__block__text\">\n<p>Type de chocolat : Doux &amp; \u00c9l\u00e9gant<\/p>\n<\/div>\n<div class=\"product__block__text\">\n<p><span class=\"metafield-multi_line_text_field\">Notes de d\u00e9gustation : Notes d\u2019abricots m\u0153lleux, belle allonge caram\u00e9lis\u00e9e.<\/span><\/p>\n<\/div>\n<div class=\"product__block__description rte body-size-4\">\n<div class=\"tabs-wrapper\">\n<div class=\"product-accordion\" data-accordion-group=\"\">\n<div class=\"accordion__wrapper\">\n<div id=\"description_MGmDhj-main\" class=\"accordion__body no-js-accordion\" data-accordion-body=\"\">\n<div class=\"accordion-content__holder accordion-content__holder--truncate is-visible\" data-truncated-holder=\"\">\n<div class=\"accordion-content__inner\">\n<div class=\"accordion-content__entry\" data-truncated-content=\"accordion-content__entry--truncate\">\n<p>Sur la c\u00f4te sud-est du Vietnam, dans la province de B\u00e0 R\u1ecba-V\u0169ng T\u00e0u, la structure OCA (Organic Cacao) accompagne les producteurs dans le d\u00e9veloppement d\u2019une fili\u00e8re\u00a0<strong>cacao d\u2019exception en agriculture biologique<\/strong>.<\/p>\n<p>Les cacaoyers poussent dans des plantations verdoyantes, entour\u00e9s d&#8217;avocatiers, d&#8217;anacardiers et de jacquiers. Import\u00e9s par les fran\u00e7ais au XIX\u00e8me si\u00e8cle, ce cacao a \u00e9t\u00e9 pr\u00e9serv\u00e9 car longtemps oubli\u00e9 au profit de cultures plus rentables, comme le caf\u00e9.<\/p>\n<p>Nous avons aujourd\u2019hui le privil\u00e8ge de faire partie des rares fabricants \u00e0 pouvoir travailler ces f\u00e8ves en Europe.<\/p>\n<p>\u00c0 la fois r\u00e9confortant, doux et fruit\u00e9, ce chocolat r\u00e9v\u00e8le de d\u00e9licieuses notes d\u2019abricots moelleux et une belle allonge caram\u00e9lis\u00e9e.<\/p>\n<p>Des f\u00e8ves de cacao et du sucre de canne, rien de plus : c&#8217;est notre d\u00e9marche pour vous garantir un chocolat de d\u00e9gustation authentique, o\u00f9 chaque note unique du cacao peut s&#8217;exprimer.<\/p>\n<p>En choisissant cette tablette, vous soutenez la juste r\u00e9mun\u00e9ration des producteurs de cacao locaux.<\/p>\n<\/div>\n<\/div>\n<\/div>\n<\/div>\n<\/div>\n<\/div>\n<\/div>\n<\/div>\n<\/div>\n<\/div>\n<\/div>\n<\/div>\n<\/div>\n","protected":false},"excerpt":{"rendered":"<p>Encuentro is a bean to bar chocolate maker from France. This fine chocolate bar is made with cocoa from Vietnam (B\u00e0 R\u1ecba-V\u0169ng T\u00e0u). Encuentro Vietnam B\u00e0 R\u1ecba-V\u0169ng T\u00e0u dark chocolate 70% is a dark chocolate with a pleasantly sweet taste, with aromatic notes of flowers, mandarin, raspberry, apricot jam, caramel, spices.<\/p>\n<p>&nbsp;<\/p>\n<p>&nbsp;<\/p>\n<div class=\"page\" title=\"Pagina 1\">\n<div class=\"section\">\n<div class=\"layoutArea\">\n<div class=\"column\">\n<p>&nbsp;<\/p>\n<\/div>\n<\/div>\n<\/div>\n<\/div>\n<p>&nbsp;<\/p>\n<p>&nbsp;<\/p>\n","protected":false},"featured_media":34520,"template":"","meta":[],"pwb-brand":[5613],"product_brand":[],"product_cat":[3251,3255],"product_tag":[],"giftcard-category":[],"class_list":{"0":"post-34518","1":"product","2":"type-product","3":"status-publish","4":"has-post-thumbnail","6":"pwb-brand-encuentro-en-2","7":"product_cat-bar","8":"product_cat-dark-chocolate-en-2","9":"pa_acidita-3-en","10":"pa_allergeni-may-contain-traces-of-nuts-and-sesame","11":"pa_amarezza-2-en","12":"pa_astringenza-1-en","13":"pa_cacao-70-79-en","14":"pa_carboidrati-348-g-en","15":"pa_carboidrati-zuccheri-303-g-en","16":"pa_codice-a-barre-3770009530934-en","17":"pa_conservazione-store-in-a-cool-and-dry-place-between-16-c-and-18-c","18":"pa_dolcezza-4-en","19":"pa_fibre-134-g-en","20":"pa_grassi-371-g-en","21":"pa_grassi-saturi-235-g-en","22":"pa_ingredienti-cocoa-beans-from-vietnam-70-cane-sugar-from-brazil-ingredients-from-organic-farming","23":"pa_note-di-degustazione-floral-notes-mandarin-raspberry-apricot-jam-caramel-spices","24":"pa_paese-delle-fave-di-cacao-vietnam-en","25":"pa_paese-produttore-france","26":"pa_percentuale-di-cacao-70-en","27":"pa_proteine-83-g-en","28":"pa_regione-ba-ria-vung-tau-en","29":"pa_sale-0-g-en","30":"pa_tipo-di-cioccolato-fondente-en","31":"pa_valore-energetico-2236-kj-532-kcal-en","33":"first","34":"outofstock","35":"taxable","36":"shipping-taxable","37":"purchasable","38":"product-type-simple"},"yoast_head":"<!-- This site is optimized with the Yoast SEO plugin v23.3 - https:\/\/yoast.com\/wordpress\/plugins\/seo\/ -->\n<title>Encuentro Vietnam B\u00e0 R\u1ecba-V\u0169ng T\u00e0u dark chocolate 70% - Chocolate7<\/title>\n<meta name=\"robots\" content=\"index, follow, max-snippet:-1, max-image-preview:large, max-video-preview:-1\" \/>\n<link rel=\"canonical\" href=\"https:\/\/www.chocolate7.com\/shop\/tavoletta\/fondente\/encuentro-vietnam-ba-ria-vung-tau-cioccolato-fondente-70\/\" \/>\n<meta property=\"og:locale\" content=\"en_US\" \/>\n<meta property=\"og:type\" content=\"article\" \/>\n<meta property=\"og:title\" content=\"Encuentro Vietnam B\u00e0 R\u1ecba-V\u0169ng T\u00e0u dark chocolate 70% - Chocolate7\" \/>\n<meta property=\"og:description\" content=\"Encuentro is a bean to bar chocolate maker from France. This fine chocolate bar is made with cocoa from Vietnam (B\u00e0 R\u1ecba-V\u0169ng T\u00e0u). Encuentro Vietnam B\u00e0 R\u1ecba-V\u0169ng T\u00e0u dark chocolate 70% is a dark chocolate with a pleasantly sweet taste, with aromatic notes of flowers, mandarin, raspberry, apricot jam, caramel, spices.  &nbsp;  &nbsp;      &nbsp;      &nbsp;  &nbsp;\" \/>\n<meta property=\"og:url\" content=\"https:\/\/www.chocolate7.com\/shop\/tavoletta\/fondente\/encuentro-vietnam-ba-ria-vung-tau-cioccolato-fondente-70\/\" \/>\n<meta property=\"og:site_name\" content=\"Chocolate7\" \/>\n<meta property=\"article:publisher\" content=\"https:\/\/www.facebook.com\/cremino.gianduia.1\" \/>\n<meta property=\"article:modified_time\" content=\"2025-04-22T08:47:45+00:00\" \/>\n<meta property=\"og:image\" content=\"https:\/\/www.chocolate7.com\/wp-content\/uploads\/2025\/02\/Screenshot_20250214_163922_Instagram-e1739549556787.jpg\" \/>\n\t<meta property=\"og:image:width\" content=\"1070\" \/>\n\t<meta property=\"og:image:height\" content=\"1069\" \/>\n\t<meta property=\"og:image:type\" content=\"image\/jpeg\" \/>\n<meta name=\"twitter:card\" content=\"summary_large_image\" \/>\n<meta name=\"twitter:site\" content=\"@GianduiaCremino\" \/>\n<meta name=\"twitter:label1\" content=\"Est. reading time\" \/>\n\t<meta name=\"twitter:data1\" content=\"1 minute\" \/>\n<script type=\"application\/ld+json\" class=\"yoast-schema-graph\">{\"@context\":\"https:\/\/schema.org\",\"@graph\":[{\"@type\":\"WebPage\",\"@id\":\"https:\/\/www.chocolate7.com\/shop\/tavoletta\/fondente\/encuentro-vietnam-ba-ria-vung-tau-cioccolato-fondente-70\/\",\"url\":\"https:\/\/www.chocolate7.com\/shop\/tavoletta\/fondente\/encuentro-vietnam-ba-ria-vung-tau-cioccolato-fondente-70\/\",\"name\":\"Encuentro Vietnam B\u00e0 R\u1ecba-V\u0169ng T\u00e0u dark chocolate 70% - Chocolate7\",\"isPartOf\":{\"@id\":\"https:\/\/www.chocolate7.com\/#website\"},\"primaryImageOfPage\":{\"@id\":\"https:\/\/www.chocolate7.com\/shop\/tavoletta\/fondente\/encuentro-vietnam-ba-ria-vung-tau-cioccolato-fondente-70\/#primaryimage\"},\"image\":{\"@id\":\"https:\/\/www.chocolate7.com\/shop\/tavoletta\/fondente\/encuentro-vietnam-ba-ria-vung-tau-cioccolato-fondente-70\/#primaryimage\"},\"thumbnailUrl\":\"https:\/\/www.chocolate7.com\/wp-content\/uploads\/2025\/02\/Screenshot_20250214_163922_Instagram-e1739549556787.jpg\",\"datePublished\":\"2025-02-14T16:00:52+00:00\",\"dateModified\":\"2025-04-22T08:47:45+00:00\",\"breadcrumb\":{\"@id\":\"https:\/\/www.chocolate7.com\/shop\/tavoletta\/fondente\/encuentro-vietnam-ba-ria-vung-tau-cioccolato-fondente-70\/#breadcrumb\"},\"inLanguage\":\"en-US\",\"potentialAction\":[{\"@type\":\"ReadAction\",\"target\":[\"https:\/\/www.chocolate7.com\/shop\/tavoletta\/fondente\/encuentro-vietnam-ba-ria-vung-tau-cioccolato-fondente-70\/\"]}]},{\"@type\":\"ImageObject\",\"inLanguage\":\"en-US\",\"@id\":\"https:\/\/www.chocolate7.com\/shop\/tavoletta\/fondente\/encuentro-vietnam-ba-ria-vung-tau-cioccolato-fondente-70\/#primaryimage\",\"url\":\"https:\/\/www.chocolate7.com\/wp-content\/uploads\/2025\/02\/Screenshot_20250214_163922_Instagram-e1739549556787.jpg\",\"contentUrl\":\"https:\/\/www.chocolate7.com\/wp-content\/uploads\/2025\/02\/Screenshot_20250214_163922_Instagram-e1739549556787.jpg\",\"width\":1070,\"height\":1069},{\"@type\":\"BreadcrumbList\",\"@id\":\"https:\/\/www.chocolate7.com\/shop\/tavoletta\/fondente\/encuentro-vietnam-ba-ria-vung-tau-cioccolato-fondente-70\/#breadcrumb\",\"itemListElement\":[{\"@type\":\"ListItem\",\"position\":1,\"name\":\"Home\",\"item\":\"https:\/\/www.chocolate7.com\/en\/\"},{\"@type\":\"ListItem\",\"position\":2,\"name\":\"Shop\",\"item\":\"https:\/\/www.chocolate7.com\/en\/store\/\"},{\"@type\":\"ListItem\",\"position\":3,\"name\":\"Encuentro Vietnam B\u00e0 R\u1ecba-V\u0169ng T\u00e0u dark chocolate 70%\"}]},{\"@type\":\"WebSite\",\"@id\":\"https:\/\/www.chocolate7.com\/#website\",\"url\":\"https:\/\/www.chocolate7.com\/\",\"name\":\"Chocolate7\",\"description\":\"The fine &amp; luxury chocolate selection\",\"publisher\":{\"@id\":\"https:\/\/www.chocolate7.com\/#organization\"},\"potentialAction\":[{\"@type\":\"SearchAction\",\"target\":{\"@type\":\"EntryPoint\",\"urlTemplate\":\"https:\/\/www.chocolate7.com\/?s={search_term_string}\"},\"query-input\":\"required name=search_term_string\"}],\"inLanguage\":\"en-US\"},{\"@type\":\"Organization\",\"@id\":\"https:\/\/www.chocolate7.com\/#organization\",\"name\":\"Choc7 di Benedetto Giovanni\",\"url\":\"https:\/\/www.chocolate7.com\/\",\"logo\":{\"@type\":\"ImageObject\",\"inLanguage\":\"en-US\",\"@id\":\"https:\/\/www.chocolate7.com\/#\/schema\/logo\/image\/\",\"url\":\"https:\/\/www.chocolate7.com\/wp-content\/uploads\/2018\/10\/logo_chocolate.png\",\"contentUrl\":\"https:\/\/www.chocolate7.com\/wp-content\/uploads\/2018\/10\/logo_chocolate.png\",\"width\":200,\"height\":41,\"caption\":\"Choc7 di Benedetto Giovanni\"},\"image\":{\"@id\":\"https:\/\/www.chocolate7.com\/#\/schema\/logo\/image\/\"},\"sameAs\":[\"https:\/\/www.facebook.com\/cremino.gianduia.1\",\"https:\/\/x.com\/GianduiaCremino\",\"https:\/\/www.instagram.com\/creminogianduia\/\",\"https:\/\/www.pinterest.com.au\/creminogianduia\/\",\"https:\/\/www.youtube.com\/channel\/UCWFQlcc9EQnAsLkD8rBsgig\"]}]}<\/script>\n<!-- \/ Yoast SEO plugin. -->","yoast_head_json":{"title":"Encuentro Vietnam B\u00e0 R\u1ecba-V\u0169ng T\u00e0u dark chocolate 70% - Chocolate7","robots":{"index":"index","follow":"follow","max-snippet":"max-snippet:-1","max-image-preview":"max-image-preview:large","max-video-preview":"max-video-preview:-1"},"canonical":"https:\/\/www.chocolate7.com\/shop\/tavoletta\/fondente\/encuentro-vietnam-ba-ria-vung-tau-cioccolato-fondente-70\/","og_locale":"en_US","og_type":"article","og_title":"Encuentro Vietnam B\u00e0 R\u1ecba-V\u0169ng T\u00e0u dark chocolate 70% - Chocolate7","og_description":"Encuentro is a bean to bar chocolate maker from France. This fine chocolate bar is made with cocoa from Vietnam (B\u00e0 R\u1ecba-V\u0169ng T\u00e0u). Encuentro Vietnam B\u00e0 R\u1ecba-V\u0169ng T\u00e0u dark chocolate 70% is a dark chocolate with a pleasantly sweet taste, with aromatic notes of flowers, mandarin, raspberry, apricot jam, caramel, spices.  &nbsp;  &nbsp;      &nbsp;      &nbsp;  &nbsp;","og_url":"https:\/\/www.chocolate7.com\/shop\/tavoletta\/fondente\/encuentro-vietnam-ba-ria-vung-tau-cioccolato-fondente-70\/","og_site_name":"Chocolate7","article_publisher":"https:\/\/www.facebook.com\/cremino.gianduia.1","article_modified_time":"2025-04-22T08:47:45+00:00","og_image":[{"width":1070,"height":1069,"url":"https:\/\/www.chocolate7.com\/wp-content\/uploads\/2025\/02\/Screenshot_20250214_163922_Instagram-e1739549556787.jpg","type":"image\/jpeg"}],"twitter_card":"summary_large_image","twitter_site":"@GianduiaCremino","twitter_misc":{"Est. reading time":"1 minute"},"schema":{"@context":"https:\/\/schema.org","@graph":[{"@type":"WebPage","@id":"https:\/\/www.chocolate7.com\/shop\/tavoletta\/fondente\/encuentro-vietnam-ba-ria-vung-tau-cioccolato-fondente-70\/","url":"https:\/\/www.chocolate7.com\/shop\/tavoletta\/fondente\/encuentro-vietnam-ba-ria-vung-tau-cioccolato-fondente-70\/","name":"Encuentro Vietnam B\u00e0 R\u1ecba-V\u0169ng T\u00e0u dark chocolate 70% - Chocolate7","isPartOf":{"@id":"https:\/\/www.chocolate7.com\/#website"},"primaryImageOfPage":{"@id":"https:\/\/www.chocolate7.com\/shop\/tavoletta\/fondente\/encuentro-vietnam-ba-ria-vung-tau-cioccolato-fondente-70\/#primaryimage"},"image":{"@id":"https:\/\/www.chocolate7.com\/shop\/tavoletta\/fondente\/encuentro-vietnam-ba-ria-vung-tau-cioccolato-fondente-70\/#primaryimage"},"thumbnailUrl":"https:\/\/www.chocolate7.com\/wp-content\/uploads\/2025\/02\/Screenshot_20250214_163922_Instagram-e1739549556787.jpg","datePublished":"2025-02-14T16:00:52+00:00","dateModified":"2025-04-22T08:47:45+00:00","breadcrumb":{"@id":"https:\/\/www.chocolate7.com\/shop\/tavoletta\/fondente\/encuentro-vietnam-ba-ria-vung-tau-cioccolato-fondente-70\/#breadcrumb"},"inLanguage":"en-US","potentialAction":[{"@type":"ReadAction","target":["https:\/\/www.chocolate7.com\/shop\/tavoletta\/fondente\/encuentro-vietnam-ba-ria-vung-tau-cioccolato-fondente-70\/"]}]},{"@type":"ImageObject","inLanguage":"en-US","@id":"https:\/\/www.chocolate7.com\/shop\/tavoletta\/fondente\/encuentro-vietnam-ba-ria-vung-tau-cioccolato-fondente-70\/#primaryimage","url":"https:\/\/www.chocolate7.com\/wp-content\/uploads\/2025\/02\/Screenshot_20250214_163922_Instagram-e1739549556787.jpg","contentUrl":"https:\/\/www.chocolate7.com\/wp-content\/uploads\/2025\/02\/Screenshot_20250214_163922_Instagram-e1739549556787.jpg","width":1070,"height":1069},{"@type":"BreadcrumbList","@id":"https:\/\/www.chocolate7.com\/shop\/tavoletta\/fondente\/encuentro-vietnam-ba-ria-vung-tau-cioccolato-fondente-70\/#breadcrumb","itemListElement":[{"@type":"ListItem","position":1,"name":"Home","item":"https:\/\/www.chocolate7.com\/en\/"},{"@type":"ListItem","position":2,"name":"Shop","item":"https:\/\/www.chocolate7.com\/en\/store\/"},{"@type":"ListItem","position":3,"name":"Encuentro Vietnam B\u00e0 R\u1ecba-V\u0169ng T\u00e0u dark chocolate 70%"}]},{"@type":"WebSite","@id":"https:\/\/www.chocolate7.com\/#website","url":"https:\/\/www.chocolate7.com\/","name":"Chocolate7","description":"The fine &amp; luxury chocolate selection","publisher":{"@id":"https:\/\/www.chocolate7.com\/#organization"},"potentialAction":[{"@type":"SearchAction","target":{"@type":"EntryPoint","urlTemplate":"https:\/\/www.chocolate7.com\/?s={search_term_string}"},"query-input":"required name=search_term_string"}],"inLanguage":"en-US"},{"@type":"Organization","@id":"https:\/\/www.chocolate7.com\/#organization","name":"Choc7 di Benedetto Giovanni","url":"https:\/\/www.chocolate7.com\/","logo":{"@type":"ImageObject","inLanguage":"en-US","@id":"https:\/\/www.chocolate7.com\/#\/schema\/logo\/image\/","url":"https:\/\/www.chocolate7.com\/wp-content\/uploads\/2018\/10\/logo_chocolate.png","contentUrl":"https:\/\/www.chocolate7.com\/wp-content\/uploads\/2018\/10\/logo_chocolate.png","width":200,"height":41,"caption":"Choc7 di Benedetto Giovanni"},"image":{"@id":"https:\/\/www.chocolate7.com\/#\/schema\/logo\/image\/"},"sameAs":["https:\/\/www.facebook.com\/cremino.gianduia.1","https:\/\/x.com\/GianduiaCremino","https:\/\/www.instagram.com\/creminogianduia\/","https:\/\/www.pinterest.com.au\/creminogianduia\/","https:\/\/www.youtube.com\/channel\/UCWFQlcc9EQnAsLkD8rBsgig"]}]}},"brands":[{"id":5613,"name":"Encuentro","slug":"encuentro-en-2"}],"_links":{"self":[{"href":"https:\/\/www.chocolate7.com\/en\/wp-json\/wp\/v2\/product\/34518","targetHints":{"allow":["GET"]}}],"collection":[{"href":"https:\/\/www.chocolate7.com\/en\/wp-json\/wp\/v2\/product"}],"about":[{"href":"https:\/\/www.chocolate7.com\/en\/wp-json\/wp\/v2\/types\/product"}],"wp:featuredmedia":[{"embeddable":true,"href":"https:\/\/www.chocolate7.com\/en\/wp-json\/wp\/v2\/media\/34520"}],"wp:attachment":[{"href":"https:\/\/www.chocolate7.com\/en\/wp-json\/wp\/v2\/media?parent=34518"}],"wp:term":[{"taxonomy":"pwb-brand","embeddable":true,"href":"https:\/\/www.chocolate7.com\/en\/wp-json\/wp\/v2\/pwb-brand?post=34518"},{"taxonomy":"product_brand","embeddable":true,"href":"https:\/\/www.chocolate7.com\/en\/wp-json\/wp\/v2\/product_brand?post=34518"},{"taxonomy":"product_cat","embeddable":true,"href":"https:\/\/www.chocolate7.com\/en\/wp-json\/wp\/v2\/product_cat?post=34518"},{"taxonomy":"product_tag","embeddable":true,"href":"https:\/\/www.chocolate7.com\/en\/wp-json\/wp\/v2\/product_tag?post=34518"},{"taxonomy":"giftcard-category","embeddable":true,"href":"https:\/\/www.chocolate7.com\/en\/wp-json\/wp\/v2\/giftcard-category?post=34518"}],"curies":[{"name":"wp","href":"https:\/\/api.w.org\/{rel}","templated":true}]}}