{"id":34597,"date":"2025-03-18T13:38:10","date_gmt":"2025-03-18T12:38:10","guid":{"rendered":"https:\/\/www.chocolate7.com\/?post_type=product&#038;p=34597"},"modified":"2025-03-18T14:08:03","modified_gmt":"2025-03-18T13:08:03","slug":"qantu-peru-junin-chaska-copia","status":"publish","type":"product","link":"https:\/\/www.chocolate7.com\/en\/shop\/bar\/dark-chocolate-milk-chocolate-en\/qantu-peru-junin-chaska-copia\/","title":{"rendered":"Qantu Peru Pangoa coffee break &#8211; dark chocolate 70%"},"content":{"rendered":"<p style=\"text-align: left\">Dark chocolate bar with inclusions \/ filled \/ flavoured &#8211; Made by Qantu<\/p>\n<p>Prenez une pause et venez explorer le centre du P\u00e9rou. Nous avons extrait la quintessence du cacao &#8220;criollo de montagne&#8221; de Pangoa pour la marier \u00e0 un bijoux du caf\u00e9, la vari\u00e9t\u00e9 Geisha du m\u00eame terroir. Nous sommes arriv\u00e9s! Un paradis\u00a0gustatif qui vous remplira d&#8217;\u00e9nergie toute la journ\u00e9e!<\/p>\n<p>&nbsp;<\/p>\n<p><strong>Tasting notes<\/strong><\/p>\n<p>Le nez:\u00a0\u00a0 \u00a0Floral comme lilas et roses<\/p>\n<p>La bouche: Bleuets, cassis, touche croquante<\/p>\n<p>Finale:\u00a0\u00a0 \u00a0Porto<\/p>\n","protected":false},"excerpt":{"rendered":"<p>Qantu is a bean to bar chocolate maker from Canada. This fine chocolate bar is made with cocoa from Peru (Pangoa). Qantu Peru Pangoa coffee break &#8211; dark chocolate 70% is a dark chocolate with a pleasantly acidic taste and aromatic notes of roses, lilacs, blueberries, blackcurrants, coffee, port wine.<\/p>\n<p>Take a coffee break and explore central Peru. Qantu has expertly worked the &#8220;mountain criollo&#8221; cocoa from Pangoa to marry it with a jewel of coffee, the Geisha variety, from the same terroir<\/p>\n<p><span style=\"font-size: 14.4px\">.<\/span><\/p>\n<p>&nbsp;<\/p>\n<p>&nbsp;<\/p>\n","protected":false},"featured_media":34599,"template":"","meta":[],"pwb-brand":[3456],"product_brand":[],"product_cat":[3251,3256],"product_tag":[],"giftcard-category":[],"class_list":{"0":"post-34597","1":"product","2":"type-product","3":"status-publish","4":"has-post-thumbnail","6":"pwb-brand-quantu","7":"product_cat-bar","8":"product_cat-dark-chocolate-milk-chocolate-en","9":"pa_acidita-4-en","10":"pa_allergeni-may-contain-traces-of-milk-and-nuts-en-4","11":"pa_amarezza-1-en","12":"pa_astringenza-0-en","13":"pa_cacao-70-79-en","14":"pa_carboidrati-48-g-en","15":"pa_carboidrati-zuccheri-28-g-en","16":"pa_codice-a-barre-628011743022-en","17":"pa_conservazione-conservare-in-luogo-fresco-e-asciutto-en","18":"pa_dolcezza-3-en","19":"pa_fibre-20-g-en","20":"pa_grassi-40-g-en","21":"pa_grassi-saturi-24-g-en","22":"pa_ingredienti-cocoa-beans-cane-sugar-coffee-cocoa-butter","23":"pa_note-di-degustazione-roses-lilacs-blueberries-blackcurrants-coffee-port-wine","24":"pa_paese-delle-fave-di-cacao-peru-en","25":"pa_paese-produttore-canada-en","26":"pa_percentuale-di-cacao-70-en","27":"pa_proteine-12-g-en","28":"pa_regione-pangoa-en","29":"pa_sale-0-g-en","30":"pa_tipo-di-cioccolato-flavoured-filled-inclusions-dark-chocolate","31":"pa_valore-energetico-572-kcal-en","33":"first","34":"instock","35":"taxable","36":"shipping-taxable","37":"purchasable","38":"product-type-simple"},"yoast_head":"<!-- This site is optimized with the Yoast SEO plugin v23.3 - https:\/\/yoast.com\/wordpress\/plugins\/seo\/ -->\n<title>Qantu Peru Pangoa coffee break - dark chocolate 70% - Chocolate7<\/title>\n<meta name=\"robots\" content=\"index, follow, max-snippet:-1, max-image-preview:large, max-video-preview:-1\" \/>\n<link rel=\"canonical\" href=\"https:\/\/www.chocolate7.com\/shop\/tavoletta\/fondente-inclusioni-ripieno-aromatizzato\/qantu-peru-pangoa-pausa-caffe-cioccolato-fondente-70\/\" \/>\n<meta property=\"og:locale\" content=\"en_US\" \/>\n<meta property=\"og:type\" content=\"article\" \/>\n<meta property=\"og:title\" content=\"Qantu Peru Pangoa coffee break - dark chocolate 70% - Chocolate7\" \/>\n<meta property=\"og:description\" content=\"Qantu is a bean to bar chocolate maker from Canada. This fine chocolate bar is made with cocoa from Peru (Pangoa). Qantu Peru Pangoa coffee break - dark chocolate 70% is a dark chocolate with a pleasantly acidic taste and aromatic notes of roses, lilacs, blueberries, blackcurrants, coffee, port wine.  Take a coffee break and explore central Peru. Qantu has expertly worked the &quot;mountain criollo&quot; cocoa from Pangoa to marry it with a jewel of coffee, the Geisha variety, from the same terroir  .  &nbsp;  &nbsp;\" \/>\n<meta property=\"og:url\" content=\"https:\/\/www.chocolate7.com\/shop\/tavoletta\/fondente-inclusioni-ripieno-aromatizzato\/qantu-peru-pangoa-pausa-caffe-cioccolato-fondente-70\/\" \/>\n<meta property=\"og:site_name\" content=\"Chocolate7\" \/>\n<meta property=\"article:publisher\" content=\"https:\/\/www.facebook.com\/cremino.gianduia.1\" \/>\n<meta property=\"article:modified_time\" content=\"2025-03-18T13:08:03+00:00\" \/>\n<meta property=\"og:image\" content=\"https:\/\/www.chocolate7.com\/wp-content\/uploads\/2025\/03\/Screenshot_20250316_213925_Instagram-e1742302816206.jpg\" \/>\n\t<meta property=\"og:image:width\" content=\"1071\" \/>\n\t<meta property=\"og:image:height\" content=\"1070\" \/>\n\t<meta property=\"og:image:type\" content=\"image\/jpeg\" \/>\n<meta name=\"twitter:card\" content=\"summary_large_image\" \/>\n<meta name=\"twitter:site\" content=\"@GianduiaCremino\" \/>\n<script type=\"application\/ld+json\" class=\"yoast-schema-graph\">{\"@context\":\"https:\/\/schema.org\",\"@graph\":[{\"@type\":\"WebPage\",\"@id\":\"https:\/\/www.chocolate7.com\/shop\/tavoletta\/fondente-inclusioni-ripieno-aromatizzato\/qantu-peru-pangoa-pausa-caffe-cioccolato-fondente-70\/\",\"url\":\"https:\/\/www.chocolate7.com\/shop\/tavoletta\/fondente-inclusioni-ripieno-aromatizzato\/qantu-peru-pangoa-pausa-caffe-cioccolato-fondente-70\/\",\"name\":\"Qantu Peru Pangoa coffee break - dark chocolate 70% - Chocolate7\",\"isPartOf\":{\"@id\":\"https:\/\/www.chocolate7.com\/#website\"},\"primaryImageOfPage\":{\"@id\":\"https:\/\/www.chocolate7.com\/shop\/tavoletta\/fondente-inclusioni-ripieno-aromatizzato\/qantu-peru-pangoa-pausa-caffe-cioccolato-fondente-70\/#primaryimage\"},\"image\":{\"@id\":\"https:\/\/www.chocolate7.com\/shop\/tavoletta\/fondente-inclusioni-ripieno-aromatizzato\/qantu-peru-pangoa-pausa-caffe-cioccolato-fondente-70\/#primaryimage\"},\"thumbnailUrl\":\"https:\/\/www.chocolate7.com\/wp-content\/uploads\/2025\/03\/Screenshot_20250316_213925_Instagram-e1742302816206.jpg\",\"datePublished\":\"2025-03-18T12:38:10+00:00\",\"dateModified\":\"2025-03-18T13:08:03+00:00\",\"breadcrumb\":{\"@id\":\"https:\/\/www.chocolate7.com\/shop\/tavoletta\/fondente-inclusioni-ripieno-aromatizzato\/qantu-peru-pangoa-pausa-caffe-cioccolato-fondente-70\/#breadcrumb\"},\"inLanguage\":\"en-US\",\"potentialAction\":[{\"@type\":\"ReadAction\",\"target\":[\"https:\/\/www.chocolate7.com\/shop\/tavoletta\/fondente-inclusioni-ripieno-aromatizzato\/qantu-peru-pangoa-pausa-caffe-cioccolato-fondente-70\/\"]}]},{\"@type\":\"ImageObject\",\"inLanguage\":\"en-US\",\"@id\":\"https:\/\/www.chocolate7.com\/shop\/tavoletta\/fondente-inclusioni-ripieno-aromatizzato\/qantu-peru-pangoa-pausa-caffe-cioccolato-fondente-70\/#primaryimage\",\"url\":\"https:\/\/www.chocolate7.com\/wp-content\/uploads\/2025\/03\/Screenshot_20250316_213925_Instagram-e1742302816206.jpg\",\"contentUrl\":\"https:\/\/www.chocolate7.com\/wp-content\/uploads\/2025\/03\/Screenshot_20250316_213925_Instagram-e1742302816206.jpg\",\"width\":1071,\"height\":1070},{\"@type\":\"BreadcrumbList\",\"@id\":\"https:\/\/www.chocolate7.com\/shop\/tavoletta\/fondente-inclusioni-ripieno-aromatizzato\/qantu-peru-pangoa-pausa-caffe-cioccolato-fondente-70\/#breadcrumb\",\"itemListElement\":[{\"@type\":\"ListItem\",\"position\":1,\"name\":\"Home\",\"item\":\"https:\/\/www.chocolate7.com\/en\/\"},{\"@type\":\"ListItem\",\"position\":2,\"name\":\"Shop\",\"item\":\"https:\/\/www.chocolate7.com\/en\/store\/\"},{\"@type\":\"ListItem\",\"position\":3,\"name\":\"Qantu Peru Pangoa coffee break &#8211; dark chocolate 70%\"}]},{\"@type\":\"WebSite\",\"@id\":\"https:\/\/www.chocolate7.com\/#website\",\"url\":\"https:\/\/www.chocolate7.com\/\",\"name\":\"Chocolate7\",\"description\":\"The fine &amp; luxury chocolate selection\",\"publisher\":{\"@id\":\"https:\/\/www.chocolate7.com\/#organization\"},\"potentialAction\":[{\"@type\":\"SearchAction\",\"target\":{\"@type\":\"EntryPoint\",\"urlTemplate\":\"https:\/\/www.chocolate7.com\/?s={search_term_string}\"},\"query-input\":\"required name=search_term_string\"}],\"inLanguage\":\"en-US\"},{\"@type\":\"Organization\",\"@id\":\"https:\/\/www.chocolate7.com\/#organization\",\"name\":\"Choc7 di Benedetto Giovanni\",\"url\":\"https:\/\/www.chocolate7.com\/\",\"logo\":{\"@type\":\"ImageObject\",\"inLanguage\":\"en-US\",\"@id\":\"https:\/\/www.chocolate7.com\/#\/schema\/logo\/image\/\",\"url\":\"https:\/\/www.chocolate7.com\/wp-content\/uploads\/2018\/10\/logo_chocolate.png\",\"contentUrl\":\"https:\/\/www.chocolate7.com\/wp-content\/uploads\/2018\/10\/logo_chocolate.png\",\"width\":200,\"height\":41,\"caption\":\"Choc7 di Benedetto Giovanni\"},\"image\":{\"@id\":\"https:\/\/www.chocolate7.com\/#\/schema\/logo\/image\/\"},\"sameAs\":[\"https:\/\/www.facebook.com\/cremino.gianduia.1\",\"https:\/\/x.com\/GianduiaCremino\",\"https:\/\/www.instagram.com\/creminogianduia\/\",\"https:\/\/www.pinterest.com.au\/creminogianduia\/\",\"https:\/\/www.youtube.com\/channel\/UCWFQlcc9EQnAsLkD8rBsgig\"]}]}<\/script>\n<!-- \/ Yoast SEO plugin. -->","yoast_head_json":{"title":"Qantu Peru Pangoa coffee break - dark chocolate 70% - Chocolate7","robots":{"index":"index","follow":"follow","max-snippet":"max-snippet:-1","max-image-preview":"max-image-preview:large","max-video-preview":"max-video-preview:-1"},"canonical":"https:\/\/www.chocolate7.com\/shop\/tavoletta\/fondente-inclusioni-ripieno-aromatizzato\/qantu-peru-pangoa-pausa-caffe-cioccolato-fondente-70\/","og_locale":"en_US","og_type":"article","og_title":"Qantu Peru Pangoa coffee break - dark chocolate 70% - Chocolate7","og_description":"Qantu is a bean to bar chocolate maker from Canada. This fine chocolate bar is made with cocoa from Peru (Pangoa). Qantu Peru Pangoa coffee break - dark chocolate 70% is a dark chocolate with a pleasantly acidic taste and aromatic notes of roses, lilacs, blueberries, blackcurrants, coffee, port wine.  Take a coffee break and explore central Peru. Qantu has expertly worked the \"mountain criollo\" cocoa from Pangoa to marry it with a jewel of coffee, the Geisha variety, from the same terroir  .  &nbsp;  &nbsp;","og_url":"https:\/\/www.chocolate7.com\/shop\/tavoletta\/fondente-inclusioni-ripieno-aromatizzato\/qantu-peru-pangoa-pausa-caffe-cioccolato-fondente-70\/","og_site_name":"Chocolate7","article_publisher":"https:\/\/www.facebook.com\/cremino.gianduia.1","article_modified_time":"2025-03-18T13:08:03+00:00","og_image":[{"width":1071,"height":1070,"url":"https:\/\/www.chocolate7.com\/wp-content\/uploads\/2025\/03\/Screenshot_20250316_213925_Instagram-e1742302816206.jpg","type":"image\/jpeg"}],"twitter_card":"summary_large_image","twitter_site":"@GianduiaCremino","schema":{"@context":"https:\/\/schema.org","@graph":[{"@type":"WebPage","@id":"https:\/\/www.chocolate7.com\/shop\/tavoletta\/fondente-inclusioni-ripieno-aromatizzato\/qantu-peru-pangoa-pausa-caffe-cioccolato-fondente-70\/","url":"https:\/\/www.chocolate7.com\/shop\/tavoletta\/fondente-inclusioni-ripieno-aromatizzato\/qantu-peru-pangoa-pausa-caffe-cioccolato-fondente-70\/","name":"Qantu Peru Pangoa coffee break - dark chocolate 70% - Chocolate7","isPartOf":{"@id":"https:\/\/www.chocolate7.com\/#website"},"primaryImageOfPage":{"@id":"https:\/\/www.chocolate7.com\/shop\/tavoletta\/fondente-inclusioni-ripieno-aromatizzato\/qantu-peru-pangoa-pausa-caffe-cioccolato-fondente-70\/#primaryimage"},"image":{"@id":"https:\/\/www.chocolate7.com\/shop\/tavoletta\/fondente-inclusioni-ripieno-aromatizzato\/qantu-peru-pangoa-pausa-caffe-cioccolato-fondente-70\/#primaryimage"},"thumbnailUrl":"https:\/\/www.chocolate7.com\/wp-content\/uploads\/2025\/03\/Screenshot_20250316_213925_Instagram-e1742302816206.jpg","datePublished":"2025-03-18T12:38:10+00:00","dateModified":"2025-03-18T13:08:03+00:00","breadcrumb":{"@id":"https:\/\/www.chocolate7.com\/shop\/tavoletta\/fondente-inclusioni-ripieno-aromatizzato\/qantu-peru-pangoa-pausa-caffe-cioccolato-fondente-70\/#breadcrumb"},"inLanguage":"en-US","potentialAction":[{"@type":"ReadAction","target":["https:\/\/www.chocolate7.com\/shop\/tavoletta\/fondente-inclusioni-ripieno-aromatizzato\/qantu-peru-pangoa-pausa-caffe-cioccolato-fondente-70\/"]}]},{"@type":"ImageObject","inLanguage":"en-US","@id":"https:\/\/www.chocolate7.com\/shop\/tavoletta\/fondente-inclusioni-ripieno-aromatizzato\/qantu-peru-pangoa-pausa-caffe-cioccolato-fondente-70\/#primaryimage","url":"https:\/\/www.chocolate7.com\/wp-content\/uploads\/2025\/03\/Screenshot_20250316_213925_Instagram-e1742302816206.jpg","contentUrl":"https:\/\/www.chocolate7.com\/wp-content\/uploads\/2025\/03\/Screenshot_20250316_213925_Instagram-e1742302816206.jpg","width":1071,"height":1070},{"@type":"BreadcrumbList","@id":"https:\/\/www.chocolate7.com\/shop\/tavoletta\/fondente-inclusioni-ripieno-aromatizzato\/qantu-peru-pangoa-pausa-caffe-cioccolato-fondente-70\/#breadcrumb","itemListElement":[{"@type":"ListItem","position":1,"name":"Home","item":"https:\/\/www.chocolate7.com\/en\/"},{"@type":"ListItem","position":2,"name":"Shop","item":"https:\/\/www.chocolate7.com\/en\/store\/"},{"@type":"ListItem","position":3,"name":"Qantu Peru Pangoa coffee break &#8211; dark chocolate 70%"}]},{"@type":"WebSite","@id":"https:\/\/www.chocolate7.com\/#website","url":"https:\/\/www.chocolate7.com\/","name":"Chocolate7","description":"The fine &amp; luxury chocolate selection","publisher":{"@id":"https:\/\/www.chocolate7.com\/#organization"},"potentialAction":[{"@type":"SearchAction","target":{"@type":"EntryPoint","urlTemplate":"https:\/\/www.chocolate7.com\/?s={search_term_string}"},"query-input":"required name=search_term_string"}],"inLanguage":"en-US"},{"@type":"Organization","@id":"https:\/\/www.chocolate7.com\/#organization","name":"Choc7 di Benedetto Giovanni","url":"https:\/\/www.chocolate7.com\/","logo":{"@type":"ImageObject","inLanguage":"en-US","@id":"https:\/\/www.chocolate7.com\/#\/schema\/logo\/image\/","url":"https:\/\/www.chocolate7.com\/wp-content\/uploads\/2018\/10\/logo_chocolate.png","contentUrl":"https:\/\/www.chocolate7.com\/wp-content\/uploads\/2018\/10\/logo_chocolate.png","width":200,"height":41,"caption":"Choc7 di Benedetto Giovanni"},"image":{"@id":"https:\/\/www.chocolate7.com\/#\/schema\/logo\/image\/"},"sameAs":["https:\/\/www.facebook.com\/cremino.gianduia.1","https:\/\/x.com\/GianduiaCremino","https:\/\/www.instagram.com\/creminogianduia\/","https:\/\/www.pinterest.com.au\/creminogianduia\/","https:\/\/www.youtube.com\/channel\/UCWFQlcc9EQnAsLkD8rBsgig"]}]}},"brands":[{"id":3456,"name":"Quantu","slug":"quantu"}],"_links":{"self":[{"href":"https:\/\/www.chocolate7.com\/en\/wp-json\/wp\/v2\/product\/34597","targetHints":{"allow":["GET"]}}],"collection":[{"href":"https:\/\/www.chocolate7.com\/en\/wp-json\/wp\/v2\/product"}],"about":[{"href":"https:\/\/www.chocolate7.com\/en\/wp-json\/wp\/v2\/types\/product"}],"wp:featuredmedia":[{"embeddable":true,"href":"https:\/\/www.chocolate7.com\/en\/wp-json\/wp\/v2\/media\/34599"}],"wp:attachment":[{"href":"https:\/\/www.chocolate7.com\/en\/wp-json\/wp\/v2\/media?parent=34597"}],"wp:term":[{"taxonomy":"pwb-brand","embeddable":true,"href":"https:\/\/www.chocolate7.com\/en\/wp-json\/wp\/v2\/pwb-brand?post=34597"},{"taxonomy":"product_brand","embeddable":true,"href":"https:\/\/www.chocolate7.com\/en\/wp-json\/wp\/v2\/product_brand?post=34597"},{"taxonomy":"product_cat","embeddable":true,"href":"https:\/\/www.chocolate7.com\/en\/wp-json\/wp\/v2\/product_cat?post=34597"},{"taxonomy":"product_tag","embeddable":true,"href":"https:\/\/www.chocolate7.com\/en\/wp-json\/wp\/v2\/product_tag?post=34597"},{"taxonomy":"giftcard-category","embeddable":true,"href":"https:\/\/www.chocolate7.com\/en\/wp-json\/wp\/v2\/giftcard-category?post=34597"}],"curies":[{"name":"wp","href":"https:\/\/api.w.org\/{rel}","templated":true}]}}