{"id":34617,"date":"2025-03-25T17:45:29","date_gmt":"2025-03-25T16:45:30","guid":{"rendered":"https:\/\/www.chocolate7.com\/?post_type=product&#038;p=34617"},"modified":"2025-03-25T18:15:43","modified_gmt":"2025-03-25T17:15:43","slug":"encuentro-dominican-republic-bunny-manana-copia","status":"publish","type":"product","link":"https:\/\/www.chocolate7.com\/en\/shop\/bar\/dark-chocolate-milk-chocolate-en\/encuentro-dominican-republic-bunny-manana-copia\/","title":{"rendered":"Encuentro El Salvador The adorable bunny &#8211; dark chocolate 62%"},"content":{"rendered":"<p style=\"text-align: left\">Dark chocolate bunny with inclusions \/ filled \/ flavoured &#8211; Made by Encuentro<\/p>\n<p>Un nouveau lapin gourmand pour P\u00e2ques !<\/p>\n<p>Pour r\u00e9aliser l&#8217;<strong>Adorable Lapin<\/strong>, nous avons utilis\u00e9 notre chocolat\u00a070% El Salvador. Nous l&#8217;avons ensuite garni\u00a0de 65g de Noisettes &amp; Amandes enrob\u00e9es et avons ajout\u00e9 une touche de poudre de framboises pour lui colorer les joues.<\/p>\n<p>Pas de plastique chez Encuentro. Notre lapin est emball\u00e9 dans une belle bo\u00eete 100% recyclable qui s&#8217;ouvre en fleur !<\/p>\n<p>C&#8217;est Cynthia Alonso qui a joliment r\u00e9alis\u00e9 sa petite bouille d&#8217;amour \ud83d\udc30<\/p>\n<p><em>\u00c0 consommer de pr\u00e9f\u00e9rence dans les 3 mois suivant l&#8217;achat.<\/em><\/p>\n<p><em><strong>Informations Produits :<\/strong><\/em><\/p>\n<p><em>Dimensions du lapin : 15 cm x 6cm x 6cm<\/em><\/p>\n<p><em>Dimensions de la boite : 18cm x 7cm x 7cm<\/em><\/p>\n<p><em>Poids net : 140g<\/em><\/p>\n","protected":false},"excerpt":{"rendered":"<p>Encuentro is a bean to bar chocolate maker from France. This fine chocolate bunny is made with cocoa from El Salvador. A new gourmet bunny for Easter! To make Encuentro El Salvador The adorable bunny &#8211; dark chocolate 62% was used cocoa from El Salvador, which has characteristic aromatic notes of honey, citrus, blueberries, raspberry and caramel. Inside there are 65 grams of Piedmont hazelnuts and Valencia almonds covered in dark chocolate. Finally Encuentro added a touch of raspberry powder to color the cheeks.<\/p>\n<p>&nbsp;<\/p>\n<p>&nbsp;<\/p>\n","protected":false},"featured_media":34619,"template":"","meta":[],"pwb-brand":[5613],"product_brand":[],"product_cat":[3251,3256,4521,3215],"product_tag":[],"giftcard-category":[],"class_list":{"0":"post-34617","1":"product","2":"type-product","3":"status-publish","4":"has-post-thumbnail","6":"pwb-brand-encuentro-en-2","7":"product_cat-bar","8":"product_cat-dark-chocolate-milk-chocolate-en","9":"product_cat-easter","10":"product_cat-gift-box","11":"pa_acidita-2-en","12":"pa_allergeni-contains-almonds-and-hazelnuts-may-contain-traces-of-nuts-and-sesame","13":"pa_amarezza-1-en","14":"pa_astringenza-0-en","15":"pa_cacao-60-69-en","16":"pa_certificazioni-organic","17":"pa_conservazione-store-in-a-cool-and-dry-place-between-16-c-and-18-c","18":"pa_dolcezza-3-en","19":"pa_ingredienti-cocoa-beans-cane-sugar-almonds-hazelnuts-raspberry-powder","20":"pa_note-di-degustazione-honey-citrus-blueberries-raspberry-hazelnut-almond-caramel","21":"pa_paese-delle-fave-di-cacao-el-salvador-en","22":"pa_paese-produttore-france","23":"pa_percentuale-di-cacao-62-en","24":"pa_tipo-di-cioccolato-flavoured-filled-inclusions-dark-chocolate","26":"first","27":"outofstock","28":"featured","29":"taxable","30":"shipping-taxable","31":"purchasable","32":"product-type-simple"},"yoast_head":"<!-- This site is optimized with the Yoast SEO plugin v23.3 - https:\/\/yoast.com\/wordpress\/plugins\/seo\/ -->\n<title>Encuentro El Salvador The adorable bunny - dark chocolate 62% - Chocolate7<\/title>\n<meta name=\"robots\" content=\"index, follow, max-snippet:-1, max-image-preview:large, max-video-preview:-1\" \/>\n<link rel=\"canonical\" href=\"https:\/\/www.chocolate7.com\/en\/shop\/bar\/dark-chocolate-milk-chocolate-en\/encuentro-dominican-republic-bunny-manana-copia\/\" \/>\n<meta property=\"og:locale\" content=\"en_US\" \/>\n<meta property=\"og:type\" content=\"article\" \/>\n<meta property=\"og:title\" content=\"Encuentro El Salvador The adorable bunny - dark chocolate 62% - Chocolate7\" \/>\n<meta property=\"og:description\" content=\"Encuentro is a bean to bar chocolate maker from France. This fine chocolate bunny is made with cocoa from El Salvador. A new gourmet bunny for Easter! To make Encuentro El Salvador The adorable bunny - dark chocolate 62% was used cocoa from El Salvador, which has characteristic aromatic notes of honey, citrus, blueberries, raspberry and caramel. Inside there are 65 grams of Piedmont hazelnuts and Valencia almonds covered in dark chocolate. Finally Encuentro added a touch of raspberry powder to color the cheeks.  &nbsp;  &nbsp;\" \/>\n<meta property=\"og:url\" content=\"https:\/\/www.chocolate7.com\/en\/shop\/bar\/dark-chocolate-milk-chocolate-en\/encuentro-dominican-republic-bunny-manana-copia\/\" \/>\n<meta property=\"og:site_name\" content=\"Chocolate7\" \/>\n<meta property=\"article:publisher\" content=\"https:\/\/www.facebook.com\/cremino.gianduia.1\" \/>\n<meta property=\"article:modified_time\" content=\"2025-03-25T17:15:43+00:00\" \/>\n<meta property=\"og:image\" content=\"https:\/\/www.chocolate7.com\/wp-content\/uploads\/2025\/03\/Screenshot_20250325_174243_Instagram-e1742922520569.jpg\" \/>\n\t<meta property=\"og:image:width\" content=\"1045\" \/>\n\t<meta property=\"og:image:height\" content=\"1080\" \/>\n\t<meta property=\"og:image:type\" content=\"image\/jpeg\" \/>\n<meta name=\"twitter:card\" content=\"summary_large_image\" \/>\n<meta name=\"twitter:site\" content=\"@GianduiaCremino\" \/>\n<meta name=\"twitter:label1\" content=\"Est. reading time\" \/>\n\t<meta name=\"twitter:data1\" content=\"1 minute\" \/>\n<script type=\"application\/ld+json\" class=\"yoast-schema-graph\">{\"@context\":\"https:\/\/schema.org\",\"@graph\":[{\"@type\":\"WebPage\",\"@id\":\"https:\/\/www.chocolate7.com\/en\/shop\/bar\/dark-chocolate-milk-chocolate-en\/encuentro-dominican-republic-bunny-manana-copia\/\",\"url\":\"https:\/\/www.chocolate7.com\/en\/shop\/bar\/dark-chocolate-milk-chocolate-en\/encuentro-dominican-republic-bunny-manana-copia\/\",\"name\":\"Encuentro El Salvador The adorable bunny - dark chocolate 62% - Chocolate7\",\"isPartOf\":{\"@id\":\"https:\/\/www.chocolate7.com\/#website\"},\"primaryImageOfPage\":{\"@id\":\"https:\/\/www.chocolate7.com\/en\/shop\/bar\/dark-chocolate-milk-chocolate-en\/encuentro-dominican-republic-bunny-manana-copia\/#primaryimage\"},\"image\":{\"@id\":\"https:\/\/www.chocolate7.com\/en\/shop\/bar\/dark-chocolate-milk-chocolate-en\/encuentro-dominican-republic-bunny-manana-copia\/#primaryimage\"},\"thumbnailUrl\":\"https:\/\/www.chocolate7.com\/wp-content\/uploads\/2025\/03\/Screenshot_20250325_174243_Instagram-e1742922520569.jpg\",\"datePublished\":\"2025-03-25T16:45:30+00:00\",\"dateModified\":\"2025-03-25T17:15:43+00:00\",\"breadcrumb\":{\"@id\":\"https:\/\/www.chocolate7.com\/en\/shop\/bar\/dark-chocolate-milk-chocolate-en\/encuentro-dominican-republic-bunny-manana-copia\/#breadcrumb\"},\"inLanguage\":\"en-US\",\"potentialAction\":[{\"@type\":\"ReadAction\",\"target\":[\"https:\/\/www.chocolate7.com\/en\/shop\/bar\/dark-chocolate-milk-chocolate-en\/encuentro-dominican-republic-bunny-manana-copia\/\"]}]},{\"@type\":\"ImageObject\",\"inLanguage\":\"en-US\",\"@id\":\"https:\/\/www.chocolate7.com\/en\/shop\/bar\/dark-chocolate-milk-chocolate-en\/encuentro-dominican-republic-bunny-manana-copia\/#primaryimage\",\"url\":\"https:\/\/www.chocolate7.com\/wp-content\/uploads\/2025\/03\/Screenshot_20250325_174243_Instagram-e1742922520569.jpg\",\"contentUrl\":\"https:\/\/www.chocolate7.com\/wp-content\/uploads\/2025\/03\/Screenshot_20250325_174243_Instagram-e1742922520569.jpg\",\"width\":1045,\"height\":1080},{\"@type\":\"BreadcrumbList\",\"@id\":\"https:\/\/www.chocolate7.com\/en\/shop\/bar\/dark-chocolate-milk-chocolate-en\/encuentro-dominican-republic-bunny-manana-copia\/#breadcrumb\",\"itemListElement\":[{\"@type\":\"ListItem\",\"position\":1,\"name\":\"Home\",\"item\":\"https:\/\/www.chocolate7.com\/en\/\"},{\"@type\":\"ListItem\",\"position\":2,\"name\":\"Shop\",\"item\":\"https:\/\/www.chocolate7.com\/en\/store\/\"},{\"@type\":\"ListItem\",\"position\":3,\"name\":\"Encuentro El Salvador The adorable bunny &#8211; dark chocolate 62%\"}]},{\"@type\":\"WebSite\",\"@id\":\"https:\/\/www.chocolate7.com\/#website\",\"url\":\"https:\/\/www.chocolate7.com\/\",\"name\":\"Chocolate7\",\"description\":\"The fine &amp; luxury chocolate selection\",\"publisher\":{\"@id\":\"https:\/\/www.chocolate7.com\/#organization\"},\"potentialAction\":[{\"@type\":\"SearchAction\",\"target\":{\"@type\":\"EntryPoint\",\"urlTemplate\":\"https:\/\/www.chocolate7.com\/?s={search_term_string}\"},\"query-input\":\"required name=search_term_string\"}],\"inLanguage\":\"en-US\"},{\"@type\":\"Organization\",\"@id\":\"https:\/\/www.chocolate7.com\/#organization\",\"name\":\"Choc7 di Benedetto Giovanni\",\"url\":\"https:\/\/www.chocolate7.com\/\",\"logo\":{\"@type\":\"ImageObject\",\"inLanguage\":\"en-US\",\"@id\":\"https:\/\/www.chocolate7.com\/#\/schema\/logo\/image\/\",\"url\":\"https:\/\/www.chocolate7.com\/wp-content\/uploads\/2018\/10\/logo_chocolate.png\",\"contentUrl\":\"https:\/\/www.chocolate7.com\/wp-content\/uploads\/2018\/10\/logo_chocolate.png\",\"width\":200,\"height\":41,\"caption\":\"Choc7 di Benedetto Giovanni\"},\"image\":{\"@id\":\"https:\/\/www.chocolate7.com\/#\/schema\/logo\/image\/\"},\"sameAs\":[\"https:\/\/www.facebook.com\/cremino.gianduia.1\",\"https:\/\/x.com\/GianduiaCremino\",\"https:\/\/www.instagram.com\/creminogianduia\/\",\"https:\/\/www.pinterest.com.au\/creminogianduia\/\",\"https:\/\/www.youtube.com\/channel\/UCWFQlcc9EQnAsLkD8rBsgig\"]}]}<\/script>\n<!-- \/ Yoast SEO plugin. -->","yoast_head_json":{"title":"Encuentro El Salvador The adorable bunny - dark chocolate 62% - Chocolate7","robots":{"index":"index","follow":"follow","max-snippet":"max-snippet:-1","max-image-preview":"max-image-preview:large","max-video-preview":"max-video-preview:-1"},"canonical":"https:\/\/www.chocolate7.com\/en\/shop\/bar\/dark-chocolate-milk-chocolate-en\/encuentro-dominican-republic-bunny-manana-copia\/","og_locale":"en_US","og_type":"article","og_title":"Encuentro El Salvador The adorable bunny - dark chocolate 62% - Chocolate7","og_description":"Encuentro is a bean to bar chocolate maker from France. This fine chocolate bunny is made with cocoa from El Salvador. A new gourmet bunny for Easter! To make Encuentro El Salvador The adorable bunny - dark chocolate 62% was used cocoa from El Salvador, which has characteristic aromatic notes of honey, citrus, blueberries, raspberry and caramel. Inside there are 65 grams of Piedmont hazelnuts and Valencia almonds covered in dark chocolate. Finally Encuentro added a touch of raspberry powder to color the cheeks.  &nbsp;  &nbsp;","og_url":"https:\/\/www.chocolate7.com\/en\/shop\/bar\/dark-chocolate-milk-chocolate-en\/encuentro-dominican-republic-bunny-manana-copia\/","og_site_name":"Chocolate7","article_publisher":"https:\/\/www.facebook.com\/cremino.gianduia.1","article_modified_time":"2025-03-25T17:15:43+00:00","og_image":[{"width":1045,"height":1080,"url":"https:\/\/www.chocolate7.com\/wp-content\/uploads\/2025\/03\/Screenshot_20250325_174243_Instagram-e1742922520569.jpg","type":"image\/jpeg"}],"twitter_card":"summary_large_image","twitter_site":"@GianduiaCremino","twitter_misc":{"Est. reading time":"1 minute"},"schema":{"@context":"https:\/\/schema.org","@graph":[{"@type":"WebPage","@id":"https:\/\/www.chocolate7.com\/en\/shop\/bar\/dark-chocolate-milk-chocolate-en\/encuentro-dominican-republic-bunny-manana-copia\/","url":"https:\/\/www.chocolate7.com\/en\/shop\/bar\/dark-chocolate-milk-chocolate-en\/encuentro-dominican-republic-bunny-manana-copia\/","name":"Encuentro El Salvador The adorable bunny - dark chocolate 62% - Chocolate7","isPartOf":{"@id":"https:\/\/www.chocolate7.com\/#website"},"primaryImageOfPage":{"@id":"https:\/\/www.chocolate7.com\/en\/shop\/bar\/dark-chocolate-milk-chocolate-en\/encuentro-dominican-republic-bunny-manana-copia\/#primaryimage"},"image":{"@id":"https:\/\/www.chocolate7.com\/en\/shop\/bar\/dark-chocolate-milk-chocolate-en\/encuentro-dominican-republic-bunny-manana-copia\/#primaryimage"},"thumbnailUrl":"https:\/\/www.chocolate7.com\/wp-content\/uploads\/2025\/03\/Screenshot_20250325_174243_Instagram-e1742922520569.jpg","datePublished":"2025-03-25T16:45:30+00:00","dateModified":"2025-03-25T17:15:43+00:00","breadcrumb":{"@id":"https:\/\/www.chocolate7.com\/en\/shop\/bar\/dark-chocolate-milk-chocolate-en\/encuentro-dominican-republic-bunny-manana-copia\/#breadcrumb"},"inLanguage":"en-US","potentialAction":[{"@type":"ReadAction","target":["https:\/\/www.chocolate7.com\/en\/shop\/bar\/dark-chocolate-milk-chocolate-en\/encuentro-dominican-republic-bunny-manana-copia\/"]}]},{"@type":"ImageObject","inLanguage":"en-US","@id":"https:\/\/www.chocolate7.com\/en\/shop\/bar\/dark-chocolate-milk-chocolate-en\/encuentro-dominican-republic-bunny-manana-copia\/#primaryimage","url":"https:\/\/www.chocolate7.com\/wp-content\/uploads\/2025\/03\/Screenshot_20250325_174243_Instagram-e1742922520569.jpg","contentUrl":"https:\/\/www.chocolate7.com\/wp-content\/uploads\/2025\/03\/Screenshot_20250325_174243_Instagram-e1742922520569.jpg","width":1045,"height":1080},{"@type":"BreadcrumbList","@id":"https:\/\/www.chocolate7.com\/en\/shop\/bar\/dark-chocolate-milk-chocolate-en\/encuentro-dominican-republic-bunny-manana-copia\/#breadcrumb","itemListElement":[{"@type":"ListItem","position":1,"name":"Home","item":"https:\/\/www.chocolate7.com\/en\/"},{"@type":"ListItem","position":2,"name":"Shop","item":"https:\/\/www.chocolate7.com\/en\/store\/"},{"@type":"ListItem","position":3,"name":"Encuentro El Salvador The adorable bunny &#8211; dark chocolate 62%"}]},{"@type":"WebSite","@id":"https:\/\/www.chocolate7.com\/#website","url":"https:\/\/www.chocolate7.com\/","name":"Chocolate7","description":"The fine &amp; luxury chocolate selection","publisher":{"@id":"https:\/\/www.chocolate7.com\/#organization"},"potentialAction":[{"@type":"SearchAction","target":{"@type":"EntryPoint","urlTemplate":"https:\/\/www.chocolate7.com\/?s={search_term_string}"},"query-input":"required name=search_term_string"}],"inLanguage":"en-US"},{"@type":"Organization","@id":"https:\/\/www.chocolate7.com\/#organization","name":"Choc7 di Benedetto Giovanni","url":"https:\/\/www.chocolate7.com\/","logo":{"@type":"ImageObject","inLanguage":"en-US","@id":"https:\/\/www.chocolate7.com\/#\/schema\/logo\/image\/","url":"https:\/\/www.chocolate7.com\/wp-content\/uploads\/2018\/10\/logo_chocolate.png","contentUrl":"https:\/\/www.chocolate7.com\/wp-content\/uploads\/2018\/10\/logo_chocolate.png","width":200,"height":41,"caption":"Choc7 di Benedetto Giovanni"},"image":{"@id":"https:\/\/www.chocolate7.com\/#\/schema\/logo\/image\/"},"sameAs":["https:\/\/www.facebook.com\/cremino.gianduia.1","https:\/\/x.com\/GianduiaCremino","https:\/\/www.instagram.com\/creminogianduia\/","https:\/\/www.pinterest.com.au\/creminogianduia\/","https:\/\/www.youtube.com\/channel\/UCWFQlcc9EQnAsLkD8rBsgig"]}]}},"brands":[{"id":5613,"name":"Encuentro","slug":"encuentro-en-2"}],"_links":{"self":[{"href":"https:\/\/www.chocolate7.com\/en\/wp-json\/wp\/v2\/product\/34617","targetHints":{"allow":["GET"]}}],"collection":[{"href":"https:\/\/www.chocolate7.com\/en\/wp-json\/wp\/v2\/product"}],"about":[{"href":"https:\/\/www.chocolate7.com\/en\/wp-json\/wp\/v2\/types\/product"}],"wp:featuredmedia":[{"embeddable":true,"href":"https:\/\/www.chocolate7.com\/en\/wp-json\/wp\/v2\/media\/34619"}],"wp:attachment":[{"href":"https:\/\/www.chocolate7.com\/en\/wp-json\/wp\/v2\/media?parent=34617"}],"wp:term":[{"taxonomy":"pwb-brand","embeddable":true,"href":"https:\/\/www.chocolate7.com\/en\/wp-json\/wp\/v2\/pwb-brand?post=34617"},{"taxonomy":"product_brand","embeddable":true,"href":"https:\/\/www.chocolate7.com\/en\/wp-json\/wp\/v2\/product_brand?post=34617"},{"taxonomy":"product_cat","embeddable":true,"href":"https:\/\/www.chocolate7.com\/en\/wp-json\/wp\/v2\/product_cat?post=34617"},{"taxonomy":"product_tag","embeddable":true,"href":"https:\/\/www.chocolate7.com\/en\/wp-json\/wp\/v2\/product_tag?post=34617"},{"taxonomy":"giftcard-category","embeddable":true,"href":"https:\/\/www.chocolate7.com\/en\/wp-json\/wp\/v2\/giftcard-category?post=34617"}],"curies":[{"name":"wp","href":"https:\/\/api.w.org\/{rel}","templated":true}]}}