{"id":34680,"date":"2025-04-01T17:01:36","date_gmt":"2025-04-01T15:01:37","guid":{"rendered":"https:\/\/www.chocolate7.com\/?post_type=product&#038;p=34680"},"modified":"2025-04-01T17:31:10","modified_gmt":"2025-04-01T15:31:10","slug":"encuentro-dominican-republic-6-rochers-intenses-copia","status":"publish","type":"product","link":"https:\/\/www.chocolate7.com\/en\/shop\/gift-box\/encuentro-dominican-republic-6-rochers-intenses-copia\/","title":{"rendered":"Encuentro Dominican Republic dark chocolate 60% discs filled with Piedmont hazelnut spread Ma\u00f1ana\u00a9"},"content":{"rendered":"<p style=\"text-align: left\">Dark chocolate discs filled with Piedmont hazelnut spread Ma\u00f1ana\u00a9 &#8211; Products from Encuentro<\/p>\n<div class=\"product__block__text\">\n<p><strong>De la gourmandise pure \u00e0 partager !<\/strong><\/p>\n<p>Origine du cacao : R\u00e9publique dominicaine<\/p>\n<\/div>\n<div class=\"product__block__description rte body-size-4\">\n<div class=\"tabs-wrapper\">\n<div class=\"product-accordion\" data-accordion-group=\"\">\n<div class=\"accordion__wrapper\">\n<div id=\"description_MGmDhj-main\" class=\"accordion__body no-js-accordion\" data-accordion-body=\"\">\n<div class=\"accordion-content__holder accordion-content__holder--truncate\" data-truncated-holder=\"\">\n<div class=\"accordion-content__inner\">\n<div class=\"accordion-content__entry\" data-truncated-content=\"accordion-content__entry--truncate\">\n<p>Ces petits palets sont r\u00e9alis\u00e9s avec 3 ingr\u00e9dients (noisettes du Pi\u00e9mont bio, f\u00e8ves de cacao bio et uniquement 15% de sucre de canne bio !) et une pointe de sel. \u00a0Ils sont un concentr\u00e9 de noisettes et de cacao !<\/p>\n<p>Un plumier contient entre 24 et 25 palets fourr\u00e9s.<\/p>\n<p><span style=\"font-size: 14.4px\">Tr\u00e8s peu de sucre, beaucoup de noisettes et de cacao : une approche singuli\u00e8re au service d&#8217;un go\u00fbt intense.<\/span><\/p>\n<\/div>\n<\/div>\n<\/div>\n<\/div>\n<\/div>\n<\/div>\n<\/div>\n<\/div>\n<p>Les noisettes du Pi\u00e9mont sont reconnues comme parmi les meilleures noisettes au monde. Nous avons s\u00e9lectionn\u00e9 celles de la famille Benvenuto. R\u00e9colt\u00e9es au c\u0153ur de la r\u00e9gion du Pi\u00e9mont au nord de l&#8217;Italie, leurs noisettes bio de grande qualit\u00e9 gustative forment un mariage parfait avec notre chocolat !<\/p>\n","protected":false},"excerpt":{"rendered":"<p>Encuentro is a bean to bar chocolate maker from France. These fine chocolate discs are made with cocoa from Dominican Republic, with a balanced taste with aromatic notes of honey, red fruits, plum, hazelnuts, and biscuits. This elegant case contains 24 discs covered in 60% dark chocolate, filled with Piedmont hazelnut cream and cocoa. Encuentro Dominican Republic 60% dark chocolate discs filled with Piedmont Ma\u00f1ana\u00a9 hazelnut cream, are made with only 4 ingredients (organic Piedmont PGI hazelnuts, organic Dominican Republic cocoa beans and only 15% organic Brazilian cane sugar!) and a pinch of salt. Produced in limited series, they are a concentrate of hazelnuts and cocoa. Little sugar, lots of hazelnuts and cocoa: a unique approach for an intense taste.<\/p>\n<p>After a few weeks, a light natural white veil may appear due to the high content of hazelnuts and cocoa and the absence of additives. It does not alter the quality or taste in any way!<\/p>\n<p>&nbsp;<\/p>\n<h1 class=\"product__title heading-size-9\"><\/h1>\n","protected":false},"featured_media":34682,"template":"","meta":[],"pwb-brand":[5613],"product_brand":[],"product_cat":[3215,3240],"product_tag":[],"giftcard-category":[],"class_list":{"0":"post-34680","1":"product","2":"type-product","3":"status-publish","4":"has-post-thumbnail","6":"pwb-brand-encuentro-en-2","7":"product_cat-gift-box","8":"product_cat-pralines-chocolates-bonbons-cremini-truffles","9":"pa_acidita-1-en","10":"pa_allergeni-contains-hazelnuts-may-contain-nuts-and-sesame","11":"pa_amarezza-1-en","12":"pa_astringenza-0-en","13":"pa_cacao-60-69-en","14":"pa_certificazioni-organic","15":"pa_conservazione-store-in-a-cool-and-dry-place-between-16-c-and-18-c","16":"pa_dolcezza-4-en","17":"pa_ingredienti-piedmont-igp-hazelnuts-50-dominican-republic-cocoa-beans-cane-sugar-15-salt","18":"pa_note-di-degustazione-honey-red-fruits-plum-hazelnut-biscuits","19":"pa_paese-delle-fave-di-cacao-dominican-republic","20":"pa_paese-produttore-france","21":"pa_percentuale-di-cacao-60-en","22":"pa_tipo-di-cioccolato-flavoured-filled-inclusions-dark-chocolate","23":"pa_tipo-di-cioccolato-pralines-chocolates-bonbons-cremini-truffles","25":"first","26":"outofstock","27":"taxable","28":"shipping-taxable","29":"purchasable","30":"product-type-simple"},"yoast_head":"<!-- This site is optimized with the Yoast SEO plugin v23.3 - https:\/\/yoast.com\/wordpress\/plugins\/seo\/ -->\n<title>Encuentro Dominican Republic dark chocolate 60% discs filled with Piedmont hazelnut spread Ma\u00f1ana\u00a9 - Chocolate7<\/title>\n<meta name=\"robots\" content=\"index, follow, max-snippet:-1, max-image-preview:large, max-video-preview:-1\" \/>\n<link rel=\"canonical\" href=\"https:\/\/www.chocolate7.com\/en\/shop\/gift-box\/encuentro-dominican-republic-6-rochers-intenses-copia\/\" \/>\n<meta property=\"og:locale\" content=\"en_US\" \/>\n<meta property=\"og:type\" content=\"article\" \/>\n<meta property=\"og:title\" content=\"Encuentro Dominican Republic dark chocolate 60% discs filled with Piedmont hazelnut spread Ma\u00f1ana\u00a9 - Chocolate7\" \/>\n<meta property=\"og:description\" content=\"Encuentro is a bean to bar chocolate maker from France. These fine chocolate discs are made with cocoa from Dominican Republic, with a balanced taste with aromatic notes of honey, red fruits, plum, hazelnuts, and biscuits. This elegant case contains 24 discs covered in 60% dark chocolate, filled with Piedmont hazelnut cream and cocoa. Encuentro Dominican Republic 60% dark chocolate discs filled with Piedmont Ma\u00f1ana\u00a9 hazelnut cream, are made with only 4 ingredients (organic Piedmont PGI hazelnuts, organic Dominican Republic cocoa beans and only 15% organic Brazilian cane sugar!) and a pinch of salt. Produced in limited series, they are a concentrate of hazelnuts and cocoa. Little sugar, lots of hazelnuts and cocoa: a unique approach for an intense taste.  After a few weeks, a light natural white veil may appear due to the high content of hazelnuts and cocoa and the absence of additives. It does not alter the quality or taste in any way!  &nbsp;\" \/>\n<meta property=\"og:url\" content=\"https:\/\/www.chocolate7.com\/en\/shop\/gift-box\/encuentro-dominican-republic-6-rochers-intenses-copia\/\" \/>\n<meta property=\"og:site_name\" content=\"Chocolate7\" \/>\n<meta property=\"article:publisher\" content=\"https:\/\/www.facebook.com\/cremino.gianduia.1\" \/>\n<meta property=\"article:modified_time\" content=\"2025-04-01T15:31:10+00:00\" \/>\n<meta property=\"og:image\" content=\"https:\/\/www.chocolate7.com\/wp-content\/uploads\/2025\/04\/Screenshot_20250401_150956_Instagram-e1743520849195.jpg\" \/>\n\t<meta property=\"og:image:width\" content=\"1080\" \/>\n\t<meta property=\"og:image:height\" content=\"1067\" \/>\n\t<meta property=\"og:image:type\" content=\"image\/jpeg\" \/>\n<meta name=\"twitter:card\" content=\"summary_large_image\" \/>\n<meta name=\"twitter:site\" content=\"@GianduiaCremino\" \/>\n<meta name=\"twitter:label1\" content=\"Est. reading time\" \/>\n\t<meta name=\"twitter:data1\" content=\"1 minute\" \/>\n<script type=\"application\/ld+json\" class=\"yoast-schema-graph\">{\"@context\":\"https:\/\/schema.org\",\"@graph\":[{\"@type\":\"WebPage\",\"@id\":\"https:\/\/www.chocolate7.com\/en\/shop\/gift-box\/encuentro-dominican-republic-6-rochers-intenses-copia\/\",\"url\":\"https:\/\/www.chocolate7.com\/en\/shop\/gift-box\/encuentro-dominican-republic-6-rochers-intenses-copia\/\",\"name\":\"Encuentro Dominican Republic dark chocolate 60% discs filled with Piedmont hazelnut spread Ma\u00f1ana\u00a9 - Chocolate7\",\"isPartOf\":{\"@id\":\"https:\/\/www.chocolate7.com\/#website\"},\"primaryImageOfPage\":{\"@id\":\"https:\/\/www.chocolate7.com\/en\/shop\/gift-box\/encuentro-dominican-republic-6-rochers-intenses-copia\/#primaryimage\"},\"image\":{\"@id\":\"https:\/\/www.chocolate7.com\/en\/shop\/gift-box\/encuentro-dominican-republic-6-rochers-intenses-copia\/#primaryimage\"},\"thumbnailUrl\":\"https:\/\/www.chocolate7.com\/wp-content\/uploads\/2025\/04\/Screenshot_20250401_150956_Instagram-e1743520849195.jpg\",\"datePublished\":\"2025-04-01T15:01:37+00:00\",\"dateModified\":\"2025-04-01T15:31:10+00:00\",\"breadcrumb\":{\"@id\":\"https:\/\/www.chocolate7.com\/en\/shop\/gift-box\/encuentro-dominican-republic-6-rochers-intenses-copia\/#breadcrumb\"},\"inLanguage\":\"en-US\",\"potentialAction\":[{\"@type\":\"ReadAction\",\"target\":[\"https:\/\/www.chocolate7.com\/en\/shop\/gift-box\/encuentro-dominican-republic-6-rochers-intenses-copia\/\"]}]},{\"@type\":\"ImageObject\",\"inLanguage\":\"en-US\",\"@id\":\"https:\/\/www.chocolate7.com\/en\/shop\/gift-box\/encuentro-dominican-republic-6-rochers-intenses-copia\/#primaryimage\",\"url\":\"https:\/\/www.chocolate7.com\/wp-content\/uploads\/2025\/04\/Screenshot_20250401_150956_Instagram-e1743520849195.jpg\",\"contentUrl\":\"https:\/\/www.chocolate7.com\/wp-content\/uploads\/2025\/04\/Screenshot_20250401_150956_Instagram-e1743520849195.jpg\",\"width\":1080,\"height\":1067},{\"@type\":\"BreadcrumbList\",\"@id\":\"https:\/\/www.chocolate7.com\/en\/shop\/gift-box\/encuentro-dominican-republic-6-rochers-intenses-copia\/#breadcrumb\",\"itemListElement\":[{\"@type\":\"ListItem\",\"position\":1,\"name\":\"Home\",\"item\":\"https:\/\/www.chocolate7.com\/en\/\"},{\"@type\":\"ListItem\",\"position\":2,\"name\":\"Shop\",\"item\":\"https:\/\/www.chocolate7.com\/en\/store\/\"},{\"@type\":\"ListItem\",\"position\":3,\"name\":\"Encuentro Dominican Republic dark chocolate 60% discs filled with Piedmont hazelnut spread Ma\u00f1ana\u00a9\"}]},{\"@type\":\"WebSite\",\"@id\":\"https:\/\/www.chocolate7.com\/#website\",\"url\":\"https:\/\/www.chocolate7.com\/\",\"name\":\"Chocolate7\",\"description\":\"The fine &amp; luxury chocolate selection\",\"publisher\":{\"@id\":\"https:\/\/www.chocolate7.com\/#organization\"},\"potentialAction\":[{\"@type\":\"SearchAction\",\"target\":{\"@type\":\"EntryPoint\",\"urlTemplate\":\"https:\/\/www.chocolate7.com\/?s={search_term_string}\"},\"query-input\":\"required name=search_term_string\"}],\"inLanguage\":\"en-US\"},{\"@type\":\"Organization\",\"@id\":\"https:\/\/www.chocolate7.com\/#organization\",\"name\":\"Choc7 di Benedetto Giovanni\",\"url\":\"https:\/\/www.chocolate7.com\/\",\"logo\":{\"@type\":\"ImageObject\",\"inLanguage\":\"en-US\",\"@id\":\"https:\/\/www.chocolate7.com\/#\/schema\/logo\/image\/\",\"url\":\"https:\/\/www.chocolate7.com\/wp-content\/uploads\/2018\/10\/logo_chocolate.png\",\"contentUrl\":\"https:\/\/www.chocolate7.com\/wp-content\/uploads\/2018\/10\/logo_chocolate.png\",\"width\":200,\"height\":41,\"caption\":\"Choc7 di Benedetto Giovanni\"},\"image\":{\"@id\":\"https:\/\/www.chocolate7.com\/#\/schema\/logo\/image\/\"},\"sameAs\":[\"https:\/\/www.facebook.com\/cremino.gianduia.1\",\"https:\/\/x.com\/GianduiaCremino\",\"https:\/\/www.instagram.com\/creminogianduia\/\",\"https:\/\/www.pinterest.com.au\/creminogianduia\/\",\"https:\/\/www.youtube.com\/channel\/UCWFQlcc9EQnAsLkD8rBsgig\"]}]}<\/script>\n<!-- \/ Yoast SEO plugin. -->","yoast_head_json":{"title":"Encuentro Dominican Republic dark chocolate 60% discs filled with Piedmont hazelnut spread Ma\u00f1ana\u00a9 - Chocolate7","robots":{"index":"index","follow":"follow","max-snippet":"max-snippet:-1","max-image-preview":"max-image-preview:large","max-video-preview":"max-video-preview:-1"},"canonical":"https:\/\/www.chocolate7.com\/en\/shop\/gift-box\/encuentro-dominican-republic-6-rochers-intenses-copia\/","og_locale":"en_US","og_type":"article","og_title":"Encuentro Dominican Republic dark chocolate 60% discs filled with Piedmont hazelnut spread Ma\u00f1ana\u00a9 - Chocolate7","og_description":"Encuentro is a bean to bar chocolate maker from France. These fine chocolate discs are made with cocoa from Dominican Republic, with a balanced taste with aromatic notes of honey, red fruits, plum, hazelnuts, and biscuits. This elegant case contains 24 discs covered in 60% dark chocolate, filled with Piedmont hazelnut cream and cocoa. Encuentro Dominican Republic 60% dark chocolate discs filled with Piedmont Ma\u00f1ana\u00a9 hazelnut cream, are made with only 4 ingredients (organic Piedmont PGI hazelnuts, organic Dominican Republic cocoa beans and only 15% organic Brazilian cane sugar!) and a pinch of salt. Produced in limited series, they are a concentrate of hazelnuts and cocoa. Little sugar, lots of hazelnuts and cocoa: a unique approach for an intense taste.  After a few weeks, a light natural white veil may appear due to the high content of hazelnuts and cocoa and the absence of additives. It does not alter the quality or taste in any way!  &nbsp;","og_url":"https:\/\/www.chocolate7.com\/en\/shop\/gift-box\/encuentro-dominican-republic-6-rochers-intenses-copia\/","og_site_name":"Chocolate7","article_publisher":"https:\/\/www.facebook.com\/cremino.gianduia.1","article_modified_time":"2025-04-01T15:31:10+00:00","og_image":[{"width":1080,"height":1067,"url":"https:\/\/www.chocolate7.com\/wp-content\/uploads\/2025\/04\/Screenshot_20250401_150956_Instagram-e1743520849195.jpg","type":"image\/jpeg"}],"twitter_card":"summary_large_image","twitter_site":"@GianduiaCremino","twitter_misc":{"Est. reading time":"1 minute"},"schema":{"@context":"https:\/\/schema.org","@graph":[{"@type":"WebPage","@id":"https:\/\/www.chocolate7.com\/en\/shop\/gift-box\/encuentro-dominican-republic-6-rochers-intenses-copia\/","url":"https:\/\/www.chocolate7.com\/en\/shop\/gift-box\/encuentro-dominican-republic-6-rochers-intenses-copia\/","name":"Encuentro Dominican Republic dark chocolate 60% discs filled with Piedmont hazelnut spread Ma\u00f1ana\u00a9 - Chocolate7","isPartOf":{"@id":"https:\/\/www.chocolate7.com\/#website"},"primaryImageOfPage":{"@id":"https:\/\/www.chocolate7.com\/en\/shop\/gift-box\/encuentro-dominican-republic-6-rochers-intenses-copia\/#primaryimage"},"image":{"@id":"https:\/\/www.chocolate7.com\/en\/shop\/gift-box\/encuentro-dominican-republic-6-rochers-intenses-copia\/#primaryimage"},"thumbnailUrl":"https:\/\/www.chocolate7.com\/wp-content\/uploads\/2025\/04\/Screenshot_20250401_150956_Instagram-e1743520849195.jpg","datePublished":"2025-04-01T15:01:37+00:00","dateModified":"2025-04-01T15:31:10+00:00","breadcrumb":{"@id":"https:\/\/www.chocolate7.com\/en\/shop\/gift-box\/encuentro-dominican-republic-6-rochers-intenses-copia\/#breadcrumb"},"inLanguage":"en-US","potentialAction":[{"@type":"ReadAction","target":["https:\/\/www.chocolate7.com\/en\/shop\/gift-box\/encuentro-dominican-republic-6-rochers-intenses-copia\/"]}]},{"@type":"ImageObject","inLanguage":"en-US","@id":"https:\/\/www.chocolate7.com\/en\/shop\/gift-box\/encuentro-dominican-republic-6-rochers-intenses-copia\/#primaryimage","url":"https:\/\/www.chocolate7.com\/wp-content\/uploads\/2025\/04\/Screenshot_20250401_150956_Instagram-e1743520849195.jpg","contentUrl":"https:\/\/www.chocolate7.com\/wp-content\/uploads\/2025\/04\/Screenshot_20250401_150956_Instagram-e1743520849195.jpg","width":1080,"height":1067},{"@type":"BreadcrumbList","@id":"https:\/\/www.chocolate7.com\/en\/shop\/gift-box\/encuentro-dominican-republic-6-rochers-intenses-copia\/#breadcrumb","itemListElement":[{"@type":"ListItem","position":1,"name":"Home","item":"https:\/\/www.chocolate7.com\/en\/"},{"@type":"ListItem","position":2,"name":"Shop","item":"https:\/\/www.chocolate7.com\/en\/store\/"},{"@type":"ListItem","position":3,"name":"Encuentro Dominican Republic dark chocolate 60% discs filled with Piedmont hazelnut spread Ma\u00f1ana\u00a9"}]},{"@type":"WebSite","@id":"https:\/\/www.chocolate7.com\/#website","url":"https:\/\/www.chocolate7.com\/","name":"Chocolate7","description":"The fine &amp; luxury chocolate selection","publisher":{"@id":"https:\/\/www.chocolate7.com\/#organization"},"potentialAction":[{"@type":"SearchAction","target":{"@type":"EntryPoint","urlTemplate":"https:\/\/www.chocolate7.com\/?s={search_term_string}"},"query-input":"required name=search_term_string"}],"inLanguage":"en-US"},{"@type":"Organization","@id":"https:\/\/www.chocolate7.com\/#organization","name":"Choc7 di Benedetto Giovanni","url":"https:\/\/www.chocolate7.com\/","logo":{"@type":"ImageObject","inLanguage":"en-US","@id":"https:\/\/www.chocolate7.com\/#\/schema\/logo\/image\/","url":"https:\/\/www.chocolate7.com\/wp-content\/uploads\/2018\/10\/logo_chocolate.png","contentUrl":"https:\/\/www.chocolate7.com\/wp-content\/uploads\/2018\/10\/logo_chocolate.png","width":200,"height":41,"caption":"Choc7 di Benedetto Giovanni"},"image":{"@id":"https:\/\/www.chocolate7.com\/#\/schema\/logo\/image\/"},"sameAs":["https:\/\/www.facebook.com\/cremino.gianduia.1","https:\/\/x.com\/GianduiaCremino","https:\/\/www.instagram.com\/creminogianduia\/","https:\/\/www.pinterest.com.au\/creminogianduia\/","https:\/\/www.youtube.com\/channel\/UCWFQlcc9EQnAsLkD8rBsgig"]}]}},"brands":[{"id":5613,"name":"Encuentro","slug":"encuentro-en-2"}],"_links":{"self":[{"href":"https:\/\/www.chocolate7.com\/en\/wp-json\/wp\/v2\/product\/34680","targetHints":{"allow":["GET"]}}],"collection":[{"href":"https:\/\/www.chocolate7.com\/en\/wp-json\/wp\/v2\/product"}],"about":[{"href":"https:\/\/www.chocolate7.com\/en\/wp-json\/wp\/v2\/types\/product"}],"wp:featuredmedia":[{"embeddable":true,"href":"https:\/\/www.chocolate7.com\/en\/wp-json\/wp\/v2\/media\/34682"}],"wp:attachment":[{"href":"https:\/\/www.chocolate7.com\/en\/wp-json\/wp\/v2\/media?parent=34680"}],"wp:term":[{"taxonomy":"pwb-brand","embeddable":true,"href":"https:\/\/www.chocolate7.com\/en\/wp-json\/wp\/v2\/pwb-brand?post=34680"},{"taxonomy":"product_brand","embeddable":true,"href":"https:\/\/www.chocolate7.com\/en\/wp-json\/wp\/v2\/product_brand?post=34680"},{"taxonomy":"product_cat","embeddable":true,"href":"https:\/\/www.chocolate7.com\/en\/wp-json\/wp\/v2\/product_cat?post=34680"},{"taxonomy":"product_tag","embeddable":true,"href":"https:\/\/www.chocolate7.com\/en\/wp-json\/wp\/v2\/product_tag?post=34680"},{"taxonomy":"giftcard-category","embeddable":true,"href":"https:\/\/www.chocolate7.com\/en\/wp-json\/wp\/v2\/giftcard-category?post=34680"}],"curies":[{"name":"wp","href":"https:\/\/api.w.org\/{rel}","templated":true}]}}