{"id":34685,"date":"2025-04-01T18:58:55","date_gmt":"2025-04-01T16:58:56","guid":{"rendered":"https:\/\/www.chocolate7.com\/?post_type=product&#038;p=34685"},"modified":"2025-10-30T16:01:36","modified_gmt":"2025-10-30T15:01:36","slug":"casa-cacao-ecuador-hacienda-victoria-milk-copia","status":"publish","type":"product","link":"https:\/\/www.chocolate7.com\/en\/shop\/bar\/milk\/casa-cacao-ecuador-hacienda-victoria-milk-copia\/","title":{"rendered":"Casa cacao Ecuador Hacienda Victoria goat milk chocolate 55%"},"content":{"rendered":"<p style=\"text-align: left\">Milk chocolate bar &#8211; Made by Casa Cacao &#8211; EL CELLER DE CAN ROCA<\/p>\n<div class=\"accordion_in acc_active\">\n<div class=\"acc_content\">\n<p>Hacienda Victoria, Ecuador<\/p>\n<p>55% Cacao y Leche de Cabra<\/p>\n<p>Cacao recolectado, fermentado y secado en la misma finca de 460 hect\u00e1reas de cultivo de cacao llamado &#8220;Cacao Nacional&#8221;, fermentado durante 3 d\u00edas en cajones de madera.<\/p>\n<p>En el obrador de Casa Cacao, lo seleccionamos a mano, lo tostamos, lo descascarillamos, a\u00f1adimos az\u00facar de ca\u00f1a y manteca de cacao de origen org\u00e1nico as\u00ed como leche de cabra en polvo, y lo conchamos un m\u00ednimo de 48 horas.<\/p>\n<p>La tableta Hacienda Victoria 55% ha sido reconocida con el premio de\u00a0plata\u00a0en los International Chocolate Awards.<\/p>\n<p>Peso Neto: 80 g<\/p>\n<\/div>\n<\/div>\n<div class=\"accordion_in acc_active\">\n<div class=\"acc_head\">\n<div class=\"acc_icon_expand\"><\/div>\n<h2>ORIGEN: MAPA Y COORDENADAS<\/h2>\n<\/div>\n<div class=\"acc_content\">\n<div class=\"acc-lft no-right \">\n<p>Hacienda Victoria, Ecuador.<\/p>\n<\/div>\n<div class=\"acc-rgt\">\n<p><img loading=\"lazy\" decoding=\"async\" src=\"https:\/\/casacacaogirona.com\/img\/cms\/Icona_Ecuador.png\" alt=\"Icona_Ecuador.png\" width=\"63\" height=\"63\" \/><\/p>\n<h2>Lat: S0<sup>o<\/sup>3&#8217;0&#8221;<\/h2>\n<h2>Lon: W78<sup>o<\/sup>19&#8217;0.01&#8221;<\/h2>\n<\/div>\n<\/div>\n<\/div>\n<div class=\"accordion_in acc_active\">\n<div class=\"acc_head\">\n<div class=\"acc_icon_expand\"><\/div>\n<h2>NOTA DE CATA<\/h2>\n<\/div>\n<div class=\"acc_content\">\n<div class=\"acc-lft no-right \">\n<p>Nosotros encontramos ligeras notas\u00a0\u00e1cidas de frutos rojos muy agradables y queso de cabra.<\/p>\n<\/div>\n<\/div>\n<\/div>\n","protected":false},"excerpt":{"rendered":"<p>Casa cacao is a bean to bar chocolate maker from Spain. This fine chocolate bar is made with cocoa from Ecuador (Hacienda Victoria). Casa cacao Ecuador Hacienda Victoria goat milk chocolate 55% is a goat milk chocolate, with a sweet and pleasantly acidic taste, with aromatic notes of honey, red fruits, walnut, hay, goat cheese, caramel.<\/p>\n<p>&nbsp;<\/p>\n<p>&nbsp;<\/p>\n","protected":false},"featured_media":34687,"template":"","meta":[],"pwb-brand":[6760],"product_brand":[],"product_cat":[3251,3259],"product_tag":[],"giftcard-category":[],"class_list":{"0":"post-34685","1":"product","2":"type-product","3":"status-publish","4":"has-post-thumbnail","6":"pwb-brand-casa-cacao-el-celler-de-can-roca-en","7":"product_cat-bar","8":"product_cat-milk","9":"pa_acidita-2-en","10":"pa_allergeni-contains-milk-may-contain-traces-of-nuts-en-2","11":"pa_amarezza-0-en","12":"pa_astringenza-0-en","13":"pa_cacao-50-59-en","14":"pa_carboidrati-37-g-en","15":"pa_carboidrati-zuccheri-34-g-en","16":"pa_dolcezza-4-en","17":"pa_grassi-47-g-en","18":"pa_grassi-saturi-29-g-en","19":"pa_ingredienti-cocoa-beans-from-hacienda-victoria-ecuador-sugar-goats-milk-powder-15-cocoa-butter","20":"pa_note-di-degustazione-miele-frutti-rossi-noce-fieno-formaggio-di-capra-caramello-en","21":"pa_paese-delle-fave-di-cacao-ecuador-en","22":"pa_paese-produttore-spain","23":"pa_percentuale-di-cacao-55-en","24":"pa_proteine-749-g-en","25":"pa_regione-hacienda-victoria-en","26":"pa_sale-016-g-en","27":"pa_tipo-di-cioccolato-milk-chocolate","28":"pa_valore-energetico-2549-kj-609-kcal-en","30":"first","31":"outofstock","32":"taxable","33":"shipping-taxable","34":"purchasable","35":"product-type-simple"},"yoast_head":"<!-- This site is optimized with the Yoast SEO plugin v23.3 - https:\/\/yoast.com\/wordpress\/plugins\/seo\/ -->\n<title>Casa cacao Ecuador Hacienda Victoria goat milk chocolate 55% - Chocolate7<\/title>\n<meta name=\"robots\" content=\"index, follow, max-snippet:-1, max-image-preview:large, max-video-preview:-1\" \/>\n<link rel=\"canonical\" href=\"https:\/\/www.chocolate7.com\/shop\/tavoletta\/latte\/casa-cacao-ecuador-hacienda-victoria-cioccolato-al-latte-di-capra-55\/\" \/>\n<meta property=\"og:locale\" content=\"en_US\" \/>\n<meta property=\"og:type\" content=\"article\" \/>\n<meta property=\"og:title\" content=\"Casa cacao Ecuador Hacienda Victoria goat milk chocolate 55% - Chocolate7\" \/>\n<meta property=\"og:description\" content=\"Casa cacao is a bean to bar chocolate maker from Spain. This fine chocolate bar is made with cocoa from Ecuador (Hacienda Victoria). Casa cacao Ecuador Hacienda Victoria goat milk chocolate 55% is a goat milk chocolate, with a sweet and pleasantly acidic taste, with aromatic notes of honey, red fruits, walnut, hay, goat cheese, caramel.  &nbsp;  &nbsp;\" \/>\n<meta property=\"og:url\" content=\"https:\/\/www.chocolate7.com\/shop\/tavoletta\/latte\/casa-cacao-ecuador-hacienda-victoria-cioccolato-al-latte-di-capra-55\/\" \/>\n<meta property=\"og:site_name\" content=\"Chocolate7\" \/>\n<meta property=\"article:publisher\" content=\"https:\/\/www.facebook.com\/cremino.gianduia.1\" \/>\n<meta property=\"article:modified_time\" content=\"2025-10-30T15:01:36+00:00\" \/>\n<meta property=\"og:image\" content=\"https:\/\/www.chocolate7.com\/wp-content\/uploads\/2025\/04\/Screenshot_20250401_182937_Instagram-e1743528092339.jpg\" \/>\n\t<meta property=\"og:image:width\" content=\"1080\" \/>\n\t<meta property=\"og:image:height\" content=\"1073\" \/>\n\t<meta property=\"og:image:type\" content=\"image\/jpeg\" \/>\n<meta name=\"twitter:card\" content=\"summary_large_image\" \/>\n<meta name=\"twitter:site\" content=\"@GianduiaCremino\" \/>\n<meta name=\"twitter:label1\" content=\"Est. reading time\" \/>\n\t<meta name=\"twitter:data1\" content=\"1 minute\" \/>\n<script type=\"application\/ld+json\" class=\"yoast-schema-graph\">{\"@context\":\"https:\/\/schema.org\",\"@graph\":[{\"@type\":\"WebPage\",\"@id\":\"https:\/\/www.chocolate7.com\/shop\/tavoletta\/latte\/casa-cacao-ecuador-hacienda-victoria-cioccolato-al-latte-di-capra-55\/\",\"url\":\"https:\/\/www.chocolate7.com\/shop\/tavoletta\/latte\/casa-cacao-ecuador-hacienda-victoria-cioccolato-al-latte-di-capra-55\/\",\"name\":\"Casa cacao Ecuador Hacienda Victoria goat milk chocolate 55% - Chocolate7\",\"isPartOf\":{\"@id\":\"https:\/\/www.chocolate7.com\/#website\"},\"primaryImageOfPage\":{\"@id\":\"https:\/\/www.chocolate7.com\/shop\/tavoletta\/latte\/casa-cacao-ecuador-hacienda-victoria-cioccolato-al-latte-di-capra-55\/#primaryimage\"},\"image\":{\"@id\":\"https:\/\/www.chocolate7.com\/shop\/tavoletta\/latte\/casa-cacao-ecuador-hacienda-victoria-cioccolato-al-latte-di-capra-55\/#primaryimage\"},\"thumbnailUrl\":\"https:\/\/www.chocolate7.com\/wp-content\/uploads\/2025\/04\/Screenshot_20250401_182937_Instagram-e1743528092339.jpg\",\"datePublished\":\"2025-04-01T16:58:56+00:00\",\"dateModified\":\"2025-10-30T15:01:36+00:00\",\"breadcrumb\":{\"@id\":\"https:\/\/www.chocolate7.com\/shop\/tavoletta\/latte\/casa-cacao-ecuador-hacienda-victoria-cioccolato-al-latte-di-capra-55\/#breadcrumb\"},\"inLanguage\":\"en-US\",\"potentialAction\":[{\"@type\":\"ReadAction\",\"target\":[\"https:\/\/www.chocolate7.com\/shop\/tavoletta\/latte\/casa-cacao-ecuador-hacienda-victoria-cioccolato-al-latte-di-capra-55\/\"]}]},{\"@type\":\"ImageObject\",\"inLanguage\":\"en-US\",\"@id\":\"https:\/\/www.chocolate7.com\/shop\/tavoletta\/latte\/casa-cacao-ecuador-hacienda-victoria-cioccolato-al-latte-di-capra-55\/#primaryimage\",\"url\":\"https:\/\/www.chocolate7.com\/wp-content\/uploads\/2025\/04\/Screenshot_20250401_182937_Instagram-e1743528092339.jpg\",\"contentUrl\":\"https:\/\/www.chocolate7.com\/wp-content\/uploads\/2025\/04\/Screenshot_20250401_182937_Instagram-e1743528092339.jpg\",\"width\":1080,\"height\":1073},{\"@type\":\"BreadcrumbList\",\"@id\":\"https:\/\/www.chocolate7.com\/shop\/tavoletta\/latte\/casa-cacao-ecuador-hacienda-victoria-cioccolato-al-latte-di-capra-55\/#breadcrumb\",\"itemListElement\":[{\"@type\":\"ListItem\",\"position\":1,\"name\":\"Home\",\"item\":\"https:\/\/www.chocolate7.com\/en\/\"},{\"@type\":\"ListItem\",\"position\":2,\"name\":\"Shop\",\"item\":\"https:\/\/www.chocolate7.com\/en\/store\/\"},{\"@type\":\"ListItem\",\"position\":3,\"name\":\"Casa cacao Ecuador Hacienda Victoria goat milk chocolate 55%\"}]},{\"@type\":\"WebSite\",\"@id\":\"https:\/\/www.chocolate7.com\/#website\",\"url\":\"https:\/\/www.chocolate7.com\/\",\"name\":\"Chocolate7\",\"description\":\"The fine &amp; luxury chocolate selection\",\"publisher\":{\"@id\":\"https:\/\/www.chocolate7.com\/#organization\"},\"potentialAction\":[{\"@type\":\"SearchAction\",\"target\":{\"@type\":\"EntryPoint\",\"urlTemplate\":\"https:\/\/www.chocolate7.com\/?s={search_term_string}\"},\"query-input\":\"required name=search_term_string\"}],\"inLanguage\":\"en-US\"},{\"@type\":\"Organization\",\"@id\":\"https:\/\/www.chocolate7.com\/#organization\",\"name\":\"Choc7 di Benedetto Giovanni\",\"url\":\"https:\/\/www.chocolate7.com\/\",\"logo\":{\"@type\":\"ImageObject\",\"inLanguage\":\"en-US\",\"@id\":\"https:\/\/www.chocolate7.com\/#\/schema\/logo\/image\/\",\"url\":\"https:\/\/www.chocolate7.com\/wp-content\/uploads\/2018\/10\/logo_chocolate.png\",\"contentUrl\":\"https:\/\/www.chocolate7.com\/wp-content\/uploads\/2018\/10\/logo_chocolate.png\",\"width\":200,\"height\":41,\"caption\":\"Choc7 di Benedetto Giovanni\"},\"image\":{\"@id\":\"https:\/\/www.chocolate7.com\/#\/schema\/logo\/image\/\"},\"sameAs\":[\"https:\/\/www.facebook.com\/cremino.gianduia.1\",\"https:\/\/x.com\/GianduiaCremino\",\"https:\/\/www.instagram.com\/creminogianduia\/\",\"https:\/\/www.pinterest.com.au\/creminogianduia\/\",\"https:\/\/www.youtube.com\/channel\/UCWFQlcc9EQnAsLkD8rBsgig\"]}]}<\/script>\n<!-- \/ Yoast SEO plugin. -->","yoast_head_json":{"title":"Casa cacao Ecuador Hacienda Victoria goat milk chocolate 55% - Chocolate7","robots":{"index":"index","follow":"follow","max-snippet":"max-snippet:-1","max-image-preview":"max-image-preview:large","max-video-preview":"max-video-preview:-1"},"canonical":"https:\/\/www.chocolate7.com\/shop\/tavoletta\/latte\/casa-cacao-ecuador-hacienda-victoria-cioccolato-al-latte-di-capra-55\/","og_locale":"en_US","og_type":"article","og_title":"Casa cacao Ecuador Hacienda Victoria goat milk chocolate 55% - Chocolate7","og_description":"Casa cacao is a bean to bar chocolate maker from Spain. This fine chocolate bar is made with cocoa from Ecuador (Hacienda Victoria). Casa cacao Ecuador Hacienda Victoria goat milk chocolate 55% is a goat milk chocolate, with a sweet and pleasantly acidic taste, with aromatic notes of honey, red fruits, walnut, hay, goat cheese, caramel.  &nbsp;  &nbsp;","og_url":"https:\/\/www.chocolate7.com\/shop\/tavoletta\/latte\/casa-cacao-ecuador-hacienda-victoria-cioccolato-al-latte-di-capra-55\/","og_site_name":"Chocolate7","article_publisher":"https:\/\/www.facebook.com\/cremino.gianduia.1","article_modified_time":"2025-10-30T15:01:36+00:00","og_image":[{"width":1080,"height":1073,"url":"https:\/\/www.chocolate7.com\/wp-content\/uploads\/2025\/04\/Screenshot_20250401_182937_Instagram-e1743528092339.jpg","type":"image\/jpeg"}],"twitter_card":"summary_large_image","twitter_site":"@GianduiaCremino","twitter_misc":{"Est. reading time":"1 minute"},"schema":{"@context":"https:\/\/schema.org","@graph":[{"@type":"WebPage","@id":"https:\/\/www.chocolate7.com\/shop\/tavoletta\/latte\/casa-cacao-ecuador-hacienda-victoria-cioccolato-al-latte-di-capra-55\/","url":"https:\/\/www.chocolate7.com\/shop\/tavoletta\/latte\/casa-cacao-ecuador-hacienda-victoria-cioccolato-al-latte-di-capra-55\/","name":"Casa cacao Ecuador Hacienda Victoria goat milk chocolate 55% - Chocolate7","isPartOf":{"@id":"https:\/\/www.chocolate7.com\/#website"},"primaryImageOfPage":{"@id":"https:\/\/www.chocolate7.com\/shop\/tavoletta\/latte\/casa-cacao-ecuador-hacienda-victoria-cioccolato-al-latte-di-capra-55\/#primaryimage"},"image":{"@id":"https:\/\/www.chocolate7.com\/shop\/tavoletta\/latte\/casa-cacao-ecuador-hacienda-victoria-cioccolato-al-latte-di-capra-55\/#primaryimage"},"thumbnailUrl":"https:\/\/www.chocolate7.com\/wp-content\/uploads\/2025\/04\/Screenshot_20250401_182937_Instagram-e1743528092339.jpg","datePublished":"2025-04-01T16:58:56+00:00","dateModified":"2025-10-30T15:01:36+00:00","breadcrumb":{"@id":"https:\/\/www.chocolate7.com\/shop\/tavoletta\/latte\/casa-cacao-ecuador-hacienda-victoria-cioccolato-al-latte-di-capra-55\/#breadcrumb"},"inLanguage":"en-US","potentialAction":[{"@type":"ReadAction","target":["https:\/\/www.chocolate7.com\/shop\/tavoletta\/latte\/casa-cacao-ecuador-hacienda-victoria-cioccolato-al-latte-di-capra-55\/"]}]},{"@type":"ImageObject","inLanguage":"en-US","@id":"https:\/\/www.chocolate7.com\/shop\/tavoletta\/latte\/casa-cacao-ecuador-hacienda-victoria-cioccolato-al-latte-di-capra-55\/#primaryimage","url":"https:\/\/www.chocolate7.com\/wp-content\/uploads\/2025\/04\/Screenshot_20250401_182937_Instagram-e1743528092339.jpg","contentUrl":"https:\/\/www.chocolate7.com\/wp-content\/uploads\/2025\/04\/Screenshot_20250401_182937_Instagram-e1743528092339.jpg","width":1080,"height":1073},{"@type":"BreadcrumbList","@id":"https:\/\/www.chocolate7.com\/shop\/tavoletta\/latte\/casa-cacao-ecuador-hacienda-victoria-cioccolato-al-latte-di-capra-55\/#breadcrumb","itemListElement":[{"@type":"ListItem","position":1,"name":"Home","item":"https:\/\/www.chocolate7.com\/en\/"},{"@type":"ListItem","position":2,"name":"Shop","item":"https:\/\/www.chocolate7.com\/en\/store\/"},{"@type":"ListItem","position":3,"name":"Casa cacao Ecuador Hacienda Victoria goat milk chocolate 55%"}]},{"@type":"WebSite","@id":"https:\/\/www.chocolate7.com\/#website","url":"https:\/\/www.chocolate7.com\/","name":"Chocolate7","description":"The fine &amp; luxury chocolate selection","publisher":{"@id":"https:\/\/www.chocolate7.com\/#organization"},"potentialAction":[{"@type":"SearchAction","target":{"@type":"EntryPoint","urlTemplate":"https:\/\/www.chocolate7.com\/?s={search_term_string}"},"query-input":"required name=search_term_string"}],"inLanguage":"en-US"},{"@type":"Organization","@id":"https:\/\/www.chocolate7.com\/#organization","name":"Choc7 di Benedetto Giovanni","url":"https:\/\/www.chocolate7.com\/","logo":{"@type":"ImageObject","inLanguage":"en-US","@id":"https:\/\/www.chocolate7.com\/#\/schema\/logo\/image\/","url":"https:\/\/www.chocolate7.com\/wp-content\/uploads\/2018\/10\/logo_chocolate.png","contentUrl":"https:\/\/www.chocolate7.com\/wp-content\/uploads\/2018\/10\/logo_chocolate.png","width":200,"height":41,"caption":"Choc7 di Benedetto Giovanni"},"image":{"@id":"https:\/\/www.chocolate7.com\/#\/schema\/logo\/image\/"},"sameAs":["https:\/\/www.facebook.com\/cremino.gianduia.1","https:\/\/x.com\/GianduiaCremino","https:\/\/www.instagram.com\/creminogianduia\/","https:\/\/www.pinterest.com.au\/creminogianduia\/","https:\/\/www.youtube.com\/channel\/UCWFQlcc9EQnAsLkD8rBsgig"]}]}},"brands":[{"id":6760,"name":"Casa Cacao - EL CELLER DE CAN ROCA","slug":"casa-cacao-el-celler-de-can-roca-en"}],"_links":{"self":[{"href":"https:\/\/www.chocolate7.com\/en\/wp-json\/wp\/v2\/product\/34685","targetHints":{"allow":["GET"]}}],"collection":[{"href":"https:\/\/www.chocolate7.com\/en\/wp-json\/wp\/v2\/product"}],"about":[{"href":"https:\/\/www.chocolate7.com\/en\/wp-json\/wp\/v2\/types\/product"}],"wp:featuredmedia":[{"embeddable":true,"href":"https:\/\/www.chocolate7.com\/en\/wp-json\/wp\/v2\/media\/34687"}],"wp:attachment":[{"href":"https:\/\/www.chocolate7.com\/en\/wp-json\/wp\/v2\/media?parent=34685"}],"wp:term":[{"taxonomy":"pwb-brand","embeddable":true,"href":"https:\/\/www.chocolate7.com\/en\/wp-json\/wp\/v2\/pwb-brand?post=34685"},{"taxonomy":"product_brand","embeddable":true,"href":"https:\/\/www.chocolate7.com\/en\/wp-json\/wp\/v2\/product_brand?post=34685"},{"taxonomy":"product_cat","embeddable":true,"href":"https:\/\/www.chocolate7.com\/en\/wp-json\/wp\/v2\/product_cat?post=34685"},{"taxonomy":"product_tag","embeddable":true,"href":"https:\/\/www.chocolate7.com\/en\/wp-json\/wp\/v2\/product_tag?post=34685"},{"taxonomy":"giftcard-category","embeddable":true,"href":"https:\/\/www.chocolate7.com\/en\/wp-json\/wp\/v2\/giftcard-category?post=34685"}],"curies":[{"name":"wp","href":"https:\/\/api.w.org\/{rel}","templated":true}]}}