{"id":34941,"date":"2025-06-16T17:24:32","date_gmt":"2025-06-16T15:24:32","guid":{"rendered":"https:\/\/www.chocolate7.com\/?post_type=product&#038;p=34941"},"modified":"2025-06-16T17:56:21","modified_gmt":"2025-06-16T15:56:21","slug":"legast-colombia-meta-single-variety-dark-chocolate-90-copia","status":"publish","type":"product","link":"https:\/\/www.chocolate7.com\/en\/shop\/bar\/dark-chocolate-en-2\/legast-colombia-meta-single-variety-dark-chocolate-90-copia\/","title":{"rendered":"Legast Colombia Meta hybrides dark chocolate 77%"},"content":{"rendered":"<p style=\"text-align: left\">Dark Chocolate Bar &#8211; Produced by Legast<\/p>\n<p>Ce chocolat doux, \u00a0peu am\u00e8re, offre de\u00a0d\u00e9licates Dark Chocolate Bar &#8211; Produced by Legastnotes\u00a0fruit\u00e9es: un bel \u00e9quilibre entre la douceur du fruit\u00a0du cacao (celui qui enveloppe la f\u00e8ve avec un gout similaire au licthi) et des agrumes. Ronde\u00a0en bouche avec la douceur des fruits et une touche de miel. Son gout exceptionnel\u00a0provient d&#8217;une s\u00e9lection\u00a0des fines f\u00e8ves locales.<br \/>\nLa coop\u00e9rative de ces agriculteurs commence a \u00eatre reconnue pour ses d\u00e9velopments qualitatives.\u200b<br \/>\n<strong>R\u00e9colte<\/strong>: 2024\u00a0 |\u00a0<strong>Vari\u00e9t\u00e9<\/strong>: Fin Hybrides Colombiens |\u00a0<strong>Plantations<\/strong>: Coop\u00e9rative de petits agriculteurs, au centre de la Colombie.<br \/>\n<strong>Poids net:<\/strong>\u00a070g<\/p>\n<p>&#8212;<\/p>\n<p>This sweet chocolate, not very bitter, offers delicate fruity notes: an exceptional balance between the sweetness of the cocoa fruit (the sweet fruit around the grain, similar to litchi) and citrus fruits.\u00a0Its &#8220;round&#8221; taste comes from a selection of fine local native beans.<br \/>\nThe cooperative of these farmers is beginning to be recognized for its qualitative developments.<\/p>\n<p><strong>Harvest<\/strong>: 2024\u00a0 |\u00a0<strong>Variety:<\/strong>\u00a0Variety: Fine Colombian Hybrids |\u00a0<strong>Plantations<\/strong>: from cooperative of small farmers in Central Colombia.<\/p>\n","protected":false},"excerpt":{"rendered":"<p>Legast is a bean to bar chocolate maker from Belgium. This fine chocolate bar is made with cocoa from Colombia (Meta). Legast Colombia Meta hybrides dark chocolate 77% is a dark chocolate with a pleasantly acidic taste, with aromatic notes of grapefruit, orange, lychee, guava, passion fruit, pear, cocoa pulp, molasses.<\/p>\n<p>&nbsp;<\/p>\n","protected":false},"featured_media":34943,"template":"","meta":[],"pwb-brand":[9529],"product_brand":[],"product_cat":[3251,3255],"product_tag":[],"giftcard-category":[],"class_list":{"0":"post-34941","1":"product","2":"type-product","3":"status-publish","4":"has-post-thumbnail","6":"pwb-brand-legast-en-2","7":"product_cat-bar","8":"product_cat-dark-chocolate-en-2","9":"pa_acidita-5-en","10":"pa_allergeni-may-contain-traces-of-nuts-and-milk","11":"pa_allergeni-vegan-dairy-free-soy-free-gluten-free","12":"pa_amarezza-2-en","13":"pa_astringenza-0-en","14":"pa_cacao-70-79-en","15":"pa_carboidrati-41-g-en","16":"pa_carboidrati-zuccheri-2215-g-en","17":"pa_dolcezza-2-en","18":"pa_fibre-121-g-en","19":"pa_grassi-454-g-en","20":"pa_grassi-saturi-275-g-en","21":"pa_ingredienti-cocoa-mass-cane-sugar-cocoa-butter-en-2","22":"pa_note-di-degustazione-grapefruit-orange-lychee-guava-passion-fruit-pear-cocoa-pulp-molasses","23":"pa_paese-delle-fave-di-cacao-colombia-en","24":"pa_paese-produttore-belgium","25":"pa_percentuale-di-cacao-77-en","26":"pa_proteine-97-g-en","27":"pa_regione-meta-en","28":"pa_sale-003-g-en","29":"pa_tipo-di-cioccolato-fondente-en","30":"pa_valore-energetico-561-kcal-en","32":"first","33":"instock","34":"taxable","35":"shipping-taxable","36":"purchasable","37":"product-type-simple"},"yoast_head":"<!-- This site is optimized with the Yoast SEO plugin v23.3 - https:\/\/yoast.com\/wordpress\/plugins\/seo\/ -->\n<title>Legast Colombia Meta hybrides dark chocolate 77% - Chocolate7<\/title>\n<meta name=\"robots\" content=\"index, follow, max-snippet:-1, max-image-preview:large, max-video-preview:-1\" \/>\n<link rel=\"canonical\" href=\"https:\/\/www.chocolate7.com\/en\/shop\/bar\/dark-chocolate-en-2\/legast-colombia-meta-single-variety-dark-chocolate-90-copia\/\" \/>\n<meta property=\"og:locale\" content=\"en_US\" \/>\n<meta property=\"og:type\" content=\"article\" \/>\n<meta property=\"og:title\" content=\"Legast Colombia Meta hybrides dark chocolate 77% - Chocolate7\" \/>\n<meta property=\"og:description\" content=\"Legast is a bean to bar chocolate maker from Belgium. This fine chocolate bar is made with cocoa from Colombia (Meta). Legast Colombia Meta hybrides dark chocolate 77% is a dark chocolate with a pleasantly acidic taste, with aromatic notes of grapefruit, orange, lychee, guava, passion fruit, pear, cocoa pulp, molasses.  &nbsp;\" \/>\n<meta property=\"og:url\" content=\"https:\/\/www.chocolate7.com\/en\/shop\/bar\/dark-chocolate-en-2\/legast-colombia-meta-single-variety-dark-chocolate-90-copia\/\" \/>\n<meta property=\"og:site_name\" content=\"Chocolate7\" \/>\n<meta property=\"article:publisher\" content=\"https:\/\/www.facebook.com\/cremino.gianduia.1\" \/>\n<meta property=\"article:modified_time\" content=\"2025-06-16T15:56:21+00:00\" \/>\n<meta property=\"og:image\" content=\"https:\/\/www.chocolate7.com\/wp-content\/uploads\/2025\/06\/Screenshot_20250604_180928_Instagram-e1750088208656.jpg\" \/>\n\t<meta property=\"og:image:width\" content=\"1059\" \/>\n\t<meta property=\"og:image:height\" content=\"1058\" \/>\n\t<meta property=\"og:image:type\" content=\"image\/jpeg\" \/>\n<meta name=\"twitter:card\" content=\"summary_large_image\" \/>\n<meta name=\"twitter:site\" content=\"@GianduiaCremino\" \/>\n<meta name=\"twitter:label1\" content=\"Est. reading time\" \/>\n\t<meta name=\"twitter:data1\" content=\"1 minute\" \/>\n<script type=\"application\/ld+json\" class=\"yoast-schema-graph\">{\"@context\":\"https:\/\/schema.org\",\"@graph\":[{\"@type\":\"WebPage\",\"@id\":\"https:\/\/www.chocolate7.com\/en\/shop\/bar\/dark-chocolate-en-2\/legast-colombia-meta-single-variety-dark-chocolate-90-copia\/\",\"url\":\"https:\/\/www.chocolate7.com\/en\/shop\/bar\/dark-chocolate-en-2\/legast-colombia-meta-single-variety-dark-chocolate-90-copia\/\",\"name\":\"Legast Colombia Meta hybrides dark chocolate 77% - Chocolate7\",\"isPartOf\":{\"@id\":\"https:\/\/www.chocolate7.com\/#website\"},\"primaryImageOfPage\":{\"@id\":\"https:\/\/www.chocolate7.com\/en\/shop\/bar\/dark-chocolate-en-2\/legast-colombia-meta-single-variety-dark-chocolate-90-copia\/#primaryimage\"},\"image\":{\"@id\":\"https:\/\/www.chocolate7.com\/en\/shop\/bar\/dark-chocolate-en-2\/legast-colombia-meta-single-variety-dark-chocolate-90-copia\/#primaryimage\"},\"thumbnailUrl\":\"https:\/\/www.chocolate7.com\/wp-content\/uploads\/2025\/06\/Screenshot_20250604_180928_Instagram-e1750088208656.jpg\",\"datePublished\":\"2025-06-16T15:24:32+00:00\",\"dateModified\":\"2025-06-16T15:56:21+00:00\",\"breadcrumb\":{\"@id\":\"https:\/\/www.chocolate7.com\/en\/shop\/bar\/dark-chocolate-en-2\/legast-colombia-meta-single-variety-dark-chocolate-90-copia\/#breadcrumb\"},\"inLanguage\":\"en-US\",\"potentialAction\":[{\"@type\":\"ReadAction\",\"target\":[\"https:\/\/www.chocolate7.com\/en\/shop\/bar\/dark-chocolate-en-2\/legast-colombia-meta-single-variety-dark-chocolate-90-copia\/\"]}]},{\"@type\":\"ImageObject\",\"inLanguage\":\"en-US\",\"@id\":\"https:\/\/www.chocolate7.com\/en\/shop\/bar\/dark-chocolate-en-2\/legast-colombia-meta-single-variety-dark-chocolate-90-copia\/#primaryimage\",\"url\":\"https:\/\/www.chocolate7.com\/wp-content\/uploads\/2025\/06\/Screenshot_20250604_180928_Instagram-e1750088208656.jpg\",\"contentUrl\":\"https:\/\/www.chocolate7.com\/wp-content\/uploads\/2025\/06\/Screenshot_20250604_180928_Instagram-e1750088208656.jpg\",\"width\":1059,\"height\":1058},{\"@type\":\"BreadcrumbList\",\"@id\":\"https:\/\/www.chocolate7.com\/en\/shop\/bar\/dark-chocolate-en-2\/legast-colombia-meta-single-variety-dark-chocolate-90-copia\/#breadcrumb\",\"itemListElement\":[{\"@type\":\"ListItem\",\"position\":1,\"name\":\"Home\",\"item\":\"https:\/\/www.chocolate7.com\/en\/\"},{\"@type\":\"ListItem\",\"position\":2,\"name\":\"Shop\",\"item\":\"https:\/\/www.chocolate7.com\/en\/store\/\"},{\"@type\":\"ListItem\",\"position\":3,\"name\":\"Legast Colombia Meta hybrides dark chocolate 77%\"}]},{\"@type\":\"WebSite\",\"@id\":\"https:\/\/www.chocolate7.com\/#website\",\"url\":\"https:\/\/www.chocolate7.com\/\",\"name\":\"Chocolate7\",\"description\":\"The fine &amp; luxury chocolate selection\",\"publisher\":{\"@id\":\"https:\/\/www.chocolate7.com\/#organization\"},\"potentialAction\":[{\"@type\":\"SearchAction\",\"target\":{\"@type\":\"EntryPoint\",\"urlTemplate\":\"https:\/\/www.chocolate7.com\/?s={search_term_string}\"},\"query-input\":\"required name=search_term_string\"}],\"inLanguage\":\"en-US\"},{\"@type\":\"Organization\",\"@id\":\"https:\/\/www.chocolate7.com\/#organization\",\"name\":\"Choc7 di Benedetto Giovanni\",\"url\":\"https:\/\/www.chocolate7.com\/\",\"logo\":{\"@type\":\"ImageObject\",\"inLanguage\":\"en-US\",\"@id\":\"https:\/\/www.chocolate7.com\/#\/schema\/logo\/image\/\",\"url\":\"https:\/\/www.chocolate7.com\/wp-content\/uploads\/2018\/10\/logo_chocolate.png\",\"contentUrl\":\"https:\/\/www.chocolate7.com\/wp-content\/uploads\/2018\/10\/logo_chocolate.png\",\"width\":200,\"height\":41,\"caption\":\"Choc7 di Benedetto Giovanni\"},\"image\":{\"@id\":\"https:\/\/www.chocolate7.com\/#\/schema\/logo\/image\/\"},\"sameAs\":[\"https:\/\/www.facebook.com\/cremino.gianduia.1\",\"https:\/\/x.com\/GianduiaCremino\",\"https:\/\/www.instagram.com\/creminogianduia\/\",\"https:\/\/www.pinterest.com.au\/creminogianduia\/\",\"https:\/\/www.youtube.com\/channel\/UCWFQlcc9EQnAsLkD8rBsgig\"]}]}<\/script>\n<!-- \/ Yoast SEO plugin. -->","yoast_head_json":{"title":"Legast Colombia Meta hybrides dark chocolate 77% - Chocolate7","robots":{"index":"index","follow":"follow","max-snippet":"max-snippet:-1","max-image-preview":"max-image-preview:large","max-video-preview":"max-video-preview:-1"},"canonical":"https:\/\/www.chocolate7.com\/en\/shop\/bar\/dark-chocolate-en-2\/legast-colombia-meta-single-variety-dark-chocolate-90-copia\/","og_locale":"en_US","og_type":"article","og_title":"Legast Colombia Meta hybrides dark chocolate 77% - Chocolate7","og_description":"Legast is a bean to bar chocolate maker from Belgium. This fine chocolate bar is made with cocoa from Colombia (Meta). Legast Colombia Meta hybrides dark chocolate 77% is a dark chocolate with a pleasantly acidic taste, with aromatic notes of grapefruit, orange, lychee, guava, passion fruit, pear, cocoa pulp, molasses.  &nbsp;","og_url":"https:\/\/www.chocolate7.com\/en\/shop\/bar\/dark-chocolate-en-2\/legast-colombia-meta-single-variety-dark-chocolate-90-copia\/","og_site_name":"Chocolate7","article_publisher":"https:\/\/www.facebook.com\/cremino.gianduia.1","article_modified_time":"2025-06-16T15:56:21+00:00","og_image":[{"width":1059,"height":1058,"url":"https:\/\/www.chocolate7.com\/wp-content\/uploads\/2025\/06\/Screenshot_20250604_180928_Instagram-e1750088208656.jpg","type":"image\/jpeg"}],"twitter_card":"summary_large_image","twitter_site":"@GianduiaCremino","twitter_misc":{"Est. reading time":"1 minute"},"schema":{"@context":"https:\/\/schema.org","@graph":[{"@type":"WebPage","@id":"https:\/\/www.chocolate7.com\/en\/shop\/bar\/dark-chocolate-en-2\/legast-colombia-meta-single-variety-dark-chocolate-90-copia\/","url":"https:\/\/www.chocolate7.com\/en\/shop\/bar\/dark-chocolate-en-2\/legast-colombia-meta-single-variety-dark-chocolate-90-copia\/","name":"Legast Colombia Meta hybrides dark chocolate 77% - Chocolate7","isPartOf":{"@id":"https:\/\/www.chocolate7.com\/#website"},"primaryImageOfPage":{"@id":"https:\/\/www.chocolate7.com\/en\/shop\/bar\/dark-chocolate-en-2\/legast-colombia-meta-single-variety-dark-chocolate-90-copia\/#primaryimage"},"image":{"@id":"https:\/\/www.chocolate7.com\/en\/shop\/bar\/dark-chocolate-en-2\/legast-colombia-meta-single-variety-dark-chocolate-90-copia\/#primaryimage"},"thumbnailUrl":"https:\/\/www.chocolate7.com\/wp-content\/uploads\/2025\/06\/Screenshot_20250604_180928_Instagram-e1750088208656.jpg","datePublished":"2025-06-16T15:24:32+00:00","dateModified":"2025-06-16T15:56:21+00:00","breadcrumb":{"@id":"https:\/\/www.chocolate7.com\/en\/shop\/bar\/dark-chocolate-en-2\/legast-colombia-meta-single-variety-dark-chocolate-90-copia\/#breadcrumb"},"inLanguage":"en-US","potentialAction":[{"@type":"ReadAction","target":["https:\/\/www.chocolate7.com\/en\/shop\/bar\/dark-chocolate-en-2\/legast-colombia-meta-single-variety-dark-chocolate-90-copia\/"]}]},{"@type":"ImageObject","inLanguage":"en-US","@id":"https:\/\/www.chocolate7.com\/en\/shop\/bar\/dark-chocolate-en-2\/legast-colombia-meta-single-variety-dark-chocolate-90-copia\/#primaryimage","url":"https:\/\/www.chocolate7.com\/wp-content\/uploads\/2025\/06\/Screenshot_20250604_180928_Instagram-e1750088208656.jpg","contentUrl":"https:\/\/www.chocolate7.com\/wp-content\/uploads\/2025\/06\/Screenshot_20250604_180928_Instagram-e1750088208656.jpg","width":1059,"height":1058},{"@type":"BreadcrumbList","@id":"https:\/\/www.chocolate7.com\/en\/shop\/bar\/dark-chocolate-en-2\/legast-colombia-meta-single-variety-dark-chocolate-90-copia\/#breadcrumb","itemListElement":[{"@type":"ListItem","position":1,"name":"Home","item":"https:\/\/www.chocolate7.com\/en\/"},{"@type":"ListItem","position":2,"name":"Shop","item":"https:\/\/www.chocolate7.com\/en\/store\/"},{"@type":"ListItem","position":3,"name":"Legast Colombia Meta hybrides dark chocolate 77%"}]},{"@type":"WebSite","@id":"https:\/\/www.chocolate7.com\/#website","url":"https:\/\/www.chocolate7.com\/","name":"Chocolate7","description":"The fine &amp; luxury chocolate selection","publisher":{"@id":"https:\/\/www.chocolate7.com\/#organization"},"potentialAction":[{"@type":"SearchAction","target":{"@type":"EntryPoint","urlTemplate":"https:\/\/www.chocolate7.com\/?s={search_term_string}"},"query-input":"required name=search_term_string"}],"inLanguage":"en-US"},{"@type":"Organization","@id":"https:\/\/www.chocolate7.com\/#organization","name":"Choc7 di Benedetto Giovanni","url":"https:\/\/www.chocolate7.com\/","logo":{"@type":"ImageObject","inLanguage":"en-US","@id":"https:\/\/www.chocolate7.com\/#\/schema\/logo\/image\/","url":"https:\/\/www.chocolate7.com\/wp-content\/uploads\/2018\/10\/logo_chocolate.png","contentUrl":"https:\/\/www.chocolate7.com\/wp-content\/uploads\/2018\/10\/logo_chocolate.png","width":200,"height":41,"caption":"Choc7 di Benedetto Giovanni"},"image":{"@id":"https:\/\/www.chocolate7.com\/#\/schema\/logo\/image\/"},"sameAs":["https:\/\/www.facebook.com\/cremino.gianduia.1","https:\/\/x.com\/GianduiaCremino","https:\/\/www.instagram.com\/creminogianduia\/","https:\/\/www.pinterest.com.au\/creminogianduia\/","https:\/\/www.youtube.com\/channel\/UCWFQlcc9EQnAsLkD8rBsgig"]}]}},"brands":[{"id":9529,"name":"Legast","slug":"legast-en-2"}],"_links":{"self":[{"href":"https:\/\/www.chocolate7.com\/en\/wp-json\/wp\/v2\/product\/34941","targetHints":{"allow":["GET"]}}],"collection":[{"href":"https:\/\/www.chocolate7.com\/en\/wp-json\/wp\/v2\/product"}],"about":[{"href":"https:\/\/www.chocolate7.com\/en\/wp-json\/wp\/v2\/types\/product"}],"wp:featuredmedia":[{"embeddable":true,"href":"https:\/\/www.chocolate7.com\/en\/wp-json\/wp\/v2\/media\/34943"}],"wp:attachment":[{"href":"https:\/\/www.chocolate7.com\/en\/wp-json\/wp\/v2\/media?parent=34941"}],"wp:term":[{"taxonomy":"pwb-brand","embeddable":true,"href":"https:\/\/www.chocolate7.com\/en\/wp-json\/wp\/v2\/pwb-brand?post=34941"},{"taxonomy":"product_brand","embeddable":true,"href":"https:\/\/www.chocolate7.com\/en\/wp-json\/wp\/v2\/product_brand?post=34941"},{"taxonomy":"product_cat","embeddable":true,"href":"https:\/\/www.chocolate7.com\/en\/wp-json\/wp\/v2\/product_cat?post=34941"},{"taxonomy":"product_tag","embeddable":true,"href":"https:\/\/www.chocolate7.com\/en\/wp-json\/wp\/v2\/product_tag?post=34941"},{"taxonomy":"giftcard-category","embeddable":true,"href":"https:\/\/www.chocolate7.com\/en\/wp-json\/wp\/v2\/giftcard-category?post=34941"}],"curies":[{"name":"wp","href":"https:\/\/api.w.org\/{rel}","templated":true}]}}