{"id":34952,"date":"2025-06-17T19:07:40","date_gmt":"2025-06-17T17:07:41","guid":{"rendered":"https:\/\/www.chocolate7.com\/?post_type=product&#038;p=34952"},"modified":"2025-06-17T19:22:37","modified_gmt":"2025-06-17T17:22:37","slug":"legast-colombia-meta-hybrides-dark-chocolate-77-copia","status":"publish","type":"product","link":"https:\/\/www.chocolate7.com\/en\/shop\/bar\/dark-chocolate-en-2\/legast-colombia-meta-hybrides-dark-chocolate-77-copia\/","title":{"rendered":"Legast Colombia Meta single farm dark chocolate 75%"},"content":{"rendered":"<p style=\"text-align: left\">Dark chocolate bar &#8211; Made by Legast<\/p>\n<p>Ce chocolat commence par des douces notes\u00a0chocolat\u00e9es et finit par avec des subtiles\u00a0saveurs fruit\u00e9es. Une douce tablette bien balanc\u00e9e. La famille Fernandez cultivent le cacao depuis plus de 30 ans. Ils ont\u00a0s\u00e9l\u00e9ctionn\u00e9,\u00a0<em>f<strong>erment\u00e9\u00a0dans les sacs de jute\u00a0<\/strong>!<\/em>! et sech\u00e9\u00a0des fins cacaos locaux pour faire\u00a0possible ce bon chocolat tout public!<\/p>\n<p>\u200b<strong>R\u00e9colte\u00a0<\/strong>: 2023\u00a0|\u00a0\u00a0<strong>Vari\u00e9t\u00e9\u00a0<\/strong>: Hybrides naturels natifs \/ Trinitario\u00a0|<\/p>\n<p><strong>Plantation<\/strong>: Finca de la famille Fernandez\u00a0 dans les plaines de Meta, Colombie<\/p>\n<p>&#8212;<\/p>\n<p>This chocolate starts with chocolatey notes, and ends with subtle fruity flavors. A well-balanced bar. The Fernandez family has been growing cacao for over 30 years. They have selected,\u00a0<strong><em>fermented in cacao bags<\/em><\/strong>!!, and dried fine local cacaos\u00a0to make this great chocolate for everyone!<\/p>\n<p><strong>Harvest<\/strong>: 2023\u00a0|\u00a0<strong>Variety<\/strong>: Native natural hybrids \/\u00a0<em>Trinitario\u00a0<\/em>|\u00a0\u00a0<strong>Plantation<\/strong>: Finca of the Fernandez family in the plains of Meta, Colombia.<\/p>\n","protected":false},"excerpt":{"rendered":"<p>Legast is a bean to bar chocolate maker from Belgium. This fine chocolate bar is made with cocoa from Colombia (Meta). Legast Colombia Meta single farm dark chocolate 75% is a dark chocolate with a pleasantly bitter taste, with aromatic notes of pineapple, banana, roasted almond, coffee bean, licorice, tobacco, wood.<\/p>\n","protected":false},"featured_media":34954,"template":"","meta":[],"pwb-brand":[9529],"product_brand":[],"product_cat":[3251,3255],"product_tag":[],"giftcard-category":[],"class_list":{"0":"post-34952","1":"product","2":"type-product","3":"status-publish","4":"has-post-thumbnail","6":"pwb-brand-legast-en-2","7":"product_cat-bar","8":"product_cat-dark-chocolate-en-2","9":"pa_acidita-1-en","10":"pa_allergeni-may-contain-traces-of-nuts-and-milk","11":"pa_allergeni-vegan-dairy-free-soy-free-gluten-free","12":"pa_amarezza-3-en","13":"pa_astringenza-0-en","14":"pa_cacao-70-79-en","15":"pa_carboidrati-41-g-en","16":"pa_carboidrati-zuccheri-222-g-en","17":"pa_dolcezza-4-en","18":"pa_fibre-121-g-en","19":"pa_grassi-454-g-en","20":"pa_grassi-saturi-275-g-en","21":"pa_ingredienti-cocoa-mass-cane-sugar-cocoa-butter-en-2","22":"pa_note-di-degustazione-pineapple-banana-roasted-almond-coffee-bean-licorice-tobacco-wood","23":"pa_paese-delle-fave-di-cacao-colombia-en","24":"pa_paese-produttore-belgium","25":"pa_percentuale-di-cacao-75-en","26":"pa_proteine-97-g-en","27":"pa_regione-meta-en","28":"pa_sale-003-g-en","29":"pa_tipo-di-cioccolato-fondente-en","30":"pa_valore-energetico-561-kcal-en","32":"first","33":"instock","34":"taxable","35":"shipping-taxable","36":"purchasable","37":"product-type-simple"},"yoast_head":"<!-- This site is optimized with the Yoast SEO plugin v23.3 - https:\/\/yoast.com\/wordpress\/plugins\/seo\/ -->\n<title>Legast Colombia Meta single farm dark chocolate 75% - Chocolate7<\/title>\n<meta name=\"robots\" content=\"index, follow, max-snippet:-1, max-image-preview:large, max-video-preview:-1\" \/>\n<link rel=\"canonical\" href=\"https:\/\/www.chocolate7.com\/en\/shop\/bar\/dark-chocolate-en-2\/legast-colombia-meta-hybrides-dark-chocolate-77-copia\/\" \/>\n<meta property=\"og:locale\" content=\"en_US\" \/>\n<meta property=\"og:type\" content=\"article\" \/>\n<meta property=\"og:title\" content=\"Legast Colombia Meta single farm dark chocolate 75% - Chocolate7\" \/>\n<meta property=\"og:description\" content=\"Legast is a bean to bar chocolate maker from Belgium. This fine chocolate bar is made with cocoa from Colombia (Meta). Legast Colombia Meta single farm dark chocolate 75% is a dark chocolate with a pleasantly bitter taste, with aromatic notes of pineapple, banana, roasted almond, coffee bean, licorice, tobacco, wood.\" \/>\n<meta property=\"og:url\" content=\"https:\/\/www.chocolate7.com\/en\/shop\/bar\/dark-chocolate-en-2\/legast-colombia-meta-hybrides-dark-chocolate-77-copia\/\" \/>\n<meta property=\"og:site_name\" content=\"Chocolate7\" \/>\n<meta property=\"article:publisher\" content=\"https:\/\/www.facebook.com\/cremino.gianduia.1\" \/>\n<meta property=\"article:modified_time\" content=\"2025-06-17T17:22:37+00:00\" \/>\n<meta property=\"og:image\" content=\"https:\/\/www.chocolate7.com\/wp-content\/uploads\/2025\/06\/Screenshot_20250617_185457_Instagram-e1750180543923.jpg\" \/>\n\t<meta property=\"og:image:width\" content=\"1080\" \/>\n\t<meta property=\"og:image:height\" content=\"1079\" \/>\n\t<meta property=\"og:image:type\" content=\"image\/jpeg\" \/>\n<meta name=\"twitter:card\" content=\"summary_large_image\" \/>\n<meta name=\"twitter:site\" content=\"@GianduiaCremino\" \/>\n<meta name=\"twitter:label1\" content=\"Est. reading time\" \/>\n\t<meta name=\"twitter:data1\" content=\"1 minute\" \/>\n<script type=\"application\/ld+json\" class=\"yoast-schema-graph\">{\"@context\":\"https:\/\/schema.org\",\"@graph\":[{\"@type\":\"WebPage\",\"@id\":\"https:\/\/www.chocolate7.com\/en\/shop\/bar\/dark-chocolate-en-2\/legast-colombia-meta-hybrides-dark-chocolate-77-copia\/\",\"url\":\"https:\/\/www.chocolate7.com\/en\/shop\/bar\/dark-chocolate-en-2\/legast-colombia-meta-hybrides-dark-chocolate-77-copia\/\",\"name\":\"Legast Colombia Meta single farm dark chocolate 75% - Chocolate7\",\"isPartOf\":{\"@id\":\"https:\/\/www.chocolate7.com\/#website\"},\"primaryImageOfPage\":{\"@id\":\"https:\/\/www.chocolate7.com\/en\/shop\/bar\/dark-chocolate-en-2\/legast-colombia-meta-hybrides-dark-chocolate-77-copia\/#primaryimage\"},\"image\":{\"@id\":\"https:\/\/www.chocolate7.com\/en\/shop\/bar\/dark-chocolate-en-2\/legast-colombia-meta-hybrides-dark-chocolate-77-copia\/#primaryimage\"},\"thumbnailUrl\":\"https:\/\/www.chocolate7.com\/wp-content\/uploads\/2025\/06\/Screenshot_20250617_185457_Instagram-e1750180543923.jpg\",\"datePublished\":\"2025-06-17T17:07:41+00:00\",\"dateModified\":\"2025-06-17T17:22:37+00:00\",\"breadcrumb\":{\"@id\":\"https:\/\/www.chocolate7.com\/en\/shop\/bar\/dark-chocolate-en-2\/legast-colombia-meta-hybrides-dark-chocolate-77-copia\/#breadcrumb\"},\"inLanguage\":\"en-US\",\"potentialAction\":[{\"@type\":\"ReadAction\",\"target\":[\"https:\/\/www.chocolate7.com\/en\/shop\/bar\/dark-chocolate-en-2\/legast-colombia-meta-hybrides-dark-chocolate-77-copia\/\"]}]},{\"@type\":\"ImageObject\",\"inLanguage\":\"en-US\",\"@id\":\"https:\/\/www.chocolate7.com\/en\/shop\/bar\/dark-chocolate-en-2\/legast-colombia-meta-hybrides-dark-chocolate-77-copia\/#primaryimage\",\"url\":\"https:\/\/www.chocolate7.com\/wp-content\/uploads\/2025\/06\/Screenshot_20250617_185457_Instagram-e1750180543923.jpg\",\"contentUrl\":\"https:\/\/www.chocolate7.com\/wp-content\/uploads\/2025\/06\/Screenshot_20250617_185457_Instagram-e1750180543923.jpg\",\"width\":1080,\"height\":1079},{\"@type\":\"BreadcrumbList\",\"@id\":\"https:\/\/www.chocolate7.com\/en\/shop\/bar\/dark-chocolate-en-2\/legast-colombia-meta-hybrides-dark-chocolate-77-copia\/#breadcrumb\",\"itemListElement\":[{\"@type\":\"ListItem\",\"position\":1,\"name\":\"Home\",\"item\":\"https:\/\/www.chocolate7.com\/en\/\"},{\"@type\":\"ListItem\",\"position\":2,\"name\":\"Shop\",\"item\":\"https:\/\/www.chocolate7.com\/en\/store\/\"},{\"@type\":\"ListItem\",\"position\":3,\"name\":\"Legast Colombia Meta single farm dark chocolate 75%\"}]},{\"@type\":\"WebSite\",\"@id\":\"https:\/\/www.chocolate7.com\/#website\",\"url\":\"https:\/\/www.chocolate7.com\/\",\"name\":\"Chocolate7\",\"description\":\"The fine &amp; luxury chocolate selection\",\"publisher\":{\"@id\":\"https:\/\/www.chocolate7.com\/#organization\"},\"potentialAction\":[{\"@type\":\"SearchAction\",\"target\":{\"@type\":\"EntryPoint\",\"urlTemplate\":\"https:\/\/www.chocolate7.com\/?s={search_term_string}\"},\"query-input\":\"required name=search_term_string\"}],\"inLanguage\":\"en-US\"},{\"@type\":\"Organization\",\"@id\":\"https:\/\/www.chocolate7.com\/#organization\",\"name\":\"Choc7 di Benedetto Giovanni\",\"url\":\"https:\/\/www.chocolate7.com\/\",\"logo\":{\"@type\":\"ImageObject\",\"inLanguage\":\"en-US\",\"@id\":\"https:\/\/www.chocolate7.com\/#\/schema\/logo\/image\/\",\"url\":\"https:\/\/www.chocolate7.com\/wp-content\/uploads\/2018\/10\/logo_chocolate.png\",\"contentUrl\":\"https:\/\/www.chocolate7.com\/wp-content\/uploads\/2018\/10\/logo_chocolate.png\",\"width\":200,\"height\":41,\"caption\":\"Choc7 di Benedetto Giovanni\"},\"image\":{\"@id\":\"https:\/\/www.chocolate7.com\/#\/schema\/logo\/image\/\"},\"sameAs\":[\"https:\/\/www.facebook.com\/cremino.gianduia.1\",\"https:\/\/x.com\/GianduiaCremino\",\"https:\/\/www.instagram.com\/creminogianduia\/\",\"https:\/\/www.pinterest.com.au\/creminogianduia\/\",\"https:\/\/www.youtube.com\/channel\/UCWFQlcc9EQnAsLkD8rBsgig\"]}]}<\/script>\n<!-- \/ Yoast SEO plugin. -->","yoast_head_json":{"title":"Legast Colombia Meta single farm dark chocolate 75% - Chocolate7","robots":{"index":"index","follow":"follow","max-snippet":"max-snippet:-1","max-image-preview":"max-image-preview:large","max-video-preview":"max-video-preview:-1"},"canonical":"https:\/\/www.chocolate7.com\/en\/shop\/bar\/dark-chocolate-en-2\/legast-colombia-meta-hybrides-dark-chocolate-77-copia\/","og_locale":"en_US","og_type":"article","og_title":"Legast Colombia Meta single farm dark chocolate 75% - Chocolate7","og_description":"Legast is a bean to bar chocolate maker from Belgium. This fine chocolate bar is made with cocoa from Colombia (Meta). Legast Colombia Meta single farm dark chocolate 75% is a dark chocolate with a pleasantly bitter taste, with aromatic notes of pineapple, banana, roasted almond, coffee bean, licorice, tobacco, wood.","og_url":"https:\/\/www.chocolate7.com\/en\/shop\/bar\/dark-chocolate-en-2\/legast-colombia-meta-hybrides-dark-chocolate-77-copia\/","og_site_name":"Chocolate7","article_publisher":"https:\/\/www.facebook.com\/cremino.gianduia.1","article_modified_time":"2025-06-17T17:22:37+00:00","og_image":[{"width":1080,"height":1079,"url":"https:\/\/www.chocolate7.com\/wp-content\/uploads\/2025\/06\/Screenshot_20250617_185457_Instagram-e1750180543923.jpg","type":"image\/jpeg"}],"twitter_card":"summary_large_image","twitter_site":"@GianduiaCremino","twitter_misc":{"Est. reading time":"1 minute"},"schema":{"@context":"https:\/\/schema.org","@graph":[{"@type":"WebPage","@id":"https:\/\/www.chocolate7.com\/en\/shop\/bar\/dark-chocolate-en-2\/legast-colombia-meta-hybrides-dark-chocolate-77-copia\/","url":"https:\/\/www.chocolate7.com\/en\/shop\/bar\/dark-chocolate-en-2\/legast-colombia-meta-hybrides-dark-chocolate-77-copia\/","name":"Legast Colombia Meta single farm dark chocolate 75% - Chocolate7","isPartOf":{"@id":"https:\/\/www.chocolate7.com\/#website"},"primaryImageOfPage":{"@id":"https:\/\/www.chocolate7.com\/en\/shop\/bar\/dark-chocolate-en-2\/legast-colombia-meta-hybrides-dark-chocolate-77-copia\/#primaryimage"},"image":{"@id":"https:\/\/www.chocolate7.com\/en\/shop\/bar\/dark-chocolate-en-2\/legast-colombia-meta-hybrides-dark-chocolate-77-copia\/#primaryimage"},"thumbnailUrl":"https:\/\/www.chocolate7.com\/wp-content\/uploads\/2025\/06\/Screenshot_20250617_185457_Instagram-e1750180543923.jpg","datePublished":"2025-06-17T17:07:41+00:00","dateModified":"2025-06-17T17:22:37+00:00","breadcrumb":{"@id":"https:\/\/www.chocolate7.com\/en\/shop\/bar\/dark-chocolate-en-2\/legast-colombia-meta-hybrides-dark-chocolate-77-copia\/#breadcrumb"},"inLanguage":"en-US","potentialAction":[{"@type":"ReadAction","target":["https:\/\/www.chocolate7.com\/en\/shop\/bar\/dark-chocolate-en-2\/legast-colombia-meta-hybrides-dark-chocolate-77-copia\/"]}]},{"@type":"ImageObject","inLanguage":"en-US","@id":"https:\/\/www.chocolate7.com\/en\/shop\/bar\/dark-chocolate-en-2\/legast-colombia-meta-hybrides-dark-chocolate-77-copia\/#primaryimage","url":"https:\/\/www.chocolate7.com\/wp-content\/uploads\/2025\/06\/Screenshot_20250617_185457_Instagram-e1750180543923.jpg","contentUrl":"https:\/\/www.chocolate7.com\/wp-content\/uploads\/2025\/06\/Screenshot_20250617_185457_Instagram-e1750180543923.jpg","width":1080,"height":1079},{"@type":"BreadcrumbList","@id":"https:\/\/www.chocolate7.com\/en\/shop\/bar\/dark-chocolate-en-2\/legast-colombia-meta-hybrides-dark-chocolate-77-copia\/#breadcrumb","itemListElement":[{"@type":"ListItem","position":1,"name":"Home","item":"https:\/\/www.chocolate7.com\/en\/"},{"@type":"ListItem","position":2,"name":"Shop","item":"https:\/\/www.chocolate7.com\/en\/store\/"},{"@type":"ListItem","position":3,"name":"Legast Colombia Meta single farm dark chocolate 75%"}]},{"@type":"WebSite","@id":"https:\/\/www.chocolate7.com\/#website","url":"https:\/\/www.chocolate7.com\/","name":"Chocolate7","description":"The fine &amp; luxury chocolate selection","publisher":{"@id":"https:\/\/www.chocolate7.com\/#organization"},"potentialAction":[{"@type":"SearchAction","target":{"@type":"EntryPoint","urlTemplate":"https:\/\/www.chocolate7.com\/?s={search_term_string}"},"query-input":"required name=search_term_string"}],"inLanguage":"en-US"},{"@type":"Organization","@id":"https:\/\/www.chocolate7.com\/#organization","name":"Choc7 di Benedetto Giovanni","url":"https:\/\/www.chocolate7.com\/","logo":{"@type":"ImageObject","inLanguage":"en-US","@id":"https:\/\/www.chocolate7.com\/#\/schema\/logo\/image\/","url":"https:\/\/www.chocolate7.com\/wp-content\/uploads\/2018\/10\/logo_chocolate.png","contentUrl":"https:\/\/www.chocolate7.com\/wp-content\/uploads\/2018\/10\/logo_chocolate.png","width":200,"height":41,"caption":"Choc7 di Benedetto Giovanni"},"image":{"@id":"https:\/\/www.chocolate7.com\/#\/schema\/logo\/image\/"},"sameAs":["https:\/\/www.facebook.com\/cremino.gianduia.1","https:\/\/x.com\/GianduiaCremino","https:\/\/www.instagram.com\/creminogianduia\/","https:\/\/www.pinterest.com.au\/creminogianduia\/","https:\/\/www.youtube.com\/channel\/UCWFQlcc9EQnAsLkD8rBsgig"]}]}},"brands":[{"id":9529,"name":"Legast","slug":"legast-en-2"}],"_links":{"self":[{"href":"https:\/\/www.chocolate7.com\/en\/wp-json\/wp\/v2\/product\/34952","targetHints":{"allow":["GET"]}}],"collection":[{"href":"https:\/\/www.chocolate7.com\/en\/wp-json\/wp\/v2\/product"}],"about":[{"href":"https:\/\/www.chocolate7.com\/en\/wp-json\/wp\/v2\/types\/product"}],"wp:featuredmedia":[{"embeddable":true,"href":"https:\/\/www.chocolate7.com\/en\/wp-json\/wp\/v2\/media\/34954"}],"wp:attachment":[{"href":"https:\/\/www.chocolate7.com\/en\/wp-json\/wp\/v2\/media?parent=34952"}],"wp:term":[{"taxonomy":"pwb-brand","embeddable":true,"href":"https:\/\/www.chocolate7.com\/en\/wp-json\/wp\/v2\/pwb-brand?post=34952"},{"taxonomy":"product_brand","embeddable":true,"href":"https:\/\/www.chocolate7.com\/en\/wp-json\/wp\/v2\/product_brand?post=34952"},{"taxonomy":"product_cat","embeddable":true,"href":"https:\/\/www.chocolate7.com\/en\/wp-json\/wp\/v2\/product_cat?post=34952"},{"taxonomy":"product_tag","embeddable":true,"href":"https:\/\/www.chocolate7.com\/en\/wp-json\/wp\/v2\/product_tag?post=34952"},{"taxonomy":"giftcard-category","embeddable":true,"href":"https:\/\/www.chocolate7.com\/en\/wp-json\/wp\/v2\/giftcard-category?post=34952"}],"curies":[{"name":"wp","href":"https:\/\/api.w.org\/{rel}","templated":true}]}}