{"id":34976,"date":"2025-06-20T19:08:18","date_gmt":"2025-06-20T17:08:21","guid":{"rendered":"https:\/\/www.chocolate7.com\/?post_type=product&#038;p=34976"},"modified":"2025-06-20T19:30:24","modified_gmt":"2025-06-20T17:30:24","slug":"legast-colombia-meta-single-farm-dark-chocolate-75-copia-2","status":"publish","type":"product","link":"https:\/\/www.chocolate7.com\/en\/shop\/bar\/dark-chocolate-en-2\/legast-colombia-meta-single-farm-dark-chocolate-75-copia-2\/","title":{"rendered":"Legast Colombia Finca Los Lagos dark chocolate 73%"},"content":{"rendered":"<p style=\"text-align: left\">Dark chocolate bar &#8211; Made by Legast<\/p>\n<p><strong>Bronze Winner World and European Bean-to-Bar Chocolate\u00a0Awards 2019<\/strong><\/p>\n<p>\u200bCe chocolat offre des note chocolat\u00e9es avec une\u00a0longueur en bouche, ainsi que quelques notes de friacheur, raisins rouges et de caf\u00e9. Une s\u00e9lection fi\u00e8rement s\u00e9par\u00e9 pour nous par la famille Su\u00e1rez, dans une ferme\u00a0qui abrite d&#8217;anciens cacaoyers et une admirable\u00a0biodiversit\u00e9.<\/p>\n<p>\u200b<strong>R\u00e9colte\u00a0<\/strong>: 2024\u00a0|\u00a0\u00a0<strong>Vari\u00e9t\u00e9\u00a0<\/strong>: Hybrides naturels natifs \/ Trinitario\u00a0|<\/p>\n<p><strong>Plantation<\/strong>: Finca Los Lagos, famille Su\u00e1rez , montagnes du nord-est de la Colombie<\/p>\n<p>&#8212;<\/p>\n<p>Naturally sweet, this chocolate also offers some notes of woods, dried grapes, and coffee. A proud harvest selection for us from a small, single family farm\u00a0that holds old native cacao trees and incredible biodiversity.<\/p>\n<p><strong>Harvest<\/strong>: 2023\u00a0|\u00a0<strong>Variety<\/strong>: Native natural hybrids \/\u00a0<em>Trinitario\u00a0<\/em>|\u00a0\u00a0<strong>Plantation<\/strong>: Finca Los Lagos, Suarez family (sinlge origin), mountains in north-east of Colombia.<\/p>\n","protected":false},"excerpt":{"rendered":"<p>Legast is a bean to bar chocolate maker from Belgium. This fine chocolate bar is made with cocoa from Colombia (Finca Los Lagos). Legast Colombia Finca Los Lagos dark chocolate 73% is a dark chocolate with a balanced taste, with aromatic notes of kiwi, grapes, dates, hazelnut, coffee, wood.<\/p>\n","protected":false},"featured_media":34978,"template":"","meta":[],"pwb-brand":[9529],"product_brand":[],"product_cat":[3251,3255],"product_tag":[],"giftcard-category":[],"class_list":{"0":"post-34976","1":"product","2":"type-product","3":"status-publish","4":"has-post-thumbnail","6":"pwb-brand-legast-en-2","7":"product_cat-bar","8":"product_cat-dark-chocolate-en-2","9":"pa_acidita-2-en","10":"pa_allergeni-may-contain-traces-of-nuts-and-milk","11":"pa_allergeni-vegan-dairy-free-soy-free-gluten-free","12":"pa_amarezza-3-en","13":"pa_astringenza-0-en","14":"pa_cacao-70-79-en","15":"pa_carboidrati-44-g-en","16":"pa_carboidrati-zuccheri-253-g-en","17":"pa_dolcezza-4-en","18":"pa_fibre-109-g-en","19":"pa_grassi-433-g-en","20":"pa_grassi-saturi-26-g-en","21":"pa_ingredienti-cocoa-mass-cane-sugar-cocoa-butter-en-2","22":"pa_note-di-degustazione-kiwi-grapes-dates-hazelnut-coffee-wood","23":"pa_paese-delle-fave-di-cacao-colombia-en","24":"pa_paese-produttore-belgium","25":"pa_percentuale-di-cacao-73-en","26":"pa_proteine-87-g-en","27":"pa_regione-finca-los-lagos-en","28":"pa_sale-003-g-en","29":"pa_tipo-di-cioccolato-fondente-en","30":"pa_valore-energetico-552-kcal-en","32":"first","33":"instock","34":"taxable","35":"shipping-taxable","36":"purchasable","37":"product-type-simple"},"yoast_head":"<!-- This site is optimized with the Yoast SEO plugin v23.3 - https:\/\/yoast.com\/wordpress\/plugins\/seo\/ -->\n<title>Legast Colombia Finca Los Lagos dark chocolate 73% - Chocolate7<\/title>\n<meta name=\"robots\" content=\"index, follow, max-snippet:-1, max-image-preview:large, max-video-preview:-1\" \/>\n<link rel=\"canonical\" href=\"https:\/\/www.chocolate7.com\/en\/shop\/bar\/dark-chocolate-en-2\/legast-colombia-meta-single-farm-dark-chocolate-75-copia-2\/\" \/>\n<meta property=\"og:locale\" content=\"en_US\" \/>\n<meta property=\"og:type\" content=\"article\" \/>\n<meta property=\"og:title\" content=\"Legast Colombia Finca Los Lagos dark chocolate 73% - Chocolate7\" \/>\n<meta property=\"og:description\" content=\"Legast is a bean to bar chocolate maker from Belgium. This fine chocolate bar is made with cocoa from Colombia (Finca Los Lagos). Legast Colombia Finca Los Lagos dark chocolate 73% is a dark chocolate with a balanced taste, with aromatic notes of kiwi, grapes, dates, hazelnut, coffee, wood.\" \/>\n<meta property=\"og:url\" content=\"https:\/\/www.chocolate7.com\/en\/shop\/bar\/dark-chocolate-en-2\/legast-colombia-meta-single-farm-dark-chocolate-75-copia-2\/\" \/>\n<meta property=\"og:site_name\" content=\"Chocolate7\" \/>\n<meta property=\"article:publisher\" content=\"https:\/\/www.facebook.com\/cremino.gianduia.1\" \/>\n<meta property=\"article:modified_time\" content=\"2025-06-20T17:30:24+00:00\" \/>\n<meta property=\"og:image\" content=\"https:\/\/www.chocolate7.com\/wp-content\/uploads\/2025\/06\/Screenshot_20250620_125133_Instagram-e1750440334510.jpg\" \/>\n\t<meta property=\"og:image:width\" content=\"1080\" \/>\n\t<meta property=\"og:image:height\" content=\"1071\" \/>\n\t<meta property=\"og:image:type\" content=\"image\/jpeg\" \/>\n<meta name=\"twitter:card\" content=\"summary_large_image\" \/>\n<meta name=\"twitter:site\" content=\"@GianduiaCremino\" \/>\n<meta name=\"twitter:label1\" content=\"Est. reading time\" \/>\n\t<meta name=\"twitter:data1\" content=\"1 minute\" \/>\n<script type=\"application\/ld+json\" class=\"yoast-schema-graph\">{\"@context\":\"https:\/\/schema.org\",\"@graph\":[{\"@type\":\"WebPage\",\"@id\":\"https:\/\/www.chocolate7.com\/en\/shop\/bar\/dark-chocolate-en-2\/legast-colombia-meta-single-farm-dark-chocolate-75-copia-2\/\",\"url\":\"https:\/\/www.chocolate7.com\/en\/shop\/bar\/dark-chocolate-en-2\/legast-colombia-meta-single-farm-dark-chocolate-75-copia-2\/\",\"name\":\"Legast Colombia Finca Los Lagos dark chocolate 73% - Chocolate7\",\"isPartOf\":{\"@id\":\"https:\/\/www.chocolate7.com\/#website\"},\"primaryImageOfPage\":{\"@id\":\"https:\/\/www.chocolate7.com\/en\/shop\/bar\/dark-chocolate-en-2\/legast-colombia-meta-single-farm-dark-chocolate-75-copia-2\/#primaryimage\"},\"image\":{\"@id\":\"https:\/\/www.chocolate7.com\/en\/shop\/bar\/dark-chocolate-en-2\/legast-colombia-meta-single-farm-dark-chocolate-75-copia-2\/#primaryimage\"},\"thumbnailUrl\":\"https:\/\/www.chocolate7.com\/wp-content\/uploads\/2025\/06\/Screenshot_20250620_125133_Instagram-e1750440334510.jpg\",\"datePublished\":\"2025-06-20T17:08:21+00:00\",\"dateModified\":\"2025-06-20T17:30:24+00:00\",\"breadcrumb\":{\"@id\":\"https:\/\/www.chocolate7.com\/en\/shop\/bar\/dark-chocolate-en-2\/legast-colombia-meta-single-farm-dark-chocolate-75-copia-2\/#breadcrumb\"},\"inLanguage\":\"en-US\",\"potentialAction\":[{\"@type\":\"ReadAction\",\"target\":[\"https:\/\/www.chocolate7.com\/en\/shop\/bar\/dark-chocolate-en-2\/legast-colombia-meta-single-farm-dark-chocolate-75-copia-2\/\"]}]},{\"@type\":\"ImageObject\",\"inLanguage\":\"en-US\",\"@id\":\"https:\/\/www.chocolate7.com\/en\/shop\/bar\/dark-chocolate-en-2\/legast-colombia-meta-single-farm-dark-chocolate-75-copia-2\/#primaryimage\",\"url\":\"https:\/\/www.chocolate7.com\/wp-content\/uploads\/2025\/06\/Screenshot_20250620_125133_Instagram-e1750440334510.jpg\",\"contentUrl\":\"https:\/\/www.chocolate7.com\/wp-content\/uploads\/2025\/06\/Screenshot_20250620_125133_Instagram-e1750440334510.jpg\",\"width\":1080,\"height\":1071},{\"@type\":\"BreadcrumbList\",\"@id\":\"https:\/\/www.chocolate7.com\/en\/shop\/bar\/dark-chocolate-en-2\/legast-colombia-meta-single-farm-dark-chocolate-75-copia-2\/#breadcrumb\",\"itemListElement\":[{\"@type\":\"ListItem\",\"position\":1,\"name\":\"Home\",\"item\":\"https:\/\/www.chocolate7.com\/en\/\"},{\"@type\":\"ListItem\",\"position\":2,\"name\":\"Shop\",\"item\":\"https:\/\/www.chocolate7.com\/en\/store\/\"},{\"@type\":\"ListItem\",\"position\":3,\"name\":\"Legast Colombia Finca Los Lagos dark chocolate 73%\"}]},{\"@type\":\"WebSite\",\"@id\":\"https:\/\/www.chocolate7.com\/#website\",\"url\":\"https:\/\/www.chocolate7.com\/\",\"name\":\"Chocolate7\",\"description\":\"The fine &amp; luxury chocolate selection\",\"publisher\":{\"@id\":\"https:\/\/www.chocolate7.com\/#organization\"},\"potentialAction\":[{\"@type\":\"SearchAction\",\"target\":{\"@type\":\"EntryPoint\",\"urlTemplate\":\"https:\/\/www.chocolate7.com\/?s={search_term_string}\"},\"query-input\":\"required name=search_term_string\"}],\"inLanguage\":\"en-US\"},{\"@type\":\"Organization\",\"@id\":\"https:\/\/www.chocolate7.com\/#organization\",\"name\":\"Choc7 di Benedetto Giovanni\",\"url\":\"https:\/\/www.chocolate7.com\/\",\"logo\":{\"@type\":\"ImageObject\",\"inLanguage\":\"en-US\",\"@id\":\"https:\/\/www.chocolate7.com\/#\/schema\/logo\/image\/\",\"url\":\"https:\/\/www.chocolate7.com\/wp-content\/uploads\/2018\/10\/logo_chocolate.png\",\"contentUrl\":\"https:\/\/www.chocolate7.com\/wp-content\/uploads\/2018\/10\/logo_chocolate.png\",\"width\":200,\"height\":41,\"caption\":\"Choc7 di Benedetto Giovanni\"},\"image\":{\"@id\":\"https:\/\/www.chocolate7.com\/#\/schema\/logo\/image\/\"},\"sameAs\":[\"https:\/\/www.facebook.com\/cremino.gianduia.1\",\"https:\/\/x.com\/GianduiaCremino\",\"https:\/\/www.instagram.com\/creminogianduia\/\",\"https:\/\/www.pinterest.com.au\/creminogianduia\/\",\"https:\/\/www.youtube.com\/channel\/UCWFQlcc9EQnAsLkD8rBsgig\"]}]}<\/script>\n<!-- \/ Yoast SEO plugin. -->","yoast_head_json":{"title":"Legast Colombia Finca Los Lagos dark chocolate 73% - Chocolate7","robots":{"index":"index","follow":"follow","max-snippet":"max-snippet:-1","max-image-preview":"max-image-preview:large","max-video-preview":"max-video-preview:-1"},"canonical":"https:\/\/www.chocolate7.com\/en\/shop\/bar\/dark-chocolate-en-2\/legast-colombia-meta-single-farm-dark-chocolate-75-copia-2\/","og_locale":"en_US","og_type":"article","og_title":"Legast Colombia Finca Los Lagos dark chocolate 73% - Chocolate7","og_description":"Legast is a bean to bar chocolate maker from Belgium. This fine chocolate bar is made with cocoa from Colombia (Finca Los Lagos). Legast Colombia Finca Los Lagos dark chocolate 73% is a dark chocolate with a balanced taste, with aromatic notes of kiwi, grapes, dates, hazelnut, coffee, wood.","og_url":"https:\/\/www.chocolate7.com\/en\/shop\/bar\/dark-chocolate-en-2\/legast-colombia-meta-single-farm-dark-chocolate-75-copia-2\/","og_site_name":"Chocolate7","article_publisher":"https:\/\/www.facebook.com\/cremino.gianduia.1","article_modified_time":"2025-06-20T17:30:24+00:00","og_image":[{"width":1080,"height":1071,"url":"https:\/\/www.chocolate7.com\/wp-content\/uploads\/2025\/06\/Screenshot_20250620_125133_Instagram-e1750440334510.jpg","type":"image\/jpeg"}],"twitter_card":"summary_large_image","twitter_site":"@GianduiaCremino","twitter_misc":{"Est. reading time":"1 minute"},"schema":{"@context":"https:\/\/schema.org","@graph":[{"@type":"WebPage","@id":"https:\/\/www.chocolate7.com\/en\/shop\/bar\/dark-chocolate-en-2\/legast-colombia-meta-single-farm-dark-chocolate-75-copia-2\/","url":"https:\/\/www.chocolate7.com\/en\/shop\/bar\/dark-chocolate-en-2\/legast-colombia-meta-single-farm-dark-chocolate-75-copia-2\/","name":"Legast Colombia Finca Los Lagos dark chocolate 73% - Chocolate7","isPartOf":{"@id":"https:\/\/www.chocolate7.com\/#website"},"primaryImageOfPage":{"@id":"https:\/\/www.chocolate7.com\/en\/shop\/bar\/dark-chocolate-en-2\/legast-colombia-meta-single-farm-dark-chocolate-75-copia-2\/#primaryimage"},"image":{"@id":"https:\/\/www.chocolate7.com\/en\/shop\/bar\/dark-chocolate-en-2\/legast-colombia-meta-single-farm-dark-chocolate-75-copia-2\/#primaryimage"},"thumbnailUrl":"https:\/\/www.chocolate7.com\/wp-content\/uploads\/2025\/06\/Screenshot_20250620_125133_Instagram-e1750440334510.jpg","datePublished":"2025-06-20T17:08:21+00:00","dateModified":"2025-06-20T17:30:24+00:00","breadcrumb":{"@id":"https:\/\/www.chocolate7.com\/en\/shop\/bar\/dark-chocolate-en-2\/legast-colombia-meta-single-farm-dark-chocolate-75-copia-2\/#breadcrumb"},"inLanguage":"en-US","potentialAction":[{"@type":"ReadAction","target":["https:\/\/www.chocolate7.com\/en\/shop\/bar\/dark-chocolate-en-2\/legast-colombia-meta-single-farm-dark-chocolate-75-copia-2\/"]}]},{"@type":"ImageObject","inLanguage":"en-US","@id":"https:\/\/www.chocolate7.com\/en\/shop\/bar\/dark-chocolate-en-2\/legast-colombia-meta-single-farm-dark-chocolate-75-copia-2\/#primaryimage","url":"https:\/\/www.chocolate7.com\/wp-content\/uploads\/2025\/06\/Screenshot_20250620_125133_Instagram-e1750440334510.jpg","contentUrl":"https:\/\/www.chocolate7.com\/wp-content\/uploads\/2025\/06\/Screenshot_20250620_125133_Instagram-e1750440334510.jpg","width":1080,"height":1071},{"@type":"BreadcrumbList","@id":"https:\/\/www.chocolate7.com\/en\/shop\/bar\/dark-chocolate-en-2\/legast-colombia-meta-single-farm-dark-chocolate-75-copia-2\/#breadcrumb","itemListElement":[{"@type":"ListItem","position":1,"name":"Home","item":"https:\/\/www.chocolate7.com\/en\/"},{"@type":"ListItem","position":2,"name":"Shop","item":"https:\/\/www.chocolate7.com\/en\/store\/"},{"@type":"ListItem","position":3,"name":"Legast Colombia Finca Los Lagos dark chocolate 73%"}]},{"@type":"WebSite","@id":"https:\/\/www.chocolate7.com\/#website","url":"https:\/\/www.chocolate7.com\/","name":"Chocolate7","description":"The fine &amp; luxury chocolate selection","publisher":{"@id":"https:\/\/www.chocolate7.com\/#organization"},"potentialAction":[{"@type":"SearchAction","target":{"@type":"EntryPoint","urlTemplate":"https:\/\/www.chocolate7.com\/?s={search_term_string}"},"query-input":"required name=search_term_string"}],"inLanguage":"en-US"},{"@type":"Organization","@id":"https:\/\/www.chocolate7.com\/#organization","name":"Choc7 di Benedetto Giovanni","url":"https:\/\/www.chocolate7.com\/","logo":{"@type":"ImageObject","inLanguage":"en-US","@id":"https:\/\/www.chocolate7.com\/#\/schema\/logo\/image\/","url":"https:\/\/www.chocolate7.com\/wp-content\/uploads\/2018\/10\/logo_chocolate.png","contentUrl":"https:\/\/www.chocolate7.com\/wp-content\/uploads\/2018\/10\/logo_chocolate.png","width":200,"height":41,"caption":"Choc7 di Benedetto Giovanni"},"image":{"@id":"https:\/\/www.chocolate7.com\/#\/schema\/logo\/image\/"},"sameAs":["https:\/\/www.facebook.com\/cremino.gianduia.1","https:\/\/x.com\/GianduiaCremino","https:\/\/www.instagram.com\/creminogianduia\/","https:\/\/www.pinterest.com.au\/creminogianduia\/","https:\/\/www.youtube.com\/channel\/UCWFQlcc9EQnAsLkD8rBsgig"]}]}},"brands":[{"id":9529,"name":"Legast","slug":"legast-en-2"}],"_links":{"self":[{"href":"https:\/\/www.chocolate7.com\/en\/wp-json\/wp\/v2\/product\/34976","targetHints":{"allow":["GET"]}}],"collection":[{"href":"https:\/\/www.chocolate7.com\/en\/wp-json\/wp\/v2\/product"}],"about":[{"href":"https:\/\/www.chocolate7.com\/en\/wp-json\/wp\/v2\/types\/product"}],"wp:featuredmedia":[{"embeddable":true,"href":"https:\/\/www.chocolate7.com\/en\/wp-json\/wp\/v2\/media\/34978"}],"wp:attachment":[{"href":"https:\/\/www.chocolate7.com\/en\/wp-json\/wp\/v2\/media?parent=34976"}],"wp:term":[{"taxonomy":"pwb-brand","embeddable":true,"href":"https:\/\/www.chocolate7.com\/en\/wp-json\/wp\/v2\/pwb-brand?post=34976"},{"taxonomy":"product_brand","embeddable":true,"href":"https:\/\/www.chocolate7.com\/en\/wp-json\/wp\/v2\/product_brand?post=34976"},{"taxonomy":"product_cat","embeddable":true,"href":"https:\/\/www.chocolate7.com\/en\/wp-json\/wp\/v2\/product_cat?post=34976"},{"taxonomy":"product_tag","embeddable":true,"href":"https:\/\/www.chocolate7.com\/en\/wp-json\/wp\/v2\/product_tag?post=34976"},{"taxonomy":"giftcard-category","embeddable":true,"href":"https:\/\/www.chocolate7.com\/en\/wp-json\/wp\/v2\/giftcard-category?post=34976"}],"curies":[{"name":"wp","href":"https:\/\/api.w.org\/{rel}","templated":true}]}}