{"id":35183,"date":"2025-10-29T14:05:05","date_gmt":"2025-10-29T13:05:05","guid":{"rendered":"https:\/\/www.chocolate7.com\/?post_type=product&#038;p=35183"},"modified":"2025-10-29T14:31:51","modified_gmt":"2025-10-29T13:31:51","slug":"encuentro-brazil-jorge-takahashi-cacao-rare-copia-2","status":"publish","type":"product","link":"https:\/\/www.chocolate7.com\/en\/shop\/bar\/dark-chocolate-en-2\/encuentro-brazil-jorge-takahashi-cacao-rare-copia-2\/","title":{"rendered":"Encuentro El Salvador Elmer &#038; sa famille dark chocolate 70% &#8211; Cacao Rare"},"content":{"rendered":"<p style=\"text-align: left;\">Dark chocolate bar &#8211; Made by Encuentro<\/p>\n<div class=\"page\" title=\"Page 1\">\n<div class=\"section\">\n<div class=\"layoutArea\">\n<div class=\"column\">\n<div class=\"product__block__text\">\n<p><strong>Un des cacaos les plus rares au monde<\/strong><\/p>\n<div class=\"product__block__text\">\n<p>Origine du cacao : El Salvador<\/p>\n<\/div>\n<div class=\"product__block__text\">\n<p>Type de chocolat : Rond et Gourmand<\/p>\n<\/div>\n<div class=\"product__block__text\">\n<p><span class=\"metafield-multi_line_text_field\">Notes de d\u00e9gustation : \u00c9pic\u00e9, bois\u00e9, avec une belle allonge caram\u00e9lis\u00e9e<\/span><\/p>\n<\/div>\n<div class=\"product__block__description rte body-size-4\">\n<div class=\"tabs-wrapper\">\n<div class=\"product-accordion\" data-accordion-group=\"\">\n<div class=\"accordion__wrapper\">\n<div id=\"description_MGmDhj-main\" class=\"accordion__body no-js-accordion\" data-accordion-body=\"\">\n<div class=\"accordion-content__holder accordion-content__holder--truncate is-visible\" data-truncated-holder=\"\">\n<div class=\"accordion-content__inner\">\n<div class=\"accordion-content__entry\" data-truncated-content=\"accordion-content__entry--truncate\">\n<p>Derri\u00e8re cette tablette, il y a l&#8217;histoire d\u2019un homme passionn\u00e9 \u00e0 qui son entourage r\u00e9p\u00e8te depuis des ann\u00e9es que son cacao est de mauvaise qualit\u00e9\u2026il n\u2019en est rien ! C\u2019est\u00a0<strong>une p\u00e9pite brute<\/strong>, sans doute l\u2019un des cacaos les plus rares au monde et nous sommes fiers d&#8217;\u00eatre les seuls \u00e0 pouvoir vous la proposer !<\/p>\n<\/div>\n<\/div>\n<\/div>\n<\/div>\n<\/div>\n<\/div>\n<\/div>\n<\/div>\n<\/div>\n<\/div>\n<\/div>\n<\/div>\n<\/div>\n","protected":false},"excerpt":{"rendered":"<p>Encuentro is a bean to bar chocolate maker from France. This fine chocolate bar is made with cocoa from El Salvadoran (Elmer), one of the rarest cocoas in the world. Encuentro El Salvador Elmer &amp; sa famille 70% Dark Chocolate &#8211; Rare Cocoa is a dark chocolate with a balanced flavor, featuring aromatic notes of hazelnut, caramel, spices, and wood.<\/p>\n<p>Behind this chocolate bar lies the story of a passionate man who, for years, was told by those around him that his cocoa was of poor quality&#8230; but that&#8217;s not true at all! It&#8217;s a raw and precious gem, undoubtedly one of the rarest cocoas in the world, and Encuentro is proud to be the only bean-to-bar producer in the world able to offer it to you!<\/p>\n<p>&nbsp;<\/p>\n<div class=\"page\" title=\"Pagina 1\">\n<div class=\"section\">\n<div class=\"layoutArea\">\n<div class=\"column\">\n<p>&nbsp;<\/p>\n<\/div>\n<\/div>\n<\/div>\n<\/div>\n<p>&nbsp;<\/p>\n<p>&nbsp;<\/p>\n","protected":false},"featured_media":35185,"template":"","meta":[],"pwb-brand":[5613],"product_brand":[],"product_cat":[3251,3255],"product_tag":[],"giftcard-category":[],"class_list":{"0":"post-35183","1":"product","2":"type-product","3":"status-publish","4":"has-post-thumbnail","6":"pwb-brand-encuentro-en-2","7":"product_cat-bar","8":"product_cat-dark-chocolate-en-2","9":"pa_acidita-2-en","10":"pa_allergeni-may-contain-traces-of-nuts-and-sesame","11":"pa_amarezza-1-en","12":"pa_astringenza-0-en","13":"pa_cacao-70-79-en","14":"pa_carboidrati-348-g-en","15":"pa_carboidrati-zuccheri-303-g-en","16":"pa_codice-a-barre-3770009530804-en","17":"pa_conservazione-store-in-a-cool-and-dry-place-between-16-c-and-18-c","18":"pa_dolcezza-3-en","19":"pa_fibre-134-g-en","20":"pa_grassi-371-g-en","21":"pa_grassi-saturi-235-g-en","22":"pa_ingredienti-elmer-criollo-cocoa-beans-70-organic-brazilian-cane-sugar","23":"pa_note-di-degustazione-hazelnut-caramel-spices-wood","24":"pa_paese-delle-fave-di-cacao-el-salvador-en","25":"pa_paese-produttore-france","26":"pa_percentuale-di-cacao-70-en","27":"pa_proteine-83-g-en","28":"pa_regione-elmer-en","29":"pa_sale-0-g-en","30":"pa_tipo-di-cioccolato-fondente-en","31":"pa_valore-energetico-2236-kj-532-kcal-en","33":"first","34":"instock","35":"taxable","36":"shipping-taxable","37":"purchasable","38":"product-type-simple"},"yoast_head":"<!-- This site is optimized with the Yoast SEO plugin v23.3 - https:\/\/yoast.com\/wordpress\/plugins\/seo\/ -->\n<title>Encuentro El Salvador Elmer &amp; sa famille dark chocolate 70% - Cacao Rare - Chocolate7<\/title>\n<meta name=\"robots\" content=\"index, follow, max-snippet:-1, max-image-preview:large, max-video-preview:-1\" \/>\n<link rel=\"canonical\" href=\"https:\/\/www.chocolate7.com\/en\/shop\/bar\/dark-chocolate-en-2\/encuentro-brazil-jorge-takahashi-cacao-rare-copia-2\/\" \/>\n<meta property=\"og:locale\" content=\"en_US\" \/>\n<meta property=\"og:type\" content=\"article\" \/>\n<meta property=\"og:title\" content=\"Encuentro El Salvador Elmer &amp; sa famille dark chocolate 70% - Cacao Rare - Chocolate7\" \/>\n<meta property=\"og:description\" content=\"Encuentro is a bean to bar chocolate maker from France. This fine chocolate bar is made with cocoa from El Salvadoran (Elmer), one of the rarest cocoas in the world. Encuentro El Salvador Elmer &amp; sa famille 70% Dark Chocolate - Rare Cocoa is a dark chocolate with a balanced flavor, featuring aromatic notes of hazelnut, caramel, spices, and wood.  Behind this chocolate bar lies the story of a passionate man who, for years, was told by those around him that his cocoa was of poor quality... but that&#039;s not true at all! It&#039;s a raw and precious gem, undoubtedly one of the rarest cocoas in the world, and Encuentro is proud to be the only bean-to-bar producer in the world able to offer it to you!  &nbsp;      &nbsp;      &nbsp;  &nbsp;\" \/>\n<meta property=\"og:url\" content=\"https:\/\/www.chocolate7.com\/en\/shop\/bar\/dark-chocolate-en-2\/encuentro-brazil-jorge-takahashi-cacao-rare-copia-2\/\" \/>\n<meta property=\"og:site_name\" content=\"Chocolate7\" \/>\n<meta property=\"article:publisher\" content=\"https:\/\/www.facebook.com\/cremino.gianduia.1\" \/>\n<meta property=\"article:modified_time\" content=\"2025-10-29T13:31:51+00:00\" \/>\n<meta property=\"og:image\" content=\"https:\/\/www.chocolate7.com\/wp-content\/uploads\/2025\/10\/Screenshot_20251029_135853_Instagram-e1761744094751.jpg\" \/>\n\t<meta property=\"og:image:width\" content=\"1059\" \/>\n\t<meta property=\"og:image:height\" content=\"1058\" \/>\n\t<meta property=\"og:image:type\" content=\"image\/jpeg\" \/>\n<meta name=\"twitter:card\" content=\"summary_large_image\" \/>\n<meta name=\"twitter:site\" content=\"@GianduiaCremino\" \/>\n<meta name=\"twitter:label1\" content=\"Est. reading time\" \/>\n\t<meta name=\"twitter:data1\" content=\"1 minute\" \/>\n<script type=\"application\/ld+json\" class=\"yoast-schema-graph\">{\"@context\":\"https:\/\/schema.org\",\"@graph\":[{\"@type\":\"WebPage\",\"@id\":\"https:\/\/www.chocolate7.com\/en\/shop\/bar\/dark-chocolate-en-2\/encuentro-brazil-jorge-takahashi-cacao-rare-copia-2\/\",\"url\":\"https:\/\/www.chocolate7.com\/en\/shop\/bar\/dark-chocolate-en-2\/encuentro-brazil-jorge-takahashi-cacao-rare-copia-2\/\",\"name\":\"Encuentro El Salvador Elmer & sa famille dark chocolate 70% - Cacao Rare - Chocolate7\",\"isPartOf\":{\"@id\":\"https:\/\/www.chocolate7.com\/#website\"},\"primaryImageOfPage\":{\"@id\":\"https:\/\/www.chocolate7.com\/en\/shop\/bar\/dark-chocolate-en-2\/encuentro-brazil-jorge-takahashi-cacao-rare-copia-2\/#primaryimage\"},\"image\":{\"@id\":\"https:\/\/www.chocolate7.com\/en\/shop\/bar\/dark-chocolate-en-2\/encuentro-brazil-jorge-takahashi-cacao-rare-copia-2\/#primaryimage\"},\"thumbnailUrl\":\"https:\/\/www.chocolate7.com\/wp-content\/uploads\/2025\/10\/Screenshot_20251029_135853_Instagram-e1761744094751.jpg\",\"datePublished\":\"2025-10-29T13:05:05+00:00\",\"dateModified\":\"2025-10-29T13:31:51+00:00\",\"breadcrumb\":{\"@id\":\"https:\/\/www.chocolate7.com\/en\/shop\/bar\/dark-chocolate-en-2\/encuentro-brazil-jorge-takahashi-cacao-rare-copia-2\/#breadcrumb\"},\"inLanguage\":\"en-US\",\"potentialAction\":[{\"@type\":\"ReadAction\",\"target\":[\"https:\/\/www.chocolate7.com\/en\/shop\/bar\/dark-chocolate-en-2\/encuentro-brazil-jorge-takahashi-cacao-rare-copia-2\/\"]}]},{\"@type\":\"ImageObject\",\"inLanguage\":\"en-US\",\"@id\":\"https:\/\/www.chocolate7.com\/en\/shop\/bar\/dark-chocolate-en-2\/encuentro-brazil-jorge-takahashi-cacao-rare-copia-2\/#primaryimage\",\"url\":\"https:\/\/www.chocolate7.com\/wp-content\/uploads\/2025\/10\/Screenshot_20251029_135853_Instagram-e1761744094751.jpg\",\"contentUrl\":\"https:\/\/www.chocolate7.com\/wp-content\/uploads\/2025\/10\/Screenshot_20251029_135853_Instagram-e1761744094751.jpg\",\"width\":1059,\"height\":1058},{\"@type\":\"BreadcrumbList\",\"@id\":\"https:\/\/www.chocolate7.com\/en\/shop\/bar\/dark-chocolate-en-2\/encuentro-brazil-jorge-takahashi-cacao-rare-copia-2\/#breadcrumb\",\"itemListElement\":[{\"@type\":\"ListItem\",\"position\":1,\"name\":\"Home\",\"item\":\"https:\/\/www.chocolate7.com\/en\/\"},{\"@type\":\"ListItem\",\"position\":2,\"name\":\"Shop\",\"item\":\"https:\/\/www.chocolate7.com\/en\/store\/\"},{\"@type\":\"ListItem\",\"position\":3,\"name\":\"Encuentro El Salvador Elmer &#038; sa famille dark chocolate 70% &#8211; Cacao Rare\"}]},{\"@type\":\"WebSite\",\"@id\":\"https:\/\/www.chocolate7.com\/#website\",\"url\":\"https:\/\/www.chocolate7.com\/\",\"name\":\"Chocolate7\",\"description\":\"The fine &amp; luxury chocolate selection\",\"publisher\":{\"@id\":\"https:\/\/www.chocolate7.com\/#organization\"},\"potentialAction\":[{\"@type\":\"SearchAction\",\"target\":{\"@type\":\"EntryPoint\",\"urlTemplate\":\"https:\/\/www.chocolate7.com\/?s={search_term_string}\"},\"query-input\":\"required name=search_term_string\"}],\"inLanguage\":\"en-US\"},{\"@type\":\"Organization\",\"@id\":\"https:\/\/www.chocolate7.com\/#organization\",\"name\":\"Choc7 di Benedetto Giovanni\",\"url\":\"https:\/\/www.chocolate7.com\/\",\"logo\":{\"@type\":\"ImageObject\",\"inLanguage\":\"en-US\",\"@id\":\"https:\/\/www.chocolate7.com\/#\/schema\/logo\/image\/\",\"url\":\"https:\/\/www.chocolate7.com\/wp-content\/uploads\/2018\/10\/logo_chocolate.png\",\"contentUrl\":\"https:\/\/www.chocolate7.com\/wp-content\/uploads\/2018\/10\/logo_chocolate.png\",\"width\":200,\"height\":41,\"caption\":\"Choc7 di Benedetto Giovanni\"},\"image\":{\"@id\":\"https:\/\/www.chocolate7.com\/#\/schema\/logo\/image\/\"},\"sameAs\":[\"https:\/\/www.facebook.com\/cremino.gianduia.1\",\"https:\/\/x.com\/GianduiaCremino\",\"https:\/\/www.instagram.com\/creminogianduia\/\",\"https:\/\/www.pinterest.com.au\/creminogianduia\/\",\"https:\/\/www.youtube.com\/channel\/UCWFQlcc9EQnAsLkD8rBsgig\"]}]}<\/script>\n<!-- \/ Yoast SEO plugin. -->","yoast_head_json":{"title":"Encuentro El Salvador Elmer & sa famille dark chocolate 70% - Cacao Rare - Chocolate7","robots":{"index":"index","follow":"follow","max-snippet":"max-snippet:-1","max-image-preview":"max-image-preview:large","max-video-preview":"max-video-preview:-1"},"canonical":"https:\/\/www.chocolate7.com\/en\/shop\/bar\/dark-chocolate-en-2\/encuentro-brazil-jorge-takahashi-cacao-rare-copia-2\/","og_locale":"en_US","og_type":"article","og_title":"Encuentro El Salvador Elmer & sa famille dark chocolate 70% - Cacao Rare - Chocolate7","og_description":"Encuentro is a bean to bar chocolate maker from France. This fine chocolate bar is made with cocoa from El Salvadoran (Elmer), one of the rarest cocoas in the world. Encuentro El Salvador Elmer &amp; sa famille 70% Dark Chocolate - Rare Cocoa is a dark chocolate with a balanced flavor, featuring aromatic notes of hazelnut, caramel, spices, and wood.  Behind this chocolate bar lies the story of a passionate man who, for years, was told by those around him that his cocoa was of poor quality... but that's not true at all! It's a raw and precious gem, undoubtedly one of the rarest cocoas in the world, and Encuentro is proud to be the only bean-to-bar producer in the world able to offer it to you!  &nbsp;      &nbsp;      &nbsp;  &nbsp;","og_url":"https:\/\/www.chocolate7.com\/en\/shop\/bar\/dark-chocolate-en-2\/encuentro-brazil-jorge-takahashi-cacao-rare-copia-2\/","og_site_name":"Chocolate7","article_publisher":"https:\/\/www.facebook.com\/cremino.gianduia.1","article_modified_time":"2025-10-29T13:31:51+00:00","og_image":[{"width":1059,"height":1058,"url":"https:\/\/www.chocolate7.com\/wp-content\/uploads\/2025\/10\/Screenshot_20251029_135853_Instagram-e1761744094751.jpg","type":"image\/jpeg"}],"twitter_card":"summary_large_image","twitter_site":"@GianduiaCremino","twitter_misc":{"Est. reading time":"1 minute"},"schema":{"@context":"https:\/\/schema.org","@graph":[{"@type":"WebPage","@id":"https:\/\/www.chocolate7.com\/en\/shop\/bar\/dark-chocolate-en-2\/encuentro-brazil-jorge-takahashi-cacao-rare-copia-2\/","url":"https:\/\/www.chocolate7.com\/en\/shop\/bar\/dark-chocolate-en-2\/encuentro-brazil-jorge-takahashi-cacao-rare-copia-2\/","name":"Encuentro El Salvador Elmer & sa famille dark chocolate 70% - Cacao Rare - Chocolate7","isPartOf":{"@id":"https:\/\/www.chocolate7.com\/#website"},"primaryImageOfPage":{"@id":"https:\/\/www.chocolate7.com\/en\/shop\/bar\/dark-chocolate-en-2\/encuentro-brazil-jorge-takahashi-cacao-rare-copia-2\/#primaryimage"},"image":{"@id":"https:\/\/www.chocolate7.com\/en\/shop\/bar\/dark-chocolate-en-2\/encuentro-brazil-jorge-takahashi-cacao-rare-copia-2\/#primaryimage"},"thumbnailUrl":"https:\/\/www.chocolate7.com\/wp-content\/uploads\/2025\/10\/Screenshot_20251029_135853_Instagram-e1761744094751.jpg","datePublished":"2025-10-29T13:05:05+00:00","dateModified":"2025-10-29T13:31:51+00:00","breadcrumb":{"@id":"https:\/\/www.chocolate7.com\/en\/shop\/bar\/dark-chocolate-en-2\/encuentro-brazil-jorge-takahashi-cacao-rare-copia-2\/#breadcrumb"},"inLanguage":"en-US","potentialAction":[{"@type":"ReadAction","target":["https:\/\/www.chocolate7.com\/en\/shop\/bar\/dark-chocolate-en-2\/encuentro-brazil-jorge-takahashi-cacao-rare-copia-2\/"]}]},{"@type":"ImageObject","inLanguage":"en-US","@id":"https:\/\/www.chocolate7.com\/en\/shop\/bar\/dark-chocolate-en-2\/encuentro-brazil-jorge-takahashi-cacao-rare-copia-2\/#primaryimage","url":"https:\/\/www.chocolate7.com\/wp-content\/uploads\/2025\/10\/Screenshot_20251029_135853_Instagram-e1761744094751.jpg","contentUrl":"https:\/\/www.chocolate7.com\/wp-content\/uploads\/2025\/10\/Screenshot_20251029_135853_Instagram-e1761744094751.jpg","width":1059,"height":1058},{"@type":"BreadcrumbList","@id":"https:\/\/www.chocolate7.com\/en\/shop\/bar\/dark-chocolate-en-2\/encuentro-brazil-jorge-takahashi-cacao-rare-copia-2\/#breadcrumb","itemListElement":[{"@type":"ListItem","position":1,"name":"Home","item":"https:\/\/www.chocolate7.com\/en\/"},{"@type":"ListItem","position":2,"name":"Shop","item":"https:\/\/www.chocolate7.com\/en\/store\/"},{"@type":"ListItem","position":3,"name":"Encuentro El Salvador Elmer &#038; sa famille dark chocolate 70% &#8211; Cacao Rare"}]},{"@type":"WebSite","@id":"https:\/\/www.chocolate7.com\/#website","url":"https:\/\/www.chocolate7.com\/","name":"Chocolate7","description":"The fine &amp; luxury chocolate selection","publisher":{"@id":"https:\/\/www.chocolate7.com\/#organization"},"potentialAction":[{"@type":"SearchAction","target":{"@type":"EntryPoint","urlTemplate":"https:\/\/www.chocolate7.com\/?s={search_term_string}"},"query-input":"required name=search_term_string"}],"inLanguage":"en-US"},{"@type":"Organization","@id":"https:\/\/www.chocolate7.com\/#organization","name":"Choc7 di Benedetto Giovanni","url":"https:\/\/www.chocolate7.com\/","logo":{"@type":"ImageObject","inLanguage":"en-US","@id":"https:\/\/www.chocolate7.com\/#\/schema\/logo\/image\/","url":"https:\/\/www.chocolate7.com\/wp-content\/uploads\/2018\/10\/logo_chocolate.png","contentUrl":"https:\/\/www.chocolate7.com\/wp-content\/uploads\/2018\/10\/logo_chocolate.png","width":200,"height":41,"caption":"Choc7 di Benedetto Giovanni"},"image":{"@id":"https:\/\/www.chocolate7.com\/#\/schema\/logo\/image\/"},"sameAs":["https:\/\/www.facebook.com\/cremino.gianduia.1","https:\/\/x.com\/GianduiaCremino","https:\/\/www.instagram.com\/creminogianduia\/","https:\/\/www.pinterest.com.au\/creminogianduia\/","https:\/\/www.youtube.com\/channel\/UCWFQlcc9EQnAsLkD8rBsgig"]}]}},"brands":[{"id":5613,"name":"Encuentro","slug":"encuentro-en-2"}],"_links":{"self":[{"href":"https:\/\/www.chocolate7.com\/en\/wp-json\/wp\/v2\/product\/35183","targetHints":{"allow":["GET"]}}],"collection":[{"href":"https:\/\/www.chocolate7.com\/en\/wp-json\/wp\/v2\/product"}],"about":[{"href":"https:\/\/www.chocolate7.com\/en\/wp-json\/wp\/v2\/types\/product"}],"wp:featuredmedia":[{"embeddable":true,"href":"https:\/\/www.chocolate7.com\/en\/wp-json\/wp\/v2\/media\/35185"}],"wp:attachment":[{"href":"https:\/\/www.chocolate7.com\/en\/wp-json\/wp\/v2\/media?parent=35183"}],"wp:term":[{"taxonomy":"pwb-brand","embeddable":true,"href":"https:\/\/www.chocolate7.com\/en\/wp-json\/wp\/v2\/pwb-brand?post=35183"},{"taxonomy":"product_brand","embeddable":true,"href":"https:\/\/www.chocolate7.com\/en\/wp-json\/wp\/v2\/product_brand?post=35183"},{"taxonomy":"product_cat","embeddable":true,"href":"https:\/\/www.chocolate7.com\/en\/wp-json\/wp\/v2\/product_cat?post=35183"},{"taxonomy":"product_tag","embeddable":true,"href":"https:\/\/www.chocolate7.com\/en\/wp-json\/wp\/v2\/product_tag?post=35183"},{"taxonomy":"giftcard-category","embeddable":true,"href":"https:\/\/www.chocolate7.com\/en\/wp-json\/wp\/v2\/giftcard-category?post=35183"}],"curies":[{"name":"wp","href":"https:\/\/api.w.org\/{rel}","templated":true}]}}