{"id":35469,"date":"2025-12-31T13:51:59","date_gmt":"2025-12-31T12:51:59","guid":{"rendered":"https:\/\/www.chocolate7.com\/?post_type=product&#038;p=35469"},"modified":"2025-12-31T14:23:09","modified_gmt":"2025-12-31T13:23:09","slug":"vigdis-rosenkilde-peru-echarate-chuncho-80-copia","status":"publish","type":"product","link":"https:\/\/www.chocolate7.com\/en\/shop\/bar\/dark-chocolate-en-2\/vigdis-rosenkilde-peru-echarate-chuncho-80-copia\/","title":{"rendered":"Vigdis Rosenkilde Peru Kiteni Chuncho dark chocolate 70%"},"content":{"rendered":"<p style=\"text-align: left;\">Dark chocolate bar &#8211; Made by Vigdis Rosenkilde<\/p>\n<p class=\"\" data-rte-preserve-empty=\"true\"><strong>Kiteni 70% &#8211; M\u00f8rk sjokolade.<\/strong><\/p>\n<p class=\"\" data-rte-preserve-empty=\"true\">SMAKSNOTER: BRINGEB\u00c6R \/ GRAPEFRUKT \/ ROSE<\/p>\n<p class=\"\" data-rte-preserve-empty=\"true\">Smaksnotene er ikke tilsatt, men kommer naturlig fra kakaoen som er behandlet optimalt i alle ledd av produksjonen.<\/p>\n<p class=\"\" data-rte-preserve-empty=\"true\">Denne sjokoladen er laget med Chuncho-kakao. Det er en sv\u00e6rt sjelden urkakao med florale og fruktige smaksnoter. Forskere mener at Chuncho muligens er den mest aromatiske kakaoen som finnes. I Kiteni-distriktet finnes en sort Chuncho med smak av rose. N\u00e5r Rosenkilde opplevde denne for f\u00f8rste gang bestemte hun seg straks for \u00e5 lage sjokolade med denne unike kakaotypen.<\/p>\n","protected":false},"excerpt":{"rendered":"<p>Vigdis Rosenkilde is a bean to bar chocolate maker from Norway. This fine chocolate bar is made with cocoa from Peru (Kiteni, Chuncho). Vigdis Rosenkilde Peru Kiteni Chuncho dark chocolate 70% has a balanced flavor, with aromatic notes of rose, grapefruit, watermelon, cherry, raspberry, dates, chestnut, cooked quince, olive, herbs, caramel, and leather.<\/p>\n","protected":false},"featured_media":35471,"template":"","meta":[],"pwb-brand":[14334],"product_brand":[],"product_cat":[3251,3255],"product_tag":[],"giftcard-category":[],"class_list":{"0":"post-35469","1":"product","2":"type-product","3":"status-publish","4":"has-post-thumbnail","6":"pwb-brand-vigdis-rosenkilde-en","7":"product_cat-bar","8":"product_cat-dark-chocolate-en-2","9":"pa_acidita-2-en","10":"pa_amarezza-4-en","11":"pa_astringenza-1-en","12":"pa_cacao-70-79-en","13":"pa_carboidrati-62-g-en","14":"pa_carboidrati-zuccheri-379-g-en","15":"pa_codice-a-barre-7090064950185-en","16":"pa_dolcezza-3-en","17":"pa_fibre-53-g-en","18":"pa_grassi-259-g-en","19":"pa_grassi-saturi-174-g-en","20":"pa_ingredienti-cocoa-beans-and-sugar","21":"pa_note-di-degustazione-rose-grapefruit-watermelon-cherry-raspberry-dates-chestnuts-cooked-quince-olives-herbaceous-caramel-leather","22":"pa_paese-delle-fave-di-cacao-peru-en","23":"pa_paese-produttore-norway","24":"pa_percentuale-di-cacao-70-en","25":"pa_proteine-88-g-en","26":"pa_regione-chuncho-en","27":"pa_regione-kiteni-en","28":"pa_sale-01-g-en","29":"pa_tipo-di-cioccolato-fondente-en","30":"pa_valore-energetico-516-kcal-2160-kj-en","32":"first","33":"instock","34":"taxable","35":"shipping-taxable","36":"purchasable","37":"product-type-simple"},"yoast_head":"<!-- This site is optimized with the Yoast SEO plugin v23.3 - https:\/\/yoast.com\/wordpress\/plugins\/seo\/ -->\n<title>Vigdis Rosenkilde Peru Kiteni Chuncho dark chocolate 70% - Chocolate7<\/title>\n<meta name=\"robots\" content=\"index, follow, max-snippet:-1, max-image-preview:large, max-video-preview:-1\" \/>\n<link rel=\"canonical\" href=\"https:\/\/www.chocolate7.com\/en\/shop\/bar\/dark-chocolate-en-2\/vigdis-rosenkilde-peru-echarate-chuncho-80-copia\/\" \/>\n<meta property=\"og:locale\" content=\"en_US\" \/>\n<meta property=\"og:type\" content=\"article\" \/>\n<meta property=\"og:title\" content=\"Vigdis Rosenkilde Peru Kiteni Chuncho dark chocolate 70% - Chocolate7\" \/>\n<meta property=\"og:description\" content=\"Vigdis Rosenkilde is a bean to bar chocolate maker from Norway. This fine chocolate bar is made with cocoa from Peru (Kiteni, Chuncho). Vigdis Rosenkilde Peru Kiteni Chuncho dark chocolate 70% has a balanced flavor, with aromatic notes of rose, grapefruit, watermelon, cherry, raspberry, dates, chestnut, cooked quince, olive, herbs, caramel, and leather.\" \/>\n<meta property=\"og:url\" content=\"https:\/\/www.chocolate7.com\/en\/shop\/bar\/dark-chocolate-en-2\/vigdis-rosenkilde-peru-echarate-chuncho-80-copia\/\" \/>\n<meta property=\"og:site_name\" content=\"Chocolate7\" \/>\n<meta property=\"article:publisher\" content=\"https:\/\/www.facebook.com\/cremino.gianduia.1\" \/>\n<meta property=\"article:modified_time\" content=\"2025-12-31T13:23:09+00:00\" \/>\n<meta property=\"og:image\" content=\"https:\/\/www.chocolate7.com\/wp-content\/uploads\/2025\/12\/Screenshot_20251231_133956_Instagram-e1767187090825.jpg\" \/>\n\t<meta property=\"og:image:width\" content=\"1043\" \/>\n\t<meta property=\"og:image:height\" content=\"1042\" \/>\n\t<meta property=\"og:image:type\" content=\"image\/jpeg\" \/>\n<meta name=\"twitter:card\" content=\"summary_large_image\" \/>\n<meta name=\"twitter:site\" content=\"@GianduiaCremino\" \/>\n<script type=\"application\/ld+json\" class=\"yoast-schema-graph\">{\"@context\":\"https:\/\/schema.org\",\"@graph\":[{\"@type\":\"WebPage\",\"@id\":\"https:\/\/www.chocolate7.com\/en\/shop\/bar\/dark-chocolate-en-2\/vigdis-rosenkilde-peru-echarate-chuncho-80-copia\/\",\"url\":\"https:\/\/www.chocolate7.com\/en\/shop\/bar\/dark-chocolate-en-2\/vigdis-rosenkilde-peru-echarate-chuncho-80-copia\/\",\"name\":\"Vigdis Rosenkilde Peru Kiteni Chuncho dark chocolate 70% - Chocolate7\",\"isPartOf\":{\"@id\":\"https:\/\/www.chocolate7.com\/#website\"},\"primaryImageOfPage\":{\"@id\":\"https:\/\/www.chocolate7.com\/en\/shop\/bar\/dark-chocolate-en-2\/vigdis-rosenkilde-peru-echarate-chuncho-80-copia\/#primaryimage\"},\"image\":{\"@id\":\"https:\/\/www.chocolate7.com\/en\/shop\/bar\/dark-chocolate-en-2\/vigdis-rosenkilde-peru-echarate-chuncho-80-copia\/#primaryimage\"},\"thumbnailUrl\":\"https:\/\/www.chocolate7.com\/wp-content\/uploads\/2025\/12\/Screenshot_20251231_133956_Instagram-e1767187090825.jpg\",\"datePublished\":\"2025-12-31T12:51:59+00:00\",\"dateModified\":\"2025-12-31T13:23:09+00:00\",\"breadcrumb\":{\"@id\":\"https:\/\/www.chocolate7.com\/en\/shop\/bar\/dark-chocolate-en-2\/vigdis-rosenkilde-peru-echarate-chuncho-80-copia\/#breadcrumb\"},\"inLanguage\":\"en-US\",\"potentialAction\":[{\"@type\":\"ReadAction\",\"target\":[\"https:\/\/www.chocolate7.com\/en\/shop\/bar\/dark-chocolate-en-2\/vigdis-rosenkilde-peru-echarate-chuncho-80-copia\/\"]}]},{\"@type\":\"ImageObject\",\"inLanguage\":\"en-US\",\"@id\":\"https:\/\/www.chocolate7.com\/en\/shop\/bar\/dark-chocolate-en-2\/vigdis-rosenkilde-peru-echarate-chuncho-80-copia\/#primaryimage\",\"url\":\"https:\/\/www.chocolate7.com\/wp-content\/uploads\/2025\/12\/Screenshot_20251231_133956_Instagram-e1767187090825.jpg\",\"contentUrl\":\"https:\/\/www.chocolate7.com\/wp-content\/uploads\/2025\/12\/Screenshot_20251231_133956_Instagram-e1767187090825.jpg\",\"width\":1043,\"height\":1042},{\"@type\":\"BreadcrumbList\",\"@id\":\"https:\/\/www.chocolate7.com\/en\/shop\/bar\/dark-chocolate-en-2\/vigdis-rosenkilde-peru-echarate-chuncho-80-copia\/#breadcrumb\",\"itemListElement\":[{\"@type\":\"ListItem\",\"position\":1,\"name\":\"Home\",\"item\":\"https:\/\/www.chocolate7.com\/en\/\"},{\"@type\":\"ListItem\",\"position\":2,\"name\":\"Shop\",\"item\":\"https:\/\/www.chocolate7.com\/en\/store\/\"},{\"@type\":\"ListItem\",\"position\":3,\"name\":\"Vigdis Rosenkilde Peru Kiteni Chuncho dark chocolate 70%\"}]},{\"@type\":\"WebSite\",\"@id\":\"https:\/\/www.chocolate7.com\/#website\",\"url\":\"https:\/\/www.chocolate7.com\/\",\"name\":\"Chocolate7\",\"description\":\"The fine &amp; luxury chocolate selection\",\"publisher\":{\"@id\":\"https:\/\/www.chocolate7.com\/#organization\"},\"potentialAction\":[{\"@type\":\"SearchAction\",\"target\":{\"@type\":\"EntryPoint\",\"urlTemplate\":\"https:\/\/www.chocolate7.com\/?s={search_term_string}\"},\"query-input\":\"required name=search_term_string\"}],\"inLanguage\":\"en-US\"},{\"@type\":\"Organization\",\"@id\":\"https:\/\/www.chocolate7.com\/#organization\",\"name\":\"Choc7 di Benedetto Giovanni\",\"url\":\"https:\/\/www.chocolate7.com\/\",\"logo\":{\"@type\":\"ImageObject\",\"inLanguage\":\"en-US\",\"@id\":\"https:\/\/www.chocolate7.com\/#\/schema\/logo\/image\/\",\"url\":\"https:\/\/www.chocolate7.com\/wp-content\/uploads\/2018\/10\/logo_chocolate.png\",\"contentUrl\":\"https:\/\/www.chocolate7.com\/wp-content\/uploads\/2018\/10\/logo_chocolate.png\",\"width\":200,\"height\":41,\"caption\":\"Choc7 di Benedetto Giovanni\"},\"image\":{\"@id\":\"https:\/\/www.chocolate7.com\/#\/schema\/logo\/image\/\"},\"sameAs\":[\"https:\/\/www.facebook.com\/cremino.gianduia.1\",\"https:\/\/x.com\/GianduiaCremino\",\"https:\/\/www.instagram.com\/creminogianduia\/\",\"https:\/\/www.pinterest.com.au\/creminogianduia\/\",\"https:\/\/www.youtube.com\/channel\/UCWFQlcc9EQnAsLkD8rBsgig\"]}]}<\/script>\n<!-- \/ Yoast SEO plugin. -->","yoast_head_json":{"title":"Vigdis Rosenkilde Peru Kiteni Chuncho dark chocolate 70% - Chocolate7","robots":{"index":"index","follow":"follow","max-snippet":"max-snippet:-1","max-image-preview":"max-image-preview:large","max-video-preview":"max-video-preview:-1"},"canonical":"https:\/\/www.chocolate7.com\/en\/shop\/bar\/dark-chocolate-en-2\/vigdis-rosenkilde-peru-echarate-chuncho-80-copia\/","og_locale":"en_US","og_type":"article","og_title":"Vigdis Rosenkilde Peru Kiteni Chuncho dark chocolate 70% - Chocolate7","og_description":"Vigdis Rosenkilde is a bean to bar chocolate maker from Norway. This fine chocolate bar is made with cocoa from Peru (Kiteni, Chuncho). Vigdis Rosenkilde Peru Kiteni Chuncho dark chocolate 70% has a balanced flavor, with aromatic notes of rose, grapefruit, watermelon, cherry, raspberry, dates, chestnut, cooked quince, olive, herbs, caramel, and leather.","og_url":"https:\/\/www.chocolate7.com\/en\/shop\/bar\/dark-chocolate-en-2\/vigdis-rosenkilde-peru-echarate-chuncho-80-copia\/","og_site_name":"Chocolate7","article_publisher":"https:\/\/www.facebook.com\/cremino.gianduia.1","article_modified_time":"2025-12-31T13:23:09+00:00","og_image":[{"width":1043,"height":1042,"url":"https:\/\/www.chocolate7.com\/wp-content\/uploads\/2025\/12\/Screenshot_20251231_133956_Instagram-e1767187090825.jpg","type":"image\/jpeg"}],"twitter_card":"summary_large_image","twitter_site":"@GianduiaCremino","schema":{"@context":"https:\/\/schema.org","@graph":[{"@type":"WebPage","@id":"https:\/\/www.chocolate7.com\/en\/shop\/bar\/dark-chocolate-en-2\/vigdis-rosenkilde-peru-echarate-chuncho-80-copia\/","url":"https:\/\/www.chocolate7.com\/en\/shop\/bar\/dark-chocolate-en-2\/vigdis-rosenkilde-peru-echarate-chuncho-80-copia\/","name":"Vigdis Rosenkilde Peru Kiteni Chuncho dark chocolate 70% - Chocolate7","isPartOf":{"@id":"https:\/\/www.chocolate7.com\/#website"},"primaryImageOfPage":{"@id":"https:\/\/www.chocolate7.com\/en\/shop\/bar\/dark-chocolate-en-2\/vigdis-rosenkilde-peru-echarate-chuncho-80-copia\/#primaryimage"},"image":{"@id":"https:\/\/www.chocolate7.com\/en\/shop\/bar\/dark-chocolate-en-2\/vigdis-rosenkilde-peru-echarate-chuncho-80-copia\/#primaryimage"},"thumbnailUrl":"https:\/\/www.chocolate7.com\/wp-content\/uploads\/2025\/12\/Screenshot_20251231_133956_Instagram-e1767187090825.jpg","datePublished":"2025-12-31T12:51:59+00:00","dateModified":"2025-12-31T13:23:09+00:00","breadcrumb":{"@id":"https:\/\/www.chocolate7.com\/en\/shop\/bar\/dark-chocolate-en-2\/vigdis-rosenkilde-peru-echarate-chuncho-80-copia\/#breadcrumb"},"inLanguage":"en-US","potentialAction":[{"@type":"ReadAction","target":["https:\/\/www.chocolate7.com\/en\/shop\/bar\/dark-chocolate-en-2\/vigdis-rosenkilde-peru-echarate-chuncho-80-copia\/"]}]},{"@type":"ImageObject","inLanguage":"en-US","@id":"https:\/\/www.chocolate7.com\/en\/shop\/bar\/dark-chocolate-en-2\/vigdis-rosenkilde-peru-echarate-chuncho-80-copia\/#primaryimage","url":"https:\/\/www.chocolate7.com\/wp-content\/uploads\/2025\/12\/Screenshot_20251231_133956_Instagram-e1767187090825.jpg","contentUrl":"https:\/\/www.chocolate7.com\/wp-content\/uploads\/2025\/12\/Screenshot_20251231_133956_Instagram-e1767187090825.jpg","width":1043,"height":1042},{"@type":"BreadcrumbList","@id":"https:\/\/www.chocolate7.com\/en\/shop\/bar\/dark-chocolate-en-2\/vigdis-rosenkilde-peru-echarate-chuncho-80-copia\/#breadcrumb","itemListElement":[{"@type":"ListItem","position":1,"name":"Home","item":"https:\/\/www.chocolate7.com\/en\/"},{"@type":"ListItem","position":2,"name":"Shop","item":"https:\/\/www.chocolate7.com\/en\/store\/"},{"@type":"ListItem","position":3,"name":"Vigdis Rosenkilde Peru Kiteni Chuncho dark chocolate 70%"}]},{"@type":"WebSite","@id":"https:\/\/www.chocolate7.com\/#website","url":"https:\/\/www.chocolate7.com\/","name":"Chocolate7","description":"The fine &amp; luxury chocolate selection","publisher":{"@id":"https:\/\/www.chocolate7.com\/#organization"},"potentialAction":[{"@type":"SearchAction","target":{"@type":"EntryPoint","urlTemplate":"https:\/\/www.chocolate7.com\/?s={search_term_string}"},"query-input":"required name=search_term_string"}],"inLanguage":"en-US"},{"@type":"Organization","@id":"https:\/\/www.chocolate7.com\/#organization","name":"Choc7 di Benedetto Giovanni","url":"https:\/\/www.chocolate7.com\/","logo":{"@type":"ImageObject","inLanguage":"en-US","@id":"https:\/\/www.chocolate7.com\/#\/schema\/logo\/image\/","url":"https:\/\/www.chocolate7.com\/wp-content\/uploads\/2018\/10\/logo_chocolate.png","contentUrl":"https:\/\/www.chocolate7.com\/wp-content\/uploads\/2018\/10\/logo_chocolate.png","width":200,"height":41,"caption":"Choc7 di Benedetto Giovanni"},"image":{"@id":"https:\/\/www.chocolate7.com\/#\/schema\/logo\/image\/"},"sameAs":["https:\/\/www.facebook.com\/cremino.gianduia.1","https:\/\/x.com\/GianduiaCremino","https:\/\/www.instagram.com\/creminogianduia\/","https:\/\/www.pinterest.com.au\/creminogianduia\/","https:\/\/www.youtube.com\/channel\/UCWFQlcc9EQnAsLkD8rBsgig"]}]}},"brands":[{"id":14334,"name":"Vigdis Rosenkilde","slug":"vigdis-rosenkilde-en"}],"_links":{"self":[{"href":"https:\/\/www.chocolate7.com\/en\/wp-json\/wp\/v2\/product\/35469","targetHints":{"allow":["GET"]}}],"collection":[{"href":"https:\/\/www.chocolate7.com\/en\/wp-json\/wp\/v2\/product"}],"about":[{"href":"https:\/\/www.chocolate7.com\/en\/wp-json\/wp\/v2\/types\/product"}],"wp:featuredmedia":[{"embeddable":true,"href":"https:\/\/www.chocolate7.com\/en\/wp-json\/wp\/v2\/media\/35471"}],"wp:attachment":[{"href":"https:\/\/www.chocolate7.com\/en\/wp-json\/wp\/v2\/media?parent=35469"}],"wp:term":[{"taxonomy":"pwb-brand","embeddable":true,"href":"https:\/\/www.chocolate7.com\/en\/wp-json\/wp\/v2\/pwb-brand?post=35469"},{"taxonomy":"product_brand","embeddable":true,"href":"https:\/\/www.chocolate7.com\/en\/wp-json\/wp\/v2\/product_brand?post=35469"},{"taxonomy":"product_cat","embeddable":true,"href":"https:\/\/www.chocolate7.com\/en\/wp-json\/wp\/v2\/product_cat?post=35469"},{"taxonomy":"product_tag","embeddable":true,"href":"https:\/\/www.chocolate7.com\/en\/wp-json\/wp\/v2\/product_tag?post=35469"},{"taxonomy":"giftcard-category","embeddable":true,"href":"https:\/\/www.chocolate7.com\/en\/wp-json\/wp\/v2\/giftcard-category?post=35469"}],"curies":[{"name":"wp","href":"https:\/\/api.w.org\/{rel}","templated":true}]}}