{"id":35503,"date":"2026-01-06T17:25:49","date_gmt":"2026-01-06T16:25:49","guid":{"rendered":"https:\/\/www.chocolate7.com\/?post_type=product&#038;p=35503"},"modified":"2026-01-06T17:47:34","modified_gmt":"2026-01-06T16:47:34","slug":"baiani-chocolates-brazil-white-chocolate-33-with-brazilian-spices-copia-2","status":"publish","type":"product","link":"https:\/\/www.chocolate7.com\/en\/shop\/bar\/flavoured-filled-inclusions-white-chocolate\/baiani-chocolates-brazil-white-chocolate-33-with-brazilian-spices-copia-2\/","title":{"rendered":"Baian\u00ec chocolates Brazil white chocolate 33% double caramel"},"content":{"rendered":"<p>White chocolate bar with inclusions \/ filled \/ flavored &#8211; Made by Baian\u00ec chocolates<\/p>\n<p>Chocolate Branco \u00e9 Chocolate? Na Baian\u00ed a resposta \u00e9 sim, porque usamos a manteiga extra\u00edda do cacau da nossa fazenda nas receitas. Caramelo \u00e9 uma paix\u00e3o cheia de bossa, ent\u00e3o resolvemos duplicar a experi\u00eancia caramelizando n\u00e3o s\u00f3 o a\u00e7\u00facar como tamb\u00e9m o leite em p\u00f3, trazendo o sabor sofisticado de um doce de leite cremos\u00edssimo.<\/p>\n","protected":false},"excerpt":{"rendered":"<p>Baian\u00ec Chocolates is a bean to bar chocolate maker from Brazil. This fine chocolate bar is made with cocoa from Brazil (Bahia, Vale Potumuju). Baian\u00ec Chocolates Brazil white chocolate 33% double caramel is a sweet-tasting white chocolate with aromatic notes of dulce de leche.<\/p>\n<p>Double caramel because Baian\u00ec caramelized not only the sugar but also the milk powder, creating the sophisticated flavor of a super creamy dulce de leche.<\/p>\n","protected":false},"featured_media":35511,"template":"","meta":[],"pwb-brand":[12303],"product_brand":[],"product_cat":[3251,3254],"product_tag":[],"giftcard-category":[],"class_list":{"0":"post-35503","1":"product","2":"type-product","3":"status-publish","4":"has-post-thumbnail","6":"pwb-brand-baiani-en","7":"product_cat-bar","8":"product_cat-flavoured-filled-inclusions-white-chocolate","9":"pa_acidita-0-en","10":"pa_allergeni-contains-milk-may-contain-traces-of-nuts-and-gluten-en","11":"pa_amarezza-0-en","12":"pa_astringenza-0-en","13":"pa_cacao-30-39-en","14":"pa_carboidrati-44-g-en","15":"pa_carboidrati-zuccheri-30-g-en","16":"pa_codice-a-barre-7898657011042-en","17":"pa_dolcezza-4-en","18":"pa_fibre-0-g-en","19":"pa_grassi-44-g-en","20":"pa_grassi-saturi-27-g-en","21":"pa_ingredienti-cocoa-butter-caramelized-whole-milk-powder-caramelized-cane-sugar","22":"pa_note-di-degustazione-dulce-de-leche-en","23":"pa_paese-delle-fave-di-cacao-brazil-en","24":"pa_paese-produttore-brazil","25":"pa_percentuale-di-cacao-33-en","26":"pa_proteine-85-g-en","27":"pa_regione-bahia-en","28":"pa_regione-vale-potumuju-en","29":"pa_sale-16-g-en","30":"pa_tipo-di-cioccolato-flavoured-filled-inclusions-white-chocolate-bar","31":"pa_valore-energetico-2674-kj-639-kcal-en","33":"first","34":"instock","35":"taxable","36":"shipping-taxable","37":"purchasable","38":"product-type-simple"},"yoast_head":"<!-- This site is optimized with the Yoast SEO plugin v23.3 - https:\/\/yoast.com\/wordpress\/plugins\/seo\/ -->\n<title>Baian\u00ec chocolates Brazil white chocolate 33% double caramel - Chocolate7<\/title>\n<meta name=\"robots\" content=\"index, follow, max-snippet:-1, max-image-preview:large, max-video-preview:-1\" \/>\n<link rel=\"canonical\" href=\"https:\/\/www.chocolate7.com\/en\/shop\/bar\/flavoured-filled-inclusions-white-chocolate\/baiani-chocolates-brazil-white-chocolate-33-with-brazilian-spices-copia-2\/\" \/>\n<meta property=\"og:locale\" content=\"en_US\" \/>\n<meta property=\"og:type\" content=\"article\" \/>\n<meta property=\"og:title\" content=\"Baian\u00ec chocolates Brazil white chocolate 33% double caramel - Chocolate7\" \/>\n<meta property=\"og:description\" content=\"Baian\u00ec Chocolates is a bean to bar chocolate maker from Brazil. This fine chocolate bar is made with cocoa from Brazil (Bahia, Vale Potumuju). Baian\u00ec Chocolates Brazil white chocolate 33% double caramel is a sweet-tasting white chocolate with aromatic notes of dulce de leche.  Double caramel because Baian\u00ec caramelized not only the sugar but also the milk powder, creating the sophisticated flavor of a super creamy dulce de leche.\" \/>\n<meta property=\"og:url\" content=\"https:\/\/www.chocolate7.com\/en\/shop\/bar\/flavoured-filled-inclusions-white-chocolate\/baiani-chocolates-brazil-white-chocolate-33-with-brazilian-spices-copia-2\/\" \/>\n<meta property=\"og:site_name\" content=\"Chocolate7\" \/>\n<meta property=\"article:publisher\" content=\"https:\/\/www.facebook.com\/cremino.gianduia.1\" \/>\n<meta property=\"article:modified_time\" content=\"2026-01-06T16:47:34+00:00\" \/>\n<meta property=\"og:image\" content=\"https:\/\/www.chocolate7.com\/wp-content\/uploads\/2026\/01\/DSC_0153_2-scaled-e1767717636825.jpg\" \/>\n\t<meta property=\"og:image:width\" content=\"2558\" \/>\n\t<meta property=\"og:image:height\" content=\"2560\" \/>\n\t<meta property=\"og:image:type\" content=\"image\/jpeg\" \/>\n<meta name=\"twitter:card\" content=\"summary_large_image\" \/>\n<meta name=\"twitter:site\" content=\"@GianduiaCremino\" \/>\n<script type=\"application\/ld+json\" class=\"yoast-schema-graph\">{\"@context\":\"https:\/\/schema.org\",\"@graph\":[{\"@type\":\"WebPage\",\"@id\":\"https:\/\/www.chocolate7.com\/en\/shop\/bar\/flavoured-filled-inclusions-white-chocolate\/baiani-chocolates-brazil-white-chocolate-33-with-brazilian-spices-copia-2\/\",\"url\":\"https:\/\/www.chocolate7.com\/en\/shop\/bar\/flavoured-filled-inclusions-white-chocolate\/baiani-chocolates-brazil-white-chocolate-33-with-brazilian-spices-copia-2\/\",\"name\":\"Baian\u00ec chocolates Brazil white chocolate 33% double caramel - Chocolate7\",\"isPartOf\":{\"@id\":\"https:\/\/www.chocolate7.com\/#website\"},\"primaryImageOfPage\":{\"@id\":\"https:\/\/www.chocolate7.com\/en\/shop\/bar\/flavoured-filled-inclusions-white-chocolate\/baiani-chocolates-brazil-white-chocolate-33-with-brazilian-spices-copia-2\/#primaryimage\"},\"image\":{\"@id\":\"https:\/\/www.chocolate7.com\/en\/shop\/bar\/flavoured-filled-inclusions-white-chocolate\/baiani-chocolates-brazil-white-chocolate-33-with-brazilian-spices-copia-2\/#primaryimage\"},\"thumbnailUrl\":\"https:\/\/www.chocolate7.com\/wp-content\/uploads\/2026\/01\/Screenshot_20260106_190418_Instagram-e1767722895903.jpg\",\"datePublished\":\"2026-01-06T16:25:49+00:00\",\"dateModified\":\"2026-01-06T16:47:34+00:00\",\"breadcrumb\":{\"@id\":\"https:\/\/www.chocolate7.com\/en\/shop\/bar\/flavoured-filled-inclusions-white-chocolate\/baiani-chocolates-brazil-white-chocolate-33-with-brazilian-spices-copia-2\/#breadcrumb\"},\"inLanguage\":\"en-US\",\"potentialAction\":[{\"@type\":\"ReadAction\",\"target\":[\"https:\/\/www.chocolate7.com\/en\/shop\/bar\/flavoured-filled-inclusions-white-chocolate\/baiani-chocolates-brazil-white-chocolate-33-with-brazilian-spices-copia-2\/\"]}]},{\"@type\":\"ImageObject\",\"inLanguage\":\"en-US\",\"@id\":\"https:\/\/www.chocolate7.com\/en\/shop\/bar\/flavoured-filled-inclusions-white-chocolate\/baiani-chocolates-brazil-white-chocolate-33-with-brazilian-spices-copia-2\/#primaryimage\",\"url\":\"https:\/\/www.chocolate7.com\/wp-content\/uploads\/2026\/01\/Screenshot_20260106_190418_Instagram-e1767722895903.jpg\",\"contentUrl\":\"https:\/\/www.chocolate7.com\/wp-content\/uploads\/2026\/01\/Screenshot_20260106_190418_Instagram-e1767722895903.jpg\",\"width\":1063,\"height\":1062},{\"@type\":\"BreadcrumbList\",\"@id\":\"https:\/\/www.chocolate7.com\/en\/shop\/bar\/flavoured-filled-inclusions-white-chocolate\/baiani-chocolates-brazil-white-chocolate-33-with-brazilian-spices-copia-2\/#breadcrumb\",\"itemListElement\":[{\"@type\":\"ListItem\",\"position\":1,\"name\":\"Home\",\"item\":\"https:\/\/www.chocolate7.com\/en\/\"},{\"@type\":\"ListItem\",\"position\":2,\"name\":\"Shop\",\"item\":\"https:\/\/www.chocolate7.com\/en\/store\/\"},{\"@type\":\"ListItem\",\"position\":3,\"name\":\"Baian\u00ec chocolates Brazil white chocolate 33% double caramel\"}]},{\"@type\":\"WebSite\",\"@id\":\"https:\/\/www.chocolate7.com\/#website\",\"url\":\"https:\/\/www.chocolate7.com\/\",\"name\":\"Chocolate7\",\"description\":\"The fine &amp; luxury chocolate selection\",\"publisher\":{\"@id\":\"https:\/\/www.chocolate7.com\/#organization\"},\"potentialAction\":[{\"@type\":\"SearchAction\",\"target\":{\"@type\":\"EntryPoint\",\"urlTemplate\":\"https:\/\/www.chocolate7.com\/?s={search_term_string}\"},\"query-input\":\"required name=search_term_string\"}],\"inLanguage\":\"en-US\"},{\"@type\":\"Organization\",\"@id\":\"https:\/\/www.chocolate7.com\/#organization\",\"name\":\"Choc7 di Benedetto Giovanni\",\"url\":\"https:\/\/www.chocolate7.com\/\",\"logo\":{\"@type\":\"ImageObject\",\"inLanguage\":\"en-US\",\"@id\":\"https:\/\/www.chocolate7.com\/#\/schema\/logo\/image\/\",\"url\":\"https:\/\/www.chocolate7.com\/wp-content\/uploads\/2018\/10\/logo_chocolate.png\",\"contentUrl\":\"https:\/\/www.chocolate7.com\/wp-content\/uploads\/2018\/10\/logo_chocolate.png\",\"width\":200,\"height\":41,\"caption\":\"Choc7 di Benedetto Giovanni\"},\"image\":{\"@id\":\"https:\/\/www.chocolate7.com\/#\/schema\/logo\/image\/\"},\"sameAs\":[\"https:\/\/www.facebook.com\/cremino.gianduia.1\",\"https:\/\/x.com\/GianduiaCremino\",\"https:\/\/www.instagram.com\/creminogianduia\/\",\"https:\/\/www.pinterest.com.au\/creminogianduia\/\",\"https:\/\/www.youtube.com\/channel\/UCWFQlcc9EQnAsLkD8rBsgig\"]}]}<\/script>\n<!-- \/ Yoast SEO plugin. -->","yoast_head_json":{"title":"Baian\u00ec chocolates Brazil white chocolate 33% double caramel - Chocolate7","robots":{"index":"index","follow":"follow","max-snippet":"max-snippet:-1","max-image-preview":"max-image-preview:large","max-video-preview":"max-video-preview:-1"},"canonical":"https:\/\/www.chocolate7.com\/en\/shop\/bar\/flavoured-filled-inclusions-white-chocolate\/baiani-chocolates-brazil-white-chocolate-33-with-brazilian-spices-copia-2\/","og_locale":"en_US","og_type":"article","og_title":"Baian\u00ec chocolates Brazil white chocolate 33% double caramel - Chocolate7","og_description":"Baian\u00ec Chocolates is a bean to bar chocolate maker from Brazil. This fine chocolate bar is made with cocoa from Brazil (Bahia, Vale Potumuju). Baian\u00ec Chocolates Brazil white chocolate 33% double caramel is a sweet-tasting white chocolate with aromatic notes of dulce de leche.  Double caramel because Baian\u00ec caramelized not only the sugar but also the milk powder, creating the sophisticated flavor of a super creamy dulce de leche.","og_url":"https:\/\/www.chocolate7.com\/en\/shop\/bar\/flavoured-filled-inclusions-white-chocolate\/baiani-chocolates-brazil-white-chocolate-33-with-brazilian-spices-copia-2\/","og_site_name":"Chocolate7","article_publisher":"https:\/\/www.facebook.com\/cremino.gianduia.1","article_modified_time":"2026-01-06T16:47:34+00:00","og_image":[{"width":2558,"height":2560,"url":"https:\/\/www.chocolate7.com\/wp-content\/uploads\/2026\/01\/DSC_0153_2-scaled-e1767717636825.jpg","type":"image\/jpeg"}],"twitter_card":"summary_large_image","twitter_site":"@GianduiaCremino","schema":{"@context":"https:\/\/schema.org","@graph":[{"@type":"WebPage","@id":"https:\/\/www.chocolate7.com\/en\/shop\/bar\/flavoured-filled-inclusions-white-chocolate\/baiani-chocolates-brazil-white-chocolate-33-with-brazilian-spices-copia-2\/","url":"https:\/\/www.chocolate7.com\/en\/shop\/bar\/flavoured-filled-inclusions-white-chocolate\/baiani-chocolates-brazil-white-chocolate-33-with-brazilian-spices-copia-2\/","name":"Baian\u00ec chocolates Brazil white chocolate 33% double caramel - Chocolate7","isPartOf":{"@id":"https:\/\/www.chocolate7.com\/#website"},"primaryImageOfPage":{"@id":"https:\/\/www.chocolate7.com\/en\/shop\/bar\/flavoured-filled-inclusions-white-chocolate\/baiani-chocolates-brazil-white-chocolate-33-with-brazilian-spices-copia-2\/#primaryimage"},"image":{"@id":"https:\/\/www.chocolate7.com\/en\/shop\/bar\/flavoured-filled-inclusions-white-chocolate\/baiani-chocolates-brazil-white-chocolate-33-with-brazilian-spices-copia-2\/#primaryimage"},"thumbnailUrl":"https:\/\/www.chocolate7.com\/wp-content\/uploads\/2026\/01\/Screenshot_20260106_190418_Instagram-e1767722895903.jpg","datePublished":"2026-01-06T16:25:49+00:00","dateModified":"2026-01-06T16:47:34+00:00","breadcrumb":{"@id":"https:\/\/www.chocolate7.com\/en\/shop\/bar\/flavoured-filled-inclusions-white-chocolate\/baiani-chocolates-brazil-white-chocolate-33-with-brazilian-spices-copia-2\/#breadcrumb"},"inLanguage":"en-US","potentialAction":[{"@type":"ReadAction","target":["https:\/\/www.chocolate7.com\/en\/shop\/bar\/flavoured-filled-inclusions-white-chocolate\/baiani-chocolates-brazil-white-chocolate-33-with-brazilian-spices-copia-2\/"]}]},{"@type":"ImageObject","inLanguage":"en-US","@id":"https:\/\/www.chocolate7.com\/en\/shop\/bar\/flavoured-filled-inclusions-white-chocolate\/baiani-chocolates-brazil-white-chocolate-33-with-brazilian-spices-copia-2\/#primaryimage","url":"https:\/\/www.chocolate7.com\/wp-content\/uploads\/2026\/01\/Screenshot_20260106_190418_Instagram-e1767722895903.jpg","contentUrl":"https:\/\/www.chocolate7.com\/wp-content\/uploads\/2026\/01\/Screenshot_20260106_190418_Instagram-e1767722895903.jpg","width":1063,"height":1062},{"@type":"BreadcrumbList","@id":"https:\/\/www.chocolate7.com\/en\/shop\/bar\/flavoured-filled-inclusions-white-chocolate\/baiani-chocolates-brazil-white-chocolate-33-with-brazilian-spices-copia-2\/#breadcrumb","itemListElement":[{"@type":"ListItem","position":1,"name":"Home","item":"https:\/\/www.chocolate7.com\/en\/"},{"@type":"ListItem","position":2,"name":"Shop","item":"https:\/\/www.chocolate7.com\/en\/store\/"},{"@type":"ListItem","position":3,"name":"Baian\u00ec chocolates Brazil white chocolate 33% double caramel"}]},{"@type":"WebSite","@id":"https:\/\/www.chocolate7.com\/#website","url":"https:\/\/www.chocolate7.com\/","name":"Chocolate7","description":"The fine &amp; luxury chocolate selection","publisher":{"@id":"https:\/\/www.chocolate7.com\/#organization"},"potentialAction":[{"@type":"SearchAction","target":{"@type":"EntryPoint","urlTemplate":"https:\/\/www.chocolate7.com\/?s={search_term_string}"},"query-input":"required name=search_term_string"}],"inLanguage":"en-US"},{"@type":"Organization","@id":"https:\/\/www.chocolate7.com\/#organization","name":"Choc7 di Benedetto Giovanni","url":"https:\/\/www.chocolate7.com\/","logo":{"@type":"ImageObject","inLanguage":"en-US","@id":"https:\/\/www.chocolate7.com\/#\/schema\/logo\/image\/","url":"https:\/\/www.chocolate7.com\/wp-content\/uploads\/2018\/10\/logo_chocolate.png","contentUrl":"https:\/\/www.chocolate7.com\/wp-content\/uploads\/2018\/10\/logo_chocolate.png","width":200,"height":41,"caption":"Choc7 di Benedetto Giovanni"},"image":{"@id":"https:\/\/www.chocolate7.com\/#\/schema\/logo\/image\/"},"sameAs":["https:\/\/www.facebook.com\/cremino.gianduia.1","https:\/\/x.com\/GianduiaCremino","https:\/\/www.instagram.com\/creminogianduia\/","https:\/\/www.pinterest.com.au\/creminogianduia\/","https:\/\/www.youtube.com\/channel\/UCWFQlcc9EQnAsLkD8rBsgig"]}]}},"brands":[{"id":12303,"name":"Baian\u00ec","slug":"baiani-en"}],"_links":{"self":[{"href":"https:\/\/www.chocolate7.com\/en\/wp-json\/wp\/v2\/product\/35503","targetHints":{"allow":["GET"]}}],"collection":[{"href":"https:\/\/www.chocolate7.com\/en\/wp-json\/wp\/v2\/product"}],"about":[{"href":"https:\/\/www.chocolate7.com\/en\/wp-json\/wp\/v2\/types\/product"}],"wp:featuredmedia":[{"embeddable":true,"href":"https:\/\/www.chocolate7.com\/en\/wp-json\/wp\/v2\/media\/35511"}],"wp:attachment":[{"href":"https:\/\/www.chocolate7.com\/en\/wp-json\/wp\/v2\/media?parent=35503"}],"wp:term":[{"taxonomy":"pwb-brand","embeddable":true,"href":"https:\/\/www.chocolate7.com\/en\/wp-json\/wp\/v2\/pwb-brand?post=35503"},{"taxonomy":"product_brand","embeddable":true,"href":"https:\/\/www.chocolate7.com\/en\/wp-json\/wp\/v2\/product_brand?post=35503"},{"taxonomy":"product_cat","embeddable":true,"href":"https:\/\/www.chocolate7.com\/en\/wp-json\/wp\/v2\/product_cat?post=35503"},{"taxonomy":"product_tag","embeddable":true,"href":"https:\/\/www.chocolate7.com\/en\/wp-json\/wp\/v2\/product_tag?post=35503"},{"taxonomy":"giftcard-category","embeddable":true,"href":"https:\/\/www.chocolate7.com\/en\/wp-json\/wp\/v2\/giftcard-category?post=35503"}],"curies":[{"name":"wp","href":"https:\/\/api.w.org\/{rel}","templated":true}]}}