{"id":35540,"date":"2026-01-09T18:52:18","date_gmt":"2026-01-09T17:52:18","guid":{"rendered":"https:\/\/www.chocolate7.com\/?post_type=product&#038;p=35540"},"modified":"2026-01-09T19:11:15","modified_gmt":"2026-01-09T18:11:15","slug":"legast-peru-cuzco-vallee-des-incas-milk-with-cocoa-nibs-copia","status":"publish","type":"product","link":"https:\/\/www.chocolate7.com\/en\/shop\/bar\/milk\/legast-peru-cuzco-vallee-des-incas-milk-with-cocoa-nibs-copia\/","title":{"rendered":"Legast Colombia Meta single variety milk chocolate 50%"},"content":{"rendered":"<p style=\"text-align: left;\">Milk chocolate Bar &#8211; Made by Legast<\/p>\n<p>\u00c9labor\u00e9 \u00e0 partir de f\u00e8ves claires et rares de Colombie, proches des fameux Criollos, ce chocolat au lait est doux\u00a0et gourmand, aux notes de caramel au beurre et\u00a0des subtiles touches bois\u00e9es.<br \/>\n<strong>R\u00e9colte<\/strong>: 2024\u00a0|\u00a0<strong>Vari\u00e9t\u00e9 de cacao<\/strong>:\u00a0Cacao prim\u00e9 Or au Cacao of Excellence 2023, une mono-vari\u00e9t\u00e9 autochtone de Colombie.\u00a0 |\u00a0<strong>Plantations<\/strong>: familiales r\u00e9unies en coop\u00e9rative durable et \u00e9quitable, dans les plaines du Meta, \u00e0 l\u2019est de la Colombie.<\/p>\n","protected":false},"excerpt":{"rendered":"<p>Legast is a bean to bar chocolate maker from Belgium. This fine chocolate bar is made with fine cocoa from Colombia (Meta Single Variety). Legast Colombia Meta Single Variety milk chocolate 50% is a sweet-tasting milk chocolate with aromatic notes of honey, mango, walnut, caramel, butter, vanilla, and wood.<\/p>\n","protected":false},"featured_media":35542,"template":"","meta":[],"pwb-brand":[9529],"product_brand":[],"product_cat":[3251,3259],"product_tag":[],"giftcard-category":[],"class_list":{"0":"post-35540","1":"product","2":"type-product","3":"status-publish","4":"has-post-thumbnail","6":"pwb-brand-legast-en-2","7":"product_cat-bar","8":"product_cat-milk","9":"pa_acidita-1-en","10":"pa_allergeni-gluten-free-soy-free-en","11":"pa_allergeni-contains-milk-en","12":"pa_allergeni-may-contain-traces-of-nuts-en-4","13":"pa_amarezza-2-en","14":"pa_astringenza-0-en","15":"pa_cacao-50-59-en","16":"pa_carboidrati-37-g-en","17":"pa_carboidrati-zuccheri-35-g-en","18":"pa_dolcezza-4-en","19":"pa_fibre-5-g-en","20":"pa_grassi-435-g-en","21":"pa_grassi-saturi-27-g-en","22":"pa_ingredienti-organic-cocoa-mass-organic-cane-sugar-organic-milk-powder-organic-cocoa-butter","23":"pa_note-di-degustazione-honey-mango-walnut-caramel-butter-vanilla-wood","24":"pa_paese-delle-fave-di-cacao-colombia-en","25":"pa_paese-produttore-belgium","26":"pa_percentuale-di-cacao-50-en","27":"pa_proteine-88-g-en","28":"pa_regione-meta-en","29":"pa_sale-003-g-en","30":"pa_tipo-di-cioccolato-milk-chocolate","31":"pa_valore-energetico-588-kcal-en","33":"first","34":"instock","35":"taxable","36":"shipping-taxable","37":"purchasable","38":"product-type-simple"},"yoast_head":"<!-- This site is optimized with the Yoast SEO plugin v23.3 - https:\/\/yoast.com\/wordpress\/plugins\/seo\/ -->\n<title>Legast Colombia Meta single variety milk chocolate 50% - Chocolate7<\/title>\n<meta name=\"robots\" content=\"index, follow, max-snippet:-1, max-image-preview:large, max-video-preview:-1\" \/>\n<link rel=\"canonical\" href=\"https:\/\/www.chocolate7.com\/en\/shop\/bar\/milk\/legast-peru-cuzco-vallee-des-incas-milk-with-cocoa-nibs-copia\/\" \/>\n<meta property=\"og:locale\" content=\"en_US\" \/>\n<meta property=\"og:type\" content=\"article\" \/>\n<meta property=\"og:title\" content=\"Legast Colombia Meta single variety milk chocolate 50% - Chocolate7\" \/>\n<meta property=\"og:description\" content=\"Legast is a bean to bar chocolate maker from Belgium. This fine chocolate bar is made with fine cocoa from Colombia (Meta Single Variety). Legast Colombia Meta Single Variety milk chocolate 50% is a sweet-tasting milk chocolate with aromatic notes of honey, mango, walnut, caramel, butter, vanilla, and wood.\" \/>\n<meta property=\"og:url\" content=\"https:\/\/www.chocolate7.com\/en\/shop\/bar\/milk\/legast-peru-cuzco-vallee-des-incas-milk-with-cocoa-nibs-copia\/\" \/>\n<meta property=\"og:site_name\" content=\"Chocolate7\" \/>\n<meta property=\"article:publisher\" content=\"https:\/\/www.facebook.com\/cremino.gianduia.1\" \/>\n<meta property=\"article:modified_time\" content=\"2026-01-09T18:11:15+00:00\" \/>\n<meta property=\"og:image\" content=\"https:\/\/www.chocolate7.com\/wp-content\/uploads\/2026\/01\/Screenshot_20260109_183310_Instagram-e1767981957546.jpg\" \/>\n\t<meta property=\"og:image:width\" content=\"1064\" \/>\n\t<meta property=\"og:image:height\" content=\"1063\" \/>\n\t<meta property=\"og:image:type\" content=\"image\/jpeg\" \/>\n<meta name=\"twitter:card\" content=\"summary_large_image\" \/>\n<meta name=\"twitter:site\" content=\"@GianduiaCremino\" \/>\n<script type=\"application\/ld+json\" class=\"yoast-schema-graph\">{\"@context\":\"https:\/\/schema.org\",\"@graph\":[{\"@type\":\"WebPage\",\"@id\":\"https:\/\/www.chocolate7.com\/en\/shop\/bar\/milk\/legast-peru-cuzco-vallee-des-incas-milk-with-cocoa-nibs-copia\/\",\"url\":\"https:\/\/www.chocolate7.com\/en\/shop\/bar\/milk\/legast-peru-cuzco-vallee-des-incas-milk-with-cocoa-nibs-copia\/\",\"name\":\"Legast Colombia Meta single variety milk chocolate 50% - Chocolate7\",\"isPartOf\":{\"@id\":\"https:\/\/www.chocolate7.com\/#website\"},\"primaryImageOfPage\":{\"@id\":\"https:\/\/www.chocolate7.com\/en\/shop\/bar\/milk\/legast-peru-cuzco-vallee-des-incas-milk-with-cocoa-nibs-copia\/#primaryimage\"},\"image\":{\"@id\":\"https:\/\/www.chocolate7.com\/en\/shop\/bar\/milk\/legast-peru-cuzco-vallee-des-incas-milk-with-cocoa-nibs-copia\/#primaryimage\"},\"thumbnailUrl\":\"https:\/\/www.chocolate7.com\/wp-content\/uploads\/2026\/01\/Screenshot_20260109_183310_Instagram-e1767981957546.jpg\",\"datePublished\":\"2026-01-09T17:52:18+00:00\",\"dateModified\":\"2026-01-09T18:11:15+00:00\",\"breadcrumb\":{\"@id\":\"https:\/\/www.chocolate7.com\/en\/shop\/bar\/milk\/legast-peru-cuzco-vallee-des-incas-milk-with-cocoa-nibs-copia\/#breadcrumb\"},\"inLanguage\":\"en-US\",\"potentialAction\":[{\"@type\":\"ReadAction\",\"target\":[\"https:\/\/www.chocolate7.com\/en\/shop\/bar\/milk\/legast-peru-cuzco-vallee-des-incas-milk-with-cocoa-nibs-copia\/\"]}]},{\"@type\":\"ImageObject\",\"inLanguage\":\"en-US\",\"@id\":\"https:\/\/www.chocolate7.com\/en\/shop\/bar\/milk\/legast-peru-cuzco-vallee-des-incas-milk-with-cocoa-nibs-copia\/#primaryimage\",\"url\":\"https:\/\/www.chocolate7.com\/wp-content\/uploads\/2026\/01\/Screenshot_20260109_183310_Instagram-e1767981957546.jpg\",\"contentUrl\":\"https:\/\/www.chocolate7.com\/wp-content\/uploads\/2026\/01\/Screenshot_20260109_183310_Instagram-e1767981957546.jpg\",\"width\":1064,\"height\":1063},{\"@type\":\"BreadcrumbList\",\"@id\":\"https:\/\/www.chocolate7.com\/en\/shop\/bar\/milk\/legast-peru-cuzco-vallee-des-incas-milk-with-cocoa-nibs-copia\/#breadcrumb\",\"itemListElement\":[{\"@type\":\"ListItem\",\"position\":1,\"name\":\"Home\",\"item\":\"https:\/\/www.chocolate7.com\/en\/\"},{\"@type\":\"ListItem\",\"position\":2,\"name\":\"Shop\",\"item\":\"https:\/\/www.chocolate7.com\/en\/store\/\"},{\"@type\":\"ListItem\",\"position\":3,\"name\":\"Legast Colombia Meta single variety milk chocolate 50%\"}]},{\"@type\":\"WebSite\",\"@id\":\"https:\/\/www.chocolate7.com\/#website\",\"url\":\"https:\/\/www.chocolate7.com\/\",\"name\":\"Chocolate7\",\"description\":\"The fine &amp; luxury chocolate selection\",\"publisher\":{\"@id\":\"https:\/\/www.chocolate7.com\/#organization\"},\"potentialAction\":[{\"@type\":\"SearchAction\",\"target\":{\"@type\":\"EntryPoint\",\"urlTemplate\":\"https:\/\/www.chocolate7.com\/?s={search_term_string}\"},\"query-input\":\"required name=search_term_string\"}],\"inLanguage\":\"en-US\"},{\"@type\":\"Organization\",\"@id\":\"https:\/\/www.chocolate7.com\/#organization\",\"name\":\"Choc7 di Benedetto Giovanni\",\"url\":\"https:\/\/www.chocolate7.com\/\",\"logo\":{\"@type\":\"ImageObject\",\"inLanguage\":\"en-US\",\"@id\":\"https:\/\/www.chocolate7.com\/#\/schema\/logo\/image\/\",\"url\":\"https:\/\/www.chocolate7.com\/wp-content\/uploads\/2018\/10\/logo_chocolate.png\",\"contentUrl\":\"https:\/\/www.chocolate7.com\/wp-content\/uploads\/2018\/10\/logo_chocolate.png\",\"width\":200,\"height\":41,\"caption\":\"Choc7 di Benedetto Giovanni\"},\"image\":{\"@id\":\"https:\/\/www.chocolate7.com\/#\/schema\/logo\/image\/\"},\"sameAs\":[\"https:\/\/www.facebook.com\/cremino.gianduia.1\",\"https:\/\/x.com\/GianduiaCremino\",\"https:\/\/www.instagram.com\/creminogianduia\/\",\"https:\/\/www.pinterest.com.au\/creminogianduia\/\",\"https:\/\/www.youtube.com\/channel\/UCWFQlcc9EQnAsLkD8rBsgig\"]}]}<\/script>\n<!-- \/ Yoast SEO plugin. -->","yoast_head_json":{"title":"Legast Colombia Meta single variety milk chocolate 50% - Chocolate7","robots":{"index":"index","follow":"follow","max-snippet":"max-snippet:-1","max-image-preview":"max-image-preview:large","max-video-preview":"max-video-preview:-1"},"canonical":"https:\/\/www.chocolate7.com\/en\/shop\/bar\/milk\/legast-peru-cuzco-vallee-des-incas-milk-with-cocoa-nibs-copia\/","og_locale":"en_US","og_type":"article","og_title":"Legast Colombia Meta single variety milk chocolate 50% - Chocolate7","og_description":"Legast is a bean to bar chocolate maker from Belgium. This fine chocolate bar is made with fine cocoa from Colombia (Meta Single Variety). Legast Colombia Meta Single Variety milk chocolate 50% is a sweet-tasting milk chocolate with aromatic notes of honey, mango, walnut, caramel, butter, vanilla, and wood.","og_url":"https:\/\/www.chocolate7.com\/en\/shop\/bar\/milk\/legast-peru-cuzco-vallee-des-incas-milk-with-cocoa-nibs-copia\/","og_site_name":"Chocolate7","article_publisher":"https:\/\/www.facebook.com\/cremino.gianduia.1","article_modified_time":"2026-01-09T18:11:15+00:00","og_image":[{"width":1064,"height":1063,"url":"https:\/\/www.chocolate7.com\/wp-content\/uploads\/2026\/01\/Screenshot_20260109_183310_Instagram-e1767981957546.jpg","type":"image\/jpeg"}],"twitter_card":"summary_large_image","twitter_site":"@GianduiaCremino","schema":{"@context":"https:\/\/schema.org","@graph":[{"@type":"WebPage","@id":"https:\/\/www.chocolate7.com\/en\/shop\/bar\/milk\/legast-peru-cuzco-vallee-des-incas-milk-with-cocoa-nibs-copia\/","url":"https:\/\/www.chocolate7.com\/en\/shop\/bar\/milk\/legast-peru-cuzco-vallee-des-incas-milk-with-cocoa-nibs-copia\/","name":"Legast Colombia Meta single variety milk chocolate 50% - Chocolate7","isPartOf":{"@id":"https:\/\/www.chocolate7.com\/#website"},"primaryImageOfPage":{"@id":"https:\/\/www.chocolate7.com\/en\/shop\/bar\/milk\/legast-peru-cuzco-vallee-des-incas-milk-with-cocoa-nibs-copia\/#primaryimage"},"image":{"@id":"https:\/\/www.chocolate7.com\/en\/shop\/bar\/milk\/legast-peru-cuzco-vallee-des-incas-milk-with-cocoa-nibs-copia\/#primaryimage"},"thumbnailUrl":"https:\/\/www.chocolate7.com\/wp-content\/uploads\/2026\/01\/Screenshot_20260109_183310_Instagram-e1767981957546.jpg","datePublished":"2026-01-09T17:52:18+00:00","dateModified":"2026-01-09T18:11:15+00:00","breadcrumb":{"@id":"https:\/\/www.chocolate7.com\/en\/shop\/bar\/milk\/legast-peru-cuzco-vallee-des-incas-milk-with-cocoa-nibs-copia\/#breadcrumb"},"inLanguage":"en-US","potentialAction":[{"@type":"ReadAction","target":["https:\/\/www.chocolate7.com\/en\/shop\/bar\/milk\/legast-peru-cuzco-vallee-des-incas-milk-with-cocoa-nibs-copia\/"]}]},{"@type":"ImageObject","inLanguage":"en-US","@id":"https:\/\/www.chocolate7.com\/en\/shop\/bar\/milk\/legast-peru-cuzco-vallee-des-incas-milk-with-cocoa-nibs-copia\/#primaryimage","url":"https:\/\/www.chocolate7.com\/wp-content\/uploads\/2026\/01\/Screenshot_20260109_183310_Instagram-e1767981957546.jpg","contentUrl":"https:\/\/www.chocolate7.com\/wp-content\/uploads\/2026\/01\/Screenshot_20260109_183310_Instagram-e1767981957546.jpg","width":1064,"height":1063},{"@type":"BreadcrumbList","@id":"https:\/\/www.chocolate7.com\/en\/shop\/bar\/milk\/legast-peru-cuzco-vallee-des-incas-milk-with-cocoa-nibs-copia\/#breadcrumb","itemListElement":[{"@type":"ListItem","position":1,"name":"Home","item":"https:\/\/www.chocolate7.com\/en\/"},{"@type":"ListItem","position":2,"name":"Shop","item":"https:\/\/www.chocolate7.com\/en\/store\/"},{"@type":"ListItem","position":3,"name":"Legast Colombia Meta single variety milk chocolate 50%"}]},{"@type":"WebSite","@id":"https:\/\/www.chocolate7.com\/#website","url":"https:\/\/www.chocolate7.com\/","name":"Chocolate7","description":"The fine &amp; luxury chocolate selection","publisher":{"@id":"https:\/\/www.chocolate7.com\/#organization"},"potentialAction":[{"@type":"SearchAction","target":{"@type":"EntryPoint","urlTemplate":"https:\/\/www.chocolate7.com\/?s={search_term_string}"},"query-input":"required name=search_term_string"}],"inLanguage":"en-US"},{"@type":"Organization","@id":"https:\/\/www.chocolate7.com\/#organization","name":"Choc7 di Benedetto Giovanni","url":"https:\/\/www.chocolate7.com\/","logo":{"@type":"ImageObject","inLanguage":"en-US","@id":"https:\/\/www.chocolate7.com\/#\/schema\/logo\/image\/","url":"https:\/\/www.chocolate7.com\/wp-content\/uploads\/2018\/10\/logo_chocolate.png","contentUrl":"https:\/\/www.chocolate7.com\/wp-content\/uploads\/2018\/10\/logo_chocolate.png","width":200,"height":41,"caption":"Choc7 di Benedetto Giovanni"},"image":{"@id":"https:\/\/www.chocolate7.com\/#\/schema\/logo\/image\/"},"sameAs":["https:\/\/www.facebook.com\/cremino.gianduia.1","https:\/\/x.com\/GianduiaCremino","https:\/\/www.instagram.com\/creminogianduia\/","https:\/\/www.pinterest.com.au\/creminogianduia\/","https:\/\/www.youtube.com\/channel\/UCWFQlcc9EQnAsLkD8rBsgig"]}]}},"brands":[{"id":9529,"name":"Legast","slug":"legast-en-2"}],"_links":{"self":[{"href":"https:\/\/www.chocolate7.com\/en\/wp-json\/wp\/v2\/product\/35540","targetHints":{"allow":["GET"]}}],"collection":[{"href":"https:\/\/www.chocolate7.com\/en\/wp-json\/wp\/v2\/product"}],"about":[{"href":"https:\/\/www.chocolate7.com\/en\/wp-json\/wp\/v2\/types\/product"}],"wp:featuredmedia":[{"embeddable":true,"href":"https:\/\/www.chocolate7.com\/en\/wp-json\/wp\/v2\/media\/35542"}],"wp:attachment":[{"href":"https:\/\/www.chocolate7.com\/en\/wp-json\/wp\/v2\/media?parent=35540"}],"wp:term":[{"taxonomy":"pwb-brand","embeddable":true,"href":"https:\/\/www.chocolate7.com\/en\/wp-json\/wp\/v2\/pwb-brand?post=35540"},{"taxonomy":"product_brand","embeddable":true,"href":"https:\/\/www.chocolate7.com\/en\/wp-json\/wp\/v2\/product_brand?post=35540"},{"taxonomy":"product_cat","embeddable":true,"href":"https:\/\/www.chocolate7.com\/en\/wp-json\/wp\/v2\/product_cat?post=35540"},{"taxonomy":"product_tag","embeddable":true,"href":"https:\/\/www.chocolate7.com\/en\/wp-json\/wp\/v2\/product_tag?post=35540"},{"taxonomy":"giftcard-category","embeddable":true,"href":"https:\/\/www.chocolate7.com\/en\/wp-json\/wp\/v2\/giftcard-category?post=35540"}],"curies":[{"name":"wp","href":"https:\/\/api.w.org\/{rel}","templated":true}]}}