{"id":35650,"date":"2026-01-27T15:12:12","date_gmt":"2026-01-27T14:12:12","guid":{"rendered":"https:\/\/www.chocolate7.com\/?post_type=product&#038;p=35650"},"modified":"2026-04-17T01:26:39","modified_gmt":"2026-04-16T23:26:39","slug":"kuyay-peru-amazonas-bagua-grande-jahuanga-copia","status":"publish","type":"product","link":"https:\/\/www.chocolate7.com\/en\/shop\/bar\/100-en-3\/kuyay-peru-amazonas-bagua-grande-jahuanga-copia\/","title":{"rendered":"Kuyay Per\u00f9 Amazonas Bagua Grande Jahuanga 100%"},"content":{"rendered":"<p style=\"text-align: left;\">100% cacao Bar &#8211; Made by Kuyay<\/p>\n<p style=\"text-align: left;\">\n","protected":false},"excerpt":{"rendered":"<p><span class=\"tlid-translation translation\" lang=\"en\"><span class=\"\" title=\"\">Kuyay is a bean to bar chocolate maker from Per\u00f9. This bar is made with fine cocoa from Per\u00f9 (Amazonas Bagua Grande Jahuanga). Kuyay Peru Amazonas Bagua Grande Jahuanga 100% is a pleasantly acidic cocoa with aromatic notes of lemon, grapefruit, pineapple, raspberry, blackberry, blueberry, and roasted almond.<\/span><\/span><\/p>\n","protected":false},"featured_media":35652,"template":"","meta":[],"pwb-brand":[6569],"product_brand":[],"product_cat":[3251,3252],"product_tag":[],"giftcard-category":[],"class_list":{"0":"post-35650","1":"product","2":"type-product","3":"status-publish","4":"has-post-thumbnail","6":"pwb-brand-kuyay-en","7":"product_cat-bar","8":"product_cat-100-en-3","9":"pa_acidita-5-en","10":"pa_allergeni-may-contain-traces-of-milk-nuts-and-or-peanuts","11":"pa_amarezza-4-en","12":"pa_astringenza-1-en","13":"pa_cacao-100-en","14":"pa_carboidrati-17-g-en","15":"pa_carboidrati-zuccheri-1-g-en","16":"pa_dolcezza-3-en","17":"pa_fibre-11-g-en","18":"pa_grassi-53-g-en","19":"pa_grassi-saturi-32-g-en","20":"pa_ingredienti-cocoa-mass-en","21":"pa_note-di-degustazione-lemon-grapefruit-pineapple-raspberry-blackberry-blueberry-roasted-almond","22":"pa_paese-delle-fave-di-cacao-peru-en","23":"pa_paese-produttore-peru-en","24":"pa_percentuale-di-cacao-100-en","25":"pa_proteine-13-g-en","26":"pa_regione-amazonas-en","27":"pa_regione-bagua-grande-en","28":"pa_regione-ferme-quya-en","29":"pa_regione-jahuanga-en","30":"pa_sale-0-g-en","31":"pa_tipo-di-cioccolato-100-en","32":"pa_valore-energetico-2470-kj-en","34":"first","35":"instock","36":"taxable","37":"shipping-taxable","38":"purchasable","39":"product-type-simple"},"yoast_head":"<!-- This site is optimized with the Yoast SEO plugin v23.3 - https:\/\/yoast.com\/wordpress\/plugins\/seo\/ -->\n<title>Kuyay Per\u00f9 Amazonas Bagua Grande Jahuanga 100% - Chocolate7<\/title>\n<meta name=\"robots\" content=\"index, follow, max-snippet:-1, max-image-preview:large, max-video-preview:-1\" \/>\n<link rel=\"canonical\" href=\"https:\/\/www.chocolate7.com\/en\/shop\/bar\/100-en-3\/kuyay-peru-amazonas-bagua-grande-jahuanga-copia\/\" \/>\n<meta property=\"og:locale\" content=\"en_US\" \/>\n<meta property=\"og:type\" content=\"article\" \/>\n<meta property=\"og:title\" content=\"Kuyay Per\u00f9 Amazonas Bagua Grande Jahuanga 100% - Chocolate7\" \/>\n<meta property=\"og:description\" content=\"Kuyay is a bean to bar chocolate maker from Per\u00f9. This bar is made with fine cocoa from Per\u00f9 (Amazonas Bagua Grande Jahuanga). Kuyay Peru Amazonas Bagua Grande Jahuanga 100% is a pleasantly acidic cocoa with aromatic notes of lemon, grapefruit, pineapple, raspberry, blackberry, blueberry, and roasted almond.\" \/>\n<meta property=\"og:url\" content=\"https:\/\/www.chocolate7.com\/en\/shop\/bar\/100-en-3\/kuyay-peru-amazonas-bagua-grande-jahuanga-copia\/\" \/>\n<meta property=\"og:site_name\" content=\"Chocolate7\" \/>\n<meta property=\"article:publisher\" content=\"https:\/\/www.facebook.com\/cremino.gianduia.1\" \/>\n<meta property=\"article:modified_time\" content=\"2026-04-16T23:26:39+00:00\" \/>\n<meta property=\"og:image\" content=\"https:\/\/www.chocolate7.com\/wp-content\/uploads\/2026\/01\/Screenshot_20260127_145856_Instagram-e1769523772448.jpg\" \/>\n\t<meta property=\"og:image:width\" content=\"1063\" \/>\n\t<meta property=\"og:image:height\" content=\"1062\" \/>\n\t<meta property=\"og:image:type\" content=\"image\/jpeg\" \/>\n<meta name=\"twitter:card\" content=\"summary_large_image\" \/>\n<meta name=\"twitter:site\" content=\"@GianduiaCremino\" \/>\n<script type=\"application\/ld+json\" class=\"yoast-schema-graph\">{\"@context\":\"https:\/\/schema.org\",\"@graph\":[{\"@type\":\"WebPage\",\"@id\":\"https:\/\/www.chocolate7.com\/en\/shop\/bar\/100-en-3\/kuyay-peru-amazonas-bagua-grande-jahuanga-copia\/\",\"url\":\"https:\/\/www.chocolate7.com\/en\/shop\/bar\/100-en-3\/kuyay-peru-amazonas-bagua-grande-jahuanga-copia\/\",\"name\":\"Kuyay Per\u00f9 Amazonas Bagua Grande Jahuanga 100% - Chocolate7\",\"isPartOf\":{\"@id\":\"https:\/\/www.chocolate7.com\/#website\"},\"primaryImageOfPage\":{\"@id\":\"https:\/\/www.chocolate7.com\/en\/shop\/bar\/100-en-3\/kuyay-peru-amazonas-bagua-grande-jahuanga-copia\/#primaryimage\"},\"image\":{\"@id\":\"https:\/\/www.chocolate7.com\/en\/shop\/bar\/100-en-3\/kuyay-peru-amazonas-bagua-grande-jahuanga-copia\/#primaryimage\"},\"thumbnailUrl\":\"https:\/\/www.chocolate7.com\/wp-content\/uploads\/2026\/01\/Screenshot_20260127_145856_Instagram-e1769523772448.jpg\",\"datePublished\":\"2026-01-27T14:12:12+00:00\",\"dateModified\":\"2026-04-16T23:26:39+00:00\",\"breadcrumb\":{\"@id\":\"https:\/\/www.chocolate7.com\/en\/shop\/bar\/100-en-3\/kuyay-peru-amazonas-bagua-grande-jahuanga-copia\/#breadcrumb\"},\"inLanguage\":\"en-US\",\"potentialAction\":[{\"@type\":\"ReadAction\",\"target\":[\"https:\/\/www.chocolate7.com\/en\/shop\/bar\/100-en-3\/kuyay-peru-amazonas-bagua-grande-jahuanga-copia\/\"]}]},{\"@type\":\"ImageObject\",\"inLanguage\":\"en-US\",\"@id\":\"https:\/\/www.chocolate7.com\/en\/shop\/bar\/100-en-3\/kuyay-peru-amazonas-bagua-grande-jahuanga-copia\/#primaryimage\",\"url\":\"https:\/\/www.chocolate7.com\/wp-content\/uploads\/2026\/01\/Screenshot_20260127_145856_Instagram-e1769523772448.jpg\",\"contentUrl\":\"https:\/\/www.chocolate7.com\/wp-content\/uploads\/2026\/01\/Screenshot_20260127_145856_Instagram-e1769523772448.jpg\",\"width\":1063,\"height\":1062},{\"@type\":\"BreadcrumbList\",\"@id\":\"https:\/\/www.chocolate7.com\/en\/shop\/bar\/100-en-3\/kuyay-peru-amazonas-bagua-grande-jahuanga-copia\/#breadcrumb\",\"itemListElement\":[{\"@type\":\"ListItem\",\"position\":1,\"name\":\"Home\",\"item\":\"https:\/\/www.chocolate7.com\/en\/\"},{\"@type\":\"ListItem\",\"position\":2,\"name\":\"Shop\",\"item\":\"https:\/\/www.chocolate7.com\/en\/store\/\"},{\"@type\":\"ListItem\",\"position\":3,\"name\":\"Kuyay Per\u00f9 Amazonas Bagua Grande Jahuanga 100%\"}]},{\"@type\":\"WebSite\",\"@id\":\"https:\/\/www.chocolate7.com\/#website\",\"url\":\"https:\/\/www.chocolate7.com\/\",\"name\":\"Chocolate7\",\"description\":\"The fine &amp; luxury chocolate selection\",\"publisher\":{\"@id\":\"https:\/\/www.chocolate7.com\/#organization\"},\"potentialAction\":[{\"@type\":\"SearchAction\",\"target\":{\"@type\":\"EntryPoint\",\"urlTemplate\":\"https:\/\/www.chocolate7.com\/?s={search_term_string}\"},\"query-input\":\"required name=search_term_string\"}],\"inLanguage\":\"en-US\"},{\"@type\":\"Organization\",\"@id\":\"https:\/\/www.chocolate7.com\/#organization\",\"name\":\"Choc7 di Benedetto Giovanni\",\"url\":\"https:\/\/www.chocolate7.com\/\",\"logo\":{\"@type\":\"ImageObject\",\"inLanguage\":\"en-US\",\"@id\":\"https:\/\/www.chocolate7.com\/#\/schema\/logo\/image\/\",\"url\":\"https:\/\/www.chocolate7.com\/wp-content\/uploads\/2018\/10\/logo_chocolate.png\",\"contentUrl\":\"https:\/\/www.chocolate7.com\/wp-content\/uploads\/2018\/10\/logo_chocolate.png\",\"width\":200,\"height\":41,\"caption\":\"Choc7 di Benedetto Giovanni\"},\"image\":{\"@id\":\"https:\/\/www.chocolate7.com\/#\/schema\/logo\/image\/\"},\"sameAs\":[\"https:\/\/www.facebook.com\/cremino.gianduia.1\",\"https:\/\/x.com\/GianduiaCremino\",\"https:\/\/www.instagram.com\/creminogianduia\/\",\"https:\/\/www.pinterest.com.au\/creminogianduia\/\",\"https:\/\/www.youtube.com\/channel\/UCWFQlcc9EQnAsLkD8rBsgig\"]}]}<\/script>\n<!-- \/ Yoast SEO plugin. -->","yoast_head_json":{"title":"Kuyay Per\u00f9 Amazonas Bagua Grande Jahuanga 100% - Chocolate7","robots":{"index":"index","follow":"follow","max-snippet":"max-snippet:-1","max-image-preview":"max-image-preview:large","max-video-preview":"max-video-preview:-1"},"canonical":"https:\/\/www.chocolate7.com\/en\/shop\/bar\/100-en-3\/kuyay-peru-amazonas-bagua-grande-jahuanga-copia\/","og_locale":"en_US","og_type":"article","og_title":"Kuyay Per\u00f9 Amazonas Bagua Grande Jahuanga 100% - Chocolate7","og_description":"Kuyay is a bean to bar chocolate maker from Per\u00f9. This bar is made with fine cocoa from Per\u00f9 (Amazonas Bagua Grande Jahuanga). Kuyay Peru Amazonas Bagua Grande Jahuanga 100% is a pleasantly acidic cocoa with aromatic notes of lemon, grapefruit, pineapple, raspberry, blackberry, blueberry, and roasted almond.","og_url":"https:\/\/www.chocolate7.com\/en\/shop\/bar\/100-en-3\/kuyay-peru-amazonas-bagua-grande-jahuanga-copia\/","og_site_name":"Chocolate7","article_publisher":"https:\/\/www.facebook.com\/cremino.gianduia.1","article_modified_time":"2026-04-16T23:26:39+00:00","og_image":[{"width":1063,"height":1062,"url":"https:\/\/www.chocolate7.com\/wp-content\/uploads\/2026\/01\/Screenshot_20260127_145856_Instagram-e1769523772448.jpg","type":"image\/jpeg"}],"twitter_card":"summary_large_image","twitter_site":"@GianduiaCremino","schema":{"@context":"https:\/\/schema.org","@graph":[{"@type":"WebPage","@id":"https:\/\/www.chocolate7.com\/en\/shop\/bar\/100-en-3\/kuyay-peru-amazonas-bagua-grande-jahuanga-copia\/","url":"https:\/\/www.chocolate7.com\/en\/shop\/bar\/100-en-3\/kuyay-peru-amazonas-bagua-grande-jahuanga-copia\/","name":"Kuyay Per\u00f9 Amazonas Bagua Grande Jahuanga 100% - Chocolate7","isPartOf":{"@id":"https:\/\/www.chocolate7.com\/#website"},"primaryImageOfPage":{"@id":"https:\/\/www.chocolate7.com\/en\/shop\/bar\/100-en-3\/kuyay-peru-amazonas-bagua-grande-jahuanga-copia\/#primaryimage"},"image":{"@id":"https:\/\/www.chocolate7.com\/en\/shop\/bar\/100-en-3\/kuyay-peru-amazonas-bagua-grande-jahuanga-copia\/#primaryimage"},"thumbnailUrl":"https:\/\/www.chocolate7.com\/wp-content\/uploads\/2026\/01\/Screenshot_20260127_145856_Instagram-e1769523772448.jpg","datePublished":"2026-01-27T14:12:12+00:00","dateModified":"2026-04-16T23:26:39+00:00","breadcrumb":{"@id":"https:\/\/www.chocolate7.com\/en\/shop\/bar\/100-en-3\/kuyay-peru-amazonas-bagua-grande-jahuanga-copia\/#breadcrumb"},"inLanguage":"en-US","potentialAction":[{"@type":"ReadAction","target":["https:\/\/www.chocolate7.com\/en\/shop\/bar\/100-en-3\/kuyay-peru-amazonas-bagua-grande-jahuanga-copia\/"]}]},{"@type":"ImageObject","inLanguage":"en-US","@id":"https:\/\/www.chocolate7.com\/en\/shop\/bar\/100-en-3\/kuyay-peru-amazonas-bagua-grande-jahuanga-copia\/#primaryimage","url":"https:\/\/www.chocolate7.com\/wp-content\/uploads\/2026\/01\/Screenshot_20260127_145856_Instagram-e1769523772448.jpg","contentUrl":"https:\/\/www.chocolate7.com\/wp-content\/uploads\/2026\/01\/Screenshot_20260127_145856_Instagram-e1769523772448.jpg","width":1063,"height":1062},{"@type":"BreadcrumbList","@id":"https:\/\/www.chocolate7.com\/en\/shop\/bar\/100-en-3\/kuyay-peru-amazonas-bagua-grande-jahuanga-copia\/#breadcrumb","itemListElement":[{"@type":"ListItem","position":1,"name":"Home","item":"https:\/\/www.chocolate7.com\/en\/"},{"@type":"ListItem","position":2,"name":"Shop","item":"https:\/\/www.chocolate7.com\/en\/store\/"},{"@type":"ListItem","position":3,"name":"Kuyay Per\u00f9 Amazonas Bagua Grande Jahuanga 100%"}]},{"@type":"WebSite","@id":"https:\/\/www.chocolate7.com\/#website","url":"https:\/\/www.chocolate7.com\/","name":"Chocolate7","description":"The fine &amp; luxury chocolate selection","publisher":{"@id":"https:\/\/www.chocolate7.com\/#organization"},"potentialAction":[{"@type":"SearchAction","target":{"@type":"EntryPoint","urlTemplate":"https:\/\/www.chocolate7.com\/?s={search_term_string}"},"query-input":"required name=search_term_string"}],"inLanguage":"en-US"},{"@type":"Organization","@id":"https:\/\/www.chocolate7.com\/#organization","name":"Choc7 di Benedetto Giovanni","url":"https:\/\/www.chocolate7.com\/","logo":{"@type":"ImageObject","inLanguage":"en-US","@id":"https:\/\/www.chocolate7.com\/#\/schema\/logo\/image\/","url":"https:\/\/www.chocolate7.com\/wp-content\/uploads\/2018\/10\/logo_chocolate.png","contentUrl":"https:\/\/www.chocolate7.com\/wp-content\/uploads\/2018\/10\/logo_chocolate.png","width":200,"height":41,"caption":"Choc7 di Benedetto Giovanni"},"image":{"@id":"https:\/\/www.chocolate7.com\/#\/schema\/logo\/image\/"},"sameAs":["https:\/\/www.facebook.com\/cremino.gianduia.1","https:\/\/x.com\/GianduiaCremino","https:\/\/www.instagram.com\/creminogianduia\/","https:\/\/www.pinterest.com.au\/creminogianduia\/","https:\/\/www.youtube.com\/channel\/UCWFQlcc9EQnAsLkD8rBsgig"]}]}},"brands":[{"id":6569,"name":"Kuyay","slug":"kuyay-en"}],"_links":{"self":[{"href":"https:\/\/www.chocolate7.com\/en\/wp-json\/wp\/v2\/product\/35650","targetHints":{"allow":["GET"]}}],"collection":[{"href":"https:\/\/www.chocolate7.com\/en\/wp-json\/wp\/v2\/product"}],"about":[{"href":"https:\/\/www.chocolate7.com\/en\/wp-json\/wp\/v2\/types\/product"}],"wp:featuredmedia":[{"embeddable":true,"href":"https:\/\/www.chocolate7.com\/en\/wp-json\/wp\/v2\/media\/35652"}],"wp:attachment":[{"href":"https:\/\/www.chocolate7.com\/en\/wp-json\/wp\/v2\/media?parent=35650"}],"wp:term":[{"taxonomy":"pwb-brand","embeddable":true,"href":"https:\/\/www.chocolate7.com\/en\/wp-json\/wp\/v2\/pwb-brand?post=35650"},{"taxonomy":"product_brand","embeddable":true,"href":"https:\/\/www.chocolate7.com\/en\/wp-json\/wp\/v2\/product_brand?post=35650"},{"taxonomy":"product_cat","embeddable":true,"href":"https:\/\/www.chocolate7.com\/en\/wp-json\/wp\/v2\/product_cat?post=35650"},{"taxonomy":"product_tag","embeddable":true,"href":"https:\/\/www.chocolate7.com\/en\/wp-json\/wp\/v2\/product_tag?post=35650"},{"taxonomy":"giftcard-category","embeddable":true,"href":"https:\/\/www.chocolate7.com\/en\/wp-json\/wp\/v2\/giftcard-category?post=35650"}],"curies":[{"name":"wp","href":"https:\/\/api.w.org\/{rel}","templated":true}]}}