{"id":35658,"date":"2026-01-27T18:34:08","date_gmt":"2026-01-27T17:34:08","guid":{"rendered":"https:\/\/www.chocolate7.com\/?post_type=product&#038;p=35658"},"modified":"2026-01-27T18:53:25","modified_gmt":"2026-01-27T17:53:25","slug":"rozsavolgyi-csokolade-sao-tome-roca-de-santo-antonio-copia","status":"publish","type":"product","link":"https:\/\/www.chocolate7.com\/en\/shop\/bar\/dark-chocolate-en-2\/rozsavolgyi-csokolade-sao-tome-roca-de-santo-antonio-copia\/","title":{"rendered":"R\u00f3zsav\u00f6lgyi Csokol\u00e1d\u00e9 Tanzania Mababu dark chocolate 75%"},"content":{"rendered":"<p style=\"text-align: left;\">Dark chocolate bar &#8211; Made by R\u00f3zsav\u00f6lgyi Csokol\u00e1d\u00e9<\/p>\n<p style=\"text-align: left;\">Mababu is a tiny village on the slopes of the Livingstone mountain with lush vegetation by the Malawi lake in Tanzania. This trinitario cocoa is bought directly from a group of only 60 families pioneering quality organic cocoa farming.<\/p>\n","protected":false},"excerpt":{"rendered":"<p>R\u00f3zsav\u00f6lgyi Csokol\u00e1d\u00e9 is a bean to bar chocolate maker from Hungary. This fine chocolate bar is made with cocoa from Tanzania (Mababu). R\u00f3zsav\u00f6lgyi Csokol\u00e1d\u00e9 Tanzania Mababu dark chocolate 75% is a dark chocolate with floral aromatic notes, cedar, banana, black cherry, cherry, plum, rice, rum, and pepper.<\/p>\n<p>&nbsp;<\/p>\n","protected":false},"featured_media":35660,"template":"","meta":[],"pwb-brand":[4820],"product_brand":[],"product_cat":[3251,3255],"product_tag":[],"giftcard-category":[],"class_list":{"0":"post-35658","1":"product","2":"type-product","3":"status-publish","4":"has-post-thumbnail","6":"pwb-brand-rozsavolgyi-csokolade-en","7":"product_cat-bar","8":"product_cat-dark-chocolate-en-2","9":"pa_acidita-5-en","10":"pa_allergeni-maycontain-traces-of-nuts-and-milk-powder","11":"pa_amarezza-4-en","12":"pa_astringenza-1-en","13":"pa_cacao-70-79-en","14":"pa_carboidrati-49-g-en","15":"pa_carboidrati-zuccheri-24-g-en","16":"pa_codice-a-barre-5999885346585-en","17":"pa_conservazione-conservare-in-luogo-fresco-e-asciutto-en","18":"pa_dolcezza-3-en","19":"pa_grassi-35-g-en-2","20":"pa_grassi-saturi-20-g-en","21":"pa_ingredienti-cocoa-beans-organic-cane-sugar-organic-cocoa-butter","22":"pa_note-di-degustazione-floral-notes-cedar-banana-black-cherry-cherry-plum-rice-rum-pepper","23":"pa_paese-delle-fave-di-cacao-tanzania-en","24":"pa_paese-produttore-hungary","25":"pa_percentuale-di-cacao-75-en","26":"pa_proteine-10-g-en","27":"pa_regione-mababu-en","28":"pa_sale-0-g-en","29":"pa_tipo-di-cioccolato-fondente-en","30":"pa_valore-energetico-1951-kj-466-kcal-en","32":"first","33":"instock","34":"taxable","35":"shipping-taxable","36":"purchasable","37":"product-type-simple"},"yoast_head":"<!-- This site is optimized with the Yoast SEO plugin v23.3 - https:\/\/yoast.com\/wordpress\/plugins\/seo\/ -->\n<title>R\u00f3zsav\u00f6lgyi Csokol\u00e1d\u00e9 Tanzania Mababu dark chocolate 75% - Chocolate7<\/title>\n<meta name=\"robots\" content=\"index, follow, max-snippet:-1, max-image-preview:large, max-video-preview:-1\" \/>\n<link rel=\"canonical\" href=\"https:\/\/www.chocolate7.com\/en\/shop\/bar\/dark-chocolate-en-2\/rozsavolgyi-csokolade-sao-tome-roca-de-santo-antonio-copia\/\" \/>\n<meta property=\"og:locale\" content=\"en_US\" \/>\n<meta property=\"og:type\" content=\"article\" \/>\n<meta property=\"og:title\" content=\"R\u00f3zsav\u00f6lgyi Csokol\u00e1d\u00e9 Tanzania Mababu dark chocolate 75% - Chocolate7\" \/>\n<meta property=\"og:description\" content=\"R\u00f3zsav\u00f6lgyi Csokol\u00e1d\u00e9 is a bean to bar chocolate maker from Hungary. This fine chocolate bar is made with cocoa from Tanzania (Mababu). R\u00f3zsav\u00f6lgyi Csokol\u00e1d\u00e9 Tanzania Mababu dark chocolate 75% is a dark chocolate with floral aromatic notes, cedar, banana, black cherry, cherry, plum, rice, rum, and pepper.  &nbsp;\" \/>\n<meta property=\"og:url\" content=\"https:\/\/www.chocolate7.com\/en\/shop\/bar\/dark-chocolate-en-2\/rozsavolgyi-csokolade-sao-tome-roca-de-santo-antonio-copia\/\" \/>\n<meta property=\"og:site_name\" content=\"Chocolate7\" \/>\n<meta property=\"article:publisher\" content=\"https:\/\/www.facebook.com\/cremino.gianduia.1\" \/>\n<meta property=\"article:modified_time\" content=\"2026-01-27T17:53:25+00:00\" \/>\n<meta property=\"og:image\" content=\"https:\/\/www.chocolate7.com\/wp-content\/uploads\/2026\/01\/Screenshot_20260127_181652_Instagram-e1769535832770.jpg\" \/>\n\t<meta property=\"og:image:width\" content=\"1057\" \/>\n\t<meta property=\"og:image:height\" content=\"1056\" \/>\n\t<meta property=\"og:image:type\" content=\"image\/jpeg\" \/>\n<meta name=\"twitter:card\" content=\"summary_large_image\" \/>\n<meta name=\"twitter:site\" content=\"@GianduiaCremino\" \/>\n<script type=\"application\/ld+json\" class=\"yoast-schema-graph\">{\"@context\":\"https:\/\/schema.org\",\"@graph\":[{\"@type\":\"WebPage\",\"@id\":\"https:\/\/www.chocolate7.com\/en\/shop\/bar\/dark-chocolate-en-2\/rozsavolgyi-csokolade-sao-tome-roca-de-santo-antonio-copia\/\",\"url\":\"https:\/\/www.chocolate7.com\/en\/shop\/bar\/dark-chocolate-en-2\/rozsavolgyi-csokolade-sao-tome-roca-de-santo-antonio-copia\/\",\"name\":\"R\u00f3zsav\u00f6lgyi Csokol\u00e1d\u00e9 Tanzania Mababu dark chocolate 75% - Chocolate7\",\"isPartOf\":{\"@id\":\"https:\/\/www.chocolate7.com\/#website\"},\"primaryImageOfPage\":{\"@id\":\"https:\/\/www.chocolate7.com\/en\/shop\/bar\/dark-chocolate-en-2\/rozsavolgyi-csokolade-sao-tome-roca-de-santo-antonio-copia\/#primaryimage\"},\"image\":{\"@id\":\"https:\/\/www.chocolate7.com\/en\/shop\/bar\/dark-chocolate-en-2\/rozsavolgyi-csokolade-sao-tome-roca-de-santo-antonio-copia\/#primaryimage\"},\"thumbnailUrl\":\"https:\/\/www.chocolate7.com\/wp-content\/uploads\/2026\/01\/Screenshot_20260127_181652_Instagram-e1769535832770.jpg\",\"datePublished\":\"2026-01-27T17:34:08+00:00\",\"dateModified\":\"2026-01-27T17:53:25+00:00\",\"breadcrumb\":{\"@id\":\"https:\/\/www.chocolate7.com\/en\/shop\/bar\/dark-chocolate-en-2\/rozsavolgyi-csokolade-sao-tome-roca-de-santo-antonio-copia\/#breadcrumb\"},\"inLanguage\":\"en-US\",\"potentialAction\":[{\"@type\":\"ReadAction\",\"target\":[\"https:\/\/www.chocolate7.com\/en\/shop\/bar\/dark-chocolate-en-2\/rozsavolgyi-csokolade-sao-tome-roca-de-santo-antonio-copia\/\"]}]},{\"@type\":\"ImageObject\",\"inLanguage\":\"en-US\",\"@id\":\"https:\/\/www.chocolate7.com\/en\/shop\/bar\/dark-chocolate-en-2\/rozsavolgyi-csokolade-sao-tome-roca-de-santo-antonio-copia\/#primaryimage\",\"url\":\"https:\/\/www.chocolate7.com\/wp-content\/uploads\/2026\/01\/Screenshot_20260127_181652_Instagram-e1769535832770.jpg\",\"contentUrl\":\"https:\/\/www.chocolate7.com\/wp-content\/uploads\/2026\/01\/Screenshot_20260127_181652_Instagram-e1769535832770.jpg\",\"width\":1057,\"height\":1056},{\"@type\":\"BreadcrumbList\",\"@id\":\"https:\/\/www.chocolate7.com\/en\/shop\/bar\/dark-chocolate-en-2\/rozsavolgyi-csokolade-sao-tome-roca-de-santo-antonio-copia\/#breadcrumb\",\"itemListElement\":[{\"@type\":\"ListItem\",\"position\":1,\"name\":\"Home\",\"item\":\"https:\/\/www.chocolate7.com\/en\/\"},{\"@type\":\"ListItem\",\"position\":2,\"name\":\"Shop\",\"item\":\"https:\/\/www.chocolate7.com\/en\/store\/\"},{\"@type\":\"ListItem\",\"position\":3,\"name\":\"R\u00f3zsav\u00f6lgyi Csokol\u00e1d\u00e9 Tanzania Mababu dark chocolate 75%\"}]},{\"@type\":\"WebSite\",\"@id\":\"https:\/\/www.chocolate7.com\/#website\",\"url\":\"https:\/\/www.chocolate7.com\/\",\"name\":\"Chocolate7\",\"description\":\"The fine &amp; luxury chocolate selection\",\"publisher\":{\"@id\":\"https:\/\/www.chocolate7.com\/#organization\"},\"potentialAction\":[{\"@type\":\"SearchAction\",\"target\":{\"@type\":\"EntryPoint\",\"urlTemplate\":\"https:\/\/www.chocolate7.com\/?s={search_term_string}\"},\"query-input\":\"required name=search_term_string\"}],\"inLanguage\":\"en-US\"},{\"@type\":\"Organization\",\"@id\":\"https:\/\/www.chocolate7.com\/#organization\",\"name\":\"Choc7 di Benedetto Giovanni\",\"url\":\"https:\/\/www.chocolate7.com\/\",\"logo\":{\"@type\":\"ImageObject\",\"inLanguage\":\"en-US\",\"@id\":\"https:\/\/www.chocolate7.com\/#\/schema\/logo\/image\/\",\"url\":\"https:\/\/www.chocolate7.com\/wp-content\/uploads\/2018\/10\/logo_chocolate.png\",\"contentUrl\":\"https:\/\/www.chocolate7.com\/wp-content\/uploads\/2018\/10\/logo_chocolate.png\",\"width\":200,\"height\":41,\"caption\":\"Choc7 di Benedetto Giovanni\"},\"image\":{\"@id\":\"https:\/\/www.chocolate7.com\/#\/schema\/logo\/image\/\"},\"sameAs\":[\"https:\/\/www.facebook.com\/cremino.gianduia.1\",\"https:\/\/x.com\/GianduiaCremino\",\"https:\/\/www.instagram.com\/creminogianduia\/\",\"https:\/\/www.pinterest.com.au\/creminogianduia\/\",\"https:\/\/www.youtube.com\/channel\/UCWFQlcc9EQnAsLkD8rBsgig\"]}]}<\/script>\n<!-- \/ Yoast SEO plugin. -->","yoast_head_json":{"title":"R\u00f3zsav\u00f6lgyi Csokol\u00e1d\u00e9 Tanzania Mababu dark chocolate 75% - Chocolate7","robots":{"index":"index","follow":"follow","max-snippet":"max-snippet:-1","max-image-preview":"max-image-preview:large","max-video-preview":"max-video-preview:-1"},"canonical":"https:\/\/www.chocolate7.com\/en\/shop\/bar\/dark-chocolate-en-2\/rozsavolgyi-csokolade-sao-tome-roca-de-santo-antonio-copia\/","og_locale":"en_US","og_type":"article","og_title":"R\u00f3zsav\u00f6lgyi Csokol\u00e1d\u00e9 Tanzania Mababu dark chocolate 75% - Chocolate7","og_description":"R\u00f3zsav\u00f6lgyi Csokol\u00e1d\u00e9 is a bean to bar chocolate maker from Hungary. This fine chocolate bar is made with cocoa from Tanzania (Mababu). R\u00f3zsav\u00f6lgyi Csokol\u00e1d\u00e9 Tanzania Mababu dark chocolate 75% is a dark chocolate with floral aromatic notes, cedar, banana, black cherry, cherry, plum, rice, rum, and pepper.  &nbsp;","og_url":"https:\/\/www.chocolate7.com\/en\/shop\/bar\/dark-chocolate-en-2\/rozsavolgyi-csokolade-sao-tome-roca-de-santo-antonio-copia\/","og_site_name":"Chocolate7","article_publisher":"https:\/\/www.facebook.com\/cremino.gianduia.1","article_modified_time":"2026-01-27T17:53:25+00:00","og_image":[{"width":1057,"height":1056,"url":"https:\/\/www.chocolate7.com\/wp-content\/uploads\/2026\/01\/Screenshot_20260127_181652_Instagram-e1769535832770.jpg","type":"image\/jpeg"}],"twitter_card":"summary_large_image","twitter_site":"@GianduiaCremino","schema":{"@context":"https:\/\/schema.org","@graph":[{"@type":"WebPage","@id":"https:\/\/www.chocolate7.com\/en\/shop\/bar\/dark-chocolate-en-2\/rozsavolgyi-csokolade-sao-tome-roca-de-santo-antonio-copia\/","url":"https:\/\/www.chocolate7.com\/en\/shop\/bar\/dark-chocolate-en-2\/rozsavolgyi-csokolade-sao-tome-roca-de-santo-antonio-copia\/","name":"R\u00f3zsav\u00f6lgyi Csokol\u00e1d\u00e9 Tanzania Mababu dark chocolate 75% - Chocolate7","isPartOf":{"@id":"https:\/\/www.chocolate7.com\/#website"},"primaryImageOfPage":{"@id":"https:\/\/www.chocolate7.com\/en\/shop\/bar\/dark-chocolate-en-2\/rozsavolgyi-csokolade-sao-tome-roca-de-santo-antonio-copia\/#primaryimage"},"image":{"@id":"https:\/\/www.chocolate7.com\/en\/shop\/bar\/dark-chocolate-en-2\/rozsavolgyi-csokolade-sao-tome-roca-de-santo-antonio-copia\/#primaryimage"},"thumbnailUrl":"https:\/\/www.chocolate7.com\/wp-content\/uploads\/2026\/01\/Screenshot_20260127_181652_Instagram-e1769535832770.jpg","datePublished":"2026-01-27T17:34:08+00:00","dateModified":"2026-01-27T17:53:25+00:00","breadcrumb":{"@id":"https:\/\/www.chocolate7.com\/en\/shop\/bar\/dark-chocolate-en-2\/rozsavolgyi-csokolade-sao-tome-roca-de-santo-antonio-copia\/#breadcrumb"},"inLanguage":"en-US","potentialAction":[{"@type":"ReadAction","target":["https:\/\/www.chocolate7.com\/en\/shop\/bar\/dark-chocolate-en-2\/rozsavolgyi-csokolade-sao-tome-roca-de-santo-antonio-copia\/"]}]},{"@type":"ImageObject","inLanguage":"en-US","@id":"https:\/\/www.chocolate7.com\/en\/shop\/bar\/dark-chocolate-en-2\/rozsavolgyi-csokolade-sao-tome-roca-de-santo-antonio-copia\/#primaryimage","url":"https:\/\/www.chocolate7.com\/wp-content\/uploads\/2026\/01\/Screenshot_20260127_181652_Instagram-e1769535832770.jpg","contentUrl":"https:\/\/www.chocolate7.com\/wp-content\/uploads\/2026\/01\/Screenshot_20260127_181652_Instagram-e1769535832770.jpg","width":1057,"height":1056},{"@type":"BreadcrumbList","@id":"https:\/\/www.chocolate7.com\/en\/shop\/bar\/dark-chocolate-en-2\/rozsavolgyi-csokolade-sao-tome-roca-de-santo-antonio-copia\/#breadcrumb","itemListElement":[{"@type":"ListItem","position":1,"name":"Home","item":"https:\/\/www.chocolate7.com\/en\/"},{"@type":"ListItem","position":2,"name":"Shop","item":"https:\/\/www.chocolate7.com\/en\/store\/"},{"@type":"ListItem","position":3,"name":"R\u00f3zsav\u00f6lgyi Csokol\u00e1d\u00e9 Tanzania Mababu dark chocolate 75%"}]},{"@type":"WebSite","@id":"https:\/\/www.chocolate7.com\/#website","url":"https:\/\/www.chocolate7.com\/","name":"Chocolate7","description":"The fine &amp; luxury chocolate selection","publisher":{"@id":"https:\/\/www.chocolate7.com\/#organization"},"potentialAction":[{"@type":"SearchAction","target":{"@type":"EntryPoint","urlTemplate":"https:\/\/www.chocolate7.com\/?s={search_term_string}"},"query-input":"required name=search_term_string"}],"inLanguage":"en-US"},{"@type":"Organization","@id":"https:\/\/www.chocolate7.com\/#organization","name":"Choc7 di Benedetto Giovanni","url":"https:\/\/www.chocolate7.com\/","logo":{"@type":"ImageObject","inLanguage":"en-US","@id":"https:\/\/www.chocolate7.com\/#\/schema\/logo\/image\/","url":"https:\/\/www.chocolate7.com\/wp-content\/uploads\/2018\/10\/logo_chocolate.png","contentUrl":"https:\/\/www.chocolate7.com\/wp-content\/uploads\/2018\/10\/logo_chocolate.png","width":200,"height":41,"caption":"Choc7 di Benedetto Giovanni"},"image":{"@id":"https:\/\/www.chocolate7.com\/#\/schema\/logo\/image\/"},"sameAs":["https:\/\/www.facebook.com\/cremino.gianduia.1","https:\/\/x.com\/GianduiaCremino","https:\/\/www.instagram.com\/creminogianduia\/","https:\/\/www.pinterest.com.au\/creminogianduia\/","https:\/\/www.youtube.com\/channel\/UCWFQlcc9EQnAsLkD8rBsgig"]}]}},"brands":[{"id":4820,"name":"R\u00f3zsav\u00f6lgyi Csokol\u00e1d\u00e9","slug":"rozsavolgyi-csokolade-en"}],"_links":{"self":[{"href":"https:\/\/www.chocolate7.com\/en\/wp-json\/wp\/v2\/product\/35658","targetHints":{"allow":["GET"]}}],"collection":[{"href":"https:\/\/www.chocolate7.com\/en\/wp-json\/wp\/v2\/product"}],"about":[{"href":"https:\/\/www.chocolate7.com\/en\/wp-json\/wp\/v2\/types\/product"}],"wp:featuredmedia":[{"embeddable":true,"href":"https:\/\/www.chocolate7.com\/en\/wp-json\/wp\/v2\/media\/35660"}],"wp:attachment":[{"href":"https:\/\/www.chocolate7.com\/en\/wp-json\/wp\/v2\/media?parent=35658"}],"wp:term":[{"taxonomy":"pwb-brand","embeddable":true,"href":"https:\/\/www.chocolate7.com\/en\/wp-json\/wp\/v2\/pwb-brand?post=35658"},{"taxonomy":"product_brand","embeddable":true,"href":"https:\/\/www.chocolate7.com\/en\/wp-json\/wp\/v2\/product_brand?post=35658"},{"taxonomy":"product_cat","embeddable":true,"href":"https:\/\/www.chocolate7.com\/en\/wp-json\/wp\/v2\/product_cat?post=35658"},{"taxonomy":"product_tag","embeddable":true,"href":"https:\/\/www.chocolate7.com\/en\/wp-json\/wp\/v2\/product_tag?post=35658"},{"taxonomy":"giftcard-category","embeddable":true,"href":"https:\/\/www.chocolate7.com\/en\/wp-json\/wp\/v2\/giftcard-category?post=35658"}],"curies":[{"name":"wp","href":"https:\/\/api.w.org\/{rel}","templated":true}]}}