{"id":35687,"date":"2026-01-30T17:18:57","date_gmt":"2026-01-30T16:18:57","guid":{"rendered":"https:\/\/www.chocolate7.com\/?post_type=product&#038;p=35687"},"modified":"2026-01-30T17:33:51","modified_gmt":"2026-01-30T16:33:51","slug":"vigdis-rosenkilde-peru-echarate-chuncho-dark-chocolate-70-copia","status":"publish","type":"product","link":"https:\/\/www.chocolate7.com\/en\/shop\/bar\/dark-chocolate-en-2\/vigdis-rosenkilde-peru-echarate-chuncho-dark-chocolate-70-copia\/","title":{"rendered":"Vigdis Rosenkilde Peru Quellouno Chuncho dark chocolate 70%"},"content":{"rendered":"<p style=\"text-align: left;\">Dark chocolate bar &#8211; Made by Vigdis Rosenkilde<\/p>\n<p class=\"\" data-rte-preserve-empty=\"true\"><strong>Quellouno 70% &#8211; M\u00f8rk sjokolade.<\/strong><\/p>\n<p class=\"\" data-rte-preserve-empty=\"true\">SMAKSNOTER: SKOGSB\u00c6R \/ PEKANN\u00d8TT \/ FL\u00d8TE<\/p>\n<p class=\"\" data-rte-preserve-empty=\"true\">Smaksnotene er ikke tilsatt, men kommer naturlig fra kakaoen som er behandlet optimalt i alle ledd av produksjonen..<\/p>\n<p class=\"\" data-rte-preserve-empty=\"true\">Kakaoen i denne sjokoladen kommer fra en familieeid agro\u00f8kologisk kakaoplantasje beliggende p\u00e5 en \u00e5sside i h\u00f8yjungelen i Quellouno., et spektakul\u00e6rt og vakkert sted. Noen av tr\u00e6rne p\u00e5 plantasjen er over 80 \u00e5r gamle og produserer kakao som er beriket med bemerkelsesverdige smaksnoter. Vi brukte lang tid p\u00e5 \u00e5 eksperimentere\u00a0med ulike r\u00f8steprofiler\u00a0av kakaob\u00f8nnene\u00a0for \u00e5 fremheve de delikate smaksnotene av skogsb\u00e6r og fl\u00f8te.<\/p>\n","protected":false},"excerpt":{"rendered":"<p>Vigdis Rosenkilde is a bean to bar chocolate maker from Norway. This fine chocolate bar is made with cocoa from Peru (Quellouno, Chuncho). Vigdis Rosenkilde Peru Quellouno Chuncho dark chocolate 70% has a pleasantly tart flavor, with aromatic notes of honey, cedar, passion fruit, blackcurrant, pecans, dates, green olives, cream, and pink pepper.<\/p>\n","protected":false},"featured_media":35689,"template":"","meta":[],"pwb-brand":[14334],"product_brand":[],"product_cat":[3251,3255],"product_tag":[],"giftcard-category":[],"class_list":{"0":"post-35687","1":"product","2":"type-product","3":"status-publish","4":"has-post-thumbnail","6":"pwb-brand-vigdis-rosenkilde-en","7":"product_cat-bar","8":"product_cat-dark-chocolate-en-2","9":"pa_acidita-5-en","10":"pa_amarezza-3-en","11":"pa_cacao-70-79-en","12":"pa_carboidrati-466-g-en","13":"pa_carboidrati-zuccheri-361-g-en","14":"pa_codice-a-barre-7090064950208-en","15":"pa_dolcezza-4-en","16":"pa_fibre-58-g-en","17":"pa_grassi-409-g-en","18":"pa_grassi-saturi-265-g-en","19":"pa_ingredienti-cocoa-beans-and-sugar","20":"pa_note-di-degustazione-honey-citron-passion-fruit-currants-pecans-dates-green-olives-cream-pink-pepper","21":"pa_paese-delle-fave-di-cacao-peru-en","22":"pa_paese-produttore-norway","23":"pa_percentuale-di-cacao-70-en","24":"pa_proteine-93-g-en","25":"pa_regione-chuncho-en","26":"pa_regione-quellouno-en","27":"pa_sale-0-g-en","28":"pa_tipo-di-cioccolato-fondente-en","29":"pa_valore-energetico-24757-kj-5917-kcal-en","31":"first","32":"instock","33":"taxable","34":"shipping-taxable","35":"purchasable","36":"product-type-simple"},"yoast_head":"<!-- This site is optimized with the Yoast SEO plugin v23.3 - https:\/\/yoast.com\/wordpress\/plugins\/seo\/ -->\n<title>Vigdis Rosenkilde Peru Quellouno Chuncho dark chocolate 70% - Chocolate7<\/title>\n<meta name=\"robots\" content=\"index, follow, max-snippet:-1, max-image-preview:large, max-video-preview:-1\" \/>\n<link rel=\"canonical\" href=\"https:\/\/www.chocolate7.com\/en\/shop\/bar\/dark-chocolate-en-2\/vigdis-rosenkilde-peru-echarate-chuncho-dark-chocolate-70-copia\/\" \/>\n<meta property=\"og:locale\" content=\"en_US\" \/>\n<meta property=\"og:type\" content=\"article\" \/>\n<meta property=\"og:title\" content=\"Vigdis Rosenkilde Peru Quellouno Chuncho dark chocolate 70% - Chocolate7\" \/>\n<meta property=\"og:description\" content=\"Vigdis Rosenkilde is a bean to bar chocolate maker from Norway. This fine chocolate bar is made with cocoa from Peru (Quellouno, Chuncho). Vigdis Rosenkilde Peru Quellouno Chuncho dark chocolate 70% has a pleasantly tart flavor, with aromatic notes of honey, cedar, passion fruit, blackcurrant, pecans, dates, green olives, cream, and pink pepper.\" \/>\n<meta property=\"og:url\" content=\"https:\/\/www.chocolate7.com\/en\/shop\/bar\/dark-chocolate-en-2\/vigdis-rosenkilde-peru-echarate-chuncho-dark-chocolate-70-copia\/\" \/>\n<meta property=\"og:site_name\" content=\"Chocolate7\" \/>\n<meta property=\"article:publisher\" content=\"https:\/\/www.facebook.com\/cremino.gianduia.1\" \/>\n<meta property=\"article:modified_time\" content=\"2026-01-30T16:33:51+00:00\" \/>\n<meta property=\"og:image\" content=\"https:\/\/www.chocolate7.com\/wp-content\/uploads\/2026\/01\/Screenshot_20260130_164122_Instagram-e1769790581108.jpg\" \/>\n\t<meta property=\"og:image:width\" content=\"1073\" \/>\n\t<meta property=\"og:image:height\" content=\"1072\" \/>\n\t<meta property=\"og:image:type\" content=\"image\/jpeg\" \/>\n<meta name=\"twitter:card\" content=\"summary_large_image\" \/>\n<meta name=\"twitter:site\" content=\"@GianduiaCremino\" \/>\n<meta name=\"twitter:label1\" content=\"Est. reading time\" \/>\n\t<meta name=\"twitter:data1\" content=\"1 minute\" \/>\n<script type=\"application\/ld+json\" class=\"yoast-schema-graph\">{\"@context\":\"https:\/\/schema.org\",\"@graph\":[{\"@type\":\"WebPage\",\"@id\":\"https:\/\/www.chocolate7.com\/en\/shop\/bar\/dark-chocolate-en-2\/vigdis-rosenkilde-peru-echarate-chuncho-dark-chocolate-70-copia\/\",\"url\":\"https:\/\/www.chocolate7.com\/en\/shop\/bar\/dark-chocolate-en-2\/vigdis-rosenkilde-peru-echarate-chuncho-dark-chocolate-70-copia\/\",\"name\":\"Vigdis Rosenkilde Peru Quellouno Chuncho dark chocolate 70% - Chocolate7\",\"isPartOf\":{\"@id\":\"https:\/\/www.chocolate7.com\/#website\"},\"primaryImageOfPage\":{\"@id\":\"https:\/\/www.chocolate7.com\/en\/shop\/bar\/dark-chocolate-en-2\/vigdis-rosenkilde-peru-echarate-chuncho-dark-chocolate-70-copia\/#primaryimage\"},\"image\":{\"@id\":\"https:\/\/www.chocolate7.com\/en\/shop\/bar\/dark-chocolate-en-2\/vigdis-rosenkilde-peru-echarate-chuncho-dark-chocolate-70-copia\/#primaryimage\"},\"thumbnailUrl\":\"https:\/\/www.chocolate7.com\/wp-content\/uploads\/2026\/01\/Screenshot_20260130_164122_Instagram-e1769790581108.jpg\",\"datePublished\":\"2026-01-30T16:18:57+00:00\",\"dateModified\":\"2026-01-30T16:33:51+00:00\",\"breadcrumb\":{\"@id\":\"https:\/\/www.chocolate7.com\/en\/shop\/bar\/dark-chocolate-en-2\/vigdis-rosenkilde-peru-echarate-chuncho-dark-chocolate-70-copia\/#breadcrumb\"},\"inLanguage\":\"en-US\",\"potentialAction\":[{\"@type\":\"ReadAction\",\"target\":[\"https:\/\/www.chocolate7.com\/en\/shop\/bar\/dark-chocolate-en-2\/vigdis-rosenkilde-peru-echarate-chuncho-dark-chocolate-70-copia\/\"]}]},{\"@type\":\"ImageObject\",\"inLanguage\":\"en-US\",\"@id\":\"https:\/\/www.chocolate7.com\/en\/shop\/bar\/dark-chocolate-en-2\/vigdis-rosenkilde-peru-echarate-chuncho-dark-chocolate-70-copia\/#primaryimage\",\"url\":\"https:\/\/www.chocolate7.com\/wp-content\/uploads\/2026\/01\/Screenshot_20260130_164122_Instagram-e1769790581108.jpg\",\"contentUrl\":\"https:\/\/www.chocolate7.com\/wp-content\/uploads\/2026\/01\/Screenshot_20260130_164122_Instagram-e1769790581108.jpg\",\"width\":1073,\"height\":1072},{\"@type\":\"BreadcrumbList\",\"@id\":\"https:\/\/www.chocolate7.com\/en\/shop\/bar\/dark-chocolate-en-2\/vigdis-rosenkilde-peru-echarate-chuncho-dark-chocolate-70-copia\/#breadcrumb\",\"itemListElement\":[{\"@type\":\"ListItem\",\"position\":1,\"name\":\"Home\",\"item\":\"https:\/\/www.chocolate7.com\/en\/\"},{\"@type\":\"ListItem\",\"position\":2,\"name\":\"Shop\",\"item\":\"https:\/\/www.chocolate7.com\/en\/store\/\"},{\"@type\":\"ListItem\",\"position\":3,\"name\":\"Vigdis Rosenkilde Peru Quellouno Chuncho dark chocolate 70%\"}]},{\"@type\":\"WebSite\",\"@id\":\"https:\/\/www.chocolate7.com\/#website\",\"url\":\"https:\/\/www.chocolate7.com\/\",\"name\":\"Chocolate7\",\"description\":\"The fine &amp; luxury chocolate selection\",\"publisher\":{\"@id\":\"https:\/\/www.chocolate7.com\/#organization\"},\"potentialAction\":[{\"@type\":\"SearchAction\",\"target\":{\"@type\":\"EntryPoint\",\"urlTemplate\":\"https:\/\/www.chocolate7.com\/?s={search_term_string}\"},\"query-input\":\"required name=search_term_string\"}],\"inLanguage\":\"en-US\"},{\"@type\":\"Organization\",\"@id\":\"https:\/\/www.chocolate7.com\/#organization\",\"name\":\"Choc7 di Benedetto Giovanni\",\"url\":\"https:\/\/www.chocolate7.com\/\",\"logo\":{\"@type\":\"ImageObject\",\"inLanguage\":\"en-US\",\"@id\":\"https:\/\/www.chocolate7.com\/#\/schema\/logo\/image\/\",\"url\":\"https:\/\/www.chocolate7.com\/wp-content\/uploads\/2018\/10\/logo_chocolate.png\",\"contentUrl\":\"https:\/\/www.chocolate7.com\/wp-content\/uploads\/2018\/10\/logo_chocolate.png\",\"width\":200,\"height\":41,\"caption\":\"Choc7 di Benedetto Giovanni\"},\"image\":{\"@id\":\"https:\/\/www.chocolate7.com\/#\/schema\/logo\/image\/\"},\"sameAs\":[\"https:\/\/www.facebook.com\/cremino.gianduia.1\",\"https:\/\/x.com\/GianduiaCremino\",\"https:\/\/www.instagram.com\/creminogianduia\/\",\"https:\/\/www.pinterest.com.au\/creminogianduia\/\",\"https:\/\/www.youtube.com\/channel\/UCWFQlcc9EQnAsLkD8rBsgig\"]}]}<\/script>\n<!-- \/ Yoast SEO plugin. -->","yoast_head_json":{"title":"Vigdis Rosenkilde Peru Quellouno Chuncho dark chocolate 70% - Chocolate7","robots":{"index":"index","follow":"follow","max-snippet":"max-snippet:-1","max-image-preview":"max-image-preview:large","max-video-preview":"max-video-preview:-1"},"canonical":"https:\/\/www.chocolate7.com\/en\/shop\/bar\/dark-chocolate-en-2\/vigdis-rosenkilde-peru-echarate-chuncho-dark-chocolate-70-copia\/","og_locale":"en_US","og_type":"article","og_title":"Vigdis Rosenkilde Peru Quellouno Chuncho dark chocolate 70% - Chocolate7","og_description":"Vigdis Rosenkilde is a bean to bar chocolate maker from Norway. This fine chocolate bar is made with cocoa from Peru (Quellouno, Chuncho). Vigdis Rosenkilde Peru Quellouno Chuncho dark chocolate 70% has a pleasantly tart flavor, with aromatic notes of honey, cedar, passion fruit, blackcurrant, pecans, dates, green olives, cream, and pink pepper.","og_url":"https:\/\/www.chocolate7.com\/en\/shop\/bar\/dark-chocolate-en-2\/vigdis-rosenkilde-peru-echarate-chuncho-dark-chocolate-70-copia\/","og_site_name":"Chocolate7","article_publisher":"https:\/\/www.facebook.com\/cremino.gianduia.1","article_modified_time":"2026-01-30T16:33:51+00:00","og_image":[{"width":1073,"height":1072,"url":"https:\/\/www.chocolate7.com\/wp-content\/uploads\/2026\/01\/Screenshot_20260130_164122_Instagram-e1769790581108.jpg","type":"image\/jpeg"}],"twitter_card":"summary_large_image","twitter_site":"@GianduiaCremino","twitter_misc":{"Est. reading time":"1 minute"},"schema":{"@context":"https:\/\/schema.org","@graph":[{"@type":"WebPage","@id":"https:\/\/www.chocolate7.com\/en\/shop\/bar\/dark-chocolate-en-2\/vigdis-rosenkilde-peru-echarate-chuncho-dark-chocolate-70-copia\/","url":"https:\/\/www.chocolate7.com\/en\/shop\/bar\/dark-chocolate-en-2\/vigdis-rosenkilde-peru-echarate-chuncho-dark-chocolate-70-copia\/","name":"Vigdis Rosenkilde Peru Quellouno Chuncho dark chocolate 70% - Chocolate7","isPartOf":{"@id":"https:\/\/www.chocolate7.com\/#website"},"primaryImageOfPage":{"@id":"https:\/\/www.chocolate7.com\/en\/shop\/bar\/dark-chocolate-en-2\/vigdis-rosenkilde-peru-echarate-chuncho-dark-chocolate-70-copia\/#primaryimage"},"image":{"@id":"https:\/\/www.chocolate7.com\/en\/shop\/bar\/dark-chocolate-en-2\/vigdis-rosenkilde-peru-echarate-chuncho-dark-chocolate-70-copia\/#primaryimage"},"thumbnailUrl":"https:\/\/www.chocolate7.com\/wp-content\/uploads\/2026\/01\/Screenshot_20260130_164122_Instagram-e1769790581108.jpg","datePublished":"2026-01-30T16:18:57+00:00","dateModified":"2026-01-30T16:33:51+00:00","breadcrumb":{"@id":"https:\/\/www.chocolate7.com\/en\/shop\/bar\/dark-chocolate-en-2\/vigdis-rosenkilde-peru-echarate-chuncho-dark-chocolate-70-copia\/#breadcrumb"},"inLanguage":"en-US","potentialAction":[{"@type":"ReadAction","target":["https:\/\/www.chocolate7.com\/en\/shop\/bar\/dark-chocolate-en-2\/vigdis-rosenkilde-peru-echarate-chuncho-dark-chocolate-70-copia\/"]}]},{"@type":"ImageObject","inLanguage":"en-US","@id":"https:\/\/www.chocolate7.com\/en\/shop\/bar\/dark-chocolate-en-2\/vigdis-rosenkilde-peru-echarate-chuncho-dark-chocolate-70-copia\/#primaryimage","url":"https:\/\/www.chocolate7.com\/wp-content\/uploads\/2026\/01\/Screenshot_20260130_164122_Instagram-e1769790581108.jpg","contentUrl":"https:\/\/www.chocolate7.com\/wp-content\/uploads\/2026\/01\/Screenshot_20260130_164122_Instagram-e1769790581108.jpg","width":1073,"height":1072},{"@type":"BreadcrumbList","@id":"https:\/\/www.chocolate7.com\/en\/shop\/bar\/dark-chocolate-en-2\/vigdis-rosenkilde-peru-echarate-chuncho-dark-chocolate-70-copia\/#breadcrumb","itemListElement":[{"@type":"ListItem","position":1,"name":"Home","item":"https:\/\/www.chocolate7.com\/en\/"},{"@type":"ListItem","position":2,"name":"Shop","item":"https:\/\/www.chocolate7.com\/en\/store\/"},{"@type":"ListItem","position":3,"name":"Vigdis Rosenkilde Peru Quellouno Chuncho dark chocolate 70%"}]},{"@type":"WebSite","@id":"https:\/\/www.chocolate7.com\/#website","url":"https:\/\/www.chocolate7.com\/","name":"Chocolate7","description":"The fine &amp; luxury chocolate selection","publisher":{"@id":"https:\/\/www.chocolate7.com\/#organization"},"potentialAction":[{"@type":"SearchAction","target":{"@type":"EntryPoint","urlTemplate":"https:\/\/www.chocolate7.com\/?s={search_term_string}"},"query-input":"required name=search_term_string"}],"inLanguage":"en-US"},{"@type":"Organization","@id":"https:\/\/www.chocolate7.com\/#organization","name":"Choc7 di Benedetto Giovanni","url":"https:\/\/www.chocolate7.com\/","logo":{"@type":"ImageObject","inLanguage":"en-US","@id":"https:\/\/www.chocolate7.com\/#\/schema\/logo\/image\/","url":"https:\/\/www.chocolate7.com\/wp-content\/uploads\/2018\/10\/logo_chocolate.png","contentUrl":"https:\/\/www.chocolate7.com\/wp-content\/uploads\/2018\/10\/logo_chocolate.png","width":200,"height":41,"caption":"Choc7 di Benedetto Giovanni"},"image":{"@id":"https:\/\/www.chocolate7.com\/#\/schema\/logo\/image\/"},"sameAs":["https:\/\/www.facebook.com\/cremino.gianduia.1","https:\/\/x.com\/GianduiaCremino","https:\/\/www.instagram.com\/creminogianduia\/","https:\/\/www.pinterest.com.au\/creminogianduia\/","https:\/\/www.youtube.com\/channel\/UCWFQlcc9EQnAsLkD8rBsgig"]}]}},"brands":[{"id":14334,"name":"Vigdis Rosenkilde","slug":"vigdis-rosenkilde-en"}],"_links":{"self":[{"href":"https:\/\/www.chocolate7.com\/en\/wp-json\/wp\/v2\/product\/35687","targetHints":{"allow":["GET"]}}],"collection":[{"href":"https:\/\/www.chocolate7.com\/en\/wp-json\/wp\/v2\/product"}],"about":[{"href":"https:\/\/www.chocolate7.com\/en\/wp-json\/wp\/v2\/types\/product"}],"wp:featuredmedia":[{"embeddable":true,"href":"https:\/\/www.chocolate7.com\/en\/wp-json\/wp\/v2\/media\/35689"}],"wp:attachment":[{"href":"https:\/\/www.chocolate7.com\/en\/wp-json\/wp\/v2\/media?parent=35687"}],"wp:term":[{"taxonomy":"pwb-brand","embeddable":true,"href":"https:\/\/www.chocolate7.com\/en\/wp-json\/wp\/v2\/pwb-brand?post=35687"},{"taxonomy":"product_brand","embeddable":true,"href":"https:\/\/www.chocolate7.com\/en\/wp-json\/wp\/v2\/product_brand?post=35687"},{"taxonomy":"product_cat","embeddable":true,"href":"https:\/\/www.chocolate7.com\/en\/wp-json\/wp\/v2\/product_cat?post=35687"},{"taxonomy":"product_tag","embeddable":true,"href":"https:\/\/www.chocolate7.com\/en\/wp-json\/wp\/v2\/product_tag?post=35687"},{"taxonomy":"giftcard-category","embeddable":true,"href":"https:\/\/www.chocolate7.com\/en\/wp-json\/wp\/v2\/giftcard-category?post=35687"}],"curies":[{"name":"wp","href":"https:\/\/api.w.org\/{rel}","templated":true}]}}