{"id":35913,"date":"2026-03-21T13:48:01","date_gmt":"2026-03-21T12:48:02","guid":{"rendered":"https:\/\/www.chocolate7.com\/?post_type=product&#038;p=35913"},"modified":"2026-03-21T15:31:30","modified_gmt":"2026-03-21T14:31:30","slug":"comte-peru-venezuela-dark-chocolate-76-assemblage-copia","status":"publish","type":"product","link":"https:\/\/www.chocolate7.com\/en\/shop\/bar\/dark-chocolate-en-2\/comte-peru-venezuela-dark-chocolate-76-assemblage-copia\/","title":{"rendered":"COMTE Madagascr Sambirano dark chocolate 76%"},"content":{"rendered":"<p style=\"text-align: left;\">Dark chocolate bar &#8211; Made by COMTE<\/p>\n<p>Ce cacao est cultiv\u00e9 dans la r\u00e9gion de Sambirano au Nord de l&#8217;\u00eele o\u00f9 se concentre 95% de la production, il est issu des vari\u00e9t\u00e9s Trinitario et Criollo.<\/p>\n<p>Ces vari\u00e9t\u00e9s, tr\u00e9s pris\u00e9es des amateurs de chocolat ont \u00e9t\u00e9 introduites par les fran\u00e7ais \u00e0 la fin du XIX\u00e8me si\u00e8cle. Cacaoyers, arbres fruitiers, vanilliers et poivriers forment un syst\u00e8me agroforestier unique et tr\u00e9s ancien le long du fleuve Sambirano. C&#8217;est peut-\u00eatre le secret de ce cacao aux ar\u00f4mes de liqueurs de fruits (p\u00eaches, abricots, &#8230;).<\/p>\n<p>&nbsp;<\/p>\n","protected":false},"excerpt":{"rendered":"<p>COMTE is a bean to bar chocolate maker from France. This fine chocolate bar is made with fine cocoa from Madagascar (Sambirano). COMTE Madagascar Sambirano dark chocolate 76% has a pleasantly tart flavor, with aromatic notes of citron, passion fruit, raspberry, green apple, peach, apricot, and tea.<\/p>\n<p>&nbsp;<\/p>\n","protected":false},"featured_media":35915,"template":"","meta":[],"pwb-brand":[12738],"product_brand":[],"product_cat":[3251,3255],"product_tag":[],"giftcard-category":[],"class_list":{"0":"post-35913","1":"product","2":"type-product","3":"status-publish","4":"has-post-thumbnail","6":"pwb-brand-comte-en","7":"product_cat-bar","8":"product_cat-dark-chocolate-en-2","9":"pa_acidita-4-en","10":"pa_amarezza-2-en","11":"pa_astringenza-1-en","12":"pa_cacao-70-79-en","13":"pa_carboidrati-30-g-en","14":"pa_carboidrati-zuccheri-25-g-en","15":"pa_codice-a-barre-3760113280351-en","16":"pa_conservazione-ideal-storage-temperature-17c","17":"pa_dolcezza-3-en","18":"pa_grassi-44-g-en","19":"pa_grassi-saturi-28-g-en","20":"pa_ingredienti-cocoa-beans-organic-cane-sugar","21":"pa_note-di-degustazione-citron-passion-fruit-raspberries-green-apple-peach-apricot-tea","22":"pa_paese-delle-fave-di-cacao-madagascar-en","23":"pa_paese-produttore-france","24":"pa_percentuale-di-cacao-76-en","25":"pa_proteine-9-g-en","26":"pa_regione-sambirano-en","27":"pa_tipo-di-cioccolato-fondente-en","28":"pa_valore-energetico-552-kcal-2307-kj-en","30":"first","31":"instock","32":"taxable","33":"shipping-taxable","34":"purchasable","35":"product-type-simple"},"yoast_head":"<!-- This site is optimized with the Yoast SEO plugin v23.3 - https:\/\/yoast.com\/wordpress\/plugins\/seo\/ -->\n<title>COMTE Madagascr Sambirano dark chocolate 76% - Chocolate7<\/title>\n<meta name=\"robots\" content=\"index, follow, max-snippet:-1, max-image-preview:large, max-video-preview:-1\" \/>\n<link rel=\"canonical\" href=\"https:\/\/www.chocolate7.com\/en\/shop\/bar\/dark-chocolate-en-2\/comte-peru-venezuela-dark-chocolate-76-assemblage-copia\/\" \/>\n<meta property=\"og:locale\" content=\"en_US\" \/>\n<meta property=\"og:type\" content=\"article\" \/>\n<meta property=\"og:title\" content=\"COMTE Madagascr Sambirano dark chocolate 76% - Chocolate7\" \/>\n<meta property=\"og:description\" content=\"COMTE is a bean to bar chocolate maker from France. This fine chocolate bar is made with fine cocoa from Madagascar (Sambirano). COMTE Madagascar Sambirano dark chocolate 76% has a pleasantly tart flavor, with aromatic notes of citron, passion fruit, raspberry, green apple, peach, apricot, and tea.  &nbsp;\" \/>\n<meta property=\"og:url\" content=\"https:\/\/www.chocolate7.com\/en\/shop\/bar\/dark-chocolate-en-2\/comte-peru-venezuela-dark-chocolate-76-assemblage-copia\/\" \/>\n<meta property=\"og:site_name\" content=\"Chocolate7\" \/>\n<meta property=\"article:publisher\" content=\"https:\/\/www.facebook.com\/cremino.gianduia.1\" \/>\n<meta property=\"article:modified_time\" content=\"2026-03-21T14:31:30+00:00\" \/>\n<meta property=\"og:image\" content=\"https:\/\/www.chocolate7.com\/wp-content\/uploads\/2026\/03\/Screenshot_20260321_132355_Instagram-e1774097979102.jpg\" \/>\n\t<meta property=\"og:image:width\" content=\"1049\" \/>\n\t<meta property=\"og:image:height\" content=\"1048\" \/>\n\t<meta property=\"og:image:type\" content=\"image\/jpeg\" \/>\n<meta name=\"twitter:card\" content=\"summary_large_image\" \/>\n<meta name=\"twitter:site\" content=\"@GianduiaCremino\" \/>\n<meta name=\"twitter:label1\" content=\"Est. reading time\" \/>\n\t<meta name=\"twitter:data1\" content=\"1 minute\" \/>\n<script type=\"application\/ld+json\" class=\"yoast-schema-graph\">{\"@context\":\"https:\/\/schema.org\",\"@graph\":[{\"@type\":\"WebPage\",\"@id\":\"https:\/\/www.chocolate7.com\/en\/shop\/bar\/dark-chocolate-en-2\/comte-peru-venezuela-dark-chocolate-76-assemblage-copia\/\",\"url\":\"https:\/\/www.chocolate7.com\/en\/shop\/bar\/dark-chocolate-en-2\/comte-peru-venezuela-dark-chocolate-76-assemblage-copia\/\",\"name\":\"COMTE Madagascr Sambirano dark chocolate 76% - Chocolate7\",\"isPartOf\":{\"@id\":\"https:\/\/www.chocolate7.com\/#website\"},\"primaryImageOfPage\":{\"@id\":\"https:\/\/www.chocolate7.com\/en\/shop\/bar\/dark-chocolate-en-2\/comte-peru-venezuela-dark-chocolate-76-assemblage-copia\/#primaryimage\"},\"image\":{\"@id\":\"https:\/\/www.chocolate7.com\/en\/shop\/bar\/dark-chocolate-en-2\/comte-peru-venezuela-dark-chocolate-76-assemblage-copia\/#primaryimage\"},\"thumbnailUrl\":\"https:\/\/www.chocolate7.com\/wp-content\/uploads\/2026\/03\/Screenshot_20260321_132355_Instagram-e1774097979102.jpg\",\"datePublished\":\"2026-03-21T12:48:02+00:00\",\"dateModified\":\"2026-03-21T14:31:30+00:00\",\"breadcrumb\":{\"@id\":\"https:\/\/www.chocolate7.com\/en\/shop\/bar\/dark-chocolate-en-2\/comte-peru-venezuela-dark-chocolate-76-assemblage-copia\/#breadcrumb\"},\"inLanguage\":\"en-US\",\"potentialAction\":[{\"@type\":\"ReadAction\",\"target\":[\"https:\/\/www.chocolate7.com\/en\/shop\/bar\/dark-chocolate-en-2\/comte-peru-venezuela-dark-chocolate-76-assemblage-copia\/\"]}]},{\"@type\":\"ImageObject\",\"inLanguage\":\"en-US\",\"@id\":\"https:\/\/www.chocolate7.com\/en\/shop\/bar\/dark-chocolate-en-2\/comte-peru-venezuela-dark-chocolate-76-assemblage-copia\/#primaryimage\",\"url\":\"https:\/\/www.chocolate7.com\/wp-content\/uploads\/2026\/03\/Screenshot_20260321_132355_Instagram-e1774097979102.jpg\",\"contentUrl\":\"https:\/\/www.chocolate7.com\/wp-content\/uploads\/2026\/03\/Screenshot_20260321_132355_Instagram-e1774097979102.jpg\",\"width\":1049,\"height\":1048},{\"@type\":\"BreadcrumbList\",\"@id\":\"https:\/\/www.chocolate7.com\/en\/shop\/bar\/dark-chocolate-en-2\/comte-peru-venezuela-dark-chocolate-76-assemblage-copia\/#breadcrumb\",\"itemListElement\":[{\"@type\":\"ListItem\",\"position\":1,\"name\":\"Home\",\"item\":\"https:\/\/www.chocolate7.com\/en\/\"},{\"@type\":\"ListItem\",\"position\":2,\"name\":\"Shop\",\"item\":\"https:\/\/www.chocolate7.com\/en\/store\/\"},{\"@type\":\"ListItem\",\"position\":3,\"name\":\"COMTE Madagascr Sambirano dark chocolate 76%\"}]},{\"@type\":\"WebSite\",\"@id\":\"https:\/\/www.chocolate7.com\/#website\",\"url\":\"https:\/\/www.chocolate7.com\/\",\"name\":\"Chocolate7\",\"description\":\"The fine &amp; luxury chocolate selection\",\"publisher\":{\"@id\":\"https:\/\/www.chocolate7.com\/#organization\"},\"potentialAction\":[{\"@type\":\"SearchAction\",\"target\":{\"@type\":\"EntryPoint\",\"urlTemplate\":\"https:\/\/www.chocolate7.com\/?s={search_term_string}\"},\"query-input\":\"required name=search_term_string\"}],\"inLanguage\":\"en-US\"},{\"@type\":\"Organization\",\"@id\":\"https:\/\/www.chocolate7.com\/#organization\",\"name\":\"Choc7 di Benedetto Giovanni\",\"url\":\"https:\/\/www.chocolate7.com\/\",\"logo\":{\"@type\":\"ImageObject\",\"inLanguage\":\"en-US\",\"@id\":\"https:\/\/www.chocolate7.com\/#\/schema\/logo\/image\/\",\"url\":\"https:\/\/www.chocolate7.com\/wp-content\/uploads\/2018\/10\/logo_chocolate.png\",\"contentUrl\":\"https:\/\/www.chocolate7.com\/wp-content\/uploads\/2018\/10\/logo_chocolate.png\",\"width\":200,\"height\":41,\"caption\":\"Choc7 di Benedetto Giovanni\"},\"image\":{\"@id\":\"https:\/\/www.chocolate7.com\/#\/schema\/logo\/image\/\"},\"sameAs\":[\"https:\/\/www.facebook.com\/cremino.gianduia.1\",\"https:\/\/x.com\/GianduiaCremino\",\"https:\/\/www.instagram.com\/creminogianduia\/\",\"https:\/\/www.pinterest.com.au\/creminogianduia\/\",\"https:\/\/www.youtube.com\/channel\/UCWFQlcc9EQnAsLkD8rBsgig\"]}]}<\/script>\n<!-- \/ Yoast SEO plugin. -->","yoast_head_json":{"title":"COMTE Madagascr Sambirano dark chocolate 76% - Chocolate7","robots":{"index":"index","follow":"follow","max-snippet":"max-snippet:-1","max-image-preview":"max-image-preview:large","max-video-preview":"max-video-preview:-1"},"canonical":"https:\/\/www.chocolate7.com\/en\/shop\/bar\/dark-chocolate-en-2\/comte-peru-venezuela-dark-chocolate-76-assemblage-copia\/","og_locale":"en_US","og_type":"article","og_title":"COMTE Madagascr Sambirano dark chocolate 76% - Chocolate7","og_description":"COMTE is a bean to bar chocolate maker from France. This fine chocolate bar is made with fine cocoa from Madagascar (Sambirano). COMTE Madagascar Sambirano dark chocolate 76% has a pleasantly tart flavor, with aromatic notes of citron, passion fruit, raspberry, green apple, peach, apricot, and tea.  &nbsp;","og_url":"https:\/\/www.chocolate7.com\/en\/shop\/bar\/dark-chocolate-en-2\/comte-peru-venezuela-dark-chocolate-76-assemblage-copia\/","og_site_name":"Chocolate7","article_publisher":"https:\/\/www.facebook.com\/cremino.gianduia.1","article_modified_time":"2026-03-21T14:31:30+00:00","og_image":[{"width":1049,"height":1048,"url":"https:\/\/www.chocolate7.com\/wp-content\/uploads\/2026\/03\/Screenshot_20260321_132355_Instagram-e1774097979102.jpg","type":"image\/jpeg"}],"twitter_card":"summary_large_image","twitter_site":"@GianduiaCremino","twitter_misc":{"Est. reading time":"1 minute"},"schema":{"@context":"https:\/\/schema.org","@graph":[{"@type":"WebPage","@id":"https:\/\/www.chocolate7.com\/en\/shop\/bar\/dark-chocolate-en-2\/comte-peru-venezuela-dark-chocolate-76-assemblage-copia\/","url":"https:\/\/www.chocolate7.com\/en\/shop\/bar\/dark-chocolate-en-2\/comte-peru-venezuela-dark-chocolate-76-assemblage-copia\/","name":"COMTE Madagascr Sambirano dark chocolate 76% - Chocolate7","isPartOf":{"@id":"https:\/\/www.chocolate7.com\/#website"},"primaryImageOfPage":{"@id":"https:\/\/www.chocolate7.com\/en\/shop\/bar\/dark-chocolate-en-2\/comte-peru-venezuela-dark-chocolate-76-assemblage-copia\/#primaryimage"},"image":{"@id":"https:\/\/www.chocolate7.com\/en\/shop\/bar\/dark-chocolate-en-2\/comte-peru-venezuela-dark-chocolate-76-assemblage-copia\/#primaryimage"},"thumbnailUrl":"https:\/\/www.chocolate7.com\/wp-content\/uploads\/2026\/03\/Screenshot_20260321_132355_Instagram-e1774097979102.jpg","datePublished":"2026-03-21T12:48:02+00:00","dateModified":"2026-03-21T14:31:30+00:00","breadcrumb":{"@id":"https:\/\/www.chocolate7.com\/en\/shop\/bar\/dark-chocolate-en-2\/comte-peru-venezuela-dark-chocolate-76-assemblage-copia\/#breadcrumb"},"inLanguage":"en-US","potentialAction":[{"@type":"ReadAction","target":["https:\/\/www.chocolate7.com\/en\/shop\/bar\/dark-chocolate-en-2\/comte-peru-venezuela-dark-chocolate-76-assemblage-copia\/"]}]},{"@type":"ImageObject","inLanguage":"en-US","@id":"https:\/\/www.chocolate7.com\/en\/shop\/bar\/dark-chocolate-en-2\/comte-peru-venezuela-dark-chocolate-76-assemblage-copia\/#primaryimage","url":"https:\/\/www.chocolate7.com\/wp-content\/uploads\/2026\/03\/Screenshot_20260321_132355_Instagram-e1774097979102.jpg","contentUrl":"https:\/\/www.chocolate7.com\/wp-content\/uploads\/2026\/03\/Screenshot_20260321_132355_Instagram-e1774097979102.jpg","width":1049,"height":1048},{"@type":"BreadcrumbList","@id":"https:\/\/www.chocolate7.com\/en\/shop\/bar\/dark-chocolate-en-2\/comte-peru-venezuela-dark-chocolate-76-assemblage-copia\/#breadcrumb","itemListElement":[{"@type":"ListItem","position":1,"name":"Home","item":"https:\/\/www.chocolate7.com\/en\/"},{"@type":"ListItem","position":2,"name":"Shop","item":"https:\/\/www.chocolate7.com\/en\/store\/"},{"@type":"ListItem","position":3,"name":"COMTE Madagascr Sambirano dark chocolate 76%"}]},{"@type":"WebSite","@id":"https:\/\/www.chocolate7.com\/#website","url":"https:\/\/www.chocolate7.com\/","name":"Chocolate7","description":"The fine &amp; luxury chocolate selection","publisher":{"@id":"https:\/\/www.chocolate7.com\/#organization"},"potentialAction":[{"@type":"SearchAction","target":{"@type":"EntryPoint","urlTemplate":"https:\/\/www.chocolate7.com\/?s={search_term_string}"},"query-input":"required name=search_term_string"}],"inLanguage":"en-US"},{"@type":"Organization","@id":"https:\/\/www.chocolate7.com\/#organization","name":"Choc7 di Benedetto Giovanni","url":"https:\/\/www.chocolate7.com\/","logo":{"@type":"ImageObject","inLanguage":"en-US","@id":"https:\/\/www.chocolate7.com\/#\/schema\/logo\/image\/","url":"https:\/\/www.chocolate7.com\/wp-content\/uploads\/2018\/10\/logo_chocolate.png","contentUrl":"https:\/\/www.chocolate7.com\/wp-content\/uploads\/2018\/10\/logo_chocolate.png","width":200,"height":41,"caption":"Choc7 di Benedetto Giovanni"},"image":{"@id":"https:\/\/www.chocolate7.com\/#\/schema\/logo\/image\/"},"sameAs":["https:\/\/www.facebook.com\/cremino.gianduia.1","https:\/\/x.com\/GianduiaCremino","https:\/\/www.instagram.com\/creminogianduia\/","https:\/\/www.pinterest.com.au\/creminogianduia\/","https:\/\/www.youtube.com\/channel\/UCWFQlcc9EQnAsLkD8rBsgig"]}]}},"brands":[{"id":12738,"name":"COMTE","slug":"comte-en"}],"_links":{"self":[{"href":"https:\/\/www.chocolate7.com\/en\/wp-json\/wp\/v2\/product\/35913","targetHints":{"allow":["GET"]}}],"collection":[{"href":"https:\/\/www.chocolate7.com\/en\/wp-json\/wp\/v2\/product"}],"about":[{"href":"https:\/\/www.chocolate7.com\/en\/wp-json\/wp\/v2\/types\/product"}],"wp:featuredmedia":[{"embeddable":true,"href":"https:\/\/www.chocolate7.com\/en\/wp-json\/wp\/v2\/media\/35915"}],"wp:attachment":[{"href":"https:\/\/www.chocolate7.com\/en\/wp-json\/wp\/v2\/media?parent=35913"}],"wp:term":[{"taxonomy":"pwb-brand","embeddable":true,"href":"https:\/\/www.chocolate7.com\/en\/wp-json\/wp\/v2\/pwb-brand?post=35913"},{"taxonomy":"product_brand","embeddable":true,"href":"https:\/\/www.chocolate7.com\/en\/wp-json\/wp\/v2\/product_brand?post=35913"},{"taxonomy":"product_cat","embeddable":true,"href":"https:\/\/www.chocolate7.com\/en\/wp-json\/wp\/v2\/product_cat?post=35913"},{"taxonomy":"product_tag","embeddable":true,"href":"https:\/\/www.chocolate7.com\/en\/wp-json\/wp\/v2\/product_tag?post=35913"},{"taxonomy":"giftcard-category","embeddable":true,"href":"https:\/\/www.chocolate7.com\/en\/wp-json\/wp\/v2\/giftcard-category?post=35913"}],"curies":[{"name":"wp","href":"https:\/\/api.w.org\/{rel}","templated":true}]}}