{"id":35942,"date":"2026-03-24T15:24:41","date_gmt":"2026-03-24T14:24:41","guid":{"rendered":"https:\/\/www.chocolate7.com\/?post_type=product&#038;p=35942"},"modified":"2026-03-24T15:41:37","modified_gmt":"2026-03-24T14:41:37","slug":"comte-ecuador-hacienda-eleonor-copia-2","status":"publish","type":"product","link":"https:\/\/www.chocolate7.com\/en\/shop\/bar\/dark-chocolate-en-2\/comte-ecuador-hacienda-eleonor-copia-2\/","title":{"rendered":"COMTE Peru Utcubamba dark chocolate 84%"},"content":{"rendered":"<p style=\"text-align: left;\">Dark chocolate bar &#8211; Made by COMTE<\/p>\n<p>Ce cacao est produit par la coop\u00e9rative de producteurs d&#8217;Utkku dans la r\u00e9gion de Cajaruro, province d&#8217;Amazonas.<\/p>\n<p>Commentaires\u00a0de d\u00e9gustation d&#8217;Audrey Formosa &#8211; Oenologue :<\/p>\n<p>Le premier nez est fum\u00e9, d\u00e9voilant ensuite un ar\u00f4me de myrtille \u00e0 l&#8217;alcool. A la casse, des ar\u00f4mes fermentaires lact\u00e9s apparaissent. Des notes de caf\u00e9 torr\u00e9fi\u00e9 se r\u00e9v\u00e8lent en entr\u00e9e de bouche, port\u00e9es par une sensation rafraichissante qui arrive spontan\u00e9ment.\u00a0 Une texture fluide laisse une impression fraiche et lact\u00e9e (fromage frais en faisselle) . Ce chocolat au caract\u00e8re affirm\u00e9 joue sur l&#8217;\u00e9quilibre aigre-doux, laissant en bouche une finale longue et acidul\u00e9e.<\/p>\n<p>&nbsp;<\/p>\n","protected":false},"excerpt":{"rendered":"<p>COMTE is a bean to bar chocolate maker from France. This fine chocolate bar is made with cocoa from Peru (Utcubamba). COMTE Peru Utcubamba dark chocolate 84% is a dark chocolate with a pleasantly acidic flavor, with aromatic notes of cedar, blackcurrant, strawberry, hazelnut, coffee, fresh cheese, blueberry liqueur, balsamic vinegar, and smoked wood.<\/p>\n<p>&nbsp;<\/p>\n","protected":false},"featured_media":35944,"template":"","meta":[],"pwb-brand":[12738],"product_brand":[],"product_cat":[3251,3255],"product_tag":[],"giftcard-category":[],"class_list":{"0":"post-35942","1":"product","2":"type-product","3":"status-publish","4":"has-post-thumbnail","6":"pwb-brand-comte-en","7":"product_cat-bar","8":"product_cat-dark-chocolate-en-2","9":"pa_acidita-5-en","10":"pa_amarezza-1-en","11":"pa_astringenza-0-en","12":"pa_cacao-80-89-en","13":"pa_carboidrati-209-g-en","14":"pa_carboidrati-zuccheri-156-g-en","15":"pa_codice-a-barre-3760113280443-en","16":"pa_conservazione-ideal-storage-temperature-17c","17":"pa_dolcezza-4-en","18":"pa_grassi-471-g-en","19":"pa_grassi-saturi-285-g-en","20":"pa_ingredienti-organic-cocoa-beans-organic-cane-sugar-en","21":"pa_note-di-degustazione-cedar-currant-strawberry-hazelnut-coffee-fresh-cheese-blueberry-liqueur-balsamic-vinegar-smoked-wood","22":"pa_paese-delle-fave-di-cacao-peru-en","23":"pa_paese-produttore-france","24":"pa_percentuale-di-cacao-84-en","25":"pa_proteine-10-g-en","26":"pa_regione-utcubamba-en","27":"pa_tipo-di-cioccolato-fondente-en","28":"pa_valore-energetico-548-kcal-2289-kj-en","30":"first","31":"outofstock","32":"taxable","33":"shipping-taxable","34":"purchasable","35":"product-type-simple"},"yoast_head":"<!-- This site is optimized with the Yoast SEO plugin v23.3 - https:\/\/yoast.com\/wordpress\/plugins\/seo\/ -->\n<title>COMTE Peru Utcubamba dark chocolate 84% - Chocolate7<\/title>\n<meta name=\"robots\" content=\"index, follow, max-snippet:-1, max-image-preview:large, max-video-preview:-1\" \/>\n<link rel=\"canonical\" href=\"https:\/\/www.chocolate7.com\/en\/shop\/bar\/dark-chocolate-en-2\/comte-ecuador-hacienda-eleonor-copia-2\/\" \/>\n<meta property=\"og:locale\" content=\"en_US\" \/>\n<meta property=\"og:type\" content=\"article\" \/>\n<meta property=\"og:title\" content=\"COMTE Peru Utcubamba dark chocolate 84% - Chocolate7\" \/>\n<meta property=\"og:description\" content=\"COMTE is a bean to bar chocolate maker from France. This fine chocolate bar is made with cocoa from Peru (Utcubamba). COMTE Peru Utcubamba dark chocolate 84% is a dark chocolate with a pleasantly acidic flavor, with aromatic notes of cedar, blackcurrant, strawberry, hazelnut, coffee, fresh cheese, blueberry liqueur, balsamic vinegar, and smoked wood.  &nbsp;\" \/>\n<meta property=\"og:url\" content=\"https:\/\/www.chocolate7.com\/en\/shop\/bar\/dark-chocolate-en-2\/comte-ecuador-hacienda-eleonor-copia-2\/\" \/>\n<meta property=\"og:site_name\" content=\"Chocolate7\" \/>\n<meta property=\"article:publisher\" content=\"https:\/\/www.facebook.com\/cremino.gianduia.1\" \/>\n<meta property=\"article:modified_time\" content=\"2026-03-24T14:41:37+00:00\" \/>\n<meta property=\"og:image\" content=\"https:\/\/www.chocolate7.com\/wp-content\/uploads\/2026\/03\/Screenshot_20260324_145852_Instagram-e1774362962680.jpg\" \/>\n\t<meta property=\"og:image:width\" content=\"1056\" \/>\n\t<meta property=\"og:image:height\" content=\"1054\" \/>\n\t<meta property=\"og:image:type\" content=\"image\/jpeg\" \/>\n<meta name=\"twitter:card\" content=\"summary_large_image\" \/>\n<meta name=\"twitter:site\" content=\"@GianduiaCremino\" \/>\n<meta name=\"twitter:label1\" content=\"Est. reading time\" \/>\n\t<meta name=\"twitter:data1\" content=\"1 minute\" \/>\n<script type=\"application\/ld+json\" class=\"yoast-schema-graph\">{\"@context\":\"https:\/\/schema.org\",\"@graph\":[{\"@type\":\"WebPage\",\"@id\":\"https:\/\/www.chocolate7.com\/en\/shop\/bar\/dark-chocolate-en-2\/comte-ecuador-hacienda-eleonor-copia-2\/\",\"url\":\"https:\/\/www.chocolate7.com\/en\/shop\/bar\/dark-chocolate-en-2\/comte-ecuador-hacienda-eleonor-copia-2\/\",\"name\":\"COMTE Peru Utcubamba dark chocolate 84% - Chocolate7\",\"isPartOf\":{\"@id\":\"https:\/\/www.chocolate7.com\/#website\"},\"primaryImageOfPage\":{\"@id\":\"https:\/\/www.chocolate7.com\/en\/shop\/bar\/dark-chocolate-en-2\/comte-ecuador-hacienda-eleonor-copia-2\/#primaryimage\"},\"image\":{\"@id\":\"https:\/\/www.chocolate7.com\/en\/shop\/bar\/dark-chocolate-en-2\/comte-ecuador-hacienda-eleonor-copia-2\/#primaryimage\"},\"thumbnailUrl\":\"https:\/\/www.chocolate7.com\/wp-content\/uploads\/2026\/03\/Screenshot_20260324_145852_Instagram-e1774362962680.jpg\",\"datePublished\":\"2026-03-24T14:24:41+00:00\",\"dateModified\":\"2026-03-24T14:41:37+00:00\",\"breadcrumb\":{\"@id\":\"https:\/\/www.chocolate7.com\/en\/shop\/bar\/dark-chocolate-en-2\/comte-ecuador-hacienda-eleonor-copia-2\/#breadcrumb\"},\"inLanguage\":\"en-US\",\"potentialAction\":[{\"@type\":\"ReadAction\",\"target\":[\"https:\/\/www.chocolate7.com\/en\/shop\/bar\/dark-chocolate-en-2\/comte-ecuador-hacienda-eleonor-copia-2\/\"]}]},{\"@type\":\"ImageObject\",\"inLanguage\":\"en-US\",\"@id\":\"https:\/\/www.chocolate7.com\/en\/shop\/bar\/dark-chocolate-en-2\/comte-ecuador-hacienda-eleonor-copia-2\/#primaryimage\",\"url\":\"https:\/\/www.chocolate7.com\/wp-content\/uploads\/2026\/03\/Screenshot_20260324_145852_Instagram-e1774362962680.jpg\",\"contentUrl\":\"https:\/\/www.chocolate7.com\/wp-content\/uploads\/2026\/03\/Screenshot_20260324_145852_Instagram-e1774362962680.jpg\",\"width\":1056,\"height\":1054},{\"@type\":\"BreadcrumbList\",\"@id\":\"https:\/\/www.chocolate7.com\/en\/shop\/bar\/dark-chocolate-en-2\/comte-ecuador-hacienda-eleonor-copia-2\/#breadcrumb\",\"itemListElement\":[{\"@type\":\"ListItem\",\"position\":1,\"name\":\"Home\",\"item\":\"https:\/\/www.chocolate7.com\/en\/\"},{\"@type\":\"ListItem\",\"position\":2,\"name\":\"Shop\",\"item\":\"https:\/\/www.chocolate7.com\/en\/store\/\"},{\"@type\":\"ListItem\",\"position\":3,\"name\":\"COMTE Peru Utcubamba dark chocolate 84%\"}]},{\"@type\":\"WebSite\",\"@id\":\"https:\/\/www.chocolate7.com\/#website\",\"url\":\"https:\/\/www.chocolate7.com\/\",\"name\":\"Chocolate7\",\"description\":\"The fine &amp; luxury chocolate selection\",\"publisher\":{\"@id\":\"https:\/\/www.chocolate7.com\/#organization\"},\"potentialAction\":[{\"@type\":\"SearchAction\",\"target\":{\"@type\":\"EntryPoint\",\"urlTemplate\":\"https:\/\/www.chocolate7.com\/?s={search_term_string}\"},\"query-input\":\"required name=search_term_string\"}],\"inLanguage\":\"en-US\"},{\"@type\":\"Organization\",\"@id\":\"https:\/\/www.chocolate7.com\/#organization\",\"name\":\"Choc7 di Benedetto Giovanni\",\"url\":\"https:\/\/www.chocolate7.com\/\",\"logo\":{\"@type\":\"ImageObject\",\"inLanguage\":\"en-US\",\"@id\":\"https:\/\/www.chocolate7.com\/#\/schema\/logo\/image\/\",\"url\":\"https:\/\/www.chocolate7.com\/wp-content\/uploads\/2018\/10\/logo_chocolate.png\",\"contentUrl\":\"https:\/\/www.chocolate7.com\/wp-content\/uploads\/2018\/10\/logo_chocolate.png\",\"width\":200,\"height\":41,\"caption\":\"Choc7 di Benedetto Giovanni\"},\"image\":{\"@id\":\"https:\/\/www.chocolate7.com\/#\/schema\/logo\/image\/\"},\"sameAs\":[\"https:\/\/www.facebook.com\/cremino.gianduia.1\",\"https:\/\/x.com\/GianduiaCremino\",\"https:\/\/www.instagram.com\/creminogianduia\/\",\"https:\/\/www.pinterest.com.au\/creminogianduia\/\",\"https:\/\/www.youtube.com\/channel\/UCWFQlcc9EQnAsLkD8rBsgig\"]}]}<\/script>\n<!-- \/ Yoast SEO plugin. -->","yoast_head_json":{"title":"COMTE Peru Utcubamba dark chocolate 84% - Chocolate7","robots":{"index":"index","follow":"follow","max-snippet":"max-snippet:-1","max-image-preview":"max-image-preview:large","max-video-preview":"max-video-preview:-1"},"canonical":"https:\/\/www.chocolate7.com\/en\/shop\/bar\/dark-chocolate-en-2\/comte-ecuador-hacienda-eleonor-copia-2\/","og_locale":"en_US","og_type":"article","og_title":"COMTE Peru Utcubamba dark chocolate 84% - Chocolate7","og_description":"COMTE is a bean to bar chocolate maker from France. This fine chocolate bar is made with cocoa from Peru (Utcubamba). COMTE Peru Utcubamba dark chocolate 84% is a dark chocolate with a pleasantly acidic flavor, with aromatic notes of cedar, blackcurrant, strawberry, hazelnut, coffee, fresh cheese, blueberry liqueur, balsamic vinegar, and smoked wood.  &nbsp;","og_url":"https:\/\/www.chocolate7.com\/en\/shop\/bar\/dark-chocolate-en-2\/comte-ecuador-hacienda-eleonor-copia-2\/","og_site_name":"Chocolate7","article_publisher":"https:\/\/www.facebook.com\/cremino.gianduia.1","article_modified_time":"2026-03-24T14:41:37+00:00","og_image":[{"width":1056,"height":1054,"url":"https:\/\/www.chocolate7.com\/wp-content\/uploads\/2026\/03\/Screenshot_20260324_145852_Instagram-e1774362962680.jpg","type":"image\/jpeg"}],"twitter_card":"summary_large_image","twitter_site":"@GianduiaCremino","twitter_misc":{"Est. reading time":"1 minute"},"schema":{"@context":"https:\/\/schema.org","@graph":[{"@type":"WebPage","@id":"https:\/\/www.chocolate7.com\/en\/shop\/bar\/dark-chocolate-en-2\/comte-ecuador-hacienda-eleonor-copia-2\/","url":"https:\/\/www.chocolate7.com\/en\/shop\/bar\/dark-chocolate-en-2\/comte-ecuador-hacienda-eleonor-copia-2\/","name":"COMTE Peru Utcubamba dark chocolate 84% - Chocolate7","isPartOf":{"@id":"https:\/\/www.chocolate7.com\/#website"},"primaryImageOfPage":{"@id":"https:\/\/www.chocolate7.com\/en\/shop\/bar\/dark-chocolate-en-2\/comte-ecuador-hacienda-eleonor-copia-2\/#primaryimage"},"image":{"@id":"https:\/\/www.chocolate7.com\/en\/shop\/bar\/dark-chocolate-en-2\/comte-ecuador-hacienda-eleonor-copia-2\/#primaryimage"},"thumbnailUrl":"https:\/\/www.chocolate7.com\/wp-content\/uploads\/2026\/03\/Screenshot_20260324_145852_Instagram-e1774362962680.jpg","datePublished":"2026-03-24T14:24:41+00:00","dateModified":"2026-03-24T14:41:37+00:00","breadcrumb":{"@id":"https:\/\/www.chocolate7.com\/en\/shop\/bar\/dark-chocolate-en-2\/comte-ecuador-hacienda-eleonor-copia-2\/#breadcrumb"},"inLanguage":"en-US","potentialAction":[{"@type":"ReadAction","target":["https:\/\/www.chocolate7.com\/en\/shop\/bar\/dark-chocolate-en-2\/comte-ecuador-hacienda-eleonor-copia-2\/"]}]},{"@type":"ImageObject","inLanguage":"en-US","@id":"https:\/\/www.chocolate7.com\/en\/shop\/bar\/dark-chocolate-en-2\/comte-ecuador-hacienda-eleonor-copia-2\/#primaryimage","url":"https:\/\/www.chocolate7.com\/wp-content\/uploads\/2026\/03\/Screenshot_20260324_145852_Instagram-e1774362962680.jpg","contentUrl":"https:\/\/www.chocolate7.com\/wp-content\/uploads\/2026\/03\/Screenshot_20260324_145852_Instagram-e1774362962680.jpg","width":1056,"height":1054},{"@type":"BreadcrumbList","@id":"https:\/\/www.chocolate7.com\/en\/shop\/bar\/dark-chocolate-en-2\/comte-ecuador-hacienda-eleonor-copia-2\/#breadcrumb","itemListElement":[{"@type":"ListItem","position":1,"name":"Home","item":"https:\/\/www.chocolate7.com\/en\/"},{"@type":"ListItem","position":2,"name":"Shop","item":"https:\/\/www.chocolate7.com\/en\/store\/"},{"@type":"ListItem","position":3,"name":"COMTE Peru Utcubamba dark chocolate 84%"}]},{"@type":"WebSite","@id":"https:\/\/www.chocolate7.com\/#website","url":"https:\/\/www.chocolate7.com\/","name":"Chocolate7","description":"The fine &amp; luxury chocolate selection","publisher":{"@id":"https:\/\/www.chocolate7.com\/#organization"},"potentialAction":[{"@type":"SearchAction","target":{"@type":"EntryPoint","urlTemplate":"https:\/\/www.chocolate7.com\/?s={search_term_string}"},"query-input":"required name=search_term_string"}],"inLanguage":"en-US"},{"@type":"Organization","@id":"https:\/\/www.chocolate7.com\/#organization","name":"Choc7 di Benedetto Giovanni","url":"https:\/\/www.chocolate7.com\/","logo":{"@type":"ImageObject","inLanguage":"en-US","@id":"https:\/\/www.chocolate7.com\/#\/schema\/logo\/image\/","url":"https:\/\/www.chocolate7.com\/wp-content\/uploads\/2018\/10\/logo_chocolate.png","contentUrl":"https:\/\/www.chocolate7.com\/wp-content\/uploads\/2018\/10\/logo_chocolate.png","width":200,"height":41,"caption":"Choc7 di Benedetto Giovanni"},"image":{"@id":"https:\/\/www.chocolate7.com\/#\/schema\/logo\/image\/"},"sameAs":["https:\/\/www.facebook.com\/cremino.gianduia.1","https:\/\/x.com\/GianduiaCremino","https:\/\/www.instagram.com\/creminogianduia\/","https:\/\/www.pinterest.com.au\/creminogianduia\/","https:\/\/www.youtube.com\/channel\/UCWFQlcc9EQnAsLkD8rBsgig"]}]}},"brands":[{"id":12738,"name":"COMTE","slug":"comte-en"}],"_links":{"self":[{"href":"https:\/\/www.chocolate7.com\/en\/wp-json\/wp\/v2\/product\/35942","targetHints":{"allow":["GET"]}}],"collection":[{"href":"https:\/\/www.chocolate7.com\/en\/wp-json\/wp\/v2\/product"}],"about":[{"href":"https:\/\/www.chocolate7.com\/en\/wp-json\/wp\/v2\/types\/product"}],"wp:featuredmedia":[{"embeddable":true,"href":"https:\/\/www.chocolate7.com\/en\/wp-json\/wp\/v2\/media\/35944"}],"wp:attachment":[{"href":"https:\/\/www.chocolate7.com\/en\/wp-json\/wp\/v2\/media?parent=35942"}],"wp:term":[{"taxonomy":"pwb-brand","embeddable":true,"href":"https:\/\/www.chocolate7.com\/en\/wp-json\/wp\/v2\/pwb-brand?post=35942"},{"taxonomy":"product_brand","embeddable":true,"href":"https:\/\/www.chocolate7.com\/en\/wp-json\/wp\/v2\/product_brand?post=35942"},{"taxonomy":"product_cat","embeddable":true,"href":"https:\/\/www.chocolate7.com\/en\/wp-json\/wp\/v2\/product_cat?post=35942"},{"taxonomy":"product_tag","embeddable":true,"href":"https:\/\/www.chocolate7.com\/en\/wp-json\/wp\/v2\/product_tag?post=35942"},{"taxonomy":"giftcard-category","embeddable":true,"href":"https:\/\/www.chocolate7.com\/en\/wp-json\/wp\/v2\/giftcard-category?post=35942"}],"curies":[{"name":"wp","href":"https:\/\/api.w.org\/{rel}","templated":true}]}}