{"id":35952,"date":"2026-03-24T17:48:40","date_gmt":"2026-03-24T16:48:41","guid":{"rendered":"https:\/\/www.chocolate7.com\/?post_type=product&#038;p=35952"},"modified":"2026-03-26T19:51:16","modified_gmt":"2026-03-26T18:51:16","slug":"encuentro-dominican-republic-oko-caribe-copia","status":"publish","type":"product","link":"https:\/\/www.chocolate7.com\/en\/shop\/bar\/dark-chocolate-milk-chocolate-en\/encuentro-dominican-republic-oko-caribe-copia\/","title":{"rendered":"Encuentro Dominican Republic Zorzal Dark chocolate 85% with fleur de sel"},"content":{"rendered":"<p style=\"text-align: left;\">Dark chocolate Bar &#8211; Made by Encuentro<\/p>\n<div class=\"product__block__text\">\n<p>Origine du cacao : R\u00e9publique Dominicaine<\/p>\n<\/div>\n<div class=\"product__block__text\">\n<p>Type de chocolat : Doux &amp; El\u00e9gant<\/p>\n<\/div>\n<div class=\"product__block__text\">\n<p><span class=\"metafield-multi_line_text_field\">Notes de d\u00e9gustation : Fruits rouges avec une l\u00e9g\u00e8re amertume<\/span><\/p>\n<p>Sur la mythique \u00eele de Noirmoutier, jadis nomm\u00e9e\u00a0\u00eele d\u2019Her, Fran\u00e7ois perp\u00e9tue un h\u00e9ritage pr\u00e9cieux :\u00a0celui d\u2019un sel pur et naturel, le sel Herio.<\/p>\n<p>Recueillie\u00a0\u00e0 la main, la fleur de sel vient magnifier les nuances\u00a0fruit\u00e9es et la subtile amertume de notre chocolat 85%\u00a0R\u00e9publique Dominicaine. Un mariage de saveurs,\u00a0sinc\u00e8re et gourmand, symbole de la passion partag\u00e9e\u00a0entre deux Maisons d&#8217;excellence.<\/p>\n<\/div>\n","protected":false},"excerpt":{"rendered":"<p>Encuentro is a bean to bar chocolate maker from France.This fine chocolate bar is made with cocoa from Dominican Republic (Zorzal). Encuentro Dominican Republic Zorzal dark chocolate 85% with fleur de sel is a dark chocolate with a pleasantly bitter taste, with aromatic notes of red fruits, salted roasted almonds, and roasted coffee beans.<\/p>\n<p>&nbsp;<\/p>\n","protected":false},"featured_media":35954,"template":"","meta":[],"pwb-brand":[5613],"product_brand":[],"product_cat":[3251,3256],"product_tag":[],"giftcard-category":[],"class_list":{"0":"post-35952","1":"product","2":"type-product","3":"status-publish","4":"has-post-thumbnail","6":"pwb-brand-encuentro-en-2","7":"product_cat-bar","8":"product_cat-dark-chocolate-milk-chocolate-en","9":"pa_acidita-2-en","10":"pa_allergeni-may-contain-traces-of-nuts-and-sesame","11":"pa_amarezza-5-en","12":"pa_astringenza-1-en","13":"pa_cacao-80-89-en","14":"pa_carboidrati-223-g-en","15":"pa_carboidrati-zuccheri-144-g-en","16":"pa_certificazioni-organic","17":"pa_dolcezza-2-en","18":"pa_fibre-148-g-en","19":"pa_grassi-463-g-en","20":"pa_grassi-saturi-273-g-en","21":"pa_ingredienti-dominican-republic-cocoa-beans-and-brazilian-cane-sugar-noirmoutier-salt-0-4-ingredients-from-organic-farming-certified-organic-by-fr-bio-10-non-eu-agriculture","22":"pa_note-di-degustazione-red-fruits-salted-roasted-almond-roasted-coffee-bean","23":"pa_paese-delle-fave-di-cacao-dominican-republic","24":"pa_paese-produttore-france","25":"pa_percentuale-di-cacao-85-en","26":"pa_proteine-12-g-en","27":"pa_regione-zorzal-en","28":"pa_sale-04-g-en","29":"pa_tipo-di-cioccolato-flavoured-filled-inclusions-dark-chocolate","30":"pa_valore-energetico-2416-kj-584-kcal-en","32":"first","33":"instock","34":"taxable","35":"shipping-taxable","36":"purchasable","37":"product-type-simple"},"yoast_head":"<!-- This site is optimized with the Yoast SEO plugin v23.3 - https:\/\/yoast.com\/wordpress\/plugins\/seo\/ -->\n<title>Encuentro Dominican Republic Zorzal Dark chocolate 85% with fleur de sel - Chocolate7<\/title>\n<meta name=\"robots\" content=\"index, follow, max-snippet:-1, max-image-preview:large, max-video-preview:-1\" \/>\n<link rel=\"canonical\" href=\"https:\/\/www.chocolate7.com\/en\/shop\/bar\/dark-chocolate-milk-chocolate-en\/encuentro-dominican-republic-oko-caribe-copia\/\" \/>\n<meta property=\"og:locale\" content=\"en_US\" \/>\n<meta property=\"og:type\" content=\"article\" \/>\n<meta property=\"og:title\" content=\"Encuentro Dominican Republic Zorzal Dark chocolate 85% with fleur de sel - Chocolate7\" \/>\n<meta property=\"og:description\" content=\"Encuentro is a bean to bar chocolate maker from France.This fine chocolate bar is made with cocoa from Dominican Republic (Zorzal). Encuentro Dominican Republic Zorzal dark chocolate 85% with fleur de sel is a dark chocolate with a pleasantly bitter taste, with aromatic notes of red fruits, salted roasted almonds, and roasted coffee beans.  &nbsp;\" \/>\n<meta property=\"og:url\" content=\"https:\/\/www.chocolate7.com\/en\/shop\/bar\/dark-chocolate-milk-chocolate-en\/encuentro-dominican-republic-oko-caribe-copia\/\" \/>\n<meta property=\"og:site_name\" content=\"Chocolate7\" \/>\n<meta property=\"article:publisher\" content=\"https:\/\/www.facebook.com\/cremino.gianduia.1\" \/>\n<meta property=\"article:modified_time\" content=\"2026-03-26T18:51:16+00:00\" \/>\n<meta property=\"og:image\" content=\"https:\/\/www.chocolate7.com\/wp-content\/uploads\/2026\/03\/Screenshot_20260324_174138_Instagram-e1774371850223.jpg\" \/>\n\t<meta property=\"og:image:width\" content=\"1040\" \/>\n\t<meta property=\"og:image:height\" content=\"1038\" \/>\n\t<meta property=\"og:image:type\" content=\"image\/jpeg\" \/>\n<meta name=\"twitter:card\" content=\"summary_large_image\" \/>\n<meta name=\"twitter:site\" content=\"@GianduiaCremino\" \/>\n<meta name=\"twitter:label1\" content=\"Est. reading time\" \/>\n\t<meta name=\"twitter:data1\" content=\"1 minute\" \/>\n<script type=\"application\/ld+json\" class=\"yoast-schema-graph\">{\"@context\":\"https:\/\/schema.org\",\"@graph\":[{\"@type\":\"WebPage\",\"@id\":\"https:\/\/www.chocolate7.com\/en\/shop\/bar\/dark-chocolate-milk-chocolate-en\/encuentro-dominican-republic-oko-caribe-copia\/\",\"url\":\"https:\/\/www.chocolate7.com\/en\/shop\/bar\/dark-chocolate-milk-chocolate-en\/encuentro-dominican-republic-oko-caribe-copia\/\",\"name\":\"Encuentro Dominican Republic Zorzal Dark chocolate 85% with fleur de sel - Chocolate7\",\"isPartOf\":{\"@id\":\"https:\/\/www.chocolate7.com\/#website\"},\"primaryImageOfPage\":{\"@id\":\"https:\/\/www.chocolate7.com\/en\/shop\/bar\/dark-chocolate-milk-chocolate-en\/encuentro-dominican-republic-oko-caribe-copia\/#primaryimage\"},\"image\":{\"@id\":\"https:\/\/www.chocolate7.com\/en\/shop\/bar\/dark-chocolate-milk-chocolate-en\/encuentro-dominican-republic-oko-caribe-copia\/#primaryimage\"},\"thumbnailUrl\":\"https:\/\/www.chocolate7.com\/wp-content\/uploads\/2026\/03\/Screenshot_20260324_174138_Instagram-e1774371850223.jpg\",\"datePublished\":\"2026-03-24T16:48:41+00:00\",\"dateModified\":\"2026-03-26T18:51:16+00:00\",\"breadcrumb\":{\"@id\":\"https:\/\/www.chocolate7.com\/en\/shop\/bar\/dark-chocolate-milk-chocolate-en\/encuentro-dominican-republic-oko-caribe-copia\/#breadcrumb\"},\"inLanguage\":\"en-US\",\"potentialAction\":[{\"@type\":\"ReadAction\",\"target\":[\"https:\/\/www.chocolate7.com\/en\/shop\/bar\/dark-chocolate-milk-chocolate-en\/encuentro-dominican-republic-oko-caribe-copia\/\"]}]},{\"@type\":\"ImageObject\",\"inLanguage\":\"en-US\",\"@id\":\"https:\/\/www.chocolate7.com\/en\/shop\/bar\/dark-chocolate-milk-chocolate-en\/encuentro-dominican-republic-oko-caribe-copia\/#primaryimage\",\"url\":\"https:\/\/www.chocolate7.com\/wp-content\/uploads\/2026\/03\/Screenshot_20260324_174138_Instagram-e1774371850223.jpg\",\"contentUrl\":\"https:\/\/www.chocolate7.com\/wp-content\/uploads\/2026\/03\/Screenshot_20260324_174138_Instagram-e1774371850223.jpg\",\"width\":1040,\"height\":1038},{\"@type\":\"BreadcrumbList\",\"@id\":\"https:\/\/www.chocolate7.com\/en\/shop\/bar\/dark-chocolate-milk-chocolate-en\/encuentro-dominican-republic-oko-caribe-copia\/#breadcrumb\",\"itemListElement\":[{\"@type\":\"ListItem\",\"position\":1,\"name\":\"Home\",\"item\":\"https:\/\/www.chocolate7.com\/en\/\"},{\"@type\":\"ListItem\",\"position\":2,\"name\":\"Shop\",\"item\":\"https:\/\/www.chocolate7.com\/en\/store\/\"},{\"@type\":\"ListItem\",\"position\":3,\"name\":\"Encuentro Dominican Republic Zorzal Dark chocolate 85% with fleur de sel\"}]},{\"@type\":\"WebSite\",\"@id\":\"https:\/\/www.chocolate7.com\/#website\",\"url\":\"https:\/\/www.chocolate7.com\/\",\"name\":\"Chocolate7\",\"description\":\"The fine &amp; luxury chocolate selection\",\"publisher\":{\"@id\":\"https:\/\/www.chocolate7.com\/#organization\"},\"potentialAction\":[{\"@type\":\"SearchAction\",\"target\":{\"@type\":\"EntryPoint\",\"urlTemplate\":\"https:\/\/www.chocolate7.com\/?s={search_term_string}\"},\"query-input\":\"required name=search_term_string\"}],\"inLanguage\":\"en-US\"},{\"@type\":\"Organization\",\"@id\":\"https:\/\/www.chocolate7.com\/#organization\",\"name\":\"Choc7 di Benedetto Giovanni\",\"url\":\"https:\/\/www.chocolate7.com\/\",\"logo\":{\"@type\":\"ImageObject\",\"inLanguage\":\"en-US\",\"@id\":\"https:\/\/www.chocolate7.com\/#\/schema\/logo\/image\/\",\"url\":\"https:\/\/www.chocolate7.com\/wp-content\/uploads\/2018\/10\/logo_chocolate.png\",\"contentUrl\":\"https:\/\/www.chocolate7.com\/wp-content\/uploads\/2018\/10\/logo_chocolate.png\",\"width\":200,\"height\":41,\"caption\":\"Choc7 di Benedetto Giovanni\"},\"image\":{\"@id\":\"https:\/\/www.chocolate7.com\/#\/schema\/logo\/image\/\"},\"sameAs\":[\"https:\/\/www.facebook.com\/cremino.gianduia.1\",\"https:\/\/x.com\/GianduiaCremino\",\"https:\/\/www.instagram.com\/creminogianduia\/\",\"https:\/\/www.pinterest.com.au\/creminogianduia\/\",\"https:\/\/www.youtube.com\/channel\/UCWFQlcc9EQnAsLkD8rBsgig\"]}]}<\/script>\n<!-- \/ Yoast SEO plugin. -->","yoast_head_json":{"title":"Encuentro Dominican Republic Zorzal Dark chocolate 85% with fleur de sel - Chocolate7","robots":{"index":"index","follow":"follow","max-snippet":"max-snippet:-1","max-image-preview":"max-image-preview:large","max-video-preview":"max-video-preview:-1"},"canonical":"https:\/\/www.chocolate7.com\/en\/shop\/bar\/dark-chocolate-milk-chocolate-en\/encuentro-dominican-republic-oko-caribe-copia\/","og_locale":"en_US","og_type":"article","og_title":"Encuentro Dominican Republic Zorzal Dark chocolate 85% with fleur de sel - Chocolate7","og_description":"Encuentro is a bean to bar chocolate maker from France.This fine chocolate bar is made with cocoa from Dominican Republic (Zorzal). Encuentro Dominican Republic Zorzal dark chocolate 85% with fleur de sel is a dark chocolate with a pleasantly bitter taste, with aromatic notes of red fruits, salted roasted almonds, and roasted coffee beans.  &nbsp;","og_url":"https:\/\/www.chocolate7.com\/en\/shop\/bar\/dark-chocolate-milk-chocolate-en\/encuentro-dominican-republic-oko-caribe-copia\/","og_site_name":"Chocolate7","article_publisher":"https:\/\/www.facebook.com\/cremino.gianduia.1","article_modified_time":"2026-03-26T18:51:16+00:00","og_image":[{"width":1040,"height":1038,"url":"https:\/\/www.chocolate7.com\/wp-content\/uploads\/2026\/03\/Screenshot_20260324_174138_Instagram-e1774371850223.jpg","type":"image\/jpeg"}],"twitter_card":"summary_large_image","twitter_site":"@GianduiaCremino","twitter_misc":{"Est. reading time":"1 minute"},"schema":{"@context":"https:\/\/schema.org","@graph":[{"@type":"WebPage","@id":"https:\/\/www.chocolate7.com\/en\/shop\/bar\/dark-chocolate-milk-chocolate-en\/encuentro-dominican-republic-oko-caribe-copia\/","url":"https:\/\/www.chocolate7.com\/en\/shop\/bar\/dark-chocolate-milk-chocolate-en\/encuentro-dominican-republic-oko-caribe-copia\/","name":"Encuentro Dominican Republic Zorzal Dark chocolate 85% with fleur de sel - Chocolate7","isPartOf":{"@id":"https:\/\/www.chocolate7.com\/#website"},"primaryImageOfPage":{"@id":"https:\/\/www.chocolate7.com\/en\/shop\/bar\/dark-chocolate-milk-chocolate-en\/encuentro-dominican-republic-oko-caribe-copia\/#primaryimage"},"image":{"@id":"https:\/\/www.chocolate7.com\/en\/shop\/bar\/dark-chocolate-milk-chocolate-en\/encuentro-dominican-republic-oko-caribe-copia\/#primaryimage"},"thumbnailUrl":"https:\/\/www.chocolate7.com\/wp-content\/uploads\/2026\/03\/Screenshot_20260324_174138_Instagram-e1774371850223.jpg","datePublished":"2026-03-24T16:48:41+00:00","dateModified":"2026-03-26T18:51:16+00:00","breadcrumb":{"@id":"https:\/\/www.chocolate7.com\/en\/shop\/bar\/dark-chocolate-milk-chocolate-en\/encuentro-dominican-republic-oko-caribe-copia\/#breadcrumb"},"inLanguage":"en-US","potentialAction":[{"@type":"ReadAction","target":["https:\/\/www.chocolate7.com\/en\/shop\/bar\/dark-chocolate-milk-chocolate-en\/encuentro-dominican-republic-oko-caribe-copia\/"]}]},{"@type":"ImageObject","inLanguage":"en-US","@id":"https:\/\/www.chocolate7.com\/en\/shop\/bar\/dark-chocolate-milk-chocolate-en\/encuentro-dominican-republic-oko-caribe-copia\/#primaryimage","url":"https:\/\/www.chocolate7.com\/wp-content\/uploads\/2026\/03\/Screenshot_20260324_174138_Instagram-e1774371850223.jpg","contentUrl":"https:\/\/www.chocolate7.com\/wp-content\/uploads\/2026\/03\/Screenshot_20260324_174138_Instagram-e1774371850223.jpg","width":1040,"height":1038},{"@type":"BreadcrumbList","@id":"https:\/\/www.chocolate7.com\/en\/shop\/bar\/dark-chocolate-milk-chocolate-en\/encuentro-dominican-republic-oko-caribe-copia\/#breadcrumb","itemListElement":[{"@type":"ListItem","position":1,"name":"Home","item":"https:\/\/www.chocolate7.com\/en\/"},{"@type":"ListItem","position":2,"name":"Shop","item":"https:\/\/www.chocolate7.com\/en\/store\/"},{"@type":"ListItem","position":3,"name":"Encuentro Dominican Republic Zorzal Dark chocolate 85% with fleur de sel"}]},{"@type":"WebSite","@id":"https:\/\/www.chocolate7.com\/#website","url":"https:\/\/www.chocolate7.com\/","name":"Chocolate7","description":"The fine &amp; luxury chocolate selection","publisher":{"@id":"https:\/\/www.chocolate7.com\/#organization"},"potentialAction":[{"@type":"SearchAction","target":{"@type":"EntryPoint","urlTemplate":"https:\/\/www.chocolate7.com\/?s={search_term_string}"},"query-input":"required name=search_term_string"}],"inLanguage":"en-US"},{"@type":"Organization","@id":"https:\/\/www.chocolate7.com\/#organization","name":"Choc7 di Benedetto Giovanni","url":"https:\/\/www.chocolate7.com\/","logo":{"@type":"ImageObject","inLanguage":"en-US","@id":"https:\/\/www.chocolate7.com\/#\/schema\/logo\/image\/","url":"https:\/\/www.chocolate7.com\/wp-content\/uploads\/2018\/10\/logo_chocolate.png","contentUrl":"https:\/\/www.chocolate7.com\/wp-content\/uploads\/2018\/10\/logo_chocolate.png","width":200,"height":41,"caption":"Choc7 di Benedetto Giovanni"},"image":{"@id":"https:\/\/www.chocolate7.com\/#\/schema\/logo\/image\/"},"sameAs":["https:\/\/www.facebook.com\/cremino.gianduia.1","https:\/\/x.com\/GianduiaCremino","https:\/\/www.instagram.com\/creminogianduia\/","https:\/\/www.pinterest.com.au\/creminogianduia\/","https:\/\/www.youtube.com\/channel\/UCWFQlcc9EQnAsLkD8rBsgig"]}]}},"brands":[{"id":5613,"name":"Encuentro","slug":"encuentro-en-2"}],"_links":{"self":[{"href":"https:\/\/www.chocolate7.com\/en\/wp-json\/wp\/v2\/product\/35952","targetHints":{"allow":["GET"]}}],"collection":[{"href":"https:\/\/www.chocolate7.com\/en\/wp-json\/wp\/v2\/product"}],"about":[{"href":"https:\/\/www.chocolate7.com\/en\/wp-json\/wp\/v2\/types\/product"}],"wp:featuredmedia":[{"embeddable":true,"href":"https:\/\/www.chocolate7.com\/en\/wp-json\/wp\/v2\/media\/35954"}],"wp:attachment":[{"href":"https:\/\/www.chocolate7.com\/en\/wp-json\/wp\/v2\/media?parent=35952"}],"wp:term":[{"taxonomy":"pwb-brand","embeddable":true,"href":"https:\/\/www.chocolate7.com\/en\/wp-json\/wp\/v2\/pwb-brand?post=35952"},{"taxonomy":"product_brand","embeddable":true,"href":"https:\/\/www.chocolate7.com\/en\/wp-json\/wp\/v2\/product_brand?post=35952"},{"taxonomy":"product_cat","embeddable":true,"href":"https:\/\/www.chocolate7.com\/en\/wp-json\/wp\/v2\/product_cat?post=35952"},{"taxonomy":"product_tag","embeddable":true,"href":"https:\/\/www.chocolate7.com\/en\/wp-json\/wp\/v2\/product_tag?post=35952"},{"taxonomy":"giftcard-category","embeddable":true,"href":"https:\/\/www.chocolate7.com\/en\/wp-json\/wp\/v2\/giftcard-category?post=35952"}],"curies":[{"name":"wp","href":"https:\/\/api.w.org\/{rel}","templated":true}]}}